{"id":3450,"date":"2018-10-04T16:33:57","date_gmt":"2018-10-04T14:33:57","guid":{"rendered":"https:\/\/www.veltec.eu\/contact-2\/"},"modified":"2026-05-06T10:42:25","modified_gmt":"2026-05-06T08:42:25","slug":"contacte-con","status":"publish","type":"page","link":"https:\/\/www.veltec.eu\/es\/contacte-con\/","title":{"rendered":"Contacte con"},"content":{"rendered":"<div  class='flex_column av-av_one_half-4236371e50272b4ec399280bbf76d6bf av_one_half  avia-builder-el-0  el_before_av_one_half  avia-builder-el-first  first flex_column_div  '     ><p><section  class='av_textblock_section av-kx6epvou-0e121f938a259f78e741fdd47c19f58f '   itemscope=\"itemscope\" itemtype=\"https:\/\/schema.org\/CreativeWork\" ><div class='avia_textblock'  itemprop=\"text\" ><p>Veltec es un importante proveedor de la gama m\u00e1s alta de aspiradoras y accesorios Kirby. Hemos estado suministrando\u00a0<a href=\"https:\/\/www.veltec.eu\/es\/aspiradora-kirby\/\">aspiradoras Kirby<\/a> para particulares y empresas durante m\u00e1s de 25 a\u00f1os. La <a href=\"https:\/\/www.veltec.eu\/es\/tienda-kirby\/\">tienda virtual de aspiradoras Kirby<\/a> da servicio a todas las aspiradoras y accesorios Kirby originales y revisados. La tienda virtual de aspiradoras Kirby tiene en existencias m\u00e1s de 180 productos originales para aspiradoras. Por consiguiente. Las bolsas para aspiradoras Kirby. Las aspiradoras profesionales Kirby. Y las piezas de repuesto originales Kirby nunca estar\u00e1n a m\u00e1s de unos pocos clics. Como servicio adicional, le ofrecemos los v\u00eddeos de instrucciones de aspiradoras Veltec Kirby m\u00e1s \u00fatiles. Todos los productos son f\u00e1ciles de comprar en la tienda virtual Kirby. Si pide su producto Kirby hoy,. Se le entregar\u00e1 en un plazo de 3 d\u00edas laborables.<\/p>\n<\/div><\/section><br \/>\n<section  class='av_textblock_section av-kxg3cxi6-61902ef10ff8a727e1c3f56f8029ab54 '   itemscope=\"itemscope\" itemtype=\"https:\/\/schema.org\/CreativeWork\" ><div class='avia_textblock'  itemprop=\"text\" ><h4>Aspiradoras<\/h4>\n<\/div><\/section><br \/>\n<section  class='av_textblock_section av-kx6eqaez-1ac4a23bca2019af025563b51e90bc82 '   itemscope=\"itemscope\" itemtype=\"https:\/\/schema.org\/CreativeWork\" ><div class='avia_textblock'  itemprop=\"text\" ><p>Adem\u00e1s de las aspiradoras Kirby, tambi\u00e9n suministramos una amplia variedad de otros electrodom\u00e9sticos. Como sistemas de limpieza Montiss y Kirby. La l\u00ednea de productos Kirby y Veltec ofrece una amplia gama de equipos de limpieza innovadores e inteligentes. El equipo de limpieza de alta gama de Kirby contiene una amplia l\u00ednea de productos de vaporetas Veltec y aspiradoras Kirby. Hemos probado todos los equipos por adelantado para asegurarnos de que todos los productos Kirby y Veltec cumplen las normas m\u00e1s estrictas de Veltec. Al llevar a cabo estas pruebas de calidad, hemos hecho una selecci\u00f3n de los mejores sistemas de limpieza Kirby y Veltec, aspiradoras Kirby y accesorios Kirby. Todos los productos que se muestran en la tienda virtual son de gran calidad y ofrecen la mejor relaci\u00f3n calidad-precio.<\/p>\n<\/div><\/section><\/p><\/div><div  class='flex_column av-av_one_half-d9d4235c4dc5477e29570d3b99e2b500 av_one_half  avia-builder-el-4  el_after_av_one_half  el_before_av_textblock  flex_column_div  '     ><\/div><\/p>\n<section  class='av_textblock_section av-kx6eqjnp-5369c209178557028e79c89556dfc8fb '   itemscope=\"itemscope\" itemtype=\"https:\/\/schema.org\/CreativeWork\" ><div class='avia_textblock'  itemprop=\"text\" ><h4>Kirby<\/h4>\n<\/div><\/section>\n<section  class='av_textblock_section av-kx6eqxtb-6f604ebffded4b4093e01496c4f07a8a '   itemscope=\"itemscope\" itemtype=\"https:\/\/schema.org\/CreativeWork\" ><div class='avia_textblock'  itemprop=\"text\" ><p>Kirby se fund\u00f3 el a\u00f1o 1914. Desde esa \u00e9poca,\u00a0las aspiradoras Kirby\u00a0se consideran que son muy fiables y que tienen una estupenda relaci\u00f3n calidad-precio. El tiempo ha demostrado que el buen mantenimiento de la aspiradora Kirby mantendr\u00e1 en unas condiciones \u00f3ptimas su Kirby durante mucho tiempo. Por desgracia, se pueden producir da\u00f1os por desgaste debido al uso frecuente, lo que es m\u00e1s o menos inevitable. Por suerte, tenemos todas las piezas de repuesto para las aspiradoras Kirby que uno pueda necesitar para que la aspiradora Kirby siga funcionando a la perfecci\u00f3n. Motores Kirby completos, hojas de rotor, pedales, cables el\u00e9ctricos e incluso los tornillos Kirby m\u00e1s peque\u00f1os: tenemos en existencias todas las mejores piezas. En la tienda virtual de aspiradoras Kirby encontrar\u00e1 todas las aspiradoras originales y revisadas Kirby,\u00a0bolsas de aspiradora\u00a0y accesorios en unos pocos clics.<\/p>\n<p>Contacte con.<\/p>\n<\/div><\/section>\n<section  class='av_textblock_section av-kxhqn4bd-ead5c6ad3ff7cebfd12f22e3cd584e28 '   itemscope=\"itemscope\" itemtype=\"https:\/\/schema.org\/CreativeWork\" ><div class='avia_textblock'  itemprop=\"text\" >\n<style type=\"text\/css\" data-created_by=\"avia_inline_auto\" id=\"style-css-av-6u01i-294e84c5e5ccbb05371eb2d59b098352\">\n#top .hr.hr-invisible.av-6u01i-294e84c5e5ccbb05371eb2d59b098352{\nheight:50px;\n}\n<\/style>\n<div  class='hr av-6u01i-294e84c5e5ccbb05371eb2d59b098352 hr-invisible  avia-builder-el-9  avia-builder-el-no-sibling '><span class='hr-inner '><span class=\"hr-inner-style\"><\/span><\/span><\/div>\n<div class=\"trustpilot-widget\" data-locale=\"es-ES\" data-template-id=\"5613c9cde69ddc09340c6beb\" data-businessunit-id=\"4e1b158d00006400051028e4\" data-style-height=\"100%\" data-style-width=\"100%\" data-theme=\"light\"><a href=\"https:\/\/es.trustpilot.com\/review\/www.veltec.eu\" target=\"_blank\" rel=\"noopener\"><img decoding=\"async\" class=\"aligncenter wp-image-55260 size-full\" src=\"https:\/\/www.veltec.eu\/wp-content\/uploads\/2023\/12\/ES.jpg\" alt=\"\" width=\"700\" height=\"67\" srcset=\"https:\/\/www.veltec.eu\/wp-content\/uploads\/2023\/12\/ES.jpg 700w, https:\/\/www.veltec.eu\/wp-content\/uploads\/2023\/12\/ES-300x29.jpg 300w, https:\/\/www.veltec.eu\/wp-content\/uploads\/2023\/12\/ES-450x43.jpg 450w, https:\/\/www.veltec.eu\/wp-content\/uploads\/2023\/12\/ES-600x57.jpg 600w, https:\/\/www.veltec.eu\/wp-content\/uploads\/2023\/12\/ES-190x18.jpg 190w\" sizes=\"(max-width: 700px) 100vw, 700px\" \/><\/a><\/div>\n<p><!-- End TrustBox widget --><\/p>\n<\/div><\/section>\n","protected":false},"excerpt":{"rendered":"","protected":false},"author":1,"featured_media":0,"parent":0,"menu_order":0,"comment_status":"closed","ping_status":"closed","template":"template-contact.php","meta":{"_acf_changed":false,"footnotes":""},"class_list":["post-3450","page","type-page","status-publish","hentry"],"acf":[],"yoast_head":"<!-- This site is optimized with the Yoast SEO Premium plugin v27.1 (Yoast SEO v27.5) - https:\/\/yoast.com\/product\/yoast-seo-premium-wordpress\/ -->\n<title>Contacte con - Veltec Kirby specialist<\/title>\n<meta name=\"description\" content=\"Contacte con. Veltec es desde hace m\u00e1s de 20 a\u00f1os proveedor de aspiradoras Kirby y es su especialista de confianza en el servicio Kirby.\" \/>\n<meta name=\"robots\" content=\"index, follow, max-snippet:-1, max-image-preview:large, max-video-preview:-1\" \/>\n<link rel=\"canonical\" href=\"https:\/\/www.veltec.eu\/es\/contacte-con\/\" \/>\n<meta property=\"og:locale\" content=\"es_ES\" \/>\n<meta property=\"og:type\" content=\"article\" \/>\n<meta property=\"og:title\" content=\"Contacte con\" \/>\n<meta property=\"og:url\" content=\"https:\/\/www.veltec.eu\/es\/contacte-con\/\" \/>\n<meta property=\"og:site_name\" content=\"Veltec Kirby specialist\" \/>\n<meta property=\"article:publisher\" content=\"https:\/\/www.facebook.com\/Veltec-Kirby-Specialist-236746293374877\/\" \/>\n<meta property=\"article:modified_time\" content=\"2026-05-06T08:42:25+00:00\" \/>\n<meta property=\"og:image\" content=\"https:\/\/www.veltec.eu\/wp-content\/uploads\/2023\/12\/ES.jpg\" \/>\n\t<meta property=\"og:image:width\" content=\"700\" \/>\n\t<meta property=\"og:image:height\" content=\"67\" \/>\n\t<meta property=\"og:image:type\" content=\"image\/jpeg\" \/>\n<meta name=\"twitter:card\" content=\"summary_large_image\" \/>\n<meta name=\"twitter:label1\" content=\"Tiempo de lectura\" \/>\n\t<meta name=\"twitter:data1\" content=\"3 minutos\" \/>\n<script type=\"application\/ld+json\" class=\"yoast-schema-graph\">{\"@context\":\"https:\\\/\\\/schema.org\",\"@graph\":[{\"@type\":\"WebPage\",\"@id\":\"https:\\\/\\\/www.veltec.eu\\\/es\\\/contacte-con\\\/\",\"url\":\"https:\\\/\\\/www.veltec.eu\\\/es\\\/contacte-con\\\/\",\"name\":\"Contacte con - Veltec Kirby specialist\",\"isPartOf\":{\"@id\":\"https:\\\/\\\/www.veltec.eu\\\/en\\\/#website\"},\"primaryImageOfPage\":{\"@id\":\"https:\\\/\\\/www.veltec.eu\\\/es\\\/contacte-con\\\/#primaryimage\"},\"image\":{\"@id\":\"https:\\\/\\\/www.veltec.eu\\\/es\\\/contacte-con\\\/#primaryimage\"},\"thumbnailUrl\":\"https:\\\/\\\/www.veltec.eu\\\/wp-content\\\/uploads\\\/2023\\\/12\\\/ES.jpg\",\"datePublished\":\"2018-10-04T14:33:57+00:00\",\"dateModified\":\"2026-05-06T08:42:25+00:00\",\"description\":\"Contacte con. Veltec es desde hace m\u00e1s de 20 a\u00f1os proveedor de aspiradoras Kirby y es su especialista de confianza en el servicio Kirby.\",\"breadcrumb\":{\"@id\":\"https:\\\/\\\/www.veltec.eu\\\/es\\\/contacte-con\\\/#breadcrumb\"},\"inLanguage\":\"es\",\"potentialAction\":[{\"@type\":\"ReadAction\",\"target\":[\"https:\\\/\\\/www.veltec.eu\\\/es\\\/contacte-con\\\/\"]}]},{\"@type\":\"ImageObject\",\"inLanguage\":\"es\",\"@id\":\"https:\\\/\\\/www.veltec.eu\\\/es\\\/contacte-con\\\/#primaryimage\",\"url\":\"https:\\\/\\\/www.veltec.eu\\\/wp-content\\\/uploads\\\/2023\\\/12\\\/ES.jpg\",\"contentUrl\":\"https:\\\/\\\/www.veltec.eu\\\/wp-content\\\/uploads\\\/2023\\\/12\\\/ES.jpg\"},{\"@type\":\"BreadcrumbList\",\"@id\":\"https:\\\/\\\/www.veltec.eu\\\/es\\\/contacte-con\\\/#breadcrumb\",\"itemListElement\":[{\"@type\":\"ListItem\",\"position\":1,\"name\":\"Home\",\"item\":\"https:\\\/\\\/www.veltec.eu\\\/es\\\/pagina-de-inicio\\\/\"},{\"@type\":\"ListItem\",\"position\":2,\"name\":\"Contacte con\"}]},{\"@type\":\"WebSite\",\"@id\":\"https:\\\/\\\/www.veltec.eu\\\/en\\\/#website\",\"url\":\"https:\\\/\\\/www.veltec.eu\\\/en\\\/\",\"name\":\"Veltec Kirby specialist\",\"description\":\"Kirby stofzuiger producten\",\"publisher\":{\"@id\":\"https:\\\/\\\/www.veltec.eu\\\/en\\\/#organization\"},\"potentialAction\":[{\"@type\":\"SearchAction\",\"target\":{\"@type\":\"EntryPoint\",\"urlTemplate\":\"https:\\\/\\\/www.veltec.eu\\\/en\\\/?s={search_term_string}\"},\"query-input\":{\"@type\":\"PropertyValueSpecification\",\"valueRequired\":true,\"valueName\":\"search_term_string\"}}],\"inLanguage\":\"es\"},{\"@type\":\"Organization\",\"@id\":\"https:\\\/\\\/www.veltec.eu\\\/en\\\/#organization\",\"name\":\"Veltec Kirby Specialist\",\"url\":\"https:\\\/\\\/www.veltec.eu\\\/en\\\/\",\"logo\":{\"@type\":\"ImageObject\",\"inLanguage\":\"es\",\"@id\":\"https:\\\/\\\/www.veltec.eu\\\/en\\\/#\\\/schema\\\/logo\\\/image\\\/\",\"url\":\"https:\\\/\\\/www.veltec.eu\\\/wp-content\\\/uploads\\\/2021\\\/12\\\/Veltec-log-groot-e1537260889125.png\",\"contentUrl\":\"https:\\\/\\\/www.veltec.eu\\\/wp-content\\\/uploads\\\/2021\\\/12\\\/Veltec-log-groot-e1537260889125.png\",\"width\":200,\"height\":60,\"caption\":\"Veltec Kirby Specialist\"},\"image\":{\"@id\":\"https:\\\/\\\/www.veltec.eu\\\/en\\\/#\\\/schema\\\/logo\\\/image\\\/\"},\"sameAs\":[\"https:\\\/\\\/www.facebook.com\\\/Veltec-Kirby-Specialist-236746293374877\\\/\",\"https:\\\/\\\/www.youtube.com\\\/user\\\/VeltecService\"]}]}<\/script>\n<!-- \/ Yoast SEO Premium plugin. -->","yoast_head_json":{"title":"Contacte con - Veltec Kirby specialist","description":"Contacte con. Veltec es desde hace m\u00e1s de 20 a\u00f1os proveedor de aspiradoras Kirby y es su especialista de confianza en el servicio Kirby.","robots":{"index":"index","follow":"follow","max-snippet":"max-snippet:-1","max-image-preview":"max-image-preview:large","max-video-preview":"max-video-preview:-1"},"canonical":"https:\/\/www.veltec.eu\/es\/contacte-con\/","og_locale":"es_ES","og_type":"article","og_title":"Contacte con","og_url":"https:\/\/www.veltec.eu\/es\/contacte-con\/","og_site_name":"Veltec Kirby specialist","article_publisher":"https:\/\/www.facebook.com\/Veltec-Kirby-Specialist-236746293374877\/","article_modified_time":"2026-05-06T08:42:25+00:00","og_image":[{"width":700,"height":67,"url":"https:\/\/www.veltec.eu\/wp-content\/uploads\/2023\/12\/ES.jpg","type":"image\/jpeg"}],"twitter_card":"summary_large_image","twitter_misc":{"Tiempo de lectura":"3 minutos"},"schema":{"@context":"https:\/\/schema.org","@graph":[{"@type":"WebPage","@id":"https:\/\/www.veltec.eu\/es\/contacte-con\/","url":"https:\/\/www.veltec.eu\/es\/contacte-con\/","name":"Contacte con - Veltec Kirby specialist","isPartOf":{"@id":"https:\/\/www.veltec.eu\/en\/#website"},"primaryImageOfPage":{"@id":"https:\/\/www.veltec.eu\/es\/contacte-con\/#primaryimage"},"image":{"@id":"https:\/\/www.veltec.eu\/es\/contacte-con\/#primaryimage"},"thumbnailUrl":"https:\/\/www.veltec.eu\/wp-content\/uploads\/2023\/12\/ES.jpg","datePublished":"2018-10-04T14:33:57+00:00","dateModified":"2026-05-06T08:42:25+00:00","description":"Contacte con. Veltec es desde hace m\u00e1s de 20 a\u00f1os proveedor de aspiradoras Kirby y es su especialista de confianza en el servicio Kirby.","breadcrumb":{"@id":"https:\/\/www.veltec.eu\/es\/contacte-con\/#breadcrumb"},"inLanguage":"es","potentialAction":[{"@type":"ReadAction","target":["https:\/\/www.veltec.eu\/es\/contacte-con\/"]}]},{"@type":"ImageObject","inLanguage":"es","@id":"https:\/\/www.veltec.eu\/es\/contacte-con\/#primaryimage","url":"https:\/\/www.veltec.eu\/wp-content\/uploads\/2023\/12\/ES.jpg","contentUrl":"https:\/\/www.veltec.eu\/wp-content\/uploads\/2023\/12\/ES.jpg"},{"@type":"BreadcrumbList","@id":"https:\/\/www.veltec.eu\/es\/contacte-con\/#breadcrumb","itemListElement":[{"@type":"ListItem","position":1,"name":"Home","item":"https:\/\/www.veltec.eu\/es\/pagina-de-inicio\/"},{"@type":"ListItem","position":2,"name":"Contacte con"}]},{"@type":"WebSite","@id":"https:\/\/www.veltec.eu\/en\/#website","url":"https:\/\/www.veltec.eu\/en\/","name":"Veltec Kirby specialist","description":"Kirby stofzuiger producten","publisher":{"@id":"https:\/\/www.veltec.eu\/en\/#organization"},"potentialAction":[{"@type":"SearchAction","target":{"@type":"EntryPoint","urlTemplate":"https:\/\/www.veltec.eu\/en\/?s={search_term_string}"},"query-input":{"@type":"PropertyValueSpecification","valueRequired":true,"valueName":"search_term_string"}}],"inLanguage":"es"},{"@type":"Organization","@id":"https:\/\/www.veltec.eu\/en\/#organization","name":"Veltec Kirby Specialist","url":"https:\/\/www.veltec.eu\/en\/","logo":{"@type":"ImageObject","inLanguage":"es","@id":"https:\/\/www.veltec.eu\/en\/#\/schema\/logo\/image\/","url":"https:\/\/www.veltec.eu\/wp-content\/uploads\/2021\/12\/Veltec-log-groot-e1537260889125.png","contentUrl":"https:\/\/www.veltec.eu\/wp-content\/uploads\/2021\/12\/Veltec-log-groot-e1537260889125.png","width":200,"height":60,"caption":"Veltec Kirby Specialist"},"image":{"@id":"https:\/\/www.veltec.eu\/en\/#\/schema\/logo\/image\/"},"sameAs":["https:\/\/www.facebook.com\/Veltec-Kirby-Specialist-236746293374877\/","https:\/\/www.youtube.com\/user\/VeltecService"]}]}},"_links":{"self":[{"href":"https:\/\/www.veltec.eu\/es\/wp-json\/wp\/v2\/pages\/3450","targetHints":{"allow":["GET"]}}],"collection":[{"href":"https:\/\/www.veltec.eu\/es\/wp-json\/wp\/v2\/pages"}],"about":[{"href":"https:\/\/www.veltec.eu\/es\/wp-json\/wp\/v2\/types\/page"}],"author":[{"embeddable":true,"href":"https:\/\/www.veltec.eu\/es\/wp-json\/wp\/v2\/users\/1"}],"replies":[{"embeddable":true,"href":"https:\/\/www.veltec.eu\/es\/wp-json\/wp\/v2\/comments?post=3450"}],"version-history":[{"count":10,"href":"https:\/\/www.veltec.eu\/es\/wp-json\/wp\/v2\/pages\/3450\/revisions"}],"predecessor-version":[{"id":92510,"href":"https:\/\/www.veltec.eu\/es\/wp-json\/wp\/v2\/pages\/3450\/revisions\/92510"}],"wp:attachment":[{"href":"https:\/\/www.veltec.eu\/es\/wp-json\/wp\/v2\/media?parent=3450"}],"curies":[{"name":"wp","href":"https:\/\/api.w.org\/{rel}","templated":true}]}}