{"id":91542,"date":"2026-04-28T10:33:40","date_gmt":"2026-04-28T08:33:40","guid":{"rendered":"https:\/\/www.veltec.eu\/product\/kirby-buerstenrollen-bodenreinigungssystem\/"},"modified":"2026-04-28T11:53:33","modified_gmt":"2026-04-28T09:53:33","slug":"kirby-burstenrollen-bodenreinigungssystem","status":"publish","type":"product","link":"https:\/\/www.veltec.eu\/de\/product\/kirby-burstenrollen-bodenreinigungssystem\/","title":{"rendered":"Kirby B\u00fcrstenrollen-Bodenreinigungssystem"},"content":{"rendered":"<h1>Kirby B\u00fcrstenrollen-Bodenreinigungssystem<\/h1>\n<p>Das <strong>Kirby B\u00fcrstenrollen-Bodenreinigungssystem<\/strong> ist eine originale Shampoo-B\u00fcrstenrolle, die speziell f\u00fcr die intensive Boden- und Teppichreinigung in Kombination mit dem Kirby Multi-Bodenreinigungssystem entwickelt wurde. Dadurch profitieren Sie von einer kraftvollen und gleichm\u00e4\u00dfigen Reinigung, w\u00e4hrend zudem Ihr Bodenbelag optimal gepflegt wird.<\/p>\n<h2>Original Kirby B\u00fcrstenrolle<\/h2>\n<p>Diese <strong>B\u00fcrstenrolle<\/strong> ist auch als Kirby Rug Renovator B\u00fcrstenrolle und Kirby Teppich-Shampoosystem-B\u00fcrstenrolle bekannt. Dar\u00fcber hinaus ist es wichtig, ausschlie\u00dflich ein Originalprodukt zu verwenden, da dies die Leistung und Lebensdauer Ihrer Maschine gew\u00e4hrleistet. Au\u00dferdem sorgt die Konstruktion f\u00fcr eine effektive Aufnahme und Verteilung des Shampoos w\u00e4hrend der Reinigung.<\/p>\n<p><a href=\"https:\/\/www.veltec.eu\/nl\/kirby-borstels-en-toebehoren\/\">Hier finden Sie alle originalen Kirby B\u00fcrsten<\/a><\/p>\n<h3>Kompatibilit\u00e4t B\u00fcrstenrollen-Bodenreinigungssystem<\/h3>\n<p>Die <strong>B\u00fcrstenrolle<\/strong> ist ausschlie\u00dflich mit Kirby Multi-Bodenreinigungssystemen kompatibel. Allerdings ist diese B\u00fcrstenrolle nicht f\u00fcr \u00e4ltere Shampoosysteme geeignet, da die Endkappen rund ausgef\u00fchrt sind. Dadurch entsteht eine perfekte Passform bei kompatiblen Modellen, w\u00e4hrend eine Inkompatibilit\u00e4t mit \u00e4lteren Systemen ausgeschlossen wird. Geeignet unter anderem f\u00fcr: Avalir Platinum, Avalir 2, Avalir 1, Sentria 2 (G10D), Sentria 1 (G10), Ultimate G Diamond Edition (G7D oder DE), Ultimate G (G7 oder UG), Generation 6 (G6), Generation 5 (G5), Generation 4 (G4) und Generation 3 (G3).<\/p>\n<h2><img decoding=\"async\" class=\"alignnone wp-image-91473 size-full\" src=\"https:\/\/www.veltec.eu\/wp-content\/uploads\/2026\/04\/Kirby-borstelrolgoed-1-1.jpg\" alt=\"Kirby B\u00fcrstenrollen-Bodenreinigungssystem\" width=\"748\" height=\"228\" srcset=\"https:\/\/www.veltec.eu\/wp-content\/uploads\/2026\/04\/Kirby-borstelrolgoed-1-1.jpg 748w, https:\/\/www.veltec.eu\/wp-content\/uploads\/2026\/04\/Kirby-borstelrolgoed-1-1-300x91.jpg 300w, https:\/\/www.veltec.eu\/wp-content\/uploads\/2026\/04\/Kirby-borstelrolgoed-1-1-705x215.jpg 705w, https:\/\/www.veltec.eu\/wp-content\/uploads\/2026\/04\/Kirby-borstelrolgoed-1-1-450x137.jpg 450w, https:\/\/www.veltec.eu\/wp-content\/uploads\/2026\/04\/Kirby-borstelrolgoed-1-1-600x183.jpg 600w\" sizes=\"(max-width: 748px) 100vw, 748px\" \/><br \/>\nAnwendung und Wartung des Kirby B\u00fcrstenrollen-Bodenreinigungssystems<\/h2>\n<p>W\u00e4hrend des Gebrauchs erzielt die <strong>B\u00fcrstenrolle<\/strong> einen tiefenreinigenden Effekt, wodurch Schmutz und R\u00fcckst\u00e4nde effektiv aus den Teppichfasern gel\u00f6st werden. Dar\u00fcber hinaus ist eine korrekte Wartung entscheidend, um die Lebensdauer zu verl\u00e4ngern und die Leistung zu erhalten.<\/p>\n<h3>Pflegehinweise f\u00fcr die Kirby B\u00fcrstenrolle<\/h3>\n<p>Nach dem Waschen der B\u00fcrstenrolle sollte diese zun\u00e4chst wieder korrekt montiert werden. Anschlie\u00dfend lassen Sie den Kirby etwa 10\u201330 Sekunden mit angehobenem Tray laufen, damit die B\u00fcrste gut trocknet und zudem die Korrosion der Lager reduziert wird. Die B\u00fcrstenrolle darf jedoch niemals in Wasser eingeweicht werden, da dies Sch\u00e4den verursachen und die Funktion beeintr\u00e4chtigen kann.<\/p>\n","protected":false},"excerpt":{"rendered":"<p>Kirby B\u00fcrstenrollen-Bodenreinigungssystem \u2013 Originale Shampoo-B\u00fcrstenrolle f\u00fcr das Kirby Multi-Bodenreinigungssystem<\/p>\n","protected":false},"featured_media":91461,"comment_status":"open","ping_status":"closed","template":"","meta":[],"product_brand":[],"product_cat":[339,312],"product_tag":[],"class_list":{"0":"post-91542","1":"product","2":"type-product","3":"status-publish","4":"has-post-thumbnail","6":"product_cat-kirby-bursten-und-zubehor","7":"product_cat-kirby-shampoosystem","9":"first","10":"instock","11":"taxable","12":"shipping-taxable","13":"purchasable","14":"product-type-simple"},"yoast_head":"<!-- This site is optimized with the Yoast SEO Premium plugin v27.1 (Yoast SEO v27.4) - https:\/\/yoast.com\/product\/yoast-seo-premium-wordpress\/ -->\n<title>Kirby B\u00fcrstenrollen-Bodenreinigungssystem - Veltec Kirby specialist<\/title>\n<meta name=\"description\" content=\"Kirby B\u00fcrstenrollen-Bodenreinigungssystem \u2013 Originale Shampoo-B\u00fcrstenrolle f\u00fcr das Kirby Multi-Bodenreinigungssystem. Veltec Kirby Spezialist\" \/>\n<meta name=\"robots\" content=\"index, follow, max-snippet:-1, max-image-preview:large, max-video-preview:-1\" \/>\n<link rel=\"canonical\" href=\"https:\/\/www.veltec.eu\/nl\/product\/kirby-borstelrol-vloerreinigingssysteem\/\" \/>\n<meta property=\"og:locale\" content=\"de_DE\" \/>\n<meta property=\"og:type\" content=\"article\" \/>\n<meta property=\"og:title\" content=\"Kirby B\u00fcrstenrollen-Bodenreinigungssystem\" \/>\n<meta property=\"og:description\" content=\"Kirby B\u00fcrstenrollen-Bodenreinigungssystem \u2013 Originale Shampoo-B\u00fcrstenrolle f\u00fcr das Kirby Multi-Bodenreinigungssystem\" \/>\n<meta property=\"og:url\" content=\"https:\/\/www.veltec.eu\/nl\/product\/kirby-borstelrol-vloerreinigingssysteem\/\" \/>\n<meta property=\"og:site_name\" content=\"Veltec Kirby specialist\" \/>\n<meta property=\"article:publisher\" content=\"https:\/\/www.facebook.com\/Veltec-Kirby-Specialist-236746293374877\/\" \/>\n<meta property=\"article:modified_time\" content=\"2026-04-28T09:53:33+00:00\" \/>\n<meta property=\"og:image\" content=\"https:\/\/www.veltec.eu\/wp-content\/uploads\/2026\/04\/Kirby-shampoo-borstel.Avalir.jpg\" \/>\n\t<meta property=\"og:image:width\" content=\"600\" \/>\n\t<meta property=\"og:image:height\" content=\"600\" \/>\n\t<meta property=\"og:image:type\" content=\"image\/jpeg\" \/>\n<meta name=\"twitter:card\" content=\"summary_large_image\" \/>\n<meta name=\"twitter:label1\" content=\"Gesch\u00e4tzte Lesezeit\" \/>\n\t<meta name=\"twitter:data1\" content=\"2\u00a0Minuten\" \/>\n<script type=\"application\/ld+json\" class=\"yoast-schema-graph\">{\"@context\":\"https:\\\/\\\/schema.org\",\"@graph\":[{\"@type\":\"WebPage\",\"@id\":\"https:\\\/\\\/www.veltec.eu\\\/nl\\\/product\\\/kirby-borstelrol-vloerreinigingssysteem\\\/\",\"url\":\"https:\\\/\\\/www.veltec.eu\\\/nl\\\/product\\\/kirby-borstelrol-vloerreinigingssysteem\\\/\",\"name\":\"Kirby B\u00fcrstenrollen-Bodenreinigungssystem - Veltec Kirby specialist\",\"isPartOf\":{\"@id\":\"https:\\\/\\\/www.veltec.eu\\\/en\\\/#website\"},\"primaryImageOfPage\":{\"@id\":\"https:\\\/\\\/www.veltec.eu\\\/nl\\\/product\\\/kirby-borstelrol-vloerreinigingssysteem\\\/#primaryimage\"},\"image\":{\"@id\":\"https:\\\/\\\/www.veltec.eu\\\/nl\\\/product\\\/kirby-borstelrol-vloerreinigingssysteem\\\/#primaryimage\"},\"thumbnailUrl\":\"https:\\\/\\\/www.veltec.eu\\\/wp-content\\\/uploads\\\/2026\\\/04\\\/Kirby-shampoo-borstel.Avalir.jpg\",\"datePublished\":\"2026-04-28T08:33:40+00:00\",\"dateModified\":\"2026-04-28T09:53:33+00:00\",\"description\":\"Kirby B\u00fcrstenrollen-Bodenreinigungssystem \u2013 Originale Shampoo-B\u00fcrstenrolle f\u00fcr das Kirby Multi-Bodenreinigungssystem. Veltec Kirby Spezialist\",\"breadcrumb\":{\"@id\":\"https:\\\/\\\/www.veltec.eu\\\/nl\\\/product\\\/kirby-borstelrol-vloerreinigingssysteem\\\/#breadcrumb\"},\"inLanguage\":\"de\",\"potentialAction\":[{\"@type\":\"ReadAction\",\"target\":[\"https:\\\/\\\/www.veltec.eu\\\/nl\\\/product\\\/kirby-borstelrol-vloerreinigingssysteem\\\/\"]}]},{\"@type\":\"ImageObject\",\"inLanguage\":\"de\",\"@id\":\"https:\\\/\\\/www.veltec.eu\\\/nl\\\/product\\\/kirby-borstelrol-vloerreinigingssysteem\\\/#primaryimage\",\"url\":\"https:\\\/\\\/www.veltec.eu\\\/wp-content\\\/uploads\\\/2026\\\/04\\\/Kirby-shampoo-borstel.Avalir.jpg\",\"contentUrl\":\"https:\\\/\\\/www.veltec.eu\\\/wp-content\\\/uploads\\\/2026\\\/04\\\/Kirby-shampoo-borstel.Avalir.jpg\",\"width\":600,\"height\":600},{\"@type\":\"BreadcrumbList\",\"@id\":\"https:\\\/\\\/www.veltec.eu\\\/nl\\\/product\\\/kirby-borstelrol-vloerreinigingssysteem\\\/#breadcrumb\",\"itemListElement\":[{\"@type\":\"ListItem\",\"position\":1,\"name\":\"Home\",\"item\":\"https:\\\/\\\/www.veltec.eu\\\/de\\\/\"},{\"@type\":\"ListItem\",\"position\":2,\"name\":\"Produits\",\"item\":\"https:\\\/\\\/www.veltec.eu\\\/fr\\\/shop\\\/\"},{\"@type\":\"ListItem\",\"position\":3,\"name\":\"Kirby B\u00fcrstenrollen-Bodenreinigungssystem\"}]},{\"@type\":\"WebSite\",\"@id\":\"https:\\\/\\\/www.veltec.eu\\\/en\\\/#website\",\"url\":\"https:\\\/\\\/www.veltec.eu\\\/en\\\/\",\"name\":\"Veltec Kirby specialist\",\"description\":\"Kirby stofzuiger producten\",\"publisher\":{\"@id\":\"https:\\\/\\\/www.veltec.eu\\\/en\\\/#organization\"},\"potentialAction\":[{\"@type\":\"SearchAction\",\"target\":{\"@type\":\"EntryPoint\",\"urlTemplate\":\"https:\\\/\\\/www.veltec.eu\\\/en\\\/?s={search_term_string}\"},\"query-input\":{\"@type\":\"PropertyValueSpecification\",\"valueRequired\":true,\"valueName\":\"search_term_string\"}}],\"inLanguage\":\"de\"},{\"@type\":\"Organization\",\"@id\":\"https:\\\/\\\/www.veltec.eu\\\/en\\\/#organization\",\"name\":\"Veltec Kirby Specialist\",\"url\":\"https:\\\/\\\/www.veltec.eu\\\/en\\\/\",\"logo\":{\"@type\":\"ImageObject\",\"inLanguage\":\"de\",\"@id\":\"https:\\\/\\\/www.veltec.eu\\\/en\\\/#\\\/schema\\\/logo\\\/image\\\/\",\"url\":\"https:\\\/\\\/www.veltec.eu\\\/wp-content\\\/uploads\\\/2021\\\/12\\\/Veltec-log-groot-e1537260889125.png\",\"contentUrl\":\"https:\\\/\\\/www.veltec.eu\\\/wp-content\\\/uploads\\\/2021\\\/12\\\/Veltec-log-groot-e1537260889125.png\",\"width\":200,\"height\":60,\"caption\":\"Veltec Kirby Specialist\"},\"image\":{\"@id\":\"https:\\\/\\\/www.veltec.eu\\\/en\\\/#\\\/schema\\\/logo\\\/image\\\/\"},\"sameAs\":[\"https:\\\/\\\/www.facebook.com\\\/Veltec-Kirby-Specialist-236746293374877\\\/\",\"https:\\\/\\\/www.youtube.com\\\/user\\\/VeltecService\"]}]}<\/script>\n<!-- \/ Yoast SEO Premium plugin. -->","yoast_head_json":{"title":"Kirby B\u00fcrstenrollen-Bodenreinigungssystem - Veltec Kirby specialist","description":"Kirby B\u00fcrstenrollen-Bodenreinigungssystem \u2013 Originale Shampoo-B\u00fcrstenrolle f\u00fcr das Kirby Multi-Bodenreinigungssystem. Veltec Kirby Spezialist","robots":{"index":"index","follow":"follow","max-snippet":"max-snippet:-1","max-image-preview":"max-image-preview:large","max-video-preview":"max-video-preview:-1"},"canonical":"https:\/\/www.veltec.eu\/nl\/product\/kirby-borstelrol-vloerreinigingssysteem\/","og_locale":"de_DE","og_type":"article","og_title":"Kirby B\u00fcrstenrollen-Bodenreinigungssystem","og_description":"Kirby B\u00fcrstenrollen-Bodenreinigungssystem \u2013 Originale Shampoo-B\u00fcrstenrolle f\u00fcr das Kirby Multi-Bodenreinigungssystem","og_url":"https:\/\/www.veltec.eu\/nl\/product\/kirby-borstelrol-vloerreinigingssysteem\/","og_site_name":"Veltec Kirby specialist","article_publisher":"https:\/\/www.facebook.com\/Veltec-Kirby-Specialist-236746293374877\/","article_modified_time":"2026-04-28T09:53:33+00:00","og_image":[{"width":600,"height":600,"url":"https:\/\/www.veltec.eu\/wp-content\/uploads\/2026\/04\/Kirby-shampoo-borstel.Avalir.jpg","type":"image\/jpeg"}],"twitter_card":"summary_large_image","twitter_misc":{"Gesch\u00e4tzte Lesezeit":"2\u00a0Minuten"},"schema":{"@context":"https:\/\/schema.org","@graph":[{"@type":"WebPage","@id":"https:\/\/www.veltec.eu\/nl\/product\/kirby-borstelrol-vloerreinigingssysteem\/","url":"https:\/\/www.veltec.eu\/nl\/product\/kirby-borstelrol-vloerreinigingssysteem\/","name":"Kirby B\u00fcrstenrollen-Bodenreinigungssystem - Veltec Kirby specialist","isPartOf":{"@id":"https:\/\/www.veltec.eu\/en\/#website"},"primaryImageOfPage":{"@id":"https:\/\/www.veltec.eu\/nl\/product\/kirby-borstelrol-vloerreinigingssysteem\/#primaryimage"},"image":{"@id":"https:\/\/www.veltec.eu\/nl\/product\/kirby-borstelrol-vloerreinigingssysteem\/#primaryimage"},"thumbnailUrl":"https:\/\/www.veltec.eu\/wp-content\/uploads\/2026\/04\/Kirby-shampoo-borstel.Avalir.jpg","datePublished":"2026-04-28T08:33:40+00:00","dateModified":"2026-04-28T09:53:33+00:00","description":"Kirby B\u00fcrstenrollen-Bodenreinigungssystem \u2013 Originale Shampoo-B\u00fcrstenrolle f\u00fcr das Kirby Multi-Bodenreinigungssystem. Veltec Kirby Spezialist","breadcrumb":{"@id":"https:\/\/www.veltec.eu\/nl\/product\/kirby-borstelrol-vloerreinigingssysteem\/#breadcrumb"},"inLanguage":"de","potentialAction":[{"@type":"ReadAction","target":["https:\/\/www.veltec.eu\/nl\/product\/kirby-borstelrol-vloerreinigingssysteem\/"]}]},{"@type":"ImageObject","inLanguage":"de","@id":"https:\/\/www.veltec.eu\/nl\/product\/kirby-borstelrol-vloerreinigingssysteem\/#primaryimage","url":"https:\/\/www.veltec.eu\/wp-content\/uploads\/2026\/04\/Kirby-shampoo-borstel.Avalir.jpg","contentUrl":"https:\/\/www.veltec.eu\/wp-content\/uploads\/2026\/04\/Kirby-shampoo-borstel.Avalir.jpg","width":600,"height":600},{"@type":"BreadcrumbList","@id":"https:\/\/www.veltec.eu\/nl\/product\/kirby-borstelrol-vloerreinigingssysteem\/#breadcrumb","itemListElement":[{"@type":"ListItem","position":1,"name":"Home","item":"https:\/\/www.veltec.eu\/de\/"},{"@type":"ListItem","position":2,"name":"Produits","item":"https:\/\/www.veltec.eu\/fr\/shop\/"},{"@type":"ListItem","position":3,"name":"Kirby B\u00fcrstenrollen-Bodenreinigungssystem"}]},{"@type":"WebSite","@id":"https:\/\/www.veltec.eu\/en\/#website","url":"https:\/\/www.veltec.eu\/en\/","name":"Veltec Kirby specialist","description":"Kirby stofzuiger producten","publisher":{"@id":"https:\/\/www.veltec.eu\/en\/#organization"},"potentialAction":[{"@type":"SearchAction","target":{"@type":"EntryPoint","urlTemplate":"https:\/\/www.veltec.eu\/en\/?s={search_term_string}"},"query-input":{"@type":"PropertyValueSpecification","valueRequired":true,"valueName":"search_term_string"}}],"inLanguage":"de"},{"@type":"Organization","@id":"https:\/\/www.veltec.eu\/en\/#organization","name":"Veltec Kirby Specialist","url":"https:\/\/www.veltec.eu\/en\/","logo":{"@type":"ImageObject","inLanguage":"de","@id":"https:\/\/www.veltec.eu\/en\/#\/schema\/logo\/image\/","url":"https:\/\/www.veltec.eu\/wp-content\/uploads\/2021\/12\/Veltec-log-groot-e1537260889125.png","contentUrl":"https:\/\/www.veltec.eu\/wp-content\/uploads\/2021\/12\/Veltec-log-groot-e1537260889125.png","width":200,"height":60,"caption":"Veltec Kirby Specialist"},"image":{"@id":"https:\/\/www.veltec.eu\/en\/#\/schema\/logo\/image\/"},"sameAs":["https:\/\/www.facebook.com\/Veltec-Kirby-Specialist-236746293374877\/","https:\/\/www.youtube.com\/user\/VeltecService"]}]}},"_links":{"self":[{"href":"https:\/\/www.veltec.eu\/de\/wp-json\/wp\/v2\/product\/91542","targetHints":{"allow":["GET"]}}],"collection":[{"href":"https:\/\/www.veltec.eu\/de\/wp-json\/wp\/v2\/product"}],"about":[{"href":"https:\/\/www.veltec.eu\/de\/wp-json\/wp\/v2\/types\/product"}],"replies":[{"embeddable":true,"href":"https:\/\/www.veltec.eu\/de\/wp-json\/wp\/v2\/comments?post=91542"}],"wp:featuredmedia":[{"embeddable":true,"href":"https:\/\/www.veltec.eu\/de\/wp-json\/wp\/v2\/media\/91461"}],"wp:attachment":[{"href":"https:\/\/www.veltec.eu\/de\/wp-json\/wp\/v2\/media?parent=91542"}],"wp:term":[{"taxonomy":"product_brand","embeddable":true,"href":"https:\/\/www.veltec.eu\/de\/wp-json\/wp\/v2\/product_brand?post=91542"},{"taxonomy":"product_cat","embeddable":true,"href":"https:\/\/www.veltec.eu\/de\/wp-json\/wp\/v2\/product_cat?post=91542"},{"taxonomy":"product_tag","embeddable":true,"href":"https:\/\/www.veltec.eu\/de\/wp-json\/wp\/v2\/product_tag?post=91542"}],"curies":[{"name":"wp","href":"https:\/\/api.w.org\/{rel}","templated":true}]}}