{"id":79560,"date":"2025-05-26T15:52:42","date_gmt":"2025-05-26T13:52:42","guid":{"rendered":"https:\/\/www.veltec.eu\/product\/1250-kirby-vorfuehrfilter\/"},"modified":"2025-05-27T10:20:14","modified_gmt":"2025-05-27T08:20:14","slug":"1250-kirby-vorfuehrfilter","status":"publish","type":"product","link":"https:\/\/www.veltec.eu\/de\/product\/1250-kirby-vorfuehrfilter\/","title":{"rendered":"1250 Kirby-Vorf\u00fchrfilter"},"content":{"rendered":"<h1>1250 Kirby-Vorf\u00fchrfilter &#8211; F\u00fcr knackige Kirby-Vorf\u00fchrungen<\/h1>\n<p>Haben Sie regelm\u00e4\u00dfig Kirby-Vorf\u00fchrungen oder f\u00fchren Sie eine professionelle Matratzenreinigung durch? Dann wissen Sie, wie wichtig es ist, den Schmutz deutlich sichtbar zu machen. Mit unseren <strong>1250 Kirby-Vorf\u00fchrfilter<\/strong>\u00a0haben Sie einen gro\u00dfen Vorrat an Originalfiltern, mit denen Sie lange Zeit professionelle Vorf\u00fchrungen durchf\u00fchren k\u00f6nnen, ohne Kompromisse bei der Qualit\u00e4t oder dem Luftdurchsatz einzugehen.<\/p>\n<p>Diese Filter sind speziell f\u00fcr die Verwendung in Kombination mit dem Kirby-Vorf\u00fchrschauglas konzipiert und zeigen deutlich, was Ihr Kirby Staubsauger aus Matratzen, B\u00f6den oder Polstern absaugt. Ob Sie Verk\u00e4ufer oder Reinigungsprofi sind: Mit diesen Filtern \u00fcberzeugen Sie jeden Kunden von der Leistungsf\u00e4higkeit von Kirby.<\/p>\n<hr data-start=\"1058\" data-end=\"1061\" \/>\n<h2>Was sind 1250 Kirby-Vorf\u00fchrfilter?<\/h2>\n<h3>Originalfilter f\u00fcr \u00fcberzeugende Pr\u00e4sentationen<\/h3>\n<p>Die 1250 Kirby Vorf\u00fchrfilter sind runde, schwarze Sammelfilter, die in Kombination mit dem Kirby Vorf\u00fchrschauglas verwendet werden. Diese Filter werden ausschlie\u00dflich von uns geliefert und sind dazu bestimmt, angesaugten Schmutz &#8211; wie Staub, Haare und Hautschuppen &#8211; sofort sichtbar zu machen.<\/p>\n<p>Dank ihrer einzigartigen Struktur bleiben die Filter atmungsaktiv, verstopfen bei normalem Gebrauch nicht und erhalten die Saugleistung Ihres Kirby Staubsaugers.<\/p>\n<p>Diese Filter sind unverzichtbar f\u00fcr Vorf\u00fchrungen, bei denen Sie zeigen m\u00f6chten, was sich wirklich in Matratzen und Teppichen verbirgt. Das Ergebnis ist ein visueller Beweis, der bei Kunden und Anwendern sofort Vertrauen erweckt.<\/p>\n<p>Hinweis: Verwenden Sie nur Originalfilter. Alternativen wie Papiert\u00fccher oder Nachahmerprodukte st\u00f6ren den Luftstrom und behindern den Betrieb Ihres Kirbys.<\/p>\n<hr data-start=\"2018\" data-end=\"2021\" \/>\n<h2>Warum eine Rolle mit 1250 Kirby-Vorf\u00fchrfilter w\u00e4hlen?<\/h2>\n<h3>Professionell aufbereitet, immer genug auf Lager<\/h3>\n<p>Wenn Sie das Kirby-Vorf\u00fchrschauglas regelm\u00e4\u00dfig verwenden &#8211; zum Beispiel f\u00fcr die gewerbliche Reinigung oder bei Vorf\u00fchrungen &#8211; ist ein gro\u00dfer Vorrat an Filtern unerl\u00e4sslich. Deshalb bieten wir Ihnen die M\u00f6glichkeit, eine kosteng\u00fcnstige Rolle mit 1250 Kirby-Vorf\u00fchrfiltern zu erwerben.<\/p>\n<p>Die Vorteile dieser Gro\u00dfpackung sind:<\/p>\n<ul>\n<li>Immer gen\u00fcgend Filter f\u00fcr den t\u00e4glichen Gebrauch vorr\u00e4tig<\/li>\n<li>Kostensparend im Vergleich zu kleineren Packungen<\/li>\n<li>Praktische Rollenverpackung f\u00fcr den effizienten Einsatz<\/li>\n<li>Geeignet f\u00fcr den intensiven professionellen Einsatz<\/li>\n<\/ul>\n<p>Au\u00dferdem sind diese Filter sauber aufgerollt, was einen schnellen und hygienischen Filterwechsel bei Vorf\u00fchrungen oder Reinigungsarbeiten erm\u00f6glicht.<\/p>\n<hr data-start=\"2842\" data-end=\"2845\" \/>\n<h2>Verwendung und Installation von Vorf\u00fchrfiltern<\/h2>\n<h3>Schnelles Auswechseln, einfache Vorf\u00fchrung<\/h3>\n<p>Die Verwendung der 1250 Kirby Vorf\u00fchrfilter ist sehr einfach:<\/p>\n<ol>\n<li>Entfernen Sie den normalen Kirby Staubsaugerbeutel.<\/li>\n<li>\u00d6ffnen Sie das Vorf\u00fchrschauglas.<\/li>\n<li>Setzen Sie einen neuen schwarzen Filter in das Schauglas ein.<\/li>\n<li>Bringen Sie das Schauglas an Ihrem Kirby an.<\/li>\n<li>Beginnen Sie zu saugen und beobachten Sie, wie sich der Schmutz im Filter ansammelt.<\/li>\n<\/ol>\n<p>Durch das transparente Geh\u00e4use des Kirby-Schauglases k\u00f6nnen Sie genau sehen, wie sich der Schmutz ansammelt. Dadurch wird die Wirkung des Kirbys sofort sichtbar &#8211; ein besonders wirkungsvolles Verkaufs- oder Kontrollinstrument.<\/p>\n<p>Anschlie\u00dfend nehmen Sie den verbrauchten Filter heraus und ersetzen ihn durch einen neuen. Die alten Filter lassen sich einfach wegwerfen. Dann k\u00f6nnen Sie wieder mit einem sauberen Filter beginnen.<\/p>\n<hr data-start=\"3640\" data-end=\"3643\" \/>\n<h2>Die Bedeutung von Original-Kirby-Filtern<\/h2>\n<h3>W\u00e4hlen Sie Qualit\u00e4t und zuverl\u00e4ssige Leistung<\/h3>\n<p>Original Kirby Vorf\u00fchrfilter sind speziell f\u00fcr eine optimale Leistung konzipiert. Sie garantieren:<\/p>\n<ul>\n<li>Einen konstanten und starken Luftstrom<\/li>\n<li>Gute Sichtbarkeit des Schmutzes<\/li>\n<li>Vermeidung von Verstopfung oder R\u00fcckschlag<\/li>\n<li>L\u00e4ngere Lebensdauer Ihres Kirby Staubsaugers<\/li>\n<\/ul>\n<p>Die ausschlie\u00dfliche Verwendung von Originalfiltern verhindert Sch\u00e4den an Ihrem Staubsauger und garantiert eine optimale Pr\u00e4sentation. Alternative oder selbst hergestellte Filter &#8211; wie z. B. Papiert\u00fccher &#8211; k\u00f6nnen zu Verstopfung und verminderter Saugleistung f\u00fchren. Dadurch verlieren Sie die \u00dcberzeugungskraft Ihrer Vorf\u00fchrung und riskieren eine Besch\u00e4digung des Motors.<\/p>\n<p>Investieren Sie also in Qualit\u00e4t und Sicherheit mit unseren Originalfiltern.<\/p>\n<hr data-start=\"4432\" data-end=\"4435\" \/>\n<h2>Was kostet eine Rolle mit 1250 Kirby-Vorf\u00fchrfilter?<\/h2>\n<h3>Gro\u00dfpackung f\u00fcr den professionellen Einsatz<\/h3>\n<p>Der Preis f\u00fcr eine komplette Rolle mit 1250 Kirby-Vorf\u00fchrfiltern betr\u00e4gt 120,00 \u20ac. Dies ist ein konkurrenzf\u00e4higer Preis f\u00fcr eine gro\u00dfe Menge hochwertiger Originalfilter. So erhalten Sie professionelles Vorf\u00fchrmaterial f\u00fcr einen l\u00e4ngeren Zeitraum.<\/p>\n<p>Hinweis: Aufgrund der Gr\u00f6\u00dfe und der Exklusivit\u00e4t dieser Filter kann die Lieferzeit etwas l\u00e4nger als \u00fcblich sein. Bestellen Sie daher rechtzeitig, insbesondere wenn Sie die Filter h\u00e4ufig in Ihrem Betrieb einsetzen.<\/p>\n<h2>Bestellen Sie Ihre 1250 Kirby-Vorf\u00fchrfilter sofort<\/h2>\n<h3>Die clevere Wahl f\u00fcr Profis und Vorf\u00fchrer<\/h3>\n<p>M\u00f6chten Sie nie wieder eine Vorf\u00fchrung oder Reinigung verpassen? Dann entscheiden Sie sich f\u00fcr diese Gro\u00dfpackung von 1250 Kirby-Vorf\u00fchrfiltern. Dank der Originalqualit\u00e4t, der einfachen Anwendung und des attraktiven Preises k\u00f6nnen Sie sich immer auf eine \u00fcberzeugende Pr\u00e4sentation und beste Ergebnisse mit Ihrem Kirby Staubsauger verlassen.<\/p>\n<p>Bestellen Sie noch heute und entdecken Sie den Komfort, mit einem gro\u00dfen Vorrat an Originalfiltern zu arbeiten. Ihre Kunden werden den Unterschied sehen &#8211; und Sie auch.<\/p>\n","protected":false},"excerpt":{"rendered":"<p>&nbsp;<\/p>\n[trustindex data-widget-id=31675542425128034566e10b5fb]\n<h3><span style=\"color: #008000;\"><br \/>\nVorr\u00e4tig<\/span><\/h3>\n[av_font_icon icon='ue812' font='entypo-fontello' style='' caption='' size='25px' position='left' color='#43ad66' link='' linktarget='' title_attr='' sonar_effect_effect='' sonar_effect_color='' sonar_effect_duration='1' sonar_effect_scale='' sonar_effect_opac='0.5' animation='' id='' custom_class='' template_class='' av_uid='' sc_version='1.0' admin_preview_bg=''][\/av_font_icon]\n<p><span style=\"color: #008000;\">Die Lieferzeit betr\u00e4gt zwischen 5-10 Arbeitstagen.<\/span><\/p>\n<p>&nbsp;<\/p>\n","protected":false},"featured_media":79664,"comment_status":"open","ping_status":"closed","template":"","meta":[],"product_brand":[],"product_cat":[1408],"product_tag":[],"class_list":{"0":"post-79560","1":"product","2":"type-product","3":"status-publish","4":"has-post-thumbnail","6":"product_cat-kirby-matratzenreiniger","8":"first","9":"instock","10":"sale","11":"taxable","12":"shipping-taxable","13":"purchasable","14":"product-type-simple"},"yoast_head":"<!-- This site is optimized with the Yoast SEO Premium plugin v27.1 (Yoast SEO v27.4) - https:\/\/yoast.com\/product\/yoast-seo-premium-wordpress\/ -->\n<title>1250 Kirby-Vorf\u00fchrfilter - Veltec Kirby specialist<\/title>\n<meta name=\"description\" content=\"1250 Kirby-Vorf\u00fchrfilter - Veltec ist seit \u00fcber 25 Jahren ein Lieferant von Kirby Staubsaugern. Und ist Ihr vertrauensw\u00fcrdiger Kirby-Spezialist.\" \/>\n<meta name=\"robots\" content=\"index, follow, max-snippet:-1, max-image-preview:large, max-video-preview:-1\" \/>\n<link rel=\"canonical\" href=\"https:\/\/www.veltec.eu\/nl\/product\/1250-kirby-demonstratie-filters\/\" \/>\n<meta property=\"og:locale\" content=\"de_DE\" \/>\n<meta property=\"og:type\" content=\"article\" \/>\n<meta property=\"og:title\" content=\"1250 Kirby-Vorf\u00fchrfilter\" \/>\n<meta property=\"og:description\" content=\"&nbsp;    Vorr\u00e4tig   Die Lieferzeit betr\u00e4gt zwischen 5-10 Arbeitstagen.  &nbsp;\" \/>\n<meta property=\"og:url\" content=\"https:\/\/www.veltec.eu\/nl\/product\/1250-kirby-demonstratie-filters\/\" \/>\n<meta property=\"og:site_name\" content=\"Veltec Kirby specialist\" \/>\n<meta property=\"article:publisher\" content=\"https:\/\/www.facebook.com\/Veltec-Kirby-Specialist-236746293374877\/\" \/>\n<meta property=\"article:modified_time\" content=\"2025-05-27T08:20:14+00:00\" \/>\n<meta property=\"og:image\" content=\"https:\/\/www.veltec.eu\/wp-content\/uploads\/2025\/05\/demonstratiefiltersKirby.jpg\" \/>\n\t<meta property=\"og:image:width\" content=\"600\" \/>\n\t<meta property=\"og:image:height\" content=\"600\" \/>\n\t<meta property=\"og:image:type\" content=\"image\/jpeg\" \/>\n<meta name=\"twitter:card\" content=\"summary_large_image\" \/>\n<meta name=\"twitter:label1\" content=\"Gesch\u00e4tzte Lesezeit\" \/>\n\t<meta name=\"twitter:data1\" content=\"4\u00a0Minuten\" \/>\n<script type=\"application\/ld+json\" class=\"yoast-schema-graph\">{\"@context\":\"https:\\\/\\\/schema.org\",\"@graph\":[{\"@type\":\"WebPage\",\"@id\":\"https:\\\/\\\/www.veltec.eu\\\/nl\\\/product\\\/1250-kirby-demonstratie-filters\\\/\",\"url\":\"https:\\\/\\\/www.veltec.eu\\\/nl\\\/product\\\/1250-kirby-demonstratie-filters\\\/\",\"name\":\"1250 Kirby-Vorf\u00fchrfilter - Veltec Kirby specialist\",\"isPartOf\":{\"@id\":\"https:\\\/\\\/www.veltec.eu\\\/en\\\/#website\"},\"primaryImageOfPage\":{\"@id\":\"https:\\\/\\\/www.veltec.eu\\\/nl\\\/product\\\/1250-kirby-demonstratie-filters\\\/#primaryimage\"},\"image\":{\"@id\":\"https:\\\/\\\/www.veltec.eu\\\/nl\\\/product\\\/1250-kirby-demonstratie-filters\\\/#primaryimage\"},\"thumbnailUrl\":\"https:\\\/\\\/www.veltec.eu\\\/wp-content\\\/uploads\\\/2025\\\/05\\\/demonstratiefiltersKirby.jpg\",\"datePublished\":\"2025-05-26T13:52:42+00:00\",\"dateModified\":\"2025-05-27T08:20:14+00:00\",\"description\":\"1250 Kirby-Vorf\u00fchrfilter - Veltec ist seit \u00fcber 25 Jahren ein Lieferant von Kirby Staubsaugern. Und ist Ihr vertrauensw\u00fcrdiger Kirby-Spezialist.\",\"breadcrumb\":{\"@id\":\"https:\\\/\\\/www.veltec.eu\\\/nl\\\/product\\\/1250-kirby-demonstratie-filters\\\/#breadcrumb\"},\"inLanguage\":\"de\",\"potentialAction\":[{\"@type\":\"ReadAction\",\"target\":[\"https:\\\/\\\/www.veltec.eu\\\/nl\\\/product\\\/1250-kirby-demonstratie-filters\\\/\"]}]},{\"@type\":\"ImageObject\",\"inLanguage\":\"de\",\"@id\":\"https:\\\/\\\/www.veltec.eu\\\/nl\\\/product\\\/1250-kirby-demonstratie-filters\\\/#primaryimage\",\"url\":\"https:\\\/\\\/www.veltec.eu\\\/wp-content\\\/uploads\\\/2025\\\/05\\\/demonstratiefiltersKirby.jpg\",\"contentUrl\":\"https:\\\/\\\/www.veltec.eu\\\/wp-content\\\/uploads\\\/2025\\\/05\\\/demonstratiefiltersKirby.jpg\",\"width\":600,\"height\":600},{\"@type\":\"BreadcrumbList\",\"@id\":\"https:\\\/\\\/www.veltec.eu\\\/nl\\\/product\\\/1250-kirby-demonstratie-filters\\\/#breadcrumb\",\"itemListElement\":[{\"@type\":\"ListItem\",\"position\":1,\"name\":\"Home\",\"item\":\"https:\\\/\\\/www.veltec.eu\\\/de\\\/\"},{\"@type\":\"ListItem\",\"position\":2,\"name\":\"Produits\",\"item\":\"https:\\\/\\\/www.veltec.eu\\\/fr\\\/shop\\\/\"},{\"@type\":\"ListItem\",\"position\":3,\"name\":\"1250 Kirby-Vorf\u00fchrfilter\"}]},{\"@type\":\"WebSite\",\"@id\":\"https:\\\/\\\/www.veltec.eu\\\/en\\\/#website\",\"url\":\"https:\\\/\\\/www.veltec.eu\\\/en\\\/\",\"name\":\"Veltec Kirby specialist\",\"description\":\"Kirby stofzuiger producten\",\"publisher\":{\"@id\":\"https:\\\/\\\/www.veltec.eu\\\/en\\\/#organization\"},\"potentialAction\":[{\"@type\":\"SearchAction\",\"target\":{\"@type\":\"EntryPoint\",\"urlTemplate\":\"https:\\\/\\\/www.veltec.eu\\\/en\\\/?s={search_term_string}\"},\"query-input\":{\"@type\":\"PropertyValueSpecification\",\"valueRequired\":true,\"valueName\":\"search_term_string\"}}],\"inLanguage\":\"de\"},{\"@type\":\"Organization\",\"@id\":\"https:\\\/\\\/www.veltec.eu\\\/en\\\/#organization\",\"name\":\"Veltec Kirby Specialist\",\"url\":\"https:\\\/\\\/www.veltec.eu\\\/en\\\/\",\"logo\":{\"@type\":\"ImageObject\",\"inLanguage\":\"de\",\"@id\":\"https:\\\/\\\/www.veltec.eu\\\/en\\\/#\\\/schema\\\/logo\\\/image\\\/\",\"url\":\"https:\\\/\\\/www.veltec.eu\\\/wp-content\\\/uploads\\\/2021\\\/12\\\/Veltec-log-groot-e1537260889125.png\",\"contentUrl\":\"https:\\\/\\\/www.veltec.eu\\\/wp-content\\\/uploads\\\/2021\\\/12\\\/Veltec-log-groot-e1537260889125.png\",\"width\":200,\"height\":60,\"caption\":\"Veltec Kirby Specialist\"},\"image\":{\"@id\":\"https:\\\/\\\/www.veltec.eu\\\/en\\\/#\\\/schema\\\/logo\\\/image\\\/\"},\"sameAs\":[\"https:\\\/\\\/www.facebook.com\\\/Veltec-Kirby-Specialist-236746293374877\\\/\",\"https:\\\/\\\/www.youtube.com\\\/user\\\/VeltecService\"]}]}<\/script>\n<!-- \/ Yoast SEO Premium plugin. -->","yoast_head_json":{"title":"1250 Kirby-Vorf\u00fchrfilter - Veltec Kirby specialist","description":"1250 Kirby-Vorf\u00fchrfilter - Veltec ist seit \u00fcber 25 Jahren ein Lieferant von Kirby Staubsaugern. Und ist Ihr vertrauensw\u00fcrdiger Kirby-Spezialist.","robots":{"index":"index","follow":"follow","max-snippet":"max-snippet:-1","max-image-preview":"max-image-preview:large","max-video-preview":"max-video-preview:-1"},"canonical":"https:\/\/www.veltec.eu\/nl\/product\/1250-kirby-demonstratie-filters\/","og_locale":"de_DE","og_type":"article","og_title":"1250 Kirby-Vorf\u00fchrfilter","og_description":"&nbsp;    Vorr\u00e4tig   Die Lieferzeit betr\u00e4gt zwischen 5-10 Arbeitstagen.  &nbsp;","og_url":"https:\/\/www.veltec.eu\/nl\/product\/1250-kirby-demonstratie-filters\/","og_site_name":"Veltec Kirby specialist","article_publisher":"https:\/\/www.facebook.com\/Veltec-Kirby-Specialist-236746293374877\/","article_modified_time":"2025-05-27T08:20:14+00:00","og_image":[{"width":600,"height":600,"url":"https:\/\/www.veltec.eu\/wp-content\/uploads\/2025\/05\/demonstratiefiltersKirby.jpg","type":"image\/jpeg"}],"twitter_card":"summary_large_image","twitter_misc":{"Gesch\u00e4tzte Lesezeit":"4\u00a0Minuten"},"schema":{"@context":"https:\/\/schema.org","@graph":[{"@type":"WebPage","@id":"https:\/\/www.veltec.eu\/nl\/product\/1250-kirby-demonstratie-filters\/","url":"https:\/\/www.veltec.eu\/nl\/product\/1250-kirby-demonstratie-filters\/","name":"1250 Kirby-Vorf\u00fchrfilter - Veltec Kirby specialist","isPartOf":{"@id":"https:\/\/www.veltec.eu\/en\/#website"},"primaryImageOfPage":{"@id":"https:\/\/www.veltec.eu\/nl\/product\/1250-kirby-demonstratie-filters\/#primaryimage"},"image":{"@id":"https:\/\/www.veltec.eu\/nl\/product\/1250-kirby-demonstratie-filters\/#primaryimage"},"thumbnailUrl":"https:\/\/www.veltec.eu\/wp-content\/uploads\/2025\/05\/demonstratiefiltersKirby.jpg","datePublished":"2025-05-26T13:52:42+00:00","dateModified":"2025-05-27T08:20:14+00:00","description":"1250 Kirby-Vorf\u00fchrfilter - Veltec ist seit \u00fcber 25 Jahren ein Lieferant von Kirby Staubsaugern. Und ist Ihr vertrauensw\u00fcrdiger Kirby-Spezialist.","breadcrumb":{"@id":"https:\/\/www.veltec.eu\/nl\/product\/1250-kirby-demonstratie-filters\/#breadcrumb"},"inLanguage":"de","potentialAction":[{"@type":"ReadAction","target":["https:\/\/www.veltec.eu\/nl\/product\/1250-kirby-demonstratie-filters\/"]}]},{"@type":"ImageObject","inLanguage":"de","@id":"https:\/\/www.veltec.eu\/nl\/product\/1250-kirby-demonstratie-filters\/#primaryimage","url":"https:\/\/www.veltec.eu\/wp-content\/uploads\/2025\/05\/demonstratiefiltersKirby.jpg","contentUrl":"https:\/\/www.veltec.eu\/wp-content\/uploads\/2025\/05\/demonstratiefiltersKirby.jpg","width":600,"height":600},{"@type":"BreadcrumbList","@id":"https:\/\/www.veltec.eu\/nl\/product\/1250-kirby-demonstratie-filters\/#breadcrumb","itemListElement":[{"@type":"ListItem","position":1,"name":"Home","item":"https:\/\/www.veltec.eu\/de\/"},{"@type":"ListItem","position":2,"name":"Produits","item":"https:\/\/www.veltec.eu\/fr\/shop\/"},{"@type":"ListItem","position":3,"name":"1250 Kirby-Vorf\u00fchrfilter"}]},{"@type":"WebSite","@id":"https:\/\/www.veltec.eu\/en\/#website","url":"https:\/\/www.veltec.eu\/en\/","name":"Veltec Kirby specialist","description":"Kirby stofzuiger producten","publisher":{"@id":"https:\/\/www.veltec.eu\/en\/#organization"},"potentialAction":[{"@type":"SearchAction","target":{"@type":"EntryPoint","urlTemplate":"https:\/\/www.veltec.eu\/en\/?s={search_term_string}"},"query-input":{"@type":"PropertyValueSpecification","valueRequired":true,"valueName":"search_term_string"}}],"inLanguage":"de"},{"@type":"Organization","@id":"https:\/\/www.veltec.eu\/en\/#organization","name":"Veltec Kirby Specialist","url":"https:\/\/www.veltec.eu\/en\/","logo":{"@type":"ImageObject","inLanguage":"de","@id":"https:\/\/www.veltec.eu\/en\/#\/schema\/logo\/image\/","url":"https:\/\/www.veltec.eu\/wp-content\/uploads\/2021\/12\/Veltec-log-groot-e1537260889125.png","contentUrl":"https:\/\/www.veltec.eu\/wp-content\/uploads\/2021\/12\/Veltec-log-groot-e1537260889125.png","width":200,"height":60,"caption":"Veltec Kirby Specialist"},"image":{"@id":"https:\/\/www.veltec.eu\/en\/#\/schema\/logo\/image\/"},"sameAs":["https:\/\/www.facebook.com\/Veltec-Kirby-Specialist-236746293374877\/","https:\/\/www.youtube.com\/user\/VeltecService"]}]}},"_links":{"self":[{"href":"https:\/\/www.veltec.eu\/de\/wp-json\/wp\/v2\/product\/79560","targetHints":{"allow":["GET"]}}],"collection":[{"href":"https:\/\/www.veltec.eu\/de\/wp-json\/wp\/v2\/product"}],"about":[{"href":"https:\/\/www.veltec.eu\/de\/wp-json\/wp\/v2\/types\/product"}],"replies":[{"embeddable":true,"href":"https:\/\/www.veltec.eu\/de\/wp-json\/wp\/v2\/comments?post=79560"}],"wp:featuredmedia":[{"embeddable":true,"href":"https:\/\/www.veltec.eu\/de\/wp-json\/wp\/v2\/media\/79664"}],"wp:attachment":[{"href":"https:\/\/www.veltec.eu\/de\/wp-json\/wp\/v2\/media?parent=79560"}],"wp:term":[{"taxonomy":"product_brand","embeddable":true,"href":"https:\/\/www.veltec.eu\/de\/wp-json\/wp\/v2\/product_brand?post=79560"},{"taxonomy":"product_cat","embeddable":true,"href":"https:\/\/www.veltec.eu\/de\/wp-json\/wp\/v2\/product_cat?post=79560"},{"taxonomy":"product_tag","embeddable":true,"href":"https:\/\/www.veltec.eu\/de\/wp-json\/wp\/v2\/product_tag?post=79560"}],"curies":[{"name":"wp","href":"https:\/\/api.w.org\/{rel}","templated":true}]}}