{"id":76092,"date":"2025-03-04T16:06:40","date_gmt":"2025-03-04T14:06:40","guid":{"rendered":"https:\/\/www.veltec.eu\/product\/kirby-avalir-2-multi-bodenreinigungssystem\/"},"modified":"2026-04-25T09:50:28","modified_gmt":"2026-04-25T07:50:28","slug":"kirby-avalir-2-multi-bodenreinigungssystem","status":"publish","type":"product","link":"https:\/\/www.veltec.eu\/de\/product\/kirby-avalir-2-multi-bodenreinigungssystem\/","title":{"rendered":"Kirby Avalir 2 + Multi-Bodenreinigungssystem"},"content":{"rendered":"<h1 data-start=\"292\" data-end=\"560\">Kirby Avalir 2 + Multi-Bodenreinigungssystem Werkstatt\u00fcberholt<\/h1>\n<p data-start=\"292\" data-end=\"560\">Wir k\u00f6nnen Ihnen diesen Kirby Avalir 2 + Multi-Bodenreinigungssystem f\u00fcr bis zu 60% unter dem Neupreis anbieten. Der Neupreis dieses Kirby betr\u00e4gt 3.000,00 \u20ac.<br data-start=\"519\" data-end=\"522\" \/>Kirby Avalir 2 Baujahr 2018 bis heute.<\/p>\n<p data-start=\"562\" data-end=\"654\">Wir liefern diesen Werkstatt\u00fcberholten Kirby Avalir 2 mit 24 Monaten Vollgarantie.<\/p>\n<p data-start=\"656\" data-end=\"949\">Alle \u00dcberholungsarbeiten werden vollst\u00e4ndig in unserer eigenen Veltec Kirby Spezialisten-Werkstatt durchgef\u00fchrt. Dort wird jedes Ger\u00e4t sorgf\u00e4ltig gereinigt, professionell poliert, technisch gewartet, gepr\u00fcft und bei Bedarf mit neuen Teilen ausgestattet, damit es wieder in Bestzustand ist.<\/p>\n<h4>Dieser Kirby Avalir 2 wird geliefert mit:<\/h4>\n<ul>\n<li>Staubsaugerschlauch (2 mtr.)<\/li>\n<li>2 Verl\u00e4ngerungsrohre<\/li>\n<li>Klopfd\u00fcse mit Klopfb\u00fcrste<\/li>\n<li>Patentierte Kirby Au\u00dfentasche mit langem Griff<\/li>\n<li>Aufbewahrungstasche f\u00fcr Teile<\/li>\n<li>Shampoonierpistole<\/li>\n<li>Shampoo-Schaumkappe<\/li>\n<li>Massagebecher<\/li>\n<li>Staubb\u00fcrste<\/li>\n<li>Staubsauger f\u00fcr Sockelleisten<\/li>\n<li>Luftregler<\/li>\n<li>Einlass-Schutz<\/li>\n<li>Hebegriff<\/li>\n<li>2x Kirby Staubsaugerbeutel Micron Magic Plus<\/li>\n<\/ul>\n<h4>Zus\u00e4tzlich<\/h4>\n<ul>\n<li>Kirby Multi Floor Cleaning System<\/li>\n<\/ul>\n<div id=\"attachment_75915\" style=\"width: 310px\" class=\"wp-caption alignnone\"><img decoding=\"async\" aria-describedby=\"caption-attachment-75915\" class=\"wp-image-75915 size-medium\" src=\"https:\/\/www.veltec.eu\/wp-content\/uploads\/2025\/03\/Kirby-caddy-300x300.jpg\" alt=\"Kirby Avalir 2 + Multi-Bodenreinigungssystem\" width=\"300\" height=\"300\" srcset=\"https:\/\/www.veltec.eu\/wp-content\/uploads\/2025\/03\/Kirby-caddy-300x300.jpg 300w, https:\/\/www.veltec.eu\/wp-content\/uploads\/2025\/03\/Kirby-caddy-80x80.jpg 80w, https:\/\/www.veltec.eu\/wp-content\/uploads\/2025\/03\/Kirby-caddy-36x36.jpg 36w, https:\/\/www.veltec.eu\/wp-content\/uploads\/2025\/03\/Kirby-caddy-180x180.jpg 180w, https:\/\/www.veltec.eu\/wp-content\/uploads\/2025\/03\/Kirby-caddy-120x120.jpg 120w, https:\/\/www.veltec.eu\/wp-content\/uploads\/2025\/03\/Kirby-caddy-450x450.jpg 450w, https:\/\/www.veltec.eu\/wp-content\/uploads\/2025\/03\/Kirby-caddy-100x100.jpg 100w, https:\/\/www.veltec.eu\/wp-content\/uploads\/2025\/03\/Kirby-caddy-60x60.jpg 60w, https:\/\/www.veltec.eu\/wp-content\/uploads\/2025\/03\/Kirby-caddy-90x90.jpg 90w, https:\/\/www.veltec.eu\/wp-content\/uploads\/2025\/03\/Kirby-caddy.jpg 500w\" sizes=\"(max-width: 300px) 100vw, 300px\" \/><p id=\"caption-attachment-75915\" class=\"wp-caption-text\">Kirby Avalir 2 + Multi-Bodenreinigungssystem<\/p><\/div>\n<p><img decoding=\"async\" class=\"alignnone wp-image-76074 size-medium\" src=\"https:\/\/www.veltec.eu\/wp-content\/uploads\/2025\/03\/GRE-image-0_9c90e9f0-7cdb-427c-8895-013ded6e3a30-1-300x173.jpeg\" alt=\"Kirby Avalir 2 + Multi-Bodenreinigungssystem\" width=\"300\" height=\"173\" srcset=\"https:\/\/www.veltec.eu\/wp-content\/uploads\/2025\/03\/GRE-image-0_9c90e9f0-7cdb-427c-8895-013ded6e3a30-1-300x173.jpeg 300w, https:\/\/www.veltec.eu\/wp-content\/uploads\/2025\/03\/GRE-image-0_9c90e9f0-7cdb-427c-8895-013ded6e3a30-1-450x259.jpeg 450w, https:\/\/www.veltec.eu\/wp-content\/uploads\/2025\/03\/GRE-image-0_9c90e9f0-7cdb-427c-8895-013ded6e3a30-1-600x345.jpeg 600w, https:\/\/www.veltec.eu\/wp-content\/uploads\/2025\/03\/GRE-image-0_9c90e9f0-7cdb-427c-8895-013ded6e3a30-1-104x60.jpeg 104w, https:\/\/www.veltec.eu\/wp-content\/uploads\/2025\/03\/GRE-image-0_9c90e9f0-7cdb-427c-8895-013ded6e3a30-1-157x90.jpeg 157w, https:\/\/www.veltec.eu\/wp-content\/uploads\/2025\/03\/GRE-image-0_9c90e9f0-7cdb-427c-8895-013ded6e3a30-1.jpeg 640w\" sizes=\"(max-width: 300px) 100vw, 300px\" \/><\/p>\n<p>Sie k\u00f6nnen den Kirby mit zus\u00e4tzlichen Optionen wie dem <a href=\"https:\/\/www.veltec.eu\/de\/product\/kirby-bohnersystem-nl3155\/\" target=\"_blank\" rel=\"noopener\">Kirby-Poliersystem<\/a>, dem <a href=\"https:\/\/www.veltec.eu\/de\/product\/kirby-staubsaugerschlauch-4m-nl3168\/\" target=\"_blank\" rel=\"noopener\">Kirby-Saugschlauch (4 m)<\/a> oder dem <a href=\"https:\/\/www.veltec.eu\/de\/product\/kirby-turbozubehorsystem-nl3126\/\" target=\"_blank\" rel=\"noopener\">Kirby-Turbo-Zubeh\u00f6rsystem<\/a> weiter ausbauen.<\/p>\n<p data-start=\"1794\" data-end=\"1881\">Die Kirby-Ger\u00e4te werden mit 2 Jahren voller Garantie zu Ihnen nach Hause geliefert.<\/p>\n<p data-start=\"1883\" data-end=\"1956\"><a href=\"https:\/\/www.veltec.eu\/de\/?page_id=15276\" target=\"_blank\" rel=\"noopener\">Hier finden Sie alle neuen und Werkstatt\u00fcberholten Kirby-Staubsauger.<\/a><\/p>\n<p data-start=\"1958\" data-end=\"2009\"><strong>Dieser Kirby Staubsauger ist Werkstatt\u00fcberholt.<\/strong><\/p>\n<p data-start=\"1958\" data-end=\"2009\"><img decoding=\"async\" class=\"alignright wp-image-85974 size-medium\" src=\"https:\/\/www.veltec.eu\/wp-content\/uploads\/2018\/09\/Kirby-refurbished-1-300x300.png\" alt=\"Kirby Avalir 2 + Multi-Bodenreinigungssystem Werkstatt\u00fcberholt\" width=\"300\" height=\"300\" srcset=\"https:\/\/www.veltec.eu\/wp-content\/uploads\/2018\/09\/Kirby-refurbished-1-300x300.png 300w, https:\/\/www.veltec.eu\/wp-content\/uploads\/2018\/09\/Kirby-refurbished-1-80x80.png 80w, https:\/\/www.veltec.eu\/wp-content\/uploads\/2018\/09\/Kirby-refurbished-1-36x36.png 36w, https:\/\/www.veltec.eu\/wp-content\/uploads\/2018\/09\/Kirby-refurbished-1-180x180.png 180w, https:\/\/www.veltec.eu\/wp-content\/uploads\/2018\/09\/Kirby-refurbished-1-120x120.png 120w, https:\/\/www.veltec.eu\/wp-content\/uploads\/2018\/09\/Kirby-refurbished-1-450x450.png 450w, https:\/\/www.veltec.eu\/wp-content\/uploads\/2018\/09\/Kirby-refurbished-1-600x600.png 600w, https:\/\/www.veltec.eu\/wp-content\/uploads\/2018\/09\/Kirby-refurbished-1-100x100.png 100w, https:\/\/www.veltec.eu\/wp-content\/uploads\/2018\/09\/Kirby-refurbished-1.png 626w\" sizes=\"(max-width: 300px) 100vw, 300px\" \/><\/p>\n<h2 data-start=\"2016\" data-end=\"2052\">Was bedeutet \u201eWerkstatt\u00fcberholt\u201c?<\/h2>\n<p data-start=\"2054\" data-end=\"2286\">Ein Werkstatt\u00fcberholter Kirby Staubsauger ist ein gebrauchtes Kirby-Ger\u00e4t, das in unserer Veltec Kirby Spezialisten-Werkstatt vollst\u00e4ndig \u00fcberholt und technisch sowie optisch in einen hervorragenden Zustand versetzt wurde.<\/p>\n<p data-start=\"2288\" data-end=\"2313\">Dieser Prozess umfasst:<\/p>\n<ul data-start=\"2314\" data-end=\"2523\">\n<li data-start=\"2314\" data-end=\"2360\">Professionelle Tiefenreinigung und Politur<\/li>\n<li data-start=\"2361\" data-end=\"2397\">Umfassende technische Durchsicht<\/li>\n<li data-start=\"2398\" data-end=\"2453\">Austausch verschlissener oder schwacher Komponenten<\/li>\n<li data-start=\"2454\" data-end=\"2523\">Gr\u00fcndliche Tests nach den urspr\u00fcnglichen Kirby Qualit\u00e4tsstandards<\/li>\n<\/ul>\n<h4 data-start=\"2525\" data-end=\"2762\">Ihr Vorteil?<\/h4>\n<p data-start=\"2525\" data-end=\"2762\">Nur bei einem Werkstatt\u00fcberholten Modell von Veltec erhalten Sie eine zweij\u00e4hrige Vollgarantie \u2013 Sie profitieren von Zuverl\u00e4ssigkeit, erstklassiger Saugleistung und einem Ger\u00e4t, das wieder nahezu neuwertig ist.<\/p>\n<h2>Entdecken Sie die Leistung des Kirby Avalir 2 + Multi-Bodenreinigungssystem<\/h2>\n<p>Der Avalir 2 ist nicht einfach nur ein weiterer Staubsauger \u2013 er ist ein komplettes All-in-One-Reinigungssystem, das Ihr Zuhause sichtbar sauberer macht. Mit seiner fortschrittlichen Technologie und seinen vielseitigen Funktionen bietet er eine L\u00f6sung f\u00fcr praktisch jede Reinigungsaufgabe.<\/p>\n<h3>Warum sollten Sie sich f\u00fcr den Kirby Avalir 2 + Multi-Bodenreinigungssystem entscheiden?<\/h3>\n<p>Der Avalir 2 wurde f\u00fcr Langlebigkeit und maximale Leistung entwickelt. Er vereint die Power eines klassischen Staubsaugers mit den Funktionen eines Tiefenreinigungsger\u00e4ts und liefert so ein Reinigungserlebnis, das kaum ein anderes System erreicht. Dank der hochwertigen Materialien und der robusten Bauweise ist er eine langfristige Investition.<\/p>\n<p>Hier finden Sie <a href=\"https:\/\/www.kirby-staubsauger-service.de\/der-kirby-avalir\/\" target=\"_blank\" rel=\"noopener\">Alles, was Sie \u00fcber den Kirby Avalir wissen m\u00fcssen<\/a><\/p>\n<h3>Leistungsstarke Absaugung und Effizienz<\/h3>\n<p>Der Avalir 2 verf\u00fcgt \u00fcber einen starken Motor, der eine intensive Tiefenreinigung von Teppichen und Hartb\u00f6den erm\u00f6glicht. Die moderne Filtertechnologie f\u00e4ngt selbst feinste Staubpartikel auf, wodurch ein ges\u00fcnderes Raumklima entsteht.<br data-start=\"3876\" data-end=\"3879\" \/>Mit der einstellbaren Saugleistung k\u00f6nnen Sie problemlos verschiedene Oberfl\u00e4chen reinigen \u2013 von empfindlichen Vorh\u00e4ngen bis hin zu harten Bodenbel\u00e4gen.<\/p>\n<h3>Kirby Multi-Bodenreinigungssystem<\/h3>\n<p>Mit dem Multi-Bodenreinigungssystem erhalten Sie einen professionellen Teppichreiniger und eine leistungsstarke Poliermaschine, mit der Sie praktisch jede Bodenoberfl\u00e4che aufbereiten k\u00f6nnen.<\/p>\n<h3>Vielseitigkeit bei der Reinigung<\/h3>\n<p data-start=\"4322\" data-end=\"4392\">Der Avalir 2 kann m\u00fchelos umfunktioniert werden \u2013 beispielsweise in:<\/p>\n<ul data-start=\"4393\" data-end=\"4485\">\n<li data-start=\"4393\" data-end=\"4416\">eine Poliermaschine<\/li>\n<li data-start=\"4417\" data-end=\"4460\">einen professionellen Matratzenreiniger<\/li>\n<li data-start=\"4461\" data-end=\"4485\">einen Luftkompressor<\/li>\n<\/ul>\n<p data-start=\"4487\" data-end=\"4627\">Mit nur einem Ger\u00e4t erledigen Sie unz\u00e4hlige Reinigungsaufgaben. Das spart Platz, Zeit und macht Ihre Reinigungsroutine deutlich effizienter.<\/p>\n<h3>Zubeh\u00f6r und Accessoires<\/h3>\n<p>Der Avalir 2 wird mit einer umfangreichen Auswahl an Zubeh\u00f6r geliefert, das speziell f\u00fcr verschiedene Reinigungsanwendungen entwickelt wurde. Ob Tierhaarb\u00fcrsten, Spezialaufs\u00e4tze oder D\u00fcsen f\u00fcr schwer zug\u00e4ngliche Bereiche \u2013 mit dem Avalir 2 reinigen Sie jede Oberfl\u00e4che gr\u00fcndlich und effizient.<\/p>\n","protected":false},"excerpt":{"rendered":"<p>Wir k\u00f6nnen Ihnen diesen Kirby Avalir 2 \u00dcberholt zu einem Betrag anbieten, der 60 % unter dem Angebotspreis von etwa \u20ac 3.200,- liegt.<\/p>\n[trustindex data-widget-id=31675542425128034566e10b5fb]\n<h3><span style=\"color: #008000;\"><br \/>\nVorr\u00e4tig<\/span><\/h3>\n[av_font_icon icon='ue812' font='entypo-fontello' style='' caption='' size='25px' position='left' color='#43ad66' link='' linktarget='' title_attr='' sonar_effect_effect='' sonar_effect_color='' sonar_effect_duration='1' sonar_effect_scale='' sonar_effect_opac='0.5' animation='' id='' custom_class='' template_class='' av_uid='' sc_version='1.0' admin_preview_bg=''][\/av_font_icon]\n<p><span style=\"color: #008000;\">Die Lieferzeit betr\u00e4gt zwischen 5-10 Arbeitstagen.<\/span><\/p>\n<p>&nbsp;<\/p>\n","protected":false},"featured_media":86069,"comment_status":"open","ping_status":"closed","template":"","meta":{"_acf_changed":false},"product_brand":[],"product_cat":[313,414,410],"product_tag":[],"class_list":{"0":"post-76092","1":"product","2":"type-product","3":"status-publish","4":"has-post-thumbnail","6":"product_cat-angebote","7":"product_cat-kirby-staubsauger-neu","8":"product_cat-kirby-staubsauger-uberholt","10":"first","11":"instock","12":"sale","13":"taxable","14":"shipping-taxable","15":"purchasable","16":"product-type-simple"},"acf":[],"yoast_head":"<!-- This site is optimized with the Yoast SEO Premium plugin v27.1 (Yoast SEO v27.4) - https:\/\/yoast.com\/product\/yoast-seo-premium-wordpress\/ -->\n<title>Kirby Avalir 2 + Multi-Bodenreinigungssystem - Veltec Kirby specialist<\/title>\n<meta name=\"description\" content=\"Kirby Avalir 2 + Multi-Bodenreinigungssystem - Veltec ist seit \u00fcber 25 Jahren ein Lieferant von Kirby Staubsaugern. Kirby spezialist.\" \/>\n<meta name=\"robots\" content=\"index, follow, max-snippet:-1, max-image-preview:large, max-video-preview:-1\" \/>\n<link rel=\"canonical\" href=\"https:\/\/www.veltec.eu\/de\/product\/kirby-avalir-2-multi-bodenreinigungssystem\/\" \/>\n<meta property=\"og:locale\" content=\"de_DE\" \/>\n<meta property=\"og:type\" content=\"article\" \/>\n<meta property=\"og:title\" content=\"Kirby Avalir 2 + Multi-Bodenreinigungssystem\" \/>\n<meta property=\"og:description\" content=\"Wir k\u00f6nnen Ihnen diesen Kirby Avalir 2 \u00dcberholt zu einem Betrag anbieten, der 60 % unter dem Angebotspreis von etwa \u20ac 3.200,- liegt.    Vorr\u00e4tig   Die Lieferzeit betr\u00e4gt zwischen 5-10 Arbeitstagen.  &nbsp;\" \/>\n<meta property=\"og:url\" content=\"https:\/\/www.veltec.eu\/de\/product\/kirby-avalir-2-multi-bodenreinigungssystem\/\" \/>\n<meta property=\"og:site_name\" content=\"Veltec Kirby specialist\" \/>\n<meta property=\"article:publisher\" content=\"https:\/\/www.facebook.com\/Veltec-Kirby-Specialist-236746293374877\/\" \/>\n<meta property=\"article:modified_time\" content=\"2026-04-25T07:50:28+00:00\" \/>\n<meta property=\"og:image\" content=\"https:\/\/www.veltec.eu\/wp-content\/uploads\/2025\/03\/Avalir21shampoo.png\" \/>\n\t<meta property=\"og:image:width\" content=\"620\" \/>\n\t<meta property=\"og:image:height\" content=\"620\" \/>\n\t<meta property=\"og:image:type\" content=\"image\/png\" \/>\n<meta name=\"twitter:card\" content=\"summary_large_image\" \/>\n<meta name=\"twitter:label1\" content=\"Gesch\u00e4tzte Lesezeit\" \/>\n\t<meta name=\"twitter:data1\" content=\"4\u00a0Minuten\" \/>\n<script type=\"application\/ld+json\" class=\"yoast-schema-graph\">{\"@context\":\"https:\\\/\\\/schema.org\",\"@graph\":[{\"@type\":\"WebPage\",\"@id\":\"https:\\\/\\\/www.veltec.eu\\\/de\\\/product\\\/kirby-avalir-2-multi-bodenreinigungssystem\\\/\",\"url\":\"https:\\\/\\\/www.veltec.eu\\\/de\\\/product\\\/kirby-avalir-2-multi-bodenreinigungssystem\\\/\",\"name\":\"Kirby Avalir 2 + Multi-Bodenreinigungssystem - Veltec Kirby specialist\",\"isPartOf\":{\"@id\":\"https:\\\/\\\/www.veltec.eu\\\/en\\\/#website\"},\"primaryImageOfPage\":{\"@id\":\"https:\\\/\\\/www.veltec.eu\\\/de\\\/product\\\/kirby-avalir-2-multi-bodenreinigungssystem\\\/#primaryimage\"},\"image\":{\"@id\":\"https:\\\/\\\/www.veltec.eu\\\/de\\\/product\\\/kirby-avalir-2-multi-bodenreinigungssystem\\\/#primaryimage\"},\"thumbnailUrl\":\"https:\\\/\\\/www.veltec.eu\\\/wp-content\\\/uploads\\\/2025\\\/03\\\/Avalir21shampoo.png\",\"datePublished\":\"2025-03-04T14:06:40+00:00\",\"dateModified\":\"2026-04-25T07:50:28+00:00\",\"description\":\"Kirby Avalir 2 + Multi-Bodenreinigungssystem - Veltec ist seit \u00fcber 25 Jahren ein Lieferant von Kirby Staubsaugern. Kirby spezialist.\",\"breadcrumb\":{\"@id\":\"https:\\\/\\\/www.veltec.eu\\\/de\\\/product\\\/kirby-avalir-2-multi-bodenreinigungssystem\\\/#breadcrumb\"},\"inLanguage\":\"de\",\"potentialAction\":[{\"@type\":\"ReadAction\",\"target\":[\"https:\\\/\\\/www.veltec.eu\\\/de\\\/product\\\/kirby-avalir-2-multi-bodenreinigungssystem\\\/\"]}]},{\"@type\":\"ImageObject\",\"inLanguage\":\"de\",\"@id\":\"https:\\\/\\\/www.veltec.eu\\\/de\\\/product\\\/kirby-avalir-2-multi-bodenreinigungssystem\\\/#primaryimage\",\"url\":\"https:\\\/\\\/www.veltec.eu\\\/wp-content\\\/uploads\\\/2025\\\/03\\\/Avalir21shampoo.png\",\"contentUrl\":\"https:\\\/\\\/www.veltec.eu\\\/wp-content\\\/uploads\\\/2025\\\/03\\\/Avalir21shampoo.png\",\"width\":620,\"height\":620},{\"@type\":\"BreadcrumbList\",\"@id\":\"https:\\\/\\\/www.veltec.eu\\\/de\\\/product\\\/kirby-avalir-2-multi-bodenreinigungssystem\\\/#breadcrumb\",\"itemListElement\":[{\"@type\":\"ListItem\",\"position\":1,\"name\":\"Home\",\"item\":\"https:\\\/\\\/www.veltec.eu\\\/de\\\/\"},{\"@type\":\"ListItem\",\"position\":2,\"name\":\"Kirby Shop\",\"item\":\"https:\\\/\\\/www.veltec.eu\\\/nl\\\/shop-page\\\/\"},{\"@type\":\"ListItem\",\"position\":3,\"name\":\"Kirby Avalir 2 + Multi-Bodenreinigungssystem\"}]},{\"@type\":\"WebSite\",\"@id\":\"https:\\\/\\\/www.veltec.eu\\\/en\\\/#website\",\"url\":\"https:\\\/\\\/www.veltec.eu\\\/en\\\/\",\"name\":\"Veltec Kirby specialist\",\"description\":\"Kirby stofzuiger producten\",\"publisher\":{\"@id\":\"https:\\\/\\\/www.veltec.eu\\\/en\\\/#organization\"},\"potentialAction\":[{\"@type\":\"SearchAction\",\"target\":{\"@type\":\"EntryPoint\",\"urlTemplate\":\"https:\\\/\\\/www.veltec.eu\\\/en\\\/?s={search_term_string}\"},\"query-input\":{\"@type\":\"PropertyValueSpecification\",\"valueRequired\":true,\"valueName\":\"search_term_string\"}}],\"inLanguage\":\"de\"},{\"@type\":\"Organization\",\"@id\":\"https:\\\/\\\/www.veltec.eu\\\/en\\\/#organization\",\"name\":\"Veltec Kirby Specialist\",\"url\":\"https:\\\/\\\/www.veltec.eu\\\/en\\\/\",\"logo\":{\"@type\":\"ImageObject\",\"inLanguage\":\"de\",\"@id\":\"https:\\\/\\\/www.veltec.eu\\\/en\\\/#\\\/schema\\\/logo\\\/image\\\/\",\"url\":\"https:\\\/\\\/www.veltec.eu\\\/wp-content\\\/uploads\\\/2021\\\/12\\\/Veltec-log-groot-e1537260889125.png\",\"contentUrl\":\"https:\\\/\\\/www.veltec.eu\\\/wp-content\\\/uploads\\\/2021\\\/12\\\/Veltec-log-groot-e1537260889125.png\",\"width\":200,\"height\":60,\"caption\":\"Veltec Kirby Specialist\"},\"image\":{\"@id\":\"https:\\\/\\\/www.veltec.eu\\\/en\\\/#\\\/schema\\\/logo\\\/image\\\/\"},\"sameAs\":[\"https:\\\/\\\/www.facebook.com\\\/Veltec-Kirby-Specialist-236746293374877\\\/\",\"https:\\\/\\\/www.youtube.com\\\/user\\\/VeltecService\"]}]}<\/script>\n<!-- \/ Yoast SEO Premium plugin. -->","yoast_head_json":{"title":"Kirby Avalir 2 + Multi-Bodenreinigungssystem - Veltec Kirby specialist","description":"Kirby Avalir 2 + Multi-Bodenreinigungssystem - Veltec ist seit \u00fcber 25 Jahren ein Lieferant von Kirby Staubsaugern. Kirby spezialist.","robots":{"index":"index","follow":"follow","max-snippet":"max-snippet:-1","max-image-preview":"max-image-preview:large","max-video-preview":"max-video-preview:-1"},"canonical":"https:\/\/www.veltec.eu\/de\/product\/kirby-avalir-2-multi-bodenreinigungssystem\/","og_locale":"de_DE","og_type":"article","og_title":"Kirby Avalir 2 + Multi-Bodenreinigungssystem","og_description":"Wir k\u00f6nnen Ihnen diesen Kirby Avalir 2 \u00dcberholt zu einem Betrag anbieten, der 60 % unter dem Angebotspreis von etwa \u20ac 3.200,- liegt.    Vorr\u00e4tig   Die Lieferzeit betr\u00e4gt zwischen 5-10 Arbeitstagen.  &nbsp;","og_url":"https:\/\/www.veltec.eu\/de\/product\/kirby-avalir-2-multi-bodenreinigungssystem\/","og_site_name":"Veltec Kirby specialist","article_publisher":"https:\/\/www.facebook.com\/Veltec-Kirby-Specialist-236746293374877\/","article_modified_time":"2026-04-25T07:50:28+00:00","og_image":[{"width":620,"height":620,"url":"https:\/\/www.veltec.eu\/wp-content\/uploads\/2025\/03\/Avalir21shampoo.png","type":"image\/png"}],"twitter_card":"summary_large_image","twitter_misc":{"Gesch\u00e4tzte Lesezeit":"4\u00a0Minuten"},"schema":{"@context":"https:\/\/schema.org","@graph":[{"@type":"WebPage","@id":"https:\/\/www.veltec.eu\/de\/product\/kirby-avalir-2-multi-bodenreinigungssystem\/","url":"https:\/\/www.veltec.eu\/de\/product\/kirby-avalir-2-multi-bodenreinigungssystem\/","name":"Kirby Avalir 2 + Multi-Bodenreinigungssystem - Veltec Kirby specialist","isPartOf":{"@id":"https:\/\/www.veltec.eu\/en\/#website"},"primaryImageOfPage":{"@id":"https:\/\/www.veltec.eu\/de\/product\/kirby-avalir-2-multi-bodenreinigungssystem\/#primaryimage"},"image":{"@id":"https:\/\/www.veltec.eu\/de\/product\/kirby-avalir-2-multi-bodenreinigungssystem\/#primaryimage"},"thumbnailUrl":"https:\/\/www.veltec.eu\/wp-content\/uploads\/2025\/03\/Avalir21shampoo.png","datePublished":"2025-03-04T14:06:40+00:00","dateModified":"2026-04-25T07:50:28+00:00","description":"Kirby Avalir 2 + Multi-Bodenreinigungssystem - Veltec ist seit \u00fcber 25 Jahren ein Lieferant von Kirby Staubsaugern. Kirby spezialist.","breadcrumb":{"@id":"https:\/\/www.veltec.eu\/de\/product\/kirby-avalir-2-multi-bodenreinigungssystem\/#breadcrumb"},"inLanguage":"de","potentialAction":[{"@type":"ReadAction","target":["https:\/\/www.veltec.eu\/de\/product\/kirby-avalir-2-multi-bodenreinigungssystem\/"]}]},{"@type":"ImageObject","inLanguage":"de","@id":"https:\/\/www.veltec.eu\/de\/product\/kirby-avalir-2-multi-bodenreinigungssystem\/#primaryimage","url":"https:\/\/www.veltec.eu\/wp-content\/uploads\/2025\/03\/Avalir21shampoo.png","contentUrl":"https:\/\/www.veltec.eu\/wp-content\/uploads\/2025\/03\/Avalir21shampoo.png","width":620,"height":620},{"@type":"BreadcrumbList","@id":"https:\/\/www.veltec.eu\/de\/product\/kirby-avalir-2-multi-bodenreinigungssystem\/#breadcrumb","itemListElement":[{"@type":"ListItem","position":1,"name":"Home","item":"https:\/\/www.veltec.eu\/de\/"},{"@type":"ListItem","position":2,"name":"Kirby Shop","item":"https:\/\/www.veltec.eu\/nl\/shop-page\/"},{"@type":"ListItem","position":3,"name":"Kirby Avalir 2 + Multi-Bodenreinigungssystem"}]},{"@type":"WebSite","@id":"https:\/\/www.veltec.eu\/en\/#website","url":"https:\/\/www.veltec.eu\/en\/","name":"Veltec Kirby specialist","description":"Kirby stofzuiger producten","publisher":{"@id":"https:\/\/www.veltec.eu\/en\/#organization"},"potentialAction":[{"@type":"SearchAction","target":{"@type":"EntryPoint","urlTemplate":"https:\/\/www.veltec.eu\/en\/?s={search_term_string}"},"query-input":{"@type":"PropertyValueSpecification","valueRequired":true,"valueName":"search_term_string"}}],"inLanguage":"de"},{"@type":"Organization","@id":"https:\/\/www.veltec.eu\/en\/#organization","name":"Veltec Kirby Specialist","url":"https:\/\/www.veltec.eu\/en\/","logo":{"@type":"ImageObject","inLanguage":"de","@id":"https:\/\/www.veltec.eu\/en\/#\/schema\/logo\/image\/","url":"https:\/\/www.veltec.eu\/wp-content\/uploads\/2021\/12\/Veltec-log-groot-e1537260889125.png","contentUrl":"https:\/\/www.veltec.eu\/wp-content\/uploads\/2021\/12\/Veltec-log-groot-e1537260889125.png","width":200,"height":60,"caption":"Veltec Kirby Specialist"},"image":{"@id":"https:\/\/www.veltec.eu\/en\/#\/schema\/logo\/image\/"},"sameAs":["https:\/\/www.facebook.com\/Veltec-Kirby-Specialist-236746293374877\/","https:\/\/www.youtube.com\/user\/VeltecService"]}]}},"_links":{"self":[{"href":"https:\/\/www.veltec.eu\/de\/wp-json\/wp\/v2\/product\/76092","targetHints":{"allow":["GET"]}}],"collection":[{"href":"https:\/\/www.veltec.eu\/de\/wp-json\/wp\/v2\/product"}],"about":[{"href":"https:\/\/www.veltec.eu\/de\/wp-json\/wp\/v2\/types\/product"}],"replies":[{"embeddable":true,"href":"https:\/\/www.veltec.eu\/de\/wp-json\/wp\/v2\/comments?post=76092"}],"wp:featuredmedia":[{"embeddable":true,"href":"https:\/\/www.veltec.eu\/de\/wp-json\/wp\/v2\/media\/86069"}],"wp:attachment":[{"href":"https:\/\/www.veltec.eu\/de\/wp-json\/wp\/v2\/media?parent=76092"}],"wp:term":[{"taxonomy":"product_brand","embeddable":true,"href":"https:\/\/www.veltec.eu\/de\/wp-json\/wp\/v2\/product_brand?post=76092"},{"taxonomy":"product_cat","embeddable":true,"href":"https:\/\/www.veltec.eu\/de\/wp-json\/wp\/v2\/product_cat?post=76092"},{"taxonomy":"product_tag","embeddable":true,"href":"https:\/\/www.veltec.eu\/de\/wp-json\/wp\/v2\/product_tag?post=76092"}],"curies":[{"name":"wp","href":"https:\/\/api.w.org\/{rel}","templated":true}]}}