{"id":76055,"date":"2025-03-04T14:07:29","date_gmt":"2025-03-04T12:07:29","guid":{"rendered":"https:\/\/www.veltec.eu\/product\/kirby-avalir-2-turbo-buerste\/"},"modified":"2026-04-30T11:45:15","modified_gmt":"2026-04-30T09:45:15","slug":"kirby-avalir-2-turbo-buerste","status":"publish","type":"product","link":"https:\/\/www.veltec.eu\/de\/product\/kirby-avalir-2-turbo-buerste\/","title":{"rendered":"Kirby Avalir 2 + Turbo-B\u00fcrste"},"content":{"rendered":"<h1 data-start=\"298\" data-end=\"381\">Kirby Avalir 2 + Turbo-B\u00fcrste \u2013 Werkstatt\u00fcberholt von Veltec Kirby Spezialist<\/h1>\n<p data-start=\"383\" data-end=\"681\">Wir bieten den Kirby Avalir 2 + Turbo-B\u00fcrste zu einem Preis an, der bis zu 60 % unter dem urspr\u00fcnglichen Verkaufspreis liegt. Der empfohlene Verkaufspreis f\u00fcr einen neuen Kirby betr\u00e4gt 3.000,00 \u20ac, w\u00e4hrend Sie bei Veltec einen deutlich g\u00fcnstigeren Preis <strong data-start=\"648\" data-end=\"671\">mit voller Garantie<\/strong> erhalten.<\/p>\n<p>Kirby Avalir 2 &#8211; Hergestellt von 2018 bis heute<\/p>\n<p>Jeder Kirby Avalir 2 werkstatt\u00fcberholt wird mit 24 Monaten voller Garantie geliefert.<\/p>\n<h4>Dieser Kirby Avalir 2 wird standardm\u00e4\u00dfig geliefert mit:<\/h4>\n<ul>\n<li>Staubsaugerschlauch (2 Meter)<\/li>\n<li>Zwei Verl\u00e4ngerungsrohre<\/li>\n<li>Quirld\u00fcse mit B\u00fcrste<\/li>\n<li>Patentierter Kirby-Au\u00dfenbeutel mit langem Griff<\/li>\n<li>Zubeh\u00f6r-Aufbewahrungsbeutel<\/li>\n<li>Shampoonierpistole<\/li>\n<li>Shampoo-Schaumkappe<\/li>\n<li>Massagebecher<\/li>\n<li>Staubb\u00fcrste<\/li>\n<li>Sockelsauger<\/li>\n<li>Luftregler<\/li>\n<li>Einlassschutz<\/li>\n<li>Hebegriff<\/li>\n<li>Zwei Kirby-Staubsaugerbeutel (Micron Magic Plus)<\/li>\n<\/ul>\n<h4>Extra enthalten:<\/h4>\n<ul>\n<li>Kirby Turbo-B\u00fcrste<\/li>\n<\/ul>\n<div id=\"attachment_82972\" style=\"width: 310px\" class=\"wp-caption alignnone\"><img decoding=\"async\" aria-describedby=\"caption-attachment-82972\" class=\"wp-image-82972 size-medium\" src=\"https:\/\/www.veltec.eu\/wp-content\/uploads\/2020\/07\/Kirby-caddy-300x300.webp\" alt=\"Kirby Avalir 2 + Turbo-B\u00fcrste\" width=\"300\" height=\"300\" srcset=\"https:\/\/www.veltec.eu\/wp-content\/uploads\/2020\/07\/Kirby-caddy-300x300.webp 300w, https:\/\/www.veltec.eu\/wp-content\/uploads\/2020\/07\/Kirby-caddy-80x80.webp 80w, https:\/\/www.veltec.eu\/wp-content\/uploads\/2020\/07\/Kirby-caddy-36x36.webp 36w, https:\/\/www.veltec.eu\/wp-content\/uploads\/2020\/07\/Kirby-caddy-180x180.webp 180w, https:\/\/www.veltec.eu\/wp-content\/uploads\/2020\/07\/Kirby-caddy-120x120.webp 120w, https:\/\/www.veltec.eu\/wp-content\/uploads\/2020\/07\/Kirby-caddy-450x450.webp 450w, https:\/\/www.veltec.eu\/wp-content\/uploads\/2020\/07\/Kirby-caddy-100x100.webp 100w, https:\/\/www.veltec.eu\/wp-content\/uploads\/2020\/07\/Kirby-caddy.webp 500w\" sizes=\"(max-width: 300px) 100vw, 300px\" \/><p id=\"caption-attachment-82972\" class=\"wp-caption-text\">Kirby Avalir 2 + Turbo-B\u00fcrste<\/p><\/div>\n<div id=\"attachment_83198\" style=\"width: 310px\" class=\"wp-caption alignnone\"><img decoding=\"async\" aria-describedby=\"caption-attachment-83198\" class=\"wp-image-83198 size-medium\" src=\"https:\/\/www.veltec.eu\/wp-content\/uploads\/2025\/03\/Kirby-Zipp-brush-300x300.jpeg\" alt=\"Kirby Avalir 2 + Turbo-B\u00fcrste\" width=\"300\" height=\"300\" srcset=\"https:\/\/www.veltec.eu\/wp-content\/uploads\/2025\/03\/Kirby-Zipp-brush-300x300.jpeg 300w, https:\/\/www.veltec.eu\/wp-content\/uploads\/2025\/03\/Kirby-Zipp-brush-80x80.jpeg 80w, https:\/\/www.veltec.eu\/wp-content\/uploads\/2025\/03\/Kirby-Zipp-brush-36x36.jpeg 36w, https:\/\/www.veltec.eu\/wp-content\/uploads\/2025\/03\/Kirby-Zipp-brush-180x180.jpeg 180w, https:\/\/www.veltec.eu\/wp-content\/uploads\/2025\/03\/Kirby-Zipp-brush-120x120.jpeg 120w, https:\/\/www.veltec.eu\/wp-content\/uploads\/2025\/03\/Kirby-Zipp-brush-450x450.jpeg 450w, https:\/\/www.veltec.eu\/wp-content\/uploads\/2025\/03\/Kirby-Zipp-brush-100x100.jpeg 100w, https:\/\/www.veltec.eu\/wp-content\/uploads\/2025\/03\/Kirby-Zipp-brush-60x60.jpeg 60w, https:\/\/www.veltec.eu\/wp-content\/uploads\/2025\/03\/Kirby-Zipp-brush-90x90.jpeg 90w, https:\/\/www.veltec.eu\/wp-content\/uploads\/2025\/03\/Kirby-Zipp-brush.jpeg 600w\" sizes=\"(max-width: 300px) 100vw, 300px\" \/><p id=\"caption-attachment-83198\" class=\"wp-caption-text\">Kirby Avalir 2 + Turbo-B\u00fcrste<\/p><\/div>\n<h3>Optionale Erweiterungen:<\/h3>\n<p>M\u00f6chten Sie Ihren Kirby noch vielseitiger machen? Erweitern Sie Ihr System mit zus\u00e4tzlichem Zubeh\u00f6r wie dem <a href=\"https:\/\/www.veltec.eu\/de\/product\/kirby-bohnersystem-nl3155\/\" target=\"_blank\" rel=\"noopener\">Kirby Poliersystem<\/a>, dem <a href=\"https:\/\/www.veltec.eu\/de\/product\/kirby-multi-boden-reinigungssystem-nl300\/\" target=\"_blank\" rel=\"noopener\">Kirby Multi Boden Reinigungssystem<\/a> , einem l\u00e4ngeren <a href=\"https:\/\/www.veltec.eu\/de\/product\/kirby-staubsaugerschlauch-4m-nl3168\/\" target=\"_blank\" rel=\"noopener\">Saugschlauch (4 Meter) <\/a>oder dem <a href=\"https:\/\/www.veltec.eu\/de\/product\/kirby-turbozubehorsystem-nl3126\/\" target=\"_blank\" rel=\"noopener\">Kirby Turbozubeh\u00f6rsystem.<\/a><\/p>\n<p data-start=\"1971\" data-end=\"2087\">Alle unsere Kirby-Ger\u00e4te werden zu Ihnen nach Hause geliefert und verf\u00fcgen \u00fcber eine zweij\u00e4hrige Garantie.<\/p>\n<p data-start=\"2089\" data-end=\"2153\"><a href=\"https:\/\/www.veltec.eu\/de\/?page_id=15276\" target=\"_blank\" rel=\"noopener\">Hier finden Sie alle Kirby-Ger\u00e4te neu und Werkstatt\u00fcberholt.<\/a><\/p>\n<p data-start=\"2089\" data-end=\"2153\"><img decoding=\"async\" class=\"alignright wp-image-85974 size-medium\" src=\"https:\/\/www.veltec.eu\/wp-content\/uploads\/2018\/09\/Kirby-refurbished-1-300x300.png\" alt=\"Kirby Avalir 2 + Turbo-B\u00fcrste \u2013 Werkstatt\u00fcberholt\" width=\"300\" height=\"300\" srcset=\"https:\/\/www.veltec.eu\/wp-content\/uploads\/2018\/09\/Kirby-refurbished-1-300x300.png 300w, https:\/\/www.veltec.eu\/wp-content\/uploads\/2018\/09\/Kirby-refurbished-1-80x80.png 80w, https:\/\/www.veltec.eu\/wp-content\/uploads\/2018\/09\/Kirby-refurbished-1-36x36.png 36w, https:\/\/www.veltec.eu\/wp-content\/uploads\/2018\/09\/Kirby-refurbished-1-180x180.png 180w, https:\/\/www.veltec.eu\/wp-content\/uploads\/2018\/09\/Kirby-refurbished-1-120x120.png 120w, https:\/\/www.veltec.eu\/wp-content\/uploads\/2018\/09\/Kirby-refurbished-1-450x450.png 450w, https:\/\/www.veltec.eu\/wp-content\/uploads\/2018\/09\/Kirby-refurbished-1-600x600.png 600w, https:\/\/www.veltec.eu\/wp-content\/uploads\/2018\/09\/Kirby-refurbished-1-100x100.png 100w, https:\/\/www.veltec.eu\/wp-content\/uploads\/2018\/09\/Kirby-refurbished-1.png 626w\" sizes=\"(max-width: 300px) 100vw, 300px\" \/><\/p>\n<h2 data-start=\"2160\" data-end=\"2199\">Was bedeutet \u201eWerkstatt\u00fcberholt\u201c?<\/h2>\n<p data-start=\"2201\" data-end=\"2542\">Ein werkstatt\u00fcberholter Kirby ist ein gebrauchtes Ger\u00e4t, das in unserer Veltec Kirby Spezialisten-Werkstatt vollst\u00e4ndig gepr\u00fcft, gereinigt und \u00fcberholt wird.<br data-start=\"2366\" data-end=\"2369\" \/>Im Gegensatz zur Werks\u00fcberholung erfolgt diese Revision direkt durch unsere qualifizierten Kirby-Techniker, die ausschlie\u00dflich originale Kirby-Ersatzteile verwenden.<\/p>\n<h3>W\u00e4hrend des \u00dcberholungsprozesses wird das Ger\u00e4t:<\/h3>\n<ul data-start=\"2601\" data-end=\"2789\">\n<li data-start=\"2601\" data-end=\"2624\">vollst\u00e4ndig zerlegt<\/li>\n<li data-start=\"2625\" data-end=\"2674\">gr\u00fcndlich gereinigt und professionell poliert<\/li>\n<li data-start=\"2675\" data-end=\"2717\">mit neuen Bauteilen versehen, wo n\u00f6tig<\/li>\n<li data-start=\"2718\" data-end=\"2789\">technisch nach den urspr\u00fcnglichen Kirby-Qualit\u00e4tsstandards getestet<\/li>\n<\/ul>\n<h4>Das Ergebnis:<\/h4>\n<p data-start=\"2813\" data-end=\"2928\">Ein Kirby, der funktioniert, leistungsstark ist und aussieht wie neu, jedoch zu einem Bruchteil des Neupreises.<\/p>\n<h4>Ihr Vorteil:<\/h4>\n<p data-start=\"2951\" data-end=\"3142\">Sie erhalten eine volle zweij\u00e4hrige Garantie auf jeden werkstatt\u00fcberholten Kirby. So genie\u00dfen Sie Zuverl\u00e4ssigkeit, hohe Leistung und ein Ger\u00e4t, das noch viele Jahre einsatzbereit ist.<\/p>\n<h2>Die Leistung des Kirby Avalir 2 + Turbo-B\u00fcrste<\/h2>\n<p>Der Avalir 2 ist mehr als nur ein Staubsauger \u2013 er ist ein vollwertiges Reinigungssystem, das m\u00fchelos alle Oberfl\u00e4chen in Ihrem Zuhause reinigt. Dank fortschrittlicher Technologien und einem breiten Funktionsumfang bietet der Avalir 2 ein herausragendes Reinigungserlebnis.<\/p>\n<h2 data-start=\"3497\" data-end=\"3551\">Warum den Kirby Avalir 2 + Turbo-B\u00fcrste w\u00e4hlen?<\/h2>\n<p data-start=\"3553\" data-end=\"3924\">Dieses Ger\u00e4t ist f\u00fcr Langlebigkeit und Spitzenleistung konzipiert. Es kombiniert die Kraft eines traditionellen Staubsaugers mit Tiefenreinigungsfunktionen, sodass Ihre B\u00f6den und Teppiche immer wie neu aussehen. Dank seiner robusten Konstruktion und hochwertigen Materialien wird der Avalir 2 jahrelang halten, wodurch sich Ihre Investition lohnt.<\/p>\n<p>Hier finden Sie\u00a0<a href=\"https:\/\/www.kirby-staubsauger-service.de\/der-kirby-avalir\/\" target=\"_blank\" rel=\"noopener\">Alles, was Sie \u00fcber den Kirby Avalir wissen m\u00fcssen<\/a><\/p>\n<h2 data-start=\"3931\" data-end=\"3967\">Starke Saugkraft und Effizienz<\/h2>\n<p data-start=\"3969\" data-end=\"4333\">Der leistungsstarke Motor des Avalir 2 sorgt f\u00fcr eine gr\u00fcndliche Reinigung von Teppichen und Hartb\u00f6den. Die fortschrittliche Filtertechnologie erfasst selbst kleinste Staubpartikel und sorgt f\u00fcr eine saubere und ges\u00fcndere Wohnumgebung. Mit der einstellbaren Saugleistung reinigen Sie verschiedene Oberfl\u00e4chen pr\u00e4zise \u2013 von Gardinen bis Parkett.<\/p>\n<h2 data-start=\"4340\" data-end=\"4388\">Kirby Turbo-B\u00fcrste: ein wertvolles Zubeh\u00f6r<\/h2>\n<p data-start=\"4390\" data-end=\"4576\">Der rotierende B\u00fcrstenkopf erleichtert die Reinigung von M\u00f6beln und Polstern. Er entfernt m\u00fchelos Schmutz, Staub und Tierhaare von gepolsterten Oberfl\u00e4chen und Autoinnenr\u00e4umen.<\/p>\n<h2 data-start=\"4583\" data-end=\"4617\">Vielseitigkeit beim Reinigen<\/h2>\n<p data-start=\"4619\" data-end=\"4719\">Der Avalir 2 zeichnet sich durch seine Multifunktionalit\u00e4t aus.<br data-start=\"4686\" data-end=\"4689\" \/>Er l\u00e4sst sich verwandeln in:<\/p>\n<ul data-start=\"4720\" data-end=\"4803\">\n<li data-start=\"4720\" data-end=\"4735\">Polierger\u00e4t<\/li>\n<li data-start=\"4736\" data-end=\"4757\">Matratzenreiniger<\/li>\n<li data-start=\"4758\" data-end=\"4776\">Luftkompressor<\/li>\n<li data-start=\"4777\" data-end=\"4803\">Teppich-Tiefenreiniger<\/li>\n<\/ul>\n<p data-start=\"4805\" data-end=\"4902\">Mit nur einem Ger\u00e4t erledigen Sie verschiedene Reinigungsaufgaben effizient und sparen Platz.<\/p>\n<h2 data-start=\"4909\" data-end=\"4937\">Umfassendes Zubeh\u00f6rset<\/h2>\n<p data-start=\"4939\" data-end=\"5217\">Der Avalir 2 wird mit Zubeh\u00f6r geliefert, das Reinigungsaufgaben einfacher und schneller macht. Von Spezialb\u00fcrsten f\u00fcr Tierhaare bis zu Aufs\u00e4tzen f\u00fcr schwer erreichbare Stellen \u2013 der Kirby Avalir 2 bietet alles f\u00fcr eine gr\u00fcndliche Reinigung Ihres gesamten Hauses.<\/p>\n","protected":false},"excerpt":{"rendered":"<p>Wir k\u00f6nnen Ihnen diesen Kirby Avalir 2 \u00dcberholt zu einem Betrag anbieten, der 60 % unter dem Angebotspreis von etwa \u20ac 3.200,- liegt.<\/p>\n[trustindex data-widget-id=31675542425128034566e10b5fb]\n<h3><span style=\"color: #008000;\"><br \/>\nVorr\u00e4tig<\/span><\/h3>\n[av_font_icon icon='ue812' font='entypo-fontello' style='' caption='' size='25px' position='left' color='#43ad66' link='' linktarget='' title_attr='' sonar_effect_effect='' sonar_effect_color='' sonar_effect_duration='1' sonar_effect_scale='' sonar_effect_opac='0.5' animation='' id='' custom_class='' template_class='' av_uid='' sc_version='1.0' admin_preview_bg=''][\/av_font_icon]\n<p><span style=\"color: #008000;\">Die Lieferzeit betr\u00e4gt zwischen 5-10 Arbeitstagen.<\/span><\/p>\n<p>&nbsp;<\/p>\n","protected":false},"featured_media":86057,"comment_status":"open","ping_status":"closed","template":"","meta":{"_acf_changed":false},"product_brand":[],"product_cat":[313,414,410],"product_tag":[],"class_list":{"0":"post-76055","1":"product","2":"type-product","3":"status-publish","4":"has-post-thumbnail","6":"product_cat-angebote","7":"product_cat-kirby-staubsauger-neu","8":"product_cat-kirby-staubsauger-uberholt","10":"first","11":"instock","12":"sale","13":"taxable","14":"shipping-taxable","15":"purchasable","16":"product-type-simple"},"acf":[],"yoast_head":"<!-- This site is optimized with the Yoast SEO Premium plugin v27.1 (Yoast SEO v27.4) - https:\/\/yoast.com\/product\/yoast-seo-premium-wordpress\/ -->\n<title>Kirby Avalir 2 + Turbo-B\u00fcrste - Veltec Kirby specialist<\/title>\n<meta name=\"description\" content=\"Kirby Avalir 2 + Turbo-B\u00fcrste - Veltec ist seit \u00fcber 25 Jahren Lieferant von Kirby-Staubsaugern. Und ist Ihr Kirby-Spezialist.\" \/>\n<meta name=\"robots\" content=\"index, follow, max-snippet:-1, max-image-preview:large, max-video-preview:-1\" \/>\n<link rel=\"canonical\" href=\"https:\/\/www.veltec.eu\/de\/product\/kirby-avalir-2-turbo-buerste\/\" \/>\n<meta property=\"og:locale\" content=\"de_DE\" \/>\n<meta property=\"og:type\" content=\"article\" \/>\n<meta property=\"og:title\" content=\"Kirby Avalir 2 + Turbo-B\u00fcrste\" \/>\n<meta property=\"og:description\" content=\"Wir k\u00f6nnen Ihnen diesen Kirby Avalir 2 \u00dcberholt zu einem Betrag anbieten, der 60 % unter dem Angebotspreis von etwa \u20ac 3.200,- liegt.    Vorr\u00e4tig   Die Lieferzeit betr\u00e4gt zwischen 5-10 Arbeitstagen.  &nbsp;\" \/>\n<meta property=\"og:url\" content=\"https:\/\/www.veltec.eu\/de\/product\/kirby-avalir-2-turbo-buerste\/\" \/>\n<meta property=\"og:site_name\" content=\"Veltec Kirby specialist\" \/>\n<meta property=\"article:publisher\" content=\"https:\/\/www.facebook.com\/Veltec-Kirby-Specialist-236746293374877\/\" \/>\n<meta property=\"article:modified_time\" content=\"2026-04-30T09:45:15+00:00\" \/>\n<meta property=\"og:image\" content=\"https:\/\/www.veltec.eu\/wp-content\/uploads\/2025\/03\/Avalir2Turbo-1.png\" \/>\n\t<meta property=\"og:image:width\" content=\"620\" \/>\n\t<meta property=\"og:image:height\" content=\"620\" \/>\n\t<meta property=\"og:image:type\" content=\"image\/png\" \/>\n<meta name=\"twitter:card\" content=\"summary_large_image\" \/>\n<meta name=\"twitter:label1\" content=\"Gesch\u00e4tzte Lesezeit\" \/>\n\t<meta name=\"twitter:data1\" content=\"4\u00a0Minuten\" \/>\n<script type=\"application\/ld+json\" class=\"yoast-schema-graph\">{\"@context\":\"https:\\\/\\\/schema.org\",\"@graph\":[{\"@type\":\"WebPage\",\"@id\":\"https:\\\/\\\/www.veltec.eu\\\/de\\\/product\\\/kirby-avalir-2-turbo-buerste\\\/\",\"url\":\"https:\\\/\\\/www.veltec.eu\\\/de\\\/product\\\/kirby-avalir-2-turbo-buerste\\\/\",\"name\":\"Kirby Avalir 2 + Turbo-B\u00fcrste - Veltec Kirby specialist\",\"isPartOf\":{\"@id\":\"https:\\\/\\\/www.veltec.eu\\\/en\\\/#website\"},\"primaryImageOfPage\":{\"@id\":\"https:\\\/\\\/www.veltec.eu\\\/de\\\/product\\\/kirby-avalir-2-turbo-buerste\\\/#primaryimage\"},\"image\":{\"@id\":\"https:\\\/\\\/www.veltec.eu\\\/de\\\/product\\\/kirby-avalir-2-turbo-buerste\\\/#primaryimage\"},\"thumbnailUrl\":\"https:\\\/\\\/www.veltec.eu\\\/wp-content\\\/uploads\\\/2025\\\/03\\\/Avalir2Turbo-1.png\",\"datePublished\":\"2025-03-04T12:07:29+00:00\",\"dateModified\":\"2026-04-30T09:45:15+00:00\",\"description\":\"Kirby Avalir 2 + Turbo-B\u00fcrste - Veltec ist seit \u00fcber 25 Jahren Lieferant von Kirby-Staubsaugern. Und ist Ihr Kirby-Spezialist.\",\"breadcrumb\":{\"@id\":\"https:\\\/\\\/www.veltec.eu\\\/de\\\/product\\\/kirby-avalir-2-turbo-buerste\\\/#breadcrumb\"},\"inLanguage\":\"de\",\"potentialAction\":[{\"@type\":\"ReadAction\",\"target\":[\"https:\\\/\\\/www.veltec.eu\\\/de\\\/product\\\/kirby-avalir-2-turbo-buerste\\\/\"]}]},{\"@type\":\"ImageObject\",\"inLanguage\":\"de\",\"@id\":\"https:\\\/\\\/www.veltec.eu\\\/de\\\/product\\\/kirby-avalir-2-turbo-buerste\\\/#primaryimage\",\"url\":\"https:\\\/\\\/www.veltec.eu\\\/wp-content\\\/uploads\\\/2025\\\/03\\\/Avalir2Turbo-1.png\",\"contentUrl\":\"https:\\\/\\\/www.veltec.eu\\\/wp-content\\\/uploads\\\/2025\\\/03\\\/Avalir2Turbo-1.png\",\"width\":620,\"height\":620},{\"@type\":\"BreadcrumbList\",\"@id\":\"https:\\\/\\\/www.veltec.eu\\\/de\\\/product\\\/kirby-avalir-2-turbo-buerste\\\/#breadcrumb\",\"itemListElement\":[{\"@type\":\"ListItem\",\"position\":1,\"name\":\"Home\",\"item\":\"https:\\\/\\\/www.veltec.eu\\\/de\\\/\"},{\"@type\":\"ListItem\",\"position\":2,\"name\":\"Kirby Shop\",\"item\":\"https:\\\/\\\/www.veltec.eu\\\/nl\\\/shop-page\\\/\"},{\"@type\":\"ListItem\",\"position\":3,\"name\":\"Kirby Avalir 2 + Turbo-B\u00fcrste\"}]},{\"@type\":\"WebSite\",\"@id\":\"https:\\\/\\\/www.veltec.eu\\\/en\\\/#website\",\"url\":\"https:\\\/\\\/www.veltec.eu\\\/en\\\/\",\"name\":\"Veltec Kirby specialist\",\"description\":\"Kirby stofzuiger producten\",\"publisher\":{\"@id\":\"https:\\\/\\\/www.veltec.eu\\\/en\\\/#organization\"},\"potentialAction\":[{\"@type\":\"SearchAction\",\"target\":{\"@type\":\"EntryPoint\",\"urlTemplate\":\"https:\\\/\\\/www.veltec.eu\\\/en\\\/?s={search_term_string}\"},\"query-input\":{\"@type\":\"PropertyValueSpecification\",\"valueRequired\":true,\"valueName\":\"search_term_string\"}}],\"inLanguage\":\"de\"},{\"@type\":\"Organization\",\"@id\":\"https:\\\/\\\/www.veltec.eu\\\/en\\\/#organization\",\"name\":\"Veltec Kirby Specialist\",\"url\":\"https:\\\/\\\/www.veltec.eu\\\/en\\\/\",\"logo\":{\"@type\":\"ImageObject\",\"inLanguage\":\"de\",\"@id\":\"https:\\\/\\\/www.veltec.eu\\\/en\\\/#\\\/schema\\\/logo\\\/image\\\/\",\"url\":\"https:\\\/\\\/www.veltec.eu\\\/wp-content\\\/uploads\\\/2021\\\/12\\\/Veltec-log-groot-e1537260889125.png\",\"contentUrl\":\"https:\\\/\\\/www.veltec.eu\\\/wp-content\\\/uploads\\\/2021\\\/12\\\/Veltec-log-groot-e1537260889125.png\",\"width\":200,\"height\":60,\"caption\":\"Veltec Kirby Specialist\"},\"image\":{\"@id\":\"https:\\\/\\\/www.veltec.eu\\\/en\\\/#\\\/schema\\\/logo\\\/image\\\/\"},\"sameAs\":[\"https:\\\/\\\/www.facebook.com\\\/Veltec-Kirby-Specialist-236746293374877\\\/\",\"https:\\\/\\\/www.youtube.com\\\/user\\\/VeltecService\"]}]}<\/script>\n<!-- \/ Yoast SEO Premium plugin. -->","yoast_head_json":{"title":"Kirby Avalir 2 + Turbo-B\u00fcrste - Veltec Kirby specialist","description":"Kirby Avalir 2 + Turbo-B\u00fcrste - Veltec ist seit \u00fcber 25 Jahren Lieferant von Kirby-Staubsaugern. Und ist Ihr Kirby-Spezialist.","robots":{"index":"index","follow":"follow","max-snippet":"max-snippet:-1","max-image-preview":"max-image-preview:large","max-video-preview":"max-video-preview:-1"},"canonical":"https:\/\/www.veltec.eu\/de\/product\/kirby-avalir-2-turbo-buerste\/","og_locale":"de_DE","og_type":"article","og_title":"Kirby Avalir 2 + Turbo-B\u00fcrste","og_description":"Wir k\u00f6nnen Ihnen diesen Kirby Avalir 2 \u00dcberholt zu einem Betrag anbieten, der 60 % unter dem Angebotspreis von etwa \u20ac 3.200,- liegt.    Vorr\u00e4tig   Die Lieferzeit betr\u00e4gt zwischen 5-10 Arbeitstagen.  &nbsp;","og_url":"https:\/\/www.veltec.eu\/de\/product\/kirby-avalir-2-turbo-buerste\/","og_site_name":"Veltec Kirby specialist","article_publisher":"https:\/\/www.facebook.com\/Veltec-Kirby-Specialist-236746293374877\/","article_modified_time":"2026-04-30T09:45:15+00:00","og_image":[{"width":620,"height":620,"url":"https:\/\/www.veltec.eu\/wp-content\/uploads\/2025\/03\/Avalir2Turbo-1.png","type":"image\/png"}],"twitter_card":"summary_large_image","twitter_misc":{"Gesch\u00e4tzte Lesezeit":"4\u00a0Minuten"},"schema":{"@context":"https:\/\/schema.org","@graph":[{"@type":"WebPage","@id":"https:\/\/www.veltec.eu\/de\/product\/kirby-avalir-2-turbo-buerste\/","url":"https:\/\/www.veltec.eu\/de\/product\/kirby-avalir-2-turbo-buerste\/","name":"Kirby Avalir 2 + Turbo-B\u00fcrste - Veltec Kirby specialist","isPartOf":{"@id":"https:\/\/www.veltec.eu\/en\/#website"},"primaryImageOfPage":{"@id":"https:\/\/www.veltec.eu\/de\/product\/kirby-avalir-2-turbo-buerste\/#primaryimage"},"image":{"@id":"https:\/\/www.veltec.eu\/de\/product\/kirby-avalir-2-turbo-buerste\/#primaryimage"},"thumbnailUrl":"https:\/\/www.veltec.eu\/wp-content\/uploads\/2025\/03\/Avalir2Turbo-1.png","datePublished":"2025-03-04T12:07:29+00:00","dateModified":"2026-04-30T09:45:15+00:00","description":"Kirby Avalir 2 + Turbo-B\u00fcrste - Veltec ist seit \u00fcber 25 Jahren Lieferant von Kirby-Staubsaugern. Und ist Ihr Kirby-Spezialist.","breadcrumb":{"@id":"https:\/\/www.veltec.eu\/de\/product\/kirby-avalir-2-turbo-buerste\/#breadcrumb"},"inLanguage":"de","potentialAction":[{"@type":"ReadAction","target":["https:\/\/www.veltec.eu\/de\/product\/kirby-avalir-2-turbo-buerste\/"]}]},{"@type":"ImageObject","inLanguage":"de","@id":"https:\/\/www.veltec.eu\/de\/product\/kirby-avalir-2-turbo-buerste\/#primaryimage","url":"https:\/\/www.veltec.eu\/wp-content\/uploads\/2025\/03\/Avalir2Turbo-1.png","contentUrl":"https:\/\/www.veltec.eu\/wp-content\/uploads\/2025\/03\/Avalir2Turbo-1.png","width":620,"height":620},{"@type":"BreadcrumbList","@id":"https:\/\/www.veltec.eu\/de\/product\/kirby-avalir-2-turbo-buerste\/#breadcrumb","itemListElement":[{"@type":"ListItem","position":1,"name":"Home","item":"https:\/\/www.veltec.eu\/de\/"},{"@type":"ListItem","position":2,"name":"Kirby Shop","item":"https:\/\/www.veltec.eu\/nl\/shop-page\/"},{"@type":"ListItem","position":3,"name":"Kirby Avalir 2 + Turbo-B\u00fcrste"}]},{"@type":"WebSite","@id":"https:\/\/www.veltec.eu\/en\/#website","url":"https:\/\/www.veltec.eu\/en\/","name":"Veltec Kirby specialist","description":"Kirby stofzuiger producten","publisher":{"@id":"https:\/\/www.veltec.eu\/en\/#organization"},"potentialAction":[{"@type":"SearchAction","target":{"@type":"EntryPoint","urlTemplate":"https:\/\/www.veltec.eu\/en\/?s={search_term_string}"},"query-input":{"@type":"PropertyValueSpecification","valueRequired":true,"valueName":"search_term_string"}}],"inLanguage":"de"},{"@type":"Organization","@id":"https:\/\/www.veltec.eu\/en\/#organization","name":"Veltec Kirby Specialist","url":"https:\/\/www.veltec.eu\/en\/","logo":{"@type":"ImageObject","inLanguage":"de","@id":"https:\/\/www.veltec.eu\/en\/#\/schema\/logo\/image\/","url":"https:\/\/www.veltec.eu\/wp-content\/uploads\/2021\/12\/Veltec-log-groot-e1537260889125.png","contentUrl":"https:\/\/www.veltec.eu\/wp-content\/uploads\/2021\/12\/Veltec-log-groot-e1537260889125.png","width":200,"height":60,"caption":"Veltec Kirby Specialist"},"image":{"@id":"https:\/\/www.veltec.eu\/en\/#\/schema\/logo\/image\/"},"sameAs":["https:\/\/www.facebook.com\/Veltec-Kirby-Specialist-236746293374877\/","https:\/\/www.youtube.com\/user\/VeltecService"]}]}},"_links":{"self":[{"href":"https:\/\/www.veltec.eu\/de\/wp-json\/wp\/v2\/product\/76055","targetHints":{"allow":["GET"]}}],"collection":[{"href":"https:\/\/www.veltec.eu\/de\/wp-json\/wp\/v2\/product"}],"about":[{"href":"https:\/\/www.veltec.eu\/de\/wp-json\/wp\/v2\/types\/product"}],"replies":[{"embeddable":true,"href":"https:\/\/www.veltec.eu\/de\/wp-json\/wp\/v2\/comments?post=76055"}],"wp:featuredmedia":[{"embeddable":true,"href":"https:\/\/www.veltec.eu\/de\/wp-json\/wp\/v2\/media\/86057"}],"wp:attachment":[{"href":"https:\/\/www.veltec.eu\/de\/wp-json\/wp\/v2\/media?parent=76055"}],"wp:term":[{"taxonomy":"product_brand","embeddable":true,"href":"https:\/\/www.veltec.eu\/de\/wp-json\/wp\/v2\/product_brand?post=76055"},{"taxonomy":"product_cat","embeddable":true,"href":"https:\/\/www.veltec.eu\/de\/wp-json\/wp\/v2\/product_cat?post=76055"},{"taxonomy":"product_tag","embeddable":true,"href":"https:\/\/www.veltec.eu\/de\/wp-json\/wp\/v2\/product_tag?post=76055"}],"curies":[{"name":"wp","href":"https:\/\/api.w.org\/{rel}","templated":true}]}}