{"id":73908,"date":"2025-02-05T13:20:38","date_gmt":"2025-02-05T11:20:38","guid":{"rendered":"https:\/\/www.veltec.eu\/product\/conga-7690-immortal-max\/"},"modified":"2025-06-11T13:48:28","modified_gmt":"2025-06-11T11:48:28","slug":"staubsaugerroboter-7690-max","status":"publish","type":"product","link":"https:\/\/www.veltec.eu\/de\/product\/staubsaugerroboter-7690-max\/","title":{"rendered":"Staubsaugerroboter 7690 Max"},"content":{"rendered":"<h1>Staubsaugerroboter 7690 Max<\/h1>\n<p>Staubsaugerroboter 7690 Max mit Lasernavigationstechnologie. 4-in-1-Reinigung: Kehren, Saugen, Moppen und Wischen. Saugleistung von 5000 Pa. Autonomie bis zu 220 Minuten. Zentrale B\u00fcrste aus Silikon, optimal f\u00fcr Tierhaare. Wischb\u00fcrste und 1 Seitenb\u00fcrste. APP-Steuerung und virtuelle Assistenten. Bluetooth- und WiFi-Verbindung f\u00fcr 2,4-GHz- und 5-GHz-Netze.<\/p>\n<p><a href=\"\/nl?product_cat=staubsaugerroboter\">Alle Staubsaugerroboter finden Sie hier<\/a><\/p>\n<h2>Staubsaugerroboter 7690 Max &#8211; Der ultimative Roboterstaubsauger f\u00fcr ein strahlend sauberes Zuhause<\/h2>\n<h3>Fortschrittliche 4-in-1-Reinigungstechnologie<\/h3>\n<p>Der Staubsaugerroboter 7690 Max ist der Staubsaugerroboter, der Ihre Reinigungsroutine auf die n\u00e4chste Stufe hebt. Mit seiner 4-in-1-Funktionalit\u00e4t fegt, saugt, wischt und trocknet er in einer einzigen Bewegung und macht Ihre B\u00f6den im Handumdrehen makellos sauber. Dank seiner Lasernavigationstechnologie kartiert der Roboter Ihr Zuhause f\u00fcr eine effiziente und intelligente Reinigungsroute, unabh\u00e4ngig von den Lichtverh\u00e4ltnissen.<\/p>\n<h3>Beeindruckende Saugleistung von 5000 Pa<\/h3>\n<p>Mit einer ultrastarken Saugleistung von 5000 Pa entfernt der Staubsaugerroboter 7690 m\u00fchelos Staub, Haare und andere Verschmutzungen von Hartb\u00f6den und Teppichen. Diese enorme Saugleistung sorgt daf\u00fcr, dass selbst der hartn\u00e4ckigste Schmutz keine Chance hat, damit Ihre B\u00f6den immer perfekt aussehen.<\/p>\n<h3>Perfekt f\u00fcr Haushalte mit Haustieren<\/h3>\n<p>Haben Sie Haustiere? Kein Grund zur Sorge! Die Anti-Klit-B\u00fcrste aus Silikon wurde speziell daf\u00fcr entwickelt, Tierhaare effizient aufzusaugen, ohne dass sie stecken bleiben. Das macht den Staubsaugerroboter 7690 Max ideal f\u00fcr Haushalte mit pelzigen Vierbeinern. Genie\u00dfen Sie ein Zuhause frei von fliegenden Tierhaaren und Staubnestern.<\/p>\n<h3>Maximale Autonomie: bis zu 220 Minuten ununterbrochene Reinigung<\/h3>\n<p>Dieser Staubsaugerroboter ist mit einem leistungsstarken 3200-mAh-Akku ausgestattet, der bis zu 220 Minuten lang ununterbrochen arbeitet. Das bedeutet, dass er Fl\u00e4chen von bis zu 220 m\u00b2 reinigen kann, ohne sich zwischendurch aufzuladen. Ist der Akku trotzdem leer? Kein Problem! Dank Total Surface 3.0 kehrt der Roboter automatisch zur Ladestation zur\u00fcck und setzt die Reinigung genau dort fort, wo er aufgeh\u00f6rt hat.<\/p>\n<h3>Intelligente Steuerung \u00fcber APP und Sprachassistenten<\/h3>\n<p>Der Staubsaugerroboter 7690 Max l\u00e4sst sich vollst\u00e4ndig an Ihre Bed\u00fcrfnisse anpassen. Verwenden Sie die Conga APP 3.0, um Reinigungsroutinen zu planen, bestimmte R\u00e4ume festzulegen oder bestimmte Bereiche auszuschlie\u00dfen. Dar\u00fcber hinaus ist der Roboter mit Google Assistant und Amazon Alexa kompatibel, sodass Sie ihn mit einfachen Sprachbefehlen steuern k\u00f6nnen.<\/p>\n<h3>Interaktive Karte und intelligente Navigation mit Staubsaugerroboter 7690 Max<\/h3>\n<p>Dank der Lasernavigationstechnologie erstellt der Roboter eine interaktive Karte Ihres Zuhauses. Dadurch passt er seine Route f\u00fcr eine effiziente und gezielte Reinigung an. Unabh\u00e4ngig von den Lichtverh\u00e4ltnissen navigiert er m\u00fchelos durch jeden Raum und umgeht dabei Hindernisse wie M\u00f6bel und Treppen.<\/p>\n<h3>Anpassbare Wassersteuerung f\u00fcr das Wischen<\/h3>\n<p>M\u00f6chten Sie auch wischen k\u00f6nnen? Der Staubsaugerroboter 7690 bietet ein intelligentes Wischsystem mit drei verschiedenen Wasserstufen. So k\u00f6nnen Sie je nach Art des Bodens entscheiden, wie viel Wasser Sie verwenden m\u00f6chten. Das sorgt f\u00fcr eine perfekt abgestimmte Reinigung ohne Schlieren oder Wassersch\u00e4den.<\/p>\n<h3>Einfache Verbindung \u00fcber Bluetooth und WiFi<\/h3>\n<p>Der Staubsaugerroboter 7690 Max unterst\u00fctzt sowohl 2,4-GHz- als auch 5-GHz-WiFi-Netzwerke und verf\u00fcgt \u00fcber Bluetooth-Konnektivit\u00e4t. So k\u00f6nnen Sie ihn ganz einfach mit Ihrem Smartphone oder Smart-Home-System koppeln, um ein nahtloses Benutzererlebnis zu gew\u00e4hrleisten.<\/p>\n<h3>Warum den Staubsaugerroboter 7690 Max w\u00e4hlen?<\/h3>\n<ul>\n<li>4-in-1-Reinigung: Wischt, saugt, wischt und trocknet in einem Arbeitsgang.<\/li>\n<li>5000 Pa Saugleistung: Extrem leistungsstark f\u00fcr die Tiefenreinigung.<\/li>\n<li>Haustierfreundlich: Spezielle Anti-Klit-Silikonb\u00fcrste f\u00fcr Tierhaare.<\/li>\n<li>Bis zu 220 Minuten Akkulaufzeit: Deckt bis zu 220 m\u00b2 ohne Unterbrechung ab.<\/li>\n<li>Smarte Steuerung: Steuerung \u00fcber APP, Google Assistant und Alexa.<\/li>\n<li>Interaktive Karte und Lasernavigation: Pr\u00e4zise und effiziente Reinigungsroute.<\/li>\n<li>Einstellbare Wischfunktion: Passen Sie den Wasserstand an Ihren Bodentyp an.<\/li>\n<li>Einfache Verbindung: Unterst\u00fctzt sowohl 2,4GHz als auch 5GHz WiFi und Bluetooth.<\/li>\n<\/ul>\n<p>Machen Sie Ihre Reinigungsroutine m\u00fchelos und effizient mit dem Staubsaugerroboter 7690 Max. Bestellen Sie noch heute und erleben Sie die Kraft der intelligenten, fortschrittlichen Reinigung!<\/p>\n<h4>Zusammensetzung<\/h4>\n<ul>\n<li>Staubsaugerroboter<\/li>\n<li>Seitenb\u00fcrste<\/li>\n<li>Silikonb\u00fcrste<\/li>\n<li>Gemischter Tank<\/li>\n<li>Hocheffizienter Filter<\/li>\n<li>Benutzerhandbuch<\/li>\n<li>Scheuermopp<\/li>\n<\/ul>\n","protected":false},"excerpt":{"rendered":"<p>Entdecken Sie den Staubsaugerroboter 7690 Max, den fortschrittlichen Staubsaugerroboter, der die Reinigung revolutioniert. Mit pr\u00e4ziser Lasernavigation, 5000 Pa Saugleistung und einer Akkulaufzeit von 220 Minuten wird Ihr Zuhause m\u00fchelos sauber bleiben.<\/p>\n<h3><span style=\"color: #008000;\">Vorr\u00e4tig<\/span><\/h3>\n[av_font_icon icon='ue812' font='entypo-fontello' style='' caption='' size='25px' position='left' color='#43ad66' link='' linktarget='' title_attr='' sonar_effect_effect='' sonar_effect_color='' sonar_effect_duration='1' sonar_effect_scale='' sonar_effect_opac='0.5' animation='' id='' custom_class='' template_class='' av_uid='' sc_version='1.0' admin_preview_bg=''][\/av_font_icon]\n<p><span style=\"color: #008000;\">Die Lieferzeit betr\u00e4gt zwischen 5 und 10 Arbeitstagen.<\/span><\/p>\n[av_font_icon icon='ue812' font='entypo-fontello' style='' caption='' size='25px' position='left' color='#43ad66' link='' linktarget='' title_attr='' sonar_effect_effect='' sonar_effect_color='' sonar_effect_duration='1' sonar_effect_scale='' sonar_effect_opac='0.5' animation='' id='' custom_class='' template_class='' av_uid='' sc_version='1.0' admin_preview_bg=''][\/av_font_icon]\n<p><span style=\"color: #008000;\">2 Jahre Garantie<\/span><\/p>\n<p>&nbsp;<\/p>\n","protected":false},"featured_media":73840,"comment_status":"open","ping_status":"closed","template":"","meta":[],"product_brand":[],"product_cat":[444],"product_tag":[],"class_list":{"0":"post-73908","1":"product","2":"type-product","3":"status-publish","4":"has-post-thumbnail","6":"product_cat-geen-categorie","8":"first","9":"outofstock","10":"sale","11":"taxable","12":"shipping-taxable","13":"purchasable","14":"product-type-simple"},"yoast_head":"<!-- This site is optimized with the Yoast SEO Premium plugin v27.1 (Yoast SEO v27.3) - https:\/\/yoast.com\/product\/yoast-seo-premium-wordpress\/ -->\n<title>Staubsaugerroboter 7690 Max - Veltec Kirby specialist<\/title>\n<meta name=\"description\" content=\"Staubsaugerroboter 7690 Max - Veltec ist seit \u00fcber 25 Jahren ein Lieferant von Kirby Staubsaugern. Und ist Ihr vertrauensw\u00fcrdiger Kirby-Service-Spezialist.\" \/>\n<meta name=\"robots\" content=\"index, follow, max-snippet:-1, max-image-preview:large, max-video-preview:-1\" \/>\n<link rel=\"canonical\" href=\"https:\/\/www.veltec.eu\/de\/product\/staubsaugerroboter-7690-max\/\" \/>\n<meta property=\"og:locale\" content=\"de_DE\" \/>\n<meta property=\"og:type\" content=\"article\" \/>\n<meta property=\"og:title\" content=\"Staubsaugerroboter 7690 Max\" \/>\n<meta property=\"og:description\" content=\"Entdecken Sie den Staubsaugerroboter 7690 Max, den fortschrittlichen Staubsaugerroboter, der die Reinigung revolutioniert. Mit pr\u00e4ziser Lasernavigation, 5000 Pa Saugleistung und einer Akkulaufzeit von 220 Minuten wird Ihr Zuhause m\u00fchelos sauber bleiben. Vorr\u00e4tig   Die Lieferzeit betr\u00e4gt zwischen 5 und 10 Arbeitstagen.    2 Jahre Garantie  &nbsp;\" \/>\n<meta property=\"og:url\" content=\"https:\/\/www.veltec.eu\/de\/product\/staubsaugerroboter-7690-max\/\" \/>\n<meta property=\"og:site_name\" content=\"Veltec Kirby specialist\" \/>\n<meta property=\"article:publisher\" content=\"https:\/\/www.facebook.com\/Veltec-Kirby-Specialist-236746293374877\/\" \/>\n<meta property=\"article:modified_time\" content=\"2025-06-11T11:48:28+00:00\" \/>\n<meta property=\"og:image\" content=\"https:\/\/www.veltec.eu\/wp-content\/uploads\/2025\/02\/conga-7690-immortal-max_f88q4t_1.png\" \/>\n\t<meta property=\"og:image:width\" content=\"640\" \/>\n\t<meta property=\"og:image:height\" content=\"640\" \/>\n\t<meta property=\"og:image:type\" content=\"image\/png\" \/>\n<meta name=\"twitter:card\" content=\"summary_large_image\" \/>\n<meta name=\"twitter:label1\" content=\"Gesch\u00e4tzte Lesezeit\" \/>\n\t<meta name=\"twitter:data1\" content=\"3\u00a0Minuten\" \/>\n<script type=\"application\/ld+json\" class=\"yoast-schema-graph\">{\"@context\":\"https:\\\/\\\/schema.org\",\"@graph\":[{\"@type\":\"WebPage\",\"@id\":\"https:\\\/\\\/www.veltec.eu\\\/de\\\/product\\\/staubsaugerroboter-7690-max\\\/\",\"url\":\"https:\\\/\\\/www.veltec.eu\\\/de\\\/product\\\/staubsaugerroboter-7690-max\\\/\",\"name\":\"Staubsaugerroboter 7690 Max - Veltec Kirby specialist\",\"isPartOf\":{\"@id\":\"https:\\\/\\\/www.veltec.eu\\\/en\\\/#website\"},\"primaryImageOfPage\":{\"@id\":\"https:\\\/\\\/www.veltec.eu\\\/de\\\/product\\\/staubsaugerroboter-7690-max\\\/#primaryimage\"},\"image\":{\"@id\":\"https:\\\/\\\/www.veltec.eu\\\/de\\\/product\\\/staubsaugerroboter-7690-max\\\/#primaryimage\"},\"thumbnailUrl\":\"https:\\\/\\\/www.veltec.eu\\\/wp-content\\\/uploads\\\/2025\\\/02\\\/conga-7690-immortal-max_f88q4t_1.png\",\"datePublished\":\"2025-02-05T11:20:38+00:00\",\"dateModified\":\"2025-06-11T11:48:28+00:00\",\"description\":\"Staubsaugerroboter 7690 Max - Veltec ist seit \u00fcber 25 Jahren ein Lieferant von Kirby Staubsaugern. Und ist Ihr vertrauensw\u00fcrdiger Kirby-Service-Spezialist.\",\"breadcrumb\":{\"@id\":\"https:\\\/\\\/www.veltec.eu\\\/de\\\/product\\\/staubsaugerroboter-7690-max\\\/#breadcrumb\"},\"inLanguage\":\"de\",\"potentialAction\":[{\"@type\":\"ReadAction\",\"target\":[\"https:\\\/\\\/www.veltec.eu\\\/de\\\/product\\\/staubsaugerroboter-7690-max\\\/\"]}]},{\"@type\":\"ImageObject\",\"inLanguage\":\"de\",\"@id\":\"https:\\\/\\\/www.veltec.eu\\\/de\\\/product\\\/staubsaugerroboter-7690-max\\\/#primaryimage\",\"url\":\"https:\\\/\\\/www.veltec.eu\\\/wp-content\\\/uploads\\\/2025\\\/02\\\/conga-7690-immortal-max_f88q4t_1.png\",\"contentUrl\":\"https:\\\/\\\/www.veltec.eu\\\/wp-content\\\/uploads\\\/2025\\\/02\\\/conga-7690-immortal-max_f88q4t_1.png\",\"width\":640,\"height\":640},{\"@type\":\"BreadcrumbList\",\"@id\":\"https:\\\/\\\/www.veltec.eu\\\/de\\\/product\\\/staubsaugerroboter-7690-max\\\/#breadcrumb\",\"itemListElement\":[{\"@type\":\"ListItem\",\"position\":1,\"name\":\"Home\",\"item\":\"https:\\\/\\\/www.veltec.eu\\\/de\\\/\"},{\"@type\":\"ListItem\",\"position\":2,\"name\":\"Produits\",\"item\":\"https:\\\/\\\/www.veltec.eu\\\/fr\\\/shop\\\/\"},{\"@type\":\"ListItem\",\"position\":3,\"name\":\"Staubsaugerroboter 7690 Max\"}]},{\"@type\":\"WebSite\",\"@id\":\"https:\\\/\\\/www.veltec.eu\\\/en\\\/#website\",\"url\":\"https:\\\/\\\/www.veltec.eu\\\/en\\\/\",\"name\":\"Veltec Kirby specialist\",\"description\":\"Kirby stofzuiger producten\",\"publisher\":{\"@id\":\"https:\\\/\\\/www.veltec.eu\\\/en\\\/#organization\"},\"potentialAction\":[{\"@type\":\"SearchAction\",\"target\":{\"@type\":\"EntryPoint\",\"urlTemplate\":\"https:\\\/\\\/www.veltec.eu\\\/en\\\/?s={search_term_string}\"},\"query-input\":{\"@type\":\"PropertyValueSpecification\",\"valueRequired\":true,\"valueName\":\"search_term_string\"}}],\"inLanguage\":\"de\"},{\"@type\":\"Organization\",\"@id\":\"https:\\\/\\\/www.veltec.eu\\\/en\\\/#organization\",\"name\":\"Veltec Kirby Specialist\",\"url\":\"https:\\\/\\\/www.veltec.eu\\\/en\\\/\",\"logo\":{\"@type\":\"ImageObject\",\"inLanguage\":\"de\",\"@id\":\"https:\\\/\\\/www.veltec.eu\\\/en\\\/#\\\/schema\\\/logo\\\/image\\\/\",\"url\":\"https:\\\/\\\/www.veltec.eu\\\/wp-content\\\/uploads\\\/2021\\\/12\\\/Veltec-log-groot-e1537260889125.png\",\"contentUrl\":\"https:\\\/\\\/www.veltec.eu\\\/wp-content\\\/uploads\\\/2021\\\/12\\\/Veltec-log-groot-e1537260889125.png\",\"width\":200,\"height\":60,\"caption\":\"Veltec Kirby Specialist\"},\"image\":{\"@id\":\"https:\\\/\\\/www.veltec.eu\\\/en\\\/#\\\/schema\\\/logo\\\/image\\\/\"},\"sameAs\":[\"https:\\\/\\\/www.facebook.com\\\/Veltec-Kirby-Specialist-236746293374877\\\/\",\"https:\\\/\\\/www.youtube.com\\\/user\\\/VeltecService\"]}]}<\/script>\n<!-- \/ Yoast SEO Premium plugin. -->","yoast_head_json":{"title":"Staubsaugerroboter 7690 Max - Veltec Kirby specialist","description":"Staubsaugerroboter 7690 Max - Veltec ist seit \u00fcber 25 Jahren ein Lieferant von Kirby Staubsaugern. Und ist Ihr vertrauensw\u00fcrdiger Kirby-Service-Spezialist.","robots":{"index":"index","follow":"follow","max-snippet":"max-snippet:-1","max-image-preview":"max-image-preview:large","max-video-preview":"max-video-preview:-1"},"canonical":"https:\/\/www.veltec.eu\/de\/product\/staubsaugerroboter-7690-max\/","og_locale":"de_DE","og_type":"article","og_title":"Staubsaugerroboter 7690 Max","og_description":"Entdecken Sie den Staubsaugerroboter 7690 Max, den fortschrittlichen Staubsaugerroboter, der die Reinigung revolutioniert. Mit pr\u00e4ziser Lasernavigation, 5000 Pa Saugleistung und einer Akkulaufzeit von 220 Minuten wird Ihr Zuhause m\u00fchelos sauber bleiben. Vorr\u00e4tig   Die Lieferzeit betr\u00e4gt zwischen 5 und 10 Arbeitstagen.    2 Jahre Garantie  &nbsp;","og_url":"https:\/\/www.veltec.eu\/de\/product\/staubsaugerroboter-7690-max\/","og_site_name":"Veltec Kirby specialist","article_publisher":"https:\/\/www.facebook.com\/Veltec-Kirby-Specialist-236746293374877\/","article_modified_time":"2025-06-11T11:48:28+00:00","og_image":[{"width":640,"height":640,"url":"https:\/\/www.veltec.eu\/wp-content\/uploads\/2025\/02\/conga-7690-immortal-max_f88q4t_1.png","type":"image\/png"}],"twitter_card":"summary_large_image","twitter_misc":{"Gesch\u00e4tzte Lesezeit":"3\u00a0Minuten"},"schema":{"@context":"https:\/\/schema.org","@graph":[{"@type":"WebPage","@id":"https:\/\/www.veltec.eu\/de\/product\/staubsaugerroboter-7690-max\/","url":"https:\/\/www.veltec.eu\/de\/product\/staubsaugerroboter-7690-max\/","name":"Staubsaugerroboter 7690 Max - Veltec Kirby specialist","isPartOf":{"@id":"https:\/\/www.veltec.eu\/en\/#website"},"primaryImageOfPage":{"@id":"https:\/\/www.veltec.eu\/de\/product\/staubsaugerroboter-7690-max\/#primaryimage"},"image":{"@id":"https:\/\/www.veltec.eu\/de\/product\/staubsaugerroboter-7690-max\/#primaryimage"},"thumbnailUrl":"https:\/\/www.veltec.eu\/wp-content\/uploads\/2025\/02\/conga-7690-immortal-max_f88q4t_1.png","datePublished":"2025-02-05T11:20:38+00:00","dateModified":"2025-06-11T11:48:28+00:00","description":"Staubsaugerroboter 7690 Max - Veltec ist seit \u00fcber 25 Jahren ein Lieferant von Kirby Staubsaugern. Und ist Ihr vertrauensw\u00fcrdiger Kirby-Service-Spezialist.","breadcrumb":{"@id":"https:\/\/www.veltec.eu\/de\/product\/staubsaugerroboter-7690-max\/#breadcrumb"},"inLanguage":"de","potentialAction":[{"@type":"ReadAction","target":["https:\/\/www.veltec.eu\/de\/product\/staubsaugerroboter-7690-max\/"]}]},{"@type":"ImageObject","inLanguage":"de","@id":"https:\/\/www.veltec.eu\/de\/product\/staubsaugerroboter-7690-max\/#primaryimage","url":"https:\/\/www.veltec.eu\/wp-content\/uploads\/2025\/02\/conga-7690-immortal-max_f88q4t_1.png","contentUrl":"https:\/\/www.veltec.eu\/wp-content\/uploads\/2025\/02\/conga-7690-immortal-max_f88q4t_1.png","width":640,"height":640},{"@type":"BreadcrumbList","@id":"https:\/\/www.veltec.eu\/de\/product\/staubsaugerroboter-7690-max\/#breadcrumb","itemListElement":[{"@type":"ListItem","position":1,"name":"Home","item":"https:\/\/www.veltec.eu\/de\/"},{"@type":"ListItem","position":2,"name":"Produits","item":"https:\/\/www.veltec.eu\/fr\/shop\/"},{"@type":"ListItem","position":3,"name":"Staubsaugerroboter 7690 Max"}]},{"@type":"WebSite","@id":"https:\/\/www.veltec.eu\/en\/#website","url":"https:\/\/www.veltec.eu\/en\/","name":"Veltec Kirby specialist","description":"Kirby stofzuiger producten","publisher":{"@id":"https:\/\/www.veltec.eu\/en\/#organization"},"potentialAction":[{"@type":"SearchAction","target":{"@type":"EntryPoint","urlTemplate":"https:\/\/www.veltec.eu\/en\/?s={search_term_string}"},"query-input":{"@type":"PropertyValueSpecification","valueRequired":true,"valueName":"search_term_string"}}],"inLanguage":"de"},{"@type":"Organization","@id":"https:\/\/www.veltec.eu\/en\/#organization","name":"Veltec Kirby Specialist","url":"https:\/\/www.veltec.eu\/en\/","logo":{"@type":"ImageObject","inLanguage":"de","@id":"https:\/\/www.veltec.eu\/en\/#\/schema\/logo\/image\/","url":"https:\/\/www.veltec.eu\/wp-content\/uploads\/2021\/12\/Veltec-log-groot-e1537260889125.png","contentUrl":"https:\/\/www.veltec.eu\/wp-content\/uploads\/2021\/12\/Veltec-log-groot-e1537260889125.png","width":200,"height":60,"caption":"Veltec Kirby Specialist"},"image":{"@id":"https:\/\/www.veltec.eu\/en\/#\/schema\/logo\/image\/"},"sameAs":["https:\/\/www.facebook.com\/Veltec-Kirby-Specialist-236746293374877\/","https:\/\/www.youtube.com\/user\/VeltecService"]}]}},"_links":{"self":[{"href":"https:\/\/www.veltec.eu\/de\/wp-json\/wp\/v2\/product\/73908","targetHints":{"allow":["GET"]}}],"collection":[{"href":"https:\/\/www.veltec.eu\/de\/wp-json\/wp\/v2\/product"}],"about":[{"href":"https:\/\/www.veltec.eu\/de\/wp-json\/wp\/v2\/types\/product"}],"replies":[{"embeddable":true,"href":"https:\/\/www.veltec.eu\/de\/wp-json\/wp\/v2\/comments?post=73908"}],"wp:featuredmedia":[{"embeddable":true,"href":"https:\/\/www.veltec.eu\/de\/wp-json\/wp\/v2\/media\/73840"}],"wp:attachment":[{"href":"https:\/\/www.veltec.eu\/de\/wp-json\/wp\/v2\/media?parent=73908"}],"wp:term":[{"taxonomy":"product_brand","embeddable":true,"href":"https:\/\/www.veltec.eu\/de\/wp-json\/wp\/v2\/product_brand?post=73908"},{"taxonomy":"product_cat","embeddable":true,"href":"https:\/\/www.veltec.eu\/de\/wp-json\/wp\/v2\/product_cat?post=73908"},{"taxonomy":"product_tag","embeddable":true,"href":"https:\/\/www.veltec.eu\/de\/wp-json\/wp\/v2\/product_tag?post=73908"}],"curies":[{"name":"wp","href":"https:\/\/api.w.org\/{rel}","templated":true}]}}