{"id":73073,"date":"2025-01-10T11:19:26","date_gmt":"2025-01-10T09:19:26","guid":{"rendered":"https:\/\/www.veltec.eu\/product\/conga-999-map-genesis\/"},"modified":"2025-03-10T16:25:52","modified_gmt":"2025-03-10T14:25:52","slug":"staubsaugerroboter-999-karte","status":"publish","type":"product","link":"https:\/\/www.veltec.eu\/de\/product\/staubsaugerroboter-999-karte\/","title":{"rendered":"Staubsaugerroboter 999 Karte"},"content":{"rendered":"<h1>Staubsaugerroboter 999 Karte<\/h1>\n<p>Staubsaugerroboter 999 Card &#8211; Staubsaugerroboter mit gyroskopischer Navigation f\u00fcr die komplette Hausreinigung. 2000 Pa. Saugmotor. Selbstst\u00e4ndigkeit von 120 Minuten. Steuerung mit CECOTEC APP und Fernbedienung. WiFi 2.4 GhZ und Bluetooth-Konnektivit\u00e4t.<\/p>\n<p><a href=\"\/nl?product_cat=staubsaugerroboter\">Alle Staubsaugerroboter finden Sie hier<\/a><\/p>\n<h2>Staubsaugerroboter 999 Karte &#8211; Die ultimative Reinigungsl\u00f6sung<\/h2>\n<p>Sind Sie auf der Suche nach einem leistungsstarken und intelligenten Staubsaugerroboter, der Ihr Zuhause m\u00fchelos sauber h\u00e4lt? Der Staubsaugerroboter 999 Karte ist die L\u00f6sung f\u00fcr ein makelloses Zuhause ohne jede Anstrengung. Dank seiner fortschrittlichen iTech SmartGyro 4.0-Technologie sorgt dieser Roboter f\u00fcr eine effiziente und organisierte Reinigung.<\/p>\n<h3>Fortschrittliche Navigation f\u00fcr optimale Reinigung<\/h3>\n<p>Der Staubsaugerroboter 999 Card verwendet eine gyroskopische Navigation, d. h. das Ger\u00e4t f\u00e4hrt nicht wahllos umher, sondern reinigt Ihr gesamtes Haus auf strukturierte Weise. Die iTech SmartGyro 4.0 Technologie optimiert die Route und verhindert, dass der Roboter Stellen \u00fcberspringt. Das sorgt f\u00fcr eine schnelle, gr\u00fcndliche und energieeffiziente Reinigung.<\/p>\n<h3>Beeindruckende Saugleistung von bis zu 2000 Pa<\/h3>\n<p>Mit einem leistungsstarken 2000-Pa-Saugmotor entfernt dieser Staubsaugerroboter m\u00fchelos Staub, Haare und anderen Schmutz von Ihrem Boden. Dank der gro\u00dfen D\u00fcse wird ein Verheddern der B\u00fcrste verhindert, was ideal f\u00fcr Haushalte mit Haustieren ist. So bleibt Ihr Zuhause immer sauber und frisch, ohne dass Sie selbst etwas tun m\u00fcssen.<\/p>\n<h3>Staubsaugerroboter 999 Karte mit 5-in-1 Reinigungssystem<\/h3>\n<p>Warum einen gew\u00f6hnlichen Staubsauger w\u00e4hlen, wenn Sie auch eine All-in-One-L\u00f6sung haben k\u00f6nnen? Der Staubsaugerroboter 999 Karte ist nicht einfach ein weiterer Staubsaugerroboter &#8211; er saugt, wischt, fegt, schrubbt und trocknet. Das bedeutet, dass Ihr Zuhause nicht nur staubfrei gehalten, sondern auch gr\u00fcndlich gereinigt wird. Ob Kr\u00fcmel, Haare oder hartn\u00e4ckiger Schmutz &#8211; dieser Roboter wird mit allem fertig.<\/p>\n<h3>Intelligente Steuerung mit APP und Fernbedienung<\/h3>\n<p>Sie wollen die volle Kontrolle \u00fcber Ihre Reinigungsroutine? Das geht mit der CECOTEC APP, mit der Sie den Roboter ganz einfach \u00fcber Ihr Smartphone steuern k\u00f6nnen. Dar\u00fcber hinaus k\u00f6nnen Sie auch die Fernbedienung verwenden, um Einstellungen manuell vorzunehmen. Dank WiFi 2,4 GHz und Bluetooth-Konnektivit\u00e4t haben Sie jederzeit und \u00fcberall die Kontrolle \u00fcber Ihren Reinigungsplan.<\/p>\n<h3>Bis zu 120 Minuten Arbeitszeit &#8211; Sie ruhen, der Roboter arbeitet<\/h3>\n<p>Mit einer Autonomie von 120 Minuten dank der Total Surface-Technologie reinigt dieser Roboter Ihr ganzes Haus ohne Unterbrechungen. Wenn der Akku leer ist, kehrt der Staubsauger automatisch in die Ladestation zur\u00fcck. So m\u00fcssen Sie sich nicht um das Aufladen k\u00fcmmern und k\u00f6nnen sich entspannen, w\u00e4hrend der Staubsaugerroboter die Arbeit f\u00fcr Sie erledigt.<\/p>\n<h3>Anpassbare Reinigung mit 6 verschiedenen St\u00e4ndern<\/h3>\n<p>Jedes Haus ist anders und erfordert eine spezifische Reinigungsmethode. Aus diesem Grund bietet der Staubsaugerroboter 999 Card 6 verschiedene Reinigungsmodi. Ganz gleich, ob Sie eine schnelle Reinigung oder eine Tiefenreinigung w\u00fcnschen, dieser Roboter passt sich dem Verschmutzungsgrad Ihrer Wohnung an und sorgt f\u00fcr perfekte Ergebnisse.<\/p>\n<h3>Extra gro\u00dfer Aktionsradius und intelligentes Schrubben<\/h3>\n<p>Mit zwei Seitenb\u00fcrsten vergr\u00f6\u00dfert dieser Staubsaugerroboter seinen Aktionsradius, so dass kein Fleck auf dem Boden zur\u00fcckbleibt. Au\u00dferdem verf\u00fcgt er \u00fcber die iWater-Technologie, mit der Sie zwischen drei Wasserstufen f\u00fcr optimales Schrubben w\u00e4hlen k\u00f6nnen. So entscheiden Sie selbst, ob Sie eine leichte Auffrischung oder ein gr\u00fcndliches Wischen w\u00fcnschen.<\/p>\n<h3>Warum sollten Sie sich f\u00fcr den Staubsaugerroboter 999 Karte entscheiden?<\/h3>\n<ul>\n<li>Intelligente Navigation mit iTech SmartGyro 4.0 f\u00fcr effiziente Reinigung<\/li>\n<li>Leistungsstarke 2000 Pa Saugkraft entfernt m\u00fchelos Staub und Schmutz<\/li>\n<li>5-in-1-Reinigung: saugt, wischt, wischt, schrubbt und trocknet<\/li>\n<li>Bis zu 120 Minuten Betriebszeit ohne Unterbrechung<\/li>\n<li>Steuerung \u00fcber CECOTEC APP und Fernbedienung<\/li>\n<li>6 Reinigungsmodi f\u00fcr ein individuelles Reinigungserlebnis<\/li>\n<li>iWater-Technologie f\u00fcr intelligentes Schrubben mit 3 Stufen<\/li>\n<\/ul>\n<p>Machen Sie sich das Leben leichter und genie\u00dfen Sie ein sauberes Zuhause ohne jede Anstrengung mit der Roboter-Staubsauger 999 Card! Bestellen Sie noch heute und erleben Sie die Vorteile der intelligenten Reinigungstechnologie.<\/p>\n<h4>Zusammensetzung<\/h4>\n<ul>\n<li>2 Seitenb\u00fcrsten<\/li>\n<li>Selbstreinigende B\u00fcrste<\/li>\n<li>Gemischter Tank<\/li>\n<li>Hocheffizienter Filter<\/li>\n<li>Fernsteuerung<\/li>\n<li>Benutzerhandbuch<\/li>\n<li>Schrubber-Mopp<\/li>\n<li>Staubsauger-Roboter<\/li>\n<\/ul>\n","protected":false},"excerpt":{"rendered":"<p style=\"text-align: left;\">Staubsaugerroboter mit gyroskopischer Navigation f\u00fcr die komplette Hausreinigung. 2000 Pa Saugmotor. 2 Seitenb\u00fcrsten. Schrubbmopp. Selbstst\u00e4ndigkeit von 120 Minuten. Steuerung mit CECOTEC APP und Fernbedienung. 2.4 GhZ WiFi und Bluetooth-Verbindung.<\/p>\n<h3><span style=\"color: #008000;\">Vorr\u00e4tig<\/span><\/h3>\n[av_font_icon icon='ue812' font='entypo-fontello' style='' caption='' size='25px' position='left' color='#43ad66' link='' linktarget='' title_attr='' sonar_effect_effect='' sonar_effect_color='' sonar_effect_duration='1' sonar_effect_scale='' sonar_effect_opac='0.5' animation='' id='' custom_class='' template_class='' av_uid='' sc_version='1.0' admin_preview_bg=''][\/av_font_icon]\n<p><span style=\"color: #008000;\">Die Lieferzeit betr\u00e4gt zwischen 5 und 10 Arbeitstagen.<\/span><\/p>\n[av_font_icon icon='ue812' font='entypo-fontello' style='' caption='' size='25px' position='left' color='#43ad66' link='' linktarget='' title_attr='' sonar_effect_effect='' sonar_effect_color='' sonar_effect_duration='1' sonar_effect_scale='' sonar_effect_opac='0.5' animation='' id='' custom_class='' template_class='' av_uid='' sc_version='1.0' admin_preview_bg=''][\/av_font_icon]\n<p><span style=\"color: #008000;\">2 Jahre Garantie<\/span><\/p>\n<p>&nbsp;<\/p>\n","protected":false},"featured_media":73004,"comment_status":"open","ping_status":"closed","template":"","meta":[],"product_brand":[],"product_cat":[444],"product_tag":[],"class_list":{"0":"post-73073","1":"product","2":"type-product","3":"status-publish","4":"has-post-thumbnail","6":"product_cat-geen-categorie","8":"first","9":"outofstock","10":"taxable","11":"shipping-taxable","12":"purchasable","13":"product-type-simple"},"yoast_head":"<!-- This site is optimized with the Yoast SEO Premium plugin v27.1 (Yoast SEO v27.3) - https:\/\/yoast.com\/product\/yoast-seo-premium-wordpress\/ -->\n<title>Staubsaugerroboter 999 Karte - Veltec Kirby specialist<\/title>\n<meta name=\"description\" content=\"Staubsaugerroboter 999 Karte - Veltec ist seit \u00fcber 25 Jahren ein Lieferant von Kirby Staubsaugern. Und ist Ihr vertrauensw\u00fcrdiger Kirby-Service-Spezialist.\" \/>\n<meta name=\"robots\" content=\"index, follow, max-snippet:-1, max-image-preview:large, max-video-preview:-1\" \/>\n<link rel=\"canonical\" href=\"https:\/\/www.veltec.eu\/de\/product\/staubsaugerroboter-999-karte\/\" \/>\n<meta property=\"og:locale\" content=\"de_DE\" \/>\n<meta property=\"og:type\" content=\"article\" \/>\n<meta property=\"og:title\" content=\"Staubsaugerroboter 999 Karte\" \/>\n<meta property=\"og:description\" content=\"Staubsaugerroboter mit gyroskopischer Navigation f\u00fcr die komplette Hausreinigung. 2000 Pa Saugmotor. 2 Seitenb\u00fcrsten. Schrubbmopp. Selbstst\u00e4ndigkeit von 120 Minuten. Steuerung mit CECOTEC APP und Fernbedienung. 2.4 GhZ WiFi und Bluetooth-Verbindung.  Vorr\u00e4tig   Die Lieferzeit betr\u00e4gt zwischen 5 und 10 Arbeitstagen.    2 Jahre Garantie  &nbsp;\" \/>\n<meta property=\"og:url\" content=\"https:\/\/www.veltec.eu\/de\/product\/staubsaugerroboter-999-karte\/\" \/>\n<meta property=\"og:site_name\" content=\"Veltec Kirby specialist\" \/>\n<meta property=\"article:publisher\" content=\"https:\/\/www.facebook.com\/Veltec-Kirby-Specialist-236746293374877\/\" \/>\n<meta property=\"article:modified_time\" content=\"2025-03-10T14:25:52+00:00\" \/>\n<meta property=\"og:image\" content=\"https:\/\/www.veltec.eu\/wp-content\/uploads\/2025\/01\/conga-999-map-genesis_gjrvx1_1.png\" \/>\n\t<meta property=\"og:image:width\" content=\"640\" \/>\n\t<meta property=\"og:image:height\" content=\"640\" \/>\n\t<meta property=\"og:image:type\" content=\"image\/png\" \/>\n<meta name=\"twitter:card\" content=\"summary_large_image\" \/>\n<meta name=\"twitter:label1\" content=\"Gesch\u00e4tzte Lesezeit\" \/>\n\t<meta name=\"twitter:data1\" content=\"3\u00a0Minuten\" \/>\n<script type=\"application\/ld+json\" class=\"yoast-schema-graph\">{\"@context\":\"https:\\\/\\\/schema.org\",\"@graph\":[{\"@type\":\"WebPage\",\"@id\":\"https:\\\/\\\/www.veltec.eu\\\/de\\\/product\\\/staubsaugerroboter-999-karte\\\/\",\"url\":\"https:\\\/\\\/www.veltec.eu\\\/de\\\/product\\\/staubsaugerroboter-999-karte\\\/\",\"name\":\"Staubsaugerroboter 999 Karte - Veltec Kirby specialist\",\"isPartOf\":{\"@id\":\"https:\\\/\\\/www.veltec.eu\\\/en\\\/#website\"},\"primaryImageOfPage\":{\"@id\":\"https:\\\/\\\/www.veltec.eu\\\/de\\\/product\\\/staubsaugerroboter-999-karte\\\/#primaryimage\"},\"image\":{\"@id\":\"https:\\\/\\\/www.veltec.eu\\\/de\\\/product\\\/staubsaugerroboter-999-karte\\\/#primaryimage\"},\"thumbnailUrl\":\"https:\\\/\\\/www.veltec.eu\\\/wp-content\\\/uploads\\\/2025\\\/01\\\/conga-999-map-genesis_gjrvx1_1.png\",\"datePublished\":\"2025-01-10T09:19:26+00:00\",\"dateModified\":\"2025-03-10T14:25:52+00:00\",\"description\":\"Staubsaugerroboter 999 Karte - Veltec ist seit \u00fcber 25 Jahren ein Lieferant von Kirby Staubsaugern. Und ist Ihr vertrauensw\u00fcrdiger Kirby-Service-Spezialist.\",\"breadcrumb\":{\"@id\":\"https:\\\/\\\/www.veltec.eu\\\/de\\\/product\\\/staubsaugerroboter-999-karte\\\/#breadcrumb\"},\"inLanguage\":\"de\",\"potentialAction\":[{\"@type\":\"ReadAction\",\"target\":[\"https:\\\/\\\/www.veltec.eu\\\/de\\\/product\\\/staubsaugerroboter-999-karte\\\/\"]}]},{\"@type\":\"ImageObject\",\"inLanguage\":\"de\",\"@id\":\"https:\\\/\\\/www.veltec.eu\\\/de\\\/product\\\/staubsaugerroboter-999-karte\\\/#primaryimage\",\"url\":\"https:\\\/\\\/www.veltec.eu\\\/wp-content\\\/uploads\\\/2025\\\/01\\\/conga-999-map-genesis_gjrvx1_1.png\",\"contentUrl\":\"https:\\\/\\\/www.veltec.eu\\\/wp-content\\\/uploads\\\/2025\\\/01\\\/conga-999-map-genesis_gjrvx1_1.png\",\"width\":640,\"height\":640},{\"@type\":\"BreadcrumbList\",\"@id\":\"https:\\\/\\\/www.veltec.eu\\\/de\\\/product\\\/staubsaugerroboter-999-karte\\\/#breadcrumb\",\"itemListElement\":[{\"@type\":\"ListItem\",\"position\":1,\"name\":\"Home\",\"item\":\"https:\\\/\\\/www.veltec.eu\\\/de\\\/\"},{\"@type\":\"ListItem\",\"position\":2,\"name\":\"Produits\",\"item\":\"https:\\\/\\\/www.veltec.eu\\\/fr\\\/shop\\\/\"},{\"@type\":\"ListItem\",\"position\":3,\"name\":\"Staubsaugerroboter 999 Karte\"}]},{\"@type\":\"WebSite\",\"@id\":\"https:\\\/\\\/www.veltec.eu\\\/en\\\/#website\",\"url\":\"https:\\\/\\\/www.veltec.eu\\\/en\\\/\",\"name\":\"Veltec Kirby specialist\",\"description\":\"Kirby stofzuiger producten\",\"publisher\":{\"@id\":\"https:\\\/\\\/www.veltec.eu\\\/en\\\/#organization\"},\"potentialAction\":[{\"@type\":\"SearchAction\",\"target\":{\"@type\":\"EntryPoint\",\"urlTemplate\":\"https:\\\/\\\/www.veltec.eu\\\/en\\\/?s={search_term_string}\"},\"query-input\":{\"@type\":\"PropertyValueSpecification\",\"valueRequired\":true,\"valueName\":\"search_term_string\"}}],\"inLanguage\":\"de\"},{\"@type\":\"Organization\",\"@id\":\"https:\\\/\\\/www.veltec.eu\\\/en\\\/#organization\",\"name\":\"Veltec Kirby Specialist\",\"url\":\"https:\\\/\\\/www.veltec.eu\\\/en\\\/\",\"logo\":{\"@type\":\"ImageObject\",\"inLanguage\":\"de\",\"@id\":\"https:\\\/\\\/www.veltec.eu\\\/en\\\/#\\\/schema\\\/logo\\\/image\\\/\",\"url\":\"https:\\\/\\\/www.veltec.eu\\\/wp-content\\\/uploads\\\/2021\\\/12\\\/Veltec-log-groot-e1537260889125.png\",\"contentUrl\":\"https:\\\/\\\/www.veltec.eu\\\/wp-content\\\/uploads\\\/2021\\\/12\\\/Veltec-log-groot-e1537260889125.png\",\"width\":200,\"height\":60,\"caption\":\"Veltec Kirby Specialist\"},\"image\":{\"@id\":\"https:\\\/\\\/www.veltec.eu\\\/en\\\/#\\\/schema\\\/logo\\\/image\\\/\"},\"sameAs\":[\"https:\\\/\\\/www.facebook.com\\\/Veltec-Kirby-Specialist-236746293374877\\\/\",\"https:\\\/\\\/www.youtube.com\\\/user\\\/VeltecService\"]}]}<\/script>\n<!-- \/ Yoast SEO Premium plugin. -->","yoast_head_json":{"title":"Staubsaugerroboter 999 Karte - Veltec Kirby specialist","description":"Staubsaugerroboter 999 Karte - Veltec ist seit \u00fcber 25 Jahren ein Lieferant von Kirby Staubsaugern. Und ist Ihr vertrauensw\u00fcrdiger Kirby-Service-Spezialist.","robots":{"index":"index","follow":"follow","max-snippet":"max-snippet:-1","max-image-preview":"max-image-preview:large","max-video-preview":"max-video-preview:-1"},"canonical":"https:\/\/www.veltec.eu\/de\/product\/staubsaugerroboter-999-karte\/","og_locale":"de_DE","og_type":"article","og_title":"Staubsaugerroboter 999 Karte","og_description":"Staubsaugerroboter mit gyroskopischer Navigation f\u00fcr die komplette Hausreinigung. 2000 Pa Saugmotor. 2 Seitenb\u00fcrsten. Schrubbmopp. Selbstst\u00e4ndigkeit von 120 Minuten. Steuerung mit CECOTEC APP und Fernbedienung. 2.4 GhZ WiFi und Bluetooth-Verbindung.  Vorr\u00e4tig   Die Lieferzeit betr\u00e4gt zwischen 5 und 10 Arbeitstagen.    2 Jahre Garantie  &nbsp;","og_url":"https:\/\/www.veltec.eu\/de\/product\/staubsaugerroboter-999-karte\/","og_site_name":"Veltec Kirby specialist","article_publisher":"https:\/\/www.facebook.com\/Veltec-Kirby-Specialist-236746293374877\/","article_modified_time":"2025-03-10T14:25:52+00:00","og_image":[{"width":640,"height":640,"url":"https:\/\/www.veltec.eu\/wp-content\/uploads\/2025\/01\/conga-999-map-genesis_gjrvx1_1.png","type":"image\/png"}],"twitter_card":"summary_large_image","twitter_misc":{"Gesch\u00e4tzte Lesezeit":"3\u00a0Minuten"},"schema":{"@context":"https:\/\/schema.org","@graph":[{"@type":"WebPage","@id":"https:\/\/www.veltec.eu\/de\/product\/staubsaugerroboter-999-karte\/","url":"https:\/\/www.veltec.eu\/de\/product\/staubsaugerroboter-999-karte\/","name":"Staubsaugerroboter 999 Karte - Veltec Kirby specialist","isPartOf":{"@id":"https:\/\/www.veltec.eu\/en\/#website"},"primaryImageOfPage":{"@id":"https:\/\/www.veltec.eu\/de\/product\/staubsaugerroboter-999-karte\/#primaryimage"},"image":{"@id":"https:\/\/www.veltec.eu\/de\/product\/staubsaugerroboter-999-karte\/#primaryimage"},"thumbnailUrl":"https:\/\/www.veltec.eu\/wp-content\/uploads\/2025\/01\/conga-999-map-genesis_gjrvx1_1.png","datePublished":"2025-01-10T09:19:26+00:00","dateModified":"2025-03-10T14:25:52+00:00","description":"Staubsaugerroboter 999 Karte - Veltec ist seit \u00fcber 25 Jahren ein Lieferant von Kirby Staubsaugern. Und ist Ihr vertrauensw\u00fcrdiger Kirby-Service-Spezialist.","breadcrumb":{"@id":"https:\/\/www.veltec.eu\/de\/product\/staubsaugerroboter-999-karte\/#breadcrumb"},"inLanguage":"de","potentialAction":[{"@type":"ReadAction","target":["https:\/\/www.veltec.eu\/de\/product\/staubsaugerroboter-999-karte\/"]}]},{"@type":"ImageObject","inLanguage":"de","@id":"https:\/\/www.veltec.eu\/de\/product\/staubsaugerroboter-999-karte\/#primaryimage","url":"https:\/\/www.veltec.eu\/wp-content\/uploads\/2025\/01\/conga-999-map-genesis_gjrvx1_1.png","contentUrl":"https:\/\/www.veltec.eu\/wp-content\/uploads\/2025\/01\/conga-999-map-genesis_gjrvx1_1.png","width":640,"height":640},{"@type":"BreadcrumbList","@id":"https:\/\/www.veltec.eu\/de\/product\/staubsaugerroboter-999-karte\/#breadcrumb","itemListElement":[{"@type":"ListItem","position":1,"name":"Home","item":"https:\/\/www.veltec.eu\/de\/"},{"@type":"ListItem","position":2,"name":"Produits","item":"https:\/\/www.veltec.eu\/fr\/shop\/"},{"@type":"ListItem","position":3,"name":"Staubsaugerroboter 999 Karte"}]},{"@type":"WebSite","@id":"https:\/\/www.veltec.eu\/en\/#website","url":"https:\/\/www.veltec.eu\/en\/","name":"Veltec Kirby specialist","description":"Kirby stofzuiger producten","publisher":{"@id":"https:\/\/www.veltec.eu\/en\/#organization"},"potentialAction":[{"@type":"SearchAction","target":{"@type":"EntryPoint","urlTemplate":"https:\/\/www.veltec.eu\/en\/?s={search_term_string}"},"query-input":{"@type":"PropertyValueSpecification","valueRequired":true,"valueName":"search_term_string"}}],"inLanguage":"de"},{"@type":"Organization","@id":"https:\/\/www.veltec.eu\/en\/#organization","name":"Veltec Kirby Specialist","url":"https:\/\/www.veltec.eu\/en\/","logo":{"@type":"ImageObject","inLanguage":"de","@id":"https:\/\/www.veltec.eu\/en\/#\/schema\/logo\/image\/","url":"https:\/\/www.veltec.eu\/wp-content\/uploads\/2021\/12\/Veltec-log-groot-e1537260889125.png","contentUrl":"https:\/\/www.veltec.eu\/wp-content\/uploads\/2021\/12\/Veltec-log-groot-e1537260889125.png","width":200,"height":60,"caption":"Veltec Kirby Specialist"},"image":{"@id":"https:\/\/www.veltec.eu\/en\/#\/schema\/logo\/image\/"},"sameAs":["https:\/\/www.facebook.com\/Veltec-Kirby-Specialist-236746293374877\/","https:\/\/www.youtube.com\/user\/VeltecService"]}]}},"_links":{"self":[{"href":"https:\/\/www.veltec.eu\/de\/wp-json\/wp\/v2\/product\/73073","targetHints":{"allow":["GET"]}}],"collection":[{"href":"https:\/\/www.veltec.eu\/de\/wp-json\/wp\/v2\/product"}],"about":[{"href":"https:\/\/www.veltec.eu\/de\/wp-json\/wp\/v2\/types\/product"}],"replies":[{"embeddable":true,"href":"https:\/\/www.veltec.eu\/de\/wp-json\/wp\/v2\/comments?post=73073"}],"wp:featuredmedia":[{"embeddable":true,"href":"https:\/\/www.veltec.eu\/de\/wp-json\/wp\/v2\/media\/73004"}],"wp:attachment":[{"href":"https:\/\/www.veltec.eu\/de\/wp-json\/wp\/v2\/media?parent=73073"}],"wp:term":[{"taxonomy":"product_brand","embeddable":true,"href":"https:\/\/www.veltec.eu\/de\/wp-json\/wp\/v2\/product_brand?post=73073"},{"taxonomy":"product_cat","embeddable":true,"href":"https:\/\/www.veltec.eu\/de\/wp-json\/wp\/v2\/product_cat?post=73073"},{"taxonomy":"product_tag","embeddable":true,"href":"https:\/\/www.veltec.eu\/de\/wp-json\/wp\/v2\/product_tag?post=73073"}],"curies":[{"name":"wp","href":"https:\/\/api.w.org\/{rel}","templated":true}]}}