{"id":72901,"date":"2025-01-06T14:51:03","date_gmt":"2025-01-06T12:51:03","guid":{"rendered":"https:\/\/www.veltec.eu\/product\/conga-13090-spin-revolution-homewash\/"},"modified":"2025-01-22T16:13:13","modified_gmt":"2025-01-22T14:13:13","slug":"conga-13090-spin-revolution-homewash","status":"publish","type":"product","link":"https:\/\/www.veltec.eu\/de\/product\/conga-13090-spin-revolution-homewash\/","title":{"rendered":"Conga 13090 Spin Revolution Home&#038;Wash"},"content":{"rendered":"<h1 class=\"css-1tq25n3\">Conga 13090 Spin Revolution Home&amp;Wash<\/h1>\n<h5>Conga 13090 Spin Revolution Home&amp;Wash &#8211; Staubsaugerroboter mit Saugmotor 7000 Pa. 4-in-1-Basis, ausgestattet mit Lasertechnologie. App und Bluetooth und WiFi-Verbindung f\u00fcr 2,4 GHz und 5 GHz Netzwerke.<\/h5>\n<ul>\n<li>Lasernavigation, pr\u00e4zise Reinigung. Der Roboter ist mit Lasertechnologie ausgestattet, die es ihm erm\u00f6glicht, eine Karte zu erstellen, um genau zu navigieren und jeden Winkel effektiv zu reinigen.<\/li>\n<li>Gl\u00e4nzende B\u00f6den. Mit den neuen super saugf\u00e4higen Wischmopps werden Ihre B\u00f6den blitzsauber und entfernen Fl\u00fcssigkeiten, So\u00dfen und eingetrocknete Flecken.<\/li>\n<li>Maximale Leistung. 7000 Pa Saugleistung, die sowohl Mikroschmutz als auch gr\u00f6\u00dfere Verschmutzungen aufnimmt.<\/li>\n<li>Reinigen ohne zu hetzen. Bis zu 140 Minuten autonomes Saugen f\u00fcr eine perfekte Reinigung. Und wenn der Akku des Roboters leer ist, kehrt er automatisch zur Basisstation zur\u00fcck, um sich aufzuladen, und setzt dann die Reinigung an der Stelle fort, an der er aufgeh\u00f6rt hat, und zwar mit v\u00f6llig sauberen Mopps.<\/li>\n<li>Klettfreie Silikonb\u00fcrste. Das Silikondesign ist ideal f\u00fcr Haushalte mit Haustieren, da es ein Verheddern der Haare verhindert.<\/li>\n<li>Die Basis ist v\u00f6llig eigenst\u00e4ndig. Die Basis reinigt sich selbst von Staub, reinigt die Mopps, trocknet sie und f\u00e4ngt das Schmutzwasser nach der Reinigung auf.<\/li>\n<li>Ma\u00dfgeschneiderte Reinigung. Definieren, planen und terminieren Sie die Reinigung Ihres Zuhauses dank der erstellten Karte. Sie k\u00f6nnen sowohl die komplette Reinigung als auch die Reinigung bestimmter R\u00e4ume ausw\u00e4hlen.<\/li>\n<li>Einfaches Pairing. Das Modell ist Bluetooth- und WiFi-f\u00e4hig f\u00fcr 2,4-GHz- und 5-GHz-Netze, so dass Sie es einfach mit Ihren Netzwerken und Ger\u00e4ten koppeln k\u00f6nnen.<\/li>\n<li>Teppicherkennung mit Ultraschall. Der Roboter erkennt, wenn ein Teppich vorhanden ist, und erh\u00f6ht automatisch seine Leistung, um mit maximaler<\/li>\n<li>Pr\u00e4zision zu reinigen. Wenn der Roboter im Wischmodus ist, weicht er dem Teppich aus, um zu vermeiden, dass der Staub des Teppichs mit seinen Mopps nass wird.<\/li>\n<li>Vergessen Sie, den Staub zu ber\u00fchren. Gro\u00dfes Fassungsverm\u00f6gen von 2 Litern Staubbeutel, 2,8 Litern Frischwassertank und 2,4 Litern Schmutzwassertank.<\/li>\n<li>Erkennungssystem. Die Entleerungsbasis verf\u00fcgt \u00fcber ein automatisches Sicherheitserkennungssystem f\u00fcr die Hygienebeutel, eine F\u00fcllboje f\u00fcr den Schmutzwassertank und eine Saugboje f\u00fcr das saubere Wasser.<\/li>\n<li>Warnung bei niedrigem Wasserstand. Der Reinwassertank muss vor der ersten Benutzung des Produkts aufgef\u00fcllt werden. Andernfalls leuchtet eine rote Lampe auf und die Reinigung ist nicht m\u00f6glich.<\/li>\n<\/ul>\n<h5><strong>Zusammensetzung<\/strong><\/h5>\n<ul>\n<li>Staubsauger-Roboter<\/li>\n<li>Selbstlernende Basis mit 2 Tanks (sauberes Wasser und Schmutzwasser)<\/li>\n<li>Staubsaugerbeutel<\/li>\n<li>Seitenb\u00fcrste<\/li>\n<li>2 rotierende Mopps<\/li>\n<li>Stromkabel<\/li>\n<li>B\u00fcrste<\/li>\n<li>Benutzerhandbuch<\/li>\n<\/ul>\n","protected":false},"excerpt":{"rendered":"<p class=\"css-1tq25n3\">Conga 13090 Spin Revolution Home&amp;Wash &#8211; Staubsaugerroboter mit 7000 Pa Saugmotor. 4-in-1-Basis mit Lasertechnologie. Enth\u00e4lt 2 austauschbare zentrale B\u00fcrsten: eine gemischte und eine Silikonb\u00fcrste, ideal f\u00fcr Tierhaare. Rotierende B\u00fcrsten. Seitenb\u00fcrste. Bluetooth- und WiFi-Anwendung und Anschluss f\u00fcr 2,4-GHz- und 5-GHz-Netze.<\/p>\n<p>&nbsp;<\/p>\n<h3><span style=\"color: #008000;\">Vorr\u00e4tig<\/span><\/h3>\n[av_font_icon icon='ue812' font='entypo-fontello' style='' caption='' size='25px' position='left' color='#43ad66' link='' linktarget='' title_attr='' sonar_effect_effect='' sonar_effect_color='' sonar_effect_duration='1' sonar_effect_scale='' sonar_effect_opac='0.5' animation='' id='' custom_class='' template_class='' av_uid='' sc_version='1.0' admin_preview_bg=''][\/av_font_icon]\n<p><span style=\"color: #008000;\">Die Lieferzeit betr\u00e4gt zwischen 5 und 10 Arbeitstagen.<\/span><\/p>\n[av_font_icon icon='ue812' font='entypo-fontello' style='' caption='' size='25px' position='left' color='#43ad66' link='' linktarget='' title_attr='' sonar_effect_effect='' sonar_effect_color='' sonar_effect_duration='1' sonar_effect_scale='' sonar_effect_opac='0.5' animation='' id='' custom_class='' template_class='' av_uid='' sc_version='1.0' admin_preview_bg=''][\/av_font_icon]\n<p><span style=\"color: #008000;\">2 Jahre Garantie<\/span><\/p>\n<p>&nbsp;<\/p>\n","protected":false},"featured_media":72797,"comment_status":"open","ping_status":"closed","template":"","meta":[],"product_brand":[],"product_cat":[444],"product_tag":[],"class_list":{"0":"post-72901","1":"product","2":"type-product","3":"status-publish","4":"has-post-thumbnail","6":"product_cat-geen-categorie","8":"first","9":"outofstock","10":"taxable","11":"shipping-taxable","12":"purchasable","13":"product-type-simple"},"yoast_head":"<!-- This site is optimized with the Yoast SEO Premium plugin v27.1 (Yoast SEO v27.3) - https:\/\/yoast.com\/product\/yoast-seo-premium-wordpress\/ -->\n<title>Conga 13090 Spin Revolution Home&amp;Wash - Veltec Kirby specialist<\/title>\n<meta name=\"description\" content=\"Conga 13090 Spin Revolution Home&amp;Wash Veltec ist seit \u00fcber 25 Jahren ein Lieferant von Kirby Staubsaugern. Und ist Ihr vertrauensw\u00fcrdiger Kirby-Service-Spezialist\" \/>\n<meta name=\"robots\" content=\"index, follow, max-snippet:-1, max-image-preview:large, max-video-preview:-1\" \/>\n<link rel=\"canonical\" href=\"https:\/\/www.veltec.eu\/de\/product\/conga-13090-spin-revolution-homewash\/\" \/>\n<meta property=\"og:locale\" content=\"de_DE\" \/>\n<meta property=\"og:type\" content=\"article\" \/>\n<meta property=\"og:title\" content=\"Conga 13090 Spin Revolution Home&amp;Wash\" \/>\n<meta property=\"og:description\" content=\"Conga 13090 Spin Revolution Home&amp;Wash - Staubsaugerroboter mit 7000 Pa Saugmotor. 4-in-1-Basis mit Lasertechnologie. Enth\u00e4lt 2 austauschbare zentrale B\u00fcrsten: eine gemischte und eine Silikonb\u00fcrste, ideal f\u00fcr Tierhaare. Rotierende B\u00fcrsten. Seitenb\u00fcrste. Bluetooth- und WiFi-Anwendung und Anschluss f\u00fcr 2,4-GHz- und 5-GHz-Netze. &nbsp; Vorr\u00e4tig   Die Lieferzeit betr\u00e4gt zwischen 5 und 10 Arbeitstagen.    2 Jahre Garantie  &nbsp;\" \/>\n<meta property=\"og:url\" content=\"https:\/\/www.veltec.eu\/de\/product\/conga-13090-spin-revolution-homewash\/\" \/>\n<meta property=\"og:site_name\" content=\"Veltec Kirby specialist\" \/>\n<meta property=\"article:publisher\" content=\"https:\/\/www.facebook.com\/Veltec-Kirby-Specialist-236746293374877\/\" \/>\n<meta property=\"article:modified_time\" content=\"2025-01-22T14:13:13+00:00\" \/>\n<meta property=\"og:image\" content=\"https:\/\/www.veltec.eu\/wp-content\/uploads\/2025\/01\/conga-13090-spin-revolution-homewash_32p7yn_1.png\" \/>\n\t<meta property=\"og:image:width\" content=\"640\" \/>\n\t<meta property=\"og:image:height\" content=\"640\" \/>\n\t<meta property=\"og:image:type\" content=\"image\/png\" \/>\n<meta name=\"twitter:card\" content=\"summary_large_image\" \/>\n<meta name=\"twitter:label1\" content=\"Gesch\u00e4tzte Lesezeit\" \/>\n\t<meta name=\"twitter:data1\" content=\"2\u00a0Minuten\" \/>\n<script type=\"application\/ld+json\" class=\"yoast-schema-graph\">{\"@context\":\"https:\\\/\\\/schema.org\",\"@graph\":[{\"@type\":\"WebPage\",\"@id\":\"https:\\\/\\\/www.veltec.eu\\\/de\\\/product\\\/conga-13090-spin-revolution-homewash\\\/\",\"url\":\"https:\\\/\\\/www.veltec.eu\\\/de\\\/product\\\/conga-13090-spin-revolution-homewash\\\/\",\"name\":\"Conga 13090 Spin Revolution Home&Wash - Veltec Kirby specialist\",\"isPartOf\":{\"@id\":\"https:\\\/\\\/www.veltec.eu\\\/en\\\/#website\"},\"primaryImageOfPage\":{\"@id\":\"https:\\\/\\\/www.veltec.eu\\\/de\\\/product\\\/conga-13090-spin-revolution-homewash\\\/#primaryimage\"},\"image\":{\"@id\":\"https:\\\/\\\/www.veltec.eu\\\/de\\\/product\\\/conga-13090-spin-revolution-homewash\\\/#primaryimage\"},\"thumbnailUrl\":\"https:\\\/\\\/www.veltec.eu\\\/wp-content\\\/uploads\\\/2025\\\/01\\\/conga-13090-spin-revolution-homewash_32p7yn_1.png\",\"datePublished\":\"2025-01-06T12:51:03+00:00\",\"dateModified\":\"2025-01-22T14:13:13+00:00\",\"description\":\"Conga 13090 Spin Revolution Home&Wash Veltec ist seit \u00fcber 25 Jahren ein Lieferant von Kirby Staubsaugern. Und ist Ihr vertrauensw\u00fcrdiger Kirby-Service-Spezialist\",\"breadcrumb\":{\"@id\":\"https:\\\/\\\/www.veltec.eu\\\/de\\\/product\\\/conga-13090-spin-revolution-homewash\\\/#breadcrumb\"},\"inLanguage\":\"de\",\"potentialAction\":[{\"@type\":\"ReadAction\",\"target\":[\"https:\\\/\\\/www.veltec.eu\\\/de\\\/product\\\/conga-13090-spin-revolution-homewash\\\/\"]}]},{\"@type\":\"ImageObject\",\"inLanguage\":\"de\",\"@id\":\"https:\\\/\\\/www.veltec.eu\\\/de\\\/product\\\/conga-13090-spin-revolution-homewash\\\/#primaryimage\",\"url\":\"https:\\\/\\\/www.veltec.eu\\\/wp-content\\\/uploads\\\/2025\\\/01\\\/conga-13090-spin-revolution-homewash_32p7yn_1.png\",\"contentUrl\":\"https:\\\/\\\/www.veltec.eu\\\/wp-content\\\/uploads\\\/2025\\\/01\\\/conga-13090-spin-revolution-homewash_32p7yn_1.png\",\"width\":640,\"height\":640},{\"@type\":\"BreadcrumbList\",\"@id\":\"https:\\\/\\\/www.veltec.eu\\\/de\\\/product\\\/conga-13090-spin-revolution-homewash\\\/#breadcrumb\",\"itemListElement\":[{\"@type\":\"ListItem\",\"position\":1,\"name\":\"Home\",\"item\":\"https:\\\/\\\/www.veltec.eu\\\/de\\\/\"},{\"@type\":\"ListItem\",\"position\":2,\"name\":\"Produits\",\"item\":\"https:\\\/\\\/www.veltec.eu\\\/fr\\\/shop\\\/\"},{\"@type\":\"ListItem\",\"position\":3,\"name\":\"Conga 13090 Spin Revolution Home&#038;Wash\"}]},{\"@type\":\"WebSite\",\"@id\":\"https:\\\/\\\/www.veltec.eu\\\/en\\\/#website\",\"url\":\"https:\\\/\\\/www.veltec.eu\\\/en\\\/\",\"name\":\"Veltec Kirby specialist\",\"description\":\"Kirby stofzuiger producten\",\"publisher\":{\"@id\":\"https:\\\/\\\/www.veltec.eu\\\/en\\\/#organization\"},\"potentialAction\":[{\"@type\":\"SearchAction\",\"target\":{\"@type\":\"EntryPoint\",\"urlTemplate\":\"https:\\\/\\\/www.veltec.eu\\\/en\\\/?s={search_term_string}\"},\"query-input\":{\"@type\":\"PropertyValueSpecification\",\"valueRequired\":true,\"valueName\":\"search_term_string\"}}],\"inLanguage\":\"de\"},{\"@type\":\"Organization\",\"@id\":\"https:\\\/\\\/www.veltec.eu\\\/en\\\/#organization\",\"name\":\"Veltec Kirby Specialist\",\"url\":\"https:\\\/\\\/www.veltec.eu\\\/en\\\/\",\"logo\":{\"@type\":\"ImageObject\",\"inLanguage\":\"de\",\"@id\":\"https:\\\/\\\/www.veltec.eu\\\/en\\\/#\\\/schema\\\/logo\\\/image\\\/\",\"url\":\"https:\\\/\\\/www.veltec.eu\\\/wp-content\\\/uploads\\\/2021\\\/12\\\/Veltec-log-groot-e1537260889125.png\",\"contentUrl\":\"https:\\\/\\\/www.veltec.eu\\\/wp-content\\\/uploads\\\/2021\\\/12\\\/Veltec-log-groot-e1537260889125.png\",\"width\":200,\"height\":60,\"caption\":\"Veltec Kirby Specialist\"},\"image\":{\"@id\":\"https:\\\/\\\/www.veltec.eu\\\/en\\\/#\\\/schema\\\/logo\\\/image\\\/\"},\"sameAs\":[\"https:\\\/\\\/www.facebook.com\\\/Veltec-Kirby-Specialist-236746293374877\\\/\",\"https:\\\/\\\/www.youtube.com\\\/user\\\/VeltecService\"]}]}<\/script>\n<!-- \/ Yoast SEO Premium plugin. -->","yoast_head_json":{"title":"Conga 13090 Spin Revolution Home&Wash - Veltec Kirby specialist","description":"Conga 13090 Spin Revolution Home&Wash Veltec ist seit \u00fcber 25 Jahren ein Lieferant von Kirby Staubsaugern. Und ist Ihr vertrauensw\u00fcrdiger Kirby-Service-Spezialist","robots":{"index":"index","follow":"follow","max-snippet":"max-snippet:-1","max-image-preview":"max-image-preview:large","max-video-preview":"max-video-preview:-1"},"canonical":"https:\/\/www.veltec.eu\/de\/product\/conga-13090-spin-revolution-homewash\/","og_locale":"de_DE","og_type":"article","og_title":"Conga 13090 Spin Revolution Home&Wash","og_description":"Conga 13090 Spin Revolution Home&amp;Wash - Staubsaugerroboter mit 7000 Pa Saugmotor. 4-in-1-Basis mit Lasertechnologie. Enth\u00e4lt 2 austauschbare zentrale B\u00fcrsten: eine gemischte und eine Silikonb\u00fcrste, ideal f\u00fcr Tierhaare. Rotierende B\u00fcrsten. Seitenb\u00fcrste. Bluetooth- und WiFi-Anwendung und Anschluss f\u00fcr 2,4-GHz- und 5-GHz-Netze. &nbsp; Vorr\u00e4tig   Die Lieferzeit betr\u00e4gt zwischen 5 und 10 Arbeitstagen.    2 Jahre Garantie  &nbsp;","og_url":"https:\/\/www.veltec.eu\/de\/product\/conga-13090-spin-revolution-homewash\/","og_site_name":"Veltec Kirby specialist","article_publisher":"https:\/\/www.facebook.com\/Veltec-Kirby-Specialist-236746293374877\/","article_modified_time":"2025-01-22T14:13:13+00:00","og_image":[{"width":640,"height":640,"url":"https:\/\/www.veltec.eu\/wp-content\/uploads\/2025\/01\/conga-13090-spin-revolution-homewash_32p7yn_1.png","type":"image\/png"}],"twitter_card":"summary_large_image","twitter_misc":{"Gesch\u00e4tzte Lesezeit":"2\u00a0Minuten"},"schema":{"@context":"https:\/\/schema.org","@graph":[{"@type":"WebPage","@id":"https:\/\/www.veltec.eu\/de\/product\/conga-13090-spin-revolution-homewash\/","url":"https:\/\/www.veltec.eu\/de\/product\/conga-13090-spin-revolution-homewash\/","name":"Conga 13090 Spin Revolution Home&Wash - Veltec Kirby specialist","isPartOf":{"@id":"https:\/\/www.veltec.eu\/en\/#website"},"primaryImageOfPage":{"@id":"https:\/\/www.veltec.eu\/de\/product\/conga-13090-spin-revolution-homewash\/#primaryimage"},"image":{"@id":"https:\/\/www.veltec.eu\/de\/product\/conga-13090-spin-revolution-homewash\/#primaryimage"},"thumbnailUrl":"https:\/\/www.veltec.eu\/wp-content\/uploads\/2025\/01\/conga-13090-spin-revolution-homewash_32p7yn_1.png","datePublished":"2025-01-06T12:51:03+00:00","dateModified":"2025-01-22T14:13:13+00:00","description":"Conga 13090 Spin Revolution Home&Wash Veltec ist seit \u00fcber 25 Jahren ein Lieferant von Kirby Staubsaugern. Und ist Ihr vertrauensw\u00fcrdiger Kirby-Service-Spezialist","breadcrumb":{"@id":"https:\/\/www.veltec.eu\/de\/product\/conga-13090-spin-revolution-homewash\/#breadcrumb"},"inLanguage":"de","potentialAction":[{"@type":"ReadAction","target":["https:\/\/www.veltec.eu\/de\/product\/conga-13090-spin-revolution-homewash\/"]}]},{"@type":"ImageObject","inLanguage":"de","@id":"https:\/\/www.veltec.eu\/de\/product\/conga-13090-spin-revolution-homewash\/#primaryimage","url":"https:\/\/www.veltec.eu\/wp-content\/uploads\/2025\/01\/conga-13090-spin-revolution-homewash_32p7yn_1.png","contentUrl":"https:\/\/www.veltec.eu\/wp-content\/uploads\/2025\/01\/conga-13090-spin-revolution-homewash_32p7yn_1.png","width":640,"height":640},{"@type":"BreadcrumbList","@id":"https:\/\/www.veltec.eu\/de\/product\/conga-13090-spin-revolution-homewash\/#breadcrumb","itemListElement":[{"@type":"ListItem","position":1,"name":"Home","item":"https:\/\/www.veltec.eu\/de\/"},{"@type":"ListItem","position":2,"name":"Produits","item":"https:\/\/www.veltec.eu\/fr\/shop\/"},{"@type":"ListItem","position":3,"name":"Conga 13090 Spin Revolution Home&#038;Wash"}]},{"@type":"WebSite","@id":"https:\/\/www.veltec.eu\/en\/#website","url":"https:\/\/www.veltec.eu\/en\/","name":"Veltec Kirby specialist","description":"Kirby stofzuiger producten","publisher":{"@id":"https:\/\/www.veltec.eu\/en\/#organization"},"potentialAction":[{"@type":"SearchAction","target":{"@type":"EntryPoint","urlTemplate":"https:\/\/www.veltec.eu\/en\/?s={search_term_string}"},"query-input":{"@type":"PropertyValueSpecification","valueRequired":true,"valueName":"search_term_string"}}],"inLanguage":"de"},{"@type":"Organization","@id":"https:\/\/www.veltec.eu\/en\/#organization","name":"Veltec Kirby Specialist","url":"https:\/\/www.veltec.eu\/en\/","logo":{"@type":"ImageObject","inLanguage":"de","@id":"https:\/\/www.veltec.eu\/en\/#\/schema\/logo\/image\/","url":"https:\/\/www.veltec.eu\/wp-content\/uploads\/2021\/12\/Veltec-log-groot-e1537260889125.png","contentUrl":"https:\/\/www.veltec.eu\/wp-content\/uploads\/2021\/12\/Veltec-log-groot-e1537260889125.png","width":200,"height":60,"caption":"Veltec Kirby Specialist"},"image":{"@id":"https:\/\/www.veltec.eu\/en\/#\/schema\/logo\/image\/"},"sameAs":["https:\/\/www.facebook.com\/Veltec-Kirby-Specialist-236746293374877\/","https:\/\/www.youtube.com\/user\/VeltecService"]}]}},"_links":{"self":[{"href":"https:\/\/www.veltec.eu\/de\/wp-json\/wp\/v2\/product\/72901","targetHints":{"allow":["GET"]}}],"collection":[{"href":"https:\/\/www.veltec.eu\/de\/wp-json\/wp\/v2\/product"}],"about":[{"href":"https:\/\/www.veltec.eu\/de\/wp-json\/wp\/v2\/types\/product"}],"replies":[{"embeddable":true,"href":"https:\/\/www.veltec.eu\/de\/wp-json\/wp\/v2\/comments?post=72901"}],"wp:featuredmedia":[{"embeddable":true,"href":"https:\/\/www.veltec.eu\/de\/wp-json\/wp\/v2\/media\/72797"}],"wp:attachment":[{"href":"https:\/\/www.veltec.eu\/de\/wp-json\/wp\/v2\/media?parent=72901"}],"wp:term":[{"taxonomy":"product_brand","embeddable":true,"href":"https:\/\/www.veltec.eu\/de\/wp-json\/wp\/v2\/product_brand?post=72901"},{"taxonomy":"product_cat","embeddable":true,"href":"https:\/\/www.veltec.eu\/de\/wp-json\/wp\/v2\/product_cat?post=72901"},{"taxonomy":"product_tag","embeddable":true,"href":"https:\/\/www.veltec.eu\/de\/wp-json\/wp\/v2\/product_tag?post=72901"}],"curies":[{"name":"wp","href":"https:\/\/api.w.org\/{rel}","templated":true}]}}