{"id":72780,"date":"2025-01-06T11:50:44","date_gmt":"2025-01-06T09:50:44","guid":{"rendered":"https:\/\/www.veltec.eu\/product\/conga-8490-ultimate\/"},"modified":"2025-02-26T14:51:31","modified_gmt":"2025-02-26T12:51:31","slug":"staubsaugerroboter-8490-ultimativ","status":"publish","type":"product","link":"https:\/\/www.veltec.eu\/de\/product\/staubsaugerroboter-8490-ultimativ\/","title":{"rendered":"Staubsaugerroboter 8490 Ultimativ"},"content":{"rendered":"<h1>Staubsaugerroboter 8490 Ultimativ<\/h1>\n<p>Staubsaugerroboter 8490 Ultimativ &#8211; Staubsaugerroboter mit Lasernavigationstechnik. Selbstentleerender Boden mit 2,5 Litern Fassungsverm\u00f6gen. 4-in-1-Reinigung: Schrubben, Saugen, Wischen und Kehren.<\/p>\n<p><a href=\"\/nl?product_cat=staubsaugerroboter\">Alle Staubsaugerroboter finden Sie hier<\/a><\/p>\n<h2>Warum den Staubsaugerroboter 8490 Ultimativ w\u00e4hlen?<\/h2>\n<p>In einem gesch\u00e4ftigen Haushalt ist Zeit kostbar. Der Staubsaugerroboter 8490 Ultimativ bietet die perfekte L\u00f6sung f\u00fcr eine gr\u00fcndliche und effiziente Reinigung, ohne dass Sie sich darum k\u00fcmmern m\u00fcssen. Mit seiner Lasernavigationstechnologie und dem selbstentleerenden 2,5-Liter-Beh\u00e4lter sorgt dieser Staubsaugerroboter daf\u00fcr, dass Sie sich wochenlang nicht um die Reinigung Ihrer B\u00f6den k\u00fcmmern m\u00fcssen. Egal, ob Sie ein gro\u00dfes Haus oder eine Wohnung haben, dieser fortschrittliche Staubsauger passt sich m\u00fchelos an Ihre Umgebung an.<\/p>\n<h2>Fortschrittliche Lasernavigationstechnologie f\u00fcr Pr\u00e4zision<\/h2>\n<h3>Staubsaugerroboter 8490 Ultimativ mit interaktiver Karte Ihrer Wohnung<\/h3>\n<p>Eine der beeindruckendsten Eigenschaften des Staubsaugerroboters 8490 Ultimativ ist seine Lasernavigation. Diese Technologie erm\u00f6glicht es, eine genaue und interaktive Karte Ihrer Wohnung zu erstellen. Dies erm\u00f6glicht ein sehr individuelles Reinigungserlebnis, bei dem jeder Raum auf die effizienteste Weise gereinigt wird. Selbst in dunklen R\u00e4umen arbeitet der Roboter dank seiner fortschrittlichen Sensoren pr\u00e4zise.<\/p>\n<h3>Intelligente Steuerung per App<\/h3>\n<p>Dank der App 3.0 haben Sie die volle Kontrolle \u00fcber den Staubsauger. Sie k\u00f6nnen:<\/p>\n<ul>\n<li>Reinigungsrouten festlegen<\/li>\n<li>Bestimmte R\u00e4ume oder Zonen ausw\u00e4hlen<\/li>\n<li>Virtuelle Barrieren einrichten<\/li>\n<li>Einen Reinigungsplan erstellen<\/li>\n<\/ul>\n<p>Mit ein paar Fingertipps auf Ihrem Smartphone entscheiden Sie, wie und wann Ihr Zuhause gereinigt wird. Das macht den Staubsaugerroboter 8490 Ultimativ zu einer idealen Wahl f\u00fcr Menschen mit einem vollen Terminkalender.<\/p>\n<h2>Automatische Selbstreinigung: wochenlang kein Grund zur Sorge<\/h2>\n<h3>Selbstentleerende 2,5-Liter-Basis<\/h3>\n<p>Eines der einzigartigsten Merkmale dieses Staubsaugerroboters ist seine automatische Staubentleerung. Die Basis hat ein Fassungsverm\u00f6gen von 2,5 Litern, so dass Sie wochenlang keinen Staubbeh\u00e4lter leeren m\u00fcssen. Das spart Zeit und macht den Reinigungsprozess fast v\u00f6llig autonom.<\/p>\n<h3>Hygienisch und benutzerfreundlich<\/h3>\n<p>Dank des Selbstreinigungssystems m\u00fcssen Sie kaum mit Staub in Ber\u00fchrung kommen. Dies ist ein gro\u00dfer Vorteil f\u00fcr Menschen mit Allergien oder empfindlichen Atemwegen. Au\u00dferdem macht es Ihnen das Leben leichter: Sie m\u00fcssen den Staubbeh\u00e4lter nicht jeden Tag leeren.<\/p>\n<h2>Ultimative Saugkraft: 7000 Pa f\u00fcr die Tiefenreinigung<\/h2>\n<h3>Geeignet f\u00fcr alle Arten von Schmutz<\/h3>\n<p>Mit einem ultrastarken Saugmotor von 7000 Pa entfernt der Staubsaugerroboter 8490 Ultimativ m\u00fchelos Staub, Haare und anderen Schmutz von Hartb\u00f6den und Teppichen. Das macht ihn besonders geeignet f\u00fcr Haushalte mit Haustieren. Hunde- und Katzenhaare werden m\u00fchelos aufgesaugt, ohne die B\u00fcrsten zu verstopfen.<\/p>\n<h3>Klettfreie Silikonb\u00fcrste<\/h3>\n<p>Der Staubsaugerroboter ist mit einer verknotungsfreien Silikonb\u00fcrste ausgestattet, die speziell f\u00fcr die effektive Entfernung von festsitzenden Haaren und Schmutz entwickelt wurde. Dies reduziert die Notwendigkeit, die B\u00fcrste regelm\u00e4\u00dfig zu reinigen und erh\u00f6ht die Reinigungseffizienz.<\/p>\n<h2>4-in-1-Reinigung: eine komplette Reinigung<\/h2>\n<h3>Saugen, wischen, schrubben und kehren<\/h3>\n<p>Der Staubsaugerroboter 8490 Ultimativ ist nicht einfach nur ein Staubsauger: Er saugt, wischt, schrubbt und fegt gleichzeitig. Das bedeutet, dass Sie mit einem einzigen Ger\u00e4t eine komplette Reinigung Ihrer B\u00f6den durchf\u00fchren k\u00f6nnen. Das spart nicht nur Zeit, sondern sorgt auch f\u00fcr eine Tiefenreinigung, die mit einem normalen Staubsauger nur schwer zu erreichen ist.<\/p>\n<h3>Staubsaugerroboter 8490 Ultimativ ideal f\u00fcr verschiedene Bodenarten<\/h3>\n<p>Ob Fliesen, Laminat, Parkett oder Teppich, dieser Staubsaugerroboter passt sich automatisch an die Bodenart an. Dank der intelligenten Sensoren erkennt er die Oberfl\u00e4che und w\u00e4hlt den am besten geeigneten Reinigungsmodus.<\/p>\n<h2>Lange Akkulaufzeit: ideal f\u00fcr gro\u00dfe Wohnungen<\/h2>\n<h3>Bis zu 170 m\u00b2 in einem Durchgang<\/h3>\n<p>Mit seinem 3200-mAh-Akku kann der Staubsaugerroboter 8490 Ultimativ bis zu 170 Minuten am St\u00fcck reinigen. Das macht ihn ideal f\u00fcr gr\u00f6\u00dfere Wohnungen mit bis zu 170 m\u00b2. Selbst wenn der Akku leer ist, kehrt er automatisch in die Ladestation zur\u00fcck und setzt die Reinigung fort, sobald er wieder aufgeladen ist.<\/p>\n<h3>Total Surface 3.0: kein Fleck bleibt schmutzig<\/h3>\n<p>Dank der Total Surface 3.0-Technologie wird keine Stelle ausgelassen. Der Staubsauger erkennt, wenn der Akku zur Neige geht, kehrt zur Ladestation zur\u00fcck und setzt die Reinigung fort, sobald er wieder ausreichend aufgeladen ist. Auf diese Weise wird jede geplante Reinigung vollst\u00e4ndig abgeschlossen.<\/p>\n<h2>Fazit: Die perfekte Wahl f\u00fcr eine m\u00fchelose Reinigung<\/h2>\n<p>Der Staubsaugerroboter 8490 Ultimativ ist die ideale L\u00f6sung f\u00fcr alle, die einen leistungsstarken, effizienten und benutzerfreundlichen Staubsaugerroboter suchen. Dank seiner Lasernavigation, der Saugleistung von 7000 Pa, der 4-in-1-Reinigung und der automatischen Selbstreinigung spart dieser Staubsauger Zeit und M\u00fche und h\u00e4lt Ihr Zuhause stets perfekt sauber.<\/p>\n<h3>Die Vorteile auf einen Blick:<\/h3>\n<ul>\n<li>Intelligente Lasernavigation f\u00fcr effiziente Reinigung<\/li>\n<li>Personalisierte Einstellungen \u00fcber die App<\/li>\n<li>Automatische Staubentfernung f\u00fcr wochenlangen Komfort<\/li>\n<li>7000 Pa starker Saugmotor f\u00fcr Tiefenreinigung<\/li>\n<li>4-in-1-Reinigungsfunktion: Saugen, Wischen, Schrubben und Kehren<\/li>\n<li>Bis zu 170 Minuten Akkulaufzeit f\u00fcr gro\u00dfe Fl\u00e4chen<\/li>\n<li>Klettfreie Silikonb\u00fcrste, ideal f\u00fcr Haustiere<\/li>\n<\/ul>\n<p>Mit dem Staubsaugerroboter 8490 Ultimativ erhalten Sie einen innovativen und hochwertigen Staubsaugerroboter, der Ihre Reinigungsroutine revolutioniert. Machen Sie sich das Leben leichter und genie\u00dfen Sie ein stets sauberes Zuhause, ohne Anstrengung!<\/p>\n<h4>Zusammensetzung<\/h4>\n<ul>\n<li>1 Seitenb\u00fcrste<\/li>\n<li>Selbstreinigende B\u00fcrste<\/li>\n<li>Silikonb\u00fcrste<\/li>\n<li>Gemischter Tank<\/li>\n<li>Hocheffizienter Filter<\/li>\n<li>Benutzerhandbuch<\/li>\n<li>Scheuermopp<\/li>\n<\/ul>\n","protected":false},"excerpt":{"rendered":"<p>Staubsaugerroboter 8490 Ultimativ &#8211; Staubsaugerroboter mit Lasernavigationstechnologie. Selbstentleerender Boden mit 2,5 Litern Fassungsverm\u00f6gen. 4-in-1-Reinigung: Schrubben, Saugen, Wischen und Kehren. Saugleistung von 7000 Pa. Bis zu 170 Minuten Akkulaufzeit. Enth\u00e4lt 2 austauschbare zentrale B\u00fcrsten: eine gemischte und eine aus Silikon, optimal f\u00fcr Tierhaare. Wischmopp und 1 Seitenb\u00fcrste. 4 w\u00e4hlbare Stufen der Saug- und Scheuerleistung. APP-Steuerung und virtuelle Assistenten.<\/p>\n<h3><span style=\"color: #008000;\">Vorr\u00e4tig<\/span><\/h3>\n[av_font_icon icon='ue812' font='entypo-fontello' style='' caption='' size='25px' position='left' color='#43ad66' link='' linktarget='' title_attr='' sonar_effect_effect='' sonar_effect_color='' sonar_effect_duration='1' sonar_effect_scale='' sonar_effect_opac='0.5' animation='' id='' custom_class='' template_class='' av_uid='' sc_version='1.0' admin_preview_bg=''][\/av_font_icon]\n<p><span style=\"color: #008000;\">Die Lieferzeit betr\u00e4gt zwischen 5 und 10 Arbeitstagen.<\/span><\/p>\n[av_font_icon icon='ue812' font='entypo-fontello' style='' caption='' size='25px' position='left' color='#43ad66' link='' linktarget='' title_attr='' sonar_effect_effect='' sonar_effect_color='' sonar_effect_duration='1' sonar_effect_scale='' sonar_effect_opac='0.5' animation='' id='' custom_class='' template_class='' av_uid='' sc_version='1.0' admin_preview_bg=''][\/av_font_icon]\n<p><span style=\"color: #008000;\">2 Jahre Garantie<\/span><\/p>\n<p>&nbsp;<\/p>\n","protected":false},"featured_media":72695,"comment_status":"open","ping_status":"closed","template":"","meta":[],"product_brand":[],"product_cat":[444],"product_tag":[],"class_list":{"0":"post-72780","1":"product","2":"type-product","3":"status-publish","4":"has-post-thumbnail","6":"product_cat-geen-categorie","8":"first","9":"outofstock","10":"taxable","11":"shipping-taxable","12":"purchasable","13":"product-type-simple"},"yoast_head":"<!-- This site is optimized with the Yoast SEO Premium plugin v27.1 (Yoast SEO v27.3) - https:\/\/yoast.com\/product\/yoast-seo-premium-wordpress\/ -->\n<title>Staubsaugerroboter 8490 Ultimativ - Veltec Kirby specialist<\/title>\n<meta name=\"description\" content=\"Staubsaugerroboter 8490 Ultimativ - Veltec ist seit \u00fcber 25 Jahren ein Lieferant von Kirby Staubsaugern. Und ist Ihr Kirby-Service-Spezialist.\" \/>\n<meta name=\"robots\" content=\"index, follow, max-snippet:-1, max-image-preview:large, max-video-preview:-1\" \/>\n<link rel=\"canonical\" href=\"https:\/\/www.veltec.eu\/de\/product\/staubsaugerroboter-8490-ultimativ\/\" \/>\n<meta property=\"og:locale\" content=\"de_DE\" \/>\n<meta property=\"og:type\" content=\"article\" \/>\n<meta property=\"og:title\" content=\"Staubsaugerroboter 8490 Ultimativ\" \/>\n<meta property=\"og:description\" content=\"Staubsaugerroboter 8490 Ultimativ - Staubsaugerroboter mit Lasernavigationstechnologie. Selbstentleerender Boden mit 2,5 Litern Fassungsverm\u00f6gen. 4-in-1-Reinigung: Schrubben, Saugen, Wischen und Kehren. Saugleistung von 7000 Pa. Bis zu 170 Minuten Akkulaufzeit. Enth\u00e4lt 2 austauschbare zentrale B\u00fcrsten: eine gemischte und eine aus Silikon, optimal f\u00fcr Tierhaare. Wischmopp und 1 Seitenb\u00fcrste. 4 w\u00e4hlbare Stufen der Saug- und Scheuerleistung. APP-Steuerung und virtuelle Assistenten. Vorr\u00e4tig   Die Lieferzeit betr\u00e4gt zwischen 5 und 10 Arbeitstagen.    2 Jahre Garantie  &nbsp;\" \/>\n<meta property=\"og:url\" content=\"https:\/\/www.veltec.eu\/de\/product\/staubsaugerroboter-8490-ultimativ\/\" \/>\n<meta property=\"og:site_name\" content=\"Veltec Kirby specialist\" \/>\n<meta property=\"article:publisher\" content=\"https:\/\/www.facebook.com\/Veltec-Kirby-Specialist-236746293374877\/\" \/>\n<meta property=\"article:modified_time\" content=\"2025-02-26T12:51:31+00:00\" \/>\n<meta property=\"og:image\" content=\"https:\/\/www.veltec.eu\/wp-content\/uploads\/2025\/01\/conga-8490-ultimate-ultra-power-home_pe223l_1.png\" \/>\n\t<meta property=\"og:image:width\" content=\"640\" \/>\n\t<meta property=\"og:image:height\" content=\"640\" \/>\n\t<meta property=\"og:image:type\" content=\"image\/png\" \/>\n<meta name=\"twitter:card\" content=\"summary_large_image\" \/>\n<meta name=\"twitter:label1\" content=\"Gesch\u00e4tzte Lesezeit\" \/>\n\t<meta name=\"twitter:data1\" content=\"4\u00a0Minuten\" \/>\n<script type=\"application\/ld+json\" class=\"yoast-schema-graph\">{\"@context\":\"https:\\\/\\\/schema.org\",\"@graph\":[{\"@type\":\"WebPage\",\"@id\":\"https:\\\/\\\/www.veltec.eu\\\/de\\\/product\\\/staubsaugerroboter-8490-ultimativ\\\/\",\"url\":\"https:\\\/\\\/www.veltec.eu\\\/de\\\/product\\\/staubsaugerroboter-8490-ultimativ\\\/\",\"name\":\"Staubsaugerroboter 8490 Ultimativ - Veltec Kirby specialist\",\"isPartOf\":{\"@id\":\"https:\\\/\\\/www.veltec.eu\\\/en\\\/#website\"},\"primaryImageOfPage\":{\"@id\":\"https:\\\/\\\/www.veltec.eu\\\/de\\\/product\\\/staubsaugerroboter-8490-ultimativ\\\/#primaryimage\"},\"image\":{\"@id\":\"https:\\\/\\\/www.veltec.eu\\\/de\\\/product\\\/staubsaugerroboter-8490-ultimativ\\\/#primaryimage\"},\"thumbnailUrl\":\"https:\\\/\\\/www.veltec.eu\\\/wp-content\\\/uploads\\\/2025\\\/01\\\/conga-8490-ultimate-ultra-power-home_pe223l_1.png\",\"datePublished\":\"2025-01-06T09:50:44+00:00\",\"dateModified\":\"2025-02-26T12:51:31+00:00\",\"description\":\"Staubsaugerroboter 8490 Ultimativ - Veltec ist seit \u00fcber 25 Jahren ein Lieferant von Kirby Staubsaugern. Und ist Ihr Kirby-Service-Spezialist.\",\"breadcrumb\":{\"@id\":\"https:\\\/\\\/www.veltec.eu\\\/de\\\/product\\\/staubsaugerroboter-8490-ultimativ\\\/#breadcrumb\"},\"inLanguage\":\"de\",\"potentialAction\":[{\"@type\":\"ReadAction\",\"target\":[\"https:\\\/\\\/www.veltec.eu\\\/de\\\/product\\\/staubsaugerroboter-8490-ultimativ\\\/\"]}]},{\"@type\":\"ImageObject\",\"inLanguage\":\"de\",\"@id\":\"https:\\\/\\\/www.veltec.eu\\\/de\\\/product\\\/staubsaugerroboter-8490-ultimativ\\\/#primaryimage\",\"url\":\"https:\\\/\\\/www.veltec.eu\\\/wp-content\\\/uploads\\\/2025\\\/01\\\/conga-8490-ultimate-ultra-power-home_pe223l_1.png\",\"contentUrl\":\"https:\\\/\\\/www.veltec.eu\\\/wp-content\\\/uploads\\\/2025\\\/01\\\/conga-8490-ultimate-ultra-power-home_pe223l_1.png\",\"width\":640,\"height\":640},{\"@type\":\"BreadcrumbList\",\"@id\":\"https:\\\/\\\/www.veltec.eu\\\/de\\\/product\\\/staubsaugerroboter-8490-ultimativ\\\/#breadcrumb\",\"itemListElement\":[{\"@type\":\"ListItem\",\"position\":1,\"name\":\"Home\",\"item\":\"https:\\\/\\\/www.veltec.eu\\\/de\\\/\"},{\"@type\":\"ListItem\",\"position\":2,\"name\":\"Produits\",\"item\":\"https:\\\/\\\/www.veltec.eu\\\/fr\\\/shop\\\/\"},{\"@type\":\"ListItem\",\"position\":3,\"name\":\"Staubsaugerroboter 8490 Ultimativ\"}]},{\"@type\":\"WebSite\",\"@id\":\"https:\\\/\\\/www.veltec.eu\\\/en\\\/#website\",\"url\":\"https:\\\/\\\/www.veltec.eu\\\/en\\\/\",\"name\":\"Veltec Kirby specialist\",\"description\":\"Kirby stofzuiger producten\",\"publisher\":{\"@id\":\"https:\\\/\\\/www.veltec.eu\\\/en\\\/#organization\"},\"potentialAction\":[{\"@type\":\"SearchAction\",\"target\":{\"@type\":\"EntryPoint\",\"urlTemplate\":\"https:\\\/\\\/www.veltec.eu\\\/en\\\/?s={search_term_string}\"},\"query-input\":{\"@type\":\"PropertyValueSpecification\",\"valueRequired\":true,\"valueName\":\"search_term_string\"}}],\"inLanguage\":\"de\"},{\"@type\":\"Organization\",\"@id\":\"https:\\\/\\\/www.veltec.eu\\\/en\\\/#organization\",\"name\":\"Veltec Kirby Specialist\",\"url\":\"https:\\\/\\\/www.veltec.eu\\\/en\\\/\",\"logo\":{\"@type\":\"ImageObject\",\"inLanguage\":\"de\",\"@id\":\"https:\\\/\\\/www.veltec.eu\\\/en\\\/#\\\/schema\\\/logo\\\/image\\\/\",\"url\":\"https:\\\/\\\/www.veltec.eu\\\/wp-content\\\/uploads\\\/2021\\\/12\\\/Veltec-log-groot-e1537260889125.png\",\"contentUrl\":\"https:\\\/\\\/www.veltec.eu\\\/wp-content\\\/uploads\\\/2021\\\/12\\\/Veltec-log-groot-e1537260889125.png\",\"width\":200,\"height\":60,\"caption\":\"Veltec Kirby Specialist\"},\"image\":{\"@id\":\"https:\\\/\\\/www.veltec.eu\\\/en\\\/#\\\/schema\\\/logo\\\/image\\\/\"},\"sameAs\":[\"https:\\\/\\\/www.facebook.com\\\/Veltec-Kirby-Specialist-236746293374877\\\/\",\"https:\\\/\\\/www.youtube.com\\\/user\\\/VeltecService\"]}]}<\/script>\n<!-- \/ Yoast SEO Premium plugin. -->","yoast_head_json":{"title":"Staubsaugerroboter 8490 Ultimativ - Veltec Kirby specialist","description":"Staubsaugerroboter 8490 Ultimativ - Veltec ist seit \u00fcber 25 Jahren ein Lieferant von Kirby Staubsaugern. Und ist Ihr Kirby-Service-Spezialist.","robots":{"index":"index","follow":"follow","max-snippet":"max-snippet:-1","max-image-preview":"max-image-preview:large","max-video-preview":"max-video-preview:-1"},"canonical":"https:\/\/www.veltec.eu\/de\/product\/staubsaugerroboter-8490-ultimativ\/","og_locale":"de_DE","og_type":"article","og_title":"Staubsaugerroboter 8490 Ultimativ","og_description":"Staubsaugerroboter 8490 Ultimativ - Staubsaugerroboter mit Lasernavigationstechnologie. Selbstentleerender Boden mit 2,5 Litern Fassungsverm\u00f6gen. 4-in-1-Reinigung: Schrubben, Saugen, Wischen und Kehren. Saugleistung von 7000 Pa. Bis zu 170 Minuten Akkulaufzeit. Enth\u00e4lt 2 austauschbare zentrale B\u00fcrsten: eine gemischte und eine aus Silikon, optimal f\u00fcr Tierhaare. Wischmopp und 1 Seitenb\u00fcrste. 4 w\u00e4hlbare Stufen der Saug- und Scheuerleistung. APP-Steuerung und virtuelle Assistenten. Vorr\u00e4tig   Die Lieferzeit betr\u00e4gt zwischen 5 und 10 Arbeitstagen.    2 Jahre Garantie  &nbsp;","og_url":"https:\/\/www.veltec.eu\/de\/product\/staubsaugerroboter-8490-ultimativ\/","og_site_name":"Veltec Kirby specialist","article_publisher":"https:\/\/www.facebook.com\/Veltec-Kirby-Specialist-236746293374877\/","article_modified_time":"2025-02-26T12:51:31+00:00","og_image":[{"width":640,"height":640,"url":"https:\/\/www.veltec.eu\/wp-content\/uploads\/2025\/01\/conga-8490-ultimate-ultra-power-home_pe223l_1.png","type":"image\/png"}],"twitter_card":"summary_large_image","twitter_misc":{"Gesch\u00e4tzte Lesezeit":"4\u00a0Minuten"},"schema":{"@context":"https:\/\/schema.org","@graph":[{"@type":"WebPage","@id":"https:\/\/www.veltec.eu\/de\/product\/staubsaugerroboter-8490-ultimativ\/","url":"https:\/\/www.veltec.eu\/de\/product\/staubsaugerroboter-8490-ultimativ\/","name":"Staubsaugerroboter 8490 Ultimativ - Veltec Kirby specialist","isPartOf":{"@id":"https:\/\/www.veltec.eu\/en\/#website"},"primaryImageOfPage":{"@id":"https:\/\/www.veltec.eu\/de\/product\/staubsaugerroboter-8490-ultimativ\/#primaryimage"},"image":{"@id":"https:\/\/www.veltec.eu\/de\/product\/staubsaugerroboter-8490-ultimativ\/#primaryimage"},"thumbnailUrl":"https:\/\/www.veltec.eu\/wp-content\/uploads\/2025\/01\/conga-8490-ultimate-ultra-power-home_pe223l_1.png","datePublished":"2025-01-06T09:50:44+00:00","dateModified":"2025-02-26T12:51:31+00:00","description":"Staubsaugerroboter 8490 Ultimativ - Veltec ist seit \u00fcber 25 Jahren ein Lieferant von Kirby Staubsaugern. Und ist Ihr Kirby-Service-Spezialist.","breadcrumb":{"@id":"https:\/\/www.veltec.eu\/de\/product\/staubsaugerroboter-8490-ultimativ\/#breadcrumb"},"inLanguage":"de","potentialAction":[{"@type":"ReadAction","target":["https:\/\/www.veltec.eu\/de\/product\/staubsaugerroboter-8490-ultimativ\/"]}]},{"@type":"ImageObject","inLanguage":"de","@id":"https:\/\/www.veltec.eu\/de\/product\/staubsaugerroboter-8490-ultimativ\/#primaryimage","url":"https:\/\/www.veltec.eu\/wp-content\/uploads\/2025\/01\/conga-8490-ultimate-ultra-power-home_pe223l_1.png","contentUrl":"https:\/\/www.veltec.eu\/wp-content\/uploads\/2025\/01\/conga-8490-ultimate-ultra-power-home_pe223l_1.png","width":640,"height":640},{"@type":"BreadcrumbList","@id":"https:\/\/www.veltec.eu\/de\/product\/staubsaugerroboter-8490-ultimativ\/#breadcrumb","itemListElement":[{"@type":"ListItem","position":1,"name":"Home","item":"https:\/\/www.veltec.eu\/de\/"},{"@type":"ListItem","position":2,"name":"Produits","item":"https:\/\/www.veltec.eu\/fr\/shop\/"},{"@type":"ListItem","position":3,"name":"Staubsaugerroboter 8490 Ultimativ"}]},{"@type":"WebSite","@id":"https:\/\/www.veltec.eu\/en\/#website","url":"https:\/\/www.veltec.eu\/en\/","name":"Veltec Kirby specialist","description":"Kirby stofzuiger producten","publisher":{"@id":"https:\/\/www.veltec.eu\/en\/#organization"},"potentialAction":[{"@type":"SearchAction","target":{"@type":"EntryPoint","urlTemplate":"https:\/\/www.veltec.eu\/en\/?s={search_term_string}"},"query-input":{"@type":"PropertyValueSpecification","valueRequired":true,"valueName":"search_term_string"}}],"inLanguage":"de"},{"@type":"Organization","@id":"https:\/\/www.veltec.eu\/en\/#organization","name":"Veltec Kirby Specialist","url":"https:\/\/www.veltec.eu\/en\/","logo":{"@type":"ImageObject","inLanguage":"de","@id":"https:\/\/www.veltec.eu\/en\/#\/schema\/logo\/image\/","url":"https:\/\/www.veltec.eu\/wp-content\/uploads\/2021\/12\/Veltec-log-groot-e1537260889125.png","contentUrl":"https:\/\/www.veltec.eu\/wp-content\/uploads\/2021\/12\/Veltec-log-groot-e1537260889125.png","width":200,"height":60,"caption":"Veltec Kirby Specialist"},"image":{"@id":"https:\/\/www.veltec.eu\/en\/#\/schema\/logo\/image\/"},"sameAs":["https:\/\/www.facebook.com\/Veltec-Kirby-Specialist-236746293374877\/","https:\/\/www.youtube.com\/user\/VeltecService"]}]}},"_links":{"self":[{"href":"https:\/\/www.veltec.eu\/de\/wp-json\/wp\/v2\/product\/72780","targetHints":{"allow":["GET"]}}],"collection":[{"href":"https:\/\/www.veltec.eu\/de\/wp-json\/wp\/v2\/product"}],"about":[{"href":"https:\/\/www.veltec.eu\/de\/wp-json\/wp\/v2\/types\/product"}],"replies":[{"embeddable":true,"href":"https:\/\/www.veltec.eu\/de\/wp-json\/wp\/v2\/comments?post=72780"}],"wp:featuredmedia":[{"embeddable":true,"href":"https:\/\/www.veltec.eu\/de\/wp-json\/wp\/v2\/media\/72695"}],"wp:attachment":[{"href":"https:\/\/www.veltec.eu\/de\/wp-json\/wp\/v2\/media?parent=72780"}],"wp:term":[{"taxonomy":"product_brand","embeddable":true,"href":"https:\/\/www.veltec.eu\/de\/wp-json\/wp\/v2\/product_brand?post=72780"},{"taxonomy":"product_cat","embeddable":true,"href":"https:\/\/www.veltec.eu\/de\/wp-json\/wp\/v2\/product_cat?post=72780"},{"taxonomy":"product_tag","embeddable":true,"href":"https:\/\/www.veltec.eu\/de\/wp-json\/wp\/v2\/product_tag?post=72780"}],"curies":[{"name":"wp","href":"https:\/\/api.w.org\/{rel}","templated":true}]}}