{"id":71976,"date":"2024-12-19T10:37:45","date_gmt":"2024-12-19T08:37:45","guid":{"rendered":"https:\/\/www.veltec.eu\/product\/conga-10090-ai-spin-revolution-lifestyle\/"},"modified":"2025-06-11T14:25:58","modified_gmt":"2025-06-11T12:25:58","slug":"staubsaugerroboter-10090-ai-spin","status":"publish","type":"product","link":"https:\/\/www.veltec.eu\/de\/product\/staubsaugerroboter-10090-ai-spin\/","title":{"rendered":"Staubsaugerroboter 10090 AI Spin"},"content":{"rendered":"<h1>Staubsaugerroboter 10090 AI Spin<\/h1>\n<p>Staubsaugerroboter 10090 AI Spin mit k\u00fcnstlicher Intelligenz, Lasernavigation und selbstentleerendem Staubboden.<\/p>\n<p><a href=\"\/nl?product_cat=staubsaugerroboter\">Alle Staubsaugerroboter finden Sie hier<\/a><\/p>\n<h2>Staubsaugerroboter 10090 AI Spin: Die intelligenteste und leistungsf\u00e4higste Reinigungsl\u00f6sung<\/h2>\n<p>Sind Sie auf der Suche nach der ultimativen Reinigungsl\u00f6sung, die Sie wochenlang entlasten wird? Der Staubsaugerroboter 10090 AI Spin bietet eine fortschrittliche Kombination aus k\u00fcnstlicher Intelligenz, Lasernavigation und einem selbstentleerenden Staubboden. Mit diesem Roboter genie\u00dfen Sie ein effizientes, gr\u00fcndliches und m\u00fcheloses Reinigungserlebnis in Ihrem Zuhause.<\/p>\n<h3>Wochenlanges Vergessen von Staub<\/h3>\n<p>Dank des selbstentleerenden Staubsaugerbeh\u00e4lters mit 3-Liter-Hygienebeutel m\u00fcssen Sie sich wochenlang nicht um die Entleerung des Staubbeh\u00e4lters k\u00fcmmern. Der Roboter entleert seinen Staub automatisch, was bedeutet, dass Sie deutlich weniger Wartungsarbeiten durchf\u00fchren m\u00fcssen. Damit ist der Staubsaugerroboter 10090 AI Spin ideal f\u00fcr vielbesch\u00e4ftigte Haushalte, die sich eine saubere Umgebung ohne t\u00e4gliches Eingreifen w\u00fcnschen.<\/p>\n<h3>K\u00fcnstliche Intelligenz f\u00fcr intelligente Reinigung<\/h3>\n<p>Der KI-Chip in diesem Staubsaugerroboter erm\u00f6glicht es ihm, gro\u00dfe und kleine Objekte genau zu erkennen und ihnen auszuweichen. So reinigt er selbst in unordentlichen Umgebungen mit h\u00f6chster Pr\u00e4zision. Dank dieser innovativen Technologie werden Kollisionen und Staus auf ein Minimum reduziert.<\/p>\n<h3>Professionelle Schrubbfunktion mit rotierenden Mopps<\/h3>\n<p>F\u00fcr eine tiefe und gr\u00fcndliche Reinigung verf\u00fcgt der Staubsaugerroboter 10090 AI Spin \u00fcber rotierende Mopps, die Druck auf den Boden aus\u00fcben. Das macht ihn ideal f\u00fcr die Entfernung von hartn\u00e4ckigem Schmutz. F\u00fcr beste Ergebnisse empfiehlt es sich, die Mopps vorher anzufeuchten.<\/p>\n<h3>10.000 Pa: Extreme Saugkraft<\/h3>\n<p>Mit seinem leistungsstarken Motor, der eine Saugleistung von 10.000 Pa liefert, kann dieser Staubsaugerroboter m\u00fchelos Staub, Haare und andere Verschmutzungen aufnehmen. Egal, ob Sie Hartb\u00f6den oder hohe Teppiche haben, dieser Staubsauger sorgt f\u00fcr eine gr\u00fcndliche Reinigung auf jeder Oberfl\u00e4che.<\/p>\n<h3>Gro\u00dfe Reichweite: bis zu 240 m2 ohne Unterbrechung<\/h3>\n<p>Dank seines 5200-mAh-Akkus kann der Staubsaugerroboter bis zu 240 Minuten lang saugen und 200 Minuten lang schrubben &#8211; perfekt f\u00fcr gro\u00dfe Wohnungen. Er reinigt ohne Unterbrechung und sorgt so f\u00fcr einen vollst\u00e4ndig gereinigten Wohnraum.<\/p>\n<h3>Staubsaugerroboter 10090 AI Spin mit Lasernavigation f\u00fcr pr\u00e4zises Reinigen<\/h3>\n<p>Der Roboter nutzt fortschrittliche Lasertechnologie, um eine detaillierte Karte Ihres Hauses zu erstellen. Dadurch navigiert er mit \u00e4u\u00dferster Pr\u00e4zision und verfehlt keine einzige Ecke. Dieses System funktioniert sogar im Dunkeln, so dass die Reinigung immer weitergeht.<\/p>\n<h3>Vollst\u00e4ndige Kontrolle mit der App 3.0<\/h3>\n<p>Mit der App 3.0 k\u00f6nnen Sie ganz einfach:<\/p>\n<ul>\n<li>Reinigungszeitpl\u00e4ne festlegen<\/li>\n<li>Bestimmte Bereiche ausw\u00e4hlen<\/li>\n<li>Vermeiden bestimmter Zonen einstellen<\/li>\n<li>den Reinigungsmodus pro Raum einstellen<\/li>\n<\/ul>\n<p>Wo auch immer Sie sind, Sie haben immer die volle Kontrolle \u00fcber die Reinigung Ihres Hauses.<\/p>\n<h3>Ultraschall-Teppicherkennung f\u00fcr optimierte Reinigung<\/h3>\n<p>Der Staubsaugerroboter 10090 AI Spin erkennt Teppiche automatisch. Im Staubsaugermodus erh\u00f6ht er sofort seine Saugleistung f\u00fcr eine gr\u00fcndliche Reinigung. Im Schrubbmodus weicht er Teppichen aus, damit sie nicht nass werden. Das macht ihn besonders intelligent und effektiv.<\/p>\n<h3>Zentralb\u00fcrste aus Silikon: ideal f\u00fcr Haustiere<\/h3>\n<p>Dank ihres Silikondesigns verhindert die Zentralb\u00fcrste, dass sich die Haare verheddern. Das macht sie ideal f\u00fcr Haushalte mit Haustieren. Die flexiblen Klingen helfen, den Schmutz auf allen B\u00f6den zu l\u00f6sen und aufzunehmen.<\/p>\n<h3>Multifunktionale Reinigung: Staubsaugen, Wischen und Fegen<\/h3>\n<p>Dieser Staubsaugerroboter vereint vier Funktionen in einem Ger\u00e4t:<\/p>\n<ul>\n<li>Staubsaugen<\/li>\n<li>Wischen<\/li>\n<li>Schrubben<\/li>\n<li>Kehren<\/li>\n<\/ul>\n<p>Er kann diese Funktionen einzeln oder gleichzeitig ausf\u00fchren und sorgt so f\u00fcr eine effiziente und zeitsparende Reinigung.<\/p>\n<h3>Total Surface 3.0: immer eine vollst\u00e4ndige Reinigung<\/h3>\n<p>Mit der Total Surface 3.0-Technologie garantiert der Staubsaugerroboter 10090 AI Spin eine vollst\u00e4ndige Reinigung. Wenn der Akku leer ist, kehrt er automatisch zu seiner Basis zur\u00fcck, l\u00e4dt sich auf und setzt dann die Reinigung genau dort fort, wo er aufgeh\u00f6rt hat. So bleibt Ihr Zuhause immer perfekt sauber.<\/p>\n<h3>Warum den Staubsaugerroboter 10090 AI Spin w\u00e4hlen?<\/h3>\n<ul>\n<li>Selbstentleerende Staubbasis: wochenlang keine Wartung erforderlich<\/li>\n<li>KI-gesteuerte Navigation: intelligent und effizient<\/li>\n<li>Rotierende Mopps f\u00fcr professionelles Schrubben<\/li>\n<li>Extrem starke Saugkraft von 10.000 Pa<\/li>\n<li>Lange Akkulaufzeit f\u00fcr gro\u00dfe Haushalte<\/li>\n<li>Pr\u00e4zise Lasernavigation, auch im Dunkeln<\/li>\n<li>App-Steuerung f\u00fcr personalisierte Reinigung<\/li>\n<li>Haustierfreundlich dank der Silikonb\u00fcrste<\/li>\n<li>Erkennt und vermeidet Teppiche beim Schrubben<\/li>\n<li>Immer eine komplette Reinigung mit Total Surface 3.0<\/li>\n<\/ul>\n<p>Mit dem Staubsaugerroboter 10090 AI Spin holen Sie sich einen intelligenten, leistungsstarken und wartungsarmen Reinigungspartner ins Haus. Genie\u00dfen Sie ein sauberes und ges\u00fcnderes Zuhause ohne jede Anstrengung!<\/p>\n<h4>Zusammensetzung<\/h4>\n<ul>\n<li>Staubsaugerroboter<\/li>\n<li>Selbstentleerende Basis<\/li>\n<li>3 hygienische Staubbeutel<\/li>\n<li>1 Seitenb\u00fcrste<\/li>\n<li>Selbstreinigende B\u00fcrste<\/li>\n<li>Silikonb\u00fcrste<\/li>\n<li>Gemischter Beh\u00e4lter<\/li>\n<li>Hocheffizienter Filter<\/li>\n<li>Benutzerhandbuch<\/li>\n<li>2 Packungen mit rotierenden Schrubbb\u00fcrsten<\/li>\n<\/ul>\n","protected":false},"excerpt":{"rendered":"<p>Staubsaugerroboter 10090 AI Spin mit k\u00fcnstlicher Intelligenz, Lasernavigation und selbstlenkender Basis. K\u00fcnstliche Intelligenz, Objektvermeidung. 4 in 1: Schrubbt, saugt, wischt und fegt. 10.000 Pa Saugleistung. Bis zu 240 Minuten Autonomie. Professionelles Schrubben mit rotierenden Mopps. Siliconb\u00fcrste, ideal f\u00fcr Tierhaare. 1 Seitenb\u00fcrste. 4 Saug- und Schrubbleistungsstufen. Cecotec APP-Steuerung und virtuelle Assistenten.<\/p>\n<h3><span style=\"color: #008000;\">Vorr\u00e4tig<\/span><\/h3>\n[av_font_icon icon='ue812' font='entypo-fontello' style='' caption='' size='25px' position='left' color='#43ad66' link='' linktarget='' title_attr='' sonar_effect_effect='' sonar_effect_color='' sonar_effect_duration='1' sonar_effect_scale='' sonar_effect_opac='0.5' animation='' id='' custom_class='' template_class='' av_uid='' sc_version='1.0' admin_preview_bg=''][\/av_font_icon]\n<p><span style=\"color: #008000;\">Die Lieferzeit betr\u00e4gt zwischen 5 und 10 Arbeitstagen.<\/span><\/p>\n[av_font_icon icon='ue812' font='entypo-fontello' style='' caption='' size='25px' position='left' color='#43ad66' link='' linktarget='' title_attr='' sonar_effect_effect='' sonar_effect_color='' sonar_effect_duration='1' sonar_effect_scale='' sonar_effect_opac='0.5' animation='' id='' custom_class='' template_class='' av_uid='' sc_version='1.0' admin_preview_bg=''][\/av_font_icon]\n<p><span style=\"color: #008000;\">2 Jahre Garantie<\/span><\/p>\n<p>&nbsp;<\/p>\n","protected":false},"featured_media":71903,"comment_status":"open","ping_status":"closed","template":"","meta":{"_acf_changed":false},"product_brand":[],"product_cat":[26],"product_tag":[],"class_list":{"0":"post-71976","1":"product","2":"type-product","3":"status-publish","4":"has-post-thumbnail","6":"product_cat-overige-producten","8":"first","9":"instock","10":"sale","11":"taxable","12":"shipping-taxable","13":"purchasable","14":"product-type-simple"},"acf":[],"yoast_head":"<!-- This site is optimized with the Yoast SEO Premium plugin v27.1 (Yoast SEO v27.4) - https:\/\/yoast.com\/product\/yoast-seo-premium-wordpress\/ -->\n<title>Staubsaugerroboter 10090 AI Spin - Veltec Kirby specialist<\/title>\n<meta name=\"description\" content=\"Staubsaugerroboter 10090 AI Spin - Veltec ist seit \u00fcber 25 Jahren ein Lieferant von Kirby Staubsaugern. Und ist Ihr Kirby-Service-Spezialist.\" \/>\n<meta name=\"robots\" content=\"index, follow, max-snippet:-1, max-image-preview:large, max-video-preview:-1\" \/>\n<link rel=\"canonical\" href=\"https:\/\/www.veltec.eu\/de\/product\/staubsaugerroboter-10090-ai-spin\/\" \/>\n<meta property=\"og:locale\" content=\"de_DE\" \/>\n<meta property=\"og:type\" content=\"article\" \/>\n<meta property=\"og:title\" content=\"Staubsaugerroboter 10090 AI Spin\" \/>\n<meta property=\"og:description\" content=\"Staubsaugerroboter 10090 AI Spin mit k\u00fcnstlicher Intelligenz, Lasernavigation und selbstlenkender Basis. K\u00fcnstliche Intelligenz, Objektvermeidung. 4 in 1: Schrubbt, saugt, wischt und fegt. 10.000 Pa Saugleistung. Bis zu 240 Minuten Autonomie. Professionelles Schrubben mit rotierenden Mopps. Siliconb\u00fcrste, ideal f\u00fcr Tierhaare. 1 Seitenb\u00fcrste. 4 Saug- und Schrubbleistungsstufen. Cecotec APP-Steuerung und virtuelle Assistenten. Vorr\u00e4tig   Die Lieferzeit betr\u00e4gt zwischen 5 und 10 Arbeitstagen.    2 Jahre Garantie  &nbsp;\" \/>\n<meta property=\"og:url\" content=\"https:\/\/www.veltec.eu\/de\/product\/staubsaugerroboter-10090-ai-spin\/\" \/>\n<meta property=\"og:site_name\" content=\"Veltec Kirby specialist\" \/>\n<meta property=\"article:publisher\" content=\"https:\/\/www.facebook.com\/Veltec-Kirby-Specialist-236746293374877\/\" \/>\n<meta property=\"article:modified_time\" content=\"2025-06-11T12:25:58+00:00\" \/>\n<meta property=\"og:image\" content=\"https:\/\/www.veltec.eu\/wp-content\/uploads\/2024\/12\/conga-10090-ai-spin-revolution-ultra-power-home-lifestyle_lt9632_1.png\" \/>\n\t<meta property=\"og:image:width\" content=\"640\" \/>\n\t<meta property=\"og:image:height\" content=\"640\" \/>\n\t<meta property=\"og:image:type\" content=\"image\/png\" \/>\n<meta name=\"twitter:card\" content=\"summary_large_image\" \/>\n<meta name=\"twitter:label1\" content=\"Gesch\u00e4tzte Lesezeit\" \/>\n\t<meta name=\"twitter:data1\" content=\"4\u00a0Minuten\" \/>\n<script type=\"application\/ld+json\" class=\"yoast-schema-graph\">{\"@context\":\"https:\\\/\\\/schema.org\",\"@graph\":[{\"@type\":\"WebPage\",\"@id\":\"https:\\\/\\\/www.veltec.eu\\\/de\\\/product\\\/staubsaugerroboter-10090-ai-spin\\\/\",\"url\":\"https:\\\/\\\/www.veltec.eu\\\/de\\\/product\\\/staubsaugerroboter-10090-ai-spin\\\/\",\"name\":\"Staubsaugerroboter 10090 AI Spin - Veltec Kirby specialist\",\"isPartOf\":{\"@id\":\"https:\\\/\\\/www.veltec.eu\\\/en\\\/#website\"},\"primaryImageOfPage\":{\"@id\":\"https:\\\/\\\/www.veltec.eu\\\/de\\\/product\\\/staubsaugerroboter-10090-ai-spin\\\/#primaryimage\"},\"image\":{\"@id\":\"https:\\\/\\\/www.veltec.eu\\\/de\\\/product\\\/staubsaugerroboter-10090-ai-spin\\\/#primaryimage\"},\"thumbnailUrl\":\"https:\\\/\\\/www.veltec.eu\\\/wp-content\\\/uploads\\\/2024\\\/12\\\/conga-10090-ai-spin-revolution-ultra-power-home-lifestyle_lt9632_1.png\",\"datePublished\":\"2024-12-19T08:37:45+00:00\",\"dateModified\":\"2025-06-11T12:25:58+00:00\",\"description\":\"Staubsaugerroboter 10090 AI Spin - Veltec ist seit \u00fcber 25 Jahren ein Lieferant von Kirby Staubsaugern. Und ist Ihr Kirby-Service-Spezialist.\",\"breadcrumb\":{\"@id\":\"https:\\\/\\\/www.veltec.eu\\\/de\\\/product\\\/staubsaugerroboter-10090-ai-spin\\\/#breadcrumb\"},\"inLanguage\":\"de\",\"potentialAction\":[{\"@type\":\"ReadAction\",\"target\":[\"https:\\\/\\\/www.veltec.eu\\\/de\\\/product\\\/staubsaugerroboter-10090-ai-spin\\\/\"]}]},{\"@type\":\"ImageObject\",\"inLanguage\":\"de\",\"@id\":\"https:\\\/\\\/www.veltec.eu\\\/de\\\/product\\\/staubsaugerroboter-10090-ai-spin\\\/#primaryimage\",\"url\":\"https:\\\/\\\/www.veltec.eu\\\/wp-content\\\/uploads\\\/2024\\\/12\\\/conga-10090-ai-spin-revolution-ultra-power-home-lifestyle_lt9632_1.png\",\"contentUrl\":\"https:\\\/\\\/www.veltec.eu\\\/wp-content\\\/uploads\\\/2024\\\/12\\\/conga-10090-ai-spin-revolution-ultra-power-home-lifestyle_lt9632_1.png\",\"width\":640,\"height\":640},{\"@type\":\"BreadcrumbList\",\"@id\":\"https:\\\/\\\/www.veltec.eu\\\/de\\\/product\\\/staubsaugerroboter-10090-ai-spin\\\/#breadcrumb\",\"itemListElement\":[{\"@type\":\"ListItem\",\"position\":1,\"name\":\"Home\",\"item\":\"https:\\\/\\\/www.veltec.eu\\\/de\\\/\"},{\"@type\":\"ListItem\",\"position\":2,\"name\":\"Kirby Laden\",\"item\":\"https:\\\/\\\/www.veltec.eu\\\/de\\\/kirby-laden\\\/\"},{\"@type\":\"ListItem\",\"position\":3,\"name\":\"Staubsaugerroboter 10090 AI Spin\"}]},{\"@type\":\"WebSite\",\"@id\":\"https:\\\/\\\/www.veltec.eu\\\/en\\\/#website\",\"url\":\"https:\\\/\\\/www.veltec.eu\\\/en\\\/\",\"name\":\"Veltec Kirby specialist\",\"description\":\"Kirby stofzuiger producten\",\"publisher\":{\"@id\":\"https:\\\/\\\/www.veltec.eu\\\/en\\\/#organization\"},\"potentialAction\":[{\"@type\":\"SearchAction\",\"target\":{\"@type\":\"EntryPoint\",\"urlTemplate\":\"https:\\\/\\\/www.veltec.eu\\\/en\\\/?s={search_term_string}\"},\"query-input\":{\"@type\":\"PropertyValueSpecification\",\"valueRequired\":true,\"valueName\":\"search_term_string\"}}],\"inLanguage\":\"de\"},{\"@type\":\"Organization\",\"@id\":\"https:\\\/\\\/www.veltec.eu\\\/en\\\/#organization\",\"name\":\"Veltec Kirby Specialist\",\"url\":\"https:\\\/\\\/www.veltec.eu\\\/en\\\/\",\"logo\":{\"@type\":\"ImageObject\",\"inLanguage\":\"de\",\"@id\":\"https:\\\/\\\/www.veltec.eu\\\/en\\\/#\\\/schema\\\/logo\\\/image\\\/\",\"url\":\"https:\\\/\\\/www.veltec.eu\\\/wp-content\\\/uploads\\\/2021\\\/12\\\/Veltec-log-groot-e1537260889125.png\",\"contentUrl\":\"https:\\\/\\\/www.veltec.eu\\\/wp-content\\\/uploads\\\/2021\\\/12\\\/Veltec-log-groot-e1537260889125.png\",\"width\":200,\"height\":60,\"caption\":\"Veltec Kirby Specialist\"},\"image\":{\"@id\":\"https:\\\/\\\/www.veltec.eu\\\/en\\\/#\\\/schema\\\/logo\\\/image\\\/\"},\"sameAs\":[\"https:\\\/\\\/www.facebook.com\\\/Veltec-Kirby-Specialist-236746293374877\\\/\",\"https:\\\/\\\/www.youtube.com\\\/user\\\/VeltecService\"]}]}<\/script>\n<!-- \/ Yoast SEO Premium plugin. -->","yoast_head_json":{"title":"Staubsaugerroboter 10090 AI Spin - Veltec Kirby specialist","description":"Staubsaugerroboter 10090 AI Spin - Veltec ist seit \u00fcber 25 Jahren ein Lieferant von Kirby Staubsaugern. Und ist Ihr Kirby-Service-Spezialist.","robots":{"index":"index","follow":"follow","max-snippet":"max-snippet:-1","max-image-preview":"max-image-preview:large","max-video-preview":"max-video-preview:-1"},"canonical":"https:\/\/www.veltec.eu\/de\/product\/staubsaugerroboter-10090-ai-spin\/","og_locale":"de_DE","og_type":"article","og_title":"Staubsaugerroboter 10090 AI Spin","og_description":"Staubsaugerroboter 10090 AI Spin mit k\u00fcnstlicher Intelligenz, Lasernavigation und selbstlenkender Basis. K\u00fcnstliche Intelligenz, Objektvermeidung. 4 in 1: Schrubbt, saugt, wischt und fegt. 10.000 Pa Saugleistung. Bis zu 240 Minuten Autonomie. Professionelles Schrubben mit rotierenden Mopps. Siliconb\u00fcrste, ideal f\u00fcr Tierhaare. 1 Seitenb\u00fcrste. 4 Saug- und Schrubbleistungsstufen. Cecotec APP-Steuerung und virtuelle Assistenten. Vorr\u00e4tig   Die Lieferzeit betr\u00e4gt zwischen 5 und 10 Arbeitstagen.    2 Jahre Garantie  &nbsp;","og_url":"https:\/\/www.veltec.eu\/de\/product\/staubsaugerroboter-10090-ai-spin\/","og_site_name":"Veltec Kirby specialist","article_publisher":"https:\/\/www.facebook.com\/Veltec-Kirby-Specialist-236746293374877\/","article_modified_time":"2025-06-11T12:25:58+00:00","og_image":[{"width":640,"height":640,"url":"https:\/\/www.veltec.eu\/wp-content\/uploads\/2024\/12\/conga-10090-ai-spin-revolution-ultra-power-home-lifestyle_lt9632_1.png","type":"image\/png"}],"twitter_card":"summary_large_image","twitter_misc":{"Gesch\u00e4tzte Lesezeit":"4\u00a0Minuten"},"schema":{"@context":"https:\/\/schema.org","@graph":[{"@type":"WebPage","@id":"https:\/\/www.veltec.eu\/de\/product\/staubsaugerroboter-10090-ai-spin\/","url":"https:\/\/www.veltec.eu\/de\/product\/staubsaugerroboter-10090-ai-spin\/","name":"Staubsaugerroboter 10090 AI Spin - Veltec Kirby specialist","isPartOf":{"@id":"https:\/\/www.veltec.eu\/en\/#website"},"primaryImageOfPage":{"@id":"https:\/\/www.veltec.eu\/de\/product\/staubsaugerroboter-10090-ai-spin\/#primaryimage"},"image":{"@id":"https:\/\/www.veltec.eu\/de\/product\/staubsaugerroboter-10090-ai-spin\/#primaryimage"},"thumbnailUrl":"https:\/\/www.veltec.eu\/wp-content\/uploads\/2024\/12\/conga-10090-ai-spin-revolution-ultra-power-home-lifestyle_lt9632_1.png","datePublished":"2024-12-19T08:37:45+00:00","dateModified":"2025-06-11T12:25:58+00:00","description":"Staubsaugerroboter 10090 AI Spin - Veltec ist seit \u00fcber 25 Jahren ein Lieferant von Kirby Staubsaugern. Und ist Ihr Kirby-Service-Spezialist.","breadcrumb":{"@id":"https:\/\/www.veltec.eu\/de\/product\/staubsaugerroboter-10090-ai-spin\/#breadcrumb"},"inLanguage":"de","potentialAction":[{"@type":"ReadAction","target":["https:\/\/www.veltec.eu\/de\/product\/staubsaugerroboter-10090-ai-spin\/"]}]},{"@type":"ImageObject","inLanguage":"de","@id":"https:\/\/www.veltec.eu\/de\/product\/staubsaugerroboter-10090-ai-spin\/#primaryimage","url":"https:\/\/www.veltec.eu\/wp-content\/uploads\/2024\/12\/conga-10090-ai-spin-revolution-ultra-power-home-lifestyle_lt9632_1.png","contentUrl":"https:\/\/www.veltec.eu\/wp-content\/uploads\/2024\/12\/conga-10090-ai-spin-revolution-ultra-power-home-lifestyle_lt9632_1.png","width":640,"height":640},{"@type":"BreadcrumbList","@id":"https:\/\/www.veltec.eu\/de\/product\/staubsaugerroboter-10090-ai-spin\/#breadcrumb","itemListElement":[{"@type":"ListItem","position":1,"name":"Home","item":"https:\/\/www.veltec.eu\/de\/"},{"@type":"ListItem","position":2,"name":"Kirby Laden","item":"https:\/\/www.veltec.eu\/de\/kirby-laden\/"},{"@type":"ListItem","position":3,"name":"Staubsaugerroboter 10090 AI Spin"}]},{"@type":"WebSite","@id":"https:\/\/www.veltec.eu\/en\/#website","url":"https:\/\/www.veltec.eu\/en\/","name":"Veltec Kirby specialist","description":"Kirby stofzuiger producten","publisher":{"@id":"https:\/\/www.veltec.eu\/en\/#organization"},"potentialAction":[{"@type":"SearchAction","target":{"@type":"EntryPoint","urlTemplate":"https:\/\/www.veltec.eu\/en\/?s={search_term_string}"},"query-input":{"@type":"PropertyValueSpecification","valueRequired":true,"valueName":"search_term_string"}}],"inLanguage":"de"},{"@type":"Organization","@id":"https:\/\/www.veltec.eu\/en\/#organization","name":"Veltec Kirby Specialist","url":"https:\/\/www.veltec.eu\/en\/","logo":{"@type":"ImageObject","inLanguage":"de","@id":"https:\/\/www.veltec.eu\/en\/#\/schema\/logo\/image\/","url":"https:\/\/www.veltec.eu\/wp-content\/uploads\/2021\/12\/Veltec-log-groot-e1537260889125.png","contentUrl":"https:\/\/www.veltec.eu\/wp-content\/uploads\/2021\/12\/Veltec-log-groot-e1537260889125.png","width":200,"height":60,"caption":"Veltec Kirby Specialist"},"image":{"@id":"https:\/\/www.veltec.eu\/en\/#\/schema\/logo\/image\/"},"sameAs":["https:\/\/www.facebook.com\/Veltec-Kirby-Specialist-236746293374877\/","https:\/\/www.youtube.com\/user\/VeltecService"]}]}},"_links":{"self":[{"href":"https:\/\/www.veltec.eu\/de\/wp-json\/wp\/v2\/product\/71976","targetHints":{"allow":["GET"]}}],"collection":[{"href":"https:\/\/www.veltec.eu\/de\/wp-json\/wp\/v2\/product"}],"about":[{"href":"https:\/\/www.veltec.eu\/de\/wp-json\/wp\/v2\/types\/product"}],"replies":[{"embeddable":true,"href":"https:\/\/www.veltec.eu\/de\/wp-json\/wp\/v2\/comments?post=71976"}],"wp:featuredmedia":[{"embeddable":true,"href":"https:\/\/www.veltec.eu\/de\/wp-json\/wp\/v2\/media\/71903"}],"wp:attachment":[{"href":"https:\/\/www.veltec.eu\/de\/wp-json\/wp\/v2\/media?parent=71976"}],"wp:term":[{"taxonomy":"product_brand","embeddable":true,"href":"https:\/\/www.veltec.eu\/de\/wp-json\/wp\/v2\/product_brand?post=71976"},{"taxonomy":"product_cat","embeddable":true,"href":"https:\/\/www.veltec.eu\/de\/wp-json\/wp\/v2\/product_cat?post=71976"},{"taxonomy":"product_tag","embeddable":true,"href":"https:\/\/www.veltec.eu\/de\/wp-json\/wp\/v2\/product_tag?post=71976"}],"curies":[{"name":"wp","href":"https:\/\/api.w.org\/{rel}","templated":true}]}}