{"id":70651,"date":"2024-11-26T15:13:06","date_gmt":"2024-11-26T13:13:06","guid":{"rendered":"https:\/\/www.veltec.eu\/product\/conga-4000-matras\/"},"modified":"2025-03-03T17:29:02","modified_gmt":"2025-03-03T15:29:02","slug":"matratzenreiniger-400","status":"publish","type":"product","link":"https:\/\/www.veltec.eu\/de\/product\/matratzenreiniger-400\/","title":{"rendered":"Matratzenreiniger 400"},"content":{"rendered":"<h1>Matratzenreiniger 400<\/h1>\n<p>Matratzenreiniger 400 &#8211; Matratzen- und Polsterreiniger.<\/p>\n<p><a href=\"\/nl?product_cat=matratzenreiniger-de\">Hier finden Sie alle Matratzenreiniger<\/a><\/p>\n<h2>Matratzenreiniger 400 &#8211; Die ultimative L\u00f6sung f\u00fcr eine hygienisch saubere Matratze<\/h2>\n<p>Eine saubere Matratze ist das A und O f\u00fcr einen gesunden Nachtschlaf. Mit dem Matratzenreiniger 400 reinigen Sie Ihre Matratzen und Polsterm\u00f6bel einfach und effektiv, so dass Sie unbesorgt eine frische und hygienische Schlafumgebung genie\u00dfen k\u00f6nnen. Dank seiner fortschrittlichen Technologien und seiner starken Leistung entfernt dieser Matratzenreiniger m\u00fchelos Bakterien, Hausstaubmilben und Allergene.<\/p>\n<h3>Leistungsstarke Reinigung mit ForceSonic-Technologie<\/h3>\n<p>Der Matratzenreiniger 4000 ist mit der innovativen ForceSonic-Technologie ausgestattet, die eine maximale Leistung von 400 W liefert. Diese sorgt f\u00fcr eine starke Saugleistung, die Schmutz und Staub effektiv entfernt. Mit einer beeindruckenden Saugkraft von 13 kPa nimmt der Matratzenreiniger m\u00fchelos Staubmilben, Staub und anderen Schmutz auf und h\u00e4lt Ihre Matratze sauber und frisch.<\/p>\n<h3>Entfernt 99,9 % der Bakterien mit Ultraviolett-V-C-Licht-Technologie<\/h3>\n<p>Einer der gr\u00f6\u00dften Vorteile des Matratzenreinigers 400 ist seine ultraviolette V-C-Licht-Technologie. Dieses spezielle UV-Licht t\u00f6tet bis zu 99,9 % aller Bakterien ab und reinigt Ihre Matratzen und Polsterm\u00f6bel gr\u00fcndlich. Diese Funktion ist ideal f\u00fcr Menschen mit Allergien oder empfindlicher Haut, da sie hilft, unsichtbare Keime und Allergene zu entfernen.<\/p>\n<h3>Tiefenentkeimung dank Heat Tech Hei\u00dflufttechnologie<\/h3>\n<p>Neben UV-Licht bietet der Matratzenreiniger 400 auch die Heat Tech Hei\u00dflufttechnologie. Diese Technologie sorgt daf\u00fcr, dass Hei\u00dfluft Bakterien und Hausstaubmilben effektiv entfernt und die Oberfl\u00e4che desinfiziert. So bleiben Ihre Matratzen und Polsterm\u00f6bel nicht nur sauber, sondern auch absolut hygienisch.<\/p>\n<h3>Beseitigung von Allergenen mit der Power Brush<\/h3>\n<p>Dank der motorisierten Power Brush mit Aluminium- und Silikonb\u00fcrsten entfernen Sie m\u00fchelos alle Arten von Allergenen. Diese B\u00fcrste wurde speziell entwickelt, um den Schmutz in einer Bewegung zu l\u00f6sen und aufzunehmen, wodurch die Reinigung schneller und effizienter wird. Damit ist der Matratzenreiniger 400 die perfekte Wahl f\u00fcr Menschen mit Allergien oder Atemwegsproblemen.<\/p>\n<h3>Gro\u00dfe Reichweite und einfache Handhabung<\/h3>\n<p>Das XXL-Kabel mit einer L\u00e4nge von 5 Metern bietet Ihnen einen gro\u00dfen Aktionsradius, so dass Sie Ihre Matratzen und Polsterm\u00f6bel einfach und uneingeschr\u00e4nkt reinigen k\u00f6nnen. Dank seines geringen Gewichts und seines ergonomischen Designs liegt der Matratzenreiniger gut in der Hand und ist einfach zu man\u00f6vrieren. So erreichen Sie selbst die schwierigsten Stellen m\u00fchelos.<\/p>\n<h3>Doppelter 0,5-Liter-Tank f\u00fcr effizientes Auffangen<\/h3>\n<p>Der Matratzenreiniger 400 verf\u00fcgt \u00fcber einen doppelten 0,5-Liter-Tank, der Schmutz und Staub getrennt auff\u00e4ngt. Das verhindert Verstopfungen und h\u00e4lt das Filtersystem optimal in Betrieb. So bleibt Ihr Matratzenreiniger l\u00e4nger in Topform und Sie genie\u00dfen eine gleichbleibende Reinigungsleistung<\/p>\n<div id=\"technical-details\" class=\"css-0 egxb0x40\">\n<div class=\"css-1vrowg6\">\n<h3>Matratzenreiniger 400 mit Cyclonic System Technologie verl\u00e4ngert die Lebensdauer<\/h3>\n<p>Dank der Cyclonic System-Technologie arbeitet der Matratzenreiniger ohne Staubbeutel, was nicht nur effizienter ist, sondern auch die Lebensdauer des Ger\u00e4ts verl\u00e4ngert. Dieses fortschrittliche System sorgt f\u00fcr eine starke und lang anhaltende Saugkraft, so dass Sie jahrelang eine gr\u00fcndliche Reinigung genie\u00dfen k\u00f6nnen, ohne an Leistung zu verlieren.<\/p>\n<h3>Genie\u00dfen Sie einen frischen Duft w\u00e4hrend der Reinigung<\/h3>\n<p>Um die Reinigung noch angenehmer zu gestalten, ist der Matratzenreiniger 400 mit einer Lufterfrischungstablette ausgestattet. So k\u00f6nnen Sie bei jeder Reinigung und Desinfektion einen angenehmen, frischen Duft genie\u00dfen. So wird nicht nur Ihre Matratze gereinigt, sondern Ihr Schlafzimmer erh\u00e4lt auch einen angenehmen Duft.<\/p>\n<h3>Warum sollten Sie sich f\u00fcr den Matratzenreiniger 400 entscheiden?<\/h3>\n<ul>\n<li>Kraftvolle ForceSonic-Technologie mit 400 W Leistung f\u00fcr die Tiefenreinigung<\/li>\n<li>UV-C-Lichttechnologie beseitigt bis zu 99,9 % aller Bakterien<\/li>\n<li>Heat Tech Hei\u00dflufttechnologie f\u00fcr vollst\u00e4ndige Desinfektion<\/li>\n<li>Motorisierte Power-B\u00fcrste entfernt m\u00fchelos Allergene<\/li>\n<li>Hohe Saugleistung von 13 kPa f\u00fcr maximale Schmutzaufnahme<\/li>\n<li>XXL-Kabel mit 5 Metern L\u00e4nge f\u00fcr optimale Bewegungsfreiheit<\/li>\n<li>Doppelter 0,5-Liter-Tank f\u00fcr effiziente Schmutzspeicherung<\/li>\n<li>Zyklonsystem-Technologie f\u00fcr l\u00e4ngere Lebensdauer<\/li>\n<li>Lufterfrischungstablette f\u00fcr einen angenehmen Duft w\u00e4hrend der Reinigung<\/li>\n<\/ul>\n<p>Mit dem Matratzenreiniger 400 entscheiden Sie sich f\u00fcr eine hygienisch saubere Matratze, frei von Bakterien, Allergenen und Hausstaubmilben. Schaffen Sie eine ges\u00fcndere Schlafumgebung und genie\u00dfen Sie jede Nacht eine frische und saubere Matratze!<\/p>\n<\/div>\n<\/div>\n","protected":false},"excerpt":{"rendered":"<p>Matratzenreiniger 400 &#8211; Matratzen und Polstersauger mit 400 W Leistung und 13 kPa Saugkraft. Inklusive UV-C-Ultraviolettlicht, das bis zu 99,9 % der Allergene abt\u00f6tet. Die motorisierte B\u00fcrstentechnologie hilft bei der Entfernung von Staubmilben auf Matratzen und die Hei\u00dflufttechnologie desinfiziert. Doppelter Tank.<\/p>\n<p>&nbsp;<\/p>\n<h3><span style=\"color: #008000;\">Vorr\u00e4tig<\/span><\/h3>\n[av_font_icon icon='ue812' font='entypo-fontello' style='' caption='' size='25px' position='left' color='#43ad66' link='' linktarget='' title_attr='' sonar_effect_effect='' sonar_effect_color='' sonar_effect_duration='1' sonar_effect_scale='' sonar_effect_opac='0.5' animation='' id='' custom_class='' template_class='' av_uid='' sc_version='1.0' admin_preview_bg=''][\/av_font_icon]\n<p><span style=\"color: #008000;\">Die Lieferzeit betr\u00e4gt zwischen 5 und 10 Arbeitstagen.<\/span><\/p>\n[av_font_icon icon='ue812' font='entypo-fontello' style='' caption='' size='25px' position='left' color='#43ad66' link='' linktarget='' title_attr='' sonar_effect_effect='' sonar_effect_color='' sonar_effect_duration='1' sonar_effect_scale='' sonar_effect_opac='0.5' animation='' id='' custom_class='' template_class='' av_uid='' sc_version='1.0' admin_preview_bg=''][\/av_font_icon]\n<p><span style=\"color: #008000;\">2 Jahre Garantie<\/span><\/p>\n<p>&nbsp;<\/p>\n","protected":false},"featured_media":75839,"comment_status":"open","ping_status":"closed","template":"","meta":{"_acf_changed":false},"product_brand":[],"product_cat":[26],"product_tag":[],"class_list":{"0":"post-70651","1":"product","2":"type-product","3":"status-publish","4":"has-post-thumbnail","6":"product_cat-overige-producten","8":"first","9":"instock","10":"sale","11":"taxable","12":"shipping-taxable","13":"purchasable","14":"product-type-simple"},"acf":[],"yoast_head":"<!-- This site is optimized with the Yoast SEO Premium plugin v27.1 (Yoast SEO v27.4) - https:\/\/yoast.com\/product\/yoast-seo-premium-wordpress\/ -->\n<title>Matratzenreiniger 400 - Veltec Kirby specialist<\/title>\n<meta name=\"description\" content=\"Matratzenreiniger 400- Veltec ist seit \u00fcber 25 Jahren ein Lieferant von Kirby Staubsaugern. Und ist Ihr vertrauensw\u00fcrdiger Kirby-Service-Spezialist.\" \/>\n<meta name=\"robots\" content=\"index, follow, max-snippet:-1, max-image-preview:large, max-video-preview:-1\" \/>\n<link rel=\"canonical\" href=\"https:\/\/www.veltec.eu\/de\/product\/matratzenreiniger-400\/\" \/>\n<meta property=\"og:locale\" content=\"de_DE\" \/>\n<meta property=\"og:type\" content=\"article\" \/>\n<meta property=\"og:title\" content=\"Matratzenreiniger 400\" \/>\n<meta property=\"og:description\" content=\"Matratzenreiniger 400 - Matratzen und Polstersauger mit 400 W Leistung und 13 kPa Saugkraft. Inklusive UV-C-Ultraviolettlicht, das bis zu 99,9 % der Allergene abt\u00f6tet. Die motorisierte B\u00fcrstentechnologie hilft bei der Entfernung von Staubmilben auf Matratzen und die Hei\u00dflufttechnologie desinfiziert. Doppelter Tank.  &nbsp; Vorr\u00e4tig   Die Lieferzeit betr\u00e4gt zwischen 5 und 10 Arbeitstagen.    2 Jahre Garantie  &nbsp;\" \/>\n<meta property=\"og:url\" content=\"https:\/\/www.veltec.eu\/de\/product\/matratzenreiniger-400\/\" \/>\n<meta property=\"og:site_name\" content=\"Veltec Kirby specialist\" \/>\n<meta property=\"article:publisher\" content=\"https:\/\/www.facebook.com\/Veltec-Kirby-Specialist-236746293374877\/\" \/>\n<meta property=\"article:modified_time\" content=\"2025-03-03T15:29:02+00:00\" \/>\n<meta property=\"og:image\" content=\"https:\/\/www.veltec.eu\/wp-content\/uploads\/2024\/11\/conga-rockstar-4000-mattress_84pjd6_1-1.png\" \/>\n\t<meta property=\"og:image:width\" content=\"640\" \/>\n\t<meta property=\"og:image:height\" content=\"640\" \/>\n\t<meta property=\"og:image:type\" content=\"image\/png\" \/>\n<meta name=\"twitter:card\" content=\"summary_large_image\" \/>\n<meta name=\"twitter:label1\" content=\"Gesch\u00e4tzte Lesezeit\" \/>\n\t<meta name=\"twitter:data1\" content=\"3\u00a0Minuten\" \/>\n<script type=\"application\/ld+json\" class=\"yoast-schema-graph\">{\"@context\":\"https:\\\/\\\/schema.org\",\"@graph\":[{\"@type\":\"WebPage\",\"@id\":\"https:\\\/\\\/www.veltec.eu\\\/de\\\/product\\\/matratzenreiniger-400\\\/\",\"url\":\"https:\\\/\\\/www.veltec.eu\\\/de\\\/product\\\/matratzenreiniger-400\\\/\",\"name\":\"Matratzenreiniger 400 - Veltec Kirby specialist\",\"isPartOf\":{\"@id\":\"https:\\\/\\\/www.veltec.eu\\\/en\\\/#website\"},\"primaryImageOfPage\":{\"@id\":\"https:\\\/\\\/www.veltec.eu\\\/de\\\/product\\\/matratzenreiniger-400\\\/#primaryimage\"},\"image\":{\"@id\":\"https:\\\/\\\/www.veltec.eu\\\/de\\\/product\\\/matratzenreiniger-400\\\/#primaryimage\"},\"thumbnailUrl\":\"https:\\\/\\\/www.veltec.eu\\\/wp-content\\\/uploads\\\/2024\\\/11\\\/conga-rockstar-4000-mattress_84pjd6_1-1.png\",\"datePublished\":\"2024-11-26T13:13:06+00:00\",\"dateModified\":\"2025-03-03T15:29:02+00:00\",\"description\":\"Matratzenreiniger 400- Veltec ist seit \u00fcber 25 Jahren ein Lieferant von Kirby Staubsaugern. Und ist Ihr vertrauensw\u00fcrdiger Kirby-Service-Spezialist.\",\"breadcrumb\":{\"@id\":\"https:\\\/\\\/www.veltec.eu\\\/de\\\/product\\\/matratzenreiniger-400\\\/#breadcrumb\"},\"inLanguage\":\"de\",\"potentialAction\":[{\"@type\":\"ReadAction\",\"target\":[\"https:\\\/\\\/www.veltec.eu\\\/de\\\/product\\\/matratzenreiniger-400\\\/\"]}]},{\"@type\":\"ImageObject\",\"inLanguage\":\"de\",\"@id\":\"https:\\\/\\\/www.veltec.eu\\\/de\\\/product\\\/matratzenreiniger-400\\\/#primaryimage\",\"url\":\"https:\\\/\\\/www.veltec.eu\\\/wp-content\\\/uploads\\\/2024\\\/11\\\/conga-rockstar-4000-mattress_84pjd6_1-1.png\",\"contentUrl\":\"https:\\\/\\\/www.veltec.eu\\\/wp-content\\\/uploads\\\/2024\\\/11\\\/conga-rockstar-4000-mattress_84pjd6_1-1.png\",\"width\":640,\"height\":640},{\"@type\":\"BreadcrumbList\",\"@id\":\"https:\\\/\\\/www.veltec.eu\\\/de\\\/product\\\/matratzenreiniger-400\\\/#breadcrumb\",\"itemListElement\":[{\"@type\":\"ListItem\",\"position\":1,\"name\":\"Home\",\"item\":\"https:\\\/\\\/www.veltec.eu\\\/de\\\/\"},{\"@type\":\"ListItem\",\"position\":2,\"name\":\"Kirby Laden\",\"item\":\"https:\\\/\\\/www.veltec.eu\\\/de\\\/kirby-laden\\\/\"},{\"@type\":\"ListItem\",\"position\":3,\"name\":\"Matratzenreiniger 400\"}]},{\"@type\":\"WebSite\",\"@id\":\"https:\\\/\\\/www.veltec.eu\\\/en\\\/#website\",\"url\":\"https:\\\/\\\/www.veltec.eu\\\/en\\\/\",\"name\":\"Veltec Kirby specialist\",\"description\":\"Kirby stofzuiger producten\",\"publisher\":{\"@id\":\"https:\\\/\\\/www.veltec.eu\\\/en\\\/#organization\"},\"potentialAction\":[{\"@type\":\"SearchAction\",\"target\":{\"@type\":\"EntryPoint\",\"urlTemplate\":\"https:\\\/\\\/www.veltec.eu\\\/en\\\/?s={search_term_string}\"},\"query-input\":{\"@type\":\"PropertyValueSpecification\",\"valueRequired\":true,\"valueName\":\"search_term_string\"}}],\"inLanguage\":\"de\"},{\"@type\":\"Organization\",\"@id\":\"https:\\\/\\\/www.veltec.eu\\\/en\\\/#organization\",\"name\":\"Veltec Kirby Specialist\",\"url\":\"https:\\\/\\\/www.veltec.eu\\\/en\\\/\",\"logo\":{\"@type\":\"ImageObject\",\"inLanguage\":\"de\",\"@id\":\"https:\\\/\\\/www.veltec.eu\\\/en\\\/#\\\/schema\\\/logo\\\/image\\\/\",\"url\":\"https:\\\/\\\/www.veltec.eu\\\/wp-content\\\/uploads\\\/2021\\\/12\\\/Veltec-log-groot-e1537260889125.png\",\"contentUrl\":\"https:\\\/\\\/www.veltec.eu\\\/wp-content\\\/uploads\\\/2021\\\/12\\\/Veltec-log-groot-e1537260889125.png\",\"width\":200,\"height\":60,\"caption\":\"Veltec Kirby Specialist\"},\"image\":{\"@id\":\"https:\\\/\\\/www.veltec.eu\\\/en\\\/#\\\/schema\\\/logo\\\/image\\\/\"},\"sameAs\":[\"https:\\\/\\\/www.facebook.com\\\/Veltec-Kirby-Specialist-236746293374877\\\/\",\"https:\\\/\\\/www.youtube.com\\\/user\\\/VeltecService\"]}]}<\/script>\n<!-- \/ Yoast SEO Premium plugin. -->","yoast_head_json":{"title":"Matratzenreiniger 400 - Veltec Kirby specialist","description":"Matratzenreiniger 400- Veltec ist seit \u00fcber 25 Jahren ein Lieferant von Kirby Staubsaugern. Und ist Ihr vertrauensw\u00fcrdiger Kirby-Service-Spezialist.","robots":{"index":"index","follow":"follow","max-snippet":"max-snippet:-1","max-image-preview":"max-image-preview:large","max-video-preview":"max-video-preview:-1"},"canonical":"https:\/\/www.veltec.eu\/de\/product\/matratzenreiniger-400\/","og_locale":"de_DE","og_type":"article","og_title":"Matratzenreiniger 400","og_description":"Matratzenreiniger 400 - Matratzen und Polstersauger mit 400 W Leistung und 13 kPa Saugkraft. Inklusive UV-C-Ultraviolettlicht, das bis zu 99,9 % der Allergene abt\u00f6tet. Die motorisierte B\u00fcrstentechnologie hilft bei der Entfernung von Staubmilben auf Matratzen und die Hei\u00dflufttechnologie desinfiziert. Doppelter Tank.  &nbsp; Vorr\u00e4tig   Die Lieferzeit betr\u00e4gt zwischen 5 und 10 Arbeitstagen.    2 Jahre Garantie  &nbsp;","og_url":"https:\/\/www.veltec.eu\/de\/product\/matratzenreiniger-400\/","og_site_name":"Veltec Kirby specialist","article_publisher":"https:\/\/www.facebook.com\/Veltec-Kirby-Specialist-236746293374877\/","article_modified_time":"2025-03-03T15:29:02+00:00","og_image":[{"width":640,"height":640,"url":"https:\/\/www.veltec.eu\/wp-content\/uploads\/2024\/11\/conga-rockstar-4000-mattress_84pjd6_1-1.png","type":"image\/png"}],"twitter_card":"summary_large_image","twitter_misc":{"Gesch\u00e4tzte Lesezeit":"3\u00a0Minuten"},"schema":{"@context":"https:\/\/schema.org","@graph":[{"@type":"WebPage","@id":"https:\/\/www.veltec.eu\/de\/product\/matratzenreiniger-400\/","url":"https:\/\/www.veltec.eu\/de\/product\/matratzenreiniger-400\/","name":"Matratzenreiniger 400 - Veltec Kirby specialist","isPartOf":{"@id":"https:\/\/www.veltec.eu\/en\/#website"},"primaryImageOfPage":{"@id":"https:\/\/www.veltec.eu\/de\/product\/matratzenreiniger-400\/#primaryimage"},"image":{"@id":"https:\/\/www.veltec.eu\/de\/product\/matratzenreiniger-400\/#primaryimage"},"thumbnailUrl":"https:\/\/www.veltec.eu\/wp-content\/uploads\/2024\/11\/conga-rockstar-4000-mattress_84pjd6_1-1.png","datePublished":"2024-11-26T13:13:06+00:00","dateModified":"2025-03-03T15:29:02+00:00","description":"Matratzenreiniger 400- Veltec ist seit \u00fcber 25 Jahren ein Lieferant von Kirby Staubsaugern. Und ist Ihr vertrauensw\u00fcrdiger Kirby-Service-Spezialist.","breadcrumb":{"@id":"https:\/\/www.veltec.eu\/de\/product\/matratzenreiniger-400\/#breadcrumb"},"inLanguage":"de","potentialAction":[{"@type":"ReadAction","target":["https:\/\/www.veltec.eu\/de\/product\/matratzenreiniger-400\/"]}]},{"@type":"ImageObject","inLanguage":"de","@id":"https:\/\/www.veltec.eu\/de\/product\/matratzenreiniger-400\/#primaryimage","url":"https:\/\/www.veltec.eu\/wp-content\/uploads\/2024\/11\/conga-rockstar-4000-mattress_84pjd6_1-1.png","contentUrl":"https:\/\/www.veltec.eu\/wp-content\/uploads\/2024\/11\/conga-rockstar-4000-mattress_84pjd6_1-1.png","width":640,"height":640},{"@type":"BreadcrumbList","@id":"https:\/\/www.veltec.eu\/de\/product\/matratzenreiniger-400\/#breadcrumb","itemListElement":[{"@type":"ListItem","position":1,"name":"Home","item":"https:\/\/www.veltec.eu\/de\/"},{"@type":"ListItem","position":2,"name":"Kirby Laden","item":"https:\/\/www.veltec.eu\/de\/kirby-laden\/"},{"@type":"ListItem","position":3,"name":"Matratzenreiniger 400"}]},{"@type":"WebSite","@id":"https:\/\/www.veltec.eu\/en\/#website","url":"https:\/\/www.veltec.eu\/en\/","name":"Veltec Kirby specialist","description":"Kirby stofzuiger producten","publisher":{"@id":"https:\/\/www.veltec.eu\/en\/#organization"},"potentialAction":[{"@type":"SearchAction","target":{"@type":"EntryPoint","urlTemplate":"https:\/\/www.veltec.eu\/en\/?s={search_term_string}"},"query-input":{"@type":"PropertyValueSpecification","valueRequired":true,"valueName":"search_term_string"}}],"inLanguage":"de"},{"@type":"Organization","@id":"https:\/\/www.veltec.eu\/en\/#organization","name":"Veltec Kirby Specialist","url":"https:\/\/www.veltec.eu\/en\/","logo":{"@type":"ImageObject","inLanguage":"de","@id":"https:\/\/www.veltec.eu\/en\/#\/schema\/logo\/image\/","url":"https:\/\/www.veltec.eu\/wp-content\/uploads\/2021\/12\/Veltec-log-groot-e1537260889125.png","contentUrl":"https:\/\/www.veltec.eu\/wp-content\/uploads\/2021\/12\/Veltec-log-groot-e1537260889125.png","width":200,"height":60,"caption":"Veltec Kirby Specialist"},"image":{"@id":"https:\/\/www.veltec.eu\/en\/#\/schema\/logo\/image\/"},"sameAs":["https:\/\/www.facebook.com\/Veltec-Kirby-Specialist-236746293374877\/","https:\/\/www.youtube.com\/user\/VeltecService"]}]}},"_links":{"self":[{"href":"https:\/\/www.veltec.eu\/de\/wp-json\/wp\/v2\/product\/70651","targetHints":{"allow":["GET"]}}],"collection":[{"href":"https:\/\/www.veltec.eu\/de\/wp-json\/wp\/v2\/product"}],"about":[{"href":"https:\/\/www.veltec.eu\/de\/wp-json\/wp\/v2\/types\/product"}],"replies":[{"embeddable":true,"href":"https:\/\/www.veltec.eu\/de\/wp-json\/wp\/v2\/comments?post=70651"}],"wp:featuredmedia":[{"embeddable":true,"href":"https:\/\/www.veltec.eu\/de\/wp-json\/wp\/v2\/media\/75839"}],"wp:attachment":[{"href":"https:\/\/www.veltec.eu\/de\/wp-json\/wp\/v2\/media?parent=70651"}],"wp:term":[{"taxonomy":"product_brand","embeddable":true,"href":"https:\/\/www.veltec.eu\/de\/wp-json\/wp\/v2\/product_brand?post=70651"},{"taxonomy":"product_cat","embeddable":true,"href":"https:\/\/www.veltec.eu\/de\/wp-json\/wp\/v2\/product_cat?post=70651"},{"taxonomy":"product_tag","embeddable":true,"href":"https:\/\/www.veltec.eu\/de\/wp-json\/wp\/v2\/product_tag?post=70651"}],"curies":[{"name":"wp","href":"https:\/\/api.w.org\/{rel}","templated":true}]}}