{"id":70430,"date":"2024-11-20T16:34:33","date_gmt":"2024-11-20T14:34:33","guid":{"rendered":"https:\/\/www.veltec.eu\/product\/conga-9590-ultra-power\/"},"modified":"2025-01-23T14:57:45","modified_gmt":"2025-01-23T12:57:45","slug":"conga-9590-ultra-power","status":"publish","type":"product","link":"https:\/\/www.veltec.eu\/de\/product\/conga-9590-ultra-power\/","title":{"rendered":"Conga 9590 Ultra Power"},"content":{"rendered":"<h1>Conga 9590 Ultra Power<\/h1>\n<p>Conga 9590 Ultra Power &#8211; Staubsaugerroboter mit intelligenter Lasernavigation.<\/p>\n<div class=\"css-1vrowg6\">\n<div id=\"description\" class=\"e1pizqy33 css-1gvl2s3\">\n<div class=\"css-k1moeq e1pizqy32\">\n<ul>\n<li>Lasernavigation, pr\u00e4zise Reinigung. Der Roboter ist mit einer Lasertechnologie ausgestattet, die es ihm erm\u00f6glicht, eine Karte zu erstellen, um genau zu navigieren und jeden Winkel effektiv zu reinigen. Au\u00dferdem kann er dank dieses Navigationssystems auch ohne Licht pr\u00e4zise reinigen.<\/li>\n<li>Spin Wet Mops. Innovatives Schrubbsystem mit zwei Mopps, die mit voller Geschwindigkeit laufen, den Boden st\u00e4ndig nass machen und anpressen, um selbst die hartn\u00e4ckigsten Flecken zu entfernen.<\/li>\n<li>Perfektes Schrubben. Das Spin-Scrubbing-System entfernt Schmutz und Flecken effizient und schnell und hinterl\u00e4sst einen gl\u00e4nzenden Boden. Verbinden Sie sich mit Conga, vergessen Sie den Mopp und genie\u00dfen Sie einen gl\u00e4nzenden Boden.<\/li>\n<li>10.000 Pa: ultra-leistungsstark. Sein Ungravity-Motor liefert eine Saugkraft von 10.000 Pa, eine Kraft, die selbst extremen Schmutz auf jeder Oberfl\u00e4che, selbst auf hohen Teppichen, aufsaugen kann.<\/li>\n<li>Bis zu 240 m2 ununterbrochen. Ideal f\u00fcr gro\u00dfe Wohnungen, denn dank seines 5200-mAh-Akkus kann er 240 Minuten lang staubsaugen und 200 Minuten lang schrubben &#8211; f\u00fcr eine vollst\u00e4ndige Reinigung ohne Unterbrechung. Dar\u00fcber hinaus k\u00f6nnen Sie dank seiner gro\u00dfen Autonomie im Turbomodus und ohne Unterbrechung H\u00e4user von etwa 100 m2 reinigen.<\/li>\n<li>App 3.0: Personalisierte Reinigung. Definieren, planen und planen Sie die Reinigung pro Raum. Steuern Sie die Reinigung von \u00fcberall aus, w\u00e4hlen Sie den idealen Modus f\u00fcr jeden Raum und schr\u00e4nken Sie Zonen ein, um eine vollst\u00e4ndig personalisierte Reinigung zu genie\u00dfen.<\/li>\n<li>Teppicherkennung mit Ultraschall. Der Roboter erkennt, wenn ein Teppich vorhanden ist, und erh\u00f6ht automatisch seine Leistung, um mit maximaler Pr\u00e4zision zu reinigen. Wenn der Roboter im Wischmodus ist, meidet er den Teppich, um zu vermeiden, dass er den Teppichstaub mit seinen Mopps benetzt.<\/li>\n<li>Silikonb\u00fcrste gegen Verfilzungen. Das Silikondesign macht sie ideal f\u00fcr Haushalte mit Haustieren, da es verhindert, dass sich die Haare verheddern. Au\u00dferdem helfen die Klingen dabei, jede Oberfl\u00e4che zu entkalken und Schmutz zu binden.<\/li>\n<li>Vollst\u00e4ndige Reinigung in einem Arbeitsgang. Er saugt, fegt, wischt und entkalkt mit seinen Spin Mops. Ein komplettes Reinigungsset, mit dem der Roboter alles auf einmal oder separat f\u00fcr eine ma\u00dfgeschneiderte Reinigung erledigen kann.<\/li>\n<li>Total Surface 3.0. Der Roboter schlie\u00dft die Reinigung immer ab, und wenn er mehr Akkuleistung ben\u00f6tigt, um die geplante Reinigung abzuschlie\u00dfen, kehrt er zu seiner Basis zur\u00fcck, l\u00e4dt sich auf und setzt die Reinigung an dem Punkt fort, an dem er aufgeh\u00f6rt hat.<\/li>\n<\/ul>\n<\/div>\n<\/div>\n<\/div>\n<div class=\"css-1vrowg6\">\n<div id=\"composition\" class=\"e1hv9n5v2 css-ldw7pi\">\n<p><strong>Zusammensetzung<\/strong><\/p>\n<div class=\"css-1azcdyx e1hv9n5v1\">\n<ul>\n<li>Staubsauger-Roboter<\/li>\n<li>1 Seitenb\u00fcrste<\/li>\n<li>Selbstreinigende B\u00fcrste<\/li>\n<li>Silikonb\u00fcrste<\/li>\n<li>Gemischter Tank<\/li>\n<li>Hocheffizienter Filter<\/li>\n<li>Benutzerhandbuch<\/li>\n<li>2 Packungen mit rotierenden Schrubbb\u00fcrsten<\/li>\n<li>Aufladestation<\/li>\n<\/ul>\n<\/div>\n<\/div>\n<\/div>\n","protected":false},"excerpt":{"rendered":"<p>Conga 9590 Ultra Power &#8211; Staubsaugerroboter mit intelligenter Lasernavigation. 4 in 1: Schrubben, Staubsaugen, Wischen und Wischen. 10.000 Pa Saugleistung. Bis zu 240 Minuten Autonomie. Professionelles Schrubben mit rotierenden Mopps. Siliconb\u00fcrste, ideal f\u00fcr Tierhaare. 1 Seitenb\u00fcrste. 4 Saug- und Schrubbleistungsstufen. Cecotec APP-Steuerung und virtuelle Assistenten.<\/p>\n<p>&nbsp;<\/p>\n<h3><span style=\"color: #008000;\">Vorr\u00e4tig<\/span><\/h3>\n[av_font_icon icon='ue812' font='entypo-fontello' style='' caption='' size='25px' position='left' color='#43ad66' link='' linktarget='' title_attr='' sonar_effect_effect='' sonar_effect_color='' sonar_effect_duration='1' sonar_effect_scale='' sonar_effect_opac='0.5' animation='' id='' custom_class='' template_class='' av_uid='' sc_version='1.0' admin_preview_bg=''][\/av_font_icon]\n<p><span style=\"color: #008000;\">Die Lieferzeit betr\u00e4gt zwischen 5 und 10 Arbeitstagen.<\/span><\/p>\n[av_font_icon icon='ue812' font='entypo-fontello' style='' caption='' size='25px' position='left' color='#43ad66' link='' linktarget='' title_attr='' sonar_effect_effect='' sonar_effect_color='' sonar_effect_duration='1' sonar_effect_scale='' sonar_effect_opac='0.5' animation='' id='' custom_class='' template_class='' av_uid='' sc_version='1.0' admin_preview_bg=''][\/av_font_icon]\n<p><span style=\"color: #008000;\">2 Jahre Garantie<\/span><\/p>\n<p>&nbsp;<\/p>\n","protected":false},"featured_media":70345,"comment_status":"open","ping_status":"closed","template":"","meta":{"_acf_changed":false},"product_brand":[],"product_cat":[26],"product_tag":[],"class_list":{"0":"post-70430","1":"product","2":"type-product","3":"status-publish","4":"has-post-thumbnail","6":"product_cat-overige-producten","8":"first","9":"outofstock","10":"sale","11":"taxable","12":"shipping-taxable","13":"purchasable","14":"product-type-simple"},"acf":[],"yoast_head":"<!-- This site is optimized with the Yoast SEO Premium plugin v27.1 (Yoast SEO v27.4) - https:\/\/yoast.com\/product\/yoast-seo-premium-wordpress\/ -->\n<title>Conga 9590 Ultra Power - Veltec Kirby specialist<\/title>\n<meta name=\"description\" content=\"Conga 9590 Ultra Power Veltec ist seit \u00fcber 25 Jahren ein Lieferant von Kirby Staubsaugern. Und ist Ihr vertrauensw\u00fcrdiger Kirby-Service-Spezialist.\" \/>\n<meta name=\"robots\" content=\"index, follow, max-snippet:-1, max-image-preview:large, max-video-preview:-1\" \/>\n<link rel=\"canonical\" href=\"https:\/\/www.veltec.eu\/de\/product\/conga-9590-ultra-power\/\" \/>\n<meta property=\"og:locale\" content=\"de_DE\" \/>\n<meta property=\"og:type\" content=\"article\" \/>\n<meta property=\"og:title\" content=\"Conga 9590 Ultra Power\" \/>\n<meta property=\"og:description\" content=\"Conga 9590 Ultra Power - Staubsaugerroboter mit intelligenter Lasernavigation. 4 in 1: Schrubben, Staubsaugen, Wischen und Wischen. 10.000 Pa Saugleistung. Bis zu 240 Minuten Autonomie. Professionelles Schrubben mit rotierenden Mopps. Siliconb\u00fcrste, ideal f\u00fcr Tierhaare. 1 Seitenb\u00fcrste. 4 Saug- und Schrubbleistungsstufen. Cecotec APP-Steuerung und virtuelle Assistenten.  &nbsp; Vorr\u00e4tig   Die Lieferzeit betr\u00e4gt zwischen 5 und 10 Arbeitstagen.    2 Jahre Garantie  &nbsp;\" \/>\n<meta property=\"og:url\" content=\"https:\/\/www.veltec.eu\/de\/product\/conga-9590-ultra-power\/\" \/>\n<meta property=\"og:site_name\" content=\"Veltec Kirby specialist\" \/>\n<meta property=\"article:publisher\" content=\"https:\/\/www.facebook.com\/Veltec-Kirby-Specialist-236746293374877\/\" \/>\n<meta property=\"article:modified_time\" content=\"2025-01-23T12:57:45+00:00\" \/>\n<meta property=\"og:image\" content=\"https:\/\/www.veltec.eu\/wp-content\/uploads\/2024\/11\/conga-9590-spin-revolution-ultra-power_5c2qgv_1.png\" \/>\n\t<meta property=\"og:image:width\" content=\"640\" \/>\n\t<meta property=\"og:image:height\" content=\"640\" \/>\n\t<meta property=\"og:image:type\" content=\"image\/png\" \/>\n<meta name=\"twitter:card\" content=\"summary_large_image\" \/>\n<meta name=\"twitter:label1\" content=\"Gesch\u00e4tzte Lesezeit\" \/>\n\t<meta name=\"twitter:data1\" content=\"2\u00a0Minuten\" \/>\n<script type=\"application\/ld+json\" class=\"yoast-schema-graph\">{\"@context\":\"https:\\\/\\\/schema.org\",\"@graph\":[{\"@type\":\"WebPage\",\"@id\":\"https:\\\/\\\/www.veltec.eu\\\/de\\\/product\\\/conga-9590-ultra-power\\\/\",\"url\":\"https:\\\/\\\/www.veltec.eu\\\/de\\\/product\\\/conga-9590-ultra-power\\\/\",\"name\":\"Conga 9590 Ultra Power - Veltec Kirby specialist\",\"isPartOf\":{\"@id\":\"https:\\\/\\\/www.veltec.eu\\\/en\\\/#website\"},\"primaryImageOfPage\":{\"@id\":\"https:\\\/\\\/www.veltec.eu\\\/de\\\/product\\\/conga-9590-ultra-power\\\/#primaryimage\"},\"image\":{\"@id\":\"https:\\\/\\\/www.veltec.eu\\\/de\\\/product\\\/conga-9590-ultra-power\\\/#primaryimage\"},\"thumbnailUrl\":\"https:\\\/\\\/www.veltec.eu\\\/wp-content\\\/uploads\\\/2024\\\/11\\\/conga-9590-spin-revolution-ultra-power_5c2qgv_1.png\",\"datePublished\":\"2024-11-20T14:34:33+00:00\",\"dateModified\":\"2025-01-23T12:57:45+00:00\",\"description\":\"Conga 9590 Ultra Power Veltec ist seit \u00fcber 25 Jahren ein Lieferant von Kirby Staubsaugern. Und ist Ihr vertrauensw\u00fcrdiger Kirby-Service-Spezialist.\",\"breadcrumb\":{\"@id\":\"https:\\\/\\\/www.veltec.eu\\\/de\\\/product\\\/conga-9590-ultra-power\\\/#breadcrumb\"},\"inLanguage\":\"de\",\"potentialAction\":[{\"@type\":\"ReadAction\",\"target\":[\"https:\\\/\\\/www.veltec.eu\\\/de\\\/product\\\/conga-9590-ultra-power\\\/\"]}]},{\"@type\":\"ImageObject\",\"inLanguage\":\"de\",\"@id\":\"https:\\\/\\\/www.veltec.eu\\\/de\\\/product\\\/conga-9590-ultra-power\\\/#primaryimage\",\"url\":\"https:\\\/\\\/www.veltec.eu\\\/wp-content\\\/uploads\\\/2024\\\/11\\\/conga-9590-spin-revolution-ultra-power_5c2qgv_1.png\",\"contentUrl\":\"https:\\\/\\\/www.veltec.eu\\\/wp-content\\\/uploads\\\/2024\\\/11\\\/conga-9590-spin-revolution-ultra-power_5c2qgv_1.png\",\"width\":640,\"height\":640},{\"@type\":\"BreadcrumbList\",\"@id\":\"https:\\\/\\\/www.veltec.eu\\\/de\\\/product\\\/conga-9590-ultra-power\\\/#breadcrumb\",\"itemListElement\":[{\"@type\":\"ListItem\",\"position\":1,\"name\":\"Home\",\"item\":\"https:\\\/\\\/www.veltec.eu\\\/de\\\/\"},{\"@type\":\"ListItem\",\"position\":2,\"name\":\"Kirby Laden\",\"item\":\"https:\\\/\\\/www.veltec.eu\\\/de\\\/kirby-laden\\\/\"},{\"@type\":\"ListItem\",\"position\":3,\"name\":\"Conga 9590 Ultra Power\"}]},{\"@type\":\"WebSite\",\"@id\":\"https:\\\/\\\/www.veltec.eu\\\/en\\\/#website\",\"url\":\"https:\\\/\\\/www.veltec.eu\\\/en\\\/\",\"name\":\"Veltec Kirby specialist\",\"description\":\"Kirby stofzuiger producten\",\"publisher\":{\"@id\":\"https:\\\/\\\/www.veltec.eu\\\/en\\\/#organization\"},\"potentialAction\":[{\"@type\":\"SearchAction\",\"target\":{\"@type\":\"EntryPoint\",\"urlTemplate\":\"https:\\\/\\\/www.veltec.eu\\\/en\\\/?s={search_term_string}\"},\"query-input\":{\"@type\":\"PropertyValueSpecification\",\"valueRequired\":true,\"valueName\":\"search_term_string\"}}],\"inLanguage\":\"de\"},{\"@type\":\"Organization\",\"@id\":\"https:\\\/\\\/www.veltec.eu\\\/en\\\/#organization\",\"name\":\"Veltec Kirby Specialist\",\"url\":\"https:\\\/\\\/www.veltec.eu\\\/en\\\/\",\"logo\":{\"@type\":\"ImageObject\",\"inLanguage\":\"de\",\"@id\":\"https:\\\/\\\/www.veltec.eu\\\/en\\\/#\\\/schema\\\/logo\\\/image\\\/\",\"url\":\"https:\\\/\\\/www.veltec.eu\\\/wp-content\\\/uploads\\\/2021\\\/12\\\/Veltec-log-groot-e1537260889125.png\",\"contentUrl\":\"https:\\\/\\\/www.veltec.eu\\\/wp-content\\\/uploads\\\/2021\\\/12\\\/Veltec-log-groot-e1537260889125.png\",\"width\":200,\"height\":60,\"caption\":\"Veltec Kirby Specialist\"},\"image\":{\"@id\":\"https:\\\/\\\/www.veltec.eu\\\/en\\\/#\\\/schema\\\/logo\\\/image\\\/\"},\"sameAs\":[\"https:\\\/\\\/www.facebook.com\\\/Veltec-Kirby-Specialist-236746293374877\\\/\",\"https:\\\/\\\/www.youtube.com\\\/user\\\/VeltecService\"]}]}<\/script>\n<!-- \/ Yoast SEO Premium plugin. -->","yoast_head_json":{"title":"Conga 9590 Ultra Power - Veltec Kirby specialist","description":"Conga 9590 Ultra Power Veltec ist seit \u00fcber 25 Jahren ein Lieferant von Kirby Staubsaugern. Und ist Ihr vertrauensw\u00fcrdiger Kirby-Service-Spezialist.","robots":{"index":"index","follow":"follow","max-snippet":"max-snippet:-1","max-image-preview":"max-image-preview:large","max-video-preview":"max-video-preview:-1"},"canonical":"https:\/\/www.veltec.eu\/de\/product\/conga-9590-ultra-power\/","og_locale":"de_DE","og_type":"article","og_title":"Conga 9590 Ultra Power","og_description":"Conga 9590 Ultra Power - Staubsaugerroboter mit intelligenter Lasernavigation. 4 in 1: Schrubben, Staubsaugen, Wischen und Wischen. 10.000 Pa Saugleistung. Bis zu 240 Minuten Autonomie. Professionelles Schrubben mit rotierenden Mopps. Siliconb\u00fcrste, ideal f\u00fcr Tierhaare. 1 Seitenb\u00fcrste. 4 Saug- und Schrubbleistungsstufen. Cecotec APP-Steuerung und virtuelle Assistenten.  &nbsp; Vorr\u00e4tig   Die Lieferzeit betr\u00e4gt zwischen 5 und 10 Arbeitstagen.    2 Jahre Garantie  &nbsp;","og_url":"https:\/\/www.veltec.eu\/de\/product\/conga-9590-ultra-power\/","og_site_name":"Veltec Kirby specialist","article_publisher":"https:\/\/www.facebook.com\/Veltec-Kirby-Specialist-236746293374877\/","article_modified_time":"2025-01-23T12:57:45+00:00","og_image":[{"width":640,"height":640,"url":"https:\/\/www.veltec.eu\/wp-content\/uploads\/2024\/11\/conga-9590-spin-revolution-ultra-power_5c2qgv_1.png","type":"image\/png"}],"twitter_card":"summary_large_image","twitter_misc":{"Gesch\u00e4tzte Lesezeit":"2\u00a0Minuten"},"schema":{"@context":"https:\/\/schema.org","@graph":[{"@type":"WebPage","@id":"https:\/\/www.veltec.eu\/de\/product\/conga-9590-ultra-power\/","url":"https:\/\/www.veltec.eu\/de\/product\/conga-9590-ultra-power\/","name":"Conga 9590 Ultra Power - Veltec Kirby specialist","isPartOf":{"@id":"https:\/\/www.veltec.eu\/en\/#website"},"primaryImageOfPage":{"@id":"https:\/\/www.veltec.eu\/de\/product\/conga-9590-ultra-power\/#primaryimage"},"image":{"@id":"https:\/\/www.veltec.eu\/de\/product\/conga-9590-ultra-power\/#primaryimage"},"thumbnailUrl":"https:\/\/www.veltec.eu\/wp-content\/uploads\/2024\/11\/conga-9590-spin-revolution-ultra-power_5c2qgv_1.png","datePublished":"2024-11-20T14:34:33+00:00","dateModified":"2025-01-23T12:57:45+00:00","description":"Conga 9590 Ultra Power Veltec ist seit \u00fcber 25 Jahren ein Lieferant von Kirby Staubsaugern. Und ist Ihr vertrauensw\u00fcrdiger Kirby-Service-Spezialist.","breadcrumb":{"@id":"https:\/\/www.veltec.eu\/de\/product\/conga-9590-ultra-power\/#breadcrumb"},"inLanguage":"de","potentialAction":[{"@type":"ReadAction","target":["https:\/\/www.veltec.eu\/de\/product\/conga-9590-ultra-power\/"]}]},{"@type":"ImageObject","inLanguage":"de","@id":"https:\/\/www.veltec.eu\/de\/product\/conga-9590-ultra-power\/#primaryimage","url":"https:\/\/www.veltec.eu\/wp-content\/uploads\/2024\/11\/conga-9590-spin-revolution-ultra-power_5c2qgv_1.png","contentUrl":"https:\/\/www.veltec.eu\/wp-content\/uploads\/2024\/11\/conga-9590-spin-revolution-ultra-power_5c2qgv_1.png","width":640,"height":640},{"@type":"BreadcrumbList","@id":"https:\/\/www.veltec.eu\/de\/product\/conga-9590-ultra-power\/#breadcrumb","itemListElement":[{"@type":"ListItem","position":1,"name":"Home","item":"https:\/\/www.veltec.eu\/de\/"},{"@type":"ListItem","position":2,"name":"Kirby Laden","item":"https:\/\/www.veltec.eu\/de\/kirby-laden\/"},{"@type":"ListItem","position":3,"name":"Conga 9590 Ultra Power"}]},{"@type":"WebSite","@id":"https:\/\/www.veltec.eu\/en\/#website","url":"https:\/\/www.veltec.eu\/en\/","name":"Veltec Kirby specialist","description":"Kirby stofzuiger producten","publisher":{"@id":"https:\/\/www.veltec.eu\/en\/#organization"},"potentialAction":[{"@type":"SearchAction","target":{"@type":"EntryPoint","urlTemplate":"https:\/\/www.veltec.eu\/en\/?s={search_term_string}"},"query-input":{"@type":"PropertyValueSpecification","valueRequired":true,"valueName":"search_term_string"}}],"inLanguage":"de"},{"@type":"Organization","@id":"https:\/\/www.veltec.eu\/en\/#organization","name":"Veltec Kirby Specialist","url":"https:\/\/www.veltec.eu\/en\/","logo":{"@type":"ImageObject","inLanguage":"de","@id":"https:\/\/www.veltec.eu\/en\/#\/schema\/logo\/image\/","url":"https:\/\/www.veltec.eu\/wp-content\/uploads\/2021\/12\/Veltec-log-groot-e1537260889125.png","contentUrl":"https:\/\/www.veltec.eu\/wp-content\/uploads\/2021\/12\/Veltec-log-groot-e1537260889125.png","width":200,"height":60,"caption":"Veltec Kirby Specialist"},"image":{"@id":"https:\/\/www.veltec.eu\/en\/#\/schema\/logo\/image\/"},"sameAs":["https:\/\/www.facebook.com\/Veltec-Kirby-Specialist-236746293374877\/","https:\/\/www.youtube.com\/user\/VeltecService"]}]}},"_links":{"self":[{"href":"https:\/\/www.veltec.eu\/de\/wp-json\/wp\/v2\/product\/70430","targetHints":{"allow":["GET"]}}],"collection":[{"href":"https:\/\/www.veltec.eu\/de\/wp-json\/wp\/v2\/product"}],"about":[{"href":"https:\/\/www.veltec.eu\/de\/wp-json\/wp\/v2\/types\/product"}],"replies":[{"embeddable":true,"href":"https:\/\/www.veltec.eu\/de\/wp-json\/wp\/v2\/comments?post=70430"}],"wp:featuredmedia":[{"embeddable":true,"href":"https:\/\/www.veltec.eu\/de\/wp-json\/wp\/v2\/media\/70345"}],"wp:attachment":[{"href":"https:\/\/www.veltec.eu\/de\/wp-json\/wp\/v2\/media?parent=70430"}],"wp:term":[{"taxonomy":"product_brand","embeddable":true,"href":"https:\/\/www.veltec.eu\/de\/wp-json\/wp\/v2\/product_brand?post=70430"},{"taxonomy":"product_cat","embeddable":true,"href":"https:\/\/www.veltec.eu\/de\/wp-json\/wp\/v2\/product_cat?post=70430"},{"taxonomy":"product_tag","embeddable":true,"href":"https:\/\/www.veltec.eu\/de\/wp-json\/wp\/v2\/product_tag?post=70430"}],"curies":[{"name":"wp","href":"https:\/\/api.w.org\/{rel}","templated":true}]}}