{"id":69395,"date":"2024-11-06T13:05:16","date_gmt":"2024-11-06T11:05:16","guid":{"rendered":"https:\/\/www.veltec.eu\/product\/conga-9990-ai-spin-revolution\/"},"modified":"2024-12-02T16:57:19","modified_gmt":"2024-12-02T14:57:19","slug":"conga-9990-ai-spin-revolution","status":"publish","type":"product","link":"https:\/\/www.veltec.eu\/de\/product\/conga-9990-ai-spin-revolution\/","title":{"rendered":"Conga 9990 AI Spin Revolution"},"content":{"rendered":"<h1>Conga 9990 AI Spin Revolution<\/h1>\n<p>Conga 9990 AI Spin Revolution &#8211; Staubsaugerroboter mit Laser-KI und selbstentleerendem Boden.<\/p>\n<ul>\n<li>K\u00fcnstliche Intelligenz. Der Roboter reinigt intelligent dank seines KI-Chips, der es ihm erm\u00f6glicht, selbst kleinen Gegenst\u00e4nden auszuweichen, um Risiken zu vermeiden und mit maximaler Pr\u00e4zision zu reinigen, auch in un\u00fcbersichtlichen Situationen.<\/li>\n<li>Lasernavigation, pr\u00e4zise Reinigung. Der Roboter ist mit einer Lasertechnologie ausgestattet, die es ihm erm\u00f6glicht, eine Karte zu erstellen, um genau zu navigieren und jeden Winkel effektiv zu reinigen. Au\u00dferdem kann er dank dieses Navigationssystems auch ohne Licht pr\u00e4zise reinigen.<\/li>\n<li>Spin Wet Mops. Innovatives Schrubbsystem mit zwei Mopps, die sich mit voller Geschwindigkeit drehen, den Boden st\u00e4ndig befeuchten und andr\u00fccken, um selbst die hartn\u00e4ckigsten Flecken zu entfernen.<\/li>\n<li>Perfektes Schrubben. Das Spin-Schrubbsystem entfernt Schmutz und Flecken effizient und schnell und hinterl\u00e4sst Ihren Boden strahlend sauber. Verbinden Sie sich mit Conga, vergessen Sie den Mopp und genie\u00dfen Sie einen gl\u00e4nzenden Boden.<\/li>\n<li>10.000 Pa: ultra-leistungsstark. Der Ungravity-Motor bietet eine Saugleistung von 10.000 Pa, eine Leistung, die selbst extremen Schmutz auf jeder Oberfl\u00e4che, selbst auf hohen Teppichen, aufsaugt.<\/li>\n<li>Bis zu 240 m2 ohne Unterbrechung. Ideal f\u00fcr gro\u00dfe Wohnungen. Dank seines 5200-mAh-Akkus kann er 240 Minuten lang saugen und 200 Minuten lang schrubben, um eine vollst\u00e4ndige Reinigung ohne Unterbrechung zu gew\u00e4hrleisten. Au\u00dferdem kann er dank seines langen autonomen Betriebs im Turbomodus und ohne Unterbrechung Wohnungen von etwa 100 m2 reinigen.<\/li>\n<li>Mit Auto Empty, bis zu 12 Wochen. Der Roboter reinigt immer wieder v\u00f6llig autonom und entleert seinen Tank in den selbstentleerenden 3-Liter-Beh\u00e4lter f\u00fcr bis zu 12 Wochen Unabh\u00e4ngigkeit*. *Die Dauer der Unabh\u00e4ngigkeit h\u00e4ngt von Umweltfaktoren und Nutzungsgewohnheiten ab.<\/li>\n<li>App 3.0: Personalisierte Reinigung. Definieren, planen und terminieren Sie die Reinigung Raum f\u00fcr Raum. Steuern Sie die Reinigung von \u00fcberall aus, w\u00e4hlen Sie den idealen Modus f\u00fcr jeden Raum und schr\u00e4nken Sie Zonen ein, um ein ganz pers\u00f6nliches Reinigungserlebnis zu erhalten.<\/li>\n<li>Teppicherkennung mit Ultraschall. Der Roboter erkennt Teppichb\u00f6den und erh\u00f6ht automatisch seine Leistung, um mit maximaler Pr\u00e4zision zu reinigen. Im Moppmodus vermeidet er es, den Teppichstaub mit seinen Mopps zu benetzen.<\/li>\n<li>Klettfreie Silikonb\u00fcrste. Dank ihres Silikondesigns ist diese B\u00fcrste ideal f\u00fcr Haushalte mit Haustieren, da sie ein Verheddern der Haare verhindert.<\/li>\n<li>Au\u00dferdem helfen die Klingen beim Entkalken und Aufnehmen von Schmutz auf jeder Oberfl\u00e4che.<\/li>\n<li>Vollst\u00e4ndige Reinigung in einem Arbeitsgang. Saugen, fegen, wischen und entkalken mit den Spin Mops. Ein komplettes Reinigungsset, mit dem der Roboter alles auf einmal oder separat f\u00fcr eine ma\u00dfgeschneiderte Reinigung erledigen kann.<\/li>\n<li>Total Surface 3.0. Der Roboter f\u00fchrt die Reinigung immer zu Ende, und wenn er mehr Akku ben\u00f6tigt, um die programmierte Reinigung abzuschlie\u00dfen, kehrt er zu seiner Basis zur\u00fcck, l\u00e4dt sich auf und setzt die Reinigung an der Stelle fort, an der er aufgeh\u00f6rt hat.<\/li>\n<\/ul>\n<p>&nbsp;<\/p>\n<p><strong>Zusammensetzung<\/strong><\/p>\n<ul>\n<li>Staubsauger-Roboter<\/li>\n<li>Selbstentleerende Basis<\/li>\n<li>3 hygienische Staubbeutel<\/li>\n<li>1 Seitenb\u00fcrste<\/li>\n<li>Selbstreinigende B\u00fcrste<\/li>\n<li>Silikonb\u00fcrste<\/li>\n<li>Gemischter Beh\u00e4lter<\/li>\n<li>Hocheffizienter Filter<\/li>\n<li>Benutzerhandbuch<\/li>\n<li>2 Packungen mit rotierenden Schrubbb\u00fcrsten<\/li>\n<\/ul>\n","protected":false},"excerpt":{"rendered":"<p>Conga 9990 AI Spin Revolution &#8211; Staubsaugerroboter mit Lasernavigation und selbstentleerendem Staubboden. K\u00fcnstliche Intelligenz, Objektvermeidung. 4 in 1: Schrubben, Staubsaugen, Wischen und Wischen. 10.000 Pa Saugleistung. Bis zu 240 Minuten Autonomie. Professionelles Schrubben mit rotierenden Mopps. Silikonb\u00fcrste, ideal f\u00fcr Tierhaare. 1 Seitenb\u00fcrste. 4 Saug- und Schrubbleistungsstufen. Cecotec APP-Steuerung und virtuelle Assistenten.<\/p>\n<p>&nbsp;<\/p>\n<h3><span style=\"color: #008000;\">Vorr\u00e4tig<\/span><\/h3>\n[av_font_icon icon='ue812' font='entypo-fontello' style='' caption='' size='25px' position='left' color='#43ad66' link='' linktarget='' title_attr='' sonar_effect_effect='' sonar_effect_color='' sonar_effect_duration='1' sonar_effect_scale='' sonar_effect_opac='0.5' animation='' id='' custom_class='' template_class='' av_uid='' sc_version='1.0' admin_preview_bg=''][\/av_font_icon]\n<p><span style=\"color: #008000;\">Die Lieferzeit betr\u00e4gt zwischen 5 und 10 Arbeitstagen.<\/span><\/p>\n[av_font_icon icon='ue812' font='entypo-fontello' style='' caption='' size='25px' position='left' color='#43ad66' link='' linktarget='' title_attr='' sonar_effect_effect='' sonar_effect_color='' sonar_effect_duration='1' sonar_effect_scale='' sonar_effect_opac='0.5' animation='' id='' custom_class='' template_class='' av_uid='' sc_version='1.0' admin_preview_bg=''][\/av_font_icon]\n<p><span style=\"color: #008000;\">2 Jahre Garantie<\/span><\/p>\n<p>&nbsp;<\/p>\n","protected":false},"featured_media":69291,"comment_status":"open","ping_status":"closed","template":"","meta":{"_acf_changed":false},"product_brand":[],"product_cat":[26],"product_tag":[],"class_list":{"0":"post-69395","1":"product","2":"type-product","3":"status-publish","4":"has-post-thumbnail","6":"product_cat-overige-producten","8":"first","9":"outofstock","10":"taxable","11":"shipping-taxable","12":"purchasable","13":"product-type-simple"},"acf":[],"yoast_head":"<!-- This site is optimized with the Yoast SEO Premium plugin v27.1 (Yoast SEO v27.4) - https:\/\/yoast.com\/product\/yoast-seo-premium-wordpress\/ -->\n<title>Conga 9990 AI Spin Revolution - Veltec Kirby specialist<\/title>\n<meta name=\"description\" content=\"Conga 9990 AI Spin Revolution - Veltec ist seit \u00fcber 25 Jahren ein Lieferant von Kirby Staubsaugern. Und ist Ihr vertrauensw\u00fcrdiger Kirby-Service-Spezialist\" \/>\n<meta name=\"robots\" content=\"index, follow, max-snippet:-1, max-image-preview:large, max-video-preview:-1\" \/>\n<link rel=\"canonical\" href=\"https:\/\/www.veltec.eu\/de\/product\/conga-9990-ai-spin-revolution\/\" \/>\n<meta property=\"og:locale\" content=\"de_DE\" \/>\n<meta property=\"og:type\" content=\"article\" \/>\n<meta property=\"og:title\" content=\"Conga 9990 AI Spin Revolution\" \/>\n<meta property=\"og:description\" content=\"Conga 9990 AI Spin Revolution - Staubsaugerroboter mit Lasernavigation und selbstentleerendem Staubboden. K\u00fcnstliche Intelligenz, Objektvermeidung. 4 in 1: Schrubben, Staubsaugen, Wischen und Wischen. 10.000 Pa Saugleistung. Bis zu 240 Minuten Autonomie. Professionelles Schrubben mit rotierenden Mopps. Silikonb\u00fcrste, ideal f\u00fcr Tierhaare. 1 Seitenb\u00fcrste. 4 Saug- und Schrubbleistungsstufen. Cecotec APP-Steuerung und virtuelle Assistenten.  &nbsp; Vorr\u00e4tig   Die Lieferzeit betr\u00e4gt zwischen 5 und 10 Arbeitstagen.    2 Jahre Garantie  &nbsp;\" \/>\n<meta property=\"og:url\" content=\"https:\/\/www.veltec.eu\/de\/product\/conga-9990-ai-spin-revolution\/\" \/>\n<meta property=\"og:site_name\" content=\"Veltec Kirby specialist\" \/>\n<meta property=\"article:publisher\" content=\"https:\/\/www.facebook.com\/Veltec-Kirby-Specialist-236746293374877\/\" \/>\n<meta property=\"article:modified_time\" content=\"2024-12-02T14:57:19+00:00\" \/>\n<meta property=\"og:image\" content=\"https:\/\/www.veltec.eu\/wp-content\/uploads\/2024\/11\/conga-9990-ai-spin-revolution-ultra-power-home_sngrl3_1.png\" \/>\n\t<meta property=\"og:image:width\" content=\"640\" \/>\n\t<meta property=\"og:image:height\" content=\"640\" \/>\n\t<meta property=\"og:image:type\" content=\"image\/png\" \/>\n<meta name=\"twitter:card\" content=\"summary_large_image\" \/>\n<meta name=\"twitter:label1\" content=\"Gesch\u00e4tzte Lesezeit\" \/>\n\t<meta name=\"twitter:data1\" content=\"3\u00a0Minuten\" \/>\n<script type=\"application\/ld+json\" class=\"yoast-schema-graph\">{\"@context\":\"https:\\\/\\\/schema.org\",\"@graph\":[{\"@type\":\"WebPage\",\"@id\":\"https:\\\/\\\/www.veltec.eu\\\/de\\\/product\\\/conga-9990-ai-spin-revolution\\\/\",\"url\":\"https:\\\/\\\/www.veltec.eu\\\/de\\\/product\\\/conga-9990-ai-spin-revolution\\\/\",\"name\":\"Conga 9990 AI Spin Revolution - Veltec Kirby specialist\",\"isPartOf\":{\"@id\":\"https:\\\/\\\/www.veltec.eu\\\/en\\\/#website\"},\"primaryImageOfPage\":{\"@id\":\"https:\\\/\\\/www.veltec.eu\\\/de\\\/product\\\/conga-9990-ai-spin-revolution\\\/#primaryimage\"},\"image\":{\"@id\":\"https:\\\/\\\/www.veltec.eu\\\/de\\\/product\\\/conga-9990-ai-spin-revolution\\\/#primaryimage\"},\"thumbnailUrl\":\"https:\\\/\\\/www.veltec.eu\\\/wp-content\\\/uploads\\\/2024\\\/11\\\/conga-9990-ai-spin-revolution-ultra-power-home_sngrl3_1.png\",\"datePublished\":\"2024-11-06T11:05:16+00:00\",\"dateModified\":\"2024-12-02T14:57:19+00:00\",\"description\":\"Conga 9990 AI Spin Revolution - Veltec ist seit \u00fcber 25 Jahren ein Lieferant von Kirby Staubsaugern. Und ist Ihr vertrauensw\u00fcrdiger Kirby-Service-Spezialist\",\"breadcrumb\":{\"@id\":\"https:\\\/\\\/www.veltec.eu\\\/de\\\/product\\\/conga-9990-ai-spin-revolution\\\/#breadcrumb\"},\"inLanguage\":\"de\",\"potentialAction\":[{\"@type\":\"ReadAction\",\"target\":[\"https:\\\/\\\/www.veltec.eu\\\/de\\\/product\\\/conga-9990-ai-spin-revolution\\\/\"]}]},{\"@type\":\"ImageObject\",\"inLanguage\":\"de\",\"@id\":\"https:\\\/\\\/www.veltec.eu\\\/de\\\/product\\\/conga-9990-ai-spin-revolution\\\/#primaryimage\",\"url\":\"https:\\\/\\\/www.veltec.eu\\\/wp-content\\\/uploads\\\/2024\\\/11\\\/conga-9990-ai-spin-revolution-ultra-power-home_sngrl3_1.png\",\"contentUrl\":\"https:\\\/\\\/www.veltec.eu\\\/wp-content\\\/uploads\\\/2024\\\/11\\\/conga-9990-ai-spin-revolution-ultra-power-home_sngrl3_1.png\",\"width\":640,\"height\":640},{\"@type\":\"BreadcrumbList\",\"@id\":\"https:\\\/\\\/www.veltec.eu\\\/de\\\/product\\\/conga-9990-ai-spin-revolution\\\/#breadcrumb\",\"itemListElement\":[{\"@type\":\"ListItem\",\"position\":1,\"name\":\"Home\",\"item\":\"https:\\\/\\\/www.veltec.eu\\\/de\\\/\"},{\"@type\":\"ListItem\",\"position\":2,\"name\":\"Kirby Laden\",\"item\":\"https:\\\/\\\/www.veltec.eu\\\/de\\\/kirby-laden\\\/\"},{\"@type\":\"ListItem\",\"position\":3,\"name\":\"Conga 9990 AI Spin Revolution\"}]},{\"@type\":\"WebSite\",\"@id\":\"https:\\\/\\\/www.veltec.eu\\\/en\\\/#website\",\"url\":\"https:\\\/\\\/www.veltec.eu\\\/en\\\/\",\"name\":\"Veltec Kirby specialist\",\"description\":\"Kirby stofzuiger producten\",\"publisher\":{\"@id\":\"https:\\\/\\\/www.veltec.eu\\\/en\\\/#organization\"},\"potentialAction\":[{\"@type\":\"SearchAction\",\"target\":{\"@type\":\"EntryPoint\",\"urlTemplate\":\"https:\\\/\\\/www.veltec.eu\\\/en\\\/?s={search_term_string}\"},\"query-input\":{\"@type\":\"PropertyValueSpecification\",\"valueRequired\":true,\"valueName\":\"search_term_string\"}}],\"inLanguage\":\"de\"},{\"@type\":\"Organization\",\"@id\":\"https:\\\/\\\/www.veltec.eu\\\/en\\\/#organization\",\"name\":\"Veltec Kirby Specialist\",\"url\":\"https:\\\/\\\/www.veltec.eu\\\/en\\\/\",\"logo\":{\"@type\":\"ImageObject\",\"inLanguage\":\"de\",\"@id\":\"https:\\\/\\\/www.veltec.eu\\\/en\\\/#\\\/schema\\\/logo\\\/image\\\/\",\"url\":\"https:\\\/\\\/www.veltec.eu\\\/wp-content\\\/uploads\\\/2021\\\/12\\\/Veltec-log-groot-e1537260889125.png\",\"contentUrl\":\"https:\\\/\\\/www.veltec.eu\\\/wp-content\\\/uploads\\\/2021\\\/12\\\/Veltec-log-groot-e1537260889125.png\",\"width\":200,\"height\":60,\"caption\":\"Veltec Kirby Specialist\"},\"image\":{\"@id\":\"https:\\\/\\\/www.veltec.eu\\\/en\\\/#\\\/schema\\\/logo\\\/image\\\/\"},\"sameAs\":[\"https:\\\/\\\/www.facebook.com\\\/Veltec-Kirby-Specialist-236746293374877\\\/\",\"https:\\\/\\\/www.youtube.com\\\/user\\\/VeltecService\"]}]}<\/script>\n<!-- \/ Yoast SEO Premium plugin. -->","yoast_head_json":{"title":"Conga 9990 AI Spin Revolution - Veltec Kirby specialist","description":"Conga 9990 AI Spin Revolution - Veltec ist seit \u00fcber 25 Jahren ein Lieferant von Kirby Staubsaugern. Und ist Ihr vertrauensw\u00fcrdiger Kirby-Service-Spezialist","robots":{"index":"index","follow":"follow","max-snippet":"max-snippet:-1","max-image-preview":"max-image-preview:large","max-video-preview":"max-video-preview:-1"},"canonical":"https:\/\/www.veltec.eu\/de\/product\/conga-9990-ai-spin-revolution\/","og_locale":"de_DE","og_type":"article","og_title":"Conga 9990 AI Spin Revolution","og_description":"Conga 9990 AI Spin Revolution - Staubsaugerroboter mit Lasernavigation und selbstentleerendem Staubboden. K\u00fcnstliche Intelligenz, Objektvermeidung. 4 in 1: Schrubben, Staubsaugen, Wischen und Wischen. 10.000 Pa Saugleistung. Bis zu 240 Minuten Autonomie. Professionelles Schrubben mit rotierenden Mopps. Silikonb\u00fcrste, ideal f\u00fcr Tierhaare. 1 Seitenb\u00fcrste. 4 Saug- und Schrubbleistungsstufen. Cecotec APP-Steuerung und virtuelle Assistenten.  &nbsp; Vorr\u00e4tig   Die Lieferzeit betr\u00e4gt zwischen 5 und 10 Arbeitstagen.    2 Jahre Garantie  &nbsp;","og_url":"https:\/\/www.veltec.eu\/de\/product\/conga-9990-ai-spin-revolution\/","og_site_name":"Veltec Kirby specialist","article_publisher":"https:\/\/www.facebook.com\/Veltec-Kirby-Specialist-236746293374877\/","article_modified_time":"2024-12-02T14:57:19+00:00","og_image":[{"width":640,"height":640,"url":"https:\/\/www.veltec.eu\/wp-content\/uploads\/2024\/11\/conga-9990-ai-spin-revolution-ultra-power-home_sngrl3_1.png","type":"image\/png"}],"twitter_card":"summary_large_image","twitter_misc":{"Gesch\u00e4tzte Lesezeit":"3\u00a0Minuten"},"schema":{"@context":"https:\/\/schema.org","@graph":[{"@type":"WebPage","@id":"https:\/\/www.veltec.eu\/de\/product\/conga-9990-ai-spin-revolution\/","url":"https:\/\/www.veltec.eu\/de\/product\/conga-9990-ai-spin-revolution\/","name":"Conga 9990 AI Spin Revolution - Veltec Kirby specialist","isPartOf":{"@id":"https:\/\/www.veltec.eu\/en\/#website"},"primaryImageOfPage":{"@id":"https:\/\/www.veltec.eu\/de\/product\/conga-9990-ai-spin-revolution\/#primaryimage"},"image":{"@id":"https:\/\/www.veltec.eu\/de\/product\/conga-9990-ai-spin-revolution\/#primaryimage"},"thumbnailUrl":"https:\/\/www.veltec.eu\/wp-content\/uploads\/2024\/11\/conga-9990-ai-spin-revolution-ultra-power-home_sngrl3_1.png","datePublished":"2024-11-06T11:05:16+00:00","dateModified":"2024-12-02T14:57:19+00:00","description":"Conga 9990 AI Spin Revolution - Veltec ist seit \u00fcber 25 Jahren ein Lieferant von Kirby Staubsaugern. Und ist Ihr vertrauensw\u00fcrdiger Kirby-Service-Spezialist","breadcrumb":{"@id":"https:\/\/www.veltec.eu\/de\/product\/conga-9990-ai-spin-revolution\/#breadcrumb"},"inLanguage":"de","potentialAction":[{"@type":"ReadAction","target":["https:\/\/www.veltec.eu\/de\/product\/conga-9990-ai-spin-revolution\/"]}]},{"@type":"ImageObject","inLanguage":"de","@id":"https:\/\/www.veltec.eu\/de\/product\/conga-9990-ai-spin-revolution\/#primaryimage","url":"https:\/\/www.veltec.eu\/wp-content\/uploads\/2024\/11\/conga-9990-ai-spin-revolution-ultra-power-home_sngrl3_1.png","contentUrl":"https:\/\/www.veltec.eu\/wp-content\/uploads\/2024\/11\/conga-9990-ai-spin-revolution-ultra-power-home_sngrl3_1.png","width":640,"height":640},{"@type":"BreadcrumbList","@id":"https:\/\/www.veltec.eu\/de\/product\/conga-9990-ai-spin-revolution\/#breadcrumb","itemListElement":[{"@type":"ListItem","position":1,"name":"Home","item":"https:\/\/www.veltec.eu\/de\/"},{"@type":"ListItem","position":2,"name":"Kirby Laden","item":"https:\/\/www.veltec.eu\/de\/kirby-laden\/"},{"@type":"ListItem","position":3,"name":"Conga 9990 AI Spin Revolution"}]},{"@type":"WebSite","@id":"https:\/\/www.veltec.eu\/en\/#website","url":"https:\/\/www.veltec.eu\/en\/","name":"Veltec Kirby specialist","description":"Kirby stofzuiger producten","publisher":{"@id":"https:\/\/www.veltec.eu\/en\/#organization"},"potentialAction":[{"@type":"SearchAction","target":{"@type":"EntryPoint","urlTemplate":"https:\/\/www.veltec.eu\/en\/?s={search_term_string}"},"query-input":{"@type":"PropertyValueSpecification","valueRequired":true,"valueName":"search_term_string"}}],"inLanguage":"de"},{"@type":"Organization","@id":"https:\/\/www.veltec.eu\/en\/#organization","name":"Veltec Kirby Specialist","url":"https:\/\/www.veltec.eu\/en\/","logo":{"@type":"ImageObject","inLanguage":"de","@id":"https:\/\/www.veltec.eu\/en\/#\/schema\/logo\/image\/","url":"https:\/\/www.veltec.eu\/wp-content\/uploads\/2021\/12\/Veltec-log-groot-e1537260889125.png","contentUrl":"https:\/\/www.veltec.eu\/wp-content\/uploads\/2021\/12\/Veltec-log-groot-e1537260889125.png","width":200,"height":60,"caption":"Veltec Kirby Specialist"},"image":{"@id":"https:\/\/www.veltec.eu\/en\/#\/schema\/logo\/image\/"},"sameAs":["https:\/\/www.facebook.com\/Veltec-Kirby-Specialist-236746293374877\/","https:\/\/www.youtube.com\/user\/VeltecService"]}]}},"_links":{"self":[{"href":"https:\/\/www.veltec.eu\/de\/wp-json\/wp\/v2\/product\/69395","targetHints":{"allow":["GET"]}}],"collection":[{"href":"https:\/\/www.veltec.eu\/de\/wp-json\/wp\/v2\/product"}],"about":[{"href":"https:\/\/www.veltec.eu\/de\/wp-json\/wp\/v2\/types\/product"}],"replies":[{"embeddable":true,"href":"https:\/\/www.veltec.eu\/de\/wp-json\/wp\/v2\/comments?post=69395"}],"wp:featuredmedia":[{"embeddable":true,"href":"https:\/\/www.veltec.eu\/de\/wp-json\/wp\/v2\/media\/69291"}],"wp:attachment":[{"href":"https:\/\/www.veltec.eu\/de\/wp-json\/wp\/v2\/media?parent=69395"}],"wp:term":[{"taxonomy":"product_brand","embeddable":true,"href":"https:\/\/www.veltec.eu\/de\/wp-json\/wp\/v2\/product_brand?post=69395"},{"taxonomy":"product_cat","embeddable":true,"href":"https:\/\/www.veltec.eu\/de\/wp-json\/wp\/v2\/product_cat?post=69395"},{"taxonomy":"product_tag","embeddable":true,"href":"https:\/\/www.veltec.eu\/de\/wp-json\/wp\/v2\/product_tag?post=69395"}],"curies":[{"name":"wp","href":"https:\/\/api.w.org\/{rel}","templated":true}]}}