{"id":68795,"date":"2024-10-22T11:21:15","date_gmt":"2024-10-22T09:21:15","guid":{"rendered":"https:\/\/www.veltec.eu\/product\/conga-7490-genesis\/"},"modified":"2025-01-23T15:27:33","modified_gmt":"2025-01-23T13:27:33","slug":"conga-7490-genesis","status":"publish","type":"product","link":"https:\/\/www.veltec.eu\/de\/product\/conga-7490-genesis\/","title":{"rendered":"Conga 7490 Genesis"},"content":{"rendered":"<h1>Conga 7490 Genesis<\/h1>\n<p>Conga 7490 Genesis &#8211; Staubsaugerroboter mit Lasernavigation.<\/p>\n<ul>\n<li>Lasernavigation: Reinigen Sie alle gew\u00fcnschten R\u00e4ume detailliert und in k\u00fcrzester Zeit.<\/li>\n<li>Raumplan: Definieren, planen und planen Sie die Reinigung Ihrer Wohnung pro Raum dank des generierten Plans.<\/li>\n<li>Hohe Saugkraft: Dank der 4000 Pa entfernen Sie selbst den unsichtbarsten Schmutz.<\/li>\n<li>2600-mAh-Akku: Gr\u00fcndliche und entspannte Reinigung mit einer Akkulaufzeit von bis zu 120 Minuten.<\/li>\n<li>4 in 1: Schrubben, Staubsaugen, Wischen und Fegen.<\/li>\n<li>Multifunktionsb\u00fcrste in der Mitte: Reinigen Sie Ihre Oberfl\u00e4chen gr\u00fcndlich mit der Multifunktionsb\u00fcrste des Conga, die mit Gummiborsten und Silikon ausgestattet ist.<\/li>\n<li>Vorw\u00e4rts- und R\u00fcckw\u00e4rtsschrubben: Entfernt m\u00fchelos hartn\u00e4ckigen Schmutz.<\/li>\n<li>10 Reinigungsmodi: Der Conga passt sich dank seiner vielseitigen 10 Reinigungsmodi an die Bed\u00fcrfnisse jeder Oberfl\u00e4che in Ihrer Wohnung an.<\/li>\n<li>Sturzsensoren: Der Roboter verf\u00fcgt \u00fcber N\u00e4herungs- und Sto\u00dfsensoren, die es ihm erm\u00f6glichen, Stufen oder unebene Oberfl\u00e4chen zu erkennen.<\/li>\n<li>APP: Der Conga ist dank seiner mobilen Anwendung und der Kompatibilit\u00e4t mit virtuellen Assistenten einfach zu bedienen.<\/li>\n<\/ul>\n<p><b>Zusammensetzung<\/b><\/p>\n<ul>\n<li>1 Wischmopp<\/li>\n<li>1 Seitenb\u00fcrste<\/li>\n<li>Selbstreinigende B\u00fcrste<\/li>\n<li>Mehrzweck-B\u00fcrste<\/li>\n<li>Gemischter Tank<\/li>\n<li>Hocheffizienter Filter<\/li>\n<li>Benutzerhandbuch<\/li>\n<li>Staubsauger-Roboter<\/li>\n<\/ul>\n","protected":false},"excerpt":{"rendered":"<p>Conga 7490 Genesis &#8211; Staubsaugerroboter mit Lasernavigationstechnologie. 4-in-1 &#8211; Schrubben, Staubsaugen, Wischen und Fegen. 4000 Pa Saugleistung. 120 Minuten Autonomie. Multifunktionale Zentralb\u00fcrste, Moppkopf und 1 Seitenb\u00fcrste. 3 w\u00e4hlbare Stufen f\u00fcr Saugleistung und Schrubbwasser. Programmierung. APP-Steuerung und virtuelle Assistenten.<\/p>\n<p>&nbsp;<\/p>\n<h3><span style=\"color: #008000;\">Vorr\u00e4tig<\/span><\/h3>\n[av_font_icon icon='ue812' font='entypo-fontello' style='' caption='' size='25px' position='left' color='#43ad66' link='' linktarget='' title_attr='' sonar_effect_effect='' sonar_effect_color='' sonar_effect_duration='1' sonar_effect_scale='' sonar_effect_opac='0.5' animation='' id='' custom_class='' template_class='' av_uid='' sc_version='1.0' admin_preview_bg=''][\/av_font_icon]\n<p><span style=\"color: #008000;\">Die Lieferzeit betr\u00e4gt zwischen 5 und 10 Arbeitstagen.<\/span><\/p>\n[av_font_icon icon='ue812' font='entypo-fontello' style='' caption='' size='25px' position='left' color='#43ad66' link='' linktarget='' title_attr='' sonar_effect_effect='' sonar_effect_color='' sonar_effect_duration='1' sonar_effect_scale='' sonar_effect_opac='0.5' animation='' id='' custom_class='' template_class='' av_uid='' sc_version='1.0' admin_preview_bg=''][\/av_font_icon]\n<p><span style=\"color: #008000;\">2 Jahre Garantie<\/span><\/p>\n<p>&nbsp;<\/p>\n","protected":false},"featured_media":68899,"comment_status":"open","ping_status":"closed","template":"","meta":{"_acf_changed":false},"product_brand":[],"product_cat":[26],"product_tag":[],"class_list":{"0":"post-68795","1":"product","2":"type-product","3":"status-publish","4":"has-post-thumbnail","6":"product_cat-overige-producten","8":"first","9":"outofstock","10":"sale","11":"taxable","12":"shipping-taxable","13":"purchasable","14":"product-type-simple"},"acf":[],"yoast_head":"<!-- This site is optimized with the Yoast SEO Premium plugin v27.1 (Yoast SEO v27.4) - https:\/\/yoast.com\/product\/yoast-seo-premium-wordpress\/ -->\n<title>Conga 7490 Genesis - Veltec Kirby specialist<\/title>\n<meta name=\"description\" content=\"Conga 7490 Genesis - Veltec ist seit \u00fcber 25 Jahren ein Lieferant von Kirby Staubsaugern. Und ist Ihr vertrauensw\u00fcrdiger Kirby-Service-Spezialist.\" \/>\n<meta name=\"robots\" content=\"index, follow, max-snippet:-1, max-image-preview:large, max-video-preview:-1\" \/>\n<link rel=\"canonical\" href=\"https:\/\/www.veltec.eu\/de\/product\/conga-7490-genesis\/\" \/>\n<meta property=\"og:locale\" content=\"de_DE\" \/>\n<meta property=\"og:type\" content=\"article\" \/>\n<meta property=\"og:title\" content=\"Conga 7490 Genesis\" \/>\n<meta property=\"og:description\" content=\"Conga 7490 Genesis - Staubsaugerroboter mit Lasernavigationstechnologie. 4-in-1 - Schrubben, Staubsaugen, Wischen und Fegen. 4000 Pa Saugleistung. 120 Minuten Autonomie. Multifunktionale Zentralb\u00fcrste, Moppkopf und 1 Seitenb\u00fcrste. 3 w\u00e4hlbare Stufen f\u00fcr Saugleistung und Schrubbwasser. Programmierung. APP-Steuerung und virtuelle Assistenten.  &nbsp; Vorr\u00e4tig   Die Lieferzeit betr\u00e4gt zwischen 5 und 10 Arbeitstagen.    2 Jahre Garantie  &nbsp;\" \/>\n<meta property=\"og:url\" content=\"https:\/\/www.veltec.eu\/de\/product\/conga-7490-genesis\/\" \/>\n<meta property=\"og:site_name\" content=\"Veltec Kirby specialist\" \/>\n<meta property=\"article:publisher\" content=\"https:\/\/www.facebook.com\/Veltec-Kirby-Specialist-236746293374877\/\" \/>\n<meta property=\"article:modified_time\" content=\"2025-01-23T13:27:33+00:00\" \/>\n<meta property=\"og:image\" content=\"https:\/\/www.veltec.eu\/wp-content\/uploads\/2024\/10\/conga-7490-ultimate-genesis_9jgey7_1.jpg\" \/>\n\t<meta property=\"og:image:width\" content=\"540\" \/>\n\t<meta property=\"og:image:height\" content=\"540\" \/>\n\t<meta property=\"og:image:type\" content=\"image\/jpeg\" \/>\n<meta name=\"twitter:card\" content=\"summary_large_image\" \/>\n<meta name=\"twitter:label1\" content=\"Gesch\u00e4tzte Lesezeit\" \/>\n\t<meta name=\"twitter:data1\" content=\"1\u00a0Minute\" \/>\n<script type=\"application\/ld+json\" class=\"yoast-schema-graph\">{\"@context\":\"https:\\\/\\\/schema.org\",\"@graph\":[{\"@type\":\"WebPage\",\"@id\":\"https:\\\/\\\/www.veltec.eu\\\/de\\\/product\\\/conga-7490-genesis\\\/\",\"url\":\"https:\\\/\\\/www.veltec.eu\\\/de\\\/product\\\/conga-7490-genesis\\\/\",\"name\":\"Conga 7490 Genesis - Veltec Kirby specialist\",\"isPartOf\":{\"@id\":\"https:\\\/\\\/www.veltec.eu\\\/en\\\/#website\"},\"primaryImageOfPage\":{\"@id\":\"https:\\\/\\\/www.veltec.eu\\\/de\\\/product\\\/conga-7490-genesis\\\/#primaryimage\"},\"image\":{\"@id\":\"https:\\\/\\\/www.veltec.eu\\\/de\\\/product\\\/conga-7490-genesis\\\/#primaryimage\"},\"thumbnailUrl\":\"https:\\\/\\\/www.veltec.eu\\\/wp-content\\\/uploads\\\/2024\\\/10\\\/conga-7490-ultimate-genesis_9jgey7_1.jpg\",\"datePublished\":\"2024-10-22T09:21:15+00:00\",\"dateModified\":\"2025-01-23T13:27:33+00:00\",\"description\":\"Conga 7490 Genesis - Veltec ist seit \u00fcber 25 Jahren ein Lieferant von Kirby Staubsaugern. Und ist Ihr vertrauensw\u00fcrdiger Kirby-Service-Spezialist.\",\"breadcrumb\":{\"@id\":\"https:\\\/\\\/www.veltec.eu\\\/de\\\/product\\\/conga-7490-genesis\\\/#breadcrumb\"},\"inLanguage\":\"de\",\"potentialAction\":[{\"@type\":\"ReadAction\",\"target\":[\"https:\\\/\\\/www.veltec.eu\\\/de\\\/product\\\/conga-7490-genesis\\\/\"]}]},{\"@type\":\"ImageObject\",\"inLanguage\":\"de\",\"@id\":\"https:\\\/\\\/www.veltec.eu\\\/de\\\/product\\\/conga-7490-genesis\\\/#primaryimage\",\"url\":\"https:\\\/\\\/www.veltec.eu\\\/wp-content\\\/uploads\\\/2024\\\/10\\\/conga-7490-ultimate-genesis_9jgey7_1.jpg\",\"contentUrl\":\"https:\\\/\\\/www.veltec.eu\\\/wp-content\\\/uploads\\\/2024\\\/10\\\/conga-7490-ultimate-genesis_9jgey7_1.jpg\",\"width\":540,\"height\":540},{\"@type\":\"BreadcrumbList\",\"@id\":\"https:\\\/\\\/www.veltec.eu\\\/de\\\/product\\\/conga-7490-genesis\\\/#breadcrumb\",\"itemListElement\":[{\"@type\":\"ListItem\",\"position\":1,\"name\":\"Home\",\"item\":\"https:\\\/\\\/www.veltec.eu\\\/de\\\/startseite\\\/\"},{\"@type\":\"ListItem\",\"position\":2,\"name\":\"Kirby Laden\",\"item\":\"https:\\\/\\\/www.veltec.eu\\\/de\\\/kirby-laden\\\/\"},{\"@type\":\"ListItem\",\"position\":3,\"name\":\"Conga 7490 Genesis\"}]},{\"@type\":\"WebSite\",\"@id\":\"https:\\\/\\\/www.veltec.eu\\\/en\\\/#website\",\"url\":\"https:\\\/\\\/www.veltec.eu\\\/en\\\/\",\"name\":\"Veltec Kirby specialist\",\"description\":\"Kirby stofzuiger producten\",\"publisher\":{\"@id\":\"https:\\\/\\\/www.veltec.eu\\\/en\\\/#organization\"},\"potentialAction\":[{\"@type\":\"SearchAction\",\"target\":{\"@type\":\"EntryPoint\",\"urlTemplate\":\"https:\\\/\\\/www.veltec.eu\\\/en\\\/?s={search_term_string}\"},\"query-input\":{\"@type\":\"PropertyValueSpecification\",\"valueRequired\":true,\"valueName\":\"search_term_string\"}}],\"inLanguage\":\"de\"},{\"@type\":\"Organization\",\"@id\":\"https:\\\/\\\/www.veltec.eu\\\/en\\\/#organization\",\"name\":\"Veltec Kirby Specialist\",\"url\":\"https:\\\/\\\/www.veltec.eu\\\/en\\\/\",\"logo\":{\"@type\":\"ImageObject\",\"inLanguage\":\"de\",\"@id\":\"https:\\\/\\\/www.veltec.eu\\\/en\\\/#\\\/schema\\\/logo\\\/image\\\/\",\"url\":\"https:\\\/\\\/www.veltec.eu\\\/wp-content\\\/uploads\\\/2021\\\/12\\\/Veltec-log-groot-e1537260889125.png\",\"contentUrl\":\"https:\\\/\\\/www.veltec.eu\\\/wp-content\\\/uploads\\\/2021\\\/12\\\/Veltec-log-groot-e1537260889125.png\",\"width\":200,\"height\":60,\"caption\":\"Veltec Kirby Specialist\"},\"image\":{\"@id\":\"https:\\\/\\\/www.veltec.eu\\\/en\\\/#\\\/schema\\\/logo\\\/image\\\/\"},\"sameAs\":[\"https:\\\/\\\/www.facebook.com\\\/Veltec-Kirby-Specialist-236746293374877\\\/\",\"https:\\\/\\\/www.youtube.com\\\/user\\\/VeltecService\"]}]}<\/script>\n<!-- \/ Yoast SEO Premium plugin. -->","yoast_head_json":{"title":"Conga 7490 Genesis - Veltec Kirby specialist","description":"Conga 7490 Genesis - Veltec ist seit \u00fcber 25 Jahren ein Lieferant von Kirby Staubsaugern. Und ist Ihr vertrauensw\u00fcrdiger Kirby-Service-Spezialist.","robots":{"index":"index","follow":"follow","max-snippet":"max-snippet:-1","max-image-preview":"max-image-preview:large","max-video-preview":"max-video-preview:-1"},"canonical":"https:\/\/www.veltec.eu\/de\/product\/conga-7490-genesis\/","og_locale":"de_DE","og_type":"article","og_title":"Conga 7490 Genesis","og_description":"Conga 7490 Genesis - Staubsaugerroboter mit Lasernavigationstechnologie. 4-in-1 - Schrubben, Staubsaugen, Wischen und Fegen. 4000 Pa Saugleistung. 120 Minuten Autonomie. Multifunktionale Zentralb\u00fcrste, Moppkopf und 1 Seitenb\u00fcrste. 3 w\u00e4hlbare Stufen f\u00fcr Saugleistung und Schrubbwasser. Programmierung. APP-Steuerung und virtuelle Assistenten.  &nbsp; Vorr\u00e4tig   Die Lieferzeit betr\u00e4gt zwischen 5 und 10 Arbeitstagen.    2 Jahre Garantie  &nbsp;","og_url":"https:\/\/www.veltec.eu\/de\/product\/conga-7490-genesis\/","og_site_name":"Veltec Kirby specialist","article_publisher":"https:\/\/www.facebook.com\/Veltec-Kirby-Specialist-236746293374877\/","article_modified_time":"2025-01-23T13:27:33+00:00","og_image":[{"width":540,"height":540,"url":"https:\/\/www.veltec.eu\/wp-content\/uploads\/2024\/10\/conga-7490-ultimate-genesis_9jgey7_1.jpg","type":"image\/jpeg"}],"twitter_card":"summary_large_image","twitter_misc":{"Gesch\u00e4tzte Lesezeit":"1\u00a0Minute"},"schema":{"@context":"https:\/\/schema.org","@graph":[{"@type":"WebPage","@id":"https:\/\/www.veltec.eu\/de\/product\/conga-7490-genesis\/","url":"https:\/\/www.veltec.eu\/de\/product\/conga-7490-genesis\/","name":"Conga 7490 Genesis - Veltec Kirby specialist","isPartOf":{"@id":"https:\/\/www.veltec.eu\/en\/#website"},"primaryImageOfPage":{"@id":"https:\/\/www.veltec.eu\/de\/product\/conga-7490-genesis\/#primaryimage"},"image":{"@id":"https:\/\/www.veltec.eu\/de\/product\/conga-7490-genesis\/#primaryimage"},"thumbnailUrl":"https:\/\/www.veltec.eu\/wp-content\/uploads\/2024\/10\/conga-7490-ultimate-genesis_9jgey7_1.jpg","datePublished":"2024-10-22T09:21:15+00:00","dateModified":"2025-01-23T13:27:33+00:00","description":"Conga 7490 Genesis - Veltec ist seit \u00fcber 25 Jahren ein Lieferant von Kirby Staubsaugern. Und ist Ihr vertrauensw\u00fcrdiger Kirby-Service-Spezialist.","breadcrumb":{"@id":"https:\/\/www.veltec.eu\/de\/product\/conga-7490-genesis\/#breadcrumb"},"inLanguage":"de","potentialAction":[{"@type":"ReadAction","target":["https:\/\/www.veltec.eu\/de\/product\/conga-7490-genesis\/"]}]},{"@type":"ImageObject","inLanguage":"de","@id":"https:\/\/www.veltec.eu\/de\/product\/conga-7490-genesis\/#primaryimage","url":"https:\/\/www.veltec.eu\/wp-content\/uploads\/2024\/10\/conga-7490-ultimate-genesis_9jgey7_1.jpg","contentUrl":"https:\/\/www.veltec.eu\/wp-content\/uploads\/2024\/10\/conga-7490-ultimate-genesis_9jgey7_1.jpg","width":540,"height":540},{"@type":"BreadcrumbList","@id":"https:\/\/www.veltec.eu\/de\/product\/conga-7490-genesis\/#breadcrumb","itemListElement":[{"@type":"ListItem","position":1,"name":"Home","item":"https:\/\/www.veltec.eu\/de\/startseite\/"},{"@type":"ListItem","position":2,"name":"Kirby Laden","item":"https:\/\/www.veltec.eu\/de\/kirby-laden\/"},{"@type":"ListItem","position":3,"name":"Conga 7490 Genesis"}]},{"@type":"WebSite","@id":"https:\/\/www.veltec.eu\/en\/#website","url":"https:\/\/www.veltec.eu\/en\/","name":"Veltec Kirby specialist","description":"Kirby stofzuiger producten","publisher":{"@id":"https:\/\/www.veltec.eu\/en\/#organization"},"potentialAction":[{"@type":"SearchAction","target":{"@type":"EntryPoint","urlTemplate":"https:\/\/www.veltec.eu\/en\/?s={search_term_string}"},"query-input":{"@type":"PropertyValueSpecification","valueRequired":true,"valueName":"search_term_string"}}],"inLanguage":"de"},{"@type":"Organization","@id":"https:\/\/www.veltec.eu\/en\/#organization","name":"Veltec Kirby Specialist","url":"https:\/\/www.veltec.eu\/en\/","logo":{"@type":"ImageObject","inLanguage":"de","@id":"https:\/\/www.veltec.eu\/en\/#\/schema\/logo\/image\/","url":"https:\/\/www.veltec.eu\/wp-content\/uploads\/2021\/12\/Veltec-log-groot-e1537260889125.png","contentUrl":"https:\/\/www.veltec.eu\/wp-content\/uploads\/2021\/12\/Veltec-log-groot-e1537260889125.png","width":200,"height":60,"caption":"Veltec Kirby Specialist"},"image":{"@id":"https:\/\/www.veltec.eu\/en\/#\/schema\/logo\/image\/"},"sameAs":["https:\/\/www.facebook.com\/Veltec-Kirby-Specialist-236746293374877\/","https:\/\/www.youtube.com\/user\/VeltecService"]}]}},"_links":{"self":[{"href":"https:\/\/www.veltec.eu\/de\/wp-json\/wp\/v2\/product\/68795","targetHints":{"allow":["GET"]}}],"collection":[{"href":"https:\/\/www.veltec.eu\/de\/wp-json\/wp\/v2\/product"}],"about":[{"href":"https:\/\/www.veltec.eu\/de\/wp-json\/wp\/v2\/types\/product"}],"replies":[{"embeddable":true,"href":"https:\/\/www.veltec.eu\/de\/wp-json\/wp\/v2\/comments?post=68795"}],"wp:featuredmedia":[{"embeddable":true,"href":"https:\/\/www.veltec.eu\/de\/wp-json\/wp\/v2\/media\/68899"}],"wp:attachment":[{"href":"https:\/\/www.veltec.eu\/de\/wp-json\/wp\/v2\/media?parent=68795"}],"wp:term":[{"taxonomy":"product_brand","embeddable":true,"href":"https:\/\/www.veltec.eu\/de\/wp-json\/wp\/v2\/product_brand?post=68795"},{"taxonomy":"product_cat","embeddable":true,"href":"https:\/\/www.veltec.eu\/de\/wp-json\/wp\/v2\/product_cat?post=68795"},{"taxonomy":"product_tag","embeddable":true,"href":"https:\/\/www.veltec.eu\/de\/wp-json\/wp\/v2\/product_tag?post=68795"}],"curies":[{"name":"wp","href":"https:\/\/api.w.org\/{rel}","templated":true}]}}