{"id":66956,"date":"2024-09-16T09:12:49","date_gmt":"2024-09-16T07:12:49","guid":{"rendered":"https:\/\/www.veltec.eu\/product\/kirby-klopfbuerste-g3-g4-ueberholt\/"},"modified":"2024-12-06T14:29:47","modified_gmt":"2024-12-06T12:29:47","slug":"kirby-klopfbuerste-g3-g4-ueberholt","status":"publish","type":"product","link":"https:\/\/www.veltec.eu\/de\/product\/kirby-klopfbuerste-g3-g4-ueberholt\/","title":{"rendered":"Kirby Klopfb\u00fcrste G3 -G4 \u00fcberholt"},"content":{"rendered":"<h1>Kirby Klopfb\u00fcrste G3 -G4 \u00fcberholt<\/h1>\n<p>Kirby Klopfb\u00fcrste G3 -G4 \u00fcberholt f\u00fcr die <a href=\"https:\/\/www.veltec.eu\/de\/buersten-und-mundstuecke\/kirby-breite-klopfsaugduse\/\">Kirby Breite Klopfsaugd\u00fcse.<\/a><\/p>\n<p><strong>Deze Klopborstel is uitsluitend geschikt voor onderstaande Kirby stofzuigers;<\/strong><\/p>\n<ul>\n<li>Generation 4 (G4)<\/li>\n<li>Generation 3 (G3)<\/li>\n<\/ul>\n<h2>Kirby Klopfb\u00fcrste G3 -G4 \u00fcberholt<\/h2>\n<p>Sind Sie auf der Suche nach einer zuverl\u00e4ssigen, hochwertigen B\u00fcrstenwalze f\u00fcr Ihren Kirby Staubsauger? Die Kirby Schlagb\u00fcrste f\u00fcr die Modelle Kirby G3 und Kirby G4 bietet Ihnen die perfekte L\u00f6sung! Dieses \u00fcberholte Produkt wurde speziell f\u00fcr die breite Kopfd\u00fcse Ihres Kirby entwickelt, damit Sie wieder ein kraftvolles Reinigungserlebnis genie\u00dfen k\u00f6nnen.<\/p>\n<p>Alle <a href=\"https:\/\/www.veltec.eu\/de\/?page_id=59115\">Kirby-B\u00fcrsten und Zubeh\u00f6r<\/a> finden Sie hier<\/p>\n<h3>Was bedeutet \u201ewiederaufbereitet\u201c?<\/h3>\n<p>Das bedeutet, dass es sich bei dieser Kirby Kehrb\u00fcrste nicht um ein brandneues Produkt handelt, sondern um eine B\u00fcrstenrolle, die gepr\u00fcft, getestet und vollst\u00e4ndig \u00fcberholt wurde. Dadurch funktioniert sie genauso gut wie eine neue Kehrb\u00fcrste, aber zu einem g\u00fcnstigeren Preis. Sie erhalten also die Zuverl\u00e4ssigkeit und Leistung einer originalen Kirby-B\u00fcrste, ohne den H\u00f6chstpreis zahlen zu m\u00fcssen. Au\u00dferdem ist die B\u00fcrstenrolle v\u00f6llig unbesch\u00e4digt und einsatzbereit.<\/p>\n<h3>Hohe Qualit\u00e4t f\u00fcr optimale Leistung<\/h3>\n<p>Diese Kirby Kehrb\u00fcrste ist mit Borsten aus hochwertigem Material ausgestattet. Dadurch wird sichergestellt, dass die B\u00fcrste Schmutz, Staub und Haare effektiv von Ihren Teppichen und B\u00f6den entfernt. Ganz gleich, ob es sich um Tierhaare, feinen Staub oder tief eingedrungenen Schmutz handelt, die Kehrb\u00fcrste bietet die St\u00e4rke und Effizienz, die Sie von Kirby gewohnt sind. Die robusten, langlebigen Borsten sorgen daf\u00fcr, dass Ihre B\u00f6den gr\u00fcndlich gereinigt werden, w\u00e4hrend sie gleichzeitig eine lange Lebensdauer haben. Das bedeutet, dass Sie sich l\u00e4nger an einem sauberen und frischen Wohnumfeld erfreuen k\u00f6nnen.<\/p>\n<h3>Perfekt passend f\u00fcr Ihren Kirby G3 oder G4<\/h3>\n<p>Die Kirby Schlagb\u00fcrste ist f\u00fcr die Verwendung mit den Kirby-Modellen G3 und G4 konzipiert und passt perfekt auf die breite Kopfd\u00fcse. So m\u00fcssen Sie sich keine Gedanken \u00fcber Kompatibilit\u00e4t oder schlechte Leistung machen. Ob Sie nun zu Hause, im B\u00fcro oder in einer anderen Umgebung reinigen, diese B\u00fcrstenrolle sorgt daf\u00fcr, dass Ihr Kirby Staubsauger wieder optimal funktioniert. Dank ihrer spezifischen Abmessungen und ihres Designs passt die B\u00fcrstenrolle nahtlos in Ihren Kirby Staubsauger, so dass Sie sofort loslegen k\u00f6nnen.<\/p>\n<h3>Nachhaltig und umweltbewusst<\/h3>\n<p>Wenn Sie sich f\u00fcr eine wiederaufbereitete Kirby Kehrb\u00fcrste entscheiden, treffen Sie nicht nur eine kluge finanzielle, sondern auch eine umweltfreundliche Entscheidung. Denn wiederaufbereitete Produkte tragen zur Abfallvermeidung und zu einer nachhaltigeren Nutzung von Rohstoffen bei. So genie\u00dfen Sie nicht nur ein sauberes Zuhause, sondern tragen auch zu einem saubereren Planeten bei.<\/p>\n<h3>Zusammenfassung<\/h3>\n<p>Mit der wiederaufbereiteten Kirby Kehrb\u00fcrste f\u00fcr die Kirby-Modelle G3 und G4 erhalten Sie eine zuverl\u00e4ssige, leistungsstarke B\u00fcrstenwalze f\u00fcr Ihr Zuhause. Die hochwertigen Borsten sorgen f\u00fcr eine gr\u00fcndliche Reinigung Ihrer B\u00f6den, w\u00e4hrend die Aufbereitung Ihnen einen attraktiven Preis bietet, ohne dass Sie auf Qualit\u00e4t verzichten m\u00fcssen. Dank der perfekten Passform f\u00fcr die Breitkopfd\u00fcse Ihres Kirby Staubsaugers und der langlebigen Eigenschaften der B\u00fcrste ist dies eine ausgezeichnete Wahl f\u00fcr alle, die eine optimale Leistung ihres Kirby Staubsaugers w\u00fcnschen.<\/p>\n","protected":false},"excerpt":{"rendered":"<p>Kirby Klopfb\u00fcrste G3 -G4 \u00fcberholt f\u00fcr die Kirby Breite Klopfsaugd\u00fcse.<\/p>\n[trustindex data-widget-id=31675542425128034566e10b5fb]\n<h3><span style=\"color: #008000;\"><br \/>\nVorr\u00e4tig<\/span><\/h3>\n[av_font_icon icon='ue812' font='entypo-fontello' style='' caption='' size='25px' position='left' color='#43ad66' link='' linktarget='' title_attr='' sonar_effect_effect='' sonar_effect_color='' sonar_effect_duration='1' sonar_effect_scale='' sonar_effect_opac='0.5' animation='' id='' custom_class='' template_class='' av_uid='' sc_version='1.0' admin_preview_bg=''][\/av_font_icon]\n<p><span style=\"color: #008000;\">Vor 23:59 uhr bestellt, morgen versendet<\/span><\/p>\n<p>&nbsp;<\/p>\n","protected":false},"featured_media":66950,"comment_status":"open","ping_status":"closed","template":"","meta":{"_acf_changed":false},"product_brand":[],"product_cat":[345,339],"product_tag":[],"class_list":{"0":"post-66956","1":"product","2":"type-product","3":"status-publish","4":"has-post-thumbnail","6":"product_cat-kirby-breite-klopfsaugduse","7":"product_cat-kirby-bursten-und-zubehor","9":"first","10":"outofstock","11":"sale","12":"taxable","13":"shipping-taxable","14":"purchasable","15":"product-type-simple"},"acf":[],"yoast_head":"<!-- This site is optimized with the Yoast SEO Premium plugin v27.1 (Yoast SEO v27.4) - https:\/\/yoast.com\/product\/yoast-seo-premium-wordpress\/ -->\n<title>Kirby Klopfb\u00fcrste G3 -G4 \u00fcberholt - Veltec Kirby specialist<\/title>\n<meta name=\"description\" content=\"Kirby Klopfb\u00fcrste G3 -G4 \u00fcberholt - Veltec ist seit \u00fcber 25 Jahren Lieferant von Kirby Staubsaugern. Ihr Kirby-Service-Spezialist.\" \/>\n<meta name=\"robots\" content=\"index, follow, max-snippet:-1, max-image-preview:large, max-video-preview:-1\" \/>\n<link rel=\"canonical\" href=\"https:\/\/www.veltec.eu\/de\/product\/kirby-klopfbuerste-g3-g4-ueberholt\/\" \/>\n<meta property=\"og:locale\" content=\"de_DE\" \/>\n<meta property=\"og:type\" content=\"article\" \/>\n<meta property=\"og:title\" content=\"Kirby Klopfb\u00fcrste G3 -G4 \u00fcberholt\" \/>\n<meta property=\"og:description\" content=\"Kirby Klopfb\u00fcrste G3 -G4 \u00fcberholt f\u00fcr die Kirby Breite Klopfsaugd\u00fcse.    Vorr\u00e4tig   Vor 23:59 uhr bestellt, morgen versendet  &nbsp;\" \/>\n<meta property=\"og:url\" content=\"https:\/\/www.veltec.eu\/de\/product\/kirby-klopfbuerste-g3-g4-ueberholt\/\" \/>\n<meta property=\"og:site_name\" content=\"Veltec Kirby specialist\" \/>\n<meta property=\"article:publisher\" content=\"https:\/\/www.facebook.com\/Veltec-Kirby-Specialist-236746293374877\/\" \/>\n<meta property=\"article:modified_time\" content=\"2024-12-06T12:29:47+00:00\" \/>\n<meta property=\"og:image\" content=\"https:\/\/www.veltec.eu\/wp-content\/uploads\/2024\/09\/Borstel-Gerc.jpg\" \/>\n\t<meta property=\"og:image:width\" content=\"500\" \/>\n\t<meta property=\"og:image:height\" content=\"500\" \/>\n\t<meta property=\"og:image:type\" content=\"image\/jpeg\" \/>\n<meta name=\"twitter:card\" content=\"summary_large_image\" \/>\n<meta name=\"twitter:label1\" content=\"Gesch\u00e4tzte Lesezeit\" \/>\n\t<meta name=\"twitter:data1\" content=\"3\u00a0Minuten\" \/>\n<script type=\"application\/ld+json\" class=\"yoast-schema-graph\">{\"@context\":\"https:\\\/\\\/schema.org\",\"@graph\":[{\"@type\":\"WebPage\",\"@id\":\"https:\\\/\\\/www.veltec.eu\\\/de\\\/product\\\/kirby-klopfbuerste-g3-g4-ueberholt\\\/\",\"url\":\"https:\\\/\\\/www.veltec.eu\\\/de\\\/product\\\/kirby-klopfbuerste-g3-g4-ueberholt\\\/\",\"name\":\"Kirby Klopfb\u00fcrste G3 -G4 \u00fcberholt - Veltec Kirby specialist\",\"isPartOf\":{\"@id\":\"https:\\\/\\\/www.veltec.eu\\\/en\\\/#website\"},\"primaryImageOfPage\":{\"@id\":\"https:\\\/\\\/www.veltec.eu\\\/de\\\/product\\\/kirby-klopfbuerste-g3-g4-ueberholt\\\/#primaryimage\"},\"image\":{\"@id\":\"https:\\\/\\\/www.veltec.eu\\\/de\\\/product\\\/kirby-klopfbuerste-g3-g4-ueberholt\\\/#primaryimage\"},\"thumbnailUrl\":\"https:\\\/\\\/www.veltec.eu\\\/wp-content\\\/uploads\\\/2024\\\/09\\\/Borstel-Gerc.jpg\",\"datePublished\":\"2024-09-16T07:12:49+00:00\",\"dateModified\":\"2024-12-06T12:29:47+00:00\",\"description\":\"Kirby Klopfb\u00fcrste G3 -G4 \u00fcberholt - Veltec ist seit \u00fcber 25 Jahren Lieferant von Kirby Staubsaugern. Ihr Kirby-Service-Spezialist.\",\"breadcrumb\":{\"@id\":\"https:\\\/\\\/www.veltec.eu\\\/de\\\/product\\\/kirby-klopfbuerste-g3-g4-ueberholt\\\/#breadcrumb\"},\"inLanguage\":\"de\",\"potentialAction\":[{\"@type\":\"ReadAction\",\"target\":[\"https:\\\/\\\/www.veltec.eu\\\/de\\\/product\\\/kirby-klopfbuerste-g3-g4-ueberholt\\\/\"]}]},{\"@type\":\"ImageObject\",\"inLanguage\":\"de\",\"@id\":\"https:\\\/\\\/www.veltec.eu\\\/de\\\/product\\\/kirby-klopfbuerste-g3-g4-ueberholt\\\/#primaryimage\",\"url\":\"https:\\\/\\\/www.veltec.eu\\\/wp-content\\\/uploads\\\/2024\\\/09\\\/Borstel-Gerc.jpg\",\"contentUrl\":\"https:\\\/\\\/www.veltec.eu\\\/wp-content\\\/uploads\\\/2024\\\/09\\\/Borstel-Gerc.jpg\",\"width\":500,\"height\":500},{\"@type\":\"BreadcrumbList\",\"@id\":\"https:\\\/\\\/www.veltec.eu\\\/de\\\/product\\\/kirby-klopfbuerste-g3-g4-ueberholt\\\/#breadcrumb\",\"itemListElement\":[{\"@type\":\"ListItem\",\"position\":1,\"name\":\"Home\",\"item\":\"https:\\\/\\\/www.veltec.eu\\\/de\\\/startseite\\\/\"},{\"@type\":\"ListItem\",\"position\":2,\"name\":\"Kirby Laden\",\"item\":\"https:\\\/\\\/www.veltec.eu\\\/de\\\/kirby-laden\\\/\"},{\"@type\":\"ListItem\",\"position\":3,\"name\":\"Kirby Klopfb\u00fcrste G3 -G4 \u00fcberholt\"}]},{\"@type\":\"WebSite\",\"@id\":\"https:\\\/\\\/www.veltec.eu\\\/en\\\/#website\",\"url\":\"https:\\\/\\\/www.veltec.eu\\\/en\\\/\",\"name\":\"Veltec Kirby specialist\",\"description\":\"Kirby stofzuiger producten\",\"publisher\":{\"@id\":\"https:\\\/\\\/www.veltec.eu\\\/en\\\/#organization\"},\"potentialAction\":[{\"@type\":\"SearchAction\",\"target\":{\"@type\":\"EntryPoint\",\"urlTemplate\":\"https:\\\/\\\/www.veltec.eu\\\/en\\\/?s={search_term_string}\"},\"query-input\":{\"@type\":\"PropertyValueSpecification\",\"valueRequired\":true,\"valueName\":\"search_term_string\"}}],\"inLanguage\":\"de\"},{\"@type\":\"Organization\",\"@id\":\"https:\\\/\\\/www.veltec.eu\\\/en\\\/#organization\",\"name\":\"Veltec Kirby Specialist\",\"url\":\"https:\\\/\\\/www.veltec.eu\\\/en\\\/\",\"logo\":{\"@type\":\"ImageObject\",\"inLanguage\":\"de\",\"@id\":\"https:\\\/\\\/www.veltec.eu\\\/en\\\/#\\\/schema\\\/logo\\\/image\\\/\",\"url\":\"https:\\\/\\\/www.veltec.eu\\\/wp-content\\\/uploads\\\/2021\\\/12\\\/Veltec-log-groot-e1537260889125.png\",\"contentUrl\":\"https:\\\/\\\/www.veltec.eu\\\/wp-content\\\/uploads\\\/2021\\\/12\\\/Veltec-log-groot-e1537260889125.png\",\"width\":200,\"height\":60,\"caption\":\"Veltec Kirby Specialist\"},\"image\":{\"@id\":\"https:\\\/\\\/www.veltec.eu\\\/en\\\/#\\\/schema\\\/logo\\\/image\\\/\"},\"sameAs\":[\"https:\\\/\\\/www.facebook.com\\\/Veltec-Kirby-Specialist-236746293374877\\\/\",\"https:\\\/\\\/www.youtube.com\\\/user\\\/VeltecService\"]}]}<\/script>\n<!-- \/ Yoast SEO Premium plugin. -->","yoast_head_json":{"title":"Kirby Klopfb\u00fcrste G3 -G4 \u00fcberholt - Veltec Kirby specialist","description":"Kirby Klopfb\u00fcrste G3 -G4 \u00fcberholt - Veltec ist seit \u00fcber 25 Jahren Lieferant von Kirby Staubsaugern. Ihr Kirby-Service-Spezialist.","robots":{"index":"index","follow":"follow","max-snippet":"max-snippet:-1","max-image-preview":"max-image-preview:large","max-video-preview":"max-video-preview:-1"},"canonical":"https:\/\/www.veltec.eu\/de\/product\/kirby-klopfbuerste-g3-g4-ueberholt\/","og_locale":"de_DE","og_type":"article","og_title":"Kirby Klopfb\u00fcrste G3 -G4 \u00fcberholt","og_description":"Kirby Klopfb\u00fcrste G3 -G4 \u00fcberholt f\u00fcr die Kirby Breite Klopfsaugd\u00fcse.    Vorr\u00e4tig   Vor 23:59 uhr bestellt, morgen versendet  &nbsp;","og_url":"https:\/\/www.veltec.eu\/de\/product\/kirby-klopfbuerste-g3-g4-ueberholt\/","og_site_name":"Veltec Kirby specialist","article_publisher":"https:\/\/www.facebook.com\/Veltec-Kirby-Specialist-236746293374877\/","article_modified_time":"2024-12-06T12:29:47+00:00","og_image":[{"width":500,"height":500,"url":"https:\/\/www.veltec.eu\/wp-content\/uploads\/2024\/09\/Borstel-Gerc.jpg","type":"image\/jpeg"}],"twitter_card":"summary_large_image","twitter_misc":{"Gesch\u00e4tzte Lesezeit":"3\u00a0Minuten"},"schema":{"@context":"https:\/\/schema.org","@graph":[{"@type":"WebPage","@id":"https:\/\/www.veltec.eu\/de\/product\/kirby-klopfbuerste-g3-g4-ueberholt\/","url":"https:\/\/www.veltec.eu\/de\/product\/kirby-klopfbuerste-g3-g4-ueberholt\/","name":"Kirby Klopfb\u00fcrste G3 -G4 \u00fcberholt - Veltec Kirby specialist","isPartOf":{"@id":"https:\/\/www.veltec.eu\/en\/#website"},"primaryImageOfPage":{"@id":"https:\/\/www.veltec.eu\/de\/product\/kirby-klopfbuerste-g3-g4-ueberholt\/#primaryimage"},"image":{"@id":"https:\/\/www.veltec.eu\/de\/product\/kirby-klopfbuerste-g3-g4-ueberholt\/#primaryimage"},"thumbnailUrl":"https:\/\/www.veltec.eu\/wp-content\/uploads\/2024\/09\/Borstel-Gerc.jpg","datePublished":"2024-09-16T07:12:49+00:00","dateModified":"2024-12-06T12:29:47+00:00","description":"Kirby Klopfb\u00fcrste G3 -G4 \u00fcberholt - Veltec ist seit \u00fcber 25 Jahren Lieferant von Kirby Staubsaugern. Ihr Kirby-Service-Spezialist.","breadcrumb":{"@id":"https:\/\/www.veltec.eu\/de\/product\/kirby-klopfbuerste-g3-g4-ueberholt\/#breadcrumb"},"inLanguage":"de","potentialAction":[{"@type":"ReadAction","target":["https:\/\/www.veltec.eu\/de\/product\/kirby-klopfbuerste-g3-g4-ueberholt\/"]}]},{"@type":"ImageObject","inLanguage":"de","@id":"https:\/\/www.veltec.eu\/de\/product\/kirby-klopfbuerste-g3-g4-ueberholt\/#primaryimage","url":"https:\/\/www.veltec.eu\/wp-content\/uploads\/2024\/09\/Borstel-Gerc.jpg","contentUrl":"https:\/\/www.veltec.eu\/wp-content\/uploads\/2024\/09\/Borstel-Gerc.jpg","width":500,"height":500},{"@type":"BreadcrumbList","@id":"https:\/\/www.veltec.eu\/de\/product\/kirby-klopfbuerste-g3-g4-ueberholt\/#breadcrumb","itemListElement":[{"@type":"ListItem","position":1,"name":"Home","item":"https:\/\/www.veltec.eu\/de\/startseite\/"},{"@type":"ListItem","position":2,"name":"Kirby Laden","item":"https:\/\/www.veltec.eu\/de\/kirby-laden\/"},{"@type":"ListItem","position":3,"name":"Kirby Klopfb\u00fcrste G3 -G4 \u00fcberholt"}]},{"@type":"WebSite","@id":"https:\/\/www.veltec.eu\/en\/#website","url":"https:\/\/www.veltec.eu\/en\/","name":"Veltec Kirby specialist","description":"Kirby stofzuiger producten","publisher":{"@id":"https:\/\/www.veltec.eu\/en\/#organization"},"potentialAction":[{"@type":"SearchAction","target":{"@type":"EntryPoint","urlTemplate":"https:\/\/www.veltec.eu\/en\/?s={search_term_string}"},"query-input":{"@type":"PropertyValueSpecification","valueRequired":true,"valueName":"search_term_string"}}],"inLanguage":"de"},{"@type":"Organization","@id":"https:\/\/www.veltec.eu\/en\/#organization","name":"Veltec Kirby Specialist","url":"https:\/\/www.veltec.eu\/en\/","logo":{"@type":"ImageObject","inLanguage":"de","@id":"https:\/\/www.veltec.eu\/en\/#\/schema\/logo\/image\/","url":"https:\/\/www.veltec.eu\/wp-content\/uploads\/2021\/12\/Veltec-log-groot-e1537260889125.png","contentUrl":"https:\/\/www.veltec.eu\/wp-content\/uploads\/2021\/12\/Veltec-log-groot-e1537260889125.png","width":200,"height":60,"caption":"Veltec Kirby Specialist"},"image":{"@id":"https:\/\/www.veltec.eu\/en\/#\/schema\/logo\/image\/"},"sameAs":["https:\/\/www.facebook.com\/Veltec-Kirby-Specialist-236746293374877\/","https:\/\/www.youtube.com\/user\/VeltecService"]}]}},"_links":{"self":[{"href":"https:\/\/www.veltec.eu\/de\/wp-json\/wp\/v2\/product\/66956","targetHints":{"allow":["GET"]}}],"collection":[{"href":"https:\/\/www.veltec.eu\/de\/wp-json\/wp\/v2\/product"}],"about":[{"href":"https:\/\/www.veltec.eu\/de\/wp-json\/wp\/v2\/types\/product"}],"replies":[{"embeddable":true,"href":"https:\/\/www.veltec.eu\/de\/wp-json\/wp\/v2\/comments?post=66956"}],"wp:featuredmedia":[{"embeddable":true,"href":"https:\/\/www.veltec.eu\/de\/wp-json\/wp\/v2\/media\/66950"}],"wp:attachment":[{"href":"https:\/\/www.veltec.eu\/de\/wp-json\/wp\/v2\/media?parent=66956"}],"wp:term":[{"taxonomy":"product_brand","embeddable":true,"href":"https:\/\/www.veltec.eu\/de\/wp-json\/wp\/v2\/product_brand?post=66956"},{"taxonomy":"product_cat","embeddable":true,"href":"https:\/\/www.veltec.eu\/de\/wp-json\/wp\/v2\/product_cat?post=66956"},{"taxonomy":"product_tag","embeddable":true,"href":"https:\/\/www.veltec.eu\/de\/wp-json\/wp\/v2\/product_tag?post=66956"}],"curies":[{"name":"wp","href":"https:\/\/api.w.org\/{rel}","templated":true}]}}