{"id":66354,"date":"2024-08-29T13:10:48","date_gmt":"2024-08-29T11:10:48","guid":{"rendered":"https:\/\/www.veltec.eu\/product\/conga-7490-immortal-x-treme\/"},"modified":"2025-01-23T15:32:54","modified_gmt":"2025-01-23T13:32:54","slug":"conga-7490-immortal-x-treme","status":"publish","type":"product","link":"https:\/\/www.veltec.eu\/de\/product\/conga-7490-immortal-x-treme\/","title":{"rendered":"Conga 7490 Immortal X-Treme"},"content":{"rendered":"<h1>Conga 7490 Immortal X-Treme<\/h1>\n<p>Conga 7490 Immortal X-Treme &#8211; Staubsaugerroboter mit Lasernavigationstechnologie.<\/p>\n<div class=\"css-1vrowg6\">\n<div id=\"description\" class=\"e1pizqy33 css-1gvl2s3\">\n<div class=\"css-1aprn8v e1pizqy32\">\n<div id=\"technical-details\" class=\"css-0 egxb0x40\">\n<div class=\"css-1vrowg6\">\n<div id=\"description\" class=\"e1pizqy33 css-1gvl2s3\">\n<div class=\"css-1aprn8v e1pizqy32\">\n<ul>\n<li>Lasernavigation f\u00fcr die pr\u00e4zise Reinigung aller gew\u00fcnschten R\u00e4ume in k\u00fcrzester Zeit.<\/li>\n<li>Definieren, planen und planen Sie die Reinigung Ihrer gesamten Wohnung oder von bestimmten R\u00e4umen dank der erzeugten Karte.<\/li>\n<li>2600 Pa Saugleistung.<\/li>\n<li>2600-mAh-Akku, der eine Autonomie von bis zu 120 Minuten erreicht.<\/li>\n<li>4 in 1: saugt, fegt, wischt und wischt (2 Mopps im Lieferumfang enthalten).<\/li>\n<li>Multifunktions-Zentralb\u00fcrste: sorgt f\u00fcr eine gr\u00fcndliche, verfilzungsfreie Reinigung.<\/li>\n<li>R\u00fcckw\u00e4rts- und Vorw\u00e4rtsschrubben: Entfernt m\u00fchelos hartn\u00e4ckigen Schmutz.<\/li>\n<li>Er verf\u00fcgt \u00fcber 6 Reinigungsmodi, die es dem Roboter erm\u00f6glichen, sich an jeden Bedarf in Ihrem Zuhause anzupassen.<\/li>\n<li>Er kann \u00fcber eine mobile App und virtuelle Assistenten gesteuert werden.<\/li>\n<\/ul>\n<\/div>\n<\/div>\n<\/div>\n<div class=\"css-1vrowg6\">\n<div><\/div>\n<div id=\"composition\" class=\"e1hv9n5v2 css-ldw7pi\">\n<p><strong><span class=\"e1hv9n5v0 css-hga4sk\">Zusammensetzung<\/span><\/strong><\/p>\n<div class=\"css-1azcdyx e1hv9n5v1\">\n<ul>\n<li>1 Seitenb\u00fcrste<\/li>\n<li>2 Mopps<\/li>\n<li>Selbstreinigende B\u00fcrste<\/li>\n<li>Multifunktions-B\u00fcrste<\/li>\n<li>Gemischter Tank<\/li>\n<li>Hochwirksamer Filter<\/li>\n<li>Gebrauchsanweisung<\/li>\n<li>Staubsauger-Roboter<\/li>\n<\/ul>\n<\/div>\n<\/div>\n<\/div>\n<\/div>\n<div>\n<div class=\"css-vowml7 e1suim2o0\">\n<div class=\"css-1vrowg6\">\n<div class=\"css-11qrh6v\">\n<div class=\"css-1s2st8l ecx2tlz1\"><\/div>\n<\/div>\n<\/div>\n<\/div>\n<\/div>\n<\/div>\n<\/div>\n<\/div>\n","protected":false},"excerpt":{"rendered":"<p>Conga 7490 Immortal X-Treme &#8211; Staubsaugerroboter mit Lasernavigationstechnologie. 4-in-1-Reinigung: Fegt, saugt, wischt und schrubbt. Absaugleistung von 2600 Pa. 120 Minuten Autonomie. Multifunktionale zentrale B\u00fcrste, 2 Schrubber und 1 Seitenb\u00fcrste. 4 w\u00e4hlbare Stufen f\u00fcr Saugleistung und Scheuerwasser. Programmierung, APP-Steuerung und virtuelle Assistenten.<\/p>\n<p>&nbsp;<\/p>\n<div>\n<div>\n<h3><span lang=\"EN-US\" style=\"color: #008000;\">Vorr\u00e4tig<\/span><\/h3>\n<\/div>\n<div>\n<p><span lang=\"EN-US\">[av_font_icon icon='ue812' font='entypo-fontello' style='' caption='' size='25px' position='left' color='#43ad66' link='' linktarget='' title_attr='' sonar_effect_effect='' sonar_effect_color='' sonar_effect_duration='1' sonar_effect_scale='' sonar_effect_opac='0.5' animation='' id='' custom_class='' template_class='' av_uid='' sc_version='1.0' admin_preview_bg=''][\/av_font_icon]<\/span><\/p>\n<\/div>\n<div>\n<p><span style=\"color: #008000;\">Die Lieferzeit betr\u00e4gt zwischen 5 und 10 Arbeitstagen.<\/span><\/p>\n<\/div>\n<div>\n<p><span lang=\"EN-US\">[av_font_icon icon='ue812' font='entypo-fontello' style='' caption='' size='25px' position='left' color='#43ad66' link='' linktarget='' title_attr='' sonar_effect_effect='' sonar_effect_color='' sonar_effect_duration='1' sonar_effect_scale='' sonar_effect_opac='0.5' animation='' id='' custom_class='' template_class='' av_uid='' sc_version='1.0' admin_preview_bg=''][\/av_font_icon]<\/span><\/p>\n<\/div>\n<div>\n<p><span lang=\"EN-US\" style=\"color: #008000;\">2 Jahre Garantie<\/span><\/p>\n<p>&nbsp;<\/p>\n<\/div>\n<\/div>\n","protected":false},"featured_media":66292,"comment_status":"open","ping_status":"closed","template":"","meta":{"_acf_changed":false},"product_brand":[],"product_cat":[26],"product_tag":[],"class_list":{"0":"post-66354","1":"product","2":"type-product","3":"status-publish","4":"has-post-thumbnail","6":"product_cat-overige-producten","8":"first","9":"outofstock","10":"sale","11":"taxable","12":"shipping-taxable","13":"purchasable","14":"product-type-simple"},"acf":[],"yoast_head":"<!-- This site is optimized with the Yoast SEO Premium plugin v27.1 (Yoast SEO v27.4) - https:\/\/yoast.com\/product\/yoast-seo-premium-wordpress\/ -->\n<title>Conga 7490 Immortal X-Treme - Veltec Kirby specialist<\/title>\n<meta name=\"description\" content=\"Conga 7490 Immortal X-Treme - Veltec ist seit \u00fcber 25 Jahren ein Lieferant von Kirby Staubsaugern. Und ist Ihr vertrauensw\u00fcrdiger Kirby-Service-Spezialist.\" \/>\n<meta name=\"robots\" content=\"index, follow, max-snippet:-1, max-image-preview:large, max-video-preview:-1\" \/>\n<link rel=\"canonical\" href=\"https:\/\/www.veltec.eu\/de\/product\/conga-7490-immortal-x-treme\/\" \/>\n<meta property=\"og:locale\" content=\"de_DE\" \/>\n<meta property=\"og:type\" content=\"article\" \/>\n<meta property=\"og:title\" content=\"Conga 7490 Immortal X-Treme\" \/>\n<meta property=\"og:description\" content=\"Conga 7490 Immortal X-Treme - Staubsaugerroboter mit Lasernavigationstechnologie. 4-in-1-Reinigung: Fegt, saugt, wischt und schrubbt. Absaugleistung von 2600 Pa. 120 Minuten Autonomie. Multifunktionale zentrale B\u00fcrste, 2 Schrubber und 1 Seitenb\u00fcrste. 4 w\u00e4hlbare Stufen f\u00fcr Saugleistung und Scheuerwasser. Programmierung, APP-Steuerung und virtuelle Assistenten.  &nbsp;   Vorr\u00e4tig         Die Lieferzeit betr\u00e4gt zwischen 5 und 10 Arbeitstagen.          2 Jahre Garantie  &nbsp;\" \/>\n<meta property=\"og:url\" content=\"https:\/\/www.veltec.eu\/de\/product\/conga-7490-immortal-x-treme\/\" \/>\n<meta property=\"og:site_name\" content=\"Veltec Kirby specialist\" \/>\n<meta property=\"article:publisher\" content=\"https:\/\/www.facebook.com\/Veltec-Kirby-Specialist-236746293374877\/\" \/>\n<meta property=\"article:modified_time\" content=\"2025-01-23T13:32:54+00:00\" \/>\n<meta property=\"og:image\" content=\"https:\/\/www.veltec.eu\/wp-content\/uploads\/2024\/08\/conga-7490-immortal-x-treme_0ahqav_1.png\" \/>\n\t<meta property=\"og:image:width\" content=\"640\" \/>\n\t<meta property=\"og:image:height\" content=\"640\" \/>\n\t<meta property=\"og:image:type\" content=\"image\/png\" \/>\n<meta name=\"twitter:card\" content=\"summary_large_image\" \/>\n<meta name=\"twitter:label1\" content=\"Gesch\u00e4tzte Lesezeit\" \/>\n\t<meta name=\"twitter:data1\" content=\"1\u00a0Minute\" \/>\n<script type=\"application\/ld+json\" class=\"yoast-schema-graph\">{\"@context\":\"https:\\\/\\\/schema.org\",\"@graph\":[{\"@type\":\"WebPage\",\"@id\":\"https:\\\/\\\/www.veltec.eu\\\/de\\\/product\\\/conga-7490-immortal-x-treme\\\/\",\"url\":\"https:\\\/\\\/www.veltec.eu\\\/de\\\/product\\\/conga-7490-immortal-x-treme\\\/\",\"name\":\"Conga 7490 Immortal X-Treme - Veltec Kirby specialist\",\"isPartOf\":{\"@id\":\"https:\\\/\\\/www.veltec.eu\\\/en\\\/#website\"},\"primaryImageOfPage\":{\"@id\":\"https:\\\/\\\/www.veltec.eu\\\/de\\\/product\\\/conga-7490-immortal-x-treme\\\/#primaryimage\"},\"image\":{\"@id\":\"https:\\\/\\\/www.veltec.eu\\\/de\\\/product\\\/conga-7490-immortal-x-treme\\\/#primaryimage\"},\"thumbnailUrl\":\"https:\\\/\\\/www.veltec.eu\\\/wp-content\\\/uploads\\\/2024\\\/08\\\/conga-7490-immortal-x-treme_0ahqav_1.png\",\"datePublished\":\"2024-08-29T11:10:48+00:00\",\"dateModified\":\"2025-01-23T13:32:54+00:00\",\"description\":\"Conga 7490 Immortal X-Treme - Veltec ist seit \u00fcber 25 Jahren ein Lieferant von Kirby Staubsaugern. Und ist Ihr vertrauensw\u00fcrdiger Kirby-Service-Spezialist.\",\"breadcrumb\":{\"@id\":\"https:\\\/\\\/www.veltec.eu\\\/de\\\/product\\\/conga-7490-immortal-x-treme\\\/#breadcrumb\"},\"inLanguage\":\"de\",\"potentialAction\":[{\"@type\":\"ReadAction\",\"target\":[\"https:\\\/\\\/www.veltec.eu\\\/de\\\/product\\\/conga-7490-immortal-x-treme\\\/\"]}]},{\"@type\":\"ImageObject\",\"inLanguage\":\"de\",\"@id\":\"https:\\\/\\\/www.veltec.eu\\\/de\\\/product\\\/conga-7490-immortal-x-treme\\\/#primaryimage\",\"url\":\"https:\\\/\\\/www.veltec.eu\\\/wp-content\\\/uploads\\\/2024\\\/08\\\/conga-7490-immortal-x-treme_0ahqav_1.png\",\"contentUrl\":\"https:\\\/\\\/www.veltec.eu\\\/wp-content\\\/uploads\\\/2024\\\/08\\\/conga-7490-immortal-x-treme_0ahqav_1.png\",\"width\":640,\"height\":640},{\"@type\":\"BreadcrumbList\",\"@id\":\"https:\\\/\\\/www.veltec.eu\\\/de\\\/product\\\/conga-7490-immortal-x-treme\\\/#breadcrumb\",\"itemListElement\":[{\"@type\":\"ListItem\",\"position\":1,\"name\":\"Home\",\"item\":\"https:\\\/\\\/www.veltec.eu\\\/de\\\/startseite\\\/\"},{\"@type\":\"ListItem\",\"position\":2,\"name\":\"Kirby Laden\",\"item\":\"https:\\\/\\\/www.veltec.eu\\\/de\\\/kirby-laden\\\/\"},{\"@type\":\"ListItem\",\"position\":3,\"name\":\"Conga 7490 Immortal X-Treme\"}]},{\"@type\":\"WebSite\",\"@id\":\"https:\\\/\\\/www.veltec.eu\\\/en\\\/#website\",\"url\":\"https:\\\/\\\/www.veltec.eu\\\/en\\\/\",\"name\":\"Veltec Kirby specialist\",\"description\":\"Kirby stofzuiger producten\",\"publisher\":{\"@id\":\"https:\\\/\\\/www.veltec.eu\\\/en\\\/#organization\"},\"potentialAction\":[{\"@type\":\"SearchAction\",\"target\":{\"@type\":\"EntryPoint\",\"urlTemplate\":\"https:\\\/\\\/www.veltec.eu\\\/en\\\/?s={search_term_string}\"},\"query-input\":{\"@type\":\"PropertyValueSpecification\",\"valueRequired\":true,\"valueName\":\"search_term_string\"}}],\"inLanguage\":\"de\"},{\"@type\":\"Organization\",\"@id\":\"https:\\\/\\\/www.veltec.eu\\\/en\\\/#organization\",\"name\":\"Veltec Kirby Specialist\",\"url\":\"https:\\\/\\\/www.veltec.eu\\\/en\\\/\",\"logo\":{\"@type\":\"ImageObject\",\"inLanguage\":\"de\",\"@id\":\"https:\\\/\\\/www.veltec.eu\\\/en\\\/#\\\/schema\\\/logo\\\/image\\\/\",\"url\":\"https:\\\/\\\/www.veltec.eu\\\/wp-content\\\/uploads\\\/2021\\\/12\\\/Veltec-log-groot-e1537260889125.png\",\"contentUrl\":\"https:\\\/\\\/www.veltec.eu\\\/wp-content\\\/uploads\\\/2021\\\/12\\\/Veltec-log-groot-e1537260889125.png\",\"width\":200,\"height\":60,\"caption\":\"Veltec Kirby Specialist\"},\"image\":{\"@id\":\"https:\\\/\\\/www.veltec.eu\\\/en\\\/#\\\/schema\\\/logo\\\/image\\\/\"},\"sameAs\":[\"https:\\\/\\\/www.facebook.com\\\/Veltec-Kirby-Specialist-236746293374877\\\/\",\"https:\\\/\\\/www.youtube.com\\\/user\\\/VeltecService\"]}]}<\/script>\n<!-- \/ Yoast SEO Premium plugin. -->","yoast_head_json":{"title":"Conga 7490 Immortal X-Treme - Veltec Kirby specialist","description":"Conga 7490 Immortal X-Treme - Veltec ist seit \u00fcber 25 Jahren ein Lieferant von Kirby Staubsaugern. Und ist Ihr vertrauensw\u00fcrdiger Kirby-Service-Spezialist.","robots":{"index":"index","follow":"follow","max-snippet":"max-snippet:-1","max-image-preview":"max-image-preview:large","max-video-preview":"max-video-preview:-1"},"canonical":"https:\/\/www.veltec.eu\/de\/product\/conga-7490-immortal-x-treme\/","og_locale":"de_DE","og_type":"article","og_title":"Conga 7490 Immortal X-Treme","og_description":"Conga 7490 Immortal X-Treme - Staubsaugerroboter mit Lasernavigationstechnologie. 4-in-1-Reinigung: Fegt, saugt, wischt und schrubbt. Absaugleistung von 2600 Pa. 120 Minuten Autonomie. Multifunktionale zentrale B\u00fcrste, 2 Schrubber und 1 Seitenb\u00fcrste. 4 w\u00e4hlbare Stufen f\u00fcr Saugleistung und Scheuerwasser. Programmierung, APP-Steuerung und virtuelle Assistenten.  &nbsp;   Vorr\u00e4tig         Die Lieferzeit betr\u00e4gt zwischen 5 und 10 Arbeitstagen.          2 Jahre Garantie  &nbsp;","og_url":"https:\/\/www.veltec.eu\/de\/product\/conga-7490-immortal-x-treme\/","og_site_name":"Veltec Kirby specialist","article_publisher":"https:\/\/www.facebook.com\/Veltec-Kirby-Specialist-236746293374877\/","article_modified_time":"2025-01-23T13:32:54+00:00","og_image":[{"width":640,"height":640,"url":"https:\/\/www.veltec.eu\/wp-content\/uploads\/2024\/08\/conga-7490-immortal-x-treme_0ahqav_1.png","type":"image\/png"}],"twitter_card":"summary_large_image","twitter_misc":{"Gesch\u00e4tzte Lesezeit":"1\u00a0Minute"},"schema":{"@context":"https:\/\/schema.org","@graph":[{"@type":"WebPage","@id":"https:\/\/www.veltec.eu\/de\/product\/conga-7490-immortal-x-treme\/","url":"https:\/\/www.veltec.eu\/de\/product\/conga-7490-immortal-x-treme\/","name":"Conga 7490 Immortal X-Treme - Veltec Kirby specialist","isPartOf":{"@id":"https:\/\/www.veltec.eu\/en\/#website"},"primaryImageOfPage":{"@id":"https:\/\/www.veltec.eu\/de\/product\/conga-7490-immortal-x-treme\/#primaryimage"},"image":{"@id":"https:\/\/www.veltec.eu\/de\/product\/conga-7490-immortal-x-treme\/#primaryimage"},"thumbnailUrl":"https:\/\/www.veltec.eu\/wp-content\/uploads\/2024\/08\/conga-7490-immortal-x-treme_0ahqav_1.png","datePublished":"2024-08-29T11:10:48+00:00","dateModified":"2025-01-23T13:32:54+00:00","description":"Conga 7490 Immortal X-Treme - Veltec ist seit \u00fcber 25 Jahren ein Lieferant von Kirby Staubsaugern. Und ist Ihr vertrauensw\u00fcrdiger Kirby-Service-Spezialist.","breadcrumb":{"@id":"https:\/\/www.veltec.eu\/de\/product\/conga-7490-immortal-x-treme\/#breadcrumb"},"inLanguage":"de","potentialAction":[{"@type":"ReadAction","target":["https:\/\/www.veltec.eu\/de\/product\/conga-7490-immortal-x-treme\/"]}]},{"@type":"ImageObject","inLanguage":"de","@id":"https:\/\/www.veltec.eu\/de\/product\/conga-7490-immortal-x-treme\/#primaryimage","url":"https:\/\/www.veltec.eu\/wp-content\/uploads\/2024\/08\/conga-7490-immortal-x-treme_0ahqav_1.png","contentUrl":"https:\/\/www.veltec.eu\/wp-content\/uploads\/2024\/08\/conga-7490-immortal-x-treme_0ahqav_1.png","width":640,"height":640},{"@type":"BreadcrumbList","@id":"https:\/\/www.veltec.eu\/de\/product\/conga-7490-immortal-x-treme\/#breadcrumb","itemListElement":[{"@type":"ListItem","position":1,"name":"Home","item":"https:\/\/www.veltec.eu\/de\/startseite\/"},{"@type":"ListItem","position":2,"name":"Kirby Laden","item":"https:\/\/www.veltec.eu\/de\/kirby-laden\/"},{"@type":"ListItem","position":3,"name":"Conga 7490 Immortal X-Treme"}]},{"@type":"WebSite","@id":"https:\/\/www.veltec.eu\/en\/#website","url":"https:\/\/www.veltec.eu\/en\/","name":"Veltec Kirby specialist","description":"Kirby stofzuiger producten","publisher":{"@id":"https:\/\/www.veltec.eu\/en\/#organization"},"potentialAction":[{"@type":"SearchAction","target":{"@type":"EntryPoint","urlTemplate":"https:\/\/www.veltec.eu\/en\/?s={search_term_string}"},"query-input":{"@type":"PropertyValueSpecification","valueRequired":true,"valueName":"search_term_string"}}],"inLanguage":"de"},{"@type":"Organization","@id":"https:\/\/www.veltec.eu\/en\/#organization","name":"Veltec Kirby Specialist","url":"https:\/\/www.veltec.eu\/en\/","logo":{"@type":"ImageObject","inLanguage":"de","@id":"https:\/\/www.veltec.eu\/en\/#\/schema\/logo\/image\/","url":"https:\/\/www.veltec.eu\/wp-content\/uploads\/2021\/12\/Veltec-log-groot-e1537260889125.png","contentUrl":"https:\/\/www.veltec.eu\/wp-content\/uploads\/2021\/12\/Veltec-log-groot-e1537260889125.png","width":200,"height":60,"caption":"Veltec Kirby Specialist"},"image":{"@id":"https:\/\/www.veltec.eu\/en\/#\/schema\/logo\/image\/"},"sameAs":["https:\/\/www.facebook.com\/Veltec-Kirby-Specialist-236746293374877\/","https:\/\/www.youtube.com\/user\/VeltecService"]}]}},"_links":{"self":[{"href":"https:\/\/www.veltec.eu\/de\/wp-json\/wp\/v2\/product\/66354","targetHints":{"allow":["GET"]}}],"collection":[{"href":"https:\/\/www.veltec.eu\/de\/wp-json\/wp\/v2\/product"}],"about":[{"href":"https:\/\/www.veltec.eu\/de\/wp-json\/wp\/v2\/types\/product"}],"replies":[{"embeddable":true,"href":"https:\/\/www.veltec.eu\/de\/wp-json\/wp\/v2\/comments?post=66354"}],"wp:featuredmedia":[{"embeddable":true,"href":"https:\/\/www.veltec.eu\/de\/wp-json\/wp\/v2\/media\/66292"}],"wp:attachment":[{"href":"https:\/\/www.veltec.eu\/de\/wp-json\/wp\/v2\/media?parent=66354"}],"wp:term":[{"taxonomy":"product_brand","embeddable":true,"href":"https:\/\/www.veltec.eu\/de\/wp-json\/wp\/v2\/product_brand?post=66354"},{"taxonomy":"product_cat","embeddable":true,"href":"https:\/\/www.veltec.eu\/de\/wp-json\/wp\/v2\/product_cat?post=66354"},{"taxonomy":"product_tag","embeddable":true,"href":"https:\/\/www.veltec.eu\/de\/wp-json\/wp\/v2\/product_tag?post=66354"}],"curies":[{"name":"wp","href":"https:\/\/api.w.org\/{rel}","templated":true}]}}