{"id":64309,"date":"2024-08-08T16:06:17","date_gmt":"2024-08-08T14:06:17","guid":{"rendered":"https:\/\/www.veltec.eu\/product\/conga-11090-spin-revolution\/"},"modified":"2025-01-23T16:33:10","modified_gmt":"2025-01-23T14:33:10","slug":"conga-11090-spin-revolution","status":"publish","type":"product","link":"https:\/\/www.veltec.eu\/de\/product\/conga-11090-spin-revolution\/","title":{"rendered":"Conga 11090 Spin Revolution"},"content":{"rendered":"<h5><strong>Conga 11090 Spin Revolution<\/strong><\/h5>\n<p>Conga 11090 Spin Revolution Laser-Staubsaugerroboter mit selbstreinigendem Boden und selbstreinigenden und trocknenden Wischmopps. Laser-Ultraschall-Navigation. Entkalker-Schrubben mit ultra-absorbierenden Rotationsmopps.<\/p>\n<div id=\"technical-details\" class=\"css-0 egxb0x40\">\n<div class=\"css-1vrowg6\">\n<div id=\"description\" class=\"e1pizqy33 css-1gvl2s3\">\n<div class=\"css-k1moeq e1pizqy32\">\n<div id=\"technical-details\" class=\"css-0 egxb0x40\">\n<div class=\"css-1vrowg6\">\n<div id=\"description\" class=\"e1pizqy33 css-1gvl2s3\">\n<div class=\"css-k1moeq e1pizqy32\">\n<ul>\n<li>Navigation mit Lasertechnologie f\u00fcr pr\u00e4zise Reinigung<\/li>\n<li>Vergiss das Wischen mit den rotierenden Mopps. Au\u00dferdem hat der Roboter die intensive Hin-und-Her-Wischbewegung.<\/li>\n<li>Wenn der Roboter den Boden erreicht, entleert er sich und die Mopps werden gereinigt.<\/li>\n<li>Intelligente Teppichreinigung dank seiner Ultraschallerkennung, die die Mopps stoppt, wenn er sie \u00fcberf\u00e4hrt.<\/li>\n<li>Die Entleerungsbasis verf\u00fcgt \u00fcber ein automatisches Sicherheitserkennungssystem f\u00fcr die Hygienebeutel, einen F\u00fcllball f\u00fcr den Schmutzwassertank und einen Saugball f\u00fcr das saubere Wasser.<\/li>\n<li>Dank des 2 Liter fassenden Staubtanks, des 2,8 Liter fassenden Tanks f\u00fcr sauberes Wasser und des 2,4 Liter fassenden Tanks f\u00fcr schmutziges Wasser musst du dir nicht die H\u00e4nde schmutzig machen, wenn du Staub anfasst.<\/li>\n<li>Wenn der Akku des Roboters leer ist, kehrt er automatisch zur Basis zur\u00fcck, um sich aufzuladen, macht dann dort weiter, wo er aufgeh\u00f6rt hat, und setzt die Reinigung mit komplett sauberen Mopps fort.<\/li>\n<li>Definiere, plane und terminiere die Reinigung deines Zuhauses. Dank der erstellten Karte kannst du sowohl die komplette Reinigung als auch die Reinigung bestimmter R\u00e4ume ausw\u00e4hlen.<\/li>\n<li>Leistung von 4000 Pa im Saugmotor<\/li>\n<li>3200-mAh-Akku, der eine Autonomie von bis zu 140 Minuten erreicht. Wenn der Akku leer ist, kehrt er automatisch zum Aufladen in die Basisstation zur\u00fcck und macht dann dort weiter, wo er aufgeh\u00f6rt hat, um die Reinigung zu beenden.<\/li>\n<li>Die 8 Reinigungsmodi (Rand, Fl\u00e4che, Fleck, Schrubben, Auto, quadratische Spirale, runde Spirale und Tiefenreinigung) machen den Roboter anpassungsf\u00e4hig an jeden Bedarf in deinem Zuhause.<\/li>\n<li>Der Roboter verf\u00fcgt \u00fcber ein Anti-Sturz-System, das erkennt, ob es Stufen gibt.<\/li>\n<li>Er kann \u00fcber eine mobile App und virtuelle Assistenten gesteuert werden.<\/li>\n<\/ul>\n<\/div>\n<\/div>\n<\/div>\n<div class=\"css-1vrowg6\">\n<p>&nbsp;<\/p>\n<p><strong><span class=\"e1hv9n5v0 css-hga4sk\">Zusammensetzung<\/span><\/strong><\/p>\n<div class=\"css-1azcdyx e1hv9n5v1\">\n<ul>\n<li>2 rotierende Mopps<\/li>\n<li>Selbstentleerende Basis mit 3 Tanks und Stromkabel<\/li>\n<li>Selbstreinigende B\u00fcrste<\/li>\n<li>Multifunktionsb\u00fcrste<\/li>\n<li>Gebrauchsanweisung<\/li>\n<li>Staubsaugerroboter<\/li>\n<li>2,4-Liter-Tank f\u00fcr sauberes Wasser<\/li>\n<li>2,8-Liter-Schmutzwassertank<\/li>\n<li>2L Staubtank<\/li>\n<li>1 Seitenb\u00fcrste<\/li>\n<\/ul>\n<p>&nbsp;<\/p>\n<\/div>\n<\/div>\n<\/div>\n<\/div>\n<\/div>\n<\/div>\n<\/div>\n","protected":false},"excerpt":{"rendered":"<p>Conga 11090 Spin Revolution mit selbstentleerendem Boden und selbstreinigendem und mop-trocknendem Boden. Ultraschall-Lasernavigation. Absaugmotor 5000 Pa. Entkalkendes Schrubben mit ultra-absorbierenden rotierenden Mopps. Multifunktionsb\u00fcrste. Seitenb\u00fcrste. CECOTEC 3.0 App und virtuelle Assistenten.<\/p>\n<p>&nbsp;<\/p>\n<div>\n<div>\n<h3><span lang=\"EN-US\" style=\"color: #008000;\">Vorr\u00e4tig<\/span><\/h3>\n<\/div>\n<div>\n<p><span lang=\"EN-US\">[av_font_icon icon='ue812' font='entypo-fontello' style='' caption='' size='25px' position='left' color='#43ad66' link='' linktarget='' title_attr='' sonar_effect_effect='' sonar_effect_color='' sonar_effect_duration='1' sonar_effect_scale='' sonar_effect_opac='0.5' animation='' id='' custom_class='' template_class='' av_uid='' sc_version='1.0' admin_preview_bg=''][\/av_font_icon]<\/span><\/p>\n<\/div>\n<div>\n<p><span style=\"color: #008000;\">Die Lieferzeit betr\u00e4gt zwischen 5 und 10 Arbeitstagen.<\/span><\/p>\n<\/div>\n<div>\n<p><span lang=\"EN-US\">[av_font_icon icon='ue812' font='entypo-fontello' style='' caption='' size='25px' position='left' color='#43ad66' link='' linktarget='' title_attr='' sonar_effect_effect='' sonar_effect_color='' sonar_effect_duration='1' sonar_effect_scale='' sonar_effect_opac='0.5' animation='' id='' custom_class='' template_class='' av_uid='' sc_version='1.0' admin_preview_bg=''][\/av_font_icon]<\/span><\/p>\n<\/div>\n<p><span lang=\"EN-US\" style=\"color: #008000;\">2 Jahre Garantie<\/span><\/p>\n<p>&nbsp;<\/p>\n<\/div>\n","protected":false},"featured_media":64228,"comment_status":"open","ping_status":"closed","template":"","meta":{"_acf_changed":false},"product_brand":[],"product_cat":[26],"product_tag":[],"class_list":{"0":"post-64309","1":"product","2":"type-product","3":"status-publish","4":"has-post-thumbnail","6":"product_cat-overige-producten","8":"first","9":"outofstock","10":"sale","11":"taxable","12":"shipping-taxable","13":"purchasable","14":"product-type-simple"},"acf":[],"yoast_head":"<!-- This site is optimized with the Yoast SEO Premium plugin v27.1 (Yoast SEO v27.4) - https:\/\/yoast.com\/product\/yoast-seo-premium-wordpress\/ -->\n<title>Conga 11090 Spin Revolution - Veltec Kirby specialist<\/title>\n<meta name=\"description\" content=\"Veltec ist seit \u00fcber 25 Jahren ein Lieferant von Kirby Staubsaugern. Und ist Ihr vertrauensw\u00fcrdiger Kirby-Service-Spezialist. F\u00fcr Reparaturen.\" \/>\n<meta name=\"robots\" content=\"index, follow, max-snippet:-1, max-image-preview:large, max-video-preview:-1\" \/>\n<link rel=\"canonical\" href=\"https:\/\/www.veltec.eu\/de\/product\/conga-11090-spin-revolution\/\" \/>\n<meta property=\"og:locale\" content=\"de_DE\" \/>\n<meta property=\"og:type\" content=\"article\" \/>\n<meta property=\"og:title\" content=\"Conga 11090 Spin Revolution\" \/>\n<meta property=\"og:description\" content=\"Conga 11090 Spin Revolution mit selbstentleerendem Boden und selbstreinigendem und mop-trocknendem Boden. Ultraschall-Lasernavigation. Absaugmotor 5000 Pa. Entkalkendes Schrubben mit ultra-absorbierenden rotierenden Mopps. Multifunktionsb\u00fcrste. Seitenb\u00fcrste. CECOTEC 3.0 App und virtuelle Assistenten.  &nbsp;   Vorr\u00e4tig         Die Lieferzeit betr\u00e4gt zwischen 5 und 10 Arbeitstagen.        2 Jahre Garantie  &nbsp;\" \/>\n<meta property=\"og:url\" content=\"https:\/\/www.veltec.eu\/de\/product\/conga-11090-spin-revolution\/\" \/>\n<meta property=\"og:site_name\" content=\"Veltec Kirby specialist\" \/>\n<meta property=\"article:publisher\" content=\"https:\/\/www.facebook.com\/Veltec-Kirby-Specialist-236746293374877\/\" \/>\n<meta property=\"article:modified_time\" content=\"2025-01-23T14:33:10+00:00\" \/>\n<meta property=\"og:image\" content=\"https:\/\/www.veltec.eu\/wp-content\/uploads\/2024\/08\/conga-11090-spin-revolution-homewash_zjb9ul_1.png\" \/>\n\t<meta property=\"og:image:width\" content=\"640\" \/>\n\t<meta property=\"og:image:height\" content=\"640\" \/>\n\t<meta property=\"og:image:type\" content=\"image\/png\" \/>\n<meta name=\"twitter:card\" content=\"summary_large_image\" \/>\n<meta name=\"twitter:label1\" content=\"Gesch\u00e4tzte Lesezeit\" \/>\n\t<meta name=\"twitter:data1\" content=\"2\u00a0Minuten\" \/>\n<script type=\"application\/ld+json\" class=\"yoast-schema-graph\">{\"@context\":\"https:\\\/\\\/schema.org\",\"@graph\":[{\"@type\":\"WebPage\",\"@id\":\"https:\\\/\\\/www.veltec.eu\\\/de\\\/product\\\/conga-11090-spin-revolution\\\/\",\"url\":\"https:\\\/\\\/www.veltec.eu\\\/de\\\/product\\\/conga-11090-spin-revolution\\\/\",\"name\":\"Conga 11090 Spin Revolution - Veltec Kirby specialist\",\"isPartOf\":{\"@id\":\"https:\\\/\\\/www.veltec.eu\\\/en\\\/#website\"},\"primaryImageOfPage\":{\"@id\":\"https:\\\/\\\/www.veltec.eu\\\/de\\\/product\\\/conga-11090-spin-revolution\\\/#primaryimage\"},\"image\":{\"@id\":\"https:\\\/\\\/www.veltec.eu\\\/de\\\/product\\\/conga-11090-spin-revolution\\\/#primaryimage\"},\"thumbnailUrl\":\"https:\\\/\\\/www.veltec.eu\\\/wp-content\\\/uploads\\\/2024\\\/08\\\/conga-11090-spin-revolution-homewash_zjb9ul_1.png\",\"datePublished\":\"2024-08-08T14:06:17+00:00\",\"dateModified\":\"2025-01-23T14:33:10+00:00\",\"description\":\"Veltec ist seit \u00fcber 25 Jahren ein Lieferant von Kirby Staubsaugern. Und ist Ihr vertrauensw\u00fcrdiger Kirby-Service-Spezialist. F\u00fcr Reparaturen.\",\"breadcrumb\":{\"@id\":\"https:\\\/\\\/www.veltec.eu\\\/de\\\/product\\\/conga-11090-spin-revolution\\\/#breadcrumb\"},\"inLanguage\":\"de\",\"potentialAction\":[{\"@type\":\"ReadAction\",\"target\":[\"https:\\\/\\\/www.veltec.eu\\\/de\\\/product\\\/conga-11090-spin-revolution\\\/\"]}]},{\"@type\":\"ImageObject\",\"inLanguage\":\"de\",\"@id\":\"https:\\\/\\\/www.veltec.eu\\\/de\\\/product\\\/conga-11090-spin-revolution\\\/#primaryimage\",\"url\":\"https:\\\/\\\/www.veltec.eu\\\/wp-content\\\/uploads\\\/2024\\\/08\\\/conga-11090-spin-revolution-homewash_zjb9ul_1.png\",\"contentUrl\":\"https:\\\/\\\/www.veltec.eu\\\/wp-content\\\/uploads\\\/2024\\\/08\\\/conga-11090-spin-revolution-homewash_zjb9ul_1.png\",\"width\":640,\"height\":640},{\"@type\":\"BreadcrumbList\",\"@id\":\"https:\\\/\\\/www.veltec.eu\\\/de\\\/product\\\/conga-11090-spin-revolution\\\/#breadcrumb\",\"itemListElement\":[{\"@type\":\"ListItem\",\"position\":1,\"name\":\"Home\",\"item\":\"https:\\\/\\\/www.veltec.eu\\\/de\\\/startseite\\\/\"},{\"@type\":\"ListItem\",\"position\":2,\"name\":\"Kirby Laden\",\"item\":\"https:\\\/\\\/www.veltec.eu\\\/de\\\/kirby-laden\\\/\"},{\"@type\":\"ListItem\",\"position\":3,\"name\":\"Conga 11090 Spin Revolution\"}]},{\"@type\":\"WebSite\",\"@id\":\"https:\\\/\\\/www.veltec.eu\\\/en\\\/#website\",\"url\":\"https:\\\/\\\/www.veltec.eu\\\/en\\\/\",\"name\":\"Veltec Kirby specialist\",\"description\":\"Kirby stofzuiger producten\",\"publisher\":{\"@id\":\"https:\\\/\\\/www.veltec.eu\\\/en\\\/#organization\"},\"potentialAction\":[{\"@type\":\"SearchAction\",\"target\":{\"@type\":\"EntryPoint\",\"urlTemplate\":\"https:\\\/\\\/www.veltec.eu\\\/en\\\/?s={search_term_string}\"},\"query-input\":{\"@type\":\"PropertyValueSpecification\",\"valueRequired\":true,\"valueName\":\"search_term_string\"}}],\"inLanguage\":\"de\"},{\"@type\":\"Organization\",\"@id\":\"https:\\\/\\\/www.veltec.eu\\\/en\\\/#organization\",\"name\":\"Veltec Kirby Specialist\",\"url\":\"https:\\\/\\\/www.veltec.eu\\\/en\\\/\",\"logo\":{\"@type\":\"ImageObject\",\"inLanguage\":\"de\",\"@id\":\"https:\\\/\\\/www.veltec.eu\\\/en\\\/#\\\/schema\\\/logo\\\/image\\\/\",\"url\":\"https:\\\/\\\/www.veltec.eu\\\/wp-content\\\/uploads\\\/2021\\\/12\\\/Veltec-log-groot-e1537260889125.png\",\"contentUrl\":\"https:\\\/\\\/www.veltec.eu\\\/wp-content\\\/uploads\\\/2021\\\/12\\\/Veltec-log-groot-e1537260889125.png\",\"width\":200,\"height\":60,\"caption\":\"Veltec Kirby Specialist\"},\"image\":{\"@id\":\"https:\\\/\\\/www.veltec.eu\\\/en\\\/#\\\/schema\\\/logo\\\/image\\\/\"},\"sameAs\":[\"https:\\\/\\\/www.facebook.com\\\/Veltec-Kirby-Specialist-236746293374877\\\/\",\"https:\\\/\\\/www.youtube.com\\\/user\\\/VeltecService\"]}]}<\/script>\n<!-- \/ Yoast SEO Premium plugin. -->","yoast_head_json":{"title":"Conga 11090 Spin Revolution - Veltec Kirby specialist","description":"Veltec ist seit \u00fcber 25 Jahren ein Lieferant von Kirby Staubsaugern. Und ist Ihr vertrauensw\u00fcrdiger Kirby-Service-Spezialist. F\u00fcr Reparaturen.","robots":{"index":"index","follow":"follow","max-snippet":"max-snippet:-1","max-image-preview":"max-image-preview:large","max-video-preview":"max-video-preview:-1"},"canonical":"https:\/\/www.veltec.eu\/de\/product\/conga-11090-spin-revolution\/","og_locale":"de_DE","og_type":"article","og_title":"Conga 11090 Spin Revolution","og_description":"Conga 11090 Spin Revolution mit selbstentleerendem Boden und selbstreinigendem und mop-trocknendem Boden. Ultraschall-Lasernavigation. Absaugmotor 5000 Pa. Entkalkendes Schrubben mit ultra-absorbierenden rotierenden Mopps. Multifunktionsb\u00fcrste. Seitenb\u00fcrste. CECOTEC 3.0 App und virtuelle Assistenten.  &nbsp;   Vorr\u00e4tig         Die Lieferzeit betr\u00e4gt zwischen 5 und 10 Arbeitstagen.        2 Jahre Garantie  &nbsp;","og_url":"https:\/\/www.veltec.eu\/de\/product\/conga-11090-spin-revolution\/","og_site_name":"Veltec Kirby specialist","article_publisher":"https:\/\/www.facebook.com\/Veltec-Kirby-Specialist-236746293374877\/","article_modified_time":"2025-01-23T14:33:10+00:00","og_image":[{"width":640,"height":640,"url":"https:\/\/www.veltec.eu\/wp-content\/uploads\/2024\/08\/conga-11090-spin-revolution-homewash_zjb9ul_1.png","type":"image\/png"}],"twitter_card":"summary_large_image","twitter_misc":{"Gesch\u00e4tzte Lesezeit":"2\u00a0Minuten"},"schema":{"@context":"https:\/\/schema.org","@graph":[{"@type":"WebPage","@id":"https:\/\/www.veltec.eu\/de\/product\/conga-11090-spin-revolution\/","url":"https:\/\/www.veltec.eu\/de\/product\/conga-11090-spin-revolution\/","name":"Conga 11090 Spin Revolution - Veltec Kirby specialist","isPartOf":{"@id":"https:\/\/www.veltec.eu\/en\/#website"},"primaryImageOfPage":{"@id":"https:\/\/www.veltec.eu\/de\/product\/conga-11090-spin-revolution\/#primaryimage"},"image":{"@id":"https:\/\/www.veltec.eu\/de\/product\/conga-11090-spin-revolution\/#primaryimage"},"thumbnailUrl":"https:\/\/www.veltec.eu\/wp-content\/uploads\/2024\/08\/conga-11090-spin-revolution-homewash_zjb9ul_1.png","datePublished":"2024-08-08T14:06:17+00:00","dateModified":"2025-01-23T14:33:10+00:00","description":"Veltec ist seit \u00fcber 25 Jahren ein Lieferant von Kirby Staubsaugern. Und ist Ihr vertrauensw\u00fcrdiger Kirby-Service-Spezialist. F\u00fcr Reparaturen.","breadcrumb":{"@id":"https:\/\/www.veltec.eu\/de\/product\/conga-11090-spin-revolution\/#breadcrumb"},"inLanguage":"de","potentialAction":[{"@type":"ReadAction","target":["https:\/\/www.veltec.eu\/de\/product\/conga-11090-spin-revolution\/"]}]},{"@type":"ImageObject","inLanguage":"de","@id":"https:\/\/www.veltec.eu\/de\/product\/conga-11090-spin-revolution\/#primaryimage","url":"https:\/\/www.veltec.eu\/wp-content\/uploads\/2024\/08\/conga-11090-spin-revolution-homewash_zjb9ul_1.png","contentUrl":"https:\/\/www.veltec.eu\/wp-content\/uploads\/2024\/08\/conga-11090-spin-revolution-homewash_zjb9ul_1.png","width":640,"height":640},{"@type":"BreadcrumbList","@id":"https:\/\/www.veltec.eu\/de\/product\/conga-11090-spin-revolution\/#breadcrumb","itemListElement":[{"@type":"ListItem","position":1,"name":"Home","item":"https:\/\/www.veltec.eu\/de\/startseite\/"},{"@type":"ListItem","position":2,"name":"Kirby Laden","item":"https:\/\/www.veltec.eu\/de\/kirby-laden\/"},{"@type":"ListItem","position":3,"name":"Conga 11090 Spin Revolution"}]},{"@type":"WebSite","@id":"https:\/\/www.veltec.eu\/en\/#website","url":"https:\/\/www.veltec.eu\/en\/","name":"Veltec Kirby specialist","description":"Kirby stofzuiger producten","publisher":{"@id":"https:\/\/www.veltec.eu\/en\/#organization"},"potentialAction":[{"@type":"SearchAction","target":{"@type":"EntryPoint","urlTemplate":"https:\/\/www.veltec.eu\/en\/?s={search_term_string}"},"query-input":{"@type":"PropertyValueSpecification","valueRequired":true,"valueName":"search_term_string"}}],"inLanguage":"de"},{"@type":"Organization","@id":"https:\/\/www.veltec.eu\/en\/#organization","name":"Veltec Kirby Specialist","url":"https:\/\/www.veltec.eu\/en\/","logo":{"@type":"ImageObject","inLanguage":"de","@id":"https:\/\/www.veltec.eu\/en\/#\/schema\/logo\/image\/","url":"https:\/\/www.veltec.eu\/wp-content\/uploads\/2021\/12\/Veltec-log-groot-e1537260889125.png","contentUrl":"https:\/\/www.veltec.eu\/wp-content\/uploads\/2021\/12\/Veltec-log-groot-e1537260889125.png","width":200,"height":60,"caption":"Veltec Kirby Specialist"},"image":{"@id":"https:\/\/www.veltec.eu\/en\/#\/schema\/logo\/image\/"},"sameAs":["https:\/\/www.facebook.com\/Veltec-Kirby-Specialist-236746293374877\/","https:\/\/www.youtube.com\/user\/VeltecService"]}]}},"_links":{"self":[{"href":"https:\/\/www.veltec.eu\/de\/wp-json\/wp\/v2\/product\/64309","targetHints":{"allow":["GET"]}}],"collection":[{"href":"https:\/\/www.veltec.eu\/de\/wp-json\/wp\/v2\/product"}],"about":[{"href":"https:\/\/www.veltec.eu\/de\/wp-json\/wp\/v2\/types\/product"}],"replies":[{"embeddable":true,"href":"https:\/\/www.veltec.eu\/de\/wp-json\/wp\/v2\/comments?post=64309"}],"wp:featuredmedia":[{"embeddable":true,"href":"https:\/\/www.veltec.eu\/de\/wp-json\/wp\/v2\/media\/64228"}],"wp:attachment":[{"href":"https:\/\/www.veltec.eu\/de\/wp-json\/wp\/v2\/media?parent=64309"}],"wp:term":[{"taxonomy":"product_brand","embeddable":true,"href":"https:\/\/www.veltec.eu\/de\/wp-json\/wp\/v2\/product_brand?post=64309"},{"taxonomy":"product_cat","embeddable":true,"href":"https:\/\/www.veltec.eu\/de\/wp-json\/wp\/v2\/product_cat?post=64309"},{"taxonomy":"product_tag","embeddable":true,"href":"https:\/\/www.veltec.eu\/de\/wp-json\/wp\/v2\/product_tag?post=64309"}],"curies":[{"name":"wp","href":"https:\/\/api.w.org\/{rel}","templated":true}]}}