{"id":64211,"date":"2024-08-08T13:58:15","date_gmt":"2024-08-08T11:58:15","guid":{"rendered":"https:\/\/www.veltec.eu\/product\/conga-7490-ultimate\/"},"modified":"2025-02-27T14:58:16","modified_gmt":"2025-02-27T12:58:16","slug":"staubsaugerroboter-7490-ultimate","status":"publish","type":"product","link":"https:\/\/www.veltec.eu\/de\/product\/staubsaugerroboter-7490-ultimate\/","title":{"rendered":"Staubsaugerroboter 7490 Ultimate"},"content":{"rendered":"<h1>Staubsaugerroboter 7490 Ultimate<\/h1>\n<p>Staubsaugerroboter 7490 Ultimate mit Lasernavigation und selbstentleerendem Boden.<\/p>\n<p><a href=\"\/nl?product_cat=staubsaugerroboter\">Hier finden Sie alle Roboterstaubsauger<\/a><\/p>\n<h2>Staubsaugerroboter 7490 Ultimate &#8211; Leistungsstarke und intelligente Reinigungsl\u00f6sung<\/h2>\n<p>Mit dem Staubsaugerroboter 7490 Ultimate genie\u00dfen Sie ein effizientes und m\u00fcheloses Reinigungserlebnis. Dank der fortschrittlichen Lasernavigation und der selbstentleerenden Basis h\u00e4lt dieser intelligente Staubsauger Ihr Zuhause makellos sauber, ohne dass Sie sich darum k\u00fcmmern m\u00fcssen. Entdecken Sie die innovativen Funktionen und Vorteile dieses leistungsstarken Staubsaugerroboters.<\/p>\n<h3>Fortschrittliche Lasernavigation f\u00fcr effiziente Reinigung<\/h3>\n<p>Der Staubsaugerroboter 7490 Ultimate ist mit einer intelligenten Lasernavigation ausgestattet, die es ihm erm\u00f6glicht, Ihr Zuhause zu kartieren und sich pr\u00e4zise durch die verschiedenen R\u00e4ume zu bewegen. Dadurch wird eine schnelle und gr\u00fcndliche Reinigung gew\u00e4hrleistet, ohne Zeit mit unn\u00f6tigen Wiederholungen oder Kollisionen zu verschwenden. Sie k\u00f6nnen ganz einfach einstellen, welche R\u00e4ume in welcher Reihenfolge gereinigt werden sollen, damit Sie immer das bestm\u00f6gliche Reinigungsergebnis erzielen.<\/p>\n<h3>Mit dem Staubsaugerroboter 7490 Ultimate vergessen Sie den Staub dank der selbstentleerenden Basis<\/h3>\n<p>Wenn der Staubsauger mit der Reinigung fertig ist, kehrt er automatisch in seine selbstentleerende Basis zur\u00fcck. Dort entleert er sich in einen hygienischen Staubbeutel mit 2 Litern Fassungsverm\u00f6gen, so dass Sie sich wochenlang nicht um das Entleeren des Staubbeh\u00e4lters k\u00fcmmern m\u00fcssen. Dies bietet zus\u00e4tzlichen Komfort und verhindert, dass Staub und Allergene wieder in die Luft gelangen.<\/p>\n<h3>Starke Saugleistung f\u00fcr gr\u00fcndliche Reinigung<\/h3>\n<p>Mit einer beeindruckenden Saugleistung von 4000 Pa entfernt dieser Staubsaugerroboter m\u00fchelos selbst den hartn\u00e4ckigsten Schmutz und Staub. Von feinen Staubpartikeln bis hin zu Tierhaaren und Kr\u00fcmeln sorgt der 7490 Ultimate daf\u00fcr, dass jede Oberfl\u00e4che in Ihrem Zuhause gr\u00fcndlich gereinigt wird. Dank seiner Multifunktionsb\u00fcrste werden sowohl Teppiche als auch Hartb\u00f6den optimal gereinigt.<\/p>\n<h3>Staubsaugerroboter 7490 Ultimate mit langer Akkulaufzeit und intelligenter Ladefunktion<\/h3>\n<p>Der leistungsstarke 2600-mAh-Akku bietet eine Autonomie von bis zu 120 Minuten, so dass Sie ganze R\u00e4ume in einem Zug reinigen k\u00f6nnen. Sollte der Akku leer sein, bevor die Reinigung abgeschlossen ist, kehrt der Roboter automatisch in die Ladestation zur\u00fcck. Dank der Total Surface Technologie setzt er genau dort an, wo er nach dem Aufladen aufgeh\u00f6rt hat, so dass keine Stelle \u00fcbersprungen wird.<\/p>\n<h3>Intelligenter Reinigungsplan und 4-in-1-Funktion<\/h3>\n<p>Mit der Raumplan-Funktion k\u00f6nnen Sie \u00fcber die mobile App einen Reinigungsplan f\u00fcr jeden Raum festlegen. Dar\u00fcber hinaus bietet der Staubsaugerroboter 7490 Ultimate eine komplette 4-in-1-Reinigung: Er saugt, fegt, wischt und schrubbt. Das bedeutet, dass Ihre B\u00f6den nicht nur staubfrei sind, sondern auch perfekt sauber und frisch bleiben.<\/p>\n<h3>10 Reinigungsmodi f\u00fcr jeden Bedarf<\/h3>\n<p>Dank der 10 verschiedenen Reinigungsmodi passt sich der 7490 Ultimate an Ihre spezifischen Reinigungsbed\u00fcrfnisse an. Von einer schnellen Oberfl\u00e4chenreinigung bis hin zu einem gr\u00fcndlichen Schrubbmodus f\u00fcr hartn\u00e4ckigen Schmutz &#8211; dieser Roboter ist f\u00fcr alles zu haben. Dar\u00fcber hinaus erkennt die Bag-Detect-Technologie automatisch, ob der Hygienebeutel richtig in der selbstentleerenden Basis platziert ist, sodass Sie stets einen problemlosen Betrieb genie\u00dfen k\u00f6nnen.<\/p>\n<h3>Benutzerfreundliche Steuerung per App und Sprachassistent<\/h3>\n<p>Steuern Sie Ihren Staubsauger ganz einfach \u00fcber die mobile App, in der Sie Reinigungszeitpl\u00e4ne festlegen, bestimmte R\u00e4ume ausw\u00e4hlen und den Fortschritt in Echtzeit \u00fcberwachen k\u00f6nnen. Dar\u00fcber hinaus ist der Staubsaugerroboter 7490 Ultimate mit virtuellen Assistenten wie Google Assistant und Alexa kompatibel, so dass Sie ihn auch mit Sprachbefehlen steuern k\u00f6nnen.<\/p>\n<h3>Fazit: Der ideale Staubsauger f\u00fcr m\u00fchelose Reinigung<\/h3>\n<p>Mit seiner starken Saugleistung, der intelligenten Navigation und der praktischen Selbstentleerungsfunktion ist der Staubsaugerroboter 7490 Ultimate die perfekte Wahl f\u00fcr alle, die ihr Haus m\u00fchelos reinigen m\u00f6chten. Sparen Sie Zeit, genie\u00dfen Sie ein hygienisches Zuhause und lassen Sie diesen intelligenten Roboter die ganze Arbeit f\u00fcr Sie erledigen!<\/p>\n<h4>Zusammensetzung<\/h4>\n<ul>\n<li>1 Bodentuch<\/li>\n<li>1 Seitenb\u00fcrste<\/li>\n<li>Selbstreinigende Basis<\/li>\n<li>Hygienesack mit 2 Litern Inhalt<\/li>\n<li>Selbstreinigende B\u00fcrste<\/li>\n<li>Mehrzweck-B\u00fcrste<\/li>\n<li>Gemischte Ablagerung<\/li>\n<li>Hochwirksamer Filter<\/li>\n<li>Manuell<\/li>\n<li>Saugroboter<\/li>\n<\/ul>\n","protected":false},"excerpt":{"rendered":"<p>Staubsaugerroboter 7490 Ultimate mit Lasernavigation und selbstentleerendem Boden. 4-in-1-Reinigung: Schrubben, Saugen, Wischen und Kehren. 4000 Pa Saugleistung. 120 Minuten Unabh\u00e4ngigkeit. Multifunktionale Zentralb\u00fcrste, Schrubber und 1 Seitenb\u00fcrste. 3 Saug- und Schrubbstufen. APP-Steuerung und virtuelle Assistenten. Automatische Erkennung des Beutels. Fassungsverm\u00f6gen von 2 Litern.<\/p>\n<p>&nbsp;<\/p>\n<div>\n<h3><span style=\"color: #008000;\">Vorr\u00e4tig<\/span><\/h3>\n[av_font_icon icon='ue812' font='entypo-fontello' style='' caption='' size='25px' position='left' color='#43ad66' link='' linktarget='' title_attr='' sonar_effect_effect='' sonar_effect_color='' sonar_effect_duration='1' sonar_effect_scale='' sonar_effect_opac='0.5' animation='' id='' custom_class='' template_class='' av_uid='' sc_version='1.0' admin_preview_bg=''][\/av_font_icon]\n<p><span style=\"color: #008000;\">Die Lieferzeit betr\u00e4gt zwischen 5 und 10 Arbeitstagen.<\/span><\/p>\n[av_font_icon icon='ue812' font='entypo-fontello' style='' caption='' size='25px' position='left' color='#43ad66' link='' linktarget='' title_attr='' sonar_effect_effect='' sonar_effect_color='' sonar_effect_duration='1' sonar_effect_scale='' sonar_effect_opac='0.5' animation='' id='' custom_class='' template_class='' av_uid='' sc_version='1.0' admin_preview_bg=''][\/av_font_icon]\n<p><span style=\"color: #008000;\">2 Jahre Garantie<\/span><\/p>\n<p>&nbsp;<\/p>\n<\/div>\n","protected":false},"featured_media":64131,"comment_status":"open","ping_status":"closed","template":"","meta":{"_acf_changed":false},"product_brand":[],"product_cat":[26],"product_tag":[],"class_list":{"0":"post-64211","1":"product","2":"type-product","3":"status-publish","4":"has-post-thumbnail","6":"product_cat-overige-producten","8":"first","9":"outofstock","10":"taxable","11":"shipping-taxable","12":"purchasable","13":"product-type-simple"},"acf":[],"yoast_head":"<!-- This site is optimized with the Yoast SEO Premium plugin v27.1 (Yoast SEO v27.4) - https:\/\/yoast.com\/product\/yoast-seo-premium-wordpress\/ -->\n<title>Staubsaugerroboter 7490 Ultimate - Veltec Kirby specialist<\/title>\n<meta name=\"description\" content=\"Staubsaugerroboter 7490 Ultimate - Veltec ist seit \u00fcber 25 Jahren ein Lieferant von Kirby Staubsaugern. Und ist Ihr Kirby-Service-Spezialist\" \/>\n<meta name=\"robots\" content=\"index, follow, max-snippet:-1, max-image-preview:large, max-video-preview:-1\" \/>\n<link rel=\"canonical\" href=\"https:\/\/www.veltec.eu\/de\/product\/staubsaugerroboter-7490-ultimate\/\" \/>\n<meta property=\"og:locale\" content=\"de_DE\" \/>\n<meta property=\"og:type\" content=\"article\" \/>\n<meta property=\"og:title\" content=\"Staubsaugerroboter 7490 Ultimate\" \/>\n<meta property=\"og:description\" content=\"Staubsaugerroboter 7490 Ultimate mit Lasernavigation und selbstentleerendem Boden. 4-in-1-Reinigung: Schrubben, Saugen, Wischen und Kehren. 4000 Pa Saugleistung. 120 Minuten Unabh\u00e4ngigkeit. Multifunktionale Zentralb\u00fcrste, Schrubber und 1 Seitenb\u00fcrste. 3 Saug- und Schrubbstufen. APP-Steuerung und virtuelle Assistenten. Automatische Erkennung des Beutels. Fassungsverm\u00f6gen von 2 Litern.  &nbsp;  Vorr\u00e4tig   Die Lieferzeit betr\u00e4gt zwischen 5 und 10 Arbeitstagen.    2 Jahre Garantie  &nbsp;\" \/>\n<meta property=\"og:url\" content=\"https:\/\/www.veltec.eu\/de\/product\/staubsaugerroboter-7490-ultimate\/\" \/>\n<meta property=\"og:site_name\" content=\"Veltec Kirby specialist\" \/>\n<meta property=\"article:publisher\" content=\"https:\/\/www.facebook.com\/Veltec-Kirby-Specialist-236746293374877\/\" \/>\n<meta property=\"article:modified_time\" content=\"2025-02-27T12:58:16+00:00\" \/>\n<meta property=\"og:image\" content=\"https:\/\/www.veltec.eu\/wp-content\/uploads\/2024\/08\/conga-7490-ultimate-home-genesis_vfn1bi_1.png\" \/>\n\t<meta property=\"og:image:width\" content=\"640\" \/>\n\t<meta property=\"og:image:height\" content=\"640\" \/>\n\t<meta property=\"og:image:type\" content=\"image\/png\" \/>\n<meta name=\"twitter:card\" content=\"summary_large_image\" \/>\n<meta name=\"twitter:label1\" content=\"Gesch\u00e4tzte Lesezeit\" \/>\n\t<meta name=\"twitter:data1\" content=\"3\u00a0Minuten\" \/>\n<script type=\"application\/ld+json\" class=\"yoast-schema-graph\">{\"@context\":\"https:\\\/\\\/schema.org\",\"@graph\":[{\"@type\":\"WebPage\",\"@id\":\"https:\\\/\\\/www.veltec.eu\\\/de\\\/product\\\/staubsaugerroboter-7490-ultimate\\\/\",\"url\":\"https:\\\/\\\/www.veltec.eu\\\/de\\\/product\\\/staubsaugerroboter-7490-ultimate\\\/\",\"name\":\"Staubsaugerroboter 7490 Ultimate - Veltec Kirby specialist\",\"isPartOf\":{\"@id\":\"https:\\\/\\\/www.veltec.eu\\\/en\\\/#website\"},\"primaryImageOfPage\":{\"@id\":\"https:\\\/\\\/www.veltec.eu\\\/de\\\/product\\\/staubsaugerroboter-7490-ultimate\\\/#primaryimage\"},\"image\":{\"@id\":\"https:\\\/\\\/www.veltec.eu\\\/de\\\/product\\\/staubsaugerroboter-7490-ultimate\\\/#primaryimage\"},\"thumbnailUrl\":\"https:\\\/\\\/www.veltec.eu\\\/wp-content\\\/uploads\\\/2024\\\/08\\\/conga-7490-ultimate-home-genesis_vfn1bi_1.png\",\"datePublished\":\"2024-08-08T11:58:15+00:00\",\"dateModified\":\"2025-02-27T12:58:16+00:00\",\"description\":\"Staubsaugerroboter 7490 Ultimate - Veltec ist seit \u00fcber 25 Jahren ein Lieferant von Kirby Staubsaugern. Und ist Ihr Kirby-Service-Spezialist\",\"breadcrumb\":{\"@id\":\"https:\\\/\\\/www.veltec.eu\\\/de\\\/product\\\/staubsaugerroboter-7490-ultimate\\\/#breadcrumb\"},\"inLanguage\":\"de\",\"potentialAction\":[{\"@type\":\"ReadAction\",\"target\":[\"https:\\\/\\\/www.veltec.eu\\\/de\\\/product\\\/staubsaugerroboter-7490-ultimate\\\/\"]}]},{\"@type\":\"ImageObject\",\"inLanguage\":\"de\",\"@id\":\"https:\\\/\\\/www.veltec.eu\\\/de\\\/product\\\/staubsaugerroboter-7490-ultimate\\\/#primaryimage\",\"url\":\"https:\\\/\\\/www.veltec.eu\\\/wp-content\\\/uploads\\\/2024\\\/08\\\/conga-7490-ultimate-home-genesis_vfn1bi_1.png\",\"contentUrl\":\"https:\\\/\\\/www.veltec.eu\\\/wp-content\\\/uploads\\\/2024\\\/08\\\/conga-7490-ultimate-home-genesis_vfn1bi_1.png\",\"width\":640,\"height\":640},{\"@type\":\"BreadcrumbList\",\"@id\":\"https:\\\/\\\/www.veltec.eu\\\/de\\\/product\\\/staubsaugerroboter-7490-ultimate\\\/#breadcrumb\",\"itemListElement\":[{\"@type\":\"ListItem\",\"position\":1,\"name\":\"Home\",\"item\":\"https:\\\/\\\/www.veltec.eu\\\/de\\\/startseite\\\/\"},{\"@type\":\"ListItem\",\"position\":2,\"name\":\"Kirby Laden\",\"item\":\"https:\\\/\\\/www.veltec.eu\\\/de\\\/kirby-laden\\\/\"},{\"@type\":\"ListItem\",\"position\":3,\"name\":\"Staubsaugerroboter 7490 Ultimate\"}]},{\"@type\":\"WebSite\",\"@id\":\"https:\\\/\\\/www.veltec.eu\\\/en\\\/#website\",\"url\":\"https:\\\/\\\/www.veltec.eu\\\/en\\\/\",\"name\":\"Veltec Kirby specialist\",\"description\":\"Kirby stofzuiger producten\",\"publisher\":{\"@id\":\"https:\\\/\\\/www.veltec.eu\\\/en\\\/#organization\"},\"potentialAction\":[{\"@type\":\"SearchAction\",\"target\":{\"@type\":\"EntryPoint\",\"urlTemplate\":\"https:\\\/\\\/www.veltec.eu\\\/en\\\/?s={search_term_string}\"},\"query-input\":{\"@type\":\"PropertyValueSpecification\",\"valueRequired\":true,\"valueName\":\"search_term_string\"}}],\"inLanguage\":\"de\"},{\"@type\":\"Organization\",\"@id\":\"https:\\\/\\\/www.veltec.eu\\\/en\\\/#organization\",\"name\":\"Veltec Kirby Specialist\",\"url\":\"https:\\\/\\\/www.veltec.eu\\\/en\\\/\",\"logo\":{\"@type\":\"ImageObject\",\"inLanguage\":\"de\",\"@id\":\"https:\\\/\\\/www.veltec.eu\\\/en\\\/#\\\/schema\\\/logo\\\/image\\\/\",\"url\":\"https:\\\/\\\/www.veltec.eu\\\/wp-content\\\/uploads\\\/2021\\\/12\\\/Veltec-log-groot-e1537260889125.png\",\"contentUrl\":\"https:\\\/\\\/www.veltec.eu\\\/wp-content\\\/uploads\\\/2021\\\/12\\\/Veltec-log-groot-e1537260889125.png\",\"width\":200,\"height\":60,\"caption\":\"Veltec Kirby Specialist\"},\"image\":{\"@id\":\"https:\\\/\\\/www.veltec.eu\\\/en\\\/#\\\/schema\\\/logo\\\/image\\\/\"},\"sameAs\":[\"https:\\\/\\\/www.facebook.com\\\/Veltec-Kirby-Specialist-236746293374877\\\/\",\"https:\\\/\\\/www.youtube.com\\\/user\\\/VeltecService\"]}]}<\/script>\n<!-- \/ Yoast SEO Premium plugin. -->","yoast_head_json":{"title":"Staubsaugerroboter 7490 Ultimate - Veltec Kirby specialist","description":"Staubsaugerroboter 7490 Ultimate - Veltec ist seit \u00fcber 25 Jahren ein Lieferant von Kirby Staubsaugern. Und ist Ihr Kirby-Service-Spezialist","robots":{"index":"index","follow":"follow","max-snippet":"max-snippet:-1","max-image-preview":"max-image-preview:large","max-video-preview":"max-video-preview:-1"},"canonical":"https:\/\/www.veltec.eu\/de\/product\/staubsaugerroboter-7490-ultimate\/","og_locale":"de_DE","og_type":"article","og_title":"Staubsaugerroboter 7490 Ultimate","og_description":"Staubsaugerroboter 7490 Ultimate mit Lasernavigation und selbstentleerendem Boden. 4-in-1-Reinigung: Schrubben, Saugen, Wischen und Kehren. 4000 Pa Saugleistung. 120 Minuten Unabh\u00e4ngigkeit. Multifunktionale Zentralb\u00fcrste, Schrubber und 1 Seitenb\u00fcrste. 3 Saug- und Schrubbstufen. APP-Steuerung und virtuelle Assistenten. Automatische Erkennung des Beutels. Fassungsverm\u00f6gen von 2 Litern.  &nbsp;  Vorr\u00e4tig   Die Lieferzeit betr\u00e4gt zwischen 5 und 10 Arbeitstagen.    2 Jahre Garantie  &nbsp;","og_url":"https:\/\/www.veltec.eu\/de\/product\/staubsaugerroboter-7490-ultimate\/","og_site_name":"Veltec Kirby specialist","article_publisher":"https:\/\/www.facebook.com\/Veltec-Kirby-Specialist-236746293374877\/","article_modified_time":"2025-02-27T12:58:16+00:00","og_image":[{"width":640,"height":640,"url":"https:\/\/www.veltec.eu\/wp-content\/uploads\/2024\/08\/conga-7490-ultimate-home-genesis_vfn1bi_1.png","type":"image\/png"}],"twitter_card":"summary_large_image","twitter_misc":{"Gesch\u00e4tzte Lesezeit":"3\u00a0Minuten"},"schema":{"@context":"https:\/\/schema.org","@graph":[{"@type":"WebPage","@id":"https:\/\/www.veltec.eu\/de\/product\/staubsaugerroboter-7490-ultimate\/","url":"https:\/\/www.veltec.eu\/de\/product\/staubsaugerroboter-7490-ultimate\/","name":"Staubsaugerroboter 7490 Ultimate - Veltec Kirby specialist","isPartOf":{"@id":"https:\/\/www.veltec.eu\/en\/#website"},"primaryImageOfPage":{"@id":"https:\/\/www.veltec.eu\/de\/product\/staubsaugerroboter-7490-ultimate\/#primaryimage"},"image":{"@id":"https:\/\/www.veltec.eu\/de\/product\/staubsaugerroboter-7490-ultimate\/#primaryimage"},"thumbnailUrl":"https:\/\/www.veltec.eu\/wp-content\/uploads\/2024\/08\/conga-7490-ultimate-home-genesis_vfn1bi_1.png","datePublished":"2024-08-08T11:58:15+00:00","dateModified":"2025-02-27T12:58:16+00:00","description":"Staubsaugerroboter 7490 Ultimate - Veltec ist seit \u00fcber 25 Jahren ein Lieferant von Kirby Staubsaugern. Und ist Ihr Kirby-Service-Spezialist","breadcrumb":{"@id":"https:\/\/www.veltec.eu\/de\/product\/staubsaugerroboter-7490-ultimate\/#breadcrumb"},"inLanguage":"de","potentialAction":[{"@type":"ReadAction","target":["https:\/\/www.veltec.eu\/de\/product\/staubsaugerroboter-7490-ultimate\/"]}]},{"@type":"ImageObject","inLanguage":"de","@id":"https:\/\/www.veltec.eu\/de\/product\/staubsaugerroboter-7490-ultimate\/#primaryimage","url":"https:\/\/www.veltec.eu\/wp-content\/uploads\/2024\/08\/conga-7490-ultimate-home-genesis_vfn1bi_1.png","contentUrl":"https:\/\/www.veltec.eu\/wp-content\/uploads\/2024\/08\/conga-7490-ultimate-home-genesis_vfn1bi_1.png","width":640,"height":640},{"@type":"BreadcrumbList","@id":"https:\/\/www.veltec.eu\/de\/product\/staubsaugerroboter-7490-ultimate\/#breadcrumb","itemListElement":[{"@type":"ListItem","position":1,"name":"Home","item":"https:\/\/www.veltec.eu\/de\/startseite\/"},{"@type":"ListItem","position":2,"name":"Kirby Laden","item":"https:\/\/www.veltec.eu\/de\/kirby-laden\/"},{"@type":"ListItem","position":3,"name":"Staubsaugerroboter 7490 Ultimate"}]},{"@type":"WebSite","@id":"https:\/\/www.veltec.eu\/en\/#website","url":"https:\/\/www.veltec.eu\/en\/","name":"Veltec Kirby specialist","description":"Kirby stofzuiger producten","publisher":{"@id":"https:\/\/www.veltec.eu\/en\/#organization"},"potentialAction":[{"@type":"SearchAction","target":{"@type":"EntryPoint","urlTemplate":"https:\/\/www.veltec.eu\/en\/?s={search_term_string}"},"query-input":{"@type":"PropertyValueSpecification","valueRequired":true,"valueName":"search_term_string"}}],"inLanguage":"de"},{"@type":"Organization","@id":"https:\/\/www.veltec.eu\/en\/#organization","name":"Veltec Kirby Specialist","url":"https:\/\/www.veltec.eu\/en\/","logo":{"@type":"ImageObject","inLanguage":"de","@id":"https:\/\/www.veltec.eu\/en\/#\/schema\/logo\/image\/","url":"https:\/\/www.veltec.eu\/wp-content\/uploads\/2021\/12\/Veltec-log-groot-e1537260889125.png","contentUrl":"https:\/\/www.veltec.eu\/wp-content\/uploads\/2021\/12\/Veltec-log-groot-e1537260889125.png","width":200,"height":60,"caption":"Veltec Kirby Specialist"},"image":{"@id":"https:\/\/www.veltec.eu\/en\/#\/schema\/logo\/image\/"},"sameAs":["https:\/\/www.facebook.com\/Veltec-Kirby-Specialist-236746293374877\/","https:\/\/www.youtube.com\/user\/VeltecService"]}]}},"_links":{"self":[{"href":"https:\/\/www.veltec.eu\/de\/wp-json\/wp\/v2\/product\/64211","targetHints":{"allow":["GET"]}}],"collection":[{"href":"https:\/\/www.veltec.eu\/de\/wp-json\/wp\/v2\/product"}],"about":[{"href":"https:\/\/www.veltec.eu\/de\/wp-json\/wp\/v2\/types\/product"}],"replies":[{"embeddable":true,"href":"https:\/\/www.veltec.eu\/de\/wp-json\/wp\/v2\/comments?post=64211"}],"wp:featuredmedia":[{"embeddable":true,"href":"https:\/\/www.veltec.eu\/de\/wp-json\/wp\/v2\/media\/64131"}],"wp:attachment":[{"href":"https:\/\/www.veltec.eu\/de\/wp-json\/wp\/v2\/media?parent=64211"}],"wp:term":[{"taxonomy":"product_brand","embeddable":true,"href":"https:\/\/www.veltec.eu\/de\/wp-json\/wp\/v2\/product_brand?post=64211"},{"taxonomy":"product_cat","embeddable":true,"href":"https:\/\/www.veltec.eu\/de\/wp-json\/wp\/v2\/product_cat?post=64211"},{"taxonomy":"product_tag","embeddable":true,"href":"https:\/\/www.veltec.eu\/de\/wp-json\/wp\/v2\/product_tag?post=64211"}],"curies":[{"name":"wp","href":"https:\/\/api.w.org\/{rel}","templated":true}]}}