{"id":63657,"date":"2024-08-05T14:39:45","date_gmt":"2024-08-05T12:39:45","guid":{"rendered":"https:\/\/www.veltec.eu\/product\/rockstar-compact\/"},"modified":"2025-01-22T17:27:45","modified_gmt":"2025-01-22T15:27:45","slug":"rockstar-compact","status":"publish","type":"product","link":"https:\/\/www.veltec.eu\/de\/product\/rockstar-compact\/","title":{"rendered":"Rockstar Compact"},"content":{"rendered":"<h5><strong>Rockstar Compact<\/strong><\/h5>\n<div id=\"technical-details\" class=\"css-0 egxb0x40\">\n<div class=\"css-1vrowg6\">\n<div id=\"description\" class=\"e1pizqy33 css-1gvl2s3\">\n<div class=\"css-1aprn8v e1pizqy32\">\n<ul>\n<li>Ultraleichter und kompakter Staubsauger f\u00fcr feste und fl\u00fcssige Stoffe mit einem Kunststoffgeh\u00e4use, das eine bessere Man\u00f6vrierbarkeit erm\u00f6glicht, um alle Bereiche m\u00fchelos zu s\u00e4ubern.<\/li>\n<li>Er enth\u00e4lt zwei Filter, so dass er sowohl f\u00fcr feste als auch f\u00fcr fl\u00fcssige Stoffe verwendet werden kann, was eine l\u00e4ngere Lebensdauer des Produkts und eine h\u00f6here Effizienz erm\u00f6glicht.<\/li>\n<li>Mit seiner leistungsstarken Blasfunktion k\u00f6nnen Sie m\u00fchelos auch die schwierigsten Stellen reinigen, und mit seinem vielf\u00e4ltigen Zubeh\u00f6r k\u00f6nnen Sie den Schmutz auf die effektivste Weise entfernen.<\/li>\n<li>Dank seines kompakten und ergonomischen Designs ist er leicht zu transportieren.<\/li>\n<li>Der Staubsauger ist mit 4 Gummir\u00e4dern ausgestattet, die ein leichtes Bewegen und Bewegen erm\u00f6glichen, um Ruckeln und schwierige Drehungen zu vermeiden und das Risiko von Kratzern auf dem Boden zu vermeiden. Das 5 m lange Kabel, der flexible Schlauch und die starren Rohre erm\u00f6glichen es, dank eines Aktionsradius von 5 m jede noch so schwierige Ecke zu reinigen.<\/li>\n<li>Das praktische Design des Staubsaugers ist so konzipiert, dass das gesamte Zubeh\u00f6r platzsparend im Staubsaugergeh\u00e4use verstaut werden kann, so dass er einfach zu benutzen, zu transportieren und zu lagern ist.<\/li>\n<\/ul>\n<\/div>\n<\/div>\n<\/div>\n<div class=\"css-1vrowg6\">\n<div><\/div>\n<div id=\"composition\" class=\"e1hv9n5v2 css-ldw7pi\">\n<p><strong><span class=\"e1hv9n5v0 css-hga4sk\">Zusammensetzung<\/span><\/strong><\/p>\n<div class=\"css-1azcdyx e1hv9n5v1\">\n<ul>\n<li>2 in 1 Zubeh\u00f6r<\/li>\n<li>Flexibles Rohr<\/li>\n<li>Eckaufsatz<\/li>\n<li>Bodenb\u00fcrste<\/li>\n<\/ul>\n<p>&nbsp;<\/p>\n<\/div>\n<\/div>\n<\/div>\n<\/div>\n","protected":false},"excerpt":{"rendered":"<p>Rockstar Compact 10 L 1000 W Staubsauger f\u00fcr feste und fl\u00fcssige Stoffe, der dank seines geringen Gewichts und kompakten Formats, der doppelten Saug und Blasfunktion leicht zu transportieren ist.<\/p>\n<p>&nbsp;<\/p>\n<div>\n<div>\n<h3><span lang=\"EN-US\" style=\"color: #008000;\">Vorr\u00e4tig<\/span><\/h3>\n<\/div>\n<div>\n<p><span lang=\"EN-US\">[av_font_icon icon='ue812' font='entypo-fontello' style='' caption='' size='25px' position='left' color='#43ad66' link='' linktarget='' title_attr='' sonar_effect_effect='' sonar_effect_color='' sonar_effect_duration='1' sonar_effect_scale='' sonar_effect_opac='0.5' animation='' id='' custom_class='' template_class='' av_uid='' sc_version='1.0' admin_preview_bg=''][\/av_font_icon]<\/span><\/p>\n<\/div>\n<div>\n<p><span style=\"color: #008000;\">Die Lieferzeit betr\u00e4gt zwischen 5 und 10 Arbeitstagen.<\/span><\/p>\n<\/div>\n<div>\n<p><span lang=\"EN-US\">[av_font_icon icon='ue812' font='entypo-fontello' style='' caption='' size='25px' position='left' color='#43ad66' link='' linktarget='' title_attr='' sonar_effect_effect='' sonar_effect_color='' sonar_effect_duration='1' sonar_effect_scale='' sonar_effect_opac='0.5' animation='' id='' custom_class='' template_class='' av_uid='' sc_version='1.0' admin_preview_bg=''][\/av_font_icon]<\/span><\/p>\n<\/div>\n<div><span lang=\"EN-US\" style=\"color: #008000;\">2 Jahre Garantie<\/span><\/div>\n<\/div>\n<p>&nbsp;<\/p>\n<div><\/div>\n<div>\n<div><\/div>\n<\/div>\n","protected":false},"featured_media":63625,"comment_status":"open","ping_status":"closed","template":"","meta":{"_acf_changed":false},"product_brand":[],"product_cat":[26],"product_tag":[],"class_list":{"0":"post-63657","1":"product","2":"type-product","3":"status-publish","4":"has-post-thumbnail","6":"product_cat-overige-producten","8":"first","9":"outofstock","10":"taxable","11":"shipping-taxable","12":"purchasable","13":"product-type-simple"},"acf":[],"yoast_head":"<!-- This site is optimized with the Yoast SEO Premium plugin v27.1 (Yoast SEO v27.4) - https:\/\/yoast.com\/product\/yoast-seo-premium-wordpress\/ -->\n<title>Rockstar Compact - Veltec Kirby specialist<\/title>\n<meta name=\"description\" content=\"Veltec ist seit \u00fcber 25 Jahren ein Lieferant von Kirby Staubsaugern. Und ist Ihr vertrauensw\u00fcrdiger Kirby-Service-Spezialist. F\u00fcr Reparaturen.\" \/>\n<meta name=\"robots\" content=\"index, follow, max-snippet:-1, max-image-preview:large, max-video-preview:-1\" \/>\n<link rel=\"canonical\" href=\"https:\/\/www.veltec.eu\/de\/product\/rockstar-compact\/\" \/>\n<meta property=\"og:locale\" content=\"de_DE\" \/>\n<meta property=\"og:type\" content=\"article\" \/>\n<meta property=\"og:title\" content=\"Rockstar Compact\" \/>\n<meta property=\"og:description\" content=\"Rockstar Compact 10 L 1000 W Staubsauger f\u00fcr feste und fl\u00fcssige Stoffe, der dank seines geringen Gewichts und kompakten Formats, der doppelten Saug und Blasfunktion leicht zu transportieren ist.  &nbsp;   Vorr\u00e4tig         Die Lieferzeit betr\u00e4gt zwischen 5 und 10 Arbeitstagen.        2 Jahre Garantie  &nbsp;\" \/>\n<meta property=\"og:url\" content=\"https:\/\/www.veltec.eu\/de\/product\/rockstar-compact\/\" \/>\n<meta property=\"og:site_name\" content=\"Veltec Kirby specialist\" \/>\n<meta property=\"article:publisher\" content=\"https:\/\/www.facebook.com\/Veltec-Kirby-Specialist-236746293374877\/\" \/>\n<meta property=\"article:modified_time\" content=\"2025-01-22T15:27:45+00:00\" \/>\n<meta property=\"og:image\" content=\"https:\/\/www.veltec.eu\/wp-content\/uploads\/2024\/08\/conga-rockstar-wet-dry-compact_661gdq_1.png\" \/>\n\t<meta property=\"og:image:width\" content=\"640\" \/>\n\t<meta property=\"og:image:height\" content=\"639\" \/>\n\t<meta property=\"og:image:type\" content=\"image\/png\" \/>\n<meta name=\"twitter:card\" content=\"summary_large_image\" \/>\n<meta name=\"twitter:label1\" content=\"Gesch\u00e4tzte Lesezeit\" \/>\n\t<meta name=\"twitter:data1\" content=\"1\u00a0Minute\" \/>\n<script type=\"application\/ld+json\" class=\"yoast-schema-graph\">{\"@context\":\"https:\\\/\\\/schema.org\",\"@graph\":[{\"@type\":\"WebPage\",\"@id\":\"https:\\\/\\\/www.veltec.eu\\\/de\\\/product\\\/rockstar-compact\\\/\",\"url\":\"https:\\\/\\\/www.veltec.eu\\\/de\\\/product\\\/rockstar-compact\\\/\",\"name\":\"Rockstar Compact - Veltec Kirby specialist\",\"isPartOf\":{\"@id\":\"https:\\\/\\\/www.veltec.eu\\\/en\\\/#website\"},\"primaryImageOfPage\":{\"@id\":\"https:\\\/\\\/www.veltec.eu\\\/de\\\/product\\\/rockstar-compact\\\/#primaryimage\"},\"image\":{\"@id\":\"https:\\\/\\\/www.veltec.eu\\\/de\\\/product\\\/rockstar-compact\\\/#primaryimage\"},\"thumbnailUrl\":\"https:\\\/\\\/www.veltec.eu\\\/wp-content\\\/uploads\\\/2024\\\/08\\\/conga-rockstar-wet-dry-compact_661gdq_1.png\",\"datePublished\":\"2024-08-05T12:39:45+00:00\",\"dateModified\":\"2025-01-22T15:27:45+00:00\",\"description\":\"Veltec ist seit \u00fcber 25 Jahren ein Lieferant von Kirby Staubsaugern. Und ist Ihr vertrauensw\u00fcrdiger Kirby-Service-Spezialist. F\u00fcr Reparaturen.\",\"breadcrumb\":{\"@id\":\"https:\\\/\\\/www.veltec.eu\\\/de\\\/product\\\/rockstar-compact\\\/#breadcrumb\"},\"inLanguage\":\"de\",\"potentialAction\":[{\"@type\":\"ReadAction\",\"target\":[\"https:\\\/\\\/www.veltec.eu\\\/de\\\/product\\\/rockstar-compact\\\/\"]}]},{\"@type\":\"ImageObject\",\"inLanguage\":\"de\",\"@id\":\"https:\\\/\\\/www.veltec.eu\\\/de\\\/product\\\/rockstar-compact\\\/#primaryimage\",\"url\":\"https:\\\/\\\/www.veltec.eu\\\/wp-content\\\/uploads\\\/2024\\\/08\\\/conga-rockstar-wet-dry-compact_661gdq_1.png\",\"contentUrl\":\"https:\\\/\\\/www.veltec.eu\\\/wp-content\\\/uploads\\\/2024\\\/08\\\/conga-rockstar-wet-dry-compact_661gdq_1.png\",\"width\":640,\"height\":639},{\"@type\":\"BreadcrumbList\",\"@id\":\"https:\\\/\\\/www.veltec.eu\\\/de\\\/product\\\/rockstar-compact\\\/#breadcrumb\",\"itemListElement\":[{\"@type\":\"ListItem\",\"position\":1,\"name\":\"Home\",\"item\":\"https:\\\/\\\/www.veltec.eu\\\/de\\\/startseite\\\/\"},{\"@type\":\"ListItem\",\"position\":2,\"name\":\"Kirby Laden\",\"item\":\"https:\\\/\\\/www.veltec.eu\\\/de\\\/kirby-laden\\\/\"},{\"@type\":\"ListItem\",\"position\":3,\"name\":\"Rockstar Compact\"}]},{\"@type\":\"WebSite\",\"@id\":\"https:\\\/\\\/www.veltec.eu\\\/en\\\/#website\",\"url\":\"https:\\\/\\\/www.veltec.eu\\\/en\\\/\",\"name\":\"Veltec Kirby specialist\",\"description\":\"Kirby stofzuiger producten\",\"publisher\":{\"@id\":\"https:\\\/\\\/www.veltec.eu\\\/en\\\/#organization\"},\"potentialAction\":[{\"@type\":\"SearchAction\",\"target\":{\"@type\":\"EntryPoint\",\"urlTemplate\":\"https:\\\/\\\/www.veltec.eu\\\/en\\\/?s={search_term_string}\"},\"query-input\":{\"@type\":\"PropertyValueSpecification\",\"valueRequired\":true,\"valueName\":\"search_term_string\"}}],\"inLanguage\":\"de\"},{\"@type\":\"Organization\",\"@id\":\"https:\\\/\\\/www.veltec.eu\\\/en\\\/#organization\",\"name\":\"Veltec Kirby Specialist\",\"url\":\"https:\\\/\\\/www.veltec.eu\\\/en\\\/\",\"logo\":{\"@type\":\"ImageObject\",\"inLanguage\":\"de\",\"@id\":\"https:\\\/\\\/www.veltec.eu\\\/en\\\/#\\\/schema\\\/logo\\\/image\\\/\",\"url\":\"https:\\\/\\\/www.veltec.eu\\\/wp-content\\\/uploads\\\/2021\\\/12\\\/Veltec-log-groot-e1537260889125.png\",\"contentUrl\":\"https:\\\/\\\/www.veltec.eu\\\/wp-content\\\/uploads\\\/2021\\\/12\\\/Veltec-log-groot-e1537260889125.png\",\"width\":200,\"height\":60,\"caption\":\"Veltec Kirby Specialist\"},\"image\":{\"@id\":\"https:\\\/\\\/www.veltec.eu\\\/en\\\/#\\\/schema\\\/logo\\\/image\\\/\"},\"sameAs\":[\"https:\\\/\\\/www.facebook.com\\\/Veltec-Kirby-Specialist-236746293374877\\\/\",\"https:\\\/\\\/www.youtube.com\\\/user\\\/VeltecService\"]}]}<\/script>\n<!-- \/ Yoast SEO Premium plugin. -->","yoast_head_json":{"title":"Rockstar Compact - Veltec Kirby specialist","description":"Veltec ist seit \u00fcber 25 Jahren ein Lieferant von Kirby Staubsaugern. Und ist Ihr vertrauensw\u00fcrdiger Kirby-Service-Spezialist. F\u00fcr Reparaturen.","robots":{"index":"index","follow":"follow","max-snippet":"max-snippet:-1","max-image-preview":"max-image-preview:large","max-video-preview":"max-video-preview:-1"},"canonical":"https:\/\/www.veltec.eu\/de\/product\/rockstar-compact\/","og_locale":"de_DE","og_type":"article","og_title":"Rockstar Compact","og_description":"Rockstar Compact 10 L 1000 W Staubsauger f\u00fcr feste und fl\u00fcssige Stoffe, der dank seines geringen Gewichts und kompakten Formats, der doppelten Saug und Blasfunktion leicht zu transportieren ist.  &nbsp;   Vorr\u00e4tig         Die Lieferzeit betr\u00e4gt zwischen 5 und 10 Arbeitstagen.        2 Jahre Garantie  &nbsp;","og_url":"https:\/\/www.veltec.eu\/de\/product\/rockstar-compact\/","og_site_name":"Veltec Kirby specialist","article_publisher":"https:\/\/www.facebook.com\/Veltec-Kirby-Specialist-236746293374877\/","article_modified_time":"2025-01-22T15:27:45+00:00","og_image":[{"width":640,"height":639,"url":"https:\/\/www.veltec.eu\/wp-content\/uploads\/2024\/08\/conga-rockstar-wet-dry-compact_661gdq_1.png","type":"image\/png"}],"twitter_card":"summary_large_image","twitter_misc":{"Gesch\u00e4tzte Lesezeit":"1\u00a0Minute"},"schema":{"@context":"https:\/\/schema.org","@graph":[{"@type":"WebPage","@id":"https:\/\/www.veltec.eu\/de\/product\/rockstar-compact\/","url":"https:\/\/www.veltec.eu\/de\/product\/rockstar-compact\/","name":"Rockstar Compact - Veltec Kirby specialist","isPartOf":{"@id":"https:\/\/www.veltec.eu\/en\/#website"},"primaryImageOfPage":{"@id":"https:\/\/www.veltec.eu\/de\/product\/rockstar-compact\/#primaryimage"},"image":{"@id":"https:\/\/www.veltec.eu\/de\/product\/rockstar-compact\/#primaryimage"},"thumbnailUrl":"https:\/\/www.veltec.eu\/wp-content\/uploads\/2024\/08\/conga-rockstar-wet-dry-compact_661gdq_1.png","datePublished":"2024-08-05T12:39:45+00:00","dateModified":"2025-01-22T15:27:45+00:00","description":"Veltec ist seit \u00fcber 25 Jahren ein Lieferant von Kirby Staubsaugern. Und ist Ihr vertrauensw\u00fcrdiger Kirby-Service-Spezialist. F\u00fcr Reparaturen.","breadcrumb":{"@id":"https:\/\/www.veltec.eu\/de\/product\/rockstar-compact\/#breadcrumb"},"inLanguage":"de","potentialAction":[{"@type":"ReadAction","target":["https:\/\/www.veltec.eu\/de\/product\/rockstar-compact\/"]}]},{"@type":"ImageObject","inLanguage":"de","@id":"https:\/\/www.veltec.eu\/de\/product\/rockstar-compact\/#primaryimage","url":"https:\/\/www.veltec.eu\/wp-content\/uploads\/2024\/08\/conga-rockstar-wet-dry-compact_661gdq_1.png","contentUrl":"https:\/\/www.veltec.eu\/wp-content\/uploads\/2024\/08\/conga-rockstar-wet-dry-compact_661gdq_1.png","width":640,"height":639},{"@type":"BreadcrumbList","@id":"https:\/\/www.veltec.eu\/de\/product\/rockstar-compact\/#breadcrumb","itemListElement":[{"@type":"ListItem","position":1,"name":"Home","item":"https:\/\/www.veltec.eu\/de\/startseite\/"},{"@type":"ListItem","position":2,"name":"Kirby Laden","item":"https:\/\/www.veltec.eu\/de\/kirby-laden\/"},{"@type":"ListItem","position":3,"name":"Rockstar Compact"}]},{"@type":"WebSite","@id":"https:\/\/www.veltec.eu\/en\/#website","url":"https:\/\/www.veltec.eu\/en\/","name":"Veltec Kirby specialist","description":"Kirby stofzuiger producten","publisher":{"@id":"https:\/\/www.veltec.eu\/en\/#organization"},"potentialAction":[{"@type":"SearchAction","target":{"@type":"EntryPoint","urlTemplate":"https:\/\/www.veltec.eu\/en\/?s={search_term_string}"},"query-input":{"@type":"PropertyValueSpecification","valueRequired":true,"valueName":"search_term_string"}}],"inLanguage":"de"},{"@type":"Organization","@id":"https:\/\/www.veltec.eu\/en\/#organization","name":"Veltec Kirby Specialist","url":"https:\/\/www.veltec.eu\/en\/","logo":{"@type":"ImageObject","inLanguage":"de","@id":"https:\/\/www.veltec.eu\/en\/#\/schema\/logo\/image\/","url":"https:\/\/www.veltec.eu\/wp-content\/uploads\/2021\/12\/Veltec-log-groot-e1537260889125.png","contentUrl":"https:\/\/www.veltec.eu\/wp-content\/uploads\/2021\/12\/Veltec-log-groot-e1537260889125.png","width":200,"height":60,"caption":"Veltec Kirby Specialist"},"image":{"@id":"https:\/\/www.veltec.eu\/en\/#\/schema\/logo\/image\/"},"sameAs":["https:\/\/www.facebook.com\/Veltec-Kirby-Specialist-236746293374877\/","https:\/\/www.youtube.com\/user\/VeltecService"]}]}},"_links":{"self":[{"href":"https:\/\/www.veltec.eu\/de\/wp-json\/wp\/v2\/product\/63657","targetHints":{"allow":["GET"]}}],"collection":[{"href":"https:\/\/www.veltec.eu\/de\/wp-json\/wp\/v2\/product"}],"about":[{"href":"https:\/\/www.veltec.eu\/de\/wp-json\/wp\/v2\/types\/product"}],"replies":[{"embeddable":true,"href":"https:\/\/www.veltec.eu\/de\/wp-json\/wp\/v2\/comments?post=63657"}],"wp:featuredmedia":[{"embeddable":true,"href":"https:\/\/www.veltec.eu\/de\/wp-json\/wp\/v2\/media\/63625"}],"wp:attachment":[{"href":"https:\/\/www.veltec.eu\/de\/wp-json\/wp\/v2\/media?parent=63657"}],"wp:term":[{"taxonomy":"product_brand","embeddable":true,"href":"https:\/\/www.veltec.eu\/de\/wp-json\/wp\/v2\/product_brand?post=63657"},{"taxonomy":"product_cat","embeddable":true,"href":"https:\/\/www.veltec.eu\/de\/wp-json\/wp\/v2\/product_cat?post=63657"},{"taxonomy":"product_tag","embeddable":true,"href":"https:\/\/www.veltec.eu\/de\/wp-json\/wp\/v2\/product_tag?post=63657"}],"curies":[{"name":"wp","href":"https:\/\/api.w.org\/{rel}","templated":true}]}}