{"id":62299,"date":"2024-07-23T14:36:56","date_gmt":"2024-07-23T12:36:56","guid":{"rendered":"https:\/\/www.veltec.eu\/product\/rockstar-2000\/"},"modified":"2025-06-12T11:44:19","modified_gmt":"2025-06-12T09:44:19","slug":"nass-trocken-2000","status":"publish","type":"product","link":"https:\/\/www.veltec.eu\/de\/product\/nass-trocken-2000\/","title":{"rendered":"Nass &#038; Trocken 2000"},"content":{"rendered":"<div id=\"technical-details\" class=\"css-0 egxb0x40\">\n<div class=\"css-1vrowg6\">\n<div id=\"description\" class=\"e1pizqy33 css-1gvl2s3\">\n<div class=\"css-k1moeq e1pizqy32\">\n<h1>Nass &amp; Trocken 2000<\/h1>\n<p>Nass &amp; Trocken 2000, Batteriebetriebener Staubsauger f\u00fcr feste und fl\u00fcssige Medien mit digitalem b\u00fcrstenlosem Motor von 200 W maximaler Leistung und hoher Saugleistung bis zu 18 kPa. Beh\u00e4lter mit bis zu 20 l Fassungsverm\u00f6gen. Hohe Laufzeit bis zu 45 Minuten.<\/p>\n<div id=\"technical-details\" class=\"css-0 egxb0x40\">\n<div class=\"css-1vrowg6\">\n<div id=\"description\" class=\"e1pizqy33 css-1gvl2s3\">\n<div class=\"css-k1moeq e1pizqy32\">\n<ul>\n<li>Batteriebetriebener Staubsauger f\u00fcr feste und fl\u00fcssige Medien mit digitalem b\u00fcrstenlosem Motor von 200 W maximaler Leistung und hoher Saugleistung bis zu 18 kPa. Beh\u00e4lter mit bis zu 20 l Fassungsverm\u00f6gen. Hohe Laufzeit bis zu 45 Minuten.<\/li>\n<li>Digital Brushless Technologie mit einem digitalen b\u00fcrstenlosen Motor der neuesten Generation, um mehr Geschwindigkeit ger\u00e4usch\u00e4rmer zu bieten und die Nutzungsdauer des Staubsaugers zu verl\u00e4ngern.\u00a0 Maximale Leistungsf\u00e4higkeit mit dem Multifasic System.<\/li>\n<li>ForceSonic 200 W-Technologie f\u00fcr extreme Sauberkeit. Saugt jede Art Schmutz und h\u00e4lt die Wohnung immer sauber mit 18 kPa Saugkraft.<\/li>\n<li>Battery System mit abnehmbarem Lihtium-Ionen-Akku von 4000 mAh und 18 V, der eine Akkulaufzeit bis zu 45 min erm\u00f6glicht.<\/li>\n<li>Beinhaltet die Blasfunktion Blowing System f\u00fcr Gartenbl\u00e4tter wegzublasen oder feuchte Bereiche zu trocknen, f\u00fcr ein perfektes Reinigungsergebnis.<\/li>\n<li>Ausgestatteten mit einen gro\u00dfen 20-Liter-tank und verf\u00fcgt \u00fcber eine Beutellose Technologie f\u00fcr perfekte Reinigung und einfache Wartung.<\/li>\n<li>Zwei Betriebsmodi: Eco und Turbo, f\u00fcr jeden Umstand geeignet. Der Eco Modus verl\u00e4ngert die Batterie mit optimalen Ergebnissen und der Turbo entfernt den hartn\u00e4ckigsten Schmutz.<\/li>\n<li>Es enth\u00e4lt auch eine Vielzahl von Zubeh\u00f6rteilen, das eine perfekte Reinigung auf jeder Oberfl\u00e4che erm\u00f6glicht. Inkl. Eckzubeh\u00f6r, M\u00f6belzubeh\u00f6r, Stoffzubeh\u00f6r, Fl\u00fcssigkeitsbodenkopf und Bodenkopf.<\/li>\n<li>Hocheffizienter Filter, der einen gro\u00dfen Prozentsatz von Schmutz und Allergenen f\u00fcr eine effektivere Reinigung entfernt.<\/li>\n<li>Unter optimalen Nutzungsbedingungen<\/li>\n<\/ul>\n<p><a href=\"\/nl?product_cat=trocken-nass-staubsauger\">Hier finden Sie alle Nass- und Trockensauger.<\/a><\/p>\n<\/div>\n<\/div>\n<\/div>\n<div class=\"css-1vrowg6\">\n<div id=\"composition\" class=\"e1hv9n5v2 css-ldw7pi\">\n<p><strong><span class=\"e1hv9n5v0 css-hga4sk\">Zusammensetzung<\/span><\/strong><\/p>\n<div class=\"css-1azcdyx e1hv9n5v1\">\n<ul>\n<li>Staubsauger zum Nass- und Trockensaugen.<\/li>\n<li>Ausziehbares Rohr<\/li>\n<li>Ecken-Zubeh\u00f6rteil<\/li>\n<li>Zubeh\u00f6rteil f\u00fcr M\u00f6bel<\/li>\n<li>Zubeh\u00f6rteil f\u00fcr Polsterstoff<\/li>\n<li>Bodend\u00fcse f\u00fcr Fl\u00fcssigkeiten<\/li>\n<li>Kopfd\u00fcse f\u00fcr Boden<\/li>\n<li>Bedienungsanleitung<\/li>\n<\/ul>\n<p>&nbsp;<\/p>\n<\/div>\n<\/div>\n<\/div>\n<\/div>\n<\/div>\n<\/div>\n<\/div>\n<\/div>\n","protected":false},"excerpt":{"rendered":"<p>Nass &amp; Trocken 2000 &#8211; Batteriebetriebener Staubsauger f\u00fcr feste und fl\u00fcssige Medien mit digitalem b\u00fcrstenlosem Motor von 200 W maximaler Leistung und hoher Saugleistung bis zu 18 kPa. Beh\u00e4lter mit bis zu 20 l Fassungsverm\u00f6gen. Hohe Laufzeit bis zu 45 Minuten.<\/p>\n<h3 class=\"western\"><span style=\"color: #008000;\"><span style=\"font-family: Microsoft Sans Serif, sans-serif;\"><span style=\"font-size: large;\">Vorr\u00e4tig<\/span><\/span><\/span><\/h3>\n<p align=\"left\"><span style=\"color: #000000;\"><span style=\"font-family: Liberation Serif, serif;\"><span style=\"font-size: medium;\">[av_font_icon icon='ue812' font='entypo-fontello' style='' caption='' size='25px' position='left' color='#43ad66' link='' linktarget='' title_attr='' sonar_effect_effect='' sonar_effect_color='' sonar_effect_duration='1' sonar_effect_scale='' sonar_effect_opac='0.5' animation='' id='' custom_class='' template_class='' av_uid='' sc_version='1.0' admin_preview_bg=''][\/av_font_icon]<\/span><\/span><\/span><\/p>\n<p><span style=\"color: #008000;\">Die Lieferzeit betr\u00e4gt zwischen 5 und 10 Arbeitstagen.<\/span><\/p>\n<p align=\"left\"><span style=\"color: #000000;\"><span style=\"font-family: Liberation Serif, serif;\"><span style=\"font-size: medium;\">[av_font_icon icon='ue812' font='entypo-fontello' style='' caption='' size='25px' position='left' color='#43ad66' link='' linktarget='' title_attr='' sonar_effect_effect='' sonar_effect_color='' sonar_effect_duration='1' sonar_effect_scale='' sonar_effect_opac='0.5' animation='' id='' custom_class='' template_class='' av_uid='' sc_version='1.0' admin_preview_bg=''][\/av_font_icon]<\/span><\/span><\/span><\/p>\n<p><span style=\"color: #008000;\">2 Jahre Garantie<\/span><\/p>\n<p>&nbsp;<\/p>\n","protected":false},"featured_media":62225,"comment_status":"open","ping_status":"closed","template":"","meta":{"_acf_changed":false},"product_brand":[],"product_cat":[26],"product_tag":[],"class_list":{"0":"post-62299","1":"product","2":"type-product","3":"status-publish","4":"has-post-thumbnail","6":"product_cat-overige-producten","8":"first","9":"instock","10":"sale","11":"taxable","12":"shipping-taxable","13":"purchasable","14":"product-type-simple"},"acf":[],"yoast_head":"<!-- This site is optimized with the Yoast SEO Premium plugin v27.1 (Yoast SEO v27.4) - https:\/\/yoast.com\/product\/yoast-seo-premium-wordpress\/ -->\n<title>Nass &amp; Trocken 2000 - Veltec Kirby specialist<\/title>\n<meta name=\"description\" content=\"Nass &amp; Trocken 2000 - Veltec ist seit \u00fcber 25 Jahren ein Lieferant von Kirby Staubsaugern. Und ist Ihr vertrauensw\u00fcrdiger Kirby-Service-Spezialist.\" \/>\n<meta name=\"robots\" content=\"index, follow, max-snippet:-1, max-image-preview:large, max-video-preview:-1\" \/>\n<link rel=\"canonical\" href=\"https:\/\/www.veltec.eu\/de\/product\/nass-trocken-2000\/\" \/>\n<meta property=\"og:locale\" content=\"de_DE\" \/>\n<meta property=\"og:type\" content=\"article\" \/>\n<meta property=\"og:title\" content=\"Nass &amp; Trocken 2000\" \/>\n<meta property=\"og:description\" content=\"Nass &amp; Trocken 2000 - Batteriebetriebener Staubsauger f\u00fcr feste und fl\u00fcssige Medien mit digitalem b\u00fcrstenlosem Motor von 200 W maximaler Leistung und hoher Saugleistung bis zu 18 kPa. Beh\u00e4lter mit bis zu 20 l Fassungsverm\u00f6gen. Hohe Laufzeit bis zu 45 Minuten. Vorr\u00e4tig  Die Lieferzeit betr\u00e4gt zwischen 5 und 10 Arbeitstagen.  2 Jahre Garantie  &nbsp;\" \/>\n<meta property=\"og:url\" content=\"https:\/\/www.veltec.eu\/de\/product\/nass-trocken-2000\/\" \/>\n<meta property=\"og:site_name\" content=\"Veltec Kirby specialist\" \/>\n<meta property=\"article:publisher\" content=\"https:\/\/www.facebook.com\/Veltec-Kirby-Specialist-236746293374877\/\" \/>\n<meta property=\"article:modified_time\" content=\"2025-06-12T09:44:19+00:00\" \/>\n<meta property=\"og:image\" content=\"https:\/\/www.veltec.eu\/wp-content\/uploads\/2024\/07\/conga-rockstar-2000-wetdry-liberty_1.png\" \/>\n\t<meta property=\"og:image:width\" content=\"640\" \/>\n\t<meta property=\"og:image:height\" content=\"640\" \/>\n\t<meta property=\"og:image:type\" content=\"image\/png\" \/>\n<meta name=\"twitter:card\" content=\"summary_large_image\" \/>\n<meta name=\"twitter:label1\" content=\"Gesch\u00e4tzte Lesezeit\" \/>\n\t<meta name=\"twitter:data1\" content=\"2\u00a0Minuten\" \/>\n<script type=\"application\/ld+json\" class=\"yoast-schema-graph\">{\"@context\":\"https:\\\/\\\/schema.org\",\"@graph\":[{\"@type\":\"WebPage\",\"@id\":\"https:\\\/\\\/www.veltec.eu\\\/de\\\/product\\\/nass-trocken-2000\\\/\",\"url\":\"https:\\\/\\\/www.veltec.eu\\\/de\\\/product\\\/nass-trocken-2000\\\/\",\"name\":\"Nass & Trocken 2000 - Veltec Kirby specialist\",\"isPartOf\":{\"@id\":\"https:\\\/\\\/www.veltec.eu\\\/en\\\/#website\"},\"primaryImageOfPage\":{\"@id\":\"https:\\\/\\\/www.veltec.eu\\\/de\\\/product\\\/nass-trocken-2000\\\/#primaryimage\"},\"image\":{\"@id\":\"https:\\\/\\\/www.veltec.eu\\\/de\\\/product\\\/nass-trocken-2000\\\/#primaryimage\"},\"thumbnailUrl\":\"https:\\\/\\\/www.veltec.eu\\\/wp-content\\\/uploads\\\/2024\\\/07\\\/conga-rockstar-2000-wetdry-liberty_1.png\",\"datePublished\":\"2024-07-23T12:36:56+00:00\",\"dateModified\":\"2025-06-12T09:44:19+00:00\",\"description\":\"Nass & Trocken 2000 - Veltec ist seit \u00fcber 25 Jahren ein Lieferant von Kirby Staubsaugern. Und ist Ihr vertrauensw\u00fcrdiger Kirby-Service-Spezialist.\",\"breadcrumb\":{\"@id\":\"https:\\\/\\\/www.veltec.eu\\\/de\\\/product\\\/nass-trocken-2000\\\/#breadcrumb\"},\"inLanguage\":\"de\",\"potentialAction\":[{\"@type\":\"ReadAction\",\"target\":[\"https:\\\/\\\/www.veltec.eu\\\/de\\\/product\\\/nass-trocken-2000\\\/\"]}]},{\"@type\":\"ImageObject\",\"inLanguage\":\"de\",\"@id\":\"https:\\\/\\\/www.veltec.eu\\\/de\\\/product\\\/nass-trocken-2000\\\/#primaryimage\",\"url\":\"https:\\\/\\\/www.veltec.eu\\\/wp-content\\\/uploads\\\/2024\\\/07\\\/conga-rockstar-2000-wetdry-liberty_1.png\",\"contentUrl\":\"https:\\\/\\\/www.veltec.eu\\\/wp-content\\\/uploads\\\/2024\\\/07\\\/conga-rockstar-2000-wetdry-liberty_1.png\",\"width\":640,\"height\":640},{\"@type\":\"BreadcrumbList\",\"@id\":\"https:\\\/\\\/www.veltec.eu\\\/de\\\/product\\\/nass-trocken-2000\\\/#breadcrumb\",\"itemListElement\":[{\"@type\":\"ListItem\",\"position\":1,\"name\":\"Home\",\"item\":\"https:\\\/\\\/www.veltec.eu\\\/de\\\/startseite\\\/\"},{\"@type\":\"ListItem\",\"position\":2,\"name\":\"Kirby Laden\",\"item\":\"https:\\\/\\\/www.veltec.eu\\\/de\\\/kirby-laden\\\/\"},{\"@type\":\"ListItem\",\"position\":3,\"name\":\"Nass &#038; Trocken 2000\"}]},{\"@type\":\"WebSite\",\"@id\":\"https:\\\/\\\/www.veltec.eu\\\/en\\\/#website\",\"url\":\"https:\\\/\\\/www.veltec.eu\\\/en\\\/\",\"name\":\"Veltec Kirby specialist\",\"description\":\"Kirby stofzuiger producten\",\"publisher\":{\"@id\":\"https:\\\/\\\/www.veltec.eu\\\/en\\\/#organization\"},\"potentialAction\":[{\"@type\":\"SearchAction\",\"target\":{\"@type\":\"EntryPoint\",\"urlTemplate\":\"https:\\\/\\\/www.veltec.eu\\\/en\\\/?s={search_term_string}\"},\"query-input\":{\"@type\":\"PropertyValueSpecification\",\"valueRequired\":true,\"valueName\":\"search_term_string\"}}],\"inLanguage\":\"de\"},{\"@type\":\"Organization\",\"@id\":\"https:\\\/\\\/www.veltec.eu\\\/en\\\/#organization\",\"name\":\"Veltec Kirby Specialist\",\"url\":\"https:\\\/\\\/www.veltec.eu\\\/en\\\/\",\"logo\":{\"@type\":\"ImageObject\",\"inLanguage\":\"de\",\"@id\":\"https:\\\/\\\/www.veltec.eu\\\/en\\\/#\\\/schema\\\/logo\\\/image\\\/\",\"url\":\"https:\\\/\\\/www.veltec.eu\\\/wp-content\\\/uploads\\\/2021\\\/12\\\/Veltec-log-groot-e1537260889125.png\",\"contentUrl\":\"https:\\\/\\\/www.veltec.eu\\\/wp-content\\\/uploads\\\/2021\\\/12\\\/Veltec-log-groot-e1537260889125.png\",\"width\":200,\"height\":60,\"caption\":\"Veltec Kirby Specialist\"},\"image\":{\"@id\":\"https:\\\/\\\/www.veltec.eu\\\/en\\\/#\\\/schema\\\/logo\\\/image\\\/\"},\"sameAs\":[\"https:\\\/\\\/www.facebook.com\\\/Veltec-Kirby-Specialist-236746293374877\\\/\",\"https:\\\/\\\/www.youtube.com\\\/user\\\/VeltecService\"]}]}<\/script>\n<!-- \/ Yoast SEO Premium plugin. -->","yoast_head_json":{"title":"Nass & Trocken 2000 - Veltec Kirby specialist","description":"Nass & Trocken 2000 - Veltec ist seit \u00fcber 25 Jahren ein Lieferant von Kirby Staubsaugern. Und ist Ihr vertrauensw\u00fcrdiger Kirby-Service-Spezialist.","robots":{"index":"index","follow":"follow","max-snippet":"max-snippet:-1","max-image-preview":"max-image-preview:large","max-video-preview":"max-video-preview:-1"},"canonical":"https:\/\/www.veltec.eu\/de\/product\/nass-trocken-2000\/","og_locale":"de_DE","og_type":"article","og_title":"Nass & Trocken 2000","og_description":"Nass &amp; Trocken 2000 - Batteriebetriebener Staubsauger f\u00fcr feste und fl\u00fcssige Medien mit digitalem b\u00fcrstenlosem Motor von 200 W maximaler Leistung und hoher Saugleistung bis zu 18 kPa. Beh\u00e4lter mit bis zu 20 l Fassungsverm\u00f6gen. Hohe Laufzeit bis zu 45 Minuten. Vorr\u00e4tig  Die Lieferzeit betr\u00e4gt zwischen 5 und 10 Arbeitstagen.  2 Jahre Garantie  &nbsp;","og_url":"https:\/\/www.veltec.eu\/de\/product\/nass-trocken-2000\/","og_site_name":"Veltec Kirby specialist","article_publisher":"https:\/\/www.facebook.com\/Veltec-Kirby-Specialist-236746293374877\/","article_modified_time":"2025-06-12T09:44:19+00:00","og_image":[{"width":640,"height":640,"url":"https:\/\/www.veltec.eu\/wp-content\/uploads\/2024\/07\/conga-rockstar-2000-wetdry-liberty_1.png","type":"image\/png"}],"twitter_card":"summary_large_image","twitter_misc":{"Gesch\u00e4tzte Lesezeit":"2\u00a0Minuten"},"schema":{"@context":"https:\/\/schema.org","@graph":[{"@type":"WebPage","@id":"https:\/\/www.veltec.eu\/de\/product\/nass-trocken-2000\/","url":"https:\/\/www.veltec.eu\/de\/product\/nass-trocken-2000\/","name":"Nass & Trocken 2000 - Veltec Kirby specialist","isPartOf":{"@id":"https:\/\/www.veltec.eu\/en\/#website"},"primaryImageOfPage":{"@id":"https:\/\/www.veltec.eu\/de\/product\/nass-trocken-2000\/#primaryimage"},"image":{"@id":"https:\/\/www.veltec.eu\/de\/product\/nass-trocken-2000\/#primaryimage"},"thumbnailUrl":"https:\/\/www.veltec.eu\/wp-content\/uploads\/2024\/07\/conga-rockstar-2000-wetdry-liberty_1.png","datePublished":"2024-07-23T12:36:56+00:00","dateModified":"2025-06-12T09:44:19+00:00","description":"Nass & Trocken 2000 - Veltec ist seit \u00fcber 25 Jahren ein Lieferant von Kirby Staubsaugern. Und ist Ihr vertrauensw\u00fcrdiger Kirby-Service-Spezialist.","breadcrumb":{"@id":"https:\/\/www.veltec.eu\/de\/product\/nass-trocken-2000\/#breadcrumb"},"inLanguage":"de","potentialAction":[{"@type":"ReadAction","target":["https:\/\/www.veltec.eu\/de\/product\/nass-trocken-2000\/"]}]},{"@type":"ImageObject","inLanguage":"de","@id":"https:\/\/www.veltec.eu\/de\/product\/nass-trocken-2000\/#primaryimage","url":"https:\/\/www.veltec.eu\/wp-content\/uploads\/2024\/07\/conga-rockstar-2000-wetdry-liberty_1.png","contentUrl":"https:\/\/www.veltec.eu\/wp-content\/uploads\/2024\/07\/conga-rockstar-2000-wetdry-liberty_1.png","width":640,"height":640},{"@type":"BreadcrumbList","@id":"https:\/\/www.veltec.eu\/de\/product\/nass-trocken-2000\/#breadcrumb","itemListElement":[{"@type":"ListItem","position":1,"name":"Home","item":"https:\/\/www.veltec.eu\/de\/startseite\/"},{"@type":"ListItem","position":2,"name":"Kirby Laden","item":"https:\/\/www.veltec.eu\/de\/kirby-laden\/"},{"@type":"ListItem","position":3,"name":"Nass &#038; Trocken 2000"}]},{"@type":"WebSite","@id":"https:\/\/www.veltec.eu\/en\/#website","url":"https:\/\/www.veltec.eu\/en\/","name":"Veltec Kirby specialist","description":"Kirby stofzuiger producten","publisher":{"@id":"https:\/\/www.veltec.eu\/en\/#organization"},"potentialAction":[{"@type":"SearchAction","target":{"@type":"EntryPoint","urlTemplate":"https:\/\/www.veltec.eu\/en\/?s={search_term_string}"},"query-input":{"@type":"PropertyValueSpecification","valueRequired":true,"valueName":"search_term_string"}}],"inLanguage":"de"},{"@type":"Organization","@id":"https:\/\/www.veltec.eu\/en\/#organization","name":"Veltec Kirby Specialist","url":"https:\/\/www.veltec.eu\/en\/","logo":{"@type":"ImageObject","inLanguage":"de","@id":"https:\/\/www.veltec.eu\/en\/#\/schema\/logo\/image\/","url":"https:\/\/www.veltec.eu\/wp-content\/uploads\/2021\/12\/Veltec-log-groot-e1537260889125.png","contentUrl":"https:\/\/www.veltec.eu\/wp-content\/uploads\/2021\/12\/Veltec-log-groot-e1537260889125.png","width":200,"height":60,"caption":"Veltec Kirby Specialist"},"image":{"@id":"https:\/\/www.veltec.eu\/en\/#\/schema\/logo\/image\/"},"sameAs":["https:\/\/www.facebook.com\/Veltec-Kirby-Specialist-236746293374877\/","https:\/\/www.youtube.com\/user\/VeltecService"]}]}},"_links":{"self":[{"href":"https:\/\/www.veltec.eu\/de\/wp-json\/wp\/v2\/product\/62299","targetHints":{"allow":["GET"]}}],"collection":[{"href":"https:\/\/www.veltec.eu\/de\/wp-json\/wp\/v2\/product"}],"about":[{"href":"https:\/\/www.veltec.eu\/de\/wp-json\/wp\/v2\/types\/product"}],"replies":[{"embeddable":true,"href":"https:\/\/www.veltec.eu\/de\/wp-json\/wp\/v2\/comments?post=62299"}],"wp:featuredmedia":[{"embeddable":true,"href":"https:\/\/www.veltec.eu\/de\/wp-json\/wp\/v2\/media\/62225"}],"wp:attachment":[{"href":"https:\/\/www.veltec.eu\/de\/wp-json\/wp\/v2\/media?parent=62299"}],"wp:term":[{"taxonomy":"product_brand","embeddable":true,"href":"https:\/\/www.veltec.eu\/de\/wp-json\/wp\/v2\/product_brand?post=62299"},{"taxonomy":"product_cat","embeddable":true,"href":"https:\/\/www.veltec.eu\/de\/wp-json\/wp\/v2\/product_cat?post=62299"},{"taxonomy":"product_tag","embeddable":true,"href":"https:\/\/www.veltec.eu\/de\/wp-json\/wp\/v2\/product_tag?post=62299"}],"curies":[{"name":"wp","href":"https:\/\/api.w.org\/{rel}","templated":true}]}}