{"id":61960,"date":"2024-07-17T13:18:23","date_gmt":"2024-07-17T11:18:23","guid":{"rendered":"https:\/\/www.veltec.eu\/product\/conga-2499-advanced\/"},"modified":"2025-03-10T17:28:44","modified_gmt":"2025-03-10T15:28:44","slug":"staubsaugerroboter-2499-fortgeschritten","status":"publish","type":"product","link":"https:\/\/www.veltec.eu\/de\/product\/staubsaugerroboter-2499-fortgeschritten\/","title":{"rendered":"Staubsaugerroboter 2499 Fortgeschritten"},"content":{"rendered":"<div class=\"css-1vrowg6\">\n<div id=\"description\" class=\"e1pizqy33 css-1gvl2s3\">\n<h1>Staubsaugerroboter 2499 Fortgeschritten &#8211; Innovative Reinigung f\u00fcr ein makelloses Zuhause<\/h1>\n<p>Lernen Sie den Staubsaugerroboter 2499 Fortgeschritten kennen, die intelligente Wahl f\u00fcr m\u00fcheloses Reinigen. Dieser innovative Staubsaugerroboter mit selbstentleerendem Boden bietet eine effiziente 4-in-1-Reinigung: Er fegt, saugt, wischt und schrubbt gleichzeitig. Dank der iTech SmartGyro-Technologie reinigt er methodisch und effektiv jede Oberfl\u00e4che. Mit einer starken Saugleistung von 2100 Pa, einer langen Betriebszeit von 160 Minuten und einer bequemen App- und Sprachsteuerung sorgt dieser Staubsauger f\u00fcr ein makellos sauberes Zuhause ohne viel Aufwand.<\/p>\n<p><a href=\"\/nl?product_cat=staubsaugerroboter\">Alle Staubsaugerroboter finden Sie hier<\/a><\/p>\n<h2>Staubsaugerroboter 2499 Fortgeschritten &#8211; Intelligente Technologie f\u00fcr effiziente Reinigung<\/h2>\n<h3>Fortschrittliche gyroskopische Navigation<\/h3>\n<p>Die iTech SmartGyro-Technologie sorgt daf\u00fcr, dass der Staubsaugroboter effizient navigiert und keine Stellen \u00fcberspringt. Er plant die optimale Route und reinigt jeden Raum gr\u00fcndlich, ohne wahllos herumzufahren. Auf diese Weise wird keine Ecke oder Kante ausgelassen.<\/p>\n<h3>Automatisch selbstentleerende Basis<\/h3>\n<p>Das Smart Clean System steuert automatisch die Entleerung des Staubbeh\u00e4lters. Der 3-Liter-Staubbeutel f\u00e4ngt den gesamten Schmutz auf und verhindert den direkten Kontakt mit Staub und Allergenen. Dank der BagDetect-Funktion wei\u00df der Staubsauger genau, ob ein Beutel richtig eingesetzt wurde und warnt Sie, wenn dies nicht der Fall ist.<\/p>\n<h2>Kraftvolle und gr\u00fcndliche Reinigung<\/h2>\n<h3>2100 Pa Saugkraft f\u00fcr Tiefenreinigung<\/h3>\n<p>Mit einer Saugleistung von 2100 Pa entfernt dieser Staubsaugerroboter m\u00fchelos Staub, Haare und anderen Schmutz, selbst auf Teppichen. Die Turbo Clean Carpet-Funktion schaltet automatisch in den Turbomodus f\u00fcr eine gr\u00fcndlichere Teppichreinigung.<\/p>\n<h3>4-in-1-Multifunktions-Reinigungssystem<\/h3>\n<p>Dank der Multifunktionsb\u00fcrste mit einer Kombination aus Borsten und Silikongummi wird der gesamte Schmutz effektiv entfernt. Zwei Seitenb\u00fcrsten erweitern den Saugbereich, w\u00e4hrend die Schrubbb\u00fcrste Hartb\u00f6den m\u00fchelos reinigt.<\/p>\n<h2>Staubsaugerroboter 2499 Advanced mit intelligenter Steuerung und Konnektivit\u00e4t<\/h2>\n<h3>Steuerung per App und Sprachassistenten<\/h3>\n<p>Der Staubsaugerroboter l\u00e4sst sich einfach \u00fcber eine mobile App oder per Sprachbefehl mit virtuellen Assistenten wie Google Assistant und Alexa steuern. Starten oder planen Sie Reinigungen, passen Sie Einstellungen an und \u00fcberwachen Sie den Reinigungsstatus.<\/p>\n<h3>WiFi- und Bluetooth-Konnektivit\u00e4t f\u00fcr den Staubsaugerroboter 2499 Advanced<\/h3>\n<p>Mit WiFi 2,4 GHz und Bluetooth bietet dieser Staubsaugerroboter eine stabile Verbindung f\u00fcr eine einfache Bedienung, auch aus der Ferne. \u00dcber die App k\u00f6nnen Sie ganz einfach einen von sechs Reinigungsmodi ausw\u00e4hlen, z. B. Automatik, Zufallsmodus, Schrubben, Spirale, Rand und manuell.<\/p>\n<h2>Langlebiger Betrieb und automatische Aufladefunktion<\/h2>\n<h3>Bis zu 160 Minuten Reinigungszeit mit dem Roboter-Staubsauger 2499 Advanced<\/h3>\n<p>Der Staubsaugerroboter arbeitet mit einer vollen Batterie bis zu 160 Minuten lang. Wenn der Akku leer ist, kehrt er automatisch in die Ladestation zur\u00fcck. Sobald er aufgeladen ist, setzt er die Reinigung dort fort, wo er aufgeh\u00f6rt hat.<\/p>\n<h3>Intelligente Oberfl\u00e4chentechnologie<\/h3>\n<p>Die Surface Technology sorgt daf\u00fcr, dass der Staubsauger m\u00fchelos zur Ladestation zur\u00fcckkehrt, ohne stecken zu bleiben. Dies gew\u00e4hrleistet eine kontinuierliche Reinigung und ein stets sauberes Zuhause.<\/p>\n<h3>Fazit: Die beste Wahl f\u00fcr ein sauberes und intelligentes Zuhause<\/h3>\n<p>Der Staubsaugerroboter 2499 Advanced kombiniert starke Leistung mit intelligenter Technologie f\u00fcr eine effiziente und gr\u00fcndliche Reinigung. Dank der selbstentleerenden Basis, der gyroskopischen Navigation und der intelligenten Konnektivit\u00e4t sparen Sie Zeit und genie\u00dfen ein staubfreies Zuhause ohne jede Anstrengung. Machen Sie sich das Leben leichter und bestellen Sie diesen innovativen Staubsaugerroboter noch heute!<\/p>\n<h4>Zusammensetzung<\/h4>\n<ul>\n<li>2 Seitenb\u00fcrsten<\/li>\n<li>Selbstentleerende Basis<\/li>\n<li>3-Liter-Hygienebeutel<\/li>\n<li>Selbstreinigende B\u00fcrste<\/li>\n<li>Gemischter Tank<\/li>\n<li>Hocheffizienter Filter<\/li>\n<li>Gebrauchsanweisung<\/li>\n<li>Mopp<\/li>\n<li>Staubsauger-Roboter<\/li>\n<\/ul>\n<\/div>\n<\/div>\n","protected":false},"excerpt":{"rendered":"<p>Staubsaugerroboter mit selbstentleerendem Boden. Er verf\u00fcgt \u00fcber eine gyroskopische Technologie, die die gesamte Oberfl\u00e4che sauber reinigt. Schrubbt, saugt und fegt gleichzeitig. Saugleistung von 2100 Pa. APP. Multifunktionale B\u00fcrste. 2 Seitenb\u00fcrsten. Schrubbmopp. Automatische Erkennung des Beutels. Fassungsverm\u00f6gen 3 Liter. 6 Reinigungsmodi. WiFi, 2.4 GhZ und Bluetooth-Verbindung. Kompatibel mit virtuellen Assistentent.<\/p>\n<h3 class=\"western\"><span style=\"color: #008000;\"><span style=\"font-family: Microsoft Sans Serif, sans-serif;\"><span style=\"font-size: large;\">Vorr\u00e4tig<\/span><\/span><\/span><\/h3>\n<p align=\"left\"><span style=\"color: #000000;\"><span style=\"font-family: Liberation Serif, serif;\"><span style=\"font-size: medium;\">[av_font_icon icon='ue812' font='entypo-fontello' style='' caption='' size='25px' position='left' color='#43ad66' link='' linktarget='' title_attr='' sonar_effect_effect='' sonar_effect_color='' sonar_effect_duration='1' sonar_effect_scale='' sonar_effect_opac='0.5' animation='' id='' custom_class='' template_class='' av_uid='' sc_version='1.0' admin_preview_bg=''][\/av_font_icon]<\/span><\/span><\/span><\/p>\n<p><span style=\"color: #008000;\">Die Lieferzeit betr\u00e4gt zwischen 5 und 10 Arbeitstagen.<\/span><\/p>\n<p align=\"left\"><span style=\"color: #000000;\"><span style=\"font-family: Liberation Serif, serif;\"><span style=\"font-size: medium;\">[av_font_icon icon='ue812' font='entypo-fontello' style='' caption='' size='25px' position='left' color='#43ad66' link='' linktarget='' title_attr='' sonar_effect_effect='' sonar_effect_color='' sonar_effect_duration='1' sonar_effect_scale='' sonar_effect_opac='0.5' animation='' id='' custom_class='' template_class='' av_uid='' sc_version='1.0' admin_preview_bg=''][\/av_font_icon]<\/span><\/span><\/span><\/p>\n<p><span style=\"color: #008000;\">2 Jahre Garantie<\/span><\/p>\n<p>&nbsp;<\/p>\n","protected":false},"featured_media":61910,"comment_status":"open","ping_status":"closed","template":"","meta":{"_acf_changed":false},"product_brand":[],"product_cat":[26],"product_tag":[],"class_list":{"0":"post-61960","1":"product","2":"type-product","3":"status-publish","4":"has-post-thumbnail","6":"product_cat-overige-producten","8":"first","9":"outofstock","10":"taxable","11":"shipping-taxable","12":"purchasable","13":"product-type-simple"},"acf":[],"yoast_head":"<!-- This site is optimized with the Yoast SEO Premium plugin v27.1 (Yoast SEO v27.4) - https:\/\/yoast.com\/product\/yoast-seo-premium-wordpress\/ -->\n<title>Staubsaugerroboter 2499 Fortgeschritten - Veltec Kirby specialist<\/title>\n<meta name=\"description\" content=\"Staubsaugerroboter 2499 Fortgeschritten - Veltec ist seit \u00fcber 25 Jahren ein Lieferant von Kirby Staubsaugern. Und ist Ihr Kirby-Service-Spezialist.\" \/>\n<meta name=\"robots\" content=\"index, follow, max-snippet:-1, max-image-preview:large, max-video-preview:-1\" \/>\n<link rel=\"canonical\" href=\"https:\/\/www.veltec.eu\/de\/product\/staubsaugerroboter-2499-fortgeschritten\/\" \/>\n<meta property=\"og:locale\" content=\"de_DE\" \/>\n<meta property=\"og:type\" content=\"article\" \/>\n<meta property=\"og:title\" content=\"Staubsaugerroboter 2499 Fortgeschritten\" \/>\n<meta property=\"og:description\" content=\"Staubsaugerroboter mit selbstentleerendem Boden. Er verf\u00fcgt \u00fcber eine gyroskopische Technologie, die die gesamte Oberfl\u00e4che sauber reinigt. Schrubbt, saugt und fegt gleichzeitig. Saugleistung von 2100 Pa. APP. Multifunktionale B\u00fcrste. 2 Seitenb\u00fcrsten. Schrubbmopp. Automatische Erkennung des Beutels. Fassungsverm\u00f6gen 3 Liter. 6 Reinigungsmodi. WiFi, 2.4 GhZ und Bluetooth-Verbindung. Kompatibel mit virtuellen Assistentent. Vorr\u00e4tig  Die Lieferzeit betr\u00e4gt zwischen 5 und 10 Arbeitstagen.  2 Jahre Garantie  &nbsp;\" \/>\n<meta property=\"og:url\" content=\"https:\/\/www.veltec.eu\/de\/product\/staubsaugerroboter-2499-fortgeschritten\/\" \/>\n<meta property=\"og:site_name\" content=\"Veltec Kirby specialist\" \/>\n<meta property=\"article:publisher\" content=\"https:\/\/www.facebook.com\/Veltec-Kirby-Specialist-236746293374877\/\" \/>\n<meta property=\"article:modified_time\" content=\"2025-03-10T15:28:44+00:00\" \/>\n<meta property=\"og:image\" content=\"https:\/\/www.veltec.eu\/wp-content\/uploads\/2024\/07\/conga-2499-ultra-home-advanced_e6ymo9_1.png\" \/>\n\t<meta property=\"og:image:width\" content=\"640\" \/>\n\t<meta property=\"og:image:height\" content=\"640\" \/>\n\t<meta property=\"og:image:type\" content=\"image\/png\" \/>\n<meta name=\"twitter:card\" content=\"summary_large_image\" \/>\n<meta name=\"twitter:label1\" content=\"Gesch\u00e4tzte Lesezeit\" \/>\n\t<meta name=\"twitter:data1\" content=\"3\u00a0Minuten\" \/>\n<script type=\"application\/ld+json\" class=\"yoast-schema-graph\">{\"@context\":\"https:\\\/\\\/schema.org\",\"@graph\":[{\"@type\":\"WebPage\",\"@id\":\"https:\\\/\\\/www.veltec.eu\\\/de\\\/product\\\/staubsaugerroboter-2499-fortgeschritten\\\/\",\"url\":\"https:\\\/\\\/www.veltec.eu\\\/de\\\/product\\\/staubsaugerroboter-2499-fortgeschritten\\\/\",\"name\":\"Staubsaugerroboter 2499 Fortgeschritten - Veltec Kirby specialist\",\"isPartOf\":{\"@id\":\"https:\\\/\\\/www.veltec.eu\\\/en\\\/#website\"},\"primaryImageOfPage\":{\"@id\":\"https:\\\/\\\/www.veltec.eu\\\/de\\\/product\\\/staubsaugerroboter-2499-fortgeschritten\\\/#primaryimage\"},\"image\":{\"@id\":\"https:\\\/\\\/www.veltec.eu\\\/de\\\/product\\\/staubsaugerroboter-2499-fortgeschritten\\\/#primaryimage\"},\"thumbnailUrl\":\"https:\\\/\\\/www.veltec.eu\\\/wp-content\\\/uploads\\\/2024\\\/07\\\/conga-2499-ultra-home-advanced_e6ymo9_1.png\",\"datePublished\":\"2024-07-17T11:18:23+00:00\",\"dateModified\":\"2025-03-10T15:28:44+00:00\",\"description\":\"Staubsaugerroboter 2499 Fortgeschritten - Veltec ist seit \u00fcber 25 Jahren ein Lieferant von Kirby Staubsaugern. Und ist Ihr Kirby-Service-Spezialist.\",\"breadcrumb\":{\"@id\":\"https:\\\/\\\/www.veltec.eu\\\/de\\\/product\\\/staubsaugerroboter-2499-fortgeschritten\\\/#breadcrumb\"},\"inLanguage\":\"de\",\"potentialAction\":[{\"@type\":\"ReadAction\",\"target\":[\"https:\\\/\\\/www.veltec.eu\\\/de\\\/product\\\/staubsaugerroboter-2499-fortgeschritten\\\/\"]}]},{\"@type\":\"ImageObject\",\"inLanguage\":\"de\",\"@id\":\"https:\\\/\\\/www.veltec.eu\\\/de\\\/product\\\/staubsaugerroboter-2499-fortgeschritten\\\/#primaryimage\",\"url\":\"https:\\\/\\\/www.veltec.eu\\\/wp-content\\\/uploads\\\/2024\\\/07\\\/conga-2499-ultra-home-advanced_e6ymo9_1.png\",\"contentUrl\":\"https:\\\/\\\/www.veltec.eu\\\/wp-content\\\/uploads\\\/2024\\\/07\\\/conga-2499-ultra-home-advanced_e6ymo9_1.png\",\"width\":640,\"height\":640},{\"@type\":\"BreadcrumbList\",\"@id\":\"https:\\\/\\\/www.veltec.eu\\\/de\\\/product\\\/staubsaugerroboter-2499-fortgeschritten\\\/#breadcrumb\",\"itemListElement\":[{\"@type\":\"ListItem\",\"position\":1,\"name\":\"Home\",\"item\":\"https:\\\/\\\/www.veltec.eu\\\/de\\\/startseite\\\/\"},{\"@type\":\"ListItem\",\"position\":2,\"name\":\"Kirby Laden\",\"item\":\"https:\\\/\\\/www.veltec.eu\\\/de\\\/kirby-laden\\\/\"},{\"@type\":\"ListItem\",\"position\":3,\"name\":\"Staubsaugerroboter 2499 Fortgeschritten\"}]},{\"@type\":\"WebSite\",\"@id\":\"https:\\\/\\\/www.veltec.eu\\\/en\\\/#website\",\"url\":\"https:\\\/\\\/www.veltec.eu\\\/en\\\/\",\"name\":\"Veltec Kirby specialist\",\"description\":\"Kirby stofzuiger producten\",\"publisher\":{\"@id\":\"https:\\\/\\\/www.veltec.eu\\\/en\\\/#organization\"},\"potentialAction\":[{\"@type\":\"SearchAction\",\"target\":{\"@type\":\"EntryPoint\",\"urlTemplate\":\"https:\\\/\\\/www.veltec.eu\\\/en\\\/?s={search_term_string}\"},\"query-input\":{\"@type\":\"PropertyValueSpecification\",\"valueRequired\":true,\"valueName\":\"search_term_string\"}}],\"inLanguage\":\"de\"},{\"@type\":\"Organization\",\"@id\":\"https:\\\/\\\/www.veltec.eu\\\/en\\\/#organization\",\"name\":\"Veltec Kirby Specialist\",\"url\":\"https:\\\/\\\/www.veltec.eu\\\/en\\\/\",\"logo\":{\"@type\":\"ImageObject\",\"inLanguage\":\"de\",\"@id\":\"https:\\\/\\\/www.veltec.eu\\\/en\\\/#\\\/schema\\\/logo\\\/image\\\/\",\"url\":\"https:\\\/\\\/www.veltec.eu\\\/wp-content\\\/uploads\\\/2021\\\/12\\\/Veltec-log-groot-e1537260889125.png\",\"contentUrl\":\"https:\\\/\\\/www.veltec.eu\\\/wp-content\\\/uploads\\\/2021\\\/12\\\/Veltec-log-groot-e1537260889125.png\",\"width\":200,\"height\":60,\"caption\":\"Veltec Kirby Specialist\"},\"image\":{\"@id\":\"https:\\\/\\\/www.veltec.eu\\\/en\\\/#\\\/schema\\\/logo\\\/image\\\/\"},\"sameAs\":[\"https:\\\/\\\/www.facebook.com\\\/Veltec-Kirby-Specialist-236746293374877\\\/\",\"https:\\\/\\\/www.youtube.com\\\/user\\\/VeltecService\"]}]}<\/script>\n<!-- \/ Yoast SEO Premium plugin. -->","yoast_head_json":{"title":"Staubsaugerroboter 2499 Fortgeschritten - Veltec Kirby specialist","description":"Staubsaugerroboter 2499 Fortgeschritten - Veltec ist seit \u00fcber 25 Jahren ein Lieferant von Kirby Staubsaugern. Und ist Ihr Kirby-Service-Spezialist.","robots":{"index":"index","follow":"follow","max-snippet":"max-snippet:-1","max-image-preview":"max-image-preview:large","max-video-preview":"max-video-preview:-1"},"canonical":"https:\/\/www.veltec.eu\/de\/product\/staubsaugerroboter-2499-fortgeschritten\/","og_locale":"de_DE","og_type":"article","og_title":"Staubsaugerroboter 2499 Fortgeschritten","og_description":"Staubsaugerroboter mit selbstentleerendem Boden. Er verf\u00fcgt \u00fcber eine gyroskopische Technologie, die die gesamte Oberfl\u00e4che sauber reinigt. Schrubbt, saugt und fegt gleichzeitig. Saugleistung von 2100 Pa. APP. Multifunktionale B\u00fcrste. 2 Seitenb\u00fcrsten. Schrubbmopp. Automatische Erkennung des Beutels. Fassungsverm\u00f6gen 3 Liter. 6 Reinigungsmodi. WiFi, 2.4 GhZ und Bluetooth-Verbindung. Kompatibel mit virtuellen Assistentent. Vorr\u00e4tig  Die Lieferzeit betr\u00e4gt zwischen 5 und 10 Arbeitstagen.  2 Jahre Garantie  &nbsp;","og_url":"https:\/\/www.veltec.eu\/de\/product\/staubsaugerroboter-2499-fortgeschritten\/","og_site_name":"Veltec Kirby specialist","article_publisher":"https:\/\/www.facebook.com\/Veltec-Kirby-Specialist-236746293374877\/","article_modified_time":"2025-03-10T15:28:44+00:00","og_image":[{"width":640,"height":640,"url":"https:\/\/www.veltec.eu\/wp-content\/uploads\/2024\/07\/conga-2499-ultra-home-advanced_e6ymo9_1.png","type":"image\/png"}],"twitter_card":"summary_large_image","twitter_misc":{"Gesch\u00e4tzte Lesezeit":"3\u00a0Minuten"},"schema":{"@context":"https:\/\/schema.org","@graph":[{"@type":"WebPage","@id":"https:\/\/www.veltec.eu\/de\/product\/staubsaugerroboter-2499-fortgeschritten\/","url":"https:\/\/www.veltec.eu\/de\/product\/staubsaugerroboter-2499-fortgeschritten\/","name":"Staubsaugerroboter 2499 Fortgeschritten - Veltec Kirby specialist","isPartOf":{"@id":"https:\/\/www.veltec.eu\/en\/#website"},"primaryImageOfPage":{"@id":"https:\/\/www.veltec.eu\/de\/product\/staubsaugerroboter-2499-fortgeschritten\/#primaryimage"},"image":{"@id":"https:\/\/www.veltec.eu\/de\/product\/staubsaugerroboter-2499-fortgeschritten\/#primaryimage"},"thumbnailUrl":"https:\/\/www.veltec.eu\/wp-content\/uploads\/2024\/07\/conga-2499-ultra-home-advanced_e6ymo9_1.png","datePublished":"2024-07-17T11:18:23+00:00","dateModified":"2025-03-10T15:28:44+00:00","description":"Staubsaugerroboter 2499 Fortgeschritten - Veltec ist seit \u00fcber 25 Jahren ein Lieferant von Kirby Staubsaugern. Und ist Ihr Kirby-Service-Spezialist.","breadcrumb":{"@id":"https:\/\/www.veltec.eu\/de\/product\/staubsaugerroboter-2499-fortgeschritten\/#breadcrumb"},"inLanguage":"de","potentialAction":[{"@type":"ReadAction","target":["https:\/\/www.veltec.eu\/de\/product\/staubsaugerroboter-2499-fortgeschritten\/"]}]},{"@type":"ImageObject","inLanguage":"de","@id":"https:\/\/www.veltec.eu\/de\/product\/staubsaugerroboter-2499-fortgeschritten\/#primaryimage","url":"https:\/\/www.veltec.eu\/wp-content\/uploads\/2024\/07\/conga-2499-ultra-home-advanced_e6ymo9_1.png","contentUrl":"https:\/\/www.veltec.eu\/wp-content\/uploads\/2024\/07\/conga-2499-ultra-home-advanced_e6ymo9_1.png","width":640,"height":640},{"@type":"BreadcrumbList","@id":"https:\/\/www.veltec.eu\/de\/product\/staubsaugerroboter-2499-fortgeschritten\/#breadcrumb","itemListElement":[{"@type":"ListItem","position":1,"name":"Home","item":"https:\/\/www.veltec.eu\/de\/startseite\/"},{"@type":"ListItem","position":2,"name":"Kirby Laden","item":"https:\/\/www.veltec.eu\/de\/kirby-laden\/"},{"@type":"ListItem","position":3,"name":"Staubsaugerroboter 2499 Fortgeschritten"}]},{"@type":"WebSite","@id":"https:\/\/www.veltec.eu\/en\/#website","url":"https:\/\/www.veltec.eu\/en\/","name":"Veltec Kirby specialist","description":"Kirby stofzuiger producten","publisher":{"@id":"https:\/\/www.veltec.eu\/en\/#organization"},"potentialAction":[{"@type":"SearchAction","target":{"@type":"EntryPoint","urlTemplate":"https:\/\/www.veltec.eu\/en\/?s={search_term_string}"},"query-input":{"@type":"PropertyValueSpecification","valueRequired":true,"valueName":"search_term_string"}}],"inLanguage":"de"},{"@type":"Organization","@id":"https:\/\/www.veltec.eu\/en\/#organization","name":"Veltec Kirby Specialist","url":"https:\/\/www.veltec.eu\/en\/","logo":{"@type":"ImageObject","inLanguage":"de","@id":"https:\/\/www.veltec.eu\/en\/#\/schema\/logo\/image\/","url":"https:\/\/www.veltec.eu\/wp-content\/uploads\/2021\/12\/Veltec-log-groot-e1537260889125.png","contentUrl":"https:\/\/www.veltec.eu\/wp-content\/uploads\/2021\/12\/Veltec-log-groot-e1537260889125.png","width":200,"height":60,"caption":"Veltec Kirby Specialist"},"image":{"@id":"https:\/\/www.veltec.eu\/en\/#\/schema\/logo\/image\/"},"sameAs":["https:\/\/www.facebook.com\/Veltec-Kirby-Specialist-236746293374877\/","https:\/\/www.youtube.com\/user\/VeltecService"]}]}},"_links":{"self":[{"href":"https:\/\/www.veltec.eu\/de\/wp-json\/wp\/v2\/product\/61960","targetHints":{"allow":["GET"]}}],"collection":[{"href":"https:\/\/www.veltec.eu\/de\/wp-json\/wp\/v2\/product"}],"about":[{"href":"https:\/\/www.veltec.eu\/de\/wp-json\/wp\/v2\/types\/product"}],"replies":[{"embeddable":true,"href":"https:\/\/www.veltec.eu\/de\/wp-json\/wp\/v2\/comments?post=61960"}],"wp:featuredmedia":[{"embeddable":true,"href":"https:\/\/www.veltec.eu\/de\/wp-json\/wp\/v2\/media\/61910"}],"wp:attachment":[{"href":"https:\/\/www.veltec.eu\/de\/wp-json\/wp\/v2\/media?parent=61960"}],"wp:term":[{"taxonomy":"product_brand","embeddable":true,"href":"https:\/\/www.veltec.eu\/de\/wp-json\/wp\/v2\/product_brand?post=61960"},{"taxonomy":"product_cat","embeddable":true,"href":"https:\/\/www.veltec.eu\/de\/wp-json\/wp\/v2\/product_cat?post=61960"},{"taxonomy":"product_tag","embeddable":true,"href":"https:\/\/www.veltec.eu\/de\/wp-json\/wp\/v2\/product_tag?post=61960"}],"curies":[{"name":"wp","href":"https:\/\/api.w.org\/{rel}","templated":true}]}}