{"id":61875,"date":"2024-07-17T11:33:52","date_gmt":"2024-07-17T09:33:52","guid":{"rendered":"https:\/\/www.veltec.eu\/product\/conga-7490-x-treme\/"},"modified":"2025-01-23T16:44:00","modified_gmt":"2025-01-23T14:44:00","slug":"conga-7490-x-treme","status":"publish","type":"product","link":"https:\/\/www.veltec.eu\/de\/product\/conga-7490-x-treme\/","title":{"rendered":"Conga 7490 X-Treme"},"content":{"rendered":"<div id=\"technical-details\" class=\"css-0 egxb0x40\">\n<div class=\"css-1vrowg6\"><\/div>\n<div class=\"css-1vrowg6\">\n<div id=\"composition\" class=\"e1hv9n5v2 css-ldw7pi\"><\/div>\n<\/div>\n<\/div>\n<div class=\"css-1azakc er71tre1\">\n<div id=\"technical-details\" class=\"css-0 egxb0x40\">\n<div class=\"css-1vrowg6\">\n<div id=\"description\" class=\"e1pizqy33 css-1gvl2s3\">\n<p><strong><span class=\"e1pizqy31 css-hga4sk\">Beschreibung<\/span><\/strong><\/p>\n<div class=\"css-k1moeq e1pizqy32\">\n<ul>\n<li>Lasernavigation: Pr\u00e4zise Navigation f\u00fcr unschlagbare Reinigung in k\u00fcrzester Zeit.<\/li>\n<li>Gro\u00dfe Saugleistung: 2600 Pa, die selbst hartn\u00e4ckigsten Schmutz aufsaugt.<\/li>\n<li>4 in 1: Staubsaugen, fegen, schrubben und wischen (inklusive 2 Wischmopps).<\/li>\n<li>Hin- und hergehendes Schrubben: Entfernt m\u00fchelos den hartn\u00e4ckigsten Schmutz.<\/li>\n<li>Gro\u00dfes Fassungsverm\u00f6gen: Genie\u00dfen Sie das Platzangebot der Hygienebeutel mit einem Fassungsverm\u00f6gen von bis zu 3 Litern auf der selbstentleerenden Basis und vergessen Sie den Staub wochenlang.<\/li>\n<li>BagDetect: Das System erkennt, ob ein Hygienebeutel vorhanden ist, damit Sie nicht mit Staub in Kontakt kommen, und warnt Sie, wenn nicht.<\/li>\n<li>APP-Steuerung: Verwalten Sie den Conga von Ihrem Smartphone aus und steuern Sie unter anderem Programme, Stromversorgung, Scrubbing und Verlauf.<\/li>\n<li>10 Reinigungsmodi: Dank seiner vielseitigen Reinigungsmodi passt sich der Roboter jedem Bedarf in Ihrem Zuhause an.<\/li>\n<li>2 Seitenb\u00fcrsten: Erh\u00f6hen Sie den Aktionsradius Ihres Conga dank der Reichweite seiner 2 Seitenb\u00fcrsten.<\/li>\n<li>Multifunktionale Zentralb\u00fcrste: sorgt f\u00fcr eine gr\u00fcndliche, verwirrungsfreie Reinigung.<\/li>\n<li>2600-mAh-Akku: Genie\u00dfen Sie eine Reichweite von bis zu 120 Minuten, um eine optimale Reinigung Ihres Zuhauses zu erreichen.<\/li>\n<li>Raumplan: Definieren, planen und planen Sie die Reinigung Ihres gesamten Hauses oder einzelner R\u00e4ume dank der generierten Karte.<\/li>\n<\/ul>\n<p>&nbsp;<\/p>\n<\/div>\n<\/div>\n<\/div>\n<div class=\"css-1vrowg6\">\n<div id=\"composition\" class=\"e1hv9n5v2 css-ldw7pi\">\n<p><strong><span class=\"e1hv9n5v0 css-hga4sk\">Zusammensetzung<\/span><\/strong><\/p>\n<div class=\"css-1azcdyx e1hv9n5v1\">\n<ul>\n<li>Mehrfachauswahl<\/li>\n<li>1 Seitenb\u00fcrste<\/li>\n<li>2 Mopps<\/li>\n<li>Selbstreinigende B\u00fcrste<\/li>\n<li>Multifunktionsb\u00fcrste<\/li>\n<li>Gemischte Einzahlung<\/li>\n<li>Hocheffizienter Filter<\/li>\n<li>Handbuch<\/li>\n<li>Staubsaugerroboter<\/li>\n<\/ul>\n<p>&nbsp;<\/p>\n<\/div>\n<\/div>\n<\/div>\n<\/div>\n<hr class=\"css-hquz75 er71tre0\" \/>\n<div class=\"css-tsheg5 e1yoizh71\"><\/div>\n<\/div>\n","protected":false},"excerpt":{"rendered":"<p>Conga 7490 Ultimate X-Treme Saugroboter mit Lasernavigationstechnologie. 4-in-1-Reinigung: fegen, saugen, schrubben und wischen. Saugleistung von 2600 Pa. 120 Minuten Autonomie. Multifunktions-Zentralb\u00fcrste, 2 Scheuermopps und 1 Seitenb\u00fcrste. 3 w\u00e4hlbare Saugleistungs- und Scheuerwasserstufen. Programmierung. APP-Steuerung und virtuelle Assistenten.<\/p>\n<h3 class=\"western\"><span style=\"color: #008000;\"><span style=\"font-family: Microsoft Sans Serif, sans-serif;\"><span style=\"font-size: large;\">Vorr\u00e4tig<\/span><\/span><\/span><\/h3>\n<p align=\"left\"><span style=\"color: #000000;\"><span style=\"font-family: Liberation Serif, serif;\"><span style=\"font-size: medium;\">[av_font_icon icon='ue812' font='entypo-fontello' style='' caption='' size='25px' position='left' color='#43ad66' link='' linktarget='' title_attr='' sonar_effect_effect='' sonar_effect_color='' sonar_effect_duration='1' sonar_effect_scale='' sonar_effect_opac='0.5' animation='' id='' custom_class='' template_class='' av_uid='' sc_version='1.0' admin_preview_bg=''][\/av_font_icon]<\/span><\/span><\/span><\/p>\n<p><span style=\"color: #008000;\">Die Lieferzeit betr\u00e4gt zwischen 5 und 10 Arbeitstagen.<\/span><\/p>\n<p align=\"left\"><span style=\"color: #000000;\"><span style=\"font-family: Liberation Serif, serif;\"><span style=\"font-size: medium;\">[av_font_icon icon='ue812' font='entypo-fontello' style='' caption='' size='25px' position='left' color='#43ad66' link='' linktarget='' title_attr='' sonar_effect_effect='' sonar_effect_color='' sonar_effect_duration='1' sonar_effect_scale='' sonar_effect_opac='0.5' animation='' id='' custom_class='' template_class='' av_uid='' sc_version='1.0' admin_preview_bg=''][\/av_font_icon]<\/span><\/span><\/span><\/p>\n<p><span style=\"color: #008000;\">2 Jahre Garantie<\/span><\/p>\n<p>&nbsp;<\/p>\n","protected":false},"featured_media":64043,"comment_status":"open","ping_status":"closed","template":"","meta":{"_acf_changed":false},"product_brand":[],"product_cat":[26],"product_tag":[],"class_list":{"0":"post-61875","1":"product","2":"type-product","3":"status-publish","4":"has-post-thumbnail","6":"product_cat-overige-producten","8":"first","9":"outofstock","10":"sale","11":"taxable","12":"shipping-taxable","13":"purchasable","14":"product-type-simple"},"acf":[],"yoast_head":"<!-- This site is optimized with the Yoast SEO Premium plugin v27.1 (Yoast SEO v27.4) - https:\/\/yoast.com\/product\/yoast-seo-premium-wordpress\/ -->\n<title>Conga 7490 X-Treme - Veltec Kirby specialist<\/title>\n<meta name=\"description\" content=\"Conga 7490 X-Treme - Laser-Staubsaugerroboter mit selbstentleerendem Boden und Bodenwischfunktion. Veltec ist Spezialist f\u00fcr Staubsaugerroboter.\" \/>\n<meta name=\"robots\" content=\"index, follow, max-snippet:-1, max-image-preview:large, max-video-preview:-1\" \/>\n<link rel=\"canonical\" href=\"https:\/\/www.veltec.eu\/de\/product\/conga-7490-x-treme\/\" \/>\n<meta property=\"og:locale\" content=\"de_DE\" \/>\n<meta property=\"og:type\" content=\"article\" \/>\n<meta property=\"og:title\" content=\"Conga 7490 X-Treme\" \/>\n<meta property=\"og:description\" content=\"Conga 7490 Ultimate X-Treme Saugroboter mit Lasernavigationstechnologie. 4-in-1-Reinigung: fegen, saugen, schrubben und wischen. Saugleistung von 2600 Pa. 120 Minuten Autonomie. Multifunktions-Zentralb\u00fcrste, 2 Scheuermopps und 1 Seitenb\u00fcrste. 3 w\u00e4hlbare Saugleistungs- und Scheuerwasserstufen. Programmierung. APP-Steuerung und virtuelle Assistenten. Vorr\u00e4tig  Die Lieferzeit betr\u00e4gt zwischen 5 und 10 Arbeitstagen.  2 Jahre Garantie  &nbsp;\" \/>\n<meta property=\"og:url\" content=\"https:\/\/www.veltec.eu\/de\/product\/conga-7490-x-treme\/\" \/>\n<meta property=\"og:site_name\" content=\"Veltec Kirby specialist\" \/>\n<meta property=\"article:publisher\" content=\"https:\/\/www.facebook.com\/Veltec-Kirby-Specialist-236746293374877\/\" \/>\n<meta property=\"article:modified_time\" content=\"2025-01-23T14:44:00+00:00\" \/>\n<meta property=\"og:image\" content=\"https:\/\/www.veltec.eu\/wp-content\/uploads\/2024\/07\/robot.png\" \/>\n\t<meta property=\"og:image:width\" content=\"550\" \/>\n\t<meta property=\"og:image:height\" content=\"550\" \/>\n\t<meta property=\"og:image:type\" content=\"image\/png\" \/>\n<meta name=\"twitter:card\" content=\"summary_large_image\" \/>\n<meta name=\"twitter:label1\" content=\"Gesch\u00e4tzte Lesezeit\" \/>\n\t<meta name=\"twitter:data1\" content=\"1\u00a0Minute\" \/>\n<script type=\"application\/ld+json\" class=\"yoast-schema-graph\">{\"@context\":\"https:\\\/\\\/schema.org\",\"@graph\":[{\"@type\":\"WebPage\",\"@id\":\"https:\\\/\\\/www.veltec.eu\\\/de\\\/product\\\/conga-7490-x-treme\\\/\",\"url\":\"https:\\\/\\\/www.veltec.eu\\\/de\\\/product\\\/conga-7490-x-treme\\\/\",\"name\":\"Conga 7490 X-Treme - Veltec Kirby specialist\",\"isPartOf\":{\"@id\":\"https:\\\/\\\/www.veltec.eu\\\/en\\\/#website\"},\"primaryImageOfPage\":{\"@id\":\"https:\\\/\\\/www.veltec.eu\\\/de\\\/product\\\/conga-7490-x-treme\\\/#primaryimage\"},\"image\":{\"@id\":\"https:\\\/\\\/www.veltec.eu\\\/de\\\/product\\\/conga-7490-x-treme\\\/#primaryimage\"},\"thumbnailUrl\":\"https:\\\/\\\/www.veltec.eu\\\/wp-content\\\/uploads\\\/2024\\\/07\\\/robot.png\",\"datePublished\":\"2024-07-17T09:33:52+00:00\",\"dateModified\":\"2025-01-23T14:44:00+00:00\",\"description\":\"Conga 7490 X-Treme - Laser-Staubsaugerroboter mit selbstentleerendem Boden und Bodenwischfunktion. Veltec ist Spezialist f\u00fcr Staubsaugerroboter.\",\"breadcrumb\":{\"@id\":\"https:\\\/\\\/www.veltec.eu\\\/de\\\/product\\\/conga-7490-x-treme\\\/#breadcrumb\"},\"inLanguage\":\"de\",\"potentialAction\":[{\"@type\":\"ReadAction\",\"target\":[\"https:\\\/\\\/www.veltec.eu\\\/de\\\/product\\\/conga-7490-x-treme\\\/\"]}]},{\"@type\":\"ImageObject\",\"inLanguage\":\"de\",\"@id\":\"https:\\\/\\\/www.veltec.eu\\\/de\\\/product\\\/conga-7490-x-treme\\\/#primaryimage\",\"url\":\"https:\\\/\\\/www.veltec.eu\\\/wp-content\\\/uploads\\\/2024\\\/07\\\/robot.png\",\"contentUrl\":\"https:\\\/\\\/www.veltec.eu\\\/wp-content\\\/uploads\\\/2024\\\/07\\\/robot.png\",\"width\":550,\"height\":550},{\"@type\":\"BreadcrumbList\",\"@id\":\"https:\\\/\\\/www.veltec.eu\\\/de\\\/product\\\/conga-7490-x-treme\\\/#breadcrumb\",\"itemListElement\":[{\"@type\":\"ListItem\",\"position\":1,\"name\":\"Home\",\"item\":\"https:\\\/\\\/www.veltec.eu\\\/de\\\/startseite\\\/\"},{\"@type\":\"ListItem\",\"position\":2,\"name\":\"Kirby Laden\",\"item\":\"https:\\\/\\\/www.veltec.eu\\\/de\\\/kirby-laden\\\/\"},{\"@type\":\"ListItem\",\"position\":3,\"name\":\"Conga 7490 X-Treme\"}]},{\"@type\":\"WebSite\",\"@id\":\"https:\\\/\\\/www.veltec.eu\\\/en\\\/#website\",\"url\":\"https:\\\/\\\/www.veltec.eu\\\/en\\\/\",\"name\":\"Veltec Kirby specialist\",\"description\":\"Kirby stofzuiger producten\",\"publisher\":{\"@id\":\"https:\\\/\\\/www.veltec.eu\\\/en\\\/#organization\"},\"potentialAction\":[{\"@type\":\"SearchAction\",\"target\":{\"@type\":\"EntryPoint\",\"urlTemplate\":\"https:\\\/\\\/www.veltec.eu\\\/en\\\/?s={search_term_string}\"},\"query-input\":{\"@type\":\"PropertyValueSpecification\",\"valueRequired\":true,\"valueName\":\"search_term_string\"}}],\"inLanguage\":\"de\"},{\"@type\":\"Organization\",\"@id\":\"https:\\\/\\\/www.veltec.eu\\\/en\\\/#organization\",\"name\":\"Veltec Kirby Specialist\",\"url\":\"https:\\\/\\\/www.veltec.eu\\\/en\\\/\",\"logo\":{\"@type\":\"ImageObject\",\"inLanguage\":\"de\",\"@id\":\"https:\\\/\\\/www.veltec.eu\\\/en\\\/#\\\/schema\\\/logo\\\/image\\\/\",\"url\":\"https:\\\/\\\/www.veltec.eu\\\/wp-content\\\/uploads\\\/2021\\\/12\\\/Veltec-log-groot-e1537260889125.png\",\"contentUrl\":\"https:\\\/\\\/www.veltec.eu\\\/wp-content\\\/uploads\\\/2021\\\/12\\\/Veltec-log-groot-e1537260889125.png\",\"width\":200,\"height\":60,\"caption\":\"Veltec Kirby Specialist\"},\"image\":{\"@id\":\"https:\\\/\\\/www.veltec.eu\\\/en\\\/#\\\/schema\\\/logo\\\/image\\\/\"},\"sameAs\":[\"https:\\\/\\\/www.facebook.com\\\/Veltec-Kirby-Specialist-236746293374877\\\/\",\"https:\\\/\\\/www.youtube.com\\\/user\\\/VeltecService\"]}]}<\/script>\n<!-- \/ Yoast SEO Premium plugin. -->","yoast_head_json":{"title":"Conga 7490 X-Treme - Veltec Kirby specialist","description":"Conga 7490 X-Treme - Laser-Staubsaugerroboter mit selbstentleerendem Boden und Bodenwischfunktion. Veltec ist Spezialist f\u00fcr Staubsaugerroboter.","robots":{"index":"index","follow":"follow","max-snippet":"max-snippet:-1","max-image-preview":"max-image-preview:large","max-video-preview":"max-video-preview:-1"},"canonical":"https:\/\/www.veltec.eu\/de\/product\/conga-7490-x-treme\/","og_locale":"de_DE","og_type":"article","og_title":"Conga 7490 X-Treme","og_description":"Conga 7490 Ultimate X-Treme Saugroboter mit Lasernavigationstechnologie. 4-in-1-Reinigung: fegen, saugen, schrubben und wischen. Saugleistung von 2600 Pa. 120 Minuten Autonomie. Multifunktions-Zentralb\u00fcrste, 2 Scheuermopps und 1 Seitenb\u00fcrste. 3 w\u00e4hlbare Saugleistungs- und Scheuerwasserstufen. Programmierung. APP-Steuerung und virtuelle Assistenten. Vorr\u00e4tig  Die Lieferzeit betr\u00e4gt zwischen 5 und 10 Arbeitstagen.  2 Jahre Garantie  &nbsp;","og_url":"https:\/\/www.veltec.eu\/de\/product\/conga-7490-x-treme\/","og_site_name":"Veltec Kirby specialist","article_publisher":"https:\/\/www.facebook.com\/Veltec-Kirby-Specialist-236746293374877\/","article_modified_time":"2025-01-23T14:44:00+00:00","og_image":[{"width":550,"height":550,"url":"https:\/\/www.veltec.eu\/wp-content\/uploads\/2024\/07\/robot.png","type":"image\/png"}],"twitter_card":"summary_large_image","twitter_misc":{"Gesch\u00e4tzte Lesezeit":"1\u00a0Minute"},"schema":{"@context":"https:\/\/schema.org","@graph":[{"@type":"WebPage","@id":"https:\/\/www.veltec.eu\/de\/product\/conga-7490-x-treme\/","url":"https:\/\/www.veltec.eu\/de\/product\/conga-7490-x-treme\/","name":"Conga 7490 X-Treme - Veltec Kirby specialist","isPartOf":{"@id":"https:\/\/www.veltec.eu\/en\/#website"},"primaryImageOfPage":{"@id":"https:\/\/www.veltec.eu\/de\/product\/conga-7490-x-treme\/#primaryimage"},"image":{"@id":"https:\/\/www.veltec.eu\/de\/product\/conga-7490-x-treme\/#primaryimage"},"thumbnailUrl":"https:\/\/www.veltec.eu\/wp-content\/uploads\/2024\/07\/robot.png","datePublished":"2024-07-17T09:33:52+00:00","dateModified":"2025-01-23T14:44:00+00:00","description":"Conga 7490 X-Treme - Laser-Staubsaugerroboter mit selbstentleerendem Boden und Bodenwischfunktion. Veltec ist Spezialist f\u00fcr Staubsaugerroboter.","breadcrumb":{"@id":"https:\/\/www.veltec.eu\/de\/product\/conga-7490-x-treme\/#breadcrumb"},"inLanguage":"de","potentialAction":[{"@type":"ReadAction","target":["https:\/\/www.veltec.eu\/de\/product\/conga-7490-x-treme\/"]}]},{"@type":"ImageObject","inLanguage":"de","@id":"https:\/\/www.veltec.eu\/de\/product\/conga-7490-x-treme\/#primaryimage","url":"https:\/\/www.veltec.eu\/wp-content\/uploads\/2024\/07\/robot.png","contentUrl":"https:\/\/www.veltec.eu\/wp-content\/uploads\/2024\/07\/robot.png","width":550,"height":550},{"@type":"BreadcrumbList","@id":"https:\/\/www.veltec.eu\/de\/product\/conga-7490-x-treme\/#breadcrumb","itemListElement":[{"@type":"ListItem","position":1,"name":"Home","item":"https:\/\/www.veltec.eu\/de\/startseite\/"},{"@type":"ListItem","position":2,"name":"Kirby Laden","item":"https:\/\/www.veltec.eu\/de\/kirby-laden\/"},{"@type":"ListItem","position":3,"name":"Conga 7490 X-Treme"}]},{"@type":"WebSite","@id":"https:\/\/www.veltec.eu\/en\/#website","url":"https:\/\/www.veltec.eu\/en\/","name":"Veltec Kirby specialist","description":"Kirby stofzuiger producten","publisher":{"@id":"https:\/\/www.veltec.eu\/en\/#organization"},"potentialAction":[{"@type":"SearchAction","target":{"@type":"EntryPoint","urlTemplate":"https:\/\/www.veltec.eu\/en\/?s={search_term_string}"},"query-input":{"@type":"PropertyValueSpecification","valueRequired":true,"valueName":"search_term_string"}}],"inLanguage":"de"},{"@type":"Organization","@id":"https:\/\/www.veltec.eu\/en\/#organization","name":"Veltec Kirby Specialist","url":"https:\/\/www.veltec.eu\/en\/","logo":{"@type":"ImageObject","inLanguage":"de","@id":"https:\/\/www.veltec.eu\/en\/#\/schema\/logo\/image\/","url":"https:\/\/www.veltec.eu\/wp-content\/uploads\/2021\/12\/Veltec-log-groot-e1537260889125.png","contentUrl":"https:\/\/www.veltec.eu\/wp-content\/uploads\/2021\/12\/Veltec-log-groot-e1537260889125.png","width":200,"height":60,"caption":"Veltec Kirby Specialist"},"image":{"@id":"https:\/\/www.veltec.eu\/en\/#\/schema\/logo\/image\/"},"sameAs":["https:\/\/www.facebook.com\/Veltec-Kirby-Specialist-236746293374877\/","https:\/\/www.youtube.com\/user\/VeltecService"]}]}},"_links":{"self":[{"href":"https:\/\/www.veltec.eu\/de\/wp-json\/wp\/v2\/product\/61875","targetHints":{"allow":["GET"]}}],"collection":[{"href":"https:\/\/www.veltec.eu\/de\/wp-json\/wp\/v2\/product"}],"about":[{"href":"https:\/\/www.veltec.eu\/de\/wp-json\/wp\/v2\/types\/product"}],"replies":[{"embeddable":true,"href":"https:\/\/www.veltec.eu\/de\/wp-json\/wp\/v2\/comments?post=61875"}],"wp:featuredmedia":[{"embeddable":true,"href":"https:\/\/www.veltec.eu\/de\/wp-json\/wp\/v2\/media\/64043"}],"wp:attachment":[{"href":"https:\/\/www.veltec.eu\/de\/wp-json\/wp\/v2\/media?parent=61875"}],"wp:term":[{"taxonomy":"product_brand","embeddable":true,"href":"https:\/\/www.veltec.eu\/de\/wp-json\/wp\/v2\/product_brand?post=61875"},{"taxonomy":"product_cat","embeddable":true,"href":"https:\/\/www.veltec.eu\/de\/wp-json\/wp\/v2\/product_cat?post=61875"},{"taxonomy":"product_tag","embeddable":true,"href":"https:\/\/www.veltec.eu\/de\/wp-json\/wp\/v2\/product_tag?post=61875"}],"curies":[{"name":"wp","href":"https:\/\/api.w.org\/{rel}","templated":true}]}}