{"id":61797,"date":"2024-07-17T10:02:32","date_gmt":"2024-07-17T08:02:32","guid":{"rendered":"https:\/\/www.veltec.eu\/product\/conga-8290-x-treme\/"},"modified":"2025-01-23T17:12:24","modified_gmt":"2025-01-23T15:12:24","slug":"conga-8290-x-treme","status":"publish","type":"product","link":"https:\/\/www.veltec.eu\/de\/product\/conga-8290-x-treme\/","title":{"rendered":"Conga 8290  X-Treme"},"content":{"rendered":"<div class=\"css-1vrowg6\">\n<div id=\"description\" class=\"e1pizqy33 css-1gvl2s3\">\n<div class=\"css-1vrowg6\">\n<div id=\"description\" class=\"e1pizqy33 css-1gvl2s3\">\n<p><strong><span class=\"e1pizqy31 css-hga4sk\">Beschreibung<\/span><\/strong><\/p>\n<div class=\"css-k1moeq e1pizqy32\">\n<ul>\n<li>Lasernavigation: kartografieren Sie Ihr Zuhause f\u00fcr eine pr\u00e4zise Reinigung aller gew\u00fcnschten R\u00e4ume in k\u00fcrzester Zeit.<\/li>\n<li>Autonomie: Der Roboter verf\u00fcgt \u00fcber einen 5200-mAh-Akku, der mehr als 280 Minuten Autonomie bietet, um mehr als 280 m2 abzudecken.<\/li>\n<li>10 Modi: W\u00e4hlen Sie den Modus, der am besten zu Ihnen passt, und genie\u00dfen Sie die individuelle Reinigung auf die bequemste Weise.<\/li>\n<li>Vor und zur\u00fcck schrubbende Bewegung: Der Roboter schrubbt intensiv mit elektronischer Wasserdosierung, um zu verhindern, dass Ihr Boden gl\u00e4nzt.<\/li>\n<li>3-Liter-Beutel: Tauschen Sie den Beutel nur 4 Mal pro Jahr aus und genie\u00dfen Sie t\u00e4glich ein sauberes Zuhause. Au\u00dferdem verf\u00fcgt er \u00fcber ein Beutelsicherheitserkennungssystem, das die Entleerung verhindert, wenn die Basis nicht mit dem Beutel ausgestattet ist.<\/li>\n<li>App-Steuerung: Erm\u00f6glicht die Steuerung der Reinigung von jedem Ort aus, auch mit virtuellen Sprachassistenten.<\/li>\n<li>Gesamter Bereich: Wenn der Akku des Roboters leer ist, kehrt er automatisch zur Ladestation zur\u00fcck und nimmt die Reinigung wieder auf, um die geplante Reinigung abzuschlie\u00dfen.<\/li>\n<li>Eingeschr\u00e4nkte Bereiche: W\u00e4hlen Sie in der App die Bereiche in Ihrem Haus aus, die der Roboter nicht reinigen soll, und machen Sie sich keine Sorgen mehr.<\/li>\n<li>Raumplan: Erm\u00f6glicht es Ihnen, die Reinigung Ihres gesamten Hauses oder bestimmter R\u00e4ume dank der erstellten Karte zu definieren, zu planen und zu planen.<\/li>\n<li>Saugmotor: 7000 Pa, damit der Roboter nichts zum Saugen zur\u00fcckl\u00e4sst.<\/li>\n<\/ul>\n<\/div>\n<\/div>\n<\/div>\n<\/div>\n<\/div>\n<div class=\"css-1vrowg6\">\n<div id=\"composition\" class=\"e1hv9n5v2 css-ldw7pi\">\n<p>&nbsp;<\/p>\n<div id=\"technical-details\" class=\"css-0 egxb0x40\">\n<div class=\"css-1vrowg6\">\n<div id=\"composition\" class=\"e1hv9n5v2 css-ldw7pi\">\n<p>&nbsp;<\/p>\n<p><strong><span class=\"e1hv9n5v0 css-hga4sk\">Zusammensetzung<\/span><\/strong><\/p>\n<div class=\"css-1azcdyx e1hv9n5v1\">\n<ul>\n<li>1 Seitenb\u00fcrste<\/li>\n<li>Selbstreinigender Boden<\/li>\n<li>Hygienischer 3-Liter-Beutel<\/li>\n<li>Selbstreinigende B\u00fcrste<\/li>\n<li>Mehrzweck-B\u00fcrste<\/li>\n<li>Gemischte Ablagerung<\/li>\n<li>Hocheffizienter Filter<\/li>\n<li>Manuell<\/li>\n<li>Schrubber-Mopp<\/li>\n<li>Hoover-Roboter<\/li>\n<li>Conga 8290 X-Treme<\/li>\n<\/ul>\n<\/div>\n<\/div>\n<\/div>\n<\/div>\n<p>&nbsp;<\/p>\n<p align=\"left\">\n<\/div>\n<\/div>\n","protected":false},"excerpt":{"rendered":"<p>Staubsaugerroboter mit Lasernavigation und selbstentleerendem Boden. 3-Liter-Beutel. 4 in 1: Kehren, Saugen, Schrubben und Wischen. 7000 Pa. 280 Minuten Autonomie. 2 Schrubbmopps. 1 Seitenb\u00fcrste 3 Stufen der Saug- und Schrubbkraft. CECOTEC APP und virtuelle Assistenten.<\/p>\n<h3 class=\"western\"><span style=\"color: #008000;\"><span style=\"font-family: Microsoft Sans Serif, sans-serif;\"><span style=\"font-size: large;\">Vorr\u00e4tig<\/span><\/span><\/span><\/h3>\n<p align=\"left\"><span style=\"color: #000000;\"><span style=\"font-family: Liberation Serif, serif;\"><span style=\"font-size: medium;\">[av_font_icon icon='ue812' font='entypo-fontello' style='' caption='' size='25px' position='left' color='#43ad66' link='' linktarget='' title_attr='' sonar_effect_effect='' sonar_effect_color='' sonar_effect_duration='1' sonar_effect_scale='' sonar_effect_opac='0.5' animation='' id='' custom_class='' template_class='' av_uid='' sc_version='1.0' admin_preview_bg=''][\/av_font_icon]<\/span><\/span><\/span><\/p>\n<p><span style=\"color: #008000;\">Die Lieferzeit betr\u00e4gt zwischen 5 und 10 Arbeitstagen.<\/span><\/p>\n<p align=\"left\"><span style=\"color: #000000;\"><span style=\"font-family: Liberation Serif, serif;\"><span style=\"font-size: medium;\">[av_font_icon icon='ue812' font='entypo-fontello' style='' caption='' size='25px' position='left' color='#43ad66' link='' linktarget='' title_attr='' sonar_effect_effect='' sonar_effect_color='' sonar_effect_duration='1' sonar_effect_scale='' sonar_effect_opac='0.5' animation='' id='' custom_class='' template_class='' av_uid='' sc_version='1.0' admin_preview_bg=''][\/av_font_icon]<\/span><\/span><\/span><\/p>\n<p><span style=\"color: #008000;\">2 Jahre Garantie<\/span><\/p>\n<p>&nbsp;<\/p>\n","protected":false},"featured_media":61777,"comment_status":"open","ping_status":"closed","template":"","meta":{"_acf_changed":false},"product_brand":[],"product_cat":[26],"product_tag":[],"class_list":{"0":"post-61797","1":"product","2":"type-product","3":"status-publish","4":"has-post-thumbnail","6":"product_cat-overige-producten","8":"first","9":"outofstock","10":"taxable","11":"shipping-taxable","12":"purchasable","13":"product-type-simple"},"acf":[],"yoast_head":"<!-- This site is optimized with the Yoast SEO Premium plugin v27.1 (Yoast SEO v27.4) - https:\/\/yoast.com\/product\/yoast-seo-premium-wordpress\/ -->\n<title>Conga 8290 X-Treme - Veltec Kirby specialist<\/title>\n<meta name=\"description\" content=\"Conga 8290 X-Treme - Laser-Staubsaugerroboter mit selbstentleerendem Boden und Bodenwischfunktion. Veltec Spezialist f\u00fcr Staubsaugerroboter.\" \/>\n<meta name=\"robots\" content=\"index, follow, max-snippet:-1, max-image-preview:large, max-video-preview:-1\" \/>\n<link rel=\"canonical\" href=\"https:\/\/www.veltec.eu\/de\/product\/conga-8290-x-treme\/\" \/>\n<meta property=\"og:locale\" content=\"de_DE\" \/>\n<meta property=\"og:type\" content=\"article\" \/>\n<meta property=\"og:title\" content=\"Conga 8290 X-Treme\" \/>\n<meta property=\"og:description\" content=\"Staubsaugerroboter mit Lasernavigation und selbstentleerendem Boden. 3-Liter-Beutel. 4 in 1: Kehren, Saugen, Schrubben und Wischen. 7000 Pa. 280 Minuten Autonomie. 2 Schrubbmopps. 1 Seitenb\u00fcrste 3 Stufen der Saug- und Schrubbkraft. CECOTEC APP und virtuelle Assistenten. Vorr\u00e4tig  Die Lieferzeit betr\u00e4gt zwischen 5 und 10 Arbeitstagen.  2 Jahre Garantie  &nbsp;\" \/>\n<meta property=\"og:url\" content=\"https:\/\/www.veltec.eu\/de\/product\/conga-8290-x-treme\/\" \/>\n<meta property=\"og:site_name\" content=\"Veltec Kirby specialist\" \/>\n<meta property=\"article:publisher\" content=\"https:\/\/www.facebook.com\/Veltec-Kirby-Specialist-236746293374877\/\" \/>\n<meta property=\"article:modified_time\" content=\"2025-01-23T15:12:24+00:00\" \/>\n<meta property=\"og:image\" content=\"https:\/\/www.veltec.eu\/wp-content\/uploads\/2024\/07\/conga-8290-immortal-ultra-power-home-x-treme_rc3m5j_1.png\" \/>\n\t<meta property=\"og:image:width\" content=\"640\" \/>\n\t<meta property=\"og:image:height\" content=\"640\" \/>\n\t<meta property=\"og:image:type\" content=\"image\/png\" \/>\n<meta name=\"twitter:card\" content=\"summary_large_image\" \/>\n<meta name=\"twitter:label1\" content=\"Gesch\u00e4tzte Lesezeit\" \/>\n\t<meta name=\"twitter:data1\" content=\"2\u00a0Minuten\" \/>\n<script type=\"application\/ld+json\" class=\"yoast-schema-graph\">{\"@context\":\"https:\\\/\\\/schema.org\",\"@graph\":[{\"@type\":\"WebPage\",\"@id\":\"https:\\\/\\\/www.veltec.eu\\\/de\\\/product\\\/conga-8290-x-treme\\\/\",\"url\":\"https:\\\/\\\/www.veltec.eu\\\/de\\\/product\\\/conga-8290-x-treme\\\/\",\"name\":\"Conga 8290 X-Treme - Veltec Kirby specialist\",\"isPartOf\":{\"@id\":\"https:\\\/\\\/www.veltec.eu\\\/en\\\/#website\"},\"primaryImageOfPage\":{\"@id\":\"https:\\\/\\\/www.veltec.eu\\\/de\\\/product\\\/conga-8290-x-treme\\\/#primaryimage\"},\"image\":{\"@id\":\"https:\\\/\\\/www.veltec.eu\\\/de\\\/product\\\/conga-8290-x-treme\\\/#primaryimage\"},\"thumbnailUrl\":\"https:\\\/\\\/www.veltec.eu\\\/wp-content\\\/uploads\\\/2024\\\/07\\\/conga-8290-immortal-ultra-power-home-x-treme_rc3m5j_1.png\",\"datePublished\":\"2024-07-17T08:02:32+00:00\",\"dateModified\":\"2025-01-23T15:12:24+00:00\",\"description\":\"Conga 8290 X-Treme - Laser-Staubsaugerroboter mit selbstentleerendem Boden und Bodenwischfunktion. Veltec Spezialist f\u00fcr Staubsaugerroboter.\",\"breadcrumb\":{\"@id\":\"https:\\\/\\\/www.veltec.eu\\\/de\\\/product\\\/conga-8290-x-treme\\\/#breadcrumb\"},\"inLanguage\":\"de\",\"potentialAction\":[{\"@type\":\"ReadAction\",\"target\":[\"https:\\\/\\\/www.veltec.eu\\\/de\\\/product\\\/conga-8290-x-treme\\\/\"]}]},{\"@type\":\"ImageObject\",\"inLanguage\":\"de\",\"@id\":\"https:\\\/\\\/www.veltec.eu\\\/de\\\/product\\\/conga-8290-x-treme\\\/#primaryimage\",\"url\":\"https:\\\/\\\/www.veltec.eu\\\/wp-content\\\/uploads\\\/2024\\\/07\\\/conga-8290-immortal-ultra-power-home-x-treme_rc3m5j_1.png\",\"contentUrl\":\"https:\\\/\\\/www.veltec.eu\\\/wp-content\\\/uploads\\\/2024\\\/07\\\/conga-8290-immortal-ultra-power-home-x-treme_rc3m5j_1.png\",\"width\":640,\"height\":640},{\"@type\":\"BreadcrumbList\",\"@id\":\"https:\\\/\\\/www.veltec.eu\\\/de\\\/product\\\/conga-8290-x-treme\\\/#breadcrumb\",\"itemListElement\":[{\"@type\":\"ListItem\",\"position\":1,\"name\":\"Home\",\"item\":\"https:\\\/\\\/www.veltec.eu\\\/de\\\/startseite\\\/\"},{\"@type\":\"ListItem\",\"position\":2,\"name\":\"Kirby Laden\",\"item\":\"https:\\\/\\\/www.veltec.eu\\\/de\\\/kirby-laden\\\/\"},{\"@type\":\"ListItem\",\"position\":3,\"name\":\"Conga 8290 X-Treme\"}]},{\"@type\":\"WebSite\",\"@id\":\"https:\\\/\\\/www.veltec.eu\\\/en\\\/#website\",\"url\":\"https:\\\/\\\/www.veltec.eu\\\/en\\\/\",\"name\":\"Veltec Kirby specialist\",\"description\":\"Kirby stofzuiger producten\",\"publisher\":{\"@id\":\"https:\\\/\\\/www.veltec.eu\\\/en\\\/#organization\"},\"potentialAction\":[{\"@type\":\"SearchAction\",\"target\":{\"@type\":\"EntryPoint\",\"urlTemplate\":\"https:\\\/\\\/www.veltec.eu\\\/en\\\/?s={search_term_string}\"},\"query-input\":{\"@type\":\"PropertyValueSpecification\",\"valueRequired\":true,\"valueName\":\"search_term_string\"}}],\"inLanguage\":\"de\"},{\"@type\":\"Organization\",\"@id\":\"https:\\\/\\\/www.veltec.eu\\\/en\\\/#organization\",\"name\":\"Veltec Kirby Specialist\",\"url\":\"https:\\\/\\\/www.veltec.eu\\\/en\\\/\",\"logo\":{\"@type\":\"ImageObject\",\"inLanguage\":\"de\",\"@id\":\"https:\\\/\\\/www.veltec.eu\\\/en\\\/#\\\/schema\\\/logo\\\/image\\\/\",\"url\":\"https:\\\/\\\/www.veltec.eu\\\/wp-content\\\/uploads\\\/2021\\\/12\\\/Veltec-log-groot-e1537260889125.png\",\"contentUrl\":\"https:\\\/\\\/www.veltec.eu\\\/wp-content\\\/uploads\\\/2021\\\/12\\\/Veltec-log-groot-e1537260889125.png\",\"width\":200,\"height\":60,\"caption\":\"Veltec Kirby Specialist\"},\"image\":{\"@id\":\"https:\\\/\\\/www.veltec.eu\\\/en\\\/#\\\/schema\\\/logo\\\/image\\\/\"},\"sameAs\":[\"https:\\\/\\\/www.facebook.com\\\/Veltec-Kirby-Specialist-236746293374877\\\/\",\"https:\\\/\\\/www.youtube.com\\\/user\\\/VeltecService\"]}]}<\/script>\n<!-- \/ Yoast SEO Premium plugin. -->","yoast_head_json":{"title":"Conga 8290 X-Treme - Veltec Kirby specialist","description":"Conga 8290 X-Treme - Laser-Staubsaugerroboter mit selbstentleerendem Boden und Bodenwischfunktion. Veltec Spezialist f\u00fcr Staubsaugerroboter.","robots":{"index":"index","follow":"follow","max-snippet":"max-snippet:-1","max-image-preview":"max-image-preview:large","max-video-preview":"max-video-preview:-1"},"canonical":"https:\/\/www.veltec.eu\/de\/product\/conga-8290-x-treme\/","og_locale":"de_DE","og_type":"article","og_title":"Conga 8290 X-Treme","og_description":"Staubsaugerroboter mit Lasernavigation und selbstentleerendem Boden. 3-Liter-Beutel. 4 in 1: Kehren, Saugen, Schrubben und Wischen. 7000 Pa. 280 Minuten Autonomie. 2 Schrubbmopps. 1 Seitenb\u00fcrste 3 Stufen der Saug- und Schrubbkraft. CECOTEC APP und virtuelle Assistenten. Vorr\u00e4tig  Die Lieferzeit betr\u00e4gt zwischen 5 und 10 Arbeitstagen.  2 Jahre Garantie  &nbsp;","og_url":"https:\/\/www.veltec.eu\/de\/product\/conga-8290-x-treme\/","og_site_name":"Veltec Kirby specialist","article_publisher":"https:\/\/www.facebook.com\/Veltec-Kirby-Specialist-236746293374877\/","article_modified_time":"2025-01-23T15:12:24+00:00","og_image":[{"width":640,"height":640,"url":"https:\/\/www.veltec.eu\/wp-content\/uploads\/2024\/07\/conga-8290-immortal-ultra-power-home-x-treme_rc3m5j_1.png","type":"image\/png"}],"twitter_card":"summary_large_image","twitter_misc":{"Gesch\u00e4tzte Lesezeit":"2\u00a0Minuten"},"schema":{"@context":"https:\/\/schema.org","@graph":[{"@type":"WebPage","@id":"https:\/\/www.veltec.eu\/de\/product\/conga-8290-x-treme\/","url":"https:\/\/www.veltec.eu\/de\/product\/conga-8290-x-treme\/","name":"Conga 8290 X-Treme - Veltec Kirby specialist","isPartOf":{"@id":"https:\/\/www.veltec.eu\/en\/#website"},"primaryImageOfPage":{"@id":"https:\/\/www.veltec.eu\/de\/product\/conga-8290-x-treme\/#primaryimage"},"image":{"@id":"https:\/\/www.veltec.eu\/de\/product\/conga-8290-x-treme\/#primaryimage"},"thumbnailUrl":"https:\/\/www.veltec.eu\/wp-content\/uploads\/2024\/07\/conga-8290-immortal-ultra-power-home-x-treme_rc3m5j_1.png","datePublished":"2024-07-17T08:02:32+00:00","dateModified":"2025-01-23T15:12:24+00:00","description":"Conga 8290 X-Treme - Laser-Staubsaugerroboter mit selbstentleerendem Boden und Bodenwischfunktion. Veltec Spezialist f\u00fcr Staubsaugerroboter.","breadcrumb":{"@id":"https:\/\/www.veltec.eu\/de\/product\/conga-8290-x-treme\/#breadcrumb"},"inLanguage":"de","potentialAction":[{"@type":"ReadAction","target":["https:\/\/www.veltec.eu\/de\/product\/conga-8290-x-treme\/"]}]},{"@type":"ImageObject","inLanguage":"de","@id":"https:\/\/www.veltec.eu\/de\/product\/conga-8290-x-treme\/#primaryimage","url":"https:\/\/www.veltec.eu\/wp-content\/uploads\/2024\/07\/conga-8290-immortal-ultra-power-home-x-treme_rc3m5j_1.png","contentUrl":"https:\/\/www.veltec.eu\/wp-content\/uploads\/2024\/07\/conga-8290-immortal-ultra-power-home-x-treme_rc3m5j_1.png","width":640,"height":640},{"@type":"BreadcrumbList","@id":"https:\/\/www.veltec.eu\/de\/product\/conga-8290-x-treme\/#breadcrumb","itemListElement":[{"@type":"ListItem","position":1,"name":"Home","item":"https:\/\/www.veltec.eu\/de\/startseite\/"},{"@type":"ListItem","position":2,"name":"Kirby Laden","item":"https:\/\/www.veltec.eu\/de\/kirby-laden\/"},{"@type":"ListItem","position":3,"name":"Conga 8290 X-Treme"}]},{"@type":"WebSite","@id":"https:\/\/www.veltec.eu\/en\/#website","url":"https:\/\/www.veltec.eu\/en\/","name":"Veltec Kirby specialist","description":"Kirby stofzuiger producten","publisher":{"@id":"https:\/\/www.veltec.eu\/en\/#organization"},"potentialAction":[{"@type":"SearchAction","target":{"@type":"EntryPoint","urlTemplate":"https:\/\/www.veltec.eu\/en\/?s={search_term_string}"},"query-input":{"@type":"PropertyValueSpecification","valueRequired":true,"valueName":"search_term_string"}}],"inLanguage":"de"},{"@type":"Organization","@id":"https:\/\/www.veltec.eu\/en\/#organization","name":"Veltec Kirby Specialist","url":"https:\/\/www.veltec.eu\/en\/","logo":{"@type":"ImageObject","inLanguage":"de","@id":"https:\/\/www.veltec.eu\/en\/#\/schema\/logo\/image\/","url":"https:\/\/www.veltec.eu\/wp-content\/uploads\/2021\/12\/Veltec-log-groot-e1537260889125.png","contentUrl":"https:\/\/www.veltec.eu\/wp-content\/uploads\/2021\/12\/Veltec-log-groot-e1537260889125.png","width":200,"height":60,"caption":"Veltec Kirby Specialist"},"image":{"@id":"https:\/\/www.veltec.eu\/en\/#\/schema\/logo\/image\/"},"sameAs":["https:\/\/www.facebook.com\/Veltec-Kirby-Specialist-236746293374877\/","https:\/\/www.youtube.com\/user\/VeltecService"]}]}},"_links":{"self":[{"href":"https:\/\/www.veltec.eu\/de\/wp-json\/wp\/v2\/product\/61797","targetHints":{"allow":["GET"]}}],"collection":[{"href":"https:\/\/www.veltec.eu\/de\/wp-json\/wp\/v2\/product"}],"about":[{"href":"https:\/\/www.veltec.eu\/de\/wp-json\/wp\/v2\/types\/product"}],"replies":[{"embeddable":true,"href":"https:\/\/www.veltec.eu\/de\/wp-json\/wp\/v2\/comments?post=61797"}],"wp:featuredmedia":[{"embeddable":true,"href":"https:\/\/www.veltec.eu\/de\/wp-json\/wp\/v2\/media\/61777"}],"wp:attachment":[{"href":"https:\/\/www.veltec.eu\/de\/wp-json\/wp\/v2\/media?parent=61797"}],"wp:term":[{"taxonomy":"product_brand","embeddable":true,"href":"https:\/\/www.veltec.eu\/de\/wp-json\/wp\/v2\/product_brand?post=61797"},{"taxonomy":"product_cat","embeddable":true,"href":"https:\/\/www.veltec.eu\/de\/wp-json\/wp\/v2\/product_cat?post=61797"},{"taxonomy":"product_tag","embeddable":true,"href":"https:\/\/www.veltec.eu\/de\/wp-json\/wp\/v2\/product_tag?post=61797"}],"curies":[{"name":"wp","href":"https:\/\/api.w.org\/{rel}","templated":true}]}}