{"id":61512,"date":"2024-07-16T12:54:42","date_gmt":"2024-07-16T10:54:42","guid":{"rendered":"https:\/\/www.veltec.eu\/product\/conga-perfectclean-connected-titanium\/"},"modified":"2025-01-23T16:52:42","modified_gmt":"2025-01-23T14:52:42","slug":"conga-perfectclean-connected-titanium","status":"publish","type":"product","link":"https:\/\/www.veltec.eu\/de\/product\/conga-perfectclean-connected-titanium\/","title":{"rendered":"Conga Perfect&#038;Clean Connected Titanium"},"content":{"rendered":"<div id=\"technical-details\" class=\"css-0 egxb0x40\">\n<div class=\"css-1vrowg6\">\n<div id=\"description\" class=\"e1pizqy33 css-1gvl2s3\">\n<h1>Conga Perfect&amp;Clean Connected Titanium<\/h1>\n<div class=\"css-k1moeq e1pizqy32\">\n<ul>\n<li>\u00a0Professioneller 4-in-1 Staubsaugerroboter: fegt, reinigt den Boden, saugt und wischt die gesamte Oberfl\u00e4che auf ordentliche und intelligente Weise.<\/li>\n<li>\u00a0Dank der neuen 4in1-Technologie saugt, reinigt und wischt der Roboter gleichzeitig.<\/li>\n<li>\u00a0Dieses Modell ist mit der neuen SmartGyro 4.0-Technologie ausgestattet. Ein neues Navigationssystem, das es dem Roboter erm\u00f6glicht, effizienter, intelligenter, intuitiver und vorausschauender zu reinigen.<\/li>\n<li>\u00a0Dank seiner Gyroskop-, N\u00e4herungs-, Anti-Schock- und Anti-Tropf-Sensoren reinigt er die gesamte Oberfl\u00e4che Ihres Hauses.<\/li>\n<li>App-Bedienung. Smartphone-Anwendung mit Karte, mit der Sie Ihren Roboter steuern k\u00f6nnen: Auswahl der Reinigungsmodi, Programmierung einer Reinigungssitzung, Auswahl der Saug- und\/oder Wasserintensit\u00e4t f\u00fcr die Bodenreinigung und Zugriff auf die Reinigungshistorie.<\/li>\n<li>\u00a0Das Virtual-Map-System zeigt eine Karte Ihrer Wohnung auf der App an. Der Roboter erstellt die Karte, w\u00e4hrend er reinigt. Au\u00dferdem k\u00f6nnen Sie den Reinigungsverlauf im Nachhinein einsehen. Der Roboter erstellt jedes Mal eine andere Karte und verbessert dank seiner Intelligenz die Reinigungsrouten.<\/li>\n<li>Jalisco-B\u00fcrste: eine B\u00fcrste f\u00fcr Hartb\u00f6den mit Mikrofasertechnologie, die effektiv Staub, Sand, Hausstaubmilben, Pilling und mehr aufsaugt und dreimal mehr Schmutz in einer Bewegung aufnimmt*.<\/li>\n<li>Dank der neuen VirtualVoice-Technologie k\u00f6nnen Sie den Roboter mit der virtuellen Sprachassistentin Alexa verbinden. Sie k\u00f6nnen dann eine Reihe von Sprachbefehlen ausf\u00fchren, wie z. B. die Reinigung starten oder stoppen, den Roboter zu seiner Ladestation schicken oder ihn sogar \u00fcber Audio\u00fcbertragungen orten.<\/li>\n<li>\u00a0Der Roboter ist mit dem iWash-System und drei Reinigungsmodi programmiert, z. B. \u201eHoch\u201c: perfekt f\u00fcr die Tiefenreinigung von B\u00f6den; \u201eMittel\u201c: ideal f\u00fcr die t\u00e4gliche Bodenreinigung und \u201eNiedrig\u201c: der perfekte Modus f\u00fcr die oberfl\u00e4chliche Bodenreinigung. Die drei Modi erm\u00f6glichen es Ihnen, jede Oberfl\u00e4che zu reinigen und zu wischen.<\/li>\n<li>\u00a0Dank MemoryControl merkt sich der Roboter seine Route, so dass er die schnellste und effizienteste Reinigungsroute findet, und kehrt nach Beendigung zur Ladestation zur\u00fcck. Dank dieses Systems wei\u00df der Roboter genau, wo er sich befindet, welche Bereiche er bereits besucht hat und welche er noch nicht gereinigt hat.<\/li>\n<li>Er verf\u00fcgt \u00fcber das ForceClean-System mit einer leistungsstarken Turbine, die die Saugkraft auf 2100 Pa erh\u00f6ht. Er h\u00e4lt Ihren Boden garantiert sauber und saugt alle Arten von Schmutz auf.<\/li>\n<li>Sie k\u00f6nnen einen von 10 Reinigungsmodi w\u00e4hlen: Auto, Gyro, Kanten, Intensive Bodenreinigung, Raum, Spirale, Manuell und Zur\u00fcck zum Boden.<\/li>\n<li>\u00a0Mit der Total Surface-Technologie reinigt er die gesamte Oberfl\u00e4che Ihres Hauses. Wenn der Akku des Roboters leer ist, kehrt er automatisch auf dem schnellsten Weg zu seiner Ladestation zur\u00fcck, l\u00e4dt seinen Akku auf und kehrt zur\u00fcck, um die Reinigung zu beenden.<\/li>\n<li>\u00a0Der Roboter, der den Boden f\u00fcr Sie reinigt! Mit dem Wash4You-System k\u00f6nnen Sie den Boden wischen und reinigen, indem Sie einfach den Tank aufsetzen. Intelligente Bodenreinigung dank des Pumpensystems, das in jeder Situation das ben\u00f6tigte Wasser verteilt und auf m\u00f6glichst vielen Metern effektive Ergebnisse liefert.<\/li>\n<li>\u00a0Sie k\u00f6nnen Ihr ganzes Haus reinigen, indem Sie einen der 3 Reinigungsmodi w\u00e4hlen. W\u00e4hlen Sie den Eco-Modus f\u00fcr eine leisere Reinigung \u00fcber l\u00e4ngere Zeitr\u00e4ume bei minimalem Verbrauch, den Normal-Modus, ideal f\u00fcr die t\u00e4gliche Reinigung, oder den Turbo-Modus f\u00fcr eine gr\u00fcndliche Reinigung.<\/li>\n<li>Leise Reinigung dank der OnlySilence-Technologie, die einen Ger\u00e4uschpegel von weniger als 64 dB erzeugt.<\/li>\n<li>Das Turbo Clean Carpet System aktiviert den Turbomodus mit maximaler Leistung auf Teppichen, um diese besonders effektiv zu reinigen.<\/li>\n<li>\u00a0Der TwinFloor Mop wurde mit zwei Materialien f\u00fcr die perfekte Reinigung aller Arten von Oberfl\u00e4chen entwickelt und garantiert dank seiner zwei Reinigungsstufen eine hervorragende Reinigung. Dieses System sorgt f\u00fcr ein professionelles Finish.<\/li>\n<li>Dank des All-TimeTable-Systems k\u00f6nnen Sie den Roboter rund um die Uhr programmieren. Au\u00dferdem k\u00f6nnen Sie mehrere Programme am selben Tag ausf\u00fchren. Mit seinem gemischten Tank k\u00f6nnen Sie den Roboter zum Beispiel so programmieren, dass er morgens fegt und staubsaugt und nachmittags den Boden reinigt und wischt. F\u00fcgen Sie die verschiedenen Reinigungskonfigurationen hinzu, w\u00e4hlen Sie aus 16 Konfigurationen (zwischen Staubsaugen und Bodenreinigung).<\/li>\n<li>\u00a0Dieser Roboter ist mit einem 14,4 V, 2600 mAh Lithium-Ionen-Akku ausgestattet. Bis zu 160 Minuten Autonomie**.<\/li>\n<li>Der Roboter ist mit dem intelligenten GPSHome-System ausgestattet, das ihn automatisch und in k\u00fcrzester Zeit zu seiner Ladestation zur\u00fcckkehren l\u00e4sst, wenn er mit der Reinigung fertig ist.<\/li>\n<li>Er reinigt die Luft dank seines hocheffizienten Filters, der Allergene und Staub auffangen kann.<\/li>\n<li>Geeignet f\u00fcr alle Arten von B\u00f6den und feine Teppiche.<\/li>\n<li>Mischtank mit gro\u00dfem Fassungsverm\u00f6gen f\u00fcr feste und fl\u00fcssige Stoffe.<\/li>\n<li>Passt sich vollst\u00e4ndig an Ihre Wohnung an, reinigt unter M\u00f6beln, erkennt Hindernisse und verhindert St\u00fcrze auf Treppen.<\/li>\n<li>Dank der 2 Seitenb\u00fcrsten, die den Schmutz zur D\u00fcse transportieren, erreicht er jeden Winkel und jede Ecke.<\/li>\n<li><a href=\"https:\/\/www.veltec.eu\/de\/product\/conga-home-2000\/\">Kompatibel mit der Basis Conga Home 2000*** f\u00fcr die automatische Entleerung<\/a>.<br \/>\n*Labortests mit Dolomitsand gem\u00e4\u00df IEC 60312-1:2010 durchgef\u00fchrt.**Unter optimalen Reinigungsbedingungen: harte B\u00f6den mit geringer Reibung und m\u00e4\u00dfig vielen Hindernissen.***<a href=\"https:\/\/www.veltec.eu\/de\/product\/conga-home-2000\/\">Nicht im Lieferumfang dieses Produkts enthalten. Muss separat erworben werden.<\/a><\/li>\n<\/ul>\n<\/div>\n<\/div>\n<\/div>\n<div class=\"css-1vrowg6\">\n<div id=\"composition\" class=\"e1hv9n5v2 css-ldw7pi\">\n<p>&nbsp;<\/p>\n<p><strong><span class=\"e1hv9n5v0 css-hga4sk\">Komposition<\/span><\/strong><\/p>\n<div class=\"css-1azcdyx e1hv9n5v1\">\n<ul>\n<li>Staubsaugerroboter<\/li>\n<li>Jalisco-Pinsel<\/li>\n<li>Mischtank (Feststoffe und Fl\u00fcssigkeiten), geeignet f\u00fcr den Selbstentleerungssockel<\/li>\n<li>2 Mopps<\/li>\n<li>4 Seitenb\u00fcrsten<\/li>\n<li>2 Hochleistungsfilter<\/li>\n<li>Selbstreinigende B\u00fcrste<\/li>\n<li>Ladestation und Netzteil<\/li>\n<li>Handbuch<\/li>\n<\/ul>\n<p>&nbsp;<\/p>\n<\/div>\n<\/div>\n<\/div>\n<\/div>\n<div class=\"css-1azakc er71tre1\">\n<hr class=\"css-hquz75 er71tre0\" \/>\n<div class=\"css-tsheg5 e1yoizh71\"><\/div>\n<\/div>\n","protected":false},"excerpt":{"rendered":"<p>Conga Perfect&amp;Clean Connected Titanium. Roboter-Staubsauger und Bodenwischer mit Gyro-Technologie, 2100 Pa, Autonomie 160 Min., 3 Leistungs- und Wischstufen, Jalisco-B\u00fcrste, 10 Modi und APP. <a href=\"https:\/\/www.veltec.eu\/de\/product\/conga-home-2000\/\">Kompatibel mit Selbstentleerungsbasis 2000<\/a>. Nicht in diesem Produkt enthalten. Separat erworben.<\/p>\n<p>&nbsp;<\/p>\n<h3 class=\"western\" align=\"left\"><span style=\"color: #008000;\">Vorr\u00e4tig<\/span><\/h3>\n<p align=\"left\">[av_font_icon icon='ue812' font='entypo-fontello' style='' caption='' size='25px' position='left' color='#43ad66' link='' linktarget='' title_attr='' sonar_effect_effect='' sonar_effect_color='' sonar_effect_duration='1' sonar_effect_scale='' sonar_effect_opac='0.5' animation='' id='' custom_class='' template_class='' av_uid='' sc_version='1.0' admin_preview_bg=''][\/av_font_icon]<\/p>\n<p><span style=\"color: #008000;\">Die Lieferzeit betr\u00e4gt zwischen 5 und 10 Arbeitstagen.<\/span><\/p>\n<p align=\"left\">[av_font_icon icon='ue812' font='entypo-fontello' style='' caption='' size='25px' position='left' color='#43ad66' link='' linktarget='' title_attr='' sonar_effect_effect='' sonar_effect_color='' sonar_effect_duration='1' sonar_effect_scale='' sonar_effect_opac='0.5' animation='' id='' custom_class='' template_class='' av_uid='' sc_version='1.0' admin_preview_bg=''][\/av_font_icon]<\/p>\n<p><span style=\"color: #008000;\">2 Jahre Garantie<\/span><\/p>\n<p>&nbsp;<\/p>\n<p>&nbsp;<\/p>\n","protected":false},"featured_media":61469,"comment_status":"open","ping_status":"closed","template":"","meta":{"_acf_changed":false},"product_brand":[],"product_cat":[26],"product_tag":[],"class_list":{"0":"post-61512","1":"product","2":"type-product","3":"status-publish","4":"has-post-thumbnail","6":"product_cat-overige-producten","8":"first","9":"outofstock","10":"taxable","11":"shipping-taxable","12":"purchasable","13":"product-type-simple"},"acf":[],"yoast_head":"<!-- This site is optimized with the Yoast SEO Premium plugin v27.1 (Yoast SEO v27.4) - https:\/\/yoast.com\/product\/yoast-seo-premium-wordpress\/ -->\n<title>Conga Perfect&amp;Clean Connected Titanium - Veltec Kirby specialist<\/title>\n<meta name=\"description\" content=\"CConga Perfect&amp;Clean Connected Titanium- Staubsaugerroboter mit selbstentleerendem Boden und Wischfunktion. Veltec ist Spezialist f\u00fcr Staubsaugerroboter\" \/>\n<meta name=\"robots\" content=\"index, follow, max-snippet:-1, max-image-preview:large, max-video-preview:-1\" \/>\n<link rel=\"canonical\" href=\"https:\/\/www.veltec.eu\/de\/product\/conga-perfectclean-connected-titanium\/\" \/>\n<meta property=\"og:locale\" content=\"de_DE\" \/>\n<meta property=\"og:type\" content=\"article\" \/>\n<meta property=\"og:title\" content=\"Conga Perfect&amp;Clean Connected Titanium\" \/>\n<meta property=\"og:description\" content=\"Conga Perfect&amp;Clean Connected Titanium. Roboter-Staubsauger und Bodenwischer mit Gyro-Technologie, 2100 Pa, Autonomie 160 Min., 3 Leistungs- und Wischstufen, Jalisco-B\u00fcrste, 10 Modi und APP. Kompatibel mit Selbstentleerungsbasis 2000. Nicht in diesem Produkt enthalten. Separat erworben.  &nbsp; Vorr\u00e4tig  Die Lieferzeit betr\u00e4gt zwischen 5 und 10 Arbeitstagen.  2 Jahre Garantie  &nbsp;  &nbsp;\" \/>\n<meta property=\"og:url\" content=\"https:\/\/www.veltec.eu\/de\/product\/conga-perfectclean-connected-titanium\/\" \/>\n<meta property=\"og:site_name\" content=\"Veltec Kirby specialist\" \/>\n<meta property=\"article:publisher\" content=\"https:\/\/www.facebook.com\/Veltec-Kirby-Specialist-236746293374877\/\" \/>\n<meta property=\"article:modified_time\" content=\"2025-01-23T14:52:42+00:00\" \/>\n<meta property=\"og:image\" content=\"https:\/\/www.veltec.eu\/wp-content\/uploads\/2024\/07\/conga-perfect-clean-connected-titanium_1uay9t_1.png\" \/>\n\t<meta property=\"og:image:width\" content=\"640\" \/>\n\t<meta property=\"og:image:height\" content=\"640\" \/>\n\t<meta property=\"og:image:type\" content=\"image\/png\" \/>\n<meta name=\"twitter:card\" content=\"summary_large_image\" \/>\n<meta name=\"twitter:label1\" content=\"Gesch\u00e4tzte Lesezeit\" \/>\n\t<meta name=\"twitter:data1\" content=\"4\u00a0Minuten\" \/>\n<script type=\"application\/ld+json\" class=\"yoast-schema-graph\">{\"@context\":\"https:\\\/\\\/schema.org\",\"@graph\":[{\"@type\":\"WebPage\",\"@id\":\"https:\\\/\\\/www.veltec.eu\\\/de\\\/product\\\/conga-perfectclean-connected-titanium\\\/\",\"url\":\"https:\\\/\\\/www.veltec.eu\\\/de\\\/product\\\/conga-perfectclean-connected-titanium\\\/\",\"name\":\"Conga Perfect&Clean Connected Titanium - Veltec Kirby specialist\",\"isPartOf\":{\"@id\":\"https:\\\/\\\/www.veltec.eu\\\/en\\\/#website\"},\"primaryImageOfPage\":{\"@id\":\"https:\\\/\\\/www.veltec.eu\\\/de\\\/product\\\/conga-perfectclean-connected-titanium\\\/#primaryimage\"},\"image\":{\"@id\":\"https:\\\/\\\/www.veltec.eu\\\/de\\\/product\\\/conga-perfectclean-connected-titanium\\\/#primaryimage\"},\"thumbnailUrl\":\"https:\\\/\\\/www.veltec.eu\\\/wp-content\\\/uploads\\\/2024\\\/07\\\/conga-perfect-clean-connected-titanium_1uay9t_1.png\",\"datePublished\":\"2024-07-16T10:54:42+00:00\",\"dateModified\":\"2025-01-23T14:52:42+00:00\",\"description\":\"CConga Perfect&Clean Connected Titanium- Staubsaugerroboter mit selbstentleerendem Boden und Wischfunktion. Veltec ist Spezialist f\u00fcr Staubsaugerroboter\",\"breadcrumb\":{\"@id\":\"https:\\\/\\\/www.veltec.eu\\\/de\\\/product\\\/conga-perfectclean-connected-titanium\\\/#breadcrumb\"},\"inLanguage\":\"de\",\"potentialAction\":[{\"@type\":\"ReadAction\",\"target\":[\"https:\\\/\\\/www.veltec.eu\\\/de\\\/product\\\/conga-perfectclean-connected-titanium\\\/\"]}]},{\"@type\":\"ImageObject\",\"inLanguage\":\"de\",\"@id\":\"https:\\\/\\\/www.veltec.eu\\\/de\\\/product\\\/conga-perfectclean-connected-titanium\\\/#primaryimage\",\"url\":\"https:\\\/\\\/www.veltec.eu\\\/wp-content\\\/uploads\\\/2024\\\/07\\\/conga-perfect-clean-connected-titanium_1uay9t_1.png\",\"contentUrl\":\"https:\\\/\\\/www.veltec.eu\\\/wp-content\\\/uploads\\\/2024\\\/07\\\/conga-perfect-clean-connected-titanium_1uay9t_1.png\",\"width\":640,\"height\":640},{\"@type\":\"BreadcrumbList\",\"@id\":\"https:\\\/\\\/www.veltec.eu\\\/de\\\/product\\\/conga-perfectclean-connected-titanium\\\/#breadcrumb\",\"itemListElement\":[{\"@type\":\"ListItem\",\"position\":1,\"name\":\"Home\",\"item\":\"https:\\\/\\\/www.veltec.eu\\\/de\\\/\"},{\"@type\":\"ListItem\",\"position\":2,\"name\":\"Kirby Laden\",\"item\":\"https:\\\/\\\/www.veltec.eu\\\/de\\\/kirby-laden\\\/\"},{\"@type\":\"ListItem\",\"position\":3,\"name\":\"Conga Perfect&#038;Clean Connected Titanium\"}]},{\"@type\":\"WebSite\",\"@id\":\"https:\\\/\\\/www.veltec.eu\\\/en\\\/#website\",\"url\":\"https:\\\/\\\/www.veltec.eu\\\/en\\\/\",\"name\":\"Veltec Kirby specialist\",\"description\":\"Kirby stofzuiger producten\",\"publisher\":{\"@id\":\"https:\\\/\\\/www.veltec.eu\\\/en\\\/#organization\"},\"potentialAction\":[{\"@type\":\"SearchAction\",\"target\":{\"@type\":\"EntryPoint\",\"urlTemplate\":\"https:\\\/\\\/www.veltec.eu\\\/en\\\/?s={search_term_string}\"},\"query-input\":{\"@type\":\"PropertyValueSpecification\",\"valueRequired\":true,\"valueName\":\"search_term_string\"}}],\"inLanguage\":\"de\"},{\"@type\":\"Organization\",\"@id\":\"https:\\\/\\\/www.veltec.eu\\\/en\\\/#organization\",\"name\":\"Veltec Kirby Specialist\",\"url\":\"https:\\\/\\\/www.veltec.eu\\\/en\\\/\",\"logo\":{\"@type\":\"ImageObject\",\"inLanguage\":\"de\",\"@id\":\"https:\\\/\\\/www.veltec.eu\\\/en\\\/#\\\/schema\\\/logo\\\/image\\\/\",\"url\":\"https:\\\/\\\/www.veltec.eu\\\/wp-content\\\/uploads\\\/2021\\\/12\\\/Veltec-log-groot-e1537260889125.png\",\"contentUrl\":\"https:\\\/\\\/www.veltec.eu\\\/wp-content\\\/uploads\\\/2021\\\/12\\\/Veltec-log-groot-e1537260889125.png\",\"width\":200,\"height\":60,\"caption\":\"Veltec Kirby Specialist\"},\"image\":{\"@id\":\"https:\\\/\\\/www.veltec.eu\\\/en\\\/#\\\/schema\\\/logo\\\/image\\\/\"},\"sameAs\":[\"https:\\\/\\\/www.facebook.com\\\/Veltec-Kirby-Specialist-236746293374877\\\/\",\"https:\\\/\\\/www.youtube.com\\\/user\\\/VeltecService\"]}]}<\/script>\n<!-- \/ Yoast SEO Premium plugin. -->","yoast_head_json":{"title":"Conga Perfect&Clean Connected Titanium - Veltec Kirby specialist","description":"CConga Perfect&Clean Connected Titanium- Staubsaugerroboter mit selbstentleerendem Boden und Wischfunktion. Veltec ist Spezialist f\u00fcr Staubsaugerroboter","robots":{"index":"index","follow":"follow","max-snippet":"max-snippet:-1","max-image-preview":"max-image-preview:large","max-video-preview":"max-video-preview:-1"},"canonical":"https:\/\/www.veltec.eu\/de\/product\/conga-perfectclean-connected-titanium\/","og_locale":"de_DE","og_type":"article","og_title":"Conga Perfect&Clean Connected Titanium","og_description":"Conga Perfect&amp;Clean Connected Titanium. Roboter-Staubsauger und Bodenwischer mit Gyro-Technologie, 2100 Pa, Autonomie 160 Min., 3 Leistungs- und Wischstufen, Jalisco-B\u00fcrste, 10 Modi und APP. Kompatibel mit Selbstentleerungsbasis 2000. Nicht in diesem Produkt enthalten. Separat erworben.  &nbsp; Vorr\u00e4tig  Die Lieferzeit betr\u00e4gt zwischen 5 und 10 Arbeitstagen.  2 Jahre Garantie  &nbsp;  &nbsp;","og_url":"https:\/\/www.veltec.eu\/de\/product\/conga-perfectclean-connected-titanium\/","og_site_name":"Veltec Kirby specialist","article_publisher":"https:\/\/www.facebook.com\/Veltec-Kirby-Specialist-236746293374877\/","article_modified_time":"2025-01-23T14:52:42+00:00","og_image":[{"width":640,"height":640,"url":"https:\/\/www.veltec.eu\/wp-content\/uploads\/2024\/07\/conga-perfect-clean-connected-titanium_1uay9t_1.png","type":"image\/png"}],"twitter_card":"summary_large_image","twitter_misc":{"Gesch\u00e4tzte Lesezeit":"4\u00a0Minuten"},"schema":{"@context":"https:\/\/schema.org","@graph":[{"@type":"WebPage","@id":"https:\/\/www.veltec.eu\/de\/product\/conga-perfectclean-connected-titanium\/","url":"https:\/\/www.veltec.eu\/de\/product\/conga-perfectclean-connected-titanium\/","name":"Conga Perfect&Clean Connected Titanium - Veltec Kirby specialist","isPartOf":{"@id":"https:\/\/www.veltec.eu\/en\/#website"},"primaryImageOfPage":{"@id":"https:\/\/www.veltec.eu\/de\/product\/conga-perfectclean-connected-titanium\/#primaryimage"},"image":{"@id":"https:\/\/www.veltec.eu\/de\/product\/conga-perfectclean-connected-titanium\/#primaryimage"},"thumbnailUrl":"https:\/\/www.veltec.eu\/wp-content\/uploads\/2024\/07\/conga-perfect-clean-connected-titanium_1uay9t_1.png","datePublished":"2024-07-16T10:54:42+00:00","dateModified":"2025-01-23T14:52:42+00:00","description":"CConga Perfect&Clean Connected Titanium- Staubsaugerroboter mit selbstentleerendem Boden und Wischfunktion. Veltec ist Spezialist f\u00fcr Staubsaugerroboter","breadcrumb":{"@id":"https:\/\/www.veltec.eu\/de\/product\/conga-perfectclean-connected-titanium\/#breadcrumb"},"inLanguage":"de","potentialAction":[{"@type":"ReadAction","target":["https:\/\/www.veltec.eu\/de\/product\/conga-perfectclean-connected-titanium\/"]}]},{"@type":"ImageObject","inLanguage":"de","@id":"https:\/\/www.veltec.eu\/de\/product\/conga-perfectclean-connected-titanium\/#primaryimage","url":"https:\/\/www.veltec.eu\/wp-content\/uploads\/2024\/07\/conga-perfect-clean-connected-titanium_1uay9t_1.png","contentUrl":"https:\/\/www.veltec.eu\/wp-content\/uploads\/2024\/07\/conga-perfect-clean-connected-titanium_1uay9t_1.png","width":640,"height":640},{"@type":"BreadcrumbList","@id":"https:\/\/www.veltec.eu\/de\/product\/conga-perfectclean-connected-titanium\/#breadcrumb","itemListElement":[{"@type":"ListItem","position":1,"name":"Home","item":"https:\/\/www.veltec.eu\/de\/"},{"@type":"ListItem","position":2,"name":"Kirby Laden","item":"https:\/\/www.veltec.eu\/de\/kirby-laden\/"},{"@type":"ListItem","position":3,"name":"Conga Perfect&#038;Clean Connected Titanium"}]},{"@type":"WebSite","@id":"https:\/\/www.veltec.eu\/en\/#website","url":"https:\/\/www.veltec.eu\/en\/","name":"Veltec Kirby specialist","description":"Kirby stofzuiger producten","publisher":{"@id":"https:\/\/www.veltec.eu\/en\/#organization"},"potentialAction":[{"@type":"SearchAction","target":{"@type":"EntryPoint","urlTemplate":"https:\/\/www.veltec.eu\/en\/?s={search_term_string}"},"query-input":{"@type":"PropertyValueSpecification","valueRequired":true,"valueName":"search_term_string"}}],"inLanguage":"de"},{"@type":"Organization","@id":"https:\/\/www.veltec.eu\/en\/#organization","name":"Veltec Kirby Specialist","url":"https:\/\/www.veltec.eu\/en\/","logo":{"@type":"ImageObject","inLanguage":"de","@id":"https:\/\/www.veltec.eu\/en\/#\/schema\/logo\/image\/","url":"https:\/\/www.veltec.eu\/wp-content\/uploads\/2021\/12\/Veltec-log-groot-e1537260889125.png","contentUrl":"https:\/\/www.veltec.eu\/wp-content\/uploads\/2021\/12\/Veltec-log-groot-e1537260889125.png","width":200,"height":60,"caption":"Veltec Kirby Specialist"},"image":{"@id":"https:\/\/www.veltec.eu\/en\/#\/schema\/logo\/image\/"},"sameAs":["https:\/\/www.facebook.com\/Veltec-Kirby-Specialist-236746293374877\/","https:\/\/www.youtube.com\/user\/VeltecService"]}]}},"_links":{"self":[{"href":"https:\/\/www.veltec.eu\/de\/wp-json\/wp\/v2\/product\/61512","targetHints":{"allow":["GET"]}}],"collection":[{"href":"https:\/\/www.veltec.eu\/de\/wp-json\/wp\/v2\/product"}],"about":[{"href":"https:\/\/www.veltec.eu\/de\/wp-json\/wp\/v2\/types\/product"}],"replies":[{"embeddable":true,"href":"https:\/\/www.veltec.eu\/de\/wp-json\/wp\/v2\/comments?post=61512"}],"wp:featuredmedia":[{"embeddable":true,"href":"https:\/\/www.veltec.eu\/de\/wp-json\/wp\/v2\/media\/61469"}],"wp:attachment":[{"href":"https:\/\/www.veltec.eu\/de\/wp-json\/wp\/v2\/media?parent=61512"}],"wp:term":[{"taxonomy":"product_brand","embeddable":true,"href":"https:\/\/www.veltec.eu\/de\/wp-json\/wp\/v2\/product_brand?post=61512"},{"taxonomy":"product_cat","embeddable":true,"href":"https:\/\/www.veltec.eu\/de\/wp-json\/wp\/v2\/product_cat?post=61512"},{"taxonomy":"product_tag","embeddable":true,"href":"https:\/\/www.veltec.eu\/de\/wp-json\/wp\/v2\/product_tag?post=61512"}],"curies":[{"name":"wp","href":"https:\/\/api.w.org\/{rel}","templated":true}]}}