{"id":42897,"date":"2021-11-10T13:48:56","date_gmt":"2021-11-10T11:48:56","guid":{"rendered":"https:\/\/www.veltec.eu\/product\/conga-matratzenreiniger-nl444441\/"},"modified":"2025-04-24T14:02:06","modified_gmt":"2025-04-24T12:02:06","slug":"matratzenreiniger-7000-08123","status":"publish","type":"product","link":"https:\/\/www.veltec.eu\/de\/product\/matratzenreiniger-7000-08123\/","title":{"rendered":"Matratzenreiniger 7000"},"content":{"rendered":"<h1>Matratzenreiniger 7000<\/h1>\n<p>Matratzenreiniger 7000 Matratzen- und Polstersauger mit 700 W Leistung und 12 kPa Saugleistung. Enth\u00e4lt UV-C-Ultraviolettlicht, das bis 99,9 % der Allergene abt\u00f6tet. Technologie mit motorisierter B\u00fcrste, die hilft, Staubmilben von Matratzen zu entfernen, und Hei\u00dfluft-Technologie, die desinfiziert.<\/p>\n<ul>\n<li>Die ForceSonic Technologie erh\u00f6ht die maximale Leistung auf 700 W, um Schmutz und Allergene vollst\u00e4ndig zu entfernen.<\/li>\n<li>Dank des eingebauten ultravioletten Lichts mit einer Wellenl\u00e4nge von 253,7 nm eliminiert er bis zu 99,9 % der Staubmilben und Bakterien, die sich auf Polstern und Matratzen ansammeln.<\/li>\n<li>Dank UV-C-Licht werden Sie Allergiesymptome auf einen Schlag los.<\/li>\n<li>Die Heat Tech Hei\u00dflufttechnologie desinfiziert und hilft, Staubmilben und Bakterien aus den Matratzen zu entfernen.<\/li>\n<li>Mit Power Brush: motorisierte B\u00fcrste mit Borsten und Silikon, die Allergene von Ihren Matratzen entfernt.<\/li>\n<li>Dank der motorisierten B\u00fcrste ist sie in der Lage, die an den st\u00e4rksten verkrusteten Allergenen zu extrahieren, um sie effektiv absaugen.<\/li>\n<li>Er erzeugt eine gro\u00dfe Saugkraft, die bis zu 12 kPa erreicht und alle Hausstaubmilben, Allergene und den in Matratzen oder Polstern angesammelten Schmutz auff\u00e4ngt.<\/li>\n<li>W\u00e4hlen Sie die Reinigung, die Sie bevorzugen, dank der 3 Modes-Technologie mit 3 verschiedenen Modi.<\/li>\n<li>Sie k\u00f6nnen w\u00e4hlen, ob Sie mit UV-C-Licht saugen m\u00f6chten, um Bakterien auf Ihren Matratzen und Polstern abzut\u00f6ten, mit Motorb\u00fcrste saugen, wenn Sie eingebettete Allergene entfernen m\u00f6chten, oder eine komplette Reinigung mit Saugen, UV-C-Licht und Motorb\u00fcrste, um alle Arten von Bakterien und Allergenen abzut\u00f6ten.<\/li>\n<li>Komfortabel saugen dank des XXL-Kabels mit 5 Metern L\u00e4nge. Saugt m\u00fchelos jedes Bett oder Sofa, ohne dass das Steckerkabel gewechselt werden muss.<\/li>\n<li>Cyclonic System: Beutellose Zyklon-Technologie, die die Saugkraft immer wie am ersten Tag h\u00e4lt. Professionelle Ergebnisse mit nur einem Saugvorgang.<\/li>\n<li>Sicherheitssystem, das das UV-Licht deaktiviert, wenn der Staubsauger von der Oberfl\u00e4che angehoben wird, um Sch\u00e4den an den Augen des Benutzers zu vermeiden.<\/li>\n<li>Er enth\u00e4lt einen Satz hocheffizienter Filter, die sich perfekt zum Filtern eines hohen Prozentsatzes von Partikeln eignen.<\/li>\n<li>Beh\u00e4lter mit gro\u00dfem Fassungsverm\u00f6gen 400 ml<\/li>\n<li>Reduzierter Schallpegel von weniger als 68 dB.<\/li>\n<\/ul>\n","protected":false},"excerpt":{"rendered":"<p>Matratzen- und Polstersauger mit 700 W Leistung und 12 kPa Saugleistung. Enth\u00e4lt UV-C-Ultraviolettlicht, das bis 99,9 % der Allergene abt\u00f6tet.<\/p>\n<h3 class=\"western\" align=\"left\"><span style=\"color: #339966;\">Vorr\u00e4tig<\/span><\/h3>\n<p align=\"left\">[av_font_icon icon='ue812' font='entypo-fontello' style='' caption='' size='25px' position='left' color='#43ad66' link='' linktarget='' title_attr='' sonar_effect_effect='' sonar_effect_color='' sonar_effect_duration='1' sonar_effect_scale='' sonar_effect_opac='0.5' animation='' id='' custom_class='' template_class='' av_uid='' sc_version='1.0' admin_preview_bg=''][\/av_font_icon]<\/p>\n<p><span style=\"color: #339966;\">Die Lieferzeit dieses Produktes betr\u00e4gt 5 \u2013 10 Werktage<\/span><\/p>\n<p align=\"left\">[av_font_icon icon='ue812' font='entypo-fontello' style='' caption='' size='25px' position='left' color='#43ad66' link='' linktarget='' title_attr='' sonar_effect_effect='' sonar_effect_color='' sonar_effect_duration='1' sonar_effect_scale='' sonar_effect_opac='0.5' animation='' id='' custom_class='' template_class='' av_uid='' sc_version='1.0' admin_preview_bg=''][\/av_font_icon]<\/p>\n<p><span style=\"color: #339966;\">2 Jahre Herstellergarantie<\/span><\/p>\n<p>&nbsp;<\/p>\n","protected":false},"featured_media":42848,"comment_status":"open","ping_status":"closed","template":"","meta":{"_acf_changed":false},"product_brand":[],"product_cat":[444],"product_tag":[],"class_list":{"0":"post-42897","1":"product","2":"type-product","3":"status-publish","4":"has-post-thumbnail","6":"product_cat-geen-categorie","8":"first","9":"instock","10":"sale","11":"taxable","12":"shipping-taxable","13":"purchasable","14":"product-type-simple"},"acf":[],"yoast_head":"<!-- This site is optimized with the Yoast SEO Premium plugin v27.1 (Yoast SEO v27.4) - https:\/\/yoast.com\/product\/yoast-seo-premium-wordpress\/ -->\n<title>Matratzenreiniger 7000 - Veltec Kirby specialist<\/title>\n<meta name=\"description\" content=\"Matratzenreiniger 7000 Veltec ist seit \u00fcber 25 Jahren der Lieferant von Kirby Staubsaugern. Und ist Ihr vertrauensw\u00fcrdiger Kirby-Service.\" \/>\n<meta name=\"robots\" content=\"index, follow, max-snippet:-1, max-image-preview:large, max-video-preview:-1\" \/>\n<link rel=\"canonical\" href=\"https:\/\/www.veltec.eu\/de\/product\/matratzenreiniger-7000-08123\/\" \/>\n<meta property=\"og:locale\" content=\"de_DE\" \/>\n<meta property=\"og:type\" content=\"article\" \/>\n<meta property=\"og:title\" content=\"Matratzenreiniger 7000\" \/>\n<meta property=\"og:description\" content=\"Matratzen- und Polstersauger mit 700 W Leistung und 12 kPa Saugleistung. Enth\u00e4lt UV-C-Ultraviolettlicht, das bis 99,9 % der Allergene abt\u00f6tet. Vorr\u00e4tig  Die Lieferzeit dieses Produktes betr\u00e4gt 5 \u2013 10 Werktage  2 Jahre Herstellergarantie  &nbsp;\" \/>\n<meta property=\"og:url\" content=\"https:\/\/www.veltec.eu\/de\/product\/matratzenreiniger-7000-08123\/\" \/>\n<meta property=\"og:site_name\" content=\"Veltec Kirby specialist\" \/>\n<meta property=\"article:publisher\" content=\"https:\/\/www.facebook.com\/Veltec-Kirby-Specialist-236746293374877\/\" \/>\n<meta property=\"article:modified_time\" content=\"2025-04-24T12:02:06+00:00\" \/>\n<meta property=\"og:image\" content=\"https:\/\/www.veltec.eu\/wp-content\/uploads\/2021\/11\/conga-popstar-7000-mattress.jpg.png\" \/>\n\t<meta property=\"og:image:width\" content=\"458\" \/>\n\t<meta property=\"og:image:height\" content=\"458\" \/>\n\t<meta property=\"og:image:type\" content=\"image\/png\" \/>\n<meta name=\"twitter:card\" content=\"summary_large_image\" \/>\n<meta name=\"twitter:label1\" content=\"Gesch\u00e4tzte Lesezeit\" \/>\n\t<meta name=\"twitter:data1\" content=\"2\u00a0Minuten\" \/>\n<script type=\"application\/ld+json\" class=\"yoast-schema-graph\">{\"@context\":\"https:\\\/\\\/schema.org\",\"@graph\":[{\"@type\":\"WebPage\",\"@id\":\"https:\\\/\\\/www.veltec.eu\\\/de\\\/product\\\/matratzenreiniger-7000-08123\\\/\",\"url\":\"https:\\\/\\\/www.veltec.eu\\\/de\\\/product\\\/matratzenreiniger-7000-08123\\\/\",\"name\":\"Matratzenreiniger 7000 - Veltec Kirby specialist\",\"isPartOf\":{\"@id\":\"https:\\\/\\\/www.veltec.eu\\\/en\\\/#website\"},\"primaryImageOfPage\":{\"@id\":\"https:\\\/\\\/www.veltec.eu\\\/de\\\/product\\\/matratzenreiniger-7000-08123\\\/#primaryimage\"},\"image\":{\"@id\":\"https:\\\/\\\/www.veltec.eu\\\/de\\\/product\\\/matratzenreiniger-7000-08123\\\/#primaryimage\"},\"thumbnailUrl\":\"https:\\\/\\\/www.veltec.eu\\\/wp-content\\\/uploads\\\/2021\\\/11\\\/conga-popstar-7000-mattress.jpg.png\",\"datePublished\":\"2021-11-10T11:48:56+00:00\",\"dateModified\":\"2025-04-24T12:02:06+00:00\",\"description\":\"Matratzenreiniger 7000 Veltec ist seit \u00fcber 25 Jahren der Lieferant von Kirby Staubsaugern. Und ist Ihr vertrauensw\u00fcrdiger Kirby-Service.\",\"breadcrumb\":{\"@id\":\"https:\\\/\\\/www.veltec.eu\\\/de\\\/product\\\/matratzenreiniger-7000-08123\\\/#breadcrumb\"},\"inLanguage\":\"de\",\"potentialAction\":[{\"@type\":\"ReadAction\",\"target\":[\"https:\\\/\\\/www.veltec.eu\\\/de\\\/product\\\/matratzenreiniger-7000-08123\\\/\"]}]},{\"@type\":\"ImageObject\",\"inLanguage\":\"de\",\"@id\":\"https:\\\/\\\/www.veltec.eu\\\/de\\\/product\\\/matratzenreiniger-7000-08123\\\/#primaryimage\",\"url\":\"https:\\\/\\\/www.veltec.eu\\\/wp-content\\\/uploads\\\/2021\\\/11\\\/conga-popstar-7000-mattress.jpg.png\",\"contentUrl\":\"https:\\\/\\\/www.veltec.eu\\\/wp-content\\\/uploads\\\/2021\\\/11\\\/conga-popstar-7000-mattress.jpg.png\",\"width\":458,\"height\":458},{\"@type\":\"BreadcrumbList\",\"@id\":\"https:\\\/\\\/www.veltec.eu\\\/de\\\/product\\\/matratzenreiniger-7000-08123\\\/#breadcrumb\",\"itemListElement\":[{\"@type\":\"ListItem\",\"position\":1,\"name\":\"Home\",\"item\":\"https:\\\/\\\/www.veltec.eu\\\/de\\\/\"},{\"@type\":\"ListItem\",\"position\":2,\"name\":\"Kirby Shop\",\"item\":\"https:\\\/\\\/www.veltec.eu\\\/nl\\\/shop-page\\\/\"},{\"@type\":\"ListItem\",\"position\":3,\"name\":\"Matratzenreiniger 7000\"}]},{\"@type\":\"WebSite\",\"@id\":\"https:\\\/\\\/www.veltec.eu\\\/en\\\/#website\",\"url\":\"https:\\\/\\\/www.veltec.eu\\\/en\\\/\",\"name\":\"Veltec Kirby specialist\",\"description\":\"Kirby stofzuiger producten\",\"publisher\":{\"@id\":\"https:\\\/\\\/www.veltec.eu\\\/en\\\/#organization\"},\"potentialAction\":[{\"@type\":\"SearchAction\",\"target\":{\"@type\":\"EntryPoint\",\"urlTemplate\":\"https:\\\/\\\/www.veltec.eu\\\/en\\\/?s={search_term_string}\"},\"query-input\":{\"@type\":\"PropertyValueSpecification\",\"valueRequired\":true,\"valueName\":\"search_term_string\"}}],\"inLanguage\":\"de\"},{\"@type\":\"Organization\",\"@id\":\"https:\\\/\\\/www.veltec.eu\\\/en\\\/#organization\",\"name\":\"Veltec Kirby Specialist\",\"url\":\"https:\\\/\\\/www.veltec.eu\\\/en\\\/\",\"logo\":{\"@type\":\"ImageObject\",\"inLanguage\":\"de\",\"@id\":\"https:\\\/\\\/www.veltec.eu\\\/en\\\/#\\\/schema\\\/logo\\\/image\\\/\",\"url\":\"https:\\\/\\\/www.veltec.eu\\\/wp-content\\\/uploads\\\/2021\\\/12\\\/Veltec-log-groot-e1537260889125.png\",\"contentUrl\":\"https:\\\/\\\/www.veltec.eu\\\/wp-content\\\/uploads\\\/2021\\\/12\\\/Veltec-log-groot-e1537260889125.png\",\"width\":200,\"height\":60,\"caption\":\"Veltec Kirby Specialist\"},\"image\":{\"@id\":\"https:\\\/\\\/www.veltec.eu\\\/en\\\/#\\\/schema\\\/logo\\\/image\\\/\"},\"sameAs\":[\"https:\\\/\\\/www.facebook.com\\\/Veltec-Kirby-Specialist-236746293374877\\\/\",\"https:\\\/\\\/www.youtube.com\\\/user\\\/VeltecService\"]}]}<\/script>\n<!-- \/ Yoast SEO Premium plugin. -->","yoast_head_json":{"title":"Matratzenreiniger 7000 - Veltec Kirby specialist","description":"Matratzenreiniger 7000 Veltec ist seit \u00fcber 25 Jahren der Lieferant von Kirby Staubsaugern. Und ist Ihr vertrauensw\u00fcrdiger Kirby-Service.","robots":{"index":"index","follow":"follow","max-snippet":"max-snippet:-1","max-image-preview":"max-image-preview:large","max-video-preview":"max-video-preview:-1"},"canonical":"https:\/\/www.veltec.eu\/de\/product\/matratzenreiniger-7000-08123\/","og_locale":"de_DE","og_type":"article","og_title":"Matratzenreiniger 7000","og_description":"Matratzen- und Polstersauger mit 700 W Leistung und 12 kPa Saugleistung. Enth\u00e4lt UV-C-Ultraviolettlicht, das bis 99,9 % der Allergene abt\u00f6tet. Vorr\u00e4tig  Die Lieferzeit dieses Produktes betr\u00e4gt 5 \u2013 10 Werktage  2 Jahre Herstellergarantie  &nbsp;","og_url":"https:\/\/www.veltec.eu\/de\/product\/matratzenreiniger-7000-08123\/","og_site_name":"Veltec Kirby specialist","article_publisher":"https:\/\/www.facebook.com\/Veltec-Kirby-Specialist-236746293374877\/","article_modified_time":"2025-04-24T12:02:06+00:00","og_image":[{"width":458,"height":458,"url":"https:\/\/www.veltec.eu\/wp-content\/uploads\/2021\/11\/conga-popstar-7000-mattress.jpg.png","type":"image\/png"}],"twitter_card":"summary_large_image","twitter_misc":{"Gesch\u00e4tzte Lesezeit":"2\u00a0Minuten"},"schema":{"@context":"https:\/\/schema.org","@graph":[{"@type":"WebPage","@id":"https:\/\/www.veltec.eu\/de\/product\/matratzenreiniger-7000-08123\/","url":"https:\/\/www.veltec.eu\/de\/product\/matratzenreiniger-7000-08123\/","name":"Matratzenreiniger 7000 - Veltec Kirby specialist","isPartOf":{"@id":"https:\/\/www.veltec.eu\/en\/#website"},"primaryImageOfPage":{"@id":"https:\/\/www.veltec.eu\/de\/product\/matratzenreiniger-7000-08123\/#primaryimage"},"image":{"@id":"https:\/\/www.veltec.eu\/de\/product\/matratzenreiniger-7000-08123\/#primaryimage"},"thumbnailUrl":"https:\/\/www.veltec.eu\/wp-content\/uploads\/2021\/11\/conga-popstar-7000-mattress.jpg.png","datePublished":"2021-11-10T11:48:56+00:00","dateModified":"2025-04-24T12:02:06+00:00","description":"Matratzenreiniger 7000 Veltec ist seit \u00fcber 25 Jahren der Lieferant von Kirby Staubsaugern. Und ist Ihr vertrauensw\u00fcrdiger Kirby-Service.","breadcrumb":{"@id":"https:\/\/www.veltec.eu\/de\/product\/matratzenreiniger-7000-08123\/#breadcrumb"},"inLanguage":"de","potentialAction":[{"@type":"ReadAction","target":["https:\/\/www.veltec.eu\/de\/product\/matratzenreiniger-7000-08123\/"]}]},{"@type":"ImageObject","inLanguage":"de","@id":"https:\/\/www.veltec.eu\/de\/product\/matratzenreiniger-7000-08123\/#primaryimage","url":"https:\/\/www.veltec.eu\/wp-content\/uploads\/2021\/11\/conga-popstar-7000-mattress.jpg.png","contentUrl":"https:\/\/www.veltec.eu\/wp-content\/uploads\/2021\/11\/conga-popstar-7000-mattress.jpg.png","width":458,"height":458},{"@type":"BreadcrumbList","@id":"https:\/\/www.veltec.eu\/de\/product\/matratzenreiniger-7000-08123\/#breadcrumb","itemListElement":[{"@type":"ListItem","position":1,"name":"Home","item":"https:\/\/www.veltec.eu\/de\/"},{"@type":"ListItem","position":2,"name":"Kirby Shop","item":"https:\/\/www.veltec.eu\/nl\/shop-page\/"},{"@type":"ListItem","position":3,"name":"Matratzenreiniger 7000"}]},{"@type":"WebSite","@id":"https:\/\/www.veltec.eu\/en\/#website","url":"https:\/\/www.veltec.eu\/en\/","name":"Veltec Kirby specialist","description":"Kirby stofzuiger producten","publisher":{"@id":"https:\/\/www.veltec.eu\/en\/#organization"},"potentialAction":[{"@type":"SearchAction","target":{"@type":"EntryPoint","urlTemplate":"https:\/\/www.veltec.eu\/en\/?s={search_term_string}"},"query-input":{"@type":"PropertyValueSpecification","valueRequired":true,"valueName":"search_term_string"}}],"inLanguage":"de"},{"@type":"Organization","@id":"https:\/\/www.veltec.eu\/en\/#organization","name":"Veltec Kirby Specialist","url":"https:\/\/www.veltec.eu\/en\/","logo":{"@type":"ImageObject","inLanguage":"de","@id":"https:\/\/www.veltec.eu\/en\/#\/schema\/logo\/image\/","url":"https:\/\/www.veltec.eu\/wp-content\/uploads\/2021\/12\/Veltec-log-groot-e1537260889125.png","contentUrl":"https:\/\/www.veltec.eu\/wp-content\/uploads\/2021\/12\/Veltec-log-groot-e1537260889125.png","width":200,"height":60,"caption":"Veltec Kirby Specialist"},"image":{"@id":"https:\/\/www.veltec.eu\/en\/#\/schema\/logo\/image\/"},"sameAs":["https:\/\/www.facebook.com\/Veltec-Kirby-Specialist-236746293374877\/","https:\/\/www.youtube.com\/user\/VeltecService"]}]}},"_links":{"self":[{"href":"https:\/\/www.veltec.eu\/de\/wp-json\/wp\/v2\/product\/42897","targetHints":{"allow":["GET"]}}],"collection":[{"href":"https:\/\/www.veltec.eu\/de\/wp-json\/wp\/v2\/product"}],"about":[{"href":"https:\/\/www.veltec.eu\/de\/wp-json\/wp\/v2\/types\/product"}],"replies":[{"embeddable":true,"href":"https:\/\/www.veltec.eu\/de\/wp-json\/wp\/v2\/comments?post=42897"}],"wp:featuredmedia":[{"embeddable":true,"href":"https:\/\/www.veltec.eu\/de\/wp-json\/wp\/v2\/media\/42848"}],"wp:attachment":[{"href":"https:\/\/www.veltec.eu\/de\/wp-json\/wp\/v2\/media?parent=42897"}],"wp:term":[{"taxonomy":"product_brand","embeddable":true,"href":"https:\/\/www.veltec.eu\/de\/wp-json\/wp\/v2\/product_brand?post=42897"},{"taxonomy":"product_cat","embeddable":true,"href":"https:\/\/www.veltec.eu\/de\/wp-json\/wp\/v2\/product_cat?post=42897"},{"taxonomy":"product_tag","embeddable":true,"href":"https:\/\/www.veltec.eu\/de\/wp-json\/wp\/v2\/product_tag?post=42897"}],"curies":[{"name":"wp","href":"https:\/\/api.w.org\/{rel}","templated":true}]}}