{"id":42639,"date":"2021-10-27T14:21:15","date_gmt":"2021-10-27T12:21:15","guid":{"rendered":"https:\/\/www.veltec.eu\/product\/schalterabdeckungshalter-nl45008\/"},"modified":"2025-03-31T14:00:20","modified_gmt":"2025-03-31T12:00:20","slug":"halter-fuer-schalterschutz-nl45008","status":"publish","type":"product","link":"https:\/\/www.veltec.eu\/de\/product\/halter-fuer-schalterschutz-nl45008\/","title":{"rendered":"Halter f\u00fcr Schalterschutz"},"content":{"rendered":"<h1>Halter f\u00fcr Schalterschutz<\/h1>\n<p>Halter f\u00fcr Schalterschutz &#8211; Die meisten der \u00e4lteren Farben sind nicht mehr erh\u00e4ltlich. Kirby Co. hat sie durch diesen Kirby G6 &#8211; Farbe schwarz &#8211; ersetzt.<\/p>\n<p><strong>Dieser Schalterschutzhalter ist universell und f\u00fcr jeden Kirby Staubsauger geeignet;<\/strong><\/p>\n<ul>\n<li>Avalir Platinum<\/li>\n<li>Avalir 2<\/li>\n<li>Avalir 1<\/li>\n<li>Sentria 2 (G10D)<\/li>\n<li>Sentria 1 (G10)<\/li>\n<li>Ultimate G Diamond Ed.(G7D or DE)<\/li>\n<li>Ultimate G (G7 or UG)<\/li>\n<li>Generation 6 (G6)<\/li>\n<li>Generation 5 (G5)<\/li>\n<li>Generation 4 (G4)<\/li>\n<li>Generation 3 (G3)<\/li>\n<\/ul>\n<h2>Schalter-Schutzabdeckung f\u00fcr Kirby Staubsauger &#8211; Schutz und Haltbarkeit<\/h2>\n<p>Ein Staubsauger sollte lange halten und problemlos funktionieren. Daher ist der Schutz wichtiger Teile wie des Schalters sehr wichtig. Der Schalterschutz bietet die perfekte L\u00f6sung, um den Schalter Ihres Kirby Staubsaugers vor Verschlei\u00df, Schmutz und Besch\u00e4digung zu sch\u00fctzen.<\/p>\n<p><a href=\"https:\/\/www.veltec.eu\/de\/kirby-gehause\/\">Hier finden Sie alle Kirby-Geh\u00e4use<\/a><\/p>\n<h3>Warum sollten Sie sich f\u00fcr den Halter f\u00fcr Schalterschutz entscheiden?<\/h3>\n<p>Diese Schutzabdeckung aus Kunststoff wurde speziell entwickelt, um den Schalter Ihres Kirby Staubsaugers vor \u00e4u\u00dferen Einfl\u00fcssen zu sch\u00fctzen. Mit seiner robusten Konstruktion sorgt dieser Halter daf\u00fcr, dass der Schalter reibungslos und ohne Widerstand gedr\u00fcckt werden kann und Ihr Staubsauger optimal funktioniert. Hier sind einige Gr\u00fcnde, warum diese Schutzh\u00fclle ein unverzichtbares Zubeh\u00f6r ist:<\/p>\n<ul>\n<li><strong>Sch\u00fctzt den Schalter vor Besch\u00e4digungen<\/strong> &#8211; Verhindert Verschlei\u00df und Bruch.<\/li>\n<li><strong>Sorgt f\u00fcr einen reibungslosen Betrieb<\/strong> &#8211; Kein zus\u00e4tzlicher Widerstand beim Dr\u00fccken.<\/li>\n<li><strong>Universell geeignet f\u00fcr alle Kirby Staubsauger<\/strong> &#8211; Passt sowohl f\u00fcr \u00e4ltere als auch f\u00fcr neuere Modelle.<\/li>\n<li><strong>Strapazierf\u00e4higes Material<\/strong> &#8211; Hergestellt aus hochwertigem Kunststoff f\u00fcr eine lange Lebensdauer.<\/li>\n<\/ul>\n<h3>Passend f\u00fcr alle Kirby Staubsauger<\/h3>\n<p>Die meisten \u00e4lteren Kirby-Modelle hatten Schalterabdeckungen in verschiedenen Farben. Viele dieser Farben sind heute nicht mehr erh\u00e4ltlich. Kirby Co. hat diese durch eine universelle Version in der Farbe Schwarz aus der Kirby G6-Serie ersetzt. Das bedeutet, dass diese Schutzhaube f\u00fcr alle Kirby Staubsauger geeignet ist, unabh\u00e4ngig von Modell und Baujahr.<\/p>\n<h3>Einfache Installation und lange Lebensdauer<\/h3>\n<p>Der Austausch oder die Installation dieser Schutzhaube ist einfach und kann in wenigen Minuten durchgef\u00fchrt werden. Dank der robusten Konstruktion bleibt die Abdeckung an ihrem Platz und bietet langfristigen Schutz. Die Verwendung von hochwertigem Kunststoff sorgt zudem daf\u00fcr, dass diese Kappe h\u00e4ufigem Gebrauch und intensiver Reinigung standh\u00e4lt.<\/p>\n<h3>Bestellen Sie noch heute!<\/h3>\n<p>M\u00f6chten Sie verhindern, dass der Schalter Ihres Kirby Staubsaugers besch\u00e4digt wird? Dann ist der Halter f\u00fcr Schalterschutz die ideale L\u00f6sung. Bestellen Sie noch heute und sorgen Sie daf\u00fcr, dass Ihr Staubsauger weiterhin optimal funktioniert!<\/p>\n","protected":false},"excerpt":{"rendered":"<p>Halter f\u00fcr Netzschalter-Schutzabdeckung<\/p>\n[trustindex data-widget-id=31675542425128034566e10b5fb]\n<h3><span style=\"color: #008000;\"><br \/>\nVorr\u00e4tig<\/span><\/h3>\n[av_font_icon icon='ue812' font='entypo-fontello' style='' caption='' size='25px' position='left' color='#43ad66' link='' linktarget='' title_attr='' sonar_effect_effect='' sonar_effect_color='' sonar_effect_duration='1' sonar_effect_scale='' sonar_effect_opac='0.5' animation='' id='' custom_class='' template_class='' av_uid='' sc_version='1.0' admin_preview_bg=''][\/av_font_icon]\n<p><span style=\"color: #008000;\">Vor 23:59 uhr bestellt, morgen versendet<\/span><\/p>\n<p>&nbsp;<\/p>\n","protected":false},"featured_media":90458,"comment_status":"open","ping_status":"closed","template":"","meta":{"_acf_changed":false},"product_brand":[],"product_cat":[305],"product_tag":[],"class_list":{"0":"post-42639","1":"product","2":"type-product","3":"status-publish","4":"has-post-thumbnail","6":"product_cat-kirby-gehause","8":"first","9":"instock","10":"taxable","11":"shipping-taxable","12":"purchasable","13":"product-type-simple"},"acf":[],"yoast_head":"<!-- This site is optimized with the Yoast SEO Premium plugin v27.1 (Yoast SEO v27.4) - https:\/\/yoast.com\/product\/yoast-seo-premium-wordpress\/ -->\n<title>Halter f\u00fcr Schalterschutz - Veltec Kirby specialist<\/title>\n<meta name=\"description\" content=\"Halter f\u00fcr Schalterschutz - Veltec ist seit \u00fcber 25 Jahren der Lieferant von Kirby Staubsaugern. Und ist Ihr vertrauensw\u00fcrdiger Kirby\" \/>\n<meta name=\"robots\" content=\"index, follow, max-snippet:-1, max-image-preview:large, max-video-preview:-1\" \/>\n<link rel=\"canonical\" href=\"https:\/\/www.veltec.eu\/de\/product\/halter-fuer-schalterschutz-nl45008\/\" \/>\n<meta property=\"og:locale\" content=\"de_DE\" \/>\n<meta property=\"og:type\" content=\"article\" \/>\n<meta property=\"og:title\" content=\"Halter f\u00fcr Schalterschutz\" \/>\n<meta property=\"og:description\" content=\"Halter f\u00fcr Netzschalter-Schutzabdeckung    Vorr\u00e4tig   Vor 23:59 uhr bestellt, morgen versendet  &nbsp;\" \/>\n<meta property=\"og:url\" content=\"https:\/\/www.veltec.eu\/de\/product\/halter-fuer-schalterschutz-nl45008\/\" \/>\n<meta property=\"og:site_name\" content=\"Veltec Kirby specialist\" \/>\n<meta property=\"article:publisher\" content=\"https:\/\/www.facebook.com\/Veltec-Kirby-Specialist-236746293374877\/\" \/>\n<meta property=\"article:modified_time\" content=\"2025-03-31T12:00:20+00:00\" \/>\n<meta property=\"og:image\" content=\"https:\/\/www.veltec.eu\/wp-content\/uploads\/2021\/10\/kirby_beschermring_schakelaar.jpg\" \/>\n\t<meta property=\"og:image:width\" content=\"500\" \/>\n\t<meta property=\"og:image:height\" content=\"500\" \/>\n\t<meta property=\"og:image:type\" content=\"image\/jpeg\" \/>\n<meta name=\"twitter:card\" content=\"summary_large_image\" \/>\n<meta name=\"twitter:label1\" content=\"Gesch\u00e4tzte Lesezeit\" \/>\n\t<meta name=\"twitter:data1\" content=\"2\u00a0Minuten\" \/>\n<script type=\"application\/ld+json\" class=\"yoast-schema-graph\">{\"@context\":\"https:\\\/\\\/schema.org\",\"@graph\":[{\"@type\":\"WebPage\",\"@id\":\"https:\\\/\\\/www.veltec.eu\\\/de\\\/product\\\/halter-fuer-schalterschutz-nl45008\\\/\",\"url\":\"https:\\\/\\\/www.veltec.eu\\\/de\\\/product\\\/halter-fuer-schalterschutz-nl45008\\\/\",\"name\":\"Halter f\u00fcr Schalterschutz - Veltec Kirby specialist\",\"isPartOf\":{\"@id\":\"https:\\\/\\\/www.veltec.eu\\\/en\\\/#website\"},\"primaryImageOfPage\":{\"@id\":\"https:\\\/\\\/www.veltec.eu\\\/de\\\/product\\\/halter-fuer-schalterschutz-nl45008\\\/#primaryimage\"},\"image\":{\"@id\":\"https:\\\/\\\/www.veltec.eu\\\/de\\\/product\\\/halter-fuer-schalterschutz-nl45008\\\/#primaryimage\"},\"thumbnailUrl\":\"https:\\\/\\\/www.veltec.eu\\\/wp-content\\\/uploads\\\/2021\\\/10\\\/Kirby-Schakelaar-beschermkap.jpg\",\"datePublished\":\"2021-10-27T12:21:15+00:00\",\"dateModified\":\"2025-03-31T12:00:20+00:00\",\"description\":\"Halter f\u00fcr Schalterschutz - Veltec ist seit \u00fcber 25 Jahren der Lieferant von Kirby Staubsaugern. Und ist Ihr vertrauensw\u00fcrdiger Kirby\",\"breadcrumb\":{\"@id\":\"https:\\\/\\\/www.veltec.eu\\\/de\\\/product\\\/halter-fuer-schalterschutz-nl45008\\\/#breadcrumb\"},\"inLanguage\":\"de\",\"potentialAction\":[{\"@type\":\"ReadAction\",\"target\":[\"https:\\\/\\\/www.veltec.eu\\\/de\\\/product\\\/halter-fuer-schalterschutz-nl45008\\\/\"]}]},{\"@type\":\"ImageObject\",\"inLanguage\":\"de\",\"@id\":\"https:\\\/\\\/www.veltec.eu\\\/de\\\/product\\\/halter-fuer-schalterschutz-nl45008\\\/#primaryimage\",\"url\":\"https:\\\/\\\/www.veltec.eu\\\/wp-content\\\/uploads\\\/2021\\\/10\\\/Kirby-Schakelaar-beschermkap.jpg\",\"contentUrl\":\"https:\\\/\\\/www.veltec.eu\\\/wp-content\\\/uploads\\\/2021\\\/10\\\/Kirby-Schakelaar-beschermkap.jpg\",\"width\":600,\"height\":600},{\"@type\":\"BreadcrumbList\",\"@id\":\"https:\\\/\\\/www.veltec.eu\\\/de\\\/product\\\/halter-fuer-schalterschutz-nl45008\\\/#breadcrumb\",\"itemListElement\":[{\"@type\":\"ListItem\",\"position\":1,\"name\":\"Home\",\"item\":\"https:\\\/\\\/www.veltec.eu\\\/de\\\/\"},{\"@type\":\"ListItem\",\"position\":2,\"name\":\"Kirby Shop\",\"item\":\"https:\\\/\\\/www.veltec.eu\\\/nl\\\/shop-page\\\/\"},{\"@type\":\"ListItem\",\"position\":3,\"name\":\"Halter f\u00fcr Schalterschutz\"}]},{\"@type\":\"WebSite\",\"@id\":\"https:\\\/\\\/www.veltec.eu\\\/en\\\/#website\",\"url\":\"https:\\\/\\\/www.veltec.eu\\\/en\\\/\",\"name\":\"Veltec Kirby specialist\",\"description\":\"Kirby stofzuiger producten\",\"publisher\":{\"@id\":\"https:\\\/\\\/www.veltec.eu\\\/en\\\/#organization\"},\"potentialAction\":[{\"@type\":\"SearchAction\",\"target\":{\"@type\":\"EntryPoint\",\"urlTemplate\":\"https:\\\/\\\/www.veltec.eu\\\/en\\\/?s={search_term_string}\"},\"query-input\":{\"@type\":\"PropertyValueSpecification\",\"valueRequired\":true,\"valueName\":\"search_term_string\"}}],\"inLanguage\":\"de\"},{\"@type\":\"Organization\",\"@id\":\"https:\\\/\\\/www.veltec.eu\\\/en\\\/#organization\",\"name\":\"Veltec Kirby Specialist\",\"url\":\"https:\\\/\\\/www.veltec.eu\\\/en\\\/\",\"logo\":{\"@type\":\"ImageObject\",\"inLanguage\":\"de\",\"@id\":\"https:\\\/\\\/www.veltec.eu\\\/en\\\/#\\\/schema\\\/logo\\\/image\\\/\",\"url\":\"https:\\\/\\\/www.veltec.eu\\\/wp-content\\\/uploads\\\/2021\\\/12\\\/Veltec-log-groot-e1537260889125.png\",\"contentUrl\":\"https:\\\/\\\/www.veltec.eu\\\/wp-content\\\/uploads\\\/2021\\\/12\\\/Veltec-log-groot-e1537260889125.png\",\"width\":200,\"height\":60,\"caption\":\"Veltec Kirby Specialist\"},\"image\":{\"@id\":\"https:\\\/\\\/www.veltec.eu\\\/en\\\/#\\\/schema\\\/logo\\\/image\\\/\"},\"sameAs\":[\"https:\\\/\\\/www.facebook.com\\\/Veltec-Kirby-Specialist-236746293374877\\\/\",\"https:\\\/\\\/www.youtube.com\\\/user\\\/VeltecService\"]}]}<\/script>\n<!-- \/ Yoast SEO Premium plugin. -->","yoast_head_json":{"title":"Halter f\u00fcr Schalterschutz - Veltec Kirby specialist","description":"Halter f\u00fcr Schalterschutz - Veltec ist seit \u00fcber 25 Jahren der Lieferant von Kirby Staubsaugern. Und ist Ihr vertrauensw\u00fcrdiger Kirby","robots":{"index":"index","follow":"follow","max-snippet":"max-snippet:-1","max-image-preview":"max-image-preview:large","max-video-preview":"max-video-preview:-1"},"canonical":"https:\/\/www.veltec.eu\/de\/product\/halter-fuer-schalterschutz-nl45008\/","og_locale":"de_DE","og_type":"article","og_title":"Halter f\u00fcr Schalterschutz","og_description":"Halter f\u00fcr Netzschalter-Schutzabdeckung    Vorr\u00e4tig   Vor 23:59 uhr bestellt, morgen versendet  &nbsp;","og_url":"https:\/\/www.veltec.eu\/de\/product\/halter-fuer-schalterschutz-nl45008\/","og_site_name":"Veltec Kirby specialist","article_publisher":"https:\/\/www.facebook.com\/Veltec-Kirby-Specialist-236746293374877\/","article_modified_time":"2025-03-31T12:00:20+00:00","og_image":[{"width":500,"height":500,"url":"https:\/\/www.veltec.eu\/wp-content\/uploads\/2021\/10\/kirby_beschermring_schakelaar.jpg","type":"image\/jpeg"}],"twitter_card":"summary_large_image","twitter_misc":{"Gesch\u00e4tzte Lesezeit":"2\u00a0Minuten"},"schema":{"@context":"https:\/\/schema.org","@graph":[{"@type":"WebPage","@id":"https:\/\/www.veltec.eu\/de\/product\/halter-fuer-schalterschutz-nl45008\/","url":"https:\/\/www.veltec.eu\/de\/product\/halter-fuer-schalterschutz-nl45008\/","name":"Halter f\u00fcr Schalterschutz - Veltec Kirby specialist","isPartOf":{"@id":"https:\/\/www.veltec.eu\/en\/#website"},"primaryImageOfPage":{"@id":"https:\/\/www.veltec.eu\/de\/product\/halter-fuer-schalterschutz-nl45008\/#primaryimage"},"image":{"@id":"https:\/\/www.veltec.eu\/de\/product\/halter-fuer-schalterschutz-nl45008\/#primaryimage"},"thumbnailUrl":"https:\/\/www.veltec.eu\/wp-content\/uploads\/2021\/10\/Kirby-Schakelaar-beschermkap.jpg","datePublished":"2021-10-27T12:21:15+00:00","dateModified":"2025-03-31T12:00:20+00:00","description":"Halter f\u00fcr Schalterschutz - Veltec ist seit \u00fcber 25 Jahren der Lieferant von Kirby Staubsaugern. Und ist Ihr vertrauensw\u00fcrdiger Kirby","breadcrumb":{"@id":"https:\/\/www.veltec.eu\/de\/product\/halter-fuer-schalterschutz-nl45008\/#breadcrumb"},"inLanguage":"de","potentialAction":[{"@type":"ReadAction","target":["https:\/\/www.veltec.eu\/de\/product\/halter-fuer-schalterschutz-nl45008\/"]}]},{"@type":"ImageObject","inLanguage":"de","@id":"https:\/\/www.veltec.eu\/de\/product\/halter-fuer-schalterschutz-nl45008\/#primaryimage","url":"https:\/\/www.veltec.eu\/wp-content\/uploads\/2021\/10\/Kirby-Schakelaar-beschermkap.jpg","contentUrl":"https:\/\/www.veltec.eu\/wp-content\/uploads\/2021\/10\/Kirby-Schakelaar-beschermkap.jpg","width":600,"height":600},{"@type":"BreadcrumbList","@id":"https:\/\/www.veltec.eu\/de\/product\/halter-fuer-schalterschutz-nl45008\/#breadcrumb","itemListElement":[{"@type":"ListItem","position":1,"name":"Home","item":"https:\/\/www.veltec.eu\/de\/"},{"@type":"ListItem","position":2,"name":"Kirby Shop","item":"https:\/\/www.veltec.eu\/nl\/shop-page\/"},{"@type":"ListItem","position":3,"name":"Halter f\u00fcr Schalterschutz"}]},{"@type":"WebSite","@id":"https:\/\/www.veltec.eu\/en\/#website","url":"https:\/\/www.veltec.eu\/en\/","name":"Veltec Kirby specialist","description":"Kirby stofzuiger producten","publisher":{"@id":"https:\/\/www.veltec.eu\/en\/#organization"},"potentialAction":[{"@type":"SearchAction","target":{"@type":"EntryPoint","urlTemplate":"https:\/\/www.veltec.eu\/en\/?s={search_term_string}"},"query-input":{"@type":"PropertyValueSpecification","valueRequired":true,"valueName":"search_term_string"}}],"inLanguage":"de"},{"@type":"Organization","@id":"https:\/\/www.veltec.eu\/en\/#organization","name":"Veltec Kirby Specialist","url":"https:\/\/www.veltec.eu\/en\/","logo":{"@type":"ImageObject","inLanguage":"de","@id":"https:\/\/www.veltec.eu\/en\/#\/schema\/logo\/image\/","url":"https:\/\/www.veltec.eu\/wp-content\/uploads\/2021\/12\/Veltec-log-groot-e1537260889125.png","contentUrl":"https:\/\/www.veltec.eu\/wp-content\/uploads\/2021\/12\/Veltec-log-groot-e1537260889125.png","width":200,"height":60,"caption":"Veltec Kirby Specialist"},"image":{"@id":"https:\/\/www.veltec.eu\/en\/#\/schema\/logo\/image\/"},"sameAs":["https:\/\/www.facebook.com\/Veltec-Kirby-Specialist-236746293374877\/","https:\/\/www.youtube.com\/user\/VeltecService"]}]}},"_links":{"self":[{"href":"https:\/\/www.veltec.eu\/de\/wp-json\/wp\/v2\/product\/42639","targetHints":{"allow":["GET"]}}],"collection":[{"href":"https:\/\/www.veltec.eu\/de\/wp-json\/wp\/v2\/product"}],"about":[{"href":"https:\/\/www.veltec.eu\/de\/wp-json\/wp\/v2\/types\/product"}],"replies":[{"embeddable":true,"href":"https:\/\/www.veltec.eu\/de\/wp-json\/wp\/v2\/comments?post=42639"}],"wp:featuredmedia":[{"embeddable":true,"href":"https:\/\/www.veltec.eu\/de\/wp-json\/wp\/v2\/media\/90458"}],"wp:attachment":[{"href":"https:\/\/www.veltec.eu\/de\/wp-json\/wp\/v2\/media?parent=42639"}],"wp:term":[{"taxonomy":"product_brand","embeddable":true,"href":"https:\/\/www.veltec.eu\/de\/wp-json\/wp\/v2\/product_brand?post=42639"},{"taxonomy":"product_cat","embeddable":true,"href":"https:\/\/www.veltec.eu\/de\/wp-json\/wp\/v2\/product_cat?post=42639"},{"taxonomy":"product_tag","embeddable":true,"href":"https:\/\/www.veltec.eu\/de\/wp-json\/wp\/v2\/product_tag?post=42639"}],"curies":[{"name":"wp","href":"https:\/\/api.w.org\/{rel}","templated":true}]}}