{"id":31357,"date":"2020-03-27T15:56:01","date_gmt":"2020-03-27T13:56:01","guid":{"rendered":"https:\/\/www.veltec.eu\/product\/elektrokabel-15-m-fur-kirby-sentria-avalir-nl550098\/"},"modified":"2024-12-06T16:13:42","modified_gmt":"2024-12-06T14:13:42","slug":"kirby-elektrokabel-15m-sentria-und-avalir","status":"publish","type":"product","link":"https:\/\/www.veltec.eu\/de\/product\/kirby-elektrokabel-15m-sentria-und-avalir\/","title":{"rendered":"Kirby Elektrokabel 15m Sentria und Avalir"},"content":{"rendered":"<h1>Kirby Elektrokabel 15m Sentria und Avalir<\/h1>\n<p>Kirby Elektrokabel 15m Sentria und Avalir is a extra lang Elektrokabel f\u00fcr Kirby-Staubsauger, L\u00e4nge: 15 m, Gummikabel.<\/p>\n<p><strong>Dieses Produkt eignet sich f\u00fcr die Typen:<\/strong><\/p>\n<ul>\n<li>Avalir II<\/li>\n<li>Avalir I<\/li>\n<li>Sentria II (G10D)<\/li>\n<li>Sentria (G10)<\/li>\n<\/ul>\n<p>ACHTUNG !!!!<\/p>\n<p>Das elektrische Kabel ist f\u00fcr die Sentria Kirby und Kirby Avalir geeignet.<br \/>\nWenn Sie eine andere Art von Kirby Staubsauger haben, dann m\u00fcssen Sie ein anderes Kabel.<br \/>\n<strong><a href=\"https:\/\/www.veltec.eu\/de\/product\/kirby-elektrokabel-15m-generation\/\">Klicken Sie hier , wenn Sie keine Kirby Kirby Sentra oder Avalir haben<\/a><\/strong>.<\/p>\n<h2>Kirby Elektrokabel 15m Sentria und Avalir &#8211; Geeignet f\u00fcr den Kirby Sentria und Avalir<\/h2>\n<p>Sind Sie auf der Suche nach einem zuverl\u00e4ssigen und extra langen Stromkabel f\u00fcr Ihren Kirby Staubsauger? Dieses 15 Meter lange Kirby-Kabel, das speziell f\u00fcr die Modelle Kirby Sentria und Kirby Avalir entwickelt wurde, ist die Antwort! Mit diesem Kabel genie\u00dfen Sie mehr Bewegungsfreiheit, weniger h\u00e4ufige Stopps zum Wechseln von Steckdosen und eine optimale Leistung Ihres Kirby-Ger\u00e4ts.<\/p>\n<p>Hier finden Sie alle Ersatzteile f\u00fcr das <a href=\"https:\/\/www.veltec.eu\/de\/categorie\/kirby-elektrokabel-und-zubehor\/\">Kirby-Elektrokabel<\/a><\/p>\n<h3>Warum ein Kirby Elektrokabel 15m Sentria und Avalir w\u00e4hlen?<\/h3>\n<p>Das Standardkabel eines Staubsaugers kann sich schnell als zu kurz erweisen, besonders in gr\u00f6\u00dferen R\u00e4umen oder wenn die Steckdosen weit auseinander liegen. Mit diesem 15 Meter langen Elektrokabel:<\/p>\n<ul>\n<li>Zeitersparnis: Weniger Unterbrechungen, um den Staubsauger an eine andere Steckdose anzuschlie\u00dfen.<\/li>\n<li>Bessere Flexibilit\u00e4t: Erreichen Sie m\u00fchelos Ecken und R\u00e4ume, ohne Kompromisse bei der Leistung einzugehen.<\/li>\n<li>Geeignet f\u00fcr gro\u00dfe Wohnungen: Ideal f\u00fcr gr\u00f6\u00dfere R\u00e4ume, B\u00fcros oder Haushalte mit begrenztem Zugang zu Steckdosen.<\/li>\n<li>Perfekte Kompatibilit\u00e4t mit Kirby Sentria und Avalir<\/li>\n<\/ul>\n<p>Dieses Stromkabel wurde speziell f\u00fcr die Modelle Kirby Sentria und Kirby Avalir entwickelt und gew\u00e4hrleistet einen nahtlosen Anschluss und zuverl\u00e4ssigen Betrieb. Das Kabel ist einfach zu installieren, sicher in der Anwendung und aus langlebigen Materialien gefertigt, um eine lange Lebensdauer zu gew\u00e4hrleisten.<\/p>\n<h3>Die wichtigsten Vorteile<\/h3>\n<p>Langlebige Qualit\u00e4t: Hergestellt aus hochwertigen Materialien, die einer intensiven Nutzung standhalten.<br \/>\nEinfache Installation: Keine komplizierten Schritte; Anschluss des Kabels in wenigen Minuten.<br \/>\nSicherheit: Erf\u00fcllt die h\u00f6chsten Sicherheitsstandards, so dass Sie sich keine Sorgen machen m\u00fcssen.<br \/>\nVerbessern Sie Ihr Reinigungserlebnis<\/p>\n<p>Dieses 15 Meter lange Kabel von Kirby macht Ihre Reinigungsarbeit einfacher, effizienter und komfortabler. Das Produkt eignet sich sowohl f\u00fcr den privaten als auch f\u00fcr den professionellen Gebrauch und hilft Ihnen, das Beste aus Ihrem Kirby Staubsauger herauszuholen.<\/p>\n<h3>Bestellen Sie noch heute!<\/h3>\n<p>Sorgen Sie daf\u00fcr, dass Ihrem Kirby Sentria oder Avalir nie der Strom ausgeht. Bestellen Sie dieses extra lange 15 Meter lange Stromkabel und erleben Sie den Komfort unbegrenzter Bewegungsfreiheit beim Putzen. Verpassen Sie nicht die Gelegenheit, Ihr Staubsauger-Erlebnis auf die n\u00e4chste Stufe zu heben!<\/p>\n","protected":false},"excerpt":{"rendered":"<p>Extra lang Elektrokabel f\u00fcr Kirby-Staubsauger, L\u00e4nge: 15 m.<\/p>\n[trustindex data-widget-id=31675542425128034566e10b5fb]\n<h3><span style=\"color: #008000;\"><br \/>\nVorr\u00e4tig<\/span><\/h3>\n[av_font_icon icon='ue812' font='entypo-fontello' style='' caption='' size='25px' position='left' color='#43ad66' link='' linktarget='' title_attr='' sonar_effect_effect='' sonar_effect_color='' sonar_effect_duration='1' sonar_effect_scale='' sonar_effect_opac='0.5' animation='' id='' custom_class='' template_class='' av_uid='' sc_version='1.0' admin_preview_bg=''][\/av_font_icon]\n<p><span style=\"color: #008000;\">Vor 23:59 uhr bestellt, morgen versendet<\/span><\/p>\n<p>&nbsp;<\/p>\n","protected":false},"featured_media":31346,"comment_status":"open","ping_status":"closed","template":"","meta":[],"product_brand":[],"product_cat":[388],"product_tag":[],"class_list":{"0":"post-31357","1":"product","2":"type-product","3":"status-publish","4":"has-post-thumbnail","6":"product_cat-kirby-elektrokabel-und-zubehor","8":"first","9":"outofstock","10":"sale","11":"taxable","12":"shipping-taxable","13":"purchasable","14":"product-type-simple"},"yoast_head":"<!-- This site is optimized with the Yoast SEO Premium plugin v27.1 (Yoast SEO v27.4) - https:\/\/yoast.com\/product\/yoast-seo-premium-wordpress\/ -->\n<title>Kirby Elektrokabel 15m Sentria und Avalir - Veltec Kirby specialist<\/title>\n<meta name=\"description\" content=\"Kirby Elektrokabel 15m Sentria und Avalir - Veltec ist seit \u00fcber 25 Jahren der Lieferant von Kirby Staubsaugern. Veltec Kirby Spezialist\" \/>\n<meta name=\"robots\" content=\"index, follow, max-snippet:-1, max-image-preview:large, max-video-preview:-1\" \/>\n<link rel=\"canonical\" href=\"https:\/\/www.veltec.eu\/nl\/product\/kirby-elektrasnoer-15m-sentria-en-avalir\/\" \/>\n<meta property=\"og:locale\" content=\"de_DE\" \/>\n<meta property=\"og:type\" content=\"article\" \/>\n<meta property=\"og:title\" content=\"Kirby Elektrokabel 15m Sentria und Avalir\" \/>\n<meta property=\"og:description\" content=\"Extra lang Elektrokabel f\u00fcr Kirby-Staubsauger, L\u00e4nge: 15 m.    Vorr\u00e4tig   Vor 23:59 uhr bestellt, morgen versendet  &nbsp;\" \/>\n<meta property=\"og:url\" content=\"https:\/\/www.veltec.eu\/nl\/product\/kirby-elektrasnoer-15m-sentria-en-avalir\/\" \/>\n<meta property=\"og:site_name\" content=\"Veltec Kirby specialist\" \/>\n<meta property=\"article:publisher\" content=\"https:\/\/www.facebook.com\/Veltec-Kirby-Specialist-236746293374877\/\" \/>\n<meta property=\"article:modified_time\" content=\"2024-12-06T14:13:42+00:00\" \/>\n<meta property=\"og:image\" content=\"https:\/\/www.veltec.eu\/wp-content\/uploads\/2020\/03\/50-food-snoer-Sentr-avalir.jpg\" \/>\n\t<meta property=\"og:image:width\" content=\"500\" \/>\n\t<meta property=\"og:image:height\" content=\"500\" \/>\n\t<meta property=\"og:image:type\" content=\"image\/jpeg\" \/>\n<meta name=\"twitter:card\" content=\"summary_large_image\" \/>\n<meta name=\"twitter:label1\" content=\"Gesch\u00e4tzte Lesezeit\" \/>\n\t<meta name=\"twitter:data1\" content=\"3\u00a0Minuten\" \/>\n<script type=\"application\/ld+json\" class=\"yoast-schema-graph\">{\"@context\":\"https:\\\/\\\/schema.org\",\"@graph\":[{\"@type\":\"WebPage\",\"@id\":\"https:\\\/\\\/www.veltec.eu\\\/nl\\\/product\\\/kirby-elektrasnoer-15m-sentria-en-avalir\\\/\",\"url\":\"https:\\\/\\\/www.veltec.eu\\\/nl\\\/product\\\/kirby-elektrasnoer-15m-sentria-en-avalir\\\/\",\"name\":\"Kirby Elektrokabel 15m Sentria und Avalir - Veltec Kirby specialist\",\"isPartOf\":{\"@id\":\"https:\\\/\\\/www.veltec.eu\\\/en\\\/#website\"},\"primaryImageOfPage\":{\"@id\":\"https:\\\/\\\/www.veltec.eu\\\/nl\\\/product\\\/kirby-elektrasnoer-15m-sentria-en-avalir\\\/#primaryimage\"},\"image\":{\"@id\":\"https:\\\/\\\/www.veltec.eu\\\/nl\\\/product\\\/kirby-elektrasnoer-15m-sentria-en-avalir\\\/#primaryimage\"},\"thumbnailUrl\":\"https:\\\/\\\/www.veltec.eu\\\/wp-content\\\/uploads\\\/2020\\\/03\\\/50-food-snoer-Sentr-avalir.jpg\",\"datePublished\":\"2020-03-27T13:56:01+00:00\",\"dateModified\":\"2024-12-06T14:13:42+00:00\",\"description\":\"Kirby Elektrokabel 15m Sentria und Avalir - Veltec ist seit \u00fcber 25 Jahren der Lieferant von Kirby Staubsaugern. Veltec Kirby Spezialist\",\"breadcrumb\":{\"@id\":\"https:\\\/\\\/www.veltec.eu\\\/nl\\\/product\\\/kirby-elektrasnoer-15m-sentria-en-avalir\\\/#breadcrumb\"},\"inLanguage\":\"de\",\"potentialAction\":[{\"@type\":\"ReadAction\",\"target\":[\"https:\\\/\\\/www.veltec.eu\\\/nl\\\/product\\\/kirby-elektrasnoer-15m-sentria-en-avalir\\\/\"]}]},{\"@type\":\"ImageObject\",\"inLanguage\":\"de\",\"@id\":\"https:\\\/\\\/www.veltec.eu\\\/nl\\\/product\\\/kirby-elektrasnoer-15m-sentria-en-avalir\\\/#primaryimage\",\"url\":\"https:\\\/\\\/www.veltec.eu\\\/wp-content\\\/uploads\\\/2020\\\/03\\\/50-food-snoer-Sentr-avalir.jpg\",\"contentUrl\":\"https:\\\/\\\/www.veltec.eu\\\/wp-content\\\/uploads\\\/2020\\\/03\\\/50-food-snoer-Sentr-avalir.jpg\",\"width\":500,\"height\":500},{\"@type\":\"BreadcrumbList\",\"@id\":\"https:\\\/\\\/www.veltec.eu\\\/nl\\\/product\\\/kirby-elektrasnoer-15m-sentria-en-avalir\\\/#breadcrumb\",\"itemListElement\":[{\"@type\":\"ListItem\",\"position\":1,\"name\":\"Home\",\"item\":\"https:\\\/\\\/www.veltec.eu\\\/de\\\/\"},{\"@type\":\"ListItem\",\"position\":2,\"name\":\"Produits\",\"item\":\"https:\\\/\\\/www.veltec.eu\\\/fr\\\/shop\\\/\"},{\"@type\":\"ListItem\",\"position\":3,\"name\":\"Kirby Elektrokabel 15m Sentria und Avalir\"}]},{\"@type\":\"WebSite\",\"@id\":\"https:\\\/\\\/www.veltec.eu\\\/en\\\/#website\",\"url\":\"https:\\\/\\\/www.veltec.eu\\\/en\\\/\",\"name\":\"Veltec Kirby specialist\",\"description\":\"Kirby stofzuiger producten\",\"publisher\":{\"@id\":\"https:\\\/\\\/www.veltec.eu\\\/en\\\/#organization\"},\"potentialAction\":[{\"@type\":\"SearchAction\",\"target\":{\"@type\":\"EntryPoint\",\"urlTemplate\":\"https:\\\/\\\/www.veltec.eu\\\/en\\\/?s={search_term_string}\"},\"query-input\":{\"@type\":\"PropertyValueSpecification\",\"valueRequired\":true,\"valueName\":\"search_term_string\"}}],\"inLanguage\":\"de\"},{\"@type\":\"Organization\",\"@id\":\"https:\\\/\\\/www.veltec.eu\\\/en\\\/#organization\",\"name\":\"Veltec Kirby Specialist\",\"url\":\"https:\\\/\\\/www.veltec.eu\\\/en\\\/\",\"logo\":{\"@type\":\"ImageObject\",\"inLanguage\":\"de\",\"@id\":\"https:\\\/\\\/www.veltec.eu\\\/en\\\/#\\\/schema\\\/logo\\\/image\\\/\",\"url\":\"https:\\\/\\\/www.veltec.eu\\\/wp-content\\\/uploads\\\/2021\\\/12\\\/Veltec-log-groot-e1537260889125.png\",\"contentUrl\":\"https:\\\/\\\/www.veltec.eu\\\/wp-content\\\/uploads\\\/2021\\\/12\\\/Veltec-log-groot-e1537260889125.png\",\"width\":200,\"height\":60,\"caption\":\"Veltec Kirby Specialist\"},\"image\":{\"@id\":\"https:\\\/\\\/www.veltec.eu\\\/en\\\/#\\\/schema\\\/logo\\\/image\\\/\"},\"sameAs\":[\"https:\\\/\\\/www.facebook.com\\\/Veltec-Kirby-Specialist-236746293374877\\\/\",\"https:\\\/\\\/www.youtube.com\\\/user\\\/VeltecService\"]}]}<\/script>\n<!-- \/ Yoast SEO Premium plugin. -->","yoast_head_json":{"title":"Kirby Elektrokabel 15m Sentria und Avalir - Veltec Kirby specialist","description":"Kirby Elektrokabel 15m Sentria und Avalir - Veltec ist seit \u00fcber 25 Jahren der Lieferant von Kirby Staubsaugern. Veltec Kirby Spezialist","robots":{"index":"index","follow":"follow","max-snippet":"max-snippet:-1","max-image-preview":"max-image-preview:large","max-video-preview":"max-video-preview:-1"},"canonical":"https:\/\/www.veltec.eu\/nl\/product\/kirby-elektrasnoer-15m-sentria-en-avalir\/","og_locale":"de_DE","og_type":"article","og_title":"Kirby Elektrokabel 15m Sentria und Avalir","og_description":"Extra lang Elektrokabel f\u00fcr Kirby-Staubsauger, L\u00e4nge: 15 m.    Vorr\u00e4tig   Vor 23:59 uhr bestellt, morgen versendet  &nbsp;","og_url":"https:\/\/www.veltec.eu\/nl\/product\/kirby-elektrasnoer-15m-sentria-en-avalir\/","og_site_name":"Veltec Kirby specialist","article_publisher":"https:\/\/www.facebook.com\/Veltec-Kirby-Specialist-236746293374877\/","article_modified_time":"2024-12-06T14:13:42+00:00","og_image":[{"width":500,"height":500,"url":"https:\/\/www.veltec.eu\/wp-content\/uploads\/2020\/03\/50-food-snoer-Sentr-avalir.jpg","type":"image\/jpeg"}],"twitter_card":"summary_large_image","twitter_misc":{"Gesch\u00e4tzte Lesezeit":"3\u00a0Minuten"},"schema":{"@context":"https:\/\/schema.org","@graph":[{"@type":"WebPage","@id":"https:\/\/www.veltec.eu\/nl\/product\/kirby-elektrasnoer-15m-sentria-en-avalir\/","url":"https:\/\/www.veltec.eu\/nl\/product\/kirby-elektrasnoer-15m-sentria-en-avalir\/","name":"Kirby Elektrokabel 15m Sentria und Avalir - Veltec Kirby specialist","isPartOf":{"@id":"https:\/\/www.veltec.eu\/en\/#website"},"primaryImageOfPage":{"@id":"https:\/\/www.veltec.eu\/nl\/product\/kirby-elektrasnoer-15m-sentria-en-avalir\/#primaryimage"},"image":{"@id":"https:\/\/www.veltec.eu\/nl\/product\/kirby-elektrasnoer-15m-sentria-en-avalir\/#primaryimage"},"thumbnailUrl":"https:\/\/www.veltec.eu\/wp-content\/uploads\/2020\/03\/50-food-snoer-Sentr-avalir.jpg","datePublished":"2020-03-27T13:56:01+00:00","dateModified":"2024-12-06T14:13:42+00:00","description":"Kirby Elektrokabel 15m Sentria und Avalir - Veltec ist seit \u00fcber 25 Jahren der Lieferant von Kirby Staubsaugern. Veltec Kirby Spezialist","breadcrumb":{"@id":"https:\/\/www.veltec.eu\/nl\/product\/kirby-elektrasnoer-15m-sentria-en-avalir\/#breadcrumb"},"inLanguage":"de","potentialAction":[{"@type":"ReadAction","target":["https:\/\/www.veltec.eu\/nl\/product\/kirby-elektrasnoer-15m-sentria-en-avalir\/"]}]},{"@type":"ImageObject","inLanguage":"de","@id":"https:\/\/www.veltec.eu\/nl\/product\/kirby-elektrasnoer-15m-sentria-en-avalir\/#primaryimage","url":"https:\/\/www.veltec.eu\/wp-content\/uploads\/2020\/03\/50-food-snoer-Sentr-avalir.jpg","contentUrl":"https:\/\/www.veltec.eu\/wp-content\/uploads\/2020\/03\/50-food-snoer-Sentr-avalir.jpg","width":500,"height":500},{"@type":"BreadcrumbList","@id":"https:\/\/www.veltec.eu\/nl\/product\/kirby-elektrasnoer-15m-sentria-en-avalir\/#breadcrumb","itemListElement":[{"@type":"ListItem","position":1,"name":"Home","item":"https:\/\/www.veltec.eu\/de\/"},{"@type":"ListItem","position":2,"name":"Produits","item":"https:\/\/www.veltec.eu\/fr\/shop\/"},{"@type":"ListItem","position":3,"name":"Kirby Elektrokabel 15m Sentria und Avalir"}]},{"@type":"WebSite","@id":"https:\/\/www.veltec.eu\/en\/#website","url":"https:\/\/www.veltec.eu\/en\/","name":"Veltec Kirby specialist","description":"Kirby stofzuiger producten","publisher":{"@id":"https:\/\/www.veltec.eu\/en\/#organization"},"potentialAction":[{"@type":"SearchAction","target":{"@type":"EntryPoint","urlTemplate":"https:\/\/www.veltec.eu\/en\/?s={search_term_string}"},"query-input":{"@type":"PropertyValueSpecification","valueRequired":true,"valueName":"search_term_string"}}],"inLanguage":"de"},{"@type":"Organization","@id":"https:\/\/www.veltec.eu\/en\/#organization","name":"Veltec Kirby Specialist","url":"https:\/\/www.veltec.eu\/en\/","logo":{"@type":"ImageObject","inLanguage":"de","@id":"https:\/\/www.veltec.eu\/en\/#\/schema\/logo\/image\/","url":"https:\/\/www.veltec.eu\/wp-content\/uploads\/2021\/12\/Veltec-log-groot-e1537260889125.png","contentUrl":"https:\/\/www.veltec.eu\/wp-content\/uploads\/2021\/12\/Veltec-log-groot-e1537260889125.png","width":200,"height":60,"caption":"Veltec Kirby Specialist"},"image":{"@id":"https:\/\/www.veltec.eu\/en\/#\/schema\/logo\/image\/"},"sameAs":["https:\/\/www.facebook.com\/Veltec-Kirby-Specialist-236746293374877\/","https:\/\/www.youtube.com\/user\/VeltecService"]}]}},"_links":{"self":[{"href":"https:\/\/www.veltec.eu\/de\/wp-json\/wp\/v2\/product\/31357","targetHints":{"allow":["GET"]}}],"collection":[{"href":"https:\/\/www.veltec.eu\/de\/wp-json\/wp\/v2\/product"}],"about":[{"href":"https:\/\/www.veltec.eu\/de\/wp-json\/wp\/v2\/types\/product"}],"replies":[{"embeddable":true,"href":"https:\/\/www.veltec.eu\/de\/wp-json\/wp\/v2\/comments?post=31357"}],"wp:featuredmedia":[{"embeddable":true,"href":"https:\/\/www.veltec.eu\/de\/wp-json\/wp\/v2\/media\/31346"}],"wp:attachment":[{"href":"https:\/\/www.veltec.eu\/de\/wp-json\/wp\/v2\/media?parent=31357"}],"wp:term":[{"taxonomy":"product_brand","embeddable":true,"href":"https:\/\/www.veltec.eu\/de\/wp-json\/wp\/v2\/product_brand?post=31357"},{"taxonomy":"product_cat","embeddable":true,"href":"https:\/\/www.veltec.eu\/de\/wp-json\/wp\/v2\/product_cat?post=31357"},{"taxonomy":"product_tag","embeddable":true,"href":"https:\/\/www.veltec.eu\/de\/wp-json\/wp\/v2\/product_tag?post=31357"}],"curies":[{"name":"wp","href":"https:\/\/api.w.org\/{rel}","templated":true}]}}