{"id":28246,"date":"2019-10-11T10:02:19","date_gmt":"2019-10-11T08:02:19","guid":{"rendered":"https:\/\/www.veltec.eu\/product\/kirby-staubsaugerschlauch-3-m-veltec-eigene-marke-nl9901\/"},"modified":"2026-03-05T10:17:07","modified_gmt":"2026-03-05T08:17:07","slug":"kirby-staubsaugerschlauch-3m-veltec-eigene-marke-nl9901","status":"publish","type":"product","link":"https:\/\/www.veltec.eu\/de\/product\/kirby-staubsaugerschlauch-3m-veltec-eigene-marke-nl9901\/","title":{"rendered":"Kirby Staubsaugerschlauch 3m Veltec eigene Marke"},"content":{"rendered":"<div class=\"flex flex-col text-sm pb-25\">\n<article class=\"text-token-text-primary w-full focus:outline-none [--shadow-height:45px] has-data-writing-block:pointer-events-none has-data-writing-block:-mt-(--shadow-height) has-data-writing-block:pt-(--shadow-height) [&amp;:has([data-writing-block])&gt;*]:pointer-events-auto scroll-mt-[calc(var(--header-height)+min(200px,max(70px,20svh)))]\" dir=\"auto\" tabindex=\"-1\" data-turn-id=\"request-WEB:67e6f81e-555c-4332-892b-6d6767d177c3-4\" data-testid=\"conversation-turn-2\" data-scroll-anchor=\"true\" data-turn=\"assistant\">\n<div class=\"text-base my-auto mx-auto pb-10 [--thread-content-margin:--spacing(4)] @w-sm\/main:[--thread-content-margin:--spacing(6)] @w-lg\/main:[--thread-content-margin:--spacing(16)] px-(--thread-content-margin)\">\n<div class=\"[--thread-content-max-width:40rem] @w-lg\/main:[--thread-content-max-width:48rem] mx-auto max-w-(--thread-content-max-width) flex-1 group\/turn-messages focus-visible:outline-hidden relative flex w-full min-w-0 flex-col agent-turn\" tabindex=\"-1\">\n<div class=\"flex max-w-full flex-col grow\">\n<div class=\"min-h-8 text-message relative flex w-full flex-col items-end gap-2 text-start break-words whitespace-normal [.text-message+&amp;]:mt-1\" dir=\"auto\" data-message-author-role=\"assistant\" data-message-id=\"778f8478-6d69-4201-bb5e-07d021f0085f\" data-message-model-slug=\"gpt-5-2\">\n<div class=\"flex w-full flex-col gap-1 empty:hidden first:pt-[1px]\">\n<div class=\"markdown prose dark:prose-invert w-full wrap-break-word light markdown-new-styling\">\n<h1 data-start=\"0\" data-end=\"49\">Kirby Staubsaugerschlauch 3m Veltec eigene Marke<\/h1>\n<p data-start=\"51\" data-end=\"327\">Der Kirby Staubsaugerschlauch 3m Veltec eigene Marke ist ein kompletter, universeller Ersatzschlauch mit Vorder- und Hinterbefestigung. Dank seiner zus\u00e4tzlichen L\u00e4nge und hochwertigen Verarbeitung bietet dieser Schlauch optimale Bewegungsfreiheit und maximale Saugkraft f\u00fcr jeden Kirby Staubsauger.<\/p>\n<h2 data-start=\"334\" data-end=\"417\">Staubsaugerschlauch 3 m Veltec Eigenmarke \u2013 Komplettset mit Befestigungen<\/h2>\n<p data-start=\"419\" data-end=\"785\">Der Staubsaugerschlauch 3 m der Eigenmarke Veltec wird inklusive Vorder- und Hinteranschluss geliefert, sodass Sie sofort von einer perfekten Passform profitieren. Dar\u00fcber hinaus sorgt diese Komplettausf\u00fchrung f\u00fcr eine einfache Montage ohne zus\u00e4tzliche Teile. Dadurch schlie\u00dft der Schlauch nahtlos an Ihr Kirby-System an und die Saugkraft bleibt vollst\u00e4ndig erhalten.<\/p>\n<p data-start=\"787\" data-end=\"1012\">Dar\u00fcber hinaus besteht dieser Ersatzschlauch aus verschlei\u00dffesten, flexiblen Materialien, sodass auch eine langfristige intensive Nutzung kein Problem darstellt. Dadurch bleibt der Schlauch formstabil und zuverl\u00e4ssig, selbst bei t\u00e4glichem Gebrauch.<\/p>\n<h2 data-start=\"1019\" data-end=\"1103\">Universelle Kompatibilit\u00e4t des Staubsaugerschlauchs 3 m<\/h2>\n<p data-start=\"1105\" data-end=\"1271\">Der Staubsaugerschlauch 3 m der Eigenmarke Veltec ist universell f\u00fcr alle Kirby-Modelle geeignet. So m\u00fcssen Sie sich keine Gedanken \u00fcber den richtigen Anschluss machen.<\/p>\n<p data-start=\"1273\" data-end=\"1317\">Dieser Staubsaugerschlauch passt unter anderem auf:<\/p>\n<ul data-start=\"1319\" data-end=\"1562\">\n<li data-start=\"1319\" data-end=\"1338\">Avalir Platinum<\/li>\n<li data-start=\"1339\" data-end=\"1351\">Avalir 2<\/li>\n<li data-start=\"1352\" data-end=\"1364\">Avalir 1<\/li>\n<li data-start=\"1365\" data-end=\"1385\">Sentria 2 (G10D)<\/li>\n<li data-start=\"1386\" data-end=\"1405\">Sentria 1 (G10)<\/li>\n<li data-start=\"1406\" data-end=\"1448\">Ultimate G Diamond Edition (G7D of DE)<\/li>\n<li data-start=\"1449\" data-end=\"1474\">Ultimate G (G7 of UG)<\/li>\n<li data-start=\"1475\" data-end=\"1496\">Generation 6 (G6)<\/li>\n<li data-start=\"1497\" data-end=\"1518\">Generation 5 (G5)<\/li>\n<li data-start=\"1519\" data-end=\"1540\">Generation 4 (G4)<\/li>\n<li data-start=\"1541\" data-end=\"1562\">Generation 3 (G3)<\/li>\n<\/ul>\n<p data-start=\"1564\" data-end=\"1667\">Dadurch ist dieser 3 Meter lange Schlauch eine vielseitige L\u00f6sung f\u00fcr \u00e4ltere und neuere Modelle.<\/p>\n<p data-start=\"1669\" data-end=\"1781\">Sehen Sie sich auch unseren <a href=\"https:\/\/www.veltec.eu\/de\/kirby-schlauchzubehoer\/\" target=\"_blank\" rel=\"noopener\">Kirby-Schlauch und das Zubeh\u00f6r<\/a> f\u00fcr zus\u00e4tzliche Accessoires an.<\/p>\n<h2 data-start=\"1788\" data-end=\"1866\">Extra Reichweite dank des 3 m langen Staubsaugerschlauchs<\/h2>\n<p data-start=\"1868\" data-end=\"2106\">Mit einer L\u00e4nge von drei Metern bietet der Staubsaugerschlauch 3 mtr Veltec Eigenmarke deutlich mehr Bewegungsfreiheit beim Reinigen. So erreichen Sie m\u00fchelos Treppen, Decken, M\u00f6bel und schwer zug\u00e4ngliche Ecken.<\/p>\n<p data-start=\"2108\" data-end=\"2298\">Dar\u00fcber hinaus reduziert die zus\u00e4tzliche L\u00e4nge das Wechseln der Steckdosen, was nicht nur Zeit spart, sondern auch effizienter ist. Dadurch wird die gr\u00fcndliche Reinigung einfacher und komfortabler.<\/p>\n<p data-start=\"2300\" data-end=\"2450\">Weitere technische Informationen finden Sie auf unserer Blog-Seite: <a href=\"https:\/\/www.kirby-staubsauger-service.de\/kirby-staubsaugerschlauch\/\" target=\"_blank\" rel=\"noopener\">Alles \u00fcber den Kirby-Staubsaugerschlauch.<\/a><\/p>\n<h2 data-start=\"2457\" data-end=\"2537\">Einfache Installation des Staubsaugerschlauchs 3 m<\/h2>\n<p data-start=\"2539\" data-end=\"2731\">Dank des durchdachten Klicksystems l\u00e4sst sich der 3 m lange Staubsaugerschlauch der Eigenmarke Veltec schnell montieren. So k\u00f6nnen Sie Ihren alten Schlauch ohne Werkzeug und ohne technische Kenntnisse austauschen.<\/p>\n<p data-start=\"2733\" data-end=\"2942\">Dar\u00fcber hinaus verhindert die feste Verbindung Luftverlust, sodass Ihr Kirby-Staubsauger weiterhin optimale Leistung erbringt. Dadurch bleibt die Saugkraft bei jedem Einsatz konstant und stark.<\/p>\n<h2 data-start=\"2949\" data-end=\"3024\">Kirby Staubsaugerschlauch 3 m Veltec Eigenmarke als nachhaltige Investition<\/h2>\n<p data-start=\"3026\" data-end=\"3264\">Wenn Sie sich f\u00fcr den 3 m langen Staubsaugerschlauch der Eigenmarke Veltec entscheiden, investieren Sie in Qualit\u00e4t und Langlebigkeit. Einerseits verl\u00e4ngern Sie die Lebensdauer Ihres Kirby-Staubsaugers, andererseits verhindern Sie unn\u00f6tigen Verschlei\u00df am Ger\u00e4t selbst.<\/p>\n<p data-start=\"3266\" data-end=\"3583\" data-is-last-node=\"\" data-is-only-node=\"\">Dar\u00fcber hinaus ist die Eigenmarke Veltec f\u00fcr ihr hervorragendes Preis-Leistungs-Verh\u00e4ltnis bekannt, sodass Sie von zuverl\u00e4ssiger Leistung zu einem attraktiven Preis profitieren. Kurz gesagt: Dieser hochwertige Kirby-Ersatzschlauch bietet eine ideale Kombination aus Flexibilit\u00e4t, breiter Kompatibilit\u00e4t und Langlebigkeit und ist damit eine komplette und praktische L\u00f6sung f\u00fcr Ihren Kirby-Staubsauger.<\/p>\n<\/div>\n<\/div>\n<\/div>\n<\/div>\n<\/div>\n<\/div>\n<\/article>\n<\/div>\n","protected":false},"excerpt":{"rendered":"<p>Der Kirby Staubsaugerschlauch 3 m Veltec bietet zus\u00e4tzliche L\u00e4nge f\u00fcr maximale Reichweite und einfache Installation. Geeignet f\u00fcr alle Kirby-Modelle, einschlie\u00dflich Avalir, Sentria und Ultimate.<\/p>\n[trustindex data-widget-id=31675542425128034566e10b5fb]\n<h3><span style=\"color: #008000;\"><br \/>\nVorr\u00e4tig<\/span><\/h3>\n[av_font_icon icon='ue812' font='entypo-fontello' style='' caption='' size='25px' position='left' color='#43ad66' link='' linktarget='' title_attr='' sonar_effect_effect='' sonar_effect_color='' sonar_effect_duration='1' sonar_effect_scale='' sonar_effect_opac='0.5' animation='' id='' custom_class='' template_class='' av_uid='' sc_version='1.0' admin_preview_bg=''][\/av_font_icon]\n<p><span style=\"color: #008000;\">Vor 23:59 uhr bestellt, morgen versendet<\/span><\/p>\n<p>&nbsp;<\/p>\n<p>&nbsp;<\/p>\n","protected":false},"featured_media":28201,"comment_status":"open","ping_status":"closed","template":"","meta":[],"product_brand":[],"product_cat":[320],"product_tag":[],"class_list":{"0":"post-28246","1":"product","2":"type-product","3":"status-publish","4":"has-post-thumbnail","6":"product_cat-kirby-schlauchzubehor","7":"product_shipping_class-klein-de","9":"first","10":"instock","11":"sale","12":"taxable","13":"shipping-taxable","14":"purchasable","15":"product-type-simple"},"yoast_head":"<!-- This site is optimized with the Yoast SEO Premium plugin v27.1 (Yoast SEO v27.3) - https:\/\/yoast.com\/product\/yoast-seo-premium-wordpress\/ -->\n<title>Kirby Staubsaugerschlauch 3m Veltec eigene Marke - Veltec Kirby specialist<\/title>\n<meta name=\"description\" content=\"Kirby Staubsaugerschlauch 3m Veltec eigene marke - Veltec ist seit \u00fcber 25 Jahren der Lieferant von Kirby Staubsaugern. Kirby Spezialist.\" \/>\n<meta name=\"robots\" content=\"index, follow, max-snippet:-1, max-image-preview:large, max-video-preview:-1\" \/>\n<link rel=\"canonical\" href=\"https:\/\/www.veltec.eu\/de\/product\/kirby-staubsaugerschlauch-3m-veltec-eigene-marke-nl9901\/\" \/>\n<meta property=\"og:locale\" content=\"de_DE\" \/>\n<meta property=\"og:type\" content=\"article\" \/>\n<meta property=\"og:title\" content=\"Kirby Staubsaugerschlauch 3m Veltec eigene Marke\" \/>\n<meta property=\"og:description\" content=\"Der Kirby Staubsaugerschlauch 3 m Veltec bietet zus\u00e4tzliche L\u00e4nge f\u00fcr maximale Reichweite und einfache Installation. Geeignet f\u00fcr alle Kirby-Modelle, einschlie\u00dflich Avalir, Sentria und Ultimate.    Vorr\u00e4tig   Vor 23:59 uhr bestellt, morgen versendet  &nbsp;  &nbsp;\" \/>\n<meta property=\"og:url\" content=\"https:\/\/www.veltec.eu\/de\/product\/kirby-staubsaugerschlauch-3m-veltec-eigene-marke-nl9901\/\" \/>\n<meta property=\"og:site_name\" content=\"Veltec Kirby specialist\" \/>\n<meta property=\"article:publisher\" content=\"https:\/\/www.facebook.com\/Veltec-Kirby-Specialist-236746293374877\/\" \/>\n<meta property=\"article:modified_time\" content=\"2026-03-05T08:17:07+00:00\" \/>\n<meta property=\"og:image\" content=\"https:\/\/www.veltec.eu\/wp-content\/uploads\/2019\/10\/hose-kirby.jpg\" \/>\n\t<meta property=\"og:image:width\" content=\"500\" \/>\n\t<meta property=\"og:image:height\" content=\"500\" \/>\n\t<meta property=\"og:image:type\" content=\"image\/jpeg\" \/>\n<meta name=\"twitter:card\" content=\"summary_large_image\" \/>\n<meta name=\"twitter:label1\" content=\"Gesch\u00e4tzte Lesezeit\" \/>\n\t<meta name=\"twitter:data1\" content=\"3\u00a0Minuten\" \/>\n<script type=\"application\/ld+json\" class=\"yoast-schema-graph\">{\"@context\":\"https:\\\/\\\/schema.org\",\"@graph\":[{\"@type\":\"WebPage\",\"@id\":\"https:\\\/\\\/www.veltec.eu\\\/de\\\/product\\\/kirby-staubsaugerschlauch-3m-veltec-eigene-marke-nl9901\\\/\",\"url\":\"https:\\\/\\\/www.veltec.eu\\\/de\\\/product\\\/kirby-staubsaugerschlauch-3m-veltec-eigene-marke-nl9901\\\/\",\"name\":\"Kirby Staubsaugerschlauch 3m Veltec eigene Marke - Veltec Kirby specialist\",\"isPartOf\":{\"@id\":\"https:\\\/\\\/www.veltec.eu\\\/en\\\/#website\"},\"primaryImageOfPage\":{\"@id\":\"https:\\\/\\\/www.veltec.eu\\\/de\\\/product\\\/kirby-staubsaugerschlauch-3m-veltec-eigene-marke-nl9901\\\/#primaryimage\"},\"image\":{\"@id\":\"https:\\\/\\\/www.veltec.eu\\\/de\\\/product\\\/kirby-staubsaugerschlauch-3m-veltec-eigene-marke-nl9901\\\/#primaryimage\"},\"thumbnailUrl\":\"https:\\\/\\\/www.veltec.eu\\\/wp-content\\\/uploads\\\/2019\\\/10\\\/hose-kirby.jpg\",\"datePublished\":\"2019-10-11T08:02:19+00:00\",\"dateModified\":\"2026-03-05T08:17:07+00:00\",\"description\":\"Kirby Staubsaugerschlauch 3m Veltec eigene marke - Veltec ist seit \u00fcber 25 Jahren der Lieferant von Kirby Staubsaugern. Kirby Spezialist.\",\"breadcrumb\":{\"@id\":\"https:\\\/\\\/www.veltec.eu\\\/de\\\/product\\\/kirby-staubsaugerschlauch-3m-veltec-eigene-marke-nl9901\\\/#breadcrumb\"},\"inLanguage\":\"de\",\"potentialAction\":[{\"@type\":\"ReadAction\",\"target\":[\"https:\\\/\\\/www.veltec.eu\\\/de\\\/product\\\/kirby-staubsaugerschlauch-3m-veltec-eigene-marke-nl9901\\\/\"]}]},{\"@type\":\"ImageObject\",\"inLanguage\":\"de\",\"@id\":\"https:\\\/\\\/www.veltec.eu\\\/de\\\/product\\\/kirby-staubsaugerschlauch-3m-veltec-eigene-marke-nl9901\\\/#primaryimage\",\"url\":\"https:\\\/\\\/www.veltec.eu\\\/wp-content\\\/uploads\\\/2019\\\/10\\\/hose-kirby.jpg\",\"contentUrl\":\"https:\\\/\\\/www.veltec.eu\\\/wp-content\\\/uploads\\\/2019\\\/10\\\/hose-kirby.jpg\",\"width\":500,\"height\":500},{\"@type\":\"BreadcrumbList\",\"@id\":\"https:\\\/\\\/www.veltec.eu\\\/de\\\/product\\\/kirby-staubsaugerschlauch-3m-veltec-eigene-marke-nl9901\\\/#breadcrumb\",\"itemListElement\":[{\"@type\":\"ListItem\",\"position\":1,\"name\":\"Home\",\"item\":\"https:\\\/\\\/www.veltec.eu\\\/de\\\/\"},{\"@type\":\"ListItem\",\"position\":2,\"name\":\"Produits\",\"item\":\"https:\\\/\\\/www.veltec.eu\\\/fr\\\/shop\\\/\"},{\"@type\":\"ListItem\",\"position\":3,\"name\":\"Kirby Staubsaugerschlauch 3m Veltec eigene Marke\"}]},{\"@type\":\"WebSite\",\"@id\":\"https:\\\/\\\/www.veltec.eu\\\/en\\\/#website\",\"url\":\"https:\\\/\\\/www.veltec.eu\\\/en\\\/\",\"name\":\"Veltec Kirby specialist\",\"description\":\"Kirby stofzuiger producten\",\"publisher\":{\"@id\":\"https:\\\/\\\/www.veltec.eu\\\/en\\\/#organization\"},\"potentialAction\":[{\"@type\":\"SearchAction\",\"target\":{\"@type\":\"EntryPoint\",\"urlTemplate\":\"https:\\\/\\\/www.veltec.eu\\\/en\\\/?s={search_term_string}\"},\"query-input\":{\"@type\":\"PropertyValueSpecification\",\"valueRequired\":true,\"valueName\":\"search_term_string\"}}],\"inLanguage\":\"de\"},{\"@type\":\"Organization\",\"@id\":\"https:\\\/\\\/www.veltec.eu\\\/en\\\/#organization\",\"name\":\"Veltec Kirby Specialist\",\"url\":\"https:\\\/\\\/www.veltec.eu\\\/en\\\/\",\"logo\":{\"@type\":\"ImageObject\",\"inLanguage\":\"de\",\"@id\":\"https:\\\/\\\/www.veltec.eu\\\/en\\\/#\\\/schema\\\/logo\\\/image\\\/\",\"url\":\"https:\\\/\\\/www.veltec.eu\\\/wp-content\\\/uploads\\\/2021\\\/12\\\/Veltec-log-groot-e1537260889125.png\",\"contentUrl\":\"https:\\\/\\\/www.veltec.eu\\\/wp-content\\\/uploads\\\/2021\\\/12\\\/Veltec-log-groot-e1537260889125.png\",\"width\":200,\"height\":60,\"caption\":\"Veltec Kirby Specialist\"},\"image\":{\"@id\":\"https:\\\/\\\/www.veltec.eu\\\/en\\\/#\\\/schema\\\/logo\\\/image\\\/\"},\"sameAs\":[\"https:\\\/\\\/www.facebook.com\\\/Veltec-Kirby-Specialist-236746293374877\\\/\",\"https:\\\/\\\/www.youtube.com\\\/user\\\/VeltecService\"]}]}<\/script>\n<!-- \/ Yoast SEO Premium plugin. -->","yoast_head_json":{"title":"Kirby Staubsaugerschlauch 3m Veltec eigene Marke - Veltec Kirby specialist","description":"Kirby Staubsaugerschlauch 3m Veltec eigene marke - Veltec ist seit \u00fcber 25 Jahren der Lieferant von Kirby Staubsaugern. Kirby Spezialist.","robots":{"index":"index","follow":"follow","max-snippet":"max-snippet:-1","max-image-preview":"max-image-preview:large","max-video-preview":"max-video-preview:-1"},"canonical":"https:\/\/www.veltec.eu\/de\/product\/kirby-staubsaugerschlauch-3m-veltec-eigene-marke-nl9901\/","og_locale":"de_DE","og_type":"article","og_title":"Kirby Staubsaugerschlauch 3m Veltec eigene Marke","og_description":"Der Kirby Staubsaugerschlauch 3 m Veltec bietet zus\u00e4tzliche L\u00e4nge f\u00fcr maximale Reichweite und einfache Installation. Geeignet f\u00fcr alle Kirby-Modelle, einschlie\u00dflich Avalir, Sentria und Ultimate.    Vorr\u00e4tig   Vor 23:59 uhr bestellt, morgen versendet  &nbsp;  &nbsp;","og_url":"https:\/\/www.veltec.eu\/de\/product\/kirby-staubsaugerschlauch-3m-veltec-eigene-marke-nl9901\/","og_site_name":"Veltec Kirby specialist","article_publisher":"https:\/\/www.facebook.com\/Veltec-Kirby-Specialist-236746293374877\/","article_modified_time":"2026-03-05T08:17:07+00:00","og_image":[{"width":500,"height":500,"url":"https:\/\/www.veltec.eu\/wp-content\/uploads\/2019\/10\/hose-kirby.jpg","type":"image\/jpeg"}],"twitter_card":"summary_large_image","twitter_misc":{"Gesch\u00e4tzte Lesezeit":"3\u00a0Minuten"},"schema":{"@context":"https:\/\/schema.org","@graph":[{"@type":"WebPage","@id":"https:\/\/www.veltec.eu\/de\/product\/kirby-staubsaugerschlauch-3m-veltec-eigene-marke-nl9901\/","url":"https:\/\/www.veltec.eu\/de\/product\/kirby-staubsaugerschlauch-3m-veltec-eigene-marke-nl9901\/","name":"Kirby Staubsaugerschlauch 3m Veltec eigene Marke - Veltec Kirby specialist","isPartOf":{"@id":"https:\/\/www.veltec.eu\/en\/#website"},"primaryImageOfPage":{"@id":"https:\/\/www.veltec.eu\/de\/product\/kirby-staubsaugerschlauch-3m-veltec-eigene-marke-nl9901\/#primaryimage"},"image":{"@id":"https:\/\/www.veltec.eu\/de\/product\/kirby-staubsaugerschlauch-3m-veltec-eigene-marke-nl9901\/#primaryimage"},"thumbnailUrl":"https:\/\/www.veltec.eu\/wp-content\/uploads\/2019\/10\/hose-kirby.jpg","datePublished":"2019-10-11T08:02:19+00:00","dateModified":"2026-03-05T08:17:07+00:00","description":"Kirby Staubsaugerschlauch 3m Veltec eigene marke - Veltec ist seit \u00fcber 25 Jahren der Lieferant von Kirby Staubsaugern. Kirby Spezialist.","breadcrumb":{"@id":"https:\/\/www.veltec.eu\/de\/product\/kirby-staubsaugerschlauch-3m-veltec-eigene-marke-nl9901\/#breadcrumb"},"inLanguage":"de","potentialAction":[{"@type":"ReadAction","target":["https:\/\/www.veltec.eu\/de\/product\/kirby-staubsaugerschlauch-3m-veltec-eigene-marke-nl9901\/"]}]},{"@type":"ImageObject","inLanguage":"de","@id":"https:\/\/www.veltec.eu\/de\/product\/kirby-staubsaugerschlauch-3m-veltec-eigene-marke-nl9901\/#primaryimage","url":"https:\/\/www.veltec.eu\/wp-content\/uploads\/2019\/10\/hose-kirby.jpg","contentUrl":"https:\/\/www.veltec.eu\/wp-content\/uploads\/2019\/10\/hose-kirby.jpg","width":500,"height":500},{"@type":"BreadcrumbList","@id":"https:\/\/www.veltec.eu\/de\/product\/kirby-staubsaugerschlauch-3m-veltec-eigene-marke-nl9901\/#breadcrumb","itemListElement":[{"@type":"ListItem","position":1,"name":"Home","item":"https:\/\/www.veltec.eu\/de\/"},{"@type":"ListItem","position":2,"name":"Produits","item":"https:\/\/www.veltec.eu\/fr\/shop\/"},{"@type":"ListItem","position":3,"name":"Kirby Staubsaugerschlauch 3m Veltec eigene Marke"}]},{"@type":"WebSite","@id":"https:\/\/www.veltec.eu\/en\/#website","url":"https:\/\/www.veltec.eu\/en\/","name":"Veltec Kirby specialist","description":"Kirby stofzuiger producten","publisher":{"@id":"https:\/\/www.veltec.eu\/en\/#organization"},"potentialAction":[{"@type":"SearchAction","target":{"@type":"EntryPoint","urlTemplate":"https:\/\/www.veltec.eu\/en\/?s={search_term_string}"},"query-input":{"@type":"PropertyValueSpecification","valueRequired":true,"valueName":"search_term_string"}}],"inLanguage":"de"},{"@type":"Organization","@id":"https:\/\/www.veltec.eu\/en\/#organization","name":"Veltec Kirby Specialist","url":"https:\/\/www.veltec.eu\/en\/","logo":{"@type":"ImageObject","inLanguage":"de","@id":"https:\/\/www.veltec.eu\/en\/#\/schema\/logo\/image\/","url":"https:\/\/www.veltec.eu\/wp-content\/uploads\/2021\/12\/Veltec-log-groot-e1537260889125.png","contentUrl":"https:\/\/www.veltec.eu\/wp-content\/uploads\/2021\/12\/Veltec-log-groot-e1537260889125.png","width":200,"height":60,"caption":"Veltec Kirby Specialist"},"image":{"@id":"https:\/\/www.veltec.eu\/en\/#\/schema\/logo\/image\/"},"sameAs":["https:\/\/www.facebook.com\/Veltec-Kirby-Specialist-236746293374877\/","https:\/\/www.youtube.com\/user\/VeltecService"]}]}},"_links":{"self":[{"href":"https:\/\/www.veltec.eu\/de\/wp-json\/wp\/v2\/product\/28246","targetHints":{"allow":["GET"]}}],"collection":[{"href":"https:\/\/www.veltec.eu\/de\/wp-json\/wp\/v2\/product"}],"about":[{"href":"https:\/\/www.veltec.eu\/de\/wp-json\/wp\/v2\/types\/product"}],"replies":[{"embeddable":true,"href":"https:\/\/www.veltec.eu\/de\/wp-json\/wp\/v2\/comments?post=28246"}],"wp:featuredmedia":[{"embeddable":true,"href":"https:\/\/www.veltec.eu\/de\/wp-json\/wp\/v2\/media\/28201"}],"wp:attachment":[{"href":"https:\/\/www.veltec.eu\/de\/wp-json\/wp\/v2\/media?parent=28246"}],"wp:term":[{"taxonomy":"product_brand","embeddable":true,"href":"https:\/\/www.veltec.eu\/de\/wp-json\/wp\/v2\/product_brand?post=28246"},{"taxonomy":"product_cat","embeddable":true,"href":"https:\/\/www.veltec.eu\/de\/wp-json\/wp\/v2\/product_cat?post=28246"},{"taxonomy":"product_tag","embeddable":true,"href":"https:\/\/www.veltec.eu\/de\/wp-json\/wp\/v2\/product_tag?post=28246"}],"curies":[{"name":"wp","href":"https:\/\/api.w.org\/{rel}","templated":true}]}}