{"id":20369,"date":"2019-05-29T11:28:43","date_gmt":"2019-05-29T09:28:43","guid":{"rendered":"https:\/\/www.veltec.eu\/product\/nass-trockensauger-1400-s-nl501\/"},"modified":"2025-01-22T17:46:43","modified_gmt":"2025-01-22T15:46:43","slug":"nass-trockensauger-1400-s-nl501","status":"publish","type":"product","link":"https:\/\/www.veltec.eu\/de\/product\/nass-trockensauger-1400-s-nl501\/","title":{"rendered":"Nass-Trockensauger 1400-S"},"content":{"rendered":"<h4>Nass-Trockensauger 1400-S<\/h4>\n<p>Nass und Trockensauger von gro\u00dfer Leistung: 1400 W<br \/>\n. Inklusive Gebl\u00e4sefunktion<br \/>\n. Geeignet f\u00fcr alle Oberfl\u00e4chen<br \/>\n. 5 Zubeh\u00f6r: Zuberh\u00f6r Stof, Universalb\u00fcrste und Pinsel Ecken.<br \/>\n. Effiziente Filtration: HEPA-Filter.<br \/>\n. Kaution ohne Taschen mit gro\u00dfer kapazit\u00e4t: 15 L<br \/>\n. 7 Meter Rreichweite<br \/>\n. Einfache Bewegung dank seiner 4 R\u00e4der.<\/p>\n<p><strong>GARANTIE:\u00a0<\/strong>2 Jahre<\/p>\n","protected":false},"excerpt":{"rendered":"<p>Nass-Trockensauger\u00a0\u00a0Vakuum-Feststoffe und Fl\u00fcssigkeiten von gro\u00dfer Leistung: 1400 W.<\/p>\n[trustindex data-widget-id=31675542425128034566e10b5fb]\n<h3><span style=\"color: #008000;\"><br \/>\nVorr\u00e4tig<\/span><\/h3>\n[av_font_icon icon='ue812' font='entypo-fontello' style='' caption='' size='25px' position='left' color='#43ad66' link='' linktarget='' title_attr='' sonar_effect_effect='' sonar_effect_color='' sonar_effect_duration='1' sonar_effect_scale='' sonar_effect_opac='0.5' animation='' id='' custom_class='' template_class='' av_uid='' sc_version='1.0' admin_preview_bg=''][\/av_font_icon]\n<p><span style=\"color: #008000;\">Vor 23:59 uhr bestellt, morgen versendet<\/span><\/p>\n<p>&nbsp;<\/p>\n","protected":false},"featured_media":20260,"comment_status":"open","ping_status":"closed","template":"","meta":{"_acf_changed":false},"product_brand":[],"product_cat":[26],"product_tag":[],"class_list":{"0":"post-20369","1":"product","2":"type-product","3":"status-publish","4":"has-post-thumbnail","6":"product_cat-overige-producten","8":"first","9":"instock","10":"sale","11":"taxable","12":"shipping-taxable","13":"purchasable","14":"product-type-simple"},"acf":[],"yoast_head":"<!-- This site is optimized with the Yoast SEO Premium plugin v27.1 (Yoast SEO v27.4) - https:\/\/yoast.com\/product\/yoast-seo-premium-wordpress\/ -->\n<title>Nass-Trockensauger 1400-S - Veltec Kirby specialist<\/title>\n<meta name=\"description\" content=\"Nass-Trockensauger 1400-S Veltec ist seit \u00fcber 20 Jahren der Lieferant von Kirby Staubsaugern. Und ist Ihr vertrauensw\u00fcrdiger Kirby\" \/>\n<meta name=\"robots\" content=\"index, follow, max-snippet:-1, max-image-preview:large, max-video-preview:-1\" \/>\n<link rel=\"canonical\" href=\"https:\/\/www.veltec.eu\/de\/product\/nass-trockensauger-1400-s-nl501\/\" \/>\n<meta property=\"og:locale\" content=\"de_DE\" \/>\n<meta property=\"og:type\" content=\"article\" \/>\n<meta property=\"og:title\" content=\"Nass-Trockensauger 1400-S\" \/>\n<meta property=\"og:description\" content=\"Nass-Trockensauger\u00a0\u00a0Vakuum-Feststoffe und Fl\u00fcssigkeiten von gro\u00dfer Leistung: 1400 W.    Vorr\u00e4tig   Vor 23:59 uhr bestellt, morgen versendet  &nbsp;\" \/>\n<meta property=\"og:url\" content=\"https:\/\/www.veltec.eu\/de\/product\/nass-trockensauger-1400-s-nl501\/\" \/>\n<meta property=\"og:site_name\" content=\"Veltec Kirby specialist\" \/>\n<meta property=\"article:publisher\" content=\"https:\/\/www.facebook.com\/Veltec-Kirby-Specialist-236746293374877\/\" \/>\n<meta property=\"article:modified_time\" content=\"2025-01-22T15:46:43+00:00\" \/>\n<meta property=\"og:image\" content=\"https:\/\/www.veltec.eu\/wp-content\/uploads\/2019\/05\/UK7A2125.jpg\" \/>\n\t<meta property=\"og:image:width\" content=\"500\" \/>\n\t<meta property=\"og:image:height\" content=\"500\" \/>\n\t<meta property=\"og:image:type\" content=\"image\/jpeg\" \/>\n<meta name=\"twitter:card\" content=\"summary_large_image\" \/>\n<meta name=\"twitter:label1\" content=\"Gesch\u00e4tzte Lesezeit\" \/>\n\t<meta name=\"twitter:data1\" content=\"1\u00a0Minute\" \/>\n<script type=\"application\/ld+json\" class=\"yoast-schema-graph\">{\"@context\":\"https:\\\/\\\/schema.org\",\"@graph\":[{\"@type\":\"WebPage\",\"@id\":\"https:\\\/\\\/www.veltec.eu\\\/de\\\/product\\\/nass-trockensauger-1400-s-nl501\\\/\",\"url\":\"https:\\\/\\\/www.veltec.eu\\\/de\\\/product\\\/nass-trockensauger-1400-s-nl501\\\/\",\"name\":\"Nass-Trockensauger 1400-S - Veltec Kirby specialist\",\"isPartOf\":{\"@id\":\"https:\\\/\\\/www.veltec.eu\\\/en\\\/#website\"},\"primaryImageOfPage\":{\"@id\":\"https:\\\/\\\/www.veltec.eu\\\/de\\\/product\\\/nass-trockensauger-1400-s-nl501\\\/#primaryimage\"},\"image\":{\"@id\":\"https:\\\/\\\/www.veltec.eu\\\/de\\\/product\\\/nass-trockensauger-1400-s-nl501\\\/#primaryimage\"},\"thumbnailUrl\":\"https:\\\/\\\/www.veltec.eu\\\/wp-content\\\/uploads\\\/2019\\\/05\\\/UK7A2125.jpg\",\"datePublished\":\"2019-05-29T09:28:43+00:00\",\"dateModified\":\"2025-01-22T15:46:43+00:00\",\"description\":\"Nass-Trockensauger 1400-S Veltec ist seit \u00fcber 20 Jahren der Lieferant von Kirby Staubsaugern. Und ist Ihr vertrauensw\u00fcrdiger Kirby\",\"breadcrumb\":{\"@id\":\"https:\\\/\\\/www.veltec.eu\\\/de\\\/product\\\/nass-trockensauger-1400-s-nl501\\\/#breadcrumb\"},\"inLanguage\":\"de\",\"potentialAction\":[{\"@type\":\"ReadAction\",\"target\":[\"https:\\\/\\\/www.veltec.eu\\\/de\\\/product\\\/nass-trockensauger-1400-s-nl501\\\/\"]}]},{\"@type\":\"ImageObject\",\"inLanguage\":\"de\",\"@id\":\"https:\\\/\\\/www.veltec.eu\\\/de\\\/product\\\/nass-trockensauger-1400-s-nl501\\\/#primaryimage\",\"url\":\"https:\\\/\\\/www.veltec.eu\\\/wp-content\\\/uploads\\\/2019\\\/05\\\/UK7A2125.jpg\",\"contentUrl\":\"https:\\\/\\\/www.veltec.eu\\\/wp-content\\\/uploads\\\/2019\\\/05\\\/UK7A2125.jpg\",\"width\":500,\"height\":500},{\"@type\":\"BreadcrumbList\",\"@id\":\"https:\\\/\\\/www.veltec.eu\\\/de\\\/product\\\/nass-trockensauger-1400-s-nl501\\\/#breadcrumb\",\"itemListElement\":[{\"@type\":\"ListItem\",\"position\":1,\"name\":\"Home\",\"item\":\"https:\\\/\\\/www.veltec.eu\\\/de\\\/\"},{\"@type\":\"ListItem\",\"position\":2,\"name\":\"Kirby Laden\",\"item\":\"https:\\\/\\\/www.veltec.eu\\\/de\\\/kirby-laden\\\/\"},{\"@type\":\"ListItem\",\"position\":3,\"name\":\"Nass-Trockensauger 1400-S\"}]},{\"@type\":\"WebSite\",\"@id\":\"https:\\\/\\\/www.veltec.eu\\\/en\\\/#website\",\"url\":\"https:\\\/\\\/www.veltec.eu\\\/en\\\/\",\"name\":\"Veltec Kirby specialist\",\"description\":\"Kirby stofzuiger producten\",\"publisher\":{\"@id\":\"https:\\\/\\\/www.veltec.eu\\\/en\\\/#organization\"},\"potentialAction\":[{\"@type\":\"SearchAction\",\"target\":{\"@type\":\"EntryPoint\",\"urlTemplate\":\"https:\\\/\\\/www.veltec.eu\\\/en\\\/?s={search_term_string}\"},\"query-input\":{\"@type\":\"PropertyValueSpecification\",\"valueRequired\":true,\"valueName\":\"search_term_string\"}}],\"inLanguage\":\"de\"},{\"@type\":\"Organization\",\"@id\":\"https:\\\/\\\/www.veltec.eu\\\/en\\\/#organization\",\"name\":\"Veltec Kirby Specialist\",\"url\":\"https:\\\/\\\/www.veltec.eu\\\/en\\\/\",\"logo\":{\"@type\":\"ImageObject\",\"inLanguage\":\"de\",\"@id\":\"https:\\\/\\\/www.veltec.eu\\\/en\\\/#\\\/schema\\\/logo\\\/image\\\/\",\"url\":\"https:\\\/\\\/www.veltec.eu\\\/wp-content\\\/uploads\\\/2021\\\/12\\\/Veltec-log-groot-e1537260889125.png\",\"contentUrl\":\"https:\\\/\\\/www.veltec.eu\\\/wp-content\\\/uploads\\\/2021\\\/12\\\/Veltec-log-groot-e1537260889125.png\",\"width\":200,\"height\":60,\"caption\":\"Veltec Kirby Specialist\"},\"image\":{\"@id\":\"https:\\\/\\\/www.veltec.eu\\\/en\\\/#\\\/schema\\\/logo\\\/image\\\/\"},\"sameAs\":[\"https:\\\/\\\/www.facebook.com\\\/Veltec-Kirby-Specialist-236746293374877\\\/\",\"https:\\\/\\\/www.youtube.com\\\/user\\\/VeltecService\"]}]}<\/script>\n<!-- \/ Yoast SEO Premium plugin. -->","yoast_head_json":{"title":"Nass-Trockensauger 1400-S - Veltec Kirby specialist","description":"Nass-Trockensauger 1400-S Veltec ist seit \u00fcber 20 Jahren der Lieferant von Kirby Staubsaugern. Und ist Ihr vertrauensw\u00fcrdiger Kirby","robots":{"index":"index","follow":"follow","max-snippet":"max-snippet:-1","max-image-preview":"max-image-preview:large","max-video-preview":"max-video-preview:-1"},"canonical":"https:\/\/www.veltec.eu\/de\/product\/nass-trockensauger-1400-s-nl501\/","og_locale":"de_DE","og_type":"article","og_title":"Nass-Trockensauger 1400-S","og_description":"Nass-Trockensauger\u00a0\u00a0Vakuum-Feststoffe und Fl\u00fcssigkeiten von gro\u00dfer Leistung: 1400 W.    Vorr\u00e4tig   Vor 23:59 uhr bestellt, morgen versendet  &nbsp;","og_url":"https:\/\/www.veltec.eu\/de\/product\/nass-trockensauger-1400-s-nl501\/","og_site_name":"Veltec Kirby specialist","article_publisher":"https:\/\/www.facebook.com\/Veltec-Kirby-Specialist-236746293374877\/","article_modified_time":"2025-01-22T15:46:43+00:00","og_image":[{"width":500,"height":500,"url":"https:\/\/www.veltec.eu\/wp-content\/uploads\/2019\/05\/UK7A2125.jpg","type":"image\/jpeg"}],"twitter_card":"summary_large_image","twitter_misc":{"Gesch\u00e4tzte Lesezeit":"1\u00a0Minute"},"schema":{"@context":"https:\/\/schema.org","@graph":[{"@type":"WebPage","@id":"https:\/\/www.veltec.eu\/de\/product\/nass-trockensauger-1400-s-nl501\/","url":"https:\/\/www.veltec.eu\/de\/product\/nass-trockensauger-1400-s-nl501\/","name":"Nass-Trockensauger 1400-S - Veltec Kirby specialist","isPartOf":{"@id":"https:\/\/www.veltec.eu\/en\/#website"},"primaryImageOfPage":{"@id":"https:\/\/www.veltec.eu\/de\/product\/nass-trockensauger-1400-s-nl501\/#primaryimage"},"image":{"@id":"https:\/\/www.veltec.eu\/de\/product\/nass-trockensauger-1400-s-nl501\/#primaryimage"},"thumbnailUrl":"https:\/\/www.veltec.eu\/wp-content\/uploads\/2019\/05\/UK7A2125.jpg","datePublished":"2019-05-29T09:28:43+00:00","dateModified":"2025-01-22T15:46:43+00:00","description":"Nass-Trockensauger 1400-S Veltec ist seit \u00fcber 20 Jahren der Lieferant von Kirby Staubsaugern. Und ist Ihr vertrauensw\u00fcrdiger Kirby","breadcrumb":{"@id":"https:\/\/www.veltec.eu\/de\/product\/nass-trockensauger-1400-s-nl501\/#breadcrumb"},"inLanguage":"de","potentialAction":[{"@type":"ReadAction","target":["https:\/\/www.veltec.eu\/de\/product\/nass-trockensauger-1400-s-nl501\/"]}]},{"@type":"ImageObject","inLanguage":"de","@id":"https:\/\/www.veltec.eu\/de\/product\/nass-trockensauger-1400-s-nl501\/#primaryimage","url":"https:\/\/www.veltec.eu\/wp-content\/uploads\/2019\/05\/UK7A2125.jpg","contentUrl":"https:\/\/www.veltec.eu\/wp-content\/uploads\/2019\/05\/UK7A2125.jpg","width":500,"height":500},{"@type":"BreadcrumbList","@id":"https:\/\/www.veltec.eu\/de\/product\/nass-trockensauger-1400-s-nl501\/#breadcrumb","itemListElement":[{"@type":"ListItem","position":1,"name":"Home","item":"https:\/\/www.veltec.eu\/de\/"},{"@type":"ListItem","position":2,"name":"Kirby Laden","item":"https:\/\/www.veltec.eu\/de\/kirby-laden\/"},{"@type":"ListItem","position":3,"name":"Nass-Trockensauger 1400-S"}]},{"@type":"WebSite","@id":"https:\/\/www.veltec.eu\/en\/#website","url":"https:\/\/www.veltec.eu\/en\/","name":"Veltec Kirby specialist","description":"Kirby stofzuiger producten","publisher":{"@id":"https:\/\/www.veltec.eu\/en\/#organization"},"potentialAction":[{"@type":"SearchAction","target":{"@type":"EntryPoint","urlTemplate":"https:\/\/www.veltec.eu\/en\/?s={search_term_string}"},"query-input":{"@type":"PropertyValueSpecification","valueRequired":true,"valueName":"search_term_string"}}],"inLanguage":"de"},{"@type":"Organization","@id":"https:\/\/www.veltec.eu\/en\/#organization","name":"Veltec Kirby Specialist","url":"https:\/\/www.veltec.eu\/en\/","logo":{"@type":"ImageObject","inLanguage":"de","@id":"https:\/\/www.veltec.eu\/en\/#\/schema\/logo\/image\/","url":"https:\/\/www.veltec.eu\/wp-content\/uploads\/2021\/12\/Veltec-log-groot-e1537260889125.png","contentUrl":"https:\/\/www.veltec.eu\/wp-content\/uploads\/2021\/12\/Veltec-log-groot-e1537260889125.png","width":200,"height":60,"caption":"Veltec Kirby Specialist"},"image":{"@id":"https:\/\/www.veltec.eu\/en\/#\/schema\/logo\/image\/"},"sameAs":["https:\/\/www.facebook.com\/Veltec-Kirby-Specialist-236746293374877\/","https:\/\/www.youtube.com\/user\/VeltecService"]}]}},"_links":{"self":[{"href":"https:\/\/www.veltec.eu\/de\/wp-json\/wp\/v2\/product\/20369","targetHints":{"allow":["GET"]}}],"collection":[{"href":"https:\/\/www.veltec.eu\/de\/wp-json\/wp\/v2\/product"}],"about":[{"href":"https:\/\/www.veltec.eu\/de\/wp-json\/wp\/v2\/types\/product"}],"replies":[{"embeddable":true,"href":"https:\/\/www.veltec.eu\/de\/wp-json\/wp\/v2\/comments?post=20369"}],"wp:featuredmedia":[{"embeddable":true,"href":"https:\/\/www.veltec.eu\/de\/wp-json\/wp\/v2\/media\/20260"}],"wp:attachment":[{"href":"https:\/\/www.veltec.eu\/de\/wp-json\/wp\/v2\/media?parent=20369"}],"wp:term":[{"taxonomy":"product_brand","embeddable":true,"href":"https:\/\/www.veltec.eu\/de\/wp-json\/wp\/v2\/product_brand?post=20369"},{"taxonomy":"product_cat","embeddable":true,"href":"https:\/\/www.veltec.eu\/de\/wp-json\/wp\/v2\/product_cat?post=20369"},{"taxonomy":"product_tag","embeddable":true,"href":"https:\/\/www.veltec.eu\/de\/wp-json\/wp\/v2\/product_tag?post=20369"}],"curies":[{"name":"wp","href":"https:\/\/api.w.org\/{rel}","templated":true}]}}