{"id":18041,"date":"2019-03-05T12:19:23","date_gmt":"2019-03-05T10:19:23","guid":{"rendered":"https:\/\/www.veltec.eu\/product\/kirby-ausenbeutel-diamond-nl400\/"},"modified":"2024-12-23T14:14:56","modified_gmt":"2024-12-23T12:14:56","slug":"kirby-ausenbeutel-diamond-nl400","status":"publish","type":"product","link":"https:\/\/www.veltec.eu\/de\/product\/kirby-ausenbeutel-diamond-nl400\/","title":{"rendered":"Kirby Au\u00dfenbeutel Diamond"},"content":{"rendered":"<h1>Kirby Au\u00dfenbeutel Diamond<\/h1>\n<p>Kirby Au\u00dfenbeutel Diamond f\u00fcr Kirby G7 (Diamond).<\/p>\n<p><strong>Diese Kirby-Au\u00dfentasche ist nur f\u00fcr die folgenden Kirby Staubsauger geeignet;<\/strong><\/p>\n<p>Kirby Ultimate (Diamant)<\/p>\n<h2>Kirby Au\u00dfenbeutel Diamond: Die perfekte Wahl f\u00fcr Ihren Kirby Staubsauger<\/h2>\n<p>Die Kirby Au\u00dfentasche Diamond ist eine Original-Au\u00dfentasche, die speziell f\u00fcr die Kirby Diamond-Serie entwickelt wurde. Dank ihres universellen Designs passt diese Au\u00dfentasche jedoch zu jedem Kirby Staubsauger-Typ. Ob Sie nun ein \u00e4lteres Kirby-Modell oder einen neueren Staubsauger verwenden, diese Tasche bietet Ihnen eine ideale Kombination aus Funktionalit\u00e4t und Stil. In dieser Produktbeschreibung sagen wir Ihnen alles, was Sie \u00fcber dieses hochwertige Produkt wissen m\u00fcssen.<\/p>\n<p><a href=\"https:\/\/www.veltec.eu\/de\/kirby-aussenbeutel-und-zubehoer\/\">Hier finden Sie alles zur Kirby Outdoortasche und Zubeh\u00f6r<\/a><\/p>\n<h3>Warum sollten Sie sich f\u00fcr die Kirby Au\u00dfenbeutel Diamond entscheiden?<\/h3>\n<p>Die Outdoortasche Diamond zeichnet sich durch eine Reihe von einzigartigen Eigenschaften aus:<\/p>\n<ul>\n<li>Original Kirby Design: Diese Outdoortasche ist nicht einfach nur ein weiteres Zubeh\u00f6rteil, sondern ein Originalprodukt von Kirby, das hei\u00dft, Sie k\u00f6nnen sich auf h\u00f6chste Qualit\u00e4t verlassen.<\/li>\n<li>Universelle Kompatibilit\u00e4t: Dank des cleveren Designs passt diese Au\u00dfentasche m\u00fchelos auf alle Kirby Staubsauger. Sie m\u00fcssen sich also keine Gedanken \u00fcber die Kompatibilit\u00e4t machen.<\/li>\n<li>Langlebigkeit: Die f\u00fcr diesen Au\u00dfenbeutel verwendeten Materialien sind von hervorragender Qualit\u00e4t, so dass er jahrelang h\u00e4lt.<\/li>\n<\/ul>\n<p>Sie suchen nach einer L\u00f6sung, die sowohl praktisch als auch optisch ansprechend ist? Dann ist die Outdoor-Tasche Diamond die ideale Wahl!<\/p>\n<h3>Elegantes Design f\u00fcr ein luxuri\u00f6ses Erscheinungsbild<\/h3>\n<p>Neben der Funktionalit\u00e4t bietet dieser Au\u00dfenbeutel auch ein elegantes Design, das perfekt zur Kirby Diamond-Serie passt. Das luxuri\u00f6se Design strahlt Klasse aus und hebt Ihren Staubsauger auf die n\u00e4chste Stufe. Das einzigartige Design sorgt daf\u00fcr, dass Ihr Kirby immer modern aussieht, ganz gleich, um welches Modell es sich handelt.<\/p>\n<p>Dank seines stilvollen Designs ist dieser Outdoor-Beutel eine ausgezeichnete Wahl f\u00fcr alle, die sowohl Wert auf Funktionalit\u00e4t als auch auf Aussehen legen.<\/p>\n<h3>Einfache Handhabung und Installation<\/h3>\n<p>Ein weiterer wichtiger Vorteil der Diamond-Au\u00dfentasche ist ihre Benutzerfreundlichkeit. Dieser Outdoor-Beutel ist einfach zu installieren, so dass Sie Ihren Staubsauger innerhalb weniger Minuten wieder benutzen k\u00f6nnen. Au\u00dferdem ist er leicht zu reinigen und zu pflegen, so dass Sie sich immer auf eine optimale Leistung verlassen k\u00f6nnen.<\/p>\n<p>Mit diesem Au\u00dfenbeutel erhalten Sie nicht nur ein praktisches Zubeh\u00f6r, sondern auch ein Produkt, das zu einer saubereren und ges\u00fcnderen Lebensumgebung beitr\u00e4gt.<\/p>\n<h3>Bestellen Sie jetzt und erleben Sie den Unterschied<\/h3>\n<p>M\u00f6chten Sie die Qualit\u00e4t und den Stil Ihres Kirby Staubsaugers verbessern? Dann entscheiden Sie sich f\u00fcr den Au\u00dfenbeutel Diamond. Bestellen Sie noch heute und genie\u00dfen Sie die Vorteile dieses hochwertigen Produkts.<\/p>\n<p>Warum warten? Vervollst\u00e4ndigen Sie Ihren Kirby mit der Original-Au\u00dfentasche, die Stil, Funktionalit\u00e4t und Haltbarkeit vereint!<\/p>\n","protected":false},"excerpt":{"rendered":"<p>Au\u00dfenbeutel f\u00fcr den Kirby G7 (Diamond).<\/p>\n[trustindex data-widget-id=31675542425128034566e10b5fb]\n<h3><span style=\"color: #008000;\"><br \/>\nVorr\u00e4tig<\/span><\/h3>\n[av_font_icon icon='ue812' font='entypo-fontello' style='' caption='' size='25px' position='left' color='#43ad66' link='' linktarget='' title_attr='' sonar_effect_effect='' sonar_effect_color='' sonar_effect_duration='1' sonar_effect_scale='' sonar_effect_opac='0.5' animation='' id='' custom_class='' template_class='' av_uid='' sc_version='1.0' admin_preview_bg=''][\/av_font_icon]\n<p><span style=\"color: #008000;\">Vor 23:59 uhr bestellt, morgen versendet<\/span><\/p>\n<p>&nbsp;<\/p>\n","protected":false},"featured_media":17991,"comment_status":"open","ping_status":"closed","template":"","meta":{"_acf_changed":false},"product_brand":[],"product_cat":[368],"product_tag":[],"class_list":{"0":"post-18041","1":"product","2":"type-product","3":"status-publish","4":"has-post-thumbnail","6":"product_cat-kirby-ausenbeutel-und-zubehor","7":"product_shipping_class-klein-de","9":"first","10":"instock","11":"sale","12":"taxable","13":"shipping-taxable","14":"purchasable","15":"product-type-simple"},"acf":[],"yoast_head":"<!-- This site is optimized with the Yoast SEO Premium plugin v27.1 (Yoast SEO v27.4) - https:\/\/yoast.com\/product\/yoast-seo-premium-wordpress\/ -->\n<title>Kirby Au\u00dfenbeutel Diamond - Veltec Kirby specialist<\/title>\n<meta name=\"description\" content=\"Kirby Au\u00dfenbeutel Diamond - Veltec ist seit \u00fcber 25 Jahren der Lieferant von Kirby Staubsaugern. Und ist Ihr vertrauensw\u00fcrdiger Kirby-Service\" \/>\n<meta name=\"robots\" content=\"index, follow, max-snippet:-1, max-image-preview:large, max-video-preview:-1\" \/>\n<link rel=\"canonical\" href=\"https:\/\/www.veltec.eu\/de\/product\/kirby-ausenbeutel-diamond-nl400\/\" \/>\n<meta property=\"og:locale\" content=\"de_DE\" \/>\n<meta property=\"og:type\" content=\"article\" \/>\n<meta property=\"og:title\" content=\"Kirby Au\u00dfenbeutel Diamond\" \/>\n<meta property=\"og:description\" content=\"Au\u00dfenbeutel f\u00fcr den Kirby G7 (Diamond).    Vorr\u00e4tig   Vor 23:59 uhr bestellt, morgen versendet  &nbsp;\" \/>\n<meta property=\"og:url\" content=\"https:\/\/www.veltec.eu\/de\/product\/kirby-ausenbeutel-diamond-nl400\/\" \/>\n<meta property=\"og:site_name\" content=\"Veltec Kirby specialist\" \/>\n<meta property=\"article:publisher\" content=\"https:\/\/www.facebook.com\/Veltec-Kirby-Specialist-236746293374877\/\" \/>\n<meta property=\"article:modified_time\" content=\"2024-12-23T12:14:56+00:00\" \/>\n<meta property=\"og:image\" content=\"https:\/\/www.veltec.eu\/wp-content\/uploads\/2019\/03\/Diamond.jpg\" \/>\n\t<meta property=\"og:image:width\" content=\"459\" \/>\n\t<meta property=\"og:image:height\" content=\"426\" \/>\n\t<meta property=\"og:image:type\" content=\"image\/jpeg\" \/>\n<meta name=\"twitter:card\" content=\"summary_large_image\" \/>\n<meta name=\"twitter:label1\" content=\"Gesch\u00e4tzte Lesezeit\" \/>\n\t<meta name=\"twitter:data1\" content=\"3\u00a0Minuten\" \/>\n<script type=\"application\/ld+json\" class=\"yoast-schema-graph\">{\"@context\":\"https:\\\/\\\/schema.org\",\"@graph\":[{\"@type\":\"WebPage\",\"@id\":\"https:\\\/\\\/www.veltec.eu\\\/de\\\/product\\\/kirby-ausenbeutel-diamond-nl400\\\/\",\"url\":\"https:\\\/\\\/www.veltec.eu\\\/de\\\/product\\\/kirby-ausenbeutel-diamond-nl400\\\/\",\"name\":\"Kirby Au\u00dfenbeutel Diamond - Veltec Kirby specialist\",\"isPartOf\":{\"@id\":\"https:\\\/\\\/www.veltec.eu\\\/en\\\/#website\"},\"primaryImageOfPage\":{\"@id\":\"https:\\\/\\\/www.veltec.eu\\\/de\\\/product\\\/kirby-ausenbeutel-diamond-nl400\\\/#primaryimage\"},\"image\":{\"@id\":\"https:\\\/\\\/www.veltec.eu\\\/de\\\/product\\\/kirby-ausenbeutel-diamond-nl400\\\/#primaryimage\"},\"thumbnailUrl\":\"https:\\\/\\\/www.veltec.eu\\\/wp-content\\\/uploads\\\/2019\\\/03\\\/Diamond.jpg\",\"datePublished\":\"2019-03-05T10:19:23+00:00\",\"dateModified\":\"2024-12-23T12:14:56+00:00\",\"description\":\"Kirby Au\u00dfenbeutel Diamond - Veltec ist seit \u00fcber 25 Jahren der Lieferant von Kirby Staubsaugern. Und ist Ihr vertrauensw\u00fcrdiger Kirby-Service\",\"breadcrumb\":{\"@id\":\"https:\\\/\\\/www.veltec.eu\\\/de\\\/product\\\/kirby-ausenbeutel-diamond-nl400\\\/#breadcrumb\"},\"inLanguage\":\"de\",\"potentialAction\":[{\"@type\":\"ReadAction\",\"target\":[\"https:\\\/\\\/www.veltec.eu\\\/de\\\/product\\\/kirby-ausenbeutel-diamond-nl400\\\/\"]}]},{\"@type\":\"ImageObject\",\"inLanguage\":\"de\",\"@id\":\"https:\\\/\\\/www.veltec.eu\\\/de\\\/product\\\/kirby-ausenbeutel-diamond-nl400\\\/#primaryimage\",\"url\":\"https:\\\/\\\/www.veltec.eu\\\/wp-content\\\/uploads\\\/2019\\\/03\\\/Diamond.jpg\",\"contentUrl\":\"https:\\\/\\\/www.veltec.eu\\\/wp-content\\\/uploads\\\/2019\\\/03\\\/Diamond.jpg\",\"width\":459,\"height\":426},{\"@type\":\"BreadcrumbList\",\"@id\":\"https:\\\/\\\/www.veltec.eu\\\/de\\\/product\\\/kirby-ausenbeutel-diamond-nl400\\\/#breadcrumb\",\"itemListElement\":[{\"@type\":\"ListItem\",\"position\":1,\"name\":\"Home\",\"item\":\"https:\\\/\\\/www.veltec.eu\\\/de\\\/\"},{\"@type\":\"ListItem\",\"position\":2,\"name\":\"Kirby Laden\",\"item\":\"https:\\\/\\\/www.veltec.eu\\\/de\\\/kirby-laden\\\/\"},{\"@type\":\"ListItem\",\"position\":3,\"name\":\"Kirby Au\u00dfenbeutel Diamond\"}]},{\"@type\":\"WebSite\",\"@id\":\"https:\\\/\\\/www.veltec.eu\\\/en\\\/#website\",\"url\":\"https:\\\/\\\/www.veltec.eu\\\/en\\\/\",\"name\":\"Veltec Kirby specialist\",\"description\":\"Kirby stofzuiger producten\",\"publisher\":{\"@id\":\"https:\\\/\\\/www.veltec.eu\\\/en\\\/#organization\"},\"potentialAction\":[{\"@type\":\"SearchAction\",\"target\":{\"@type\":\"EntryPoint\",\"urlTemplate\":\"https:\\\/\\\/www.veltec.eu\\\/en\\\/?s={search_term_string}\"},\"query-input\":{\"@type\":\"PropertyValueSpecification\",\"valueRequired\":true,\"valueName\":\"search_term_string\"}}],\"inLanguage\":\"de\"},{\"@type\":\"Organization\",\"@id\":\"https:\\\/\\\/www.veltec.eu\\\/en\\\/#organization\",\"name\":\"Veltec Kirby Specialist\",\"url\":\"https:\\\/\\\/www.veltec.eu\\\/en\\\/\",\"logo\":{\"@type\":\"ImageObject\",\"inLanguage\":\"de\",\"@id\":\"https:\\\/\\\/www.veltec.eu\\\/en\\\/#\\\/schema\\\/logo\\\/image\\\/\",\"url\":\"https:\\\/\\\/www.veltec.eu\\\/wp-content\\\/uploads\\\/2021\\\/12\\\/Veltec-log-groot-e1537260889125.png\",\"contentUrl\":\"https:\\\/\\\/www.veltec.eu\\\/wp-content\\\/uploads\\\/2021\\\/12\\\/Veltec-log-groot-e1537260889125.png\",\"width\":200,\"height\":60,\"caption\":\"Veltec Kirby Specialist\"},\"image\":{\"@id\":\"https:\\\/\\\/www.veltec.eu\\\/en\\\/#\\\/schema\\\/logo\\\/image\\\/\"},\"sameAs\":[\"https:\\\/\\\/www.facebook.com\\\/Veltec-Kirby-Specialist-236746293374877\\\/\",\"https:\\\/\\\/www.youtube.com\\\/user\\\/VeltecService\"]}]}<\/script>\n<!-- \/ Yoast SEO Premium plugin. -->","yoast_head_json":{"title":"Kirby Au\u00dfenbeutel Diamond - Veltec Kirby specialist","description":"Kirby Au\u00dfenbeutel Diamond - Veltec ist seit \u00fcber 25 Jahren der Lieferant von Kirby Staubsaugern. Und ist Ihr vertrauensw\u00fcrdiger Kirby-Service","robots":{"index":"index","follow":"follow","max-snippet":"max-snippet:-1","max-image-preview":"max-image-preview:large","max-video-preview":"max-video-preview:-1"},"canonical":"https:\/\/www.veltec.eu\/de\/product\/kirby-ausenbeutel-diamond-nl400\/","og_locale":"de_DE","og_type":"article","og_title":"Kirby Au\u00dfenbeutel Diamond","og_description":"Au\u00dfenbeutel f\u00fcr den Kirby G7 (Diamond).    Vorr\u00e4tig   Vor 23:59 uhr bestellt, morgen versendet  &nbsp;","og_url":"https:\/\/www.veltec.eu\/de\/product\/kirby-ausenbeutel-diamond-nl400\/","og_site_name":"Veltec Kirby specialist","article_publisher":"https:\/\/www.facebook.com\/Veltec-Kirby-Specialist-236746293374877\/","article_modified_time":"2024-12-23T12:14:56+00:00","og_image":[{"width":459,"height":426,"url":"https:\/\/www.veltec.eu\/wp-content\/uploads\/2019\/03\/Diamond.jpg","type":"image\/jpeg"}],"twitter_card":"summary_large_image","twitter_misc":{"Gesch\u00e4tzte Lesezeit":"3\u00a0Minuten"},"schema":{"@context":"https:\/\/schema.org","@graph":[{"@type":"WebPage","@id":"https:\/\/www.veltec.eu\/de\/product\/kirby-ausenbeutel-diamond-nl400\/","url":"https:\/\/www.veltec.eu\/de\/product\/kirby-ausenbeutel-diamond-nl400\/","name":"Kirby Au\u00dfenbeutel Diamond - Veltec Kirby specialist","isPartOf":{"@id":"https:\/\/www.veltec.eu\/en\/#website"},"primaryImageOfPage":{"@id":"https:\/\/www.veltec.eu\/de\/product\/kirby-ausenbeutel-diamond-nl400\/#primaryimage"},"image":{"@id":"https:\/\/www.veltec.eu\/de\/product\/kirby-ausenbeutel-diamond-nl400\/#primaryimage"},"thumbnailUrl":"https:\/\/www.veltec.eu\/wp-content\/uploads\/2019\/03\/Diamond.jpg","datePublished":"2019-03-05T10:19:23+00:00","dateModified":"2024-12-23T12:14:56+00:00","description":"Kirby Au\u00dfenbeutel Diamond - Veltec ist seit \u00fcber 25 Jahren der Lieferant von Kirby Staubsaugern. Und ist Ihr vertrauensw\u00fcrdiger Kirby-Service","breadcrumb":{"@id":"https:\/\/www.veltec.eu\/de\/product\/kirby-ausenbeutel-diamond-nl400\/#breadcrumb"},"inLanguage":"de","potentialAction":[{"@type":"ReadAction","target":["https:\/\/www.veltec.eu\/de\/product\/kirby-ausenbeutel-diamond-nl400\/"]}]},{"@type":"ImageObject","inLanguage":"de","@id":"https:\/\/www.veltec.eu\/de\/product\/kirby-ausenbeutel-diamond-nl400\/#primaryimage","url":"https:\/\/www.veltec.eu\/wp-content\/uploads\/2019\/03\/Diamond.jpg","contentUrl":"https:\/\/www.veltec.eu\/wp-content\/uploads\/2019\/03\/Diamond.jpg","width":459,"height":426},{"@type":"BreadcrumbList","@id":"https:\/\/www.veltec.eu\/de\/product\/kirby-ausenbeutel-diamond-nl400\/#breadcrumb","itemListElement":[{"@type":"ListItem","position":1,"name":"Home","item":"https:\/\/www.veltec.eu\/de\/"},{"@type":"ListItem","position":2,"name":"Kirby Laden","item":"https:\/\/www.veltec.eu\/de\/kirby-laden\/"},{"@type":"ListItem","position":3,"name":"Kirby Au\u00dfenbeutel Diamond"}]},{"@type":"WebSite","@id":"https:\/\/www.veltec.eu\/en\/#website","url":"https:\/\/www.veltec.eu\/en\/","name":"Veltec Kirby specialist","description":"Kirby stofzuiger producten","publisher":{"@id":"https:\/\/www.veltec.eu\/en\/#organization"},"potentialAction":[{"@type":"SearchAction","target":{"@type":"EntryPoint","urlTemplate":"https:\/\/www.veltec.eu\/en\/?s={search_term_string}"},"query-input":{"@type":"PropertyValueSpecification","valueRequired":true,"valueName":"search_term_string"}}],"inLanguage":"de"},{"@type":"Organization","@id":"https:\/\/www.veltec.eu\/en\/#organization","name":"Veltec Kirby Specialist","url":"https:\/\/www.veltec.eu\/en\/","logo":{"@type":"ImageObject","inLanguage":"de","@id":"https:\/\/www.veltec.eu\/en\/#\/schema\/logo\/image\/","url":"https:\/\/www.veltec.eu\/wp-content\/uploads\/2021\/12\/Veltec-log-groot-e1537260889125.png","contentUrl":"https:\/\/www.veltec.eu\/wp-content\/uploads\/2021\/12\/Veltec-log-groot-e1537260889125.png","width":200,"height":60,"caption":"Veltec Kirby Specialist"},"image":{"@id":"https:\/\/www.veltec.eu\/en\/#\/schema\/logo\/image\/"},"sameAs":["https:\/\/www.facebook.com\/Veltec-Kirby-Specialist-236746293374877\/","https:\/\/www.youtube.com\/user\/VeltecService"]}]}},"_links":{"self":[{"href":"https:\/\/www.veltec.eu\/de\/wp-json\/wp\/v2\/product\/18041","targetHints":{"allow":["GET"]}}],"collection":[{"href":"https:\/\/www.veltec.eu\/de\/wp-json\/wp\/v2\/product"}],"about":[{"href":"https:\/\/www.veltec.eu\/de\/wp-json\/wp\/v2\/types\/product"}],"replies":[{"embeddable":true,"href":"https:\/\/www.veltec.eu\/de\/wp-json\/wp\/v2\/comments?post=18041"}],"wp:featuredmedia":[{"embeddable":true,"href":"https:\/\/www.veltec.eu\/de\/wp-json\/wp\/v2\/media\/17991"}],"wp:attachment":[{"href":"https:\/\/www.veltec.eu\/de\/wp-json\/wp\/v2\/media?parent=18041"}],"wp:term":[{"taxonomy":"product_brand","embeddable":true,"href":"https:\/\/www.veltec.eu\/de\/wp-json\/wp\/v2\/product_brand?post=18041"},{"taxonomy":"product_cat","embeddable":true,"href":"https:\/\/www.veltec.eu\/de\/wp-json\/wp\/v2\/product_cat?post=18041"},{"taxonomy":"product_tag","embeddable":true,"href":"https:\/\/www.veltec.eu\/de\/wp-json\/wp\/v2\/product_tag?post=18041"}],"curies":[{"name":"wp","href":"https:\/\/api.w.org\/{rel}","templated":true}]}}