{"id":18036,"date":"2019-03-05T12:27:30","date_gmt":"2019-03-05T10:27:30","guid":{"rendered":"https:\/\/www.veltec.eu\/product\/kirby-ausenbeutel-sentria-2-nl401\/"},"modified":"2024-12-23T13:01:49","modified_gmt":"2024-12-23T11:01:49","slug":"kirby-ausenbeutel-sentria-2-nl401","status":"publish","type":"product","link":"https:\/\/www.veltec.eu\/de\/product\/kirby-ausenbeutel-sentria-2-nl401\/","title":{"rendered":"Kirby Au\u00dfenbeutel Sentria 2"},"content":{"rendered":"<h1>Kirby Au\u00dfenbeutel Sentria 2<\/h1>\n<p>Kirby Au\u00dfenbeutel Sentria 2<\/p>\n<p><strong>Diese Au\u00dfentasche ist f\u00fcr die folgenden Kirby Staubsauger geeignet;<\/strong><\/p>\n<p>Kirby Sentria II (G10)<\/p>\n<h2>Kirby Au\u00dfenbeutel Sentria 2 &#8211; Der perfekte Ersatz f\u00fcr Ihren Kirby Staubsauger<\/h2>\n<p>Sind Sie auf der Suche nach einem neuen Au\u00dfenbeutel f\u00fcr Ihren Kirby Staubsauger? Der Sentria 2 Au\u00dfenbeutel bietet eine hervorragende L\u00f6sung. Dieser Original-Au\u00dfenbeutel wurde speziell f\u00fcr den Kirby Sentria 2 entwickelt, ist aber universell mit allen Kirby Staubsaugermodellen kompatibel. Dank der hochwertigen Materialien und des eleganten Designs k\u00f6nnen Sie sich auf eine Kombination aus Funktionalit\u00e4t und \u00c4sthetik verlassen. Entdecken Sie, warum dieser Au\u00dfenbeutel die ideale Wahl f\u00fcr Ihren Staubsauger ist.<\/p>\n<p><a href=\"https:\/\/www.veltec.eu\/de\/categorie\/kirby-ausenbeutel-und-zubehor\/\">Hier finden Sie alles f\u00fcr den Kirby Au\u00dfenbeutel und Zubeh\u00f6r<\/a><\/p>\n<h3>Universell kompatibel: Eine Tasche f\u00fcr jedes Kirby-Modell<\/h3>\n<p>Der Sentria 2 Au\u00dfenbeutel ist ein universeller Au\u00dfenbeutel, d. h. er passt zu allen Kirby Staubsaugern. Das macht den Austausch Ihres derzeitigen Au\u00dfenbeutels sehr viel einfacher. Der einzige Unterschied zwischen den Modellen ist das Design, so dass Sie sich ohne Bedenken f\u00fcr diesen Typ entscheiden k\u00f6nnen, ganz gleich, welches Kirby-Modell Sie verwenden. Mit dieser universellen Passform m\u00fcssen Sie sich nie wieder Gedanken \u00fcber die richtige Gr\u00f6\u00dfe machen.<\/p>\n<hr \/>\n<h3>Hochwertige Materialien f\u00fcr einen dauerhaften Einsatz<\/h3>\n<p>Bei der Wahl eines neuen Staubsaugerbeutels kommt es auf Qualit\u00e4t an. Der Sentria 2 Au\u00dfenbeutel ist aus langlebigen, strapazierf\u00e4higen Materialien gefertigt, die daf\u00fcr sorgen, dass Ihr Staubsauger auch weiterhin seine volle Leistung erbringt. Das Material ist nicht nur robust, sondern auch so konzipiert, dass es Staub und Schmutz wirksam abh\u00e4lt und das Innere Ihres Staubsaugers sauber h\u00e4lt. Dies tr\u00e4gt dazu bei, die Lebensdauer Ihres Ger\u00e4ts zu verl\u00e4ngern.<\/p>\n<h3>Elegantes Design passend zu Ihrem Interieur<\/h3>\n<p>Neben der Funktionalit\u00e4t bietet der Sentria 2 Au\u00dfenbeutel auch ein attraktives Design. Der Au\u00dfenbeutel ist in einem modernen Muster erh\u00e4ltlich, das perfekt zum eleganten Look Ihres Kirby Staubsaugers passt. Egal, ob Sie sich f\u00fcr ein neutrales oder ein auff\u00e4lliges Design entscheiden, dieser Au\u00dfenbeutel verleiht Ihrer t\u00e4glichen Reinigungsroutine Stil.<\/p>\n<h3>Einfach zu installieren und zu verwenden<\/h3>\n<p>Ein weiterer gro\u00dfer Vorteil des Sentria 2 Au\u00dfenbeutels ist seine einfache Handhabung. Dank seiner universellen Passform ist der Outdoor-Beutel leicht zu montieren. Innerhalb weniger Minuten k\u00f6nnen Sie Ihren Staubsauger wieder optimal nutzen. Au\u00dferdem sorgt das clevere Design daf\u00fcr, dass der Beutel w\u00e4hrend des Staubsaugens fest an seinem Platz bleibt, so dass Sie Ihre Arbeit ohne Unterbrechung fortsetzen k\u00f6nnen.<\/p>\n<hr \/>\n<h3>Warum sollten Sie sich f\u00fcr die Kirby Au\u00dfenbeutel Sentria 2 entscheiden?<\/h3>\n<p>Mit der Sentria 2 Au\u00dfentasche entscheiden Sie sich f\u00fcr Qualit\u00e4t, Haltbarkeit und Stil. Diese Au\u00dfentasche bietet alles, was Sie brauchen, um Ihren Staubsauger in Topform zu halten. Egal, ob Sie eine alte Au\u00dfentasche ersetzen oder Ihrem Staubsauger einen neuen Look verpassen m\u00f6chten, diese Tasche ist die perfekte Wahl.<\/p>\n<p>Kurz gesagt, die Sentria 2 Au\u00dfentasche verbindet Funktionalit\u00e4t mit Stil und Komfort. Warten Sie nicht l\u00e4nger und r\u00fcsten Sie Ihren Kirby Staubsauger noch heute mit dieser hochwertigen Au\u00dfentasche auf!<\/p>\n","protected":false},"excerpt":{"rendered":"<p>Au\u00dfenbeutel f\u00fcr den Kirby Sentria 2.<\/p>\n[trustindex data-widget-id=31675542425128034566e10b5fb]\n<h3><span style=\"color: #008000;\"><br \/>\nVorr\u00e4tig<\/span><\/h3>\n[av_font_icon icon='ue812' font='entypo-fontello' style='' caption='' size='25px' position='left' color='#43ad66' link='' linktarget='' title_attr='' sonar_effect_effect='' sonar_effect_color='' sonar_effect_duration='1' sonar_effect_scale='' sonar_effect_opac='0.5' animation='' id='' custom_class='' template_class='' av_uid='' sc_version='1.0' admin_preview_bg=''][\/av_font_icon]\n<p><span style=\"color: #008000;\">Vor 23:59 uhr bestellt, morgen versendet<\/span><\/p>\n<p>&nbsp;<\/p>\n","protected":false},"featured_media":18007,"comment_status":"open","ping_status":"closed","template":"","meta":{"_acf_changed":false},"product_brand":[],"product_cat":[368],"product_tag":[],"class_list":{"0":"post-18036","1":"product","2":"type-product","3":"status-publish","4":"has-post-thumbnail","6":"product_cat-kirby-ausenbeutel-und-zubehor","7":"product_shipping_class-klein-de","9":"first","10":"instock","11":"sale","12":"taxable","13":"shipping-taxable","14":"purchasable","15":"product-type-simple"},"acf":[],"yoast_head":"<!-- This site is optimized with the Yoast SEO Premium plugin v27.1 (Yoast SEO v27.4) - https:\/\/yoast.com\/product\/yoast-seo-premium-wordpress\/ -->\n<title>Kirby Au\u00dfenbeutel Sentria 2 - Veltec Kirby specialist<\/title>\n<meta name=\"description\" content=\"Kirby Au\u00dfenbeutel Sentria 2 - Veltec ist seit \u00fcber 25 Jahren der Lieferant von Kirby Staubsaugern. Und ist Ihr vertrauensw\u00fcrdiger Kirby\" \/>\n<meta name=\"robots\" content=\"index, follow, max-snippet:-1, max-image-preview:large, max-video-preview:-1\" \/>\n<link rel=\"canonical\" href=\"https:\/\/www.veltec.eu\/de\/product\/kirby-ausenbeutel-sentria-2-nl401\/\" \/>\n<meta property=\"og:locale\" content=\"de_DE\" \/>\n<meta property=\"og:type\" content=\"article\" \/>\n<meta property=\"og:title\" content=\"Kirby Au\u00dfenbeutel Sentria 2\" \/>\n<meta property=\"og:description\" content=\"Au\u00dfenbeutel f\u00fcr den Kirby Sentria 2.    Vorr\u00e4tig   Vor 23:59 uhr bestellt, morgen versendet  &nbsp;\" \/>\n<meta property=\"og:url\" content=\"https:\/\/www.veltec.eu\/de\/product\/kirby-ausenbeutel-sentria-2-nl401\/\" \/>\n<meta property=\"og:site_name\" content=\"Veltec Kirby specialist\" \/>\n<meta property=\"article:publisher\" content=\"https:\/\/www.facebook.com\/Veltec-Kirby-Specialist-236746293374877\/\" \/>\n<meta property=\"article:modified_time\" content=\"2024-12-23T11:01:49+00:00\" \/>\n<meta property=\"og:image\" content=\"https:\/\/www.veltec.eu\/wp-content\/uploads\/2019\/03\/Sentria-2.jpg\" \/>\n\t<meta property=\"og:image:width\" content=\"421\" \/>\n\t<meta property=\"og:image:height\" content=\"426\" \/>\n\t<meta property=\"og:image:type\" content=\"image\/jpeg\" \/>\n<meta name=\"twitter:card\" content=\"summary_large_image\" \/>\n<meta name=\"twitter:label1\" content=\"Gesch\u00e4tzte Lesezeit\" \/>\n\t<meta name=\"twitter:data1\" content=\"3\u00a0Minuten\" \/>\n<script type=\"application\/ld+json\" class=\"yoast-schema-graph\">{\"@context\":\"https:\\\/\\\/schema.org\",\"@graph\":[{\"@type\":\"WebPage\",\"@id\":\"https:\\\/\\\/www.veltec.eu\\\/de\\\/product\\\/kirby-ausenbeutel-sentria-2-nl401\\\/\",\"url\":\"https:\\\/\\\/www.veltec.eu\\\/de\\\/product\\\/kirby-ausenbeutel-sentria-2-nl401\\\/\",\"name\":\"Kirby Au\u00dfenbeutel Sentria 2 - Veltec Kirby specialist\",\"isPartOf\":{\"@id\":\"https:\\\/\\\/www.veltec.eu\\\/en\\\/#website\"},\"primaryImageOfPage\":{\"@id\":\"https:\\\/\\\/www.veltec.eu\\\/de\\\/product\\\/kirby-ausenbeutel-sentria-2-nl401\\\/#primaryimage\"},\"image\":{\"@id\":\"https:\\\/\\\/www.veltec.eu\\\/de\\\/product\\\/kirby-ausenbeutel-sentria-2-nl401\\\/#primaryimage\"},\"thumbnailUrl\":\"https:\\\/\\\/www.veltec.eu\\\/wp-content\\\/uploads\\\/2019\\\/03\\\/Sentria-2.jpg\",\"datePublished\":\"2019-03-05T10:27:30+00:00\",\"dateModified\":\"2024-12-23T11:01:49+00:00\",\"description\":\"Kirby Au\u00dfenbeutel Sentria 2 - Veltec ist seit \u00fcber 25 Jahren der Lieferant von Kirby Staubsaugern. Und ist Ihr vertrauensw\u00fcrdiger Kirby\",\"breadcrumb\":{\"@id\":\"https:\\\/\\\/www.veltec.eu\\\/de\\\/product\\\/kirby-ausenbeutel-sentria-2-nl401\\\/#breadcrumb\"},\"inLanguage\":\"de\",\"potentialAction\":[{\"@type\":\"ReadAction\",\"target\":[\"https:\\\/\\\/www.veltec.eu\\\/de\\\/product\\\/kirby-ausenbeutel-sentria-2-nl401\\\/\"]}]},{\"@type\":\"ImageObject\",\"inLanguage\":\"de\",\"@id\":\"https:\\\/\\\/www.veltec.eu\\\/de\\\/product\\\/kirby-ausenbeutel-sentria-2-nl401\\\/#primaryimage\",\"url\":\"https:\\\/\\\/www.veltec.eu\\\/wp-content\\\/uploads\\\/2019\\\/03\\\/Sentria-2.jpg\",\"contentUrl\":\"https:\\\/\\\/www.veltec.eu\\\/wp-content\\\/uploads\\\/2019\\\/03\\\/Sentria-2.jpg\",\"width\":421,\"height\":426},{\"@type\":\"BreadcrumbList\",\"@id\":\"https:\\\/\\\/www.veltec.eu\\\/de\\\/product\\\/kirby-ausenbeutel-sentria-2-nl401\\\/#breadcrumb\",\"itemListElement\":[{\"@type\":\"ListItem\",\"position\":1,\"name\":\"Home\",\"item\":\"https:\\\/\\\/www.veltec.eu\\\/de\\\/\"},{\"@type\":\"ListItem\",\"position\":2,\"name\":\"Kirby Shop\",\"item\":\"https:\\\/\\\/www.veltec.eu\\\/nl\\\/shop-page\\\/\"},{\"@type\":\"ListItem\",\"position\":3,\"name\":\"Kirby Au\u00dfenbeutel Sentria 2\"}]},{\"@type\":\"WebSite\",\"@id\":\"https:\\\/\\\/www.veltec.eu\\\/en\\\/#website\",\"url\":\"https:\\\/\\\/www.veltec.eu\\\/en\\\/\",\"name\":\"Veltec Kirby specialist\",\"description\":\"Kirby stofzuiger producten\",\"publisher\":{\"@id\":\"https:\\\/\\\/www.veltec.eu\\\/en\\\/#organization\"},\"potentialAction\":[{\"@type\":\"SearchAction\",\"target\":{\"@type\":\"EntryPoint\",\"urlTemplate\":\"https:\\\/\\\/www.veltec.eu\\\/en\\\/?s={search_term_string}\"},\"query-input\":{\"@type\":\"PropertyValueSpecification\",\"valueRequired\":true,\"valueName\":\"search_term_string\"}}],\"inLanguage\":\"de\"},{\"@type\":\"Organization\",\"@id\":\"https:\\\/\\\/www.veltec.eu\\\/en\\\/#organization\",\"name\":\"Veltec Kirby Specialist\",\"url\":\"https:\\\/\\\/www.veltec.eu\\\/en\\\/\",\"logo\":{\"@type\":\"ImageObject\",\"inLanguage\":\"de\",\"@id\":\"https:\\\/\\\/www.veltec.eu\\\/en\\\/#\\\/schema\\\/logo\\\/image\\\/\",\"url\":\"https:\\\/\\\/www.veltec.eu\\\/wp-content\\\/uploads\\\/2021\\\/12\\\/Veltec-log-groot-e1537260889125.png\",\"contentUrl\":\"https:\\\/\\\/www.veltec.eu\\\/wp-content\\\/uploads\\\/2021\\\/12\\\/Veltec-log-groot-e1537260889125.png\",\"width\":200,\"height\":60,\"caption\":\"Veltec Kirby Specialist\"},\"image\":{\"@id\":\"https:\\\/\\\/www.veltec.eu\\\/en\\\/#\\\/schema\\\/logo\\\/image\\\/\"},\"sameAs\":[\"https:\\\/\\\/www.facebook.com\\\/Veltec-Kirby-Specialist-236746293374877\\\/\",\"https:\\\/\\\/www.youtube.com\\\/user\\\/VeltecService\"]}]}<\/script>\n<!-- \/ Yoast SEO Premium plugin. -->","yoast_head_json":{"title":"Kirby Au\u00dfenbeutel Sentria 2 - Veltec Kirby specialist","description":"Kirby Au\u00dfenbeutel Sentria 2 - Veltec ist seit \u00fcber 25 Jahren der Lieferant von Kirby Staubsaugern. Und ist Ihr vertrauensw\u00fcrdiger Kirby","robots":{"index":"index","follow":"follow","max-snippet":"max-snippet:-1","max-image-preview":"max-image-preview:large","max-video-preview":"max-video-preview:-1"},"canonical":"https:\/\/www.veltec.eu\/de\/product\/kirby-ausenbeutel-sentria-2-nl401\/","og_locale":"de_DE","og_type":"article","og_title":"Kirby Au\u00dfenbeutel Sentria 2","og_description":"Au\u00dfenbeutel f\u00fcr den Kirby Sentria 2.    Vorr\u00e4tig   Vor 23:59 uhr bestellt, morgen versendet  &nbsp;","og_url":"https:\/\/www.veltec.eu\/de\/product\/kirby-ausenbeutel-sentria-2-nl401\/","og_site_name":"Veltec Kirby specialist","article_publisher":"https:\/\/www.facebook.com\/Veltec-Kirby-Specialist-236746293374877\/","article_modified_time":"2024-12-23T11:01:49+00:00","og_image":[{"width":421,"height":426,"url":"https:\/\/www.veltec.eu\/wp-content\/uploads\/2019\/03\/Sentria-2.jpg","type":"image\/jpeg"}],"twitter_card":"summary_large_image","twitter_misc":{"Gesch\u00e4tzte Lesezeit":"3\u00a0Minuten"},"schema":{"@context":"https:\/\/schema.org","@graph":[{"@type":"WebPage","@id":"https:\/\/www.veltec.eu\/de\/product\/kirby-ausenbeutel-sentria-2-nl401\/","url":"https:\/\/www.veltec.eu\/de\/product\/kirby-ausenbeutel-sentria-2-nl401\/","name":"Kirby Au\u00dfenbeutel Sentria 2 - Veltec Kirby specialist","isPartOf":{"@id":"https:\/\/www.veltec.eu\/en\/#website"},"primaryImageOfPage":{"@id":"https:\/\/www.veltec.eu\/de\/product\/kirby-ausenbeutel-sentria-2-nl401\/#primaryimage"},"image":{"@id":"https:\/\/www.veltec.eu\/de\/product\/kirby-ausenbeutel-sentria-2-nl401\/#primaryimage"},"thumbnailUrl":"https:\/\/www.veltec.eu\/wp-content\/uploads\/2019\/03\/Sentria-2.jpg","datePublished":"2019-03-05T10:27:30+00:00","dateModified":"2024-12-23T11:01:49+00:00","description":"Kirby Au\u00dfenbeutel Sentria 2 - Veltec ist seit \u00fcber 25 Jahren der Lieferant von Kirby Staubsaugern. Und ist Ihr vertrauensw\u00fcrdiger Kirby","breadcrumb":{"@id":"https:\/\/www.veltec.eu\/de\/product\/kirby-ausenbeutel-sentria-2-nl401\/#breadcrumb"},"inLanguage":"de","potentialAction":[{"@type":"ReadAction","target":["https:\/\/www.veltec.eu\/de\/product\/kirby-ausenbeutel-sentria-2-nl401\/"]}]},{"@type":"ImageObject","inLanguage":"de","@id":"https:\/\/www.veltec.eu\/de\/product\/kirby-ausenbeutel-sentria-2-nl401\/#primaryimage","url":"https:\/\/www.veltec.eu\/wp-content\/uploads\/2019\/03\/Sentria-2.jpg","contentUrl":"https:\/\/www.veltec.eu\/wp-content\/uploads\/2019\/03\/Sentria-2.jpg","width":421,"height":426},{"@type":"BreadcrumbList","@id":"https:\/\/www.veltec.eu\/de\/product\/kirby-ausenbeutel-sentria-2-nl401\/#breadcrumb","itemListElement":[{"@type":"ListItem","position":1,"name":"Home","item":"https:\/\/www.veltec.eu\/de\/"},{"@type":"ListItem","position":2,"name":"Kirby Shop","item":"https:\/\/www.veltec.eu\/nl\/shop-page\/"},{"@type":"ListItem","position":3,"name":"Kirby Au\u00dfenbeutel Sentria 2"}]},{"@type":"WebSite","@id":"https:\/\/www.veltec.eu\/en\/#website","url":"https:\/\/www.veltec.eu\/en\/","name":"Veltec Kirby specialist","description":"Kirby stofzuiger producten","publisher":{"@id":"https:\/\/www.veltec.eu\/en\/#organization"},"potentialAction":[{"@type":"SearchAction","target":{"@type":"EntryPoint","urlTemplate":"https:\/\/www.veltec.eu\/en\/?s={search_term_string}"},"query-input":{"@type":"PropertyValueSpecification","valueRequired":true,"valueName":"search_term_string"}}],"inLanguage":"de"},{"@type":"Organization","@id":"https:\/\/www.veltec.eu\/en\/#organization","name":"Veltec Kirby Specialist","url":"https:\/\/www.veltec.eu\/en\/","logo":{"@type":"ImageObject","inLanguage":"de","@id":"https:\/\/www.veltec.eu\/en\/#\/schema\/logo\/image\/","url":"https:\/\/www.veltec.eu\/wp-content\/uploads\/2021\/12\/Veltec-log-groot-e1537260889125.png","contentUrl":"https:\/\/www.veltec.eu\/wp-content\/uploads\/2021\/12\/Veltec-log-groot-e1537260889125.png","width":200,"height":60,"caption":"Veltec Kirby Specialist"},"image":{"@id":"https:\/\/www.veltec.eu\/en\/#\/schema\/logo\/image\/"},"sameAs":["https:\/\/www.facebook.com\/Veltec-Kirby-Specialist-236746293374877\/","https:\/\/www.youtube.com\/user\/VeltecService"]}]}},"_links":{"self":[{"href":"https:\/\/www.veltec.eu\/de\/wp-json\/wp\/v2\/product\/18036","targetHints":{"allow":["GET"]}}],"collection":[{"href":"https:\/\/www.veltec.eu\/de\/wp-json\/wp\/v2\/product"}],"about":[{"href":"https:\/\/www.veltec.eu\/de\/wp-json\/wp\/v2\/types\/product"}],"replies":[{"embeddable":true,"href":"https:\/\/www.veltec.eu\/de\/wp-json\/wp\/v2\/comments?post=18036"}],"wp:featuredmedia":[{"embeddable":true,"href":"https:\/\/www.veltec.eu\/de\/wp-json\/wp\/v2\/media\/18007"}],"wp:attachment":[{"href":"https:\/\/www.veltec.eu\/de\/wp-json\/wp\/v2\/media?parent=18036"}],"wp:term":[{"taxonomy":"product_brand","embeddable":true,"href":"https:\/\/www.veltec.eu\/de\/wp-json\/wp\/v2\/product_brand?post=18036"},{"taxonomy":"product_cat","embeddable":true,"href":"https:\/\/www.veltec.eu\/de\/wp-json\/wp\/v2\/product_cat?post=18036"},{"taxonomy":"product_tag","embeddable":true,"href":"https:\/\/www.veltec.eu\/de\/wp-json\/wp\/v2\/product_tag?post=18036"}],"curies":[{"name":"wp","href":"https:\/\/api.w.org\/{rel}","templated":true}]}}