{"id":14475,"date":"2018-12-05T09:54:26","date_gmt":"2018-12-05T07:54:26","guid":{"rendered":"https:\/\/www.veltec.eu\/product\/kirby-motor-uberholt-nl20333\/"},"modified":"2026-01-02T11:45:29","modified_gmt":"2026-01-02T09:45:29","slug":"kirby-motor-uberholt-nl20333","status":"publish","type":"product","link":"https:\/\/www.veltec.eu\/de\/product\/kirby-motor-uberholt-nl20333\/","title":{"rendered":"Kirby-Motor \u00fcberholt"},"content":{"rendered":"<h4>Kirby-Motor \u00fcberholt<\/h4>\n<p>Kompletter Kirby-Motor \u00fcberholt mit Rotorblatt<\/p>\n<p><strong>Dieses Produkt eignet sich f\u00fcr die Typen:<\/strong><\/p>\n<ul>\n<li>Avalir Platinum<\/li>\n<li>Avalir 2<\/li>\n<li>Avalir 1<\/li>\n<li>Sentria 2 (G10D)<\/li>\n<li>Sentria 1 (G10)<\/li>\n<li>Ultimate G Diamond Ed.(G7D or DE)<\/li>\n<li>Ultimate G (G7 or UG)<\/li>\n<li>Generation 6 (G6)<\/li>\n<li>Generation 5 (G5)<\/li>\n<li>Generation 4 (G4)<\/li>\n<li>Generation 3 (G3)<\/li>\n<\/ul>\n<h3>Entdecken Sie die Vorteile unseres Kirby-Motor \u00fcberholt<\/h3>\n<p>Als erfahrener H\u00e4ndler und Wartungsexperte f\u00fcr Kirby-Produkte m\u00f6chte ich Ihnen heute die einmalige Gelegenheit bieten, Ihr Reinigungserlebnis mit unserem komplett \u00fcberholten Kirby-Motor auf ein ganz neues Niveau zu heben.<\/p>\n<p>Hier finden Sie alle <a href=\"https:\/\/www.veltec.eu\/de\/?page_id=59336\">Kirby Motorenteile<\/a><br \/>\n<a href=\"https:\/\/www.veltec.eu\/de\/product\/kirby-motor-nl3076\/\">Wenn Sie einen neuen Kirby-Motor bevorzugen, finden Sie ihn hier.<\/a><\/p>\n<h3>Die Kraft der Qualit\u00e4t unseres Kirby-Motor \u00fcberholt<\/h3>\n<p>Unsere wiederaufbereiteten Kirby-Motoren werden von fachkundigen Technikern gr\u00fcndlich \u00fcberholt. Dabei wird jedes einzelne Bauteil sorgf\u00e4ltig gepr\u00fcft, gereinigt und bei Bedarf ausgetauscht. Dies gew\u00e4hrleistet nicht nur eine optimale Leistung, sondern auch Zuverl\u00e4ssigkeit und Langlebigkeit.<\/p>\n<h3>Garantierte Verl\u00e4sslichkeit<\/h3>\n<p>Aufgrund unserer jahrzehntelangen Erfahrung mit der Wartung von Kirby-Produkten wissen wir wie kein anderer, wie wichtig Zuverl\u00e4ssigkeit ist. Unsere wiederaufbereiteten Motoren werden gr\u00fcndlich getestet und gepr\u00fcft, um sicherzustellen, dass sie zuverl\u00e4ssig sind und eine lang anhaltende Leistung erbringen, damit Sie sich beim Reinigen keine Sorgen machen m\u00fcssen.<\/p>\n<p data-start=\"304\" data-end=\"364\"><a href=\"https:\/\/www.kirby-staubsauger-service.de\/der-kirby-motor\/\">Hier finden Sie Alles \u00fcber den Betrieb und die Wartung der Kirby-Motor<\/a><\/p>\n<h3>Leistungsstarke Reinigung in Bestform<\/h3>\n<p>Der Kirby-Motor ist f\u00fcr seine beeindruckende Saug- und Reinigungsleistung bekannt. Mit unserem wiederaufbereiteten Motor k\u00f6nnen Sie sich auf die gleiche kraftvolle Leistung wie bei einem neuen Motor verlassen und Ihre B\u00f6den und Teppiche bei jedem Einsatz gr\u00fcndlich reinigen. Verabschieden Sie sich von Schmutz und Staub, denn unser Motor l\u00e4sst nichts zur\u00fcck!<\/p>\n<h3>Sparen Sie Geld und sch\u00fctzen Sie die Umwelt<\/h3>\n<p>Wenn Sie sich f\u00fcr einen wiederaufbereiteten Motor entscheiden, sparen Sie nicht nur Geld, sondern leisten auch einen Beitrag zu einer nachhaltigeren Zukunft. Durch den Einsatz von wiederaufbereiteten Ger\u00e4ten verringern Sie den Bedarf an neuen Produkten und tragen dazu bei, Abfall zu vermeiden und nat\u00fcrliche Ressourcen zu erhalten.<\/p>\n<h3>Garantie und Support<\/h3>\n<p>Unsere \u00fcberholten Kirby-Motoren werden mit einer Garantie geliefert, so dass Sie Ihren Kauf in aller Ruhe genie\u00dfen k\u00f6nnen. Dar\u00fcber hinaus bieten wir Ihnen auch Unterst\u00fctzung und Beratung bei der Wartung Ihres Kirby, damit Sie sicherstellen k\u00f6nnen, dass er in bestem Zustand bleibt. Wenden Sie sich noch heute an uns, um Ihren Motor zu bestellen und die Vorteile zu genie\u00dfen, die er Ihnen bietet. Mit unserem \u00fcberholten Kirby-Motor haben Sie garantiert jahrelang Freude an der Reinigung!<\/p>\n","protected":false},"excerpt":{"rendered":"<p>Kirby-Motor \u00fcberholt.<\/p>\n[trustindex data-widget-id=31675542425128034566e10b5fb]\n<h3><span style=\"color: #008000;\"><br \/>\nVorr\u00e4tig<\/span><\/h3>\n[av_font_icon icon='ue812' font='entypo-fontello' style='' caption='' size='25px' position='left' color='#43ad66' link='' linktarget='' title_attr='' sonar_effect_effect='' sonar_effect_color='' sonar_effect_duration='1' sonar_effect_scale='' sonar_effect_opac='0.5' animation='' id='' custom_class='' template_class='' av_uid='' sc_version='1.0' admin_preview_bg=''][\/av_font_icon]\n<p><span style=\"color: #008000;\">Vor 23:59 uhr bestellt, morgen versendet<\/span><\/p>\n<p>&nbsp;<\/p>\n","protected":false},"featured_media":86104,"comment_status":"open","ping_status":"closed","template":"","meta":{"_acf_changed":false},"product_brand":[],"product_cat":[360],"product_tag":[],"class_list":{"0":"post-14475","1":"product","2":"type-product","3":"status-publish","4":"has-post-thumbnail","6":"product_cat-kirby-motorenteile","7":"product_shipping_class-klein-de","9":"first","10":"instock","11":"sale","12":"taxable","13":"shipping-taxable","14":"purchasable","15":"product-type-simple"},"acf":[],"yoast_head":"<!-- This site is optimized with the Yoast SEO Premium plugin v27.1 (Yoast SEO v27.4) - https:\/\/yoast.com\/product\/yoast-seo-premium-wordpress\/ -->\n<title>Kirby-Motor \u00fcberholt - Veltec Kirby specialist<\/title>\n<meta name=\"description\" content=\"Kirby-Motor \u00fcberholt Veltec ist seit \u00fcber 20 Jahren der Lieferant von Kirby Staubsaugern. Und ist Ihr vertrauensw\u00fcrdiger Kirby-Service\" \/>\n<meta name=\"robots\" content=\"index, follow, max-snippet:-1, max-image-preview:large, max-video-preview:-1\" \/>\n<link rel=\"canonical\" href=\"https:\/\/www.veltec.eu\/de\/product\/kirby-motor-uberholt-nl20333\/\" \/>\n<meta property=\"og:locale\" content=\"de_DE\" \/>\n<meta property=\"og:type\" content=\"article\" \/>\n<meta property=\"og:title\" content=\"Kirby-Motor \u00fcberholt\" \/>\n<meta property=\"og:description\" content=\"Kirby-Motor \u00fcberholt.    Vorr\u00e4tig   Vor 23:59 uhr bestellt, morgen versendet  &nbsp;\" \/>\n<meta property=\"og:url\" content=\"https:\/\/www.veltec.eu\/de\/product\/kirby-motor-uberholt-nl20333\/\" \/>\n<meta property=\"og:site_name\" content=\"Veltec Kirby specialist\" \/>\n<meta property=\"article:publisher\" content=\"https:\/\/www.facebook.com\/Veltec-Kirby-Specialist-236746293374877\/\" \/>\n<meta property=\"article:modified_time\" content=\"2026-01-02T09:45:29+00:00\" \/>\n<meta property=\"og:image\" content=\"https:\/\/www.veltec.eu\/wp-content\/uploads\/2018\/12\/Kirby-motor.png\" \/>\n\t<meta property=\"og:image:width\" content=\"300\" \/>\n\t<meta property=\"og:image:height\" content=\"300\" \/>\n\t<meta property=\"og:image:type\" content=\"image\/png\" \/>\n<meta name=\"twitter:card\" content=\"summary_large_image\" \/>\n<meta name=\"twitter:label1\" content=\"Gesch\u00e4tzte Lesezeit\" \/>\n\t<meta name=\"twitter:data1\" content=\"2\u00a0Minuten\" \/>\n<script type=\"application\/ld+json\" class=\"yoast-schema-graph\">{\"@context\":\"https:\\\/\\\/schema.org\",\"@graph\":[{\"@type\":\"WebPage\",\"@id\":\"https:\\\/\\\/www.veltec.eu\\\/de\\\/product\\\/kirby-motor-uberholt-nl20333\\\/\",\"url\":\"https:\\\/\\\/www.veltec.eu\\\/de\\\/product\\\/kirby-motor-uberholt-nl20333\\\/\",\"name\":\"Kirby-Motor \u00fcberholt - Veltec Kirby specialist\",\"isPartOf\":{\"@id\":\"https:\\\/\\\/www.veltec.eu\\\/en\\\/#website\"},\"primaryImageOfPage\":{\"@id\":\"https:\\\/\\\/www.veltec.eu\\\/de\\\/product\\\/kirby-motor-uberholt-nl20333\\\/#primaryimage\"},\"image\":{\"@id\":\"https:\\\/\\\/www.veltec.eu\\\/de\\\/product\\\/kirby-motor-uberholt-nl20333\\\/#primaryimage\"},\"thumbnailUrl\":\"https:\\\/\\\/www.veltec.eu\\\/wp-content\\\/uploads\\\/2018\\\/12\\\/Kirby-motor.png\",\"datePublished\":\"2018-12-05T07:54:26+00:00\",\"dateModified\":\"2026-01-02T09:45:29+00:00\",\"description\":\"Kirby-Motor \u00fcberholt Veltec ist seit \u00fcber 20 Jahren der Lieferant von Kirby Staubsaugern. Und ist Ihr vertrauensw\u00fcrdiger Kirby-Service\",\"breadcrumb\":{\"@id\":\"https:\\\/\\\/www.veltec.eu\\\/de\\\/product\\\/kirby-motor-uberholt-nl20333\\\/#breadcrumb\"},\"inLanguage\":\"de\",\"potentialAction\":[{\"@type\":\"ReadAction\",\"target\":[\"https:\\\/\\\/www.veltec.eu\\\/de\\\/product\\\/kirby-motor-uberholt-nl20333\\\/\"]}]},{\"@type\":\"ImageObject\",\"inLanguage\":\"de\",\"@id\":\"https:\\\/\\\/www.veltec.eu\\\/de\\\/product\\\/kirby-motor-uberholt-nl20333\\\/#primaryimage\",\"url\":\"https:\\\/\\\/www.veltec.eu\\\/wp-content\\\/uploads\\\/2018\\\/12\\\/Kirby-motor.png\",\"contentUrl\":\"https:\\\/\\\/www.veltec.eu\\\/wp-content\\\/uploads\\\/2018\\\/12\\\/Kirby-motor.png\",\"width\":300,\"height\":300},{\"@type\":\"BreadcrumbList\",\"@id\":\"https:\\\/\\\/www.veltec.eu\\\/de\\\/product\\\/kirby-motor-uberholt-nl20333\\\/#breadcrumb\",\"itemListElement\":[{\"@type\":\"ListItem\",\"position\":1,\"name\":\"Home\",\"item\":\"https:\\\/\\\/www.veltec.eu\\\/de\\\/startseite\\\/\"},{\"@type\":\"ListItem\",\"position\":2,\"name\":\"Kirby Laden\",\"item\":\"https:\\\/\\\/www.veltec.eu\\\/de\\\/kirby-laden\\\/\"},{\"@type\":\"ListItem\",\"position\":3,\"name\":\"Kirby-Motor \u00fcberholt\"}]},{\"@type\":\"WebSite\",\"@id\":\"https:\\\/\\\/www.veltec.eu\\\/en\\\/#website\",\"url\":\"https:\\\/\\\/www.veltec.eu\\\/en\\\/\",\"name\":\"Veltec Kirby specialist\",\"description\":\"Kirby stofzuiger producten\",\"publisher\":{\"@id\":\"https:\\\/\\\/www.veltec.eu\\\/en\\\/#organization\"},\"potentialAction\":[{\"@type\":\"SearchAction\",\"target\":{\"@type\":\"EntryPoint\",\"urlTemplate\":\"https:\\\/\\\/www.veltec.eu\\\/en\\\/?s={search_term_string}\"},\"query-input\":{\"@type\":\"PropertyValueSpecification\",\"valueRequired\":true,\"valueName\":\"search_term_string\"}}],\"inLanguage\":\"de\"},{\"@type\":\"Organization\",\"@id\":\"https:\\\/\\\/www.veltec.eu\\\/en\\\/#organization\",\"name\":\"Veltec Kirby Specialist\",\"url\":\"https:\\\/\\\/www.veltec.eu\\\/en\\\/\",\"logo\":{\"@type\":\"ImageObject\",\"inLanguage\":\"de\",\"@id\":\"https:\\\/\\\/www.veltec.eu\\\/en\\\/#\\\/schema\\\/logo\\\/image\\\/\",\"url\":\"https:\\\/\\\/www.veltec.eu\\\/wp-content\\\/uploads\\\/2021\\\/12\\\/Veltec-log-groot-e1537260889125.png\",\"contentUrl\":\"https:\\\/\\\/www.veltec.eu\\\/wp-content\\\/uploads\\\/2021\\\/12\\\/Veltec-log-groot-e1537260889125.png\",\"width\":200,\"height\":60,\"caption\":\"Veltec Kirby Specialist\"},\"image\":{\"@id\":\"https:\\\/\\\/www.veltec.eu\\\/en\\\/#\\\/schema\\\/logo\\\/image\\\/\"},\"sameAs\":[\"https:\\\/\\\/www.facebook.com\\\/Veltec-Kirby-Specialist-236746293374877\\\/\",\"https:\\\/\\\/www.youtube.com\\\/user\\\/VeltecService\"]}]}<\/script>\n<!-- \/ Yoast SEO Premium plugin. -->","yoast_head_json":{"title":"Kirby-Motor \u00fcberholt - Veltec Kirby specialist","description":"Kirby-Motor \u00fcberholt Veltec ist seit \u00fcber 20 Jahren der Lieferant von Kirby Staubsaugern. Und ist Ihr vertrauensw\u00fcrdiger Kirby-Service","robots":{"index":"index","follow":"follow","max-snippet":"max-snippet:-1","max-image-preview":"max-image-preview:large","max-video-preview":"max-video-preview:-1"},"canonical":"https:\/\/www.veltec.eu\/de\/product\/kirby-motor-uberholt-nl20333\/","og_locale":"de_DE","og_type":"article","og_title":"Kirby-Motor \u00fcberholt","og_description":"Kirby-Motor \u00fcberholt.    Vorr\u00e4tig   Vor 23:59 uhr bestellt, morgen versendet  &nbsp;","og_url":"https:\/\/www.veltec.eu\/de\/product\/kirby-motor-uberholt-nl20333\/","og_site_name":"Veltec Kirby specialist","article_publisher":"https:\/\/www.facebook.com\/Veltec-Kirby-Specialist-236746293374877\/","article_modified_time":"2026-01-02T09:45:29+00:00","og_image":[{"width":300,"height":300,"url":"https:\/\/www.veltec.eu\/wp-content\/uploads\/2018\/12\/Kirby-motor.png","type":"image\/png"}],"twitter_card":"summary_large_image","twitter_misc":{"Gesch\u00e4tzte Lesezeit":"2\u00a0Minuten"},"schema":{"@context":"https:\/\/schema.org","@graph":[{"@type":"WebPage","@id":"https:\/\/www.veltec.eu\/de\/product\/kirby-motor-uberholt-nl20333\/","url":"https:\/\/www.veltec.eu\/de\/product\/kirby-motor-uberholt-nl20333\/","name":"Kirby-Motor \u00fcberholt - Veltec Kirby specialist","isPartOf":{"@id":"https:\/\/www.veltec.eu\/en\/#website"},"primaryImageOfPage":{"@id":"https:\/\/www.veltec.eu\/de\/product\/kirby-motor-uberholt-nl20333\/#primaryimage"},"image":{"@id":"https:\/\/www.veltec.eu\/de\/product\/kirby-motor-uberholt-nl20333\/#primaryimage"},"thumbnailUrl":"https:\/\/www.veltec.eu\/wp-content\/uploads\/2018\/12\/Kirby-motor.png","datePublished":"2018-12-05T07:54:26+00:00","dateModified":"2026-01-02T09:45:29+00:00","description":"Kirby-Motor \u00fcberholt Veltec ist seit \u00fcber 20 Jahren der Lieferant von Kirby Staubsaugern. Und ist Ihr vertrauensw\u00fcrdiger Kirby-Service","breadcrumb":{"@id":"https:\/\/www.veltec.eu\/de\/product\/kirby-motor-uberholt-nl20333\/#breadcrumb"},"inLanguage":"de","potentialAction":[{"@type":"ReadAction","target":["https:\/\/www.veltec.eu\/de\/product\/kirby-motor-uberholt-nl20333\/"]}]},{"@type":"ImageObject","inLanguage":"de","@id":"https:\/\/www.veltec.eu\/de\/product\/kirby-motor-uberholt-nl20333\/#primaryimage","url":"https:\/\/www.veltec.eu\/wp-content\/uploads\/2018\/12\/Kirby-motor.png","contentUrl":"https:\/\/www.veltec.eu\/wp-content\/uploads\/2018\/12\/Kirby-motor.png","width":300,"height":300},{"@type":"BreadcrumbList","@id":"https:\/\/www.veltec.eu\/de\/product\/kirby-motor-uberholt-nl20333\/#breadcrumb","itemListElement":[{"@type":"ListItem","position":1,"name":"Home","item":"https:\/\/www.veltec.eu\/de\/startseite\/"},{"@type":"ListItem","position":2,"name":"Kirby Laden","item":"https:\/\/www.veltec.eu\/de\/kirby-laden\/"},{"@type":"ListItem","position":3,"name":"Kirby-Motor \u00fcberholt"}]},{"@type":"WebSite","@id":"https:\/\/www.veltec.eu\/en\/#website","url":"https:\/\/www.veltec.eu\/en\/","name":"Veltec Kirby specialist","description":"Kirby stofzuiger producten","publisher":{"@id":"https:\/\/www.veltec.eu\/en\/#organization"},"potentialAction":[{"@type":"SearchAction","target":{"@type":"EntryPoint","urlTemplate":"https:\/\/www.veltec.eu\/en\/?s={search_term_string}"},"query-input":{"@type":"PropertyValueSpecification","valueRequired":true,"valueName":"search_term_string"}}],"inLanguage":"de"},{"@type":"Organization","@id":"https:\/\/www.veltec.eu\/en\/#organization","name":"Veltec Kirby Specialist","url":"https:\/\/www.veltec.eu\/en\/","logo":{"@type":"ImageObject","inLanguage":"de","@id":"https:\/\/www.veltec.eu\/en\/#\/schema\/logo\/image\/","url":"https:\/\/www.veltec.eu\/wp-content\/uploads\/2021\/12\/Veltec-log-groot-e1537260889125.png","contentUrl":"https:\/\/www.veltec.eu\/wp-content\/uploads\/2021\/12\/Veltec-log-groot-e1537260889125.png","width":200,"height":60,"caption":"Veltec Kirby Specialist"},"image":{"@id":"https:\/\/www.veltec.eu\/en\/#\/schema\/logo\/image\/"},"sameAs":["https:\/\/www.facebook.com\/Veltec-Kirby-Specialist-236746293374877\/","https:\/\/www.youtube.com\/user\/VeltecService"]}]}},"_links":{"self":[{"href":"https:\/\/www.veltec.eu\/de\/wp-json\/wp\/v2\/product\/14475","targetHints":{"allow":["GET"]}}],"collection":[{"href":"https:\/\/www.veltec.eu\/de\/wp-json\/wp\/v2\/product"}],"about":[{"href":"https:\/\/www.veltec.eu\/de\/wp-json\/wp\/v2\/types\/product"}],"replies":[{"embeddable":true,"href":"https:\/\/www.veltec.eu\/de\/wp-json\/wp\/v2\/comments?post=14475"}],"wp:featuredmedia":[{"embeddable":true,"href":"https:\/\/www.veltec.eu\/de\/wp-json\/wp\/v2\/media\/86104"}],"wp:attachment":[{"href":"https:\/\/www.veltec.eu\/de\/wp-json\/wp\/v2\/media?parent=14475"}],"wp:term":[{"taxonomy":"product_brand","embeddable":true,"href":"https:\/\/www.veltec.eu\/de\/wp-json\/wp\/v2\/product_brand?post=14475"},{"taxonomy":"product_cat","embeddable":true,"href":"https:\/\/www.veltec.eu\/de\/wp-json\/wp\/v2\/product_cat?post=14475"},{"taxonomy":"product_tag","embeddable":true,"href":"https:\/\/www.veltec.eu\/de\/wp-json\/wp\/v2\/product_tag?post=14475"}],"curies":[{"name":"wp","href":"https:\/\/api.w.org\/{rel}","templated":true}]}}