{"id":12246,"date":"2018-09-24T14:05:35","date_gmt":"2018-09-24T12:05:35","guid":{"rendered":"https:\/\/www.veltec.eu\/kirby-webshop\/kirby-g4-nl3146\/"},"modified":"2026-02-10T08:25:07","modified_gmt":"2026-02-10T06:25:07","slug":"kirby-g4-grundlage-nl3146","status":"publish","type":"product","link":"https:\/\/www.veltec.eu\/de\/product\/kirby-g4-grundlage-nl3146\/","title":{"rendered":"Kirby G4 Grundlage"},"content":{"rendered":"<h1>Kirby G4 Grundlage \u2013 Werkstatt\u00fcberholt Staubsauger<\/h1>\n<p data-start=\"183\" data-end=\"770\">Warum sollten Sie sich f\u00fcr den Kirby G4 Grundlage entscheiden? Sind Sie auf der Suche nach einem leistungsstarken Staubsauger, der jahrelang h\u00e4lt und dennoch erschwinglich ist? Dann ist der Kirby G4 genau das Richtige f\u00fcr Sie. Dieser Werkstatt\u00fcberholt Kirby-Staubsauger kombiniert die bekannte Qualit\u00e4t von Kirby mit einem Preis, der bis zu 80\u202f% unter dem eines neuen Modells liegt. Warum sollten Sie mehr bezahlen, wenn Sie die gleiche Leistung f\u00fcr weniger Geld bekommen k\u00f6nnen?<\/p>\n<p data-start=\"772\" data-end=\"843\"><a href=\"https:\/\/www.veltec.eu\/de\/kirby-werkstattueberholt\/\" target=\"_blank\" rel=\"noopener\">Hier finden Sie alle neuen und Werkstatt\u00fcberholt Kirby-Staubsauger.<\/a><\/p>\n<h2>Was macht den Kirby G4 Grundlage so einzigartig?<\/h2>\n<p>Was sind die wichtigsten Vorteile des Kirby G4 Grundlage? Dieses zwischen 1993 und 1997 hergestellte Modell ist bekannt f\u00fcr seinen starken Motor und seine langlebigen Materialien. Dank seines intelligenten Filtersystems entfernt der Kirby G4 selbst kleinste Staubpartikel und Allergene. Kann dieser Staubsauger auf verschiedenen Bodenbel\u00e4gen verwendet werden? Auf jeden Fall! Von Teppichen und Holzb\u00f6den bis hin zu M\u00f6beln und Teppichen \u2013 dieser werks\u00fcberholte Kirby-Staubsauger liefert immer ein sauberes Ergebnis.<\/p>\n<h2>Der \u00dcberholungsprozess des Kirby G4 Grundlage\u00a0 \u00a0 <img decoding=\"async\" class=\"alignright wp-image-85974 \" src=\"https:\/\/www.veltec.eu\/wp-content\/uploads\/2018\/09\/Kirby-refurbished-1-180x180.png\" alt=\"Kirby G4 Grundlage\" width=\"222\" height=\"222\" srcset=\"https:\/\/www.veltec.eu\/wp-content\/uploads\/2018\/09\/Kirby-refurbished-1-180x180.png 180w, https:\/\/www.veltec.eu\/wp-content\/uploads\/2018\/09\/Kirby-refurbished-1-300x300.png 300w, https:\/\/www.veltec.eu\/wp-content\/uploads\/2018\/09\/Kirby-refurbished-1-80x80.png 80w, https:\/\/www.veltec.eu\/wp-content\/uploads\/2018\/09\/Kirby-refurbished-1-36x36.png 36w, https:\/\/www.veltec.eu\/wp-content\/uploads\/2018\/09\/Kirby-refurbished-1-120x120.png 120w, https:\/\/www.veltec.eu\/wp-content\/uploads\/2018\/09\/Kirby-refurbished-1-450x450.png 450w, https:\/\/www.veltec.eu\/wp-content\/uploads\/2018\/09\/Kirby-refurbished-1-600x600.png 600w, https:\/\/www.veltec.eu\/wp-content\/uploads\/2018\/09\/Kirby-refurbished-1-100x100.png 100w, https:\/\/www.veltec.eu\/wp-content\/uploads\/2018\/09\/Kirby-refurbished-1.png 626w\" sizes=\"(max-width: 222px) 100vw, 222px\" \/><\/h2>\n<p data-start=\"1541\" data-end=\"1868\">Warum sollten Sie einen Werkstatt\u00fcberholt Kirby G4 online kaufen? Alle unsere Modelle werden direkt aus England importiert, oft handelt es sich um Vorf\u00fchrmodelle von autorisierten H\u00e4ndlern. In unserer Werkstatt wird jeder Staubsauger einer gr\u00fcndlichen Inspektion unterzogen.<\/p>\n<h3 data-start=\"1870\" data-end=\"1913\">Welche Schritte werden unternommen?<\/h3>\n<ul data-start=\"1914\" data-end=\"2155\">\n<li data-start=\"1914\" data-end=\"1971\">Inspektion: Jedes Teil wird ausf\u00fchrlich getestet.<\/li>\n<li data-start=\"1972\" data-end=\"2070\">Reparatur und Austausch: Verschlissene Teile werden durch Originalteile von Kirby ersetzt.<\/li>\n<li data-start=\"2071\" data-end=\"2155\">Polieren und Reinigen: Das Geh\u00e4use und das Zubeh\u00f6r werden komplett \u00fcberholt.<\/li>\n<\/ul>\n<p data-start=\"2157\" data-end=\"2310\">Dieser Prozess garantiert, dass Sie einen Kirby G4 Grundlage mit Garantie erhalten, der technisch einwandfrei funktioniert und fast wie neu aussieht.<\/p>\n<h2>Warum sollten Sie die Kirby G4 Grundlage in unserem Webshop kaufen?<\/h2>\n<p data-start=\"2393\" data-end=\"2432\">Vier gute Gr\u00fcnde, jetzt zu bestellen:<\/p>\n<ul data-start=\"2433\" data-end=\"2835\">\n<li data-start=\"2433\" data-end=\"2498\">Bester Preis: Bis zu 80\u202f% g\u00fcnstiger als ein neues Modell.<\/li>\n<li data-start=\"2499\" data-end=\"2585\">Lange Lebensdauer: Kirby ist bekannt f\u00fcr seine Robustheit und Zuverl\u00e4ssigkeit.<\/li>\n<li data-start=\"2586\" data-end=\"2699\">Hervorragende Leistung: Leistungsstarker Motor und fortschrittliches Filtersystem f\u00fcr optimale Reinigung.<\/li>\n<li data-start=\"2700\" data-end=\"2835\">Nachhaltig und umweltfreundlich: Mit der Entscheidung f\u00fcr ein Werkstatt\u00fcberholt Modell tragen Sie zur Wiederverwendung bei.<\/li>\n<\/ul>\n<p data-start=\"2837\" data-end=\"3055\">Ist der Kirby G4\u00a0f\u00fcr jeden Haushalt geeignet? Ja! Mit seiner starken Saugkraft und seinem umfangreichen Zubeh\u00f6rpaket ist dieser Staubsauger ideal f\u00fcr Familien, Haustierbesitzer und sogar Reinigungsprofis.<\/p>\n<p data-start=\"3057\" data-end=\"3171\">Hier finden Sie weitere Informationen zu <a href=\"https:\/\/www.kirby-staubsauger-service.de\/kirby-staubsauger-kaufen\/\" target=\"_blank\" rel=\"noopener\">allem, was Sie \u00fcber den Kauf eines Kirby-Staubsaugers wissen m\u00fcssen.<\/a><\/p>\n<h2>Garantie f\u00fcr Kirby G4 Grundlage<\/h2>\n<p>Beim Kauf erhalten Sie 12 Monate Vollgarantie.<\/p>\n<p>Dar\u00fcber hinaus erhalten Sie standardm\u00e4\u00dfig:<\/p>\n<ul>\n<li>Eine 16-teilige Aufbewahrungsbox mit Zubeh\u00f6r.<\/li>\n<li>Eine breite Klopfd\u00fcse und einen patentierten Kirby-Au\u00dfenbeutel.<\/li>\n<\/ul>\n<p>M\u00f6chten Sie mehr Optionen? Zus\u00e4tzliches Zubeh\u00f6r und Ersatzteile k\u00f6nnen Sie ganz einfach online in unserem <a href=\"https:\/\/www.veltec.eu\/de\/kirby-laden\/\" target=\"_blank\" rel=\"noopener\">Kirby Laden<\/a> bestellen.<\/p>\n<p>Die 16-teilige Aufbewahrungsbox;<\/p>\n<div id=\"attachment_5503\" style=\"width: 582px\" class=\"wp-caption alignnone\"><img decoding=\"async\" aria-describedby=\"caption-attachment-5503\" class=\"wp-image-5503 size-full\" src=\"https:\/\/www.veltec.eu\/wp-content\/uploads\/2018\/10\/kit_2.jpg\" alt=\"Kirby G4\" width=\"572\" height=\"406\" srcset=\"https:\/\/www.veltec.eu\/wp-content\/uploads\/2018\/10\/kit_2.jpg 572w, https:\/\/www.veltec.eu\/wp-content\/uploads\/2018\/10\/kit_2-300x213.jpg 300w, https:\/\/www.veltec.eu\/wp-content\/uploads\/2018\/10\/kit_2-260x185.jpg 260w\" sizes=\"(max-width: 572px) 100vw, 572px\" \/><p id=\"caption-attachment-5503\" class=\"wp-caption-text\">Kirby G4 Grundlage<\/p><\/div>\n<p>M\u00f6chten Sie einen leistungsstarken, langlebigen und erschwinglichen Staubsauger kaufen? Dann warten Sie nicht l\u00e4nger und entscheiden Sie sich f\u00fcr den Kirby G4 Grundlage. Mit seiner hohen Leistung, langen Lebensdauer und seinem g\u00fcnstigen Preis ist er die ideale L\u00f6sung f\u00fcr ein sauberes und gesundes Zuhause. Bestellen Sie noch heute und Sie erhalten Ihren Kirby G4 innerhalb von 5-10 Werktagen nach Hause geliefert.<\/p>\n<p>*Der Kirby-Staubsauger wird mit einem europ\u00e4ischen Stecker geliefert. F\u00fcr die Verwendung in Gro\u00dfbritannien ben\u00f6tigen Sie einen Adapter oder einen neuen Stecker.<\/p>\n<p><a href=\"https:\/\/www.veltec.eu\/de\/kirby-g4-kaufen\/\" target=\"_blank\" rel=\"noopener\">Klicken Sie hier f\u00fcr weitere Informationen \u00fcber den Kirby G4.<\/a><\/p>\n","protected":false},"excerpt":{"rendered":"<p>Der Kirby G4 Grundlage ist ein Werkstatt\u00fcberholt Staubsauger mit starker Saugleistung und intelligentem Filtersystem f\u00fcr Teppiche, Holzb\u00f6den und M\u00f6bel. Ideal f\u00fcr Familien, Tierbesitzer und Profis.<\/p>\n[trustindex data-widget-id=31675542425128034566e10b5fb]\n<h3><span style=\"color: #008000;\"><br \/>\nVorr\u00e4tig<\/span><\/h3>\n[av_font_icon icon='ue812' font='entypo-fontello' style='' caption='' size='25px' position='left' color='#43ad66' link='' linktarget='' title_attr='' sonar_effect_effect='' sonar_effect_color='' sonar_effect_duration='1' sonar_effect_scale='' sonar_effect_opac='0.5' animation='' id='' custom_class='' template_class='' av_uid='' sc_version='1.0' admin_preview_bg=''][\/av_font_icon]\n<p><span style=\"color: #008000;\">Die Lieferzeit betr\u00e4gt zwischen 5-10 Arbeitstagen.<\/span><\/p>\n<p>&nbsp;<\/p>\n","protected":false},"featured_media":85959,"comment_status":"open","ping_status":"closed","template":"","meta":[],"product_brand":[],"product_cat":[410],"product_tag":[],"class_list":{"0":"post-12246","1":"product","2":"type-product","3":"status-publish","4":"has-post-thumbnail","6":"product_cat-kirby-staubsauger-uberholt","7":"product_shipping_class-groot-de","9":"first","10":"instock","11":"sale","12":"taxable","13":"shipping-taxable","14":"purchasable","15":"product-type-simple"},"yoast_head":"<!-- This site is optimized with the Yoast SEO Premium plugin v27.1 (Yoast SEO v27.3) - https:\/\/yoast.com\/product\/yoast-seo-premium-wordpress\/ -->\n<title>Kirby G4 Grundlage \u2013 Werkstatt\u00fcberholt Staubsauger<\/title>\n<meta name=\"description\" content=\"Der Kirby G4 Grundlage Werkstatt\u00fcberholt bietet starke Leistung, Langlebigkeit und bis zu 80\u202f% g\u00fcnstiger als ein neues Modell. 12 Monate Garantie inklusive.\" \/>\n<meta name=\"robots\" content=\"index, follow, max-snippet:-1, max-image-preview:large, max-video-preview:-1\" \/>\n<link rel=\"canonical\" href=\"https:\/\/www.veltec.eu\/de\/product\/kirby-g4-grundlage-nl3146\/\" \/>\n<meta property=\"og:locale\" content=\"de_DE\" \/>\n<meta property=\"og:type\" content=\"article\" \/>\n<meta property=\"og:title\" content=\"Kirby G4 Grundlage\" \/>\n<meta property=\"og:description\" content=\"Der Kirby G4 Grundlage ist ein Werkstatt\u00fcberholt Staubsauger mit starker Saugleistung und intelligentem Filtersystem f\u00fcr Teppiche, Holzb\u00f6den und M\u00f6bel. Ideal f\u00fcr Familien, Tierbesitzer und Profis.    Vorr\u00e4tig   Die Lieferzeit betr\u00e4gt zwischen 5-10 Arbeitstagen.  &nbsp;\" \/>\n<meta property=\"og:url\" content=\"https:\/\/www.veltec.eu\/de\/product\/kirby-g4-grundlage-nl3146\/\" \/>\n<meta property=\"og:site_name\" content=\"Veltec Kirby specialist\" \/>\n<meta property=\"article:publisher\" content=\"https:\/\/www.facebook.com\/Veltec-Kirby-Specialist-236746293374877\/\" \/>\n<meta property=\"article:modified_time\" content=\"2026-02-10T06:25:07+00:00\" \/>\n<meta property=\"og:image\" content=\"https:\/\/www.veltec.eu\/wp-content\/uploads\/2018\/09\/kirby-g4-2-1-1-1.png\" \/>\n\t<meta property=\"og:image:width\" content=\"600\" \/>\n\t<meta property=\"og:image:height\" content=\"600\" \/>\n\t<meta property=\"og:image:type\" content=\"image\/png\" \/>\n<meta name=\"twitter:card\" content=\"summary_large_image\" \/>\n<meta name=\"twitter:label1\" content=\"Gesch\u00e4tzte Lesezeit\" \/>\n\t<meta name=\"twitter:data1\" content=\"3\u00a0Minuten\" \/>\n<script type=\"application\/ld+json\" class=\"yoast-schema-graph\">{\"@context\":\"https:\\\/\\\/schema.org\",\"@graph\":[{\"@type\":\"WebPage\",\"@id\":\"https:\\\/\\\/www.veltec.eu\\\/de\\\/product\\\/kirby-g4-grundlage-nl3146\\\/\",\"url\":\"https:\\\/\\\/www.veltec.eu\\\/de\\\/product\\\/kirby-g4-grundlage-nl3146\\\/\",\"name\":\"Kirby G4 Grundlage \u2013 Werkstatt\u00fcberholt Staubsauger\",\"isPartOf\":{\"@id\":\"https:\\\/\\\/www.veltec.eu\\\/en\\\/#website\"},\"primaryImageOfPage\":{\"@id\":\"https:\\\/\\\/www.veltec.eu\\\/de\\\/product\\\/kirby-g4-grundlage-nl3146\\\/#primaryimage\"},\"image\":{\"@id\":\"https:\\\/\\\/www.veltec.eu\\\/de\\\/product\\\/kirby-g4-grundlage-nl3146\\\/#primaryimage\"},\"thumbnailUrl\":\"https:\\\/\\\/www.veltec.eu\\\/wp-content\\\/uploads\\\/2018\\\/09\\\/kirby-g4-2-1-1-1.png\",\"datePublished\":\"2018-09-24T12:05:35+00:00\",\"dateModified\":\"2026-02-10T06:25:07+00:00\",\"description\":\"Der Kirby G4 Grundlage Werkstatt\u00fcberholt bietet starke Leistung, Langlebigkeit und bis zu 80\u202f% g\u00fcnstiger als ein neues Modell. 12 Monate Garantie inklusive.\",\"breadcrumb\":{\"@id\":\"https:\\\/\\\/www.veltec.eu\\\/de\\\/product\\\/kirby-g4-grundlage-nl3146\\\/#breadcrumb\"},\"inLanguage\":\"de\",\"potentialAction\":[{\"@type\":\"ReadAction\",\"target\":[\"https:\\\/\\\/www.veltec.eu\\\/de\\\/product\\\/kirby-g4-grundlage-nl3146\\\/\"]}]},{\"@type\":\"ImageObject\",\"inLanguage\":\"de\",\"@id\":\"https:\\\/\\\/www.veltec.eu\\\/de\\\/product\\\/kirby-g4-grundlage-nl3146\\\/#primaryimage\",\"url\":\"https:\\\/\\\/www.veltec.eu\\\/wp-content\\\/uploads\\\/2018\\\/09\\\/kirby-g4-2-1-1-1.png\",\"contentUrl\":\"https:\\\/\\\/www.veltec.eu\\\/wp-content\\\/uploads\\\/2018\\\/09\\\/kirby-g4-2-1-1-1.png\",\"width\":600,\"height\":600},{\"@type\":\"BreadcrumbList\",\"@id\":\"https:\\\/\\\/www.veltec.eu\\\/de\\\/product\\\/kirby-g4-grundlage-nl3146\\\/#breadcrumb\",\"itemListElement\":[{\"@type\":\"ListItem\",\"position\":1,\"name\":\"Home\",\"item\":\"https:\\\/\\\/www.veltec.eu\\\/de\\\/\"},{\"@type\":\"ListItem\",\"position\":2,\"name\":\"Produits\",\"item\":\"https:\\\/\\\/www.veltec.eu\\\/fr\\\/shop\\\/\"},{\"@type\":\"ListItem\",\"position\":3,\"name\":\"Kirby G4 Grundlage\"}]},{\"@type\":\"WebSite\",\"@id\":\"https:\\\/\\\/www.veltec.eu\\\/en\\\/#website\",\"url\":\"https:\\\/\\\/www.veltec.eu\\\/en\\\/\",\"name\":\"Veltec Kirby specialist\",\"description\":\"Kirby stofzuiger producten\",\"publisher\":{\"@id\":\"https:\\\/\\\/www.veltec.eu\\\/en\\\/#organization\"},\"potentialAction\":[{\"@type\":\"SearchAction\",\"target\":{\"@type\":\"EntryPoint\",\"urlTemplate\":\"https:\\\/\\\/www.veltec.eu\\\/en\\\/?s={search_term_string}\"},\"query-input\":{\"@type\":\"PropertyValueSpecification\",\"valueRequired\":true,\"valueName\":\"search_term_string\"}}],\"inLanguage\":\"de\"},{\"@type\":\"Organization\",\"@id\":\"https:\\\/\\\/www.veltec.eu\\\/en\\\/#organization\",\"name\":\"Veltec Kirby Specialist\",\"url\":\"https:\\\/\\\/www.veltec.eu\\\/en\\\/\",\"logo\":{\"@type\":\"ImageObject\",\"inLanguage\":\"de\",\"@id\":\"https:\\\/\\\/www.veltec.eu\\\/en\\\/#\\\/schema\\\/logo\\\/image\\\/\",\"url\":\"https:\\\/\\\/www.veltec.eu\\\/wp-content\\\/uploads\\\/2021\\\/12\\\/Veltec-log-groot-e1537260889125.png\",\"contentUrl\":\"https:\\\/\\\/www.veltec.eu\\\/wp-content\\\/uploads\\\/2021\\\/12\\\/Veltec-log-groot-e1537260889125.png\",\"width\":200,\"height\":60,\"caption\":\"Veltec Kirby Specialist\"},\"image\":{\"@id\":\"https:\\\/\\\/www.veltec.eu\\\/en\\\/#\\\/schema\\\/logo\\\/image\\\/\"},\"sameAs\":[\"https:\\\/\\\/www.facebook.com\\\/Veltec-Kirby-Specialist-236746293374877\\\/\",\"https:\\\/\\\/www.youtube.com\\\/user\\\/VeltecService\"]}]}<\/script>\n<!-- \/ Yoast SEO Premium plugin. -->","yoast_head_json":{"title":"Kirby G4 Grundlage \u2013 Werkstatt\u00fcberholt Staubsauger","description":"Der Kirby G4 Grundlage Werkstatt\u00fcberholt bietet starke Leistung, Langlebigkeit und bis zu 80\u202f% g\u00fcnstiger als ein neues Modell. 12 Monate Garantie inklusive.","robots":{"index":"index","follow":"follow","max-snippet":"max-snippet:-1","max-image-preview":"max-image-preview:large","max-video-preview":"max-video-preview:-1"},"canonical":"https:\/\/www.veltec.eu\/de\/product\/kirby-g4-grundlage-nl3146\/","og_locale":"de_DE","og_type":"article","og_title":"Kirby G4 Grundlage","og_description":"Der Kirby G4 Grundlage ist ein Werkstatt\u00fcberholt Staubsauger mit starker Saugleistung und intelligentem Filtersystem f\u00fcr Teppiche, Holzb\u00f6den und M\u00f6bel. Ideal f\u00fcr Familien, Tierbesitzer und Profis.    Vorr\u00e4tig   Die Lieferzeit betr\u00e4gt zwischen 5-10 Arbeitstagen.  &nbsp;","og_url":"https:\/\/www.veltec.eu\/de\/product\/kirby-g4-grundlage-nl3146\/","og_site_name":"Veltec Kirby specialist","article_publisher":"https:\/\/www.facebook.com\/Veltec-Kirby-Specialist-236746293374877\/","article_modified_time":"2026-02-10T06:25:07+00:00","og_image":[{"width":600,"height":600,"url":"https:\/\/www.veltec.eu\/wp-content\/uploads\/2018\/09\/kirby-g4-2-1-1-1.png","type":"image\/png"}],"twitter_card":"summary_large_image","twitter_misc":{"Gesch\u00e4tzte Lesezeit":"3\u00a0Minuten"},"schema":{"@context":"https:\/\/schema.org","@graph":[{"@type":"WebPage","@id":"https:\/\/www.veltec.eu\/de\/product\/kirby-g4-grundlage-nl3146\/","url":"https:\/\/www.veltec.eu\/de\/product\/kirby-g4-grundlage-nl3146\/","name":"Kirby G4 Grundlage \u2013 Werkstatt\u00fcberholt Staubsauger","isPartOf":{"@id":"https:\/\/www.veltec.eu\/en\/#website"},"primaryImageOfPage":{"@id":"https:\/\/www.veltec.eu\/de\/product\/kirby-g4-grundlage-nl3146\/#primaryimage"},"image":{"@id":"https:\/\/www.veltec.eu\/de\/product\/kirby-g4-grundlage-nl3146\/#primaryimage"},"thumbnailUrl":"https:\/\/www.veltec.eu\/wp-content\/uploads\/2018\/09\/kirby-g4-2-1-1-1.png","datePublished":"2018-09-24T12:05:35+00:00","dateModified":"2026-02-10T06:25:07+00:00","description":"Der Kirby G4 Grundlage Werkstatt\u00fcberholt bietet starke Leistung, Langlebigkeit und bis zu 80\u202f% g\u00fcnstiger als ein neues Modell. 12 Monate Garantie inklusive.","breadcrumb":{"@id":"https:\/\/www.veltec.eu\/de\/product\/kirby-g4-grundlage-nl3146\/#breadcrumb"},"inLanguage":"de","potentialAction":[{"@type":"ReadAction","target":["https:\/\/www.veltec.eu\/de\/product\/kirby-g4-grundlage-nl3146\/"]}]},{"@type":"ImageObject","inLanguage":"de","@id":"https:\/\/www.veltec.eu\/de\/product\/kirby-g4-grundlage-nl3146\/#primaryimage","url":"https:\/\/www.veltec.eu\/wp-content\/uploads\/2018\/09\/kirby-g4-2-1-1-1.png","contentUrl":"https:\/\/www.veltec.eu\/wp-content\/uploads\/2018\/09\/kirby-g4-2-1-1-1.png","width":600,"height":600},{"@type":"BreadcrumbList","@id":"https:\/\/www.veltec.eu\/de\/product\/kirby-g4-grundlage-nl3146\/#breadcrumb","itemListElement":[{"@type":"ListItem","position":1,"name":"Home","item":"https:\/\/www.veltec.eu\/de\/"},{"@type":"ListItem","position":2,"name":"Produits","item":"https:\/\/www.veltec.eu\/fr\/shop\/"},{"@type":"ListItem","position":3,"name":"Kirby G4 Grundlage"}]},{"@type":"WebSite","@id":"https:\/\/www.veltec.eu\/en\/#website","url":"https:\/\/www.veltec.eu\/en\/","name":"Veltec Kirby specialist","description":"Kirby stofzuiger producten","publisher":{"@id":"https:\/\/www.veltec.eu\/en\/#organization"},"potentialAction":[{"@type":"SearchAction","target":{"@type":"EntryPoint","urlTemplate":"https:\/\/www.veltec.eu\/en\/?s={search_term_string}"},"query-input":{"@type":"PropertyValueSpecification","valueRequired":true,"valueName":"search_term_string"}}],"inLanguage":"de"},{"@type":"Organization","@id":"https:\/\/www.veltec.eu\/en\/#organization","name":"Veltec Kirby Specialist","url":"https:\/\/www.veltec.eu\/en\/","logo":{"@type":"ImageObject","inLanguage":"de","@id":"https:\/\/www.veltec.eu\/en\/#\/schema\/logo\/image\/","url":"https:\/\/www.veltec.eu\/wp-content\/uploads\/2021\/12\/Veltec-log-groot-e1537260889125.png","contentUrl":"https:\/\/www.veltec.eu\/wp-content\/uploads\/2021\/12\/Veltec-log-groot-e1537260889125.png","width":200,"height":60,"caption":"Veltec Kirby Specialist"},"image":{"@id":"https:\/\/www.veltec.eu\/en\/#\/schema\/logo\/image\/"},"sameAs":["https:\/\/www.facebook.com\/Veltec-Kirby-Specialist-236746293374877\/","https:\/\/www.youtube.com\/user\/VeltecService"]}]}},"_links":{"self":[{"href":"https:\/\/www.veltec.eu\/de\/wp-json\/wp\/v2\/product\/12246","targetHints":{"allow":["GET"]}}],"collection":[{"href":"https:\/\/www.veltec.eu\/de\/wp-json\/wp\/v2\/product"}],"about":[{"href":"https:\/\/www.veltec.eu\/de\/wp-json\/wp\/v2\/types\/product"}],"replies":[{"embeddable":true,"href":"https:\/\/www.veltec.eu\/de\/wp-json\/wp\/v2\/comments?post=12246"}],"wp:featuredmedia":[{"embeddable":true,"href":"https:\/\/www.veltec.eu\/de\/wp-json\/wp\/v2\/media\/85959"}],"wp:attachment":[{"href":"https:\/\/www.veltec.eu\/de\/wp-json\/wp\/v2\/media?parent=12246"}],"wp:term":[{"taxonomy":"product_brand","embeddable":true,"href":"https:\/\/www.veltec.eu\/de\/wp-json\/wp\/v2\/product_brand?post=12246"},{"taxonomy":"product_cat","embeddable":true,"href":"https:\/\/www.veltec.eu\/de\/wp-json\/wp\/v2\/product_cat?post=12246"},{"taxonomy":"product_tag","embeddable":true,"href":"https:\/\/www.veltec.eu\/de\/wp-json\/wp\/v2\/product_tag?post=12246"}],"curies":[{"name":"wp","href":"https:\/\/api.w.org\/{rel}","templated":true}]}}