{"id":12213,"date":"2018-09-25T12:37:11","date_gmt":"2018-09-25T10:37:11","guid":{"rendered":"https:\/\/www.veltec.eu\/kirby-webshop\/kirby-staubsaugerbeutel-allergen-universal-style-2x-nl112233\/"},"modified":"2025-11-08T17:23:11","modified_gmt":"2025-11-08T15:23:11","slug":"kirby-staubsaugerbeutel-micron-magic-2x-nl112233","status":"publish","type":"product","link":"https:\/\/www.veltec.eu\/de\/product\/kirby-staubsaugerbeutel-micron-magic-2x-nl112233\/","title":{"rendered":"Kirby staubsaugerbeutel Micron Magic 2x"},"content":{"rendered":"<h1 data-start=\"206\" data-end=\"287\">Kirby Staubsaugerbeutel Micron Magic 2x \u2013 Perfekte Ersatzbeutel f\u00fcr Ihren Kirby<\/h1>\n<p data-start=\"289\" data-end=\"716\">Die Kirby Staubsaugerbeutel Micron Magic 2x sind die ideale Wahl f\u00fcr alle, die ihren Staubsauger hygienisch und leistungsstark halten m\u00f6chten. Diese hochwertigen Beutel ersetzen klassische Papierbeutel und bieten bessere Filtration, gr\u00f6\u00dfere Kapazit\u00e4t und l\u00e4ngere Lebensdauer. Egal, ob Sie einen Kirby Avalir, Sentria oder ein \u00e4lteres Generation-Modell besitzen \u2013 diese Beutel passen immer perfekt.<\/p>\n<h2 data-start=\"723\" data-end=\"775\">Was sind Kirby Staubsaugerbeutel Micron Magic 2x?<\/h2>\n<p data-start=\"777\" data-end=\"1085\">Die Kirby Micron Magic Staubsaugerbeutel fangen Staub, Schmutz und Allergene zuverl\u00e4ssig auf, ohne die Saugkraft zu reduzieren. Die dreilagige HEPA-Filtertechnologie filtert bis zu 99,97 % feinster Staubpartikel. Das Ergebnis: sauberere Luft, weniger allergische Reaktionen und ein frisches Zuhause.<\/p>\n<p data-start=\"1087\" data-end=\"1228\"><a href=\"https:\/\/www.veltec.eu\/de\/kirby-staubsaugerbeutel\/\">Entdecken Sie auch unsere gesamte Auswahl an Kirby Staubsaugerbeuteln<\/a><\/p>\n<p data-start=\"1230\" data-end=\"1383\">Kompatibel mit allen wichtigen Kirby Modellen: Avalir Platinum, Avalir 2, Avalir 1, Sentria 1 &amp; 2, Ultimate G, Ultimate G Diamond, Generation 3\u20136 und G5.<\/p>\n<h2 data-start=\"1390\" data-end=\"1446\">Wof\u00fcr dienen Kirby Micron Magic 2x Staubsaugerbeutel?<\/h2>\n<p data-start=\"1448\" data-end=\"1710\">Die Beutel sorgen f\u00fcr optimale Filtration und konstanten Luftstrom in Ihrem Kirby Staubsauger. So bleibt die Saugkraft stabil, selbst wenn der Beutel voll ist. Dank der 110 % verbesserten Luftzirkulation arbeiten sie effizienter als \u00e4ltere Modelle.<\/p>\n<p data-start=\"1712\" data-end=\"1868\">Au\u00dferdem sch\u00fctzen sie den Motor, indem sie verhindern, dass Staub und Schmutz in das Ger\u00e4t gelangen \u2013 das verl\u00e4ngert die Lebensdauer Ihres Kirby deutlich.<\/p>\n<p data-start=\"1870\" data-end=\"2005\">Lesen Sie mehr in unserem Blog: <a class=\"decorated-link cursor-pointer\" href=\"https:\/\/www.kirby-staubsauger-service.de\/warum-original-staubsaugerbeutel-von-kirby-kaufen\/\" target=\"_new\" rel=\"noopener\" data-start=\"1905\" data-end=\"2005\">Warum originale Kirby-Beutel den Unterschied machen<\/a><\/p>\n<h2 data-start=\"2012\" data-end=\"2077\">Wie verwendet man die Kirby Staubsaugerbeutel Micron Magic 2x?<\/h2>\n<p data-start=\"2079\" data-end=\"2157\">Das Austauschen der Kirby Micron Magic Staubsaugerbeutel ist einfach:<\/p>\n<ol data-start=\"2159\" data-end=\"2355\">\n<li data-start=\"2159\" data-end=\"2203\">\u00d6ffnen Sie die Au\u00dfenklappe Ihres Kirby.<\/li>\n<li data-start=\"2204\" data-end=\"2252\">Entfernen Sie vorsichtig den vollen Beutel.<\/li>\n<li data-start=\"2253\" data-end=\"2309\">Setzen Sie den neuen Beutel fest auf die Halterung.<\/li>\n<li data-start=\"2310\" data-end=\"2355\">Schlie\u00dfen Sie die Au\u00dfenklappe luftdicht.<\/li>\n<\/ol>\n<p data-start=\"2357\" data-end=\"2467\">Dank der 15 % gr\u00f6\u00dferen Kapazit\u00e4t m\u00fcssen Sie den Beutel weniger h\u00e4ufig wechseln, was Zeit und Geld spart.<\/p>\n<p data-start=\"2469\" data-end=\"2590\">Schritt-f\u00fcr-Schritt-Videoanleitung: <a class=\"decorated-link cursor-pointer\" target=\"_new\" rel=\"noopener\" data-start=\"2508\" data-end=\"2590\">Kirby Staubsaugerbeutel wechseln<\/a><\/p>\n<p data-start=\"2469\" data-end=\"2590\"><div  class='avia-video av-s4sql1-0419b16b042a4cdf5062930c9fdceb57 avia-video-16-9 av-no-preview-image avia-video-load-always av-lazyload-immediate av-lazyload-video-embed'  itemprop=\"video\" itemtype=\"https:\/\/schema.org\/VideoObject\"  data-original_url='https:\/\/youtu.be\/UC8epbwp85E?list=UULF-xfmletLNRpv4lLhuytt3A'><script type='text\/html' class='av-video-tmpl'><div class='avia-iframe-wrap'><iframe loading=\"lazy\" title=\"Kirby Staubsauger Veltec - Kirby Staubsaugerbeutel verfangen\" width=\"1500\" height=\"844\" src=\"https:\/\/www.youtube.com\/embed\/UC8epbwp85E?list=UULF-xfmletLNRpv4lLhuytt3A&autoplay=0&loop=0&controls=1&mute=0\" frameborder=\"0\" allow=\"accelerometer; autoplay; clipboard-write; encrypted-media; gyroscope; picture-in-picture; web-share\" referrerpolicy=\"strict-origin-when-cross-origin\" allowfullscreen><\/iframe><\/div><\/script><div class='av-click-to-play-overlay'><div class=\"avia_playpause_icon\"><\/div><\/div><\/div><\/p>\n<h2 data-start=\"2597\" data-end=\"2629\">Technische Aspekte und Pflege<\/h2>\n<p data-start=\"2631\" data-end=\"2885\">Die Micron Magic Beutel bestehen aus dreilagigem HEPA-Mikrofiltermaterial, das ultrafeinen Staub, Pollen und Allergene aufnimmt. Die \u00e4u\u00dfere Schicht ist robust und rei\u00dffest, wodurch Verstopfungen verhindert und die Luftzirkulation optimiert wird.<\/p>\n<p data-start=\"2887\" data-end=\"2918\">Vorteile auf einen Blick:<\/p>\n<ul data-start=\"2919\" data-end=\"3094\">\n<li data-start=\"2919\" data-end=\"2949\">Dreilagige HEPA-Filtration<\/li>\n<li data-start=\"2950\" data-end=\"2987\">110 % verbesserte Luftzirkulation<\/li>\n<li data-start=\"2988\" data-end=\"3014\">15 % gr\u00f6\u00dfere Kapazit\u00e4t<\/li>\n<li data-start=\"3015\" data-end=\"3048\">Robustes, rei\u00dffestes Material<\/li>\n<li data-start=\"3049\" data-end=\"3094\">Universell passend f\u00fcr alle Kirby-Modelle<\/li>\n<\/ul>\n<h2 data-start=\"3101\" data-end=\"3118\">Wann ersetzen?<\/h2>\n<p data-start=\"3120\" data-end=\"3427\">Wechseln Sie die Kirby Micron Magic Beutel, sobald sie zu 80\u201390 % gef\u00fcllt sind oder die Saugkraft nachl\u00e4sst. Ein \u00fcberf\u00fcllter Beutel belastet den Motor unn\u00f6tig. Gut gepflegte Beutel garantieren konstante Saugleistung, verl\u00e4ngern die Lebensdauer des Ger\u00e4ts und sorgen f\u00fcr eine ges\u00fcndere Umgebung.<\/p>\n<p data-start=\"3429\" data-end=\"3579\">Mehr Infos: <a class=\"decorated-link cursor-pointer\" href=\"https:\/\/www.kirby-staubsauger-service.de\/kirby-staubsaugerbeutel\/\" target=\"_new\" rel=\"noopener\" data-start=\"3444\" data-end=\"3579\">Alles \u00fcber Kirby Staubsaugerbeutel \u2013 Leitfaden f\u00fcr saubere Luft und maximale Saugkraft<\/a><\/p>\n<p data-start=\"3586\" data-end=\"3766\">Die Kirby Staubsaugerbeutel Micron Magic sind die perfekte Wahl f\u00fcr jeden Kirby-Besitzer, der saubere Luft, maximale Saugkraft und langlebige Leistung w\u00fcnscht.<\/p>\n<p>Bestellen Sie jetzt Ihre Kirby Micron Magic 2x Staubsaugerbeutel auf <a class=\"decorated-link cursor-pointer\" target=\"_new\" rel=\"noopener\" data-start=\"4185\" data-end=\"4257\">Kirby Staubsauger Specialist<\/a> und erleben Sie den Unterschied selbst!<\/p>\n<p>&nbsp;<\/p>\n","protected":false},"excerpt":{"rendered":"<p>Die Kirby Staubsaugerbeutel Micron Magic 2x bieten effiziente HEPA-Filtration, 15\u202f% mehr Kapazit\u00e4t und passen auf alle Kirby Modelle \u2013 f\u00fcr saubere Luft und maximale Saugkraft.<\/p>\n[trustindex data-widget-id=31675542425128034566e10b5fb]\n<h3><span style=\"color: #008000;\"><br \/>\nVorr\u00e4tig<\/span><\/h3>\n[av_font_icon icon='ue812' font='entypo-fontello' style='' caption='' size='25px' position='left' color='#43ad66' link='' linktarget='' title_attr='' sonar_effect_effect='' sonar_effect_color='' sonar_effect_duration='1' sonar_effect_scale='' sonar_effect_opac='0.5' animation='' id='' custom_class='' template_class='' av_uid='' sc_version='1.0' admin_preview_bg=''][\/av_font_icon]\n<p><span style=\"color: #008000;\">Vor 23:59 uhr bestellt, morgen versendet<\/span><\/p>\n[av_font_icon icon='ue812' font='entypo-fontello' style='' caption='' size='25px' position='left' color='#43ad66' link='' linktarget='' title_attr='' sonar_effect_effect='' sonar_effect_color='' sonar_effect_duration='1' sonar_effect_scale='' sonar_effect_opac='0.5' animation='' id='' custom_class='' template_class='' av_uid='' sc_version='1.0' admin_preview_bg=''][\/av_font_icon]\n<p><span style=\"color: #008000;\">Diese Kirby Staubsaugerbeutel sind f\u00fcr jeden Kirby Staubsauger geeignet<\/span><\/p>\n<p>&nbsp;<\/p>\n","protected":false},"featured_media":54411,"comment_status":"open","ping_status":"closed","template":"","meta":[],"product_brand":[],"product_cat":[277],"product_tag":[688],"class_list":{"0":"post-12213","1":"product","2":"type-product","3":"status-publish","4":"has-post-thumbnail","6":"product_cat-kirby-staubsaugerbeutel","7":"product_tag-kirby-staubsaugerbeutel","8":"product_shipping_class-klein-de","10":"first","11":"instock","12":"taxable","13":"shipping-taxable","14":"purchasable","15":"product-type-simple"},"yoast_head":"<!-- This site is optimized with the Yoast SEO Premium plugin v27.1 (Yoast SEO v27.4) - https:\/\/yoast.com\/product\/yoast-seo-premium-wordpress\/ -->\n<title>Kirby Staubsaugerbeutel Micron Magic 2x \u2013 HEPA Filter<\/title>\n<meta name=\"description\" content=\"Kirby Micron Magic 2x Staubsaugerbeutel mit HEPA-Filtration, 15\u202f% mehr Kapazit\u00e4t und universell passend f\u00fcr alle Kirby Modelle.\" \/>\n<meta name=\"robots\" content=\"index, follow, max-snippet:-1, max-image-preview:large, max-video-preview:-1\" \/>\n<link rel=\"canonical\" href=\"https:\/\/www.veltec.eu\/de\/product\/kirby-staubsaugerbeutel-micron-magic-2x-nl112233\/\" \/>\n<meta property=\"og:locale\" content=\"de_DE\" \/>\n<meta property=\"og:type\" content=\"article\" \/>\n<meta property=\"og:title\" content=\"Kirby staubsaugerbeutel Micron Magic 2x\" \/>\n<meta property=\"og:description\" content=\"Die Kirby Staubsaugerbeutel Micron Magic 2x bieten effiziente HEPA-Filtration, 15\u202f% mehr Kapazit\u00e4t und passen auf alle Kirby Modelle \u2013 f\u00fcr saubere Luft und maximale Saugkraft.    Vorr\u00e4tig   Vor 23:59 uhr bestellt, morgen versendet    Diese Kirby Staubsaugerbeutel sind f\u00fcr jeden Kirby Staubsauger geeignet  &nbsp;\" \/>\n<meta property=\"og:url\" content=\"https:\/\/www.veltec.eu\/de\/product\/kirby-staubsaugerbeutel-micron-magic-2x-nl112233\/\" \/>\n<meta property=\"og:site_name\" content=\"Veltec Kirby specialist\" \/>\n<meta property=\"article:publisher\" content=\"https:\/\/www.facebook.com\/Veltec-Kirby-Specialist-236746293374877\/\" \/>\n<meta property=\"article:modified_time\" content=\"2025-11-08T15:23:11+00:00\" \/>\n<meta property=\"og:image\" content=\"https:\/\/www.veltec.eu\/wp-content\/uploads\/2018\/09\/Kirby-stofzuigerzakken-micron-magic-2x.jpg\" \/>\n\t<meta property=\"og:image:width\" content=\"500\" \/>\n\t<meta property=\"og:image:height\" content=\"500\" \/>\n\t<meta property=\"og:image:type\" content=\"image\/jpeg\" \/>\n<meta name=\"twitter:card\" content=\"summary_large_image\" \/>\n<meta name=\"twitter:label1\" content=\"Gesch\u00e4tzte Lesezeit\" \/>\n\t<meta name=\"twitter:data1\" content=\"3\u00a0Minuten\" \/>\n<script type=\"application\/ld+json\" class=\"yoast-schema-graph\">{\"@context\":\"https:\\\/\\\/schema.org\",\"@graph\":[{\"@type\":\"WebPage\",\"@id\":\"https:\\\/\\\/www.veltec.eu\\\/de\\\/product\\\/kirby-staubsaugerbeutel-micron-magic-2x-nl112233\\\/\",\"url\":\"https:\\\/\\\/www.veltec.eu\\\/de\\\/product\\\/kirby-staubsaugerbeutel-micron-magic-2x-nl112233\\\/\",\"name\":\"Kirby Staubsaugerbeutel Micron Magic 2x \u2013 HEPA Filter\",\"isPartOf\":{\"@id\":\"https:\\\/\\\/www.veltec.eu\\\/en\\\/#website\"},\"primaryImageOfPage\":{\"@id\":\"https:\\\/\\\/www.veltec.eu\\\/de\\\/product\\\/kirby-staubsaugerbeutel-micron-magic-2x-nl112233\\\/#primaryimage\"},\"image\":{\"@id\":\"https:\\\/\\\/www.veltec.eu\\\/de\\\/product\\\/kirby-staubsaugerbeutel-micron-magic-2x-nl112233\\\/#primaryimage\"},\"thumbnailUrl\":\"https:\\\/\\\/www.veltec.eu\\\/wp-content\\\/uploads\\\/2018\\\/09\\\/Kirby-stofzuigerzakken-micron-magic-2x.jpg\",\"datePublished\":\"2018-09-25T10:37:11+00:00\",\"dateModified\":\"2025-11-08T15:23:11+00:00\",\"description\":\"Kirby Micron Magic 2x Staubsaugerbeutel mit HEPA-Filtration, 15\u202f% mehr Kapazit\u00e4t und universell passend f\u00fcr alle Kirby Modelle.\",\"breadcrumb\":{\"@id\":\"https:\\\/\\\/www.veltec.eu\\\/de\\\/product\\\/kirby-staubsaugerbeutel-micron-magic-2x-nl112233\\\/#breadcrumb\"},\"inLanguage\":\"de\",\"potentialAction\":[{\"@type\":\"ReadAction\",\"target\":[\"https:\\\/\\\/www.veltec.eu\\\/de\\\/product\\\/kirby-staubsaugerbeutel-micron-magic-2x-nl112233\\\/\"]}]},{\"@type\":\"ImageObject\",\"inLanguage\":\"de\",\"@id\":\"https:\\\/\\\/www.veltec.eu\\\/de\\\/product\\\/kirby-staubsaugerbeutel-micron-magic-2x-nl112233\\\/#primaryimage\",\"url\":\"https:\\\/\\\/www.veltec.eu\\\/wp-content\\\/uploads\\\/2018\\\/09\\\/Kirby-stofzuigerzakken-micron-magic-2x.jpg\",\"contentUrl\":\"https:\\\/\\\/www.veltec.eu\\\/wp-content\\\/uploads\\\/2018\\\/09\\\/Kirby-stofzuigerzakken-micron-magic-2x.jpg\",\"width\":500,\"height\":500},{\"@type\":\"BreadcrumbList\",\"@id\":\"https:\\\/\\\/www.veltec.eu\\\/de\\\/product\\\/kirby-staubsaugerbeutel-micron-magic-2x-nl112233\\\/#breadcrumb\",\"itemListElement\":[{\"@type\":\"ListItem\",\"position\":1,\"name\":\"Home\",\"item\":\"https:\\\/\\\/www.veltec.eu\\\/de\\\/\"},{\"@type\":\"ListItem\",\"position\":2,\"name\":\"Produits\",\"item\":\"https:\\\/\\\/www.veltec.eu\\\/fr\\\/shop\\\/\"},{\"@type\":\"ListItem\",\"position\":3,\"name\":\"Kirby staubsaugerbeutel Micron Magic 2x\"}]},{\"@type\":\"WebSite\",\"@id\":\"https:\\\/\\\/www.veltec.eu\\\/en\\\/#website\",\"url\":\"https:\\\/\\\/www.veltec.eu\\\/en\\\/\",\"name\":\"Veltec Kirby specialist\",\"description\":\"Kirby stofzuiger producten\",\"publisher\":{\"@id\":\"https:\\\/\\\/www.veltec.eu\\\/en\\\/#organization\"},\"potentialAction\":[{\"@type\":\"SearchAction\",\"target\":{\"@type\":\"EntryPoint\",\"urlTemplate\":\"https:\\\/\\\/www.veltec.eu\\\/en\\\/?s={search_term_string}\"},\"query-input\":{\"@type\":\"PropertyValueSpecification\",\"valueRequired\":true,\"valueName\":\"search_term_string\"}}],\"inLanguage\":\"de\"},{\"@type\":\"Organization\",\"@id\":\"https:\\\/\\\/www.veltec.eu\\\/en\\\/#organization\",\"name\":\"Veltec Kirby Specialist\",\"url\":\"https:\\\/\\\/www.veltec.eu\\\/en\\\/\",\"logo\":{\"@type\":\"ImageObject\",\"inLanguage\":\"de\",\"@id\":\"https:\\\/\\\/www.veltec.eu\\\/en\\\/#\\\/schema\\\/logo\\\/image\\\/\",\"url\":\"https:\\\/\\\/www.veltec.eu\\\/wp-content\\\/uploads\\\/2021\\\/12\\\/Veltec-log-groot-e1537260889125.png\",\"contentUrl\":\"https:\\\/\\\/www.veltec.eu\\\/wp-content\\\/uploads\\\/2021\\\/12\\\/Veltec-log-groot-e1537260889125.png\",\"width\":200,\"height\":60,\"caption\":\"Veltec Kirby Specialist\"},\"image\":{\"@id\":\"https:\\\/\\\/www.veltec.eu\\\/en\\\/#\\\/schema\\\/logo\\\/image\\\/\"},\"sameAs\":[\"https:\\\/\\\/www.facebook.com\\\/Veltec-Kirby-Specialist-236746293374877\\\/\",\"https:\\\/\\\/www.youtube.com\\\/user\\\/VeltecService\"]}]}<\/script>\n<!-- \/ Yoast SEO Premium plugin. -->","yoast_head_json":{"title":"Kirby Staubsaugerbeutel Micron Magic 2x \u2013 HEPA Filter","description":"Kirby Micron Magic 2x Staubsaugerbeutel mit HEPA-Filtration, 15\u202f% mehr Kapazit\u00e4t und universell passend f\u00fcr alle Kirby Modelle.","robots":{"index":"index","follow":"follow","max-snippet":"max-snippet:-1","max-image-preview":"max-image-preview:large","max-video-preview":"max-video-preview:-1"},"canonical":"https:\/\/www.veltec.eu\/de\/product\/kirby-staubsaugerbeutel-micron-magic-2x-nl112233\/","og_locale":"de_DE","og_type":"article","og_title":"Kirby staubsaugerbeutel Micron Magic 2x","og_description":"Die Kirby Staubsaugerbeutel Micron Magic 2x bieten effiziente HEPA-Filtration, 15\u202f% mehr Kapazit\u00e4t und passen auf alle Kirby Modelle \u2013 f\u00fcr saubere Luft und maximale Saugkraft.    Vorr\u00e4tig   Vor 23:59 uhr bestellt, morgen versendet    Diese Kirby Staubsaugerbeutel sind f\u00fcr jeden Kirby Staubsauger geeignet  &nbsp;","og_url":"https:\/\/www.veltec.eu\/de\/product\/kirby-staubsaugerbeutel-micron-magic-2x-nl112233\/","og_site_name":"Veltec Kirby specialist","article_publisher":"https:\/\/www.facebook.com\/Veltec-Kirby-Specialist-236746293374877\/","article_modified_time":"2025-11-08T15:23:11+00:00","og_image":[{"width":500,"height":500,"url":"https:\/\/www.veltec.eu\/wp-content\/uploads\/2018\/09\/Kirby-stofzuigerzakken-micron-magic-2x.jpg","type":"image\/jpeg"}],"twitter_card":"summary_large_image","twitter_misc":{"Gesch\u00e4tzte Lesezeit":"3\u00a0Minuten"},"schema":{"@context":"https:\/\/schema.org","@graph":[{"@type":"WebPage","@id":"https:\/\/www.veltec.eu\/de\/product\/kirby-staubsaugerbeutel-micron-magic-2x-nl112233\/","url":"https:\/\/www.veltec.eu\/de\/product\/kirby-staubsaugerbeutel-micron-magic-2x-nl112233\/","name":"Kirby Staubsaugerbeutel Micron Magic 2x \u2013 HEPA Filter","isPartOf":{"@id":"https:\/\/www.veltec.eu\/en\/#website"},"primaryImageOfPage":{"@id":"https:\/\/www.veltec.eu\/de\/product\/kirby-staubsaugerbeutel-micron-magic-2x-nl112233\/#primaryimage"},"image":{"@id":"https:\/\/www.veltec.eu\/de\/product\/kirby-staubsaugerbeutel-micron-magic-2x-nl112233\/#primaryimage"},"thumbnailUrl":"https:\/\/www.veltec.eu\/wp-content\/uploads\/2018\/09\/Kirby-stofzuigerzakken-micron-magic-2x.jpg","datePublished":"2018-09-25T10:37:11+00:00","dateModified":"2025-11-08T15:23:11+00:00","description":"Kirby Micron Magic 2x Staubsaugerbeutel mit HEPA-Filtration, 15\u202f% mehr Kapazit\u00e4t und universell passend f\u00fcr alle Kirby Modelle.","breadcrumb":{"@id":"https:\/\/www.veltec.eu\/de\/product\/kirby-staubsaugerbeutel-micron-magic-2x-nl112233\/#breadcrumb"},"inLanguage":"de","potentialAction":[{"@type":"ReadAction","target":["https:\/\/www.veltec.eu\/de\/product\/kirby-staubsaugerbeutel-micron-magic-2x-nl112233\/"]}]},{"@type":"ImageObject","inLanguage":"de","@id":"https:\/\/www.veltec.eu\/de\/product\/kirby-staubsaugerbeutel-micron-magic-2x-nl112233\/#primaryimage","url":"https:\/\/www.veltec.eu\/wp-content\/uploads\/2018\/09\/Kirby-stofzuigerzakken-micron-magic-2x.jpg","contentUrl":"https:\/\/www.veltec.eu\/wp-content\/uploads\/2018\/09\/Kirby-stofzuigerzakken-micron-magic-2x.jpg","width":500,"height":500},{"@type":"BreadcrumbList","@id":"https:\/\/www.veltec.eu\/de\/product\/kirby-staubsaugerbeutel-micron-magic-2x-nl112233\/#breadcrumb","itemListElement":[{"@type":"ListItem","position":1,"name":"Home","item":"https:\/\/www.veltec.eu\/de\/"},{"@type":"ListItem","position":2,"name":"Produits","item":"https:\/\/www.veltec.eu\/fr\/shop\/"},{"@type":"ListItem","position":3,"name":"Kirby staubsaugerbeutel Micron Magic 2x"}]},{"@type":"WebSite","@id":"https:\/\/www.veltec.eu\/en\/#website","url":"https:\/\/www.veltec.eu\/en\/","name":"Veltec Kirby specialist","description":"Kirby stofzuiger producten","publisher":{"@id":"https:\/\/www.veltec.eu\/en\/#organization"},"potentialAction":[{"@type":"SearchAction","target":{"@type":"EntryPoint","urlTemplate":"https:\/\/www.veltec.eu\/en\/?s={search_term_string}"},"query-input":{"@type":"PropertyValueSpecification","valueRequired":true,"valueName":"search_term_string"}}],"inLanguage":"de"},{"@type":"Organization","@id":"https:\/\/www.veltec.eu\/en\/#organization","name":"Veltec Kirby Specialist","url":"https:\/\/www.veltec.eu\/en\/","logo":{"@type":"ImageObject","inLanguage":"de","@id":"https:\/\/www.veltec.eu\/en\/#\/schema\/logo\/image\/","url":"https:\/\/www.veltec.eu\/wp-content\/uploads\/2021\/12\/Veltec-log-groot-e1537260889125.png","contentUrl":"https:\/\/www.veltec.eu\/wp-content\/uploads\/2021\/12\/Veltec-log-groot-e1537260889125.png","width":200,"height":60,"caption":"Veltec Kirby Specialist"},"image":{"@id":"https:\/\/www.veltec.eu\/en\/#\/schema\/logo\/image\/"},"sameAs":["https:\/\/www.facebook.com\/Veltec-Kirby-Specialist-236746293374877\/","https:\/\/www.youtube.com\/user\/VeltecService"]}]}},"_links":{"self":[{"href":"https:\/\/www.veltec.eu\/de\/wp-json\/wp\/v2\/product\/12213","targetHints":{"allow":["GET"]}}],"collection":[{"href":"https:\/\/www.veltec.eu\/de\/wp-json\/wp\/v2\/product"}],"about":[{"href":"https:\/\/www.veltec.eu\/de\/wp-json\/wp\/v2\/types\/product"}],"replies":[{"embeddable":true,"href":"https:\/\/www.veltec.eu\/de\/wp-json\/wp\/v2\/comments?post=12213"}],"wp:featuredmedia":[{"embeddable":true,"href":"https:\/\/www.veltec.eu\/de\/wp-json\/wp\/v2\/media\/54411"}],"wp:attachment":[{"href":"https:\/\/www.veltec.eu\/de\/wp-json\/wp\/v2\/media?parent=12213"}],"wp:term":[{"taxonomy":"product_brand","embeddable":true,"href":"https:\/\/www.veltec.eu\/de\/wp-json\/wp\/v2\/product_brand?post=12213"},{"taxonomy":"product_cat","embeddable":true,"href":"https:\/\/www.veltec.eu\/de\/wp-json\/wp\/v2\/product_cat?post=12213"},{"taxonomy":"product_tag","embeddable":true,"href":"https:\/\/www.veltec.eu\/de\/wp-json\/wp\/v2\/product_tag?post=12213"}],"curies":[{"name":"wp","href":"https:\/\/api.w.org\/{rel}","templated":true}]}}