{"id":12194,"date":"2018-10-15T15:18:25","date_gmt":"2018-10-15T13:18:25","guid":{"rendered":"https:\/\/www.veltec.eu\/kirby-webshop\/kirby-g8-diamond-nl3150\/"},"modified":"2026-02-10T08:21:16","modified_gmt":"2026-02-10T06:21:16","slug":"kirby-diamond-g8-grundlage-nl3150","status":"publish","type":"product","link":"https:\/\/www.veltec.eu\/de\/product\/kirby-diamond-g8-grundlage-nl3150\/","title":{"rendered":"Kirby Diamond (G8) Grundlage"},"content":{"rendered":"<h1 data-start=\"242\" data-end=\"296\">Kirby Diamond (G8) Grundlage \u2013 Werkstatt\u00fcberholt<\/h1>\n<p data-start=\"298\" data-end=\"798\">Die Kirby Diamond (G8) Grundlage bietet eine au\u00dfergew\u00f6hnliche Kombination aus Leistung, Langlebigkeit und Bedienkomfort. Da dieses Modell zwischen 2004 und 2006 produziert wurde, entscheiden Sie sich f\u00fcr ein Ger\u00e4t, das f\u00fcr seine bew\u00e4hrte Qualit\u00e4t bekannt ist. Gleichzeitig profitieren Sie dank der Werkstatt\u00fcberholung von einem technisch und optisch vollst\u00e4ndig aufgearbeiteten Ger\u00e4t. Dadurch genie\u00dfen Sie die Vorteile eines Premium-Staubsaugers, ohne den Preis eines Neumodells zahlen zu m\u00fcssen.<\/p>\n<h2 data-start=\"800\" data-end=\"855\">Warum die Kirby Diamond \u00fcberzeugt<\/h2>\n<p data-start=\"856\" data-end=\"1372\">Die Kirby Diamond (G8) Grundlage hebt sich deutlich von Vorg\u00e4ngermodellen wie der G4 oder G5 ab, da sie mit einem einstellbaren Drehzahlregler ausgestattet ist. Dadurch passen Sie die Saugleistung pr\u00e4zise an Vorh\u00e4nge, M\u00f6bel oder Teppiche an. Zudem sorgt diese Funktion f\u00fcr einen leiseren Betrieb, was besonders in Haushalten mit Kindern oder Haustieren von Vorteil ist. Gleichzeitig gew\u00e4hrleistet der Tech-Drive-Antrieb, dass sich der Staubsauger m\u00fchelos vor- und zur\u00fcckbewegen l\u00e4sst \u2013 unabh\u00e4ngig vom Bodenbelag.<\/p>\n<h2 data-start=\"1374\" data-end=\"1439\">Energieeffizientes Design der Kirby Diamond<\/h2>\n<p data-start=\"1440\" data-end=\"1909\">Da der Motor lediglich 600 Watt verbraucht, profitieren Sie von hoher Leistung bei deutlich reduziertem Energieverbrauch. Dadurch sparen Sie sp\u00fcrbar Energiekosten, w\u00e4hrend Sie dennoch eine intensive Tiefenreinigung erzielen. Kirby ist weltweit f\u00fcr seine au\u00dfergew\u00f6hnliche Lebensdauer bekannt; bei richtiger Wartung h\u00e4lt ein Kirby-Staubsauger oft mehrere Jahrzehnte. Dank unserer umfassenden Werkstatt\u00fcberholung erhalten Sie ein Ger\u00e4t, das technisch nahezu neuwertig ist.<\/p>\n<p data-start=\"1911\" data-end=\"1976\"><a href=\"https:\/\/www.veltec.eu\/de\/kirby-werkstattueberholt\/\" target=\"_blank\" rel=\"noopener\">Hier finden Sie alle Werkstatt\u00fcberholten Kirby-Modelle.<\/a><\/p>\n<h2 data-start=\"1978\" data-end=\"2050\">Was eine Werkstatt\u00fcberholte Kirby Diamond (G8) bedeutet<\/h2>\n<p><img decoding=\"async\" class=\"alignright wp-image-85974 \" src=\"https:\/\/www.veltec.eu\/wp-content\/uploads\/2018\/09\/Kirby-refurbished-1-180x180.png\" alt=\"Kirby Diamond (G8) Grundlage\" width=\"207\" height=\"207\" srcset=\"https:\/\/www.veltec.eu\/wp-content\/uploads\/2018\/09\/Kirby-refurbished-1-180x180.png 180w, https:\/\/www.veltec.eu\/wp-content\/uploads\/2018\/09\/Kirby-refurbished-1-300x300.png 300w, https:\/\/www.veltec.eu\/wp-content\/uploads\/2018\/09\/Kirby-refurbished-1-80x80.png 80w, https:\/\/www.veltec.eu\/wp-content\/uploads\/2018\/09\/Kirby-refurbished-1-36x36.png 36w, https:\/\/www.veltec.eu\/wp-content\/uploads\/2018\/09\/Kirby-refurbished-1-120x120.png 120w, https:\/\/www.veltec.eu\/wp-content\/uploads\/2018\/09\/Kirby-refurbished-1-450x450.png 450w, https:\/\/www.veltec.eu\/wp-content\/uploads\/2018\/09\/Kirby-refurbished-1-600x600.png 600w, https:\/\/www.veltec.eu\/wp-content\/uploads\/2018\/09\/Kirby-refurbished-1-100x100.png 100w, https:\/\/www.veltec.eu\/wp-content\/uploads\/2018\/09\/Kirby-refurbished-1.png 626w\" sizes=\"(max-width: 207px) 100vw, 207px\" \/><\/p>\n<p data-start=\"2051\" data-end=\"2606\">Wenn Sie eine Werkstatt\u00fcberholte Kirby Diamond (G8) Grundlage w\u00e4hlen, entscheiden Sie sich f\u00fcr ein vollst\u00e4ndig \u00fcberarbeitetes Ger\u00e4t, dessen Geh\u00e4use neu poliert und dessen Motor umfassend erneuert wurde. W\u00e4hrend dieses Prozesses werden alle verschlissenen Motorteile durch originale, neue Komponenten ersetzt. Dadurch erh\u00e4lt der Elektromotor seine urspr\u00fcngliche Leistung zur\u00fcck. Zudem garantiert diese \u00dcberholung eine zuverl\u00e4ssige Funktion \u00fcber viele Jahre hinweg. Aus diesem Grund bieten wir standardm\u00e4\u00dfig zwei Jahre Garantie auf den \u00fcberholten Motor.<\/p>\n<h2 data-start=\"2608\" data-end=\"2674\">Nachhaltig entscheiden mit der Kirby Diamond<\/h2>\n<p data-start=\"2675\" data-end=\"2878\">Da die \u00dcberholung die Lebensdauer verl\u00e4ngert, leisten Sie einen direkten Beitrag zu Nachhaltigkeit und Wiederverwendung. Dadurch ist diese Wahl nicht nur wirtschaftlich, sondern auch \u00f6kologisch sinnvoll.<\/p>\n<p>Hier finden Sie weitere Informationen zu <a href=\"https:\/\/www.kirby-staubsauger-service.de\/kirby-staubsauger\/\" target=\"_blank\" rel=\"noopener\">Alles, was Sie \u00fcber die Leistung und Langlebigkeit des Kirby-Staubsaugers wissen m\u00fcssen<\/a><\/p>\n<h2 data-start=\"2977\" data-end=\"3039\">Kirby Diamond kaufen: Premium-Leistung f\u00fcr 80 % weniger<\/h2>\n<p data-start=\"3040\" data-end=\"3313\">Da der urspr\u00fcngliche Neupreis bei etwa 3.200 \u20ac lag, erhalten Sie dieses Modell bei uns f\u00fcr nur 725 \u20ac \u2013 eine Ersparnis von nahezu 80 %. So genie\u00dfen Sie dieselbe Funktionalit\u00e4t und Qualit\u00e4t, zahlen jedoch deutlich weniger. Au\u00dferdem erhalten Sie das vollst\u00e4ndige Basiszubeh\u00f6r:<\/p>\n<ul data-start=\"3315\" data-end=\"3551\">\n<li data-start=\"3315\" data-end=\"3370\">Breite Klopfd\u00fcse f\u00fcr Teppiche, L\u00e4ufer und Matratzen<\/li>\n<li data-start=\"3371\" data-end=\"3422\">Patentierter Kirby-Au\u00dfenbeutel mit langem Griff<\/li>\n<li data-start=\"3423\" data-end=\"3453\">2 Meter Kirby-Saugschlauch<\/li>\n<li data-start=\"3454\" data-end=\"3511\">16-teiliges Zubeh\u00f6rset f\u00fcr M\u00f6bel, Decken und Vorh\u00e4nge<\/li>\n<li data-start=\"3512\" data-end=\"3551\">24 Monate vollst\u00e4ndige Garantie<\/li>\n<\/ul>\n<p>Die 16-teilige Aufbewahrungsbox;<\/p>\n<div id=\"attachment_5503\" style=\"width: 582px\" class=\"wp-caption alignnone\"><img decoding=\"async\" aria-describedby=\"caption-attachment-5503\" class=\"wp-image-5503 size-full\" src=\"https:\/\/www.veltec.eu\/wp-content\/uploads\/2018\/10\/kit_2.jpg\" alt=\"Kirby Diamond (G8) Grundlage\" width=\"572\" height=\"406\" srcset=\"https:\/\/www.veltec.eu\/wp-content\/uploads\/2018\/10\/kit_2.jpg 572w, https:\/\/www.veltec.eu\/wp-content\/uploads\/2018\/10\/kit_2-300x213.jpg 300w, https:\/\/www.veltec.eu\/wp-content\/uploads\/2018\/10\/kit_2-260x185.jpg 260w\" sizes=\"(max-width: 572px) 100vw, 572px\" \/><p id=\"caption-attachment-5503\" class=\"wp-caption-text\">Kirby Diamond (G8) Grundlage<\/p><\/div>\n<h2 data-start=\"3553\" data-end=\"3617\">Warum die Kirby Diamond (G8) die beste Wahl ist<\/h2>\n<p data-start=\"3618\" data-end=\"4082\">Wenn Sie eine langlebige Entscheidung treffen m\u00f6chten, ist die Kirby Diamond (G8) Grundlage die optimale Wahl. Dieser Staubsauger liefert \u00fcber viele Jahre Spitzenleistung und bietet Premium-Reinigungsqualit\u00e4t zu einem attraktiven Preis. Dank hochwertiger Materialien, zuverl\u00e4ssiger Technik und vielseitiger Funktionen eignet sich dieses Modell f\u00fcr jeden Boden- und M\u00f6beltyp. Zus\u00e4tzlich wird das Ger\u00e4t innerhalb von 5\u201310 Werktagen zu Ihnen nach Hause geliefert.<\/p>\n<p data-start=\"4084\" data-end=\"4285\">Wer clever entscheidet, entscheidet sich f\u00fcr Kirby. Erfahren Sie noch heute, warum die Kirby Diamond (G8) Grundlage weltweit von Haushalten gesch\u00e4tzt wird, die nur das Beste f\u00fcr ihr Zuhause wollen.<\/p>\n<p data-start=\"4084\" data-end=\"4285\">*Der Kirby-Staubsauger wird mit einem europ\u00e4ischen Stecker geliefert. F\u00fcr die Verwendung in Gro\u00dfbritannien ben\u00f6tigen Sie einen Adapter oder einen neuen Stecker.<\/p>\n<p data-start=\"4287\" data-end=\"4348\">Weitere Informationen finden Sie unter: <a href=\"https:\/\/www.veltec.eu\/de\/kirby-diamond-kaufen\/\" target=\"_blank\" rel=\"noopener\">Kirby Diamond kaufen<\/a>.<\/p>\n","protected":false},"excerpt":{"rendered":"<p>Die Kirby Diamond (G8) Grundlage ist ein werkstatt\u00fcberholter Premium-Staubsauger mit starker Saugleistung, langlebigen Materialien und vielseitigem Zubeh\u00f6r. Ideal f\u00fcr Haushalte, die professionelle Reinigung zum besten Preis suchen.<\/p>\n[trustindex data-widget-id=31675542425128034566e10b5fb]\n<h3><span style=\"color: #008000;\"><br \/>\nVorr\u00e4tig<\/span><\/h3>\n[av_font_icon icon='ue812' font='entypo-fontello' style='' caption='' size='25px' position='left' color='#43ad66' link='' linktarget='' title_attr='' sonar_effect_effect='' sonar_effect_color='' sonar_effect_duration='1' sonar_effect_scale='' sonar_effect_opac='0.5' animation='' id='' custom_class='' template_class='' av_uid='' sc_version='1.0' admin_preview_bg=''][\/av_font_icon]\n<p><span style=\"color: #008000;\">Die Lieferzeit betr\u00e4gt zwischen 5-10 Arbeitstagen.<\/span><\/p>\n<p>&nbsp;<\/p>\n","protected":false},"featured_media":85998,"comment_status":"open","ping_status":"closed","template":"","meta":[],"product_brand":[],"product_cat":[410],"product_tag":[451,452],"class_list":{"0":"post-12194","1":"product","2":"type-product","3":"status-publish","4":"has-post-thumbnail","6":"product_cat-kirby-staubsauger-uberholt","7":"product_tag-kirby-diamond-de","8":"product_tag-kirby-g8-de","9":"product_shipping_class-groot-de","11":"first","12":"instock","13":"sale","14":"taxable","15":"shipping-taxable","16":"purchasable","17":"product-type-simple"},"yoast_head":"<!-- This site is optimized with the Yoast SEO Premium plugin v27.1 (Yoast SEO v27.3) - https:\/\/yoast.com\/product\/yoast-seo-premium-wordpress\/ -->\n<title>Kirby Diamond (G8) Grundlage \u2013 Werkstatt\u00fcberholt Premium<\/title>\n<meta name=\"description\" content=\"Kirby Diamond (G8) Grundlage: werkstatt\u00fcberholt, leistungsstark, langlebig und mit Zubeh\u00f6r. Premium Reinigung zum Toppreis \u2013 jetzt entdecken.\" \/>\n<meta name=\"robots\" content=\"index, follow, max-snippet:-1, max-image-preview:large, max-video-preview:-1\" \/>\n<link rel=\"canonical\" href=\"https:\/\/www.veltec.eu\/de\/product\/kirby-diamond-g8-grundlage-nl3150\/\" \/>\n<meta property=\"og:locale\" content=\"de_DE\" \/>\n<meta property=\"og:type\" content=\"article\" \/>\n<meta property=\"og:title\" content=\"Kirby Diamond (G8) Grundlage\" \/>\n<meta property=\"og:description\" content=\"Die Kirby Diamond (G8) Grundlage ist ein werkstatt\u00fcberholter Premium-Staubsauger mit starker Saugleistung, langlebigen Materialien und vielseitigem Zubeh\u00f6r. Ideal f\u00fcr Haushalte, die professionelle Reinigung zum besten Preis suchen.    Vorr\u00e4tig   Die Lieferzeit betr\u00e4gt zwischen 5-10 Arbeitstagen.  &nbsp;\" \/>\n<meta property=\"og:url\" content=\"https:\/\/www.veltec.eu\/de\/product\/kirby-diamond-g8-grundlage-nl3150\/\" \/>\n<meta property=\"og:site_name\" content=\"Veltec Kirby specialist\" \/>\n<meta property=\"article:publisher\" content=\"https:\/\/www.facebook.com\/Veltec-Kirby-Specialist-236746293374877\/\" \/>\n<meta property=\"article:modified_time\" content=\"2026-02-10T06:21:16+00:00\" \/>\n<meta property=\"og:image\" content=\"https:\/\/www.veltec.eu\/wp-content\/uploads\/2018\/10\/kirby-diamond-1-1-1.png\" \/>\n\t<meta property=\"og:image:width\" content=\"360\" \/>\n\t<meta property=\"og:image:height\" content=\"360\" \/>\n\t<meta property=\"og:image:type\" content=\"image\/png\" \/>\n<meta name=\"twitter:card\" content=\"summary_large_image\" \/>\n<meta name=\"twitter:label1\" content=\"Gesch\u00e4tzte Lesezeit\" \/>\n\t<meta name=\"twitter:data1\" content=\"4\u00a0Minuten\" \/>\n<script type=\"application\/ld+json\" class=\"yoast-schema-graph\">{\"@context\":\"https:\\\/\\\/schema.org\",\"@graph\":[{\"@type\":\"WebPage\",\"@id\":\"https:\\\/\\\/www.veltec.eu\\\/de\\\/product\\\/kirby-diamond-g8-grundlage-nl3150\\\/\",\"url\":\"https:\\\/\\\/www.veltec.eu\\\/de\\\/product\\\/kirby-diamond-g8-grundlage-nl3150\\\/\",\"name\":\"Kirby Diamond (G8) Grundlage \u2013 Werkstatt\u00fcberholt Premium\",\"isPartOf\":{\"@id\":\"https:\\\/\\\/www.veltec.eu\\\/en\\\/#website\"},\"primaryImageOfPage\":{\"@id\":\"https:\\\/\\\/www.veltec.eu\\\/de\\\/product\\\/kirby-diamond-g8-grundlage-nl3150\\\/#primaryimage\"},\"image\":{\"@id\":\"https:\\\/\\\/www.veltec.eu\\\/de\\\/product\\\/kirby-diamond-g8-grundlage-nl3150\\\/#primaryimage\"},\"thumbnailUrl\":\"https:\\\/\\\/www.veltec.eu\\\/wp-content\\\/uploads\\\/2018\\\/10\\\/kirby-diamond-1-1-1.png\",\"datePublished\":\"2018-10-15T13:18:25+00:00\",\"dateModified\":\"2026-02-10T06:21:16+00:00\",\"description\":\"Kirby Diamond (G8) Grundlage: werkstatt\u00fcberholt, leistungsstark, langlebig und mit Zubeh\u00f6r. Premium Reinigung zum Toppreis \u2013 jetzt entdecken.\",\"breadcrumb\":{\"@id\":\"https:\\\/\\\/www.veltec.eu\\\/de\\\/product\\\/kirby-diamond-g8-grundlage-nl3150\\\/#breadcrumb\"},\"inLanguage\":\"de\",\"potentialAction\":[{\"@type\":\"ReadAction\",\"target\":[\"https:\\\/\\\/www.veltec.eu\\\/de\\\/product\\\/kirby-diamond-g8-grundlage-nl3150\\\/\"]}]},{\"@type\":\"ImageObject\",\"inLanguage\":\"de\",\"@id\":\"https:\\\/\\\/www.veltec.eu\\\/de\\\/product\\\/kirby-diamond-g8-grundlage-nl3150\\\/#primaryimage\",\"url\":\"https:\\\/\\\/www.veltec.eu\\\/wp-content\\\/uploads\\\/2018\\\/10\\\/kirby-diamond-1-1-1.png\",\"contentUrl\":\"https:\\\/\\\/www.veltec.eu\\\/wp-content\\\/uploads\\\/2018\\\/10\\\/kirby-diamond-1-1-1.png\",\"width\":360,\"height\":360},{\"@type\":\"BreadcrumbList\",\"@id\":\"https:\\\/\\\/www.veltec.eu\\\/de\\\/product\\\/kirby-diamond-g8-grundlage-nl3150\\\/#breadcrumb\",\"itemListElement\":[{\"@type\":\"ListItem\",\"position\":1,\"name\":\"Home\",\"item\":\"https:\\\/\\\/www.veltec.eu\\\/de\\\/\"},{\"@type\":\"ListItem\",\"position\":2,\"name\":\"Produits\",\"item\":\"https:\\\/\\\/www.veltec.eu\\\/fr\\\/shop\\\/\"},{\"@type\":\"ListItem\",\"position\":3,\"name\":\"Kirby Diamond (G8) Grundlage\"}]},{\"@type\":\"WebSite\",\"@id\":\"https:\\\/\\\/www.veltec.eu\\\/en\\\/#website\",\"url\":\"https:\\\/\\\/www.veltec.eu\\\/en\\\/\",\"name\":\"Veltec Kirby specialist\",\"description\":\"Kirby stofzuiger producten\",\"publisher\":{\"@id\":\"https:\\\/\\\/www.veltec.eu\\\/en\\\/#organization\"},\"potentialAction\":[{\"@type\":\"SearchAction\",\"target\":{\"@type\":\"EntryPoint\",\"urlTemplate\":\"https:\\\/\\\/www.veltec.eu\\\/en\\\/?s={search_term_string}\"},\"query-input\":{\"@type\":\"PropertyValueSpecification\",\"valueRequired\":true,\"valueName\":\"search_term_string\"}}],\"inLanguage\":\"de\"},{\"@type\":\"Organization\",\"@id\":\"https:\\\/\\\/www.veltec.eu\\\/en\\\/#organization\",\"name\":\"Veltec Kirby Specialist\",\"url\":\"https:\\\/\\\/www.veltec.eu\\\/en\\\/\",\"logo\":{\"@type\":\"ImageObject\",\"inLanguage\":\"de\",\"@id\":\"https:\\\/\\\/www.veltec.eu\\\/en\\\/#\\\/schema\\\/logo\\\/image\\\/\",\"url\":\"https:\\\/\\\/www.veltec.eu\\\/wp-content\\\/uploads\\\/2021\\\/12\\\/Veltec-log-groot-e1537260889125.png\",\"contentUrl\":\"https:\\\/\\\/www.veltec.eu\\\/wp-content\\\/uploads\\\/2021\\\/12\\\/Veltec-log-groot-e1537260889125.png\",\"width\":200,\"height\":60,\"caption\":\"Veltec Kirby Specialist\"},\"image\":{\"@id\":\"https:\\\/\\\/www.veltec.eu\\\/en\\\/#\\\/schema\\\/logo\\\/image\\\/\"},\"sameAs\":[\"https:\\\/\\\/www.facebook.com\\\/Veltec-Kirby-Specialist-236746293374877\\\/\",\"https:\\\/\\\/www.youtube.com\\\/user\\\/VeltecService\"]}]}<\/script>\n<!-- \/ Yoast SEO Premium plugin. -->","yoast_head_json":{"title":"Kirby Diamond (G8) Grundlage \u2013 Werkstatt\u00fcberholt Premium","description":"Kirby Diamond (G8) Grundlage: werkstatt\u00fcberholt, leistungsstark, langlebig und mit Zubeh\u00f6r. Premium Reinigung zum Toppreis \u2013 jetzt entdecken.","robots":{"index":"index","follow":"follow","max-snippet":"max-snippet:-1","max-image-preview":"max-image-preview:large","max-video-preview":"max-video-preview:-1"},"canonical":"https:\/\/www.veltec.eu\/de\/product\/kirby-diamond-g8-grundlage-nl3150\/","og_locale":"de_DE","og_type":"article","og_title":"Kirby Diamond (G8) Grundlage","og_description":"Die Kirby Diamond (G8) Grundlage ist ein werkstatt\u00fcberholter Premium-Staubsauger mit starker Saugleistung, langlebigen Materialien und vielseitigem Zubeh\u00f6r. Ideal f\u00fcr Haushalte, die professionelle Reinigung zum besten Preis suchen.    Vorr\u00e4tig   Die Lieferzeit betr\u00e4gt zwischen 5-10 Arbeitstagen.  &nbsp;","og_url":"https:\/\/www.veltec.eu\/de\/product\/kirby-diamond-g8-grundlage-nl3150\/","og_site_name":"Veltec Kirby specialist","article_publisher":"https:\/\/www.facebook.com\/Veltec-Kirby-Specialist-236746293374877\/","article_modified_time":"2026-02-10T06:21:16+00:00","og_image":[{"width":360,"height":360,"url":"https:\/\/www.veltec.eu\/wp-content\/uploads\/2018\/10\/kirby-diamond-1-1-1.png","type":"image\/png"}],"twitter_card":"summary_large_image","twitter_misc":{"Gesch\u00e4tzte Lesezeit":"4\u00a0Minuten"},"schema":{"@context":"https:\/\/schema.org","@graph":[{"@type":"WebPage","@id":"https:\/\/www.veltec.eu\/de\/product\/kirby-diamond-g8-grundlage-nl3150\/","url":"https:\/\/www.veltec.eu\/de\/product\/kirby-diamond-g8-grundlage-nl3150\/","name":"Kirby Diamond (G8) Grundlage \u2013 Werkstatt\u00fcberholt Premium","isPartOf":{"@id":"https:\/\/www.veltec.eu\/en\/#website"},"primaryImageOfPage":{"@id":"https:\/\/www.veltec.eu\/de\/product\/kirby-diamond-g8-grundlage-nl3150\/#primaryimage"},"image":{"@id":"https:\/\/www.veltec.eu\/de\/product\/kirby-diamond-g8-grundlage-nl3150\/#primaryimage"},"thumbnailUrl":"https:\/\/www.veltec.eu\/wp-content\/uploads\/2018\/10\/kirby-diamond-1-1-1.png","datePublished":"2018-10-15T13:18:25+00:00","dateModified":"2026-02-10T06:21:16+00:00","description":"Kirby Diamond (G8) Grundlage: werkstatt\u00fcberholt, leistungsstark, langlebig und mit Zubeh\u00f6r. Premium Reinigung zum Toppreis \u2013 jetzt entdecken.","breadcrumb":{"@id":"https:\/\/www.veltec.eu\/de\/product\/kirby-diamond-g8-grundlage-nl3150\/#breadcrumb"},"inLanguage":"de","potentialAction":[{"@type":"ReadAction","target":["https:\/\/www.veltec.eu\/de\/product\/kirby-diamond-g8-grundlage-nl3150\/"]}]},{"@type":"ImageObject","inLanguage":"de","@id":"https:\/\/www.veltec.eu\/de\/product\/kirby-diamond-g8-grundlage-nl3150\/#primaryimage","url":"https:\/\/www.veltec.eu\/wp-content\/uploads\/2018\/10\/kirby-diamond-1-1-1.png","contentUrl":"https:\/\/www.veltec.eu\/wp-content\/uploads\/2018\/10\/kirby-diamond-1-1-1.png","width":360,"height":360},{"@type":"BreadcrumbList","@id":"https:\/\/www.veltec.eu\/de\/product\/kirby-diamond-g8-grundlage-nl3150\/#breadcrumb","itemListElement":[{"@type":"ListItem","position":1,"name":"Home","item":"https:\/\/www.veltec.eu\/de\/"},{"@type":"ListItem","position":2,"name":"Produits","item":"https:\/\/www.veltec.eu\/fr\/shop\/"},{"@type":"ListItem","position":3,"name":"Kirby Diamond (G8) Grundlage"}]},{"@type":"WebSite","@id":"https:\/\/www.veltec.eu\/en\/#website","url":"https:\/\/www.veltec.eu\/en\/","name":"Veltec Kirby specialist","description":"Kirby stofzuiger producten","publisher":{"@id":"https:\/\/www.veltec.eu\/en\/#organization"},"potentialAction":[{"@type":"SearchAction","target":{"@type":"EntryPoint","urlTemplate":"https:\/\/www.veltec.eu\/en\/?s={search_term_string}"},"query-input":{"@type":"PropertyValueSpecification","valueRequired":true,"valueName":"search_term_string"}}],"inLanguage":"de"},{"@type":"Organization","@id":"https:\/\/www.veltec.eu\/en\/#organization","name":"Veltec Kirby Specialist","url":"https:\/\/www.veltec.eu\/en\/","logo":{"@type":"ImageObject","inLanguage":"de","@id":"https:\/\/www.veltec.eu\/en\/#\/schema\/logo\/image\/","url":"https:\/\/www.veltec.eu\/wp-content\/uploads\/2021\/12\/Veltec-log-groot-e1537260889125.png","contentUrl":"https:\/\/www.veltec.eu\/wp-content\/uploads\/2021\/12\/Veltec-log-groot-e1537260889125.png","width":200,"height":60,"caption":"Veltec Kirby Specialist"},"image":{"@id":"https:\/\/www.veltec.eu\/en\/#\/schema\/logo\/image\/"},"sameAs":["https:\/\/www.facebook.com\/Veltec-Kirby-Specialist-236746293374877\/","https:\/\/www.youtube.com\/user\/VeltecService"]}]}},"_links":{"self":[{"href":"https:\/\/www.veltec.eu\/de\/wp-json\/wp\/v2\/product\/12194","targetHints":{"allow":["GET"]}}],"collection":[{"href":"https:\/\/www.veltec.eu\/de\/wp-json\/wp\/v2\/product"}],"about":[{"href":"https:\/\/www.veltec.eu\/de\/wp-json\/wp\/v2\/types\/product"}],"replies":[{"embeddable":true,"href":"https:\/\/www.veltec.eu\/de\/wp-json\/wp\/v2\/comments?post=12194"}],"wp:featuredmedia":[{"embeddable":true,"href":"https:\/\/www.veltec.eu\/de\/wp-json\/wp\/v2\/media\/85998"}],"wp:attachment":[{"href":"https:\/\/www.veltec.eu\/de\/wp-json\/wp\/v2\/media?parent=12194"}],"wp:term":[{"taxonomy":"product_brand","embeddable":true,"href":"https:\/\/www.veltec.eu\/de\/wp-json\/wp\/v2\/product_brand?post=12194"},{"taxonomy":"product_cat","embeddable":true,"href":"https:\/\/www.veltec.eu\/de\/wp-json\/wp\/v2\/product_cat?post=12194"},{"taxonomy":"product_tag","embeddable":true,"href":"https:\/\/www.veltec.eu\/de\/wp-json\/wp\/v2\/product_tag?post=12194"}],"curies":[{"name":"wp","href":"https:\/\/api.w.org\/{rel}","templated":true}]}}