{"id":12184,"date":"2018-10-15T16:16:00","date_gmt":"2018-10-15T14:16:00","guid":{"rendered":"https:\/\/www.veltec.eu\/kirby-webshop\/kirby-g6-nl3148\/"},"modified":"2026-02-10T08:12:46","modified_gmt":"2026-02-10T06:12:46","slug":"kirby-g6-grundlage-nl3148","status":"publish","type":"product","link":"https:\/\/www.veltec.eu\/de\/product\/kirby-g6-grundlage-nl3148\/","title":{"rendered":"Kirby G6 Grundlage"},"content":{"rendered":"<h1 data-start=\"216\" data-end=\"274\">Kirby G6 Grundlage Staubsauger \u2013 Werkstatt\u00fcberholt<\/h1>\n<p data-start=\"276\" data-end=\"778\">Suchen Sie einen leistungsstarken, langlebigen und vollst\u00e4ndig werkstatt\u00fcberholten Staubsauger? M\u00f6chten Sie ein Ger\u00e4t, das sich wie neu anf\u00fchlt, aber deutlich g\u00fcnstiger ist? Die Kirby G6 Grundlage bietet genau diese Kombination aus Qualit\u00e4t, Zuverl\u00e4ssigkeit und Erschwinglichkeit, sodass Sie sofort merken, dass dieses Modell ideal f\u00fcr den intensiven t\u00e4glichen Einsatz ist. Sparen Sie bis zu 80 % und profitieren Sie von einer umweltfreundlichen L\u00f6sung, ohne Abstriche bei der Leistung zu machen.<\/p>\n<h2 data-start=\"785\" data-end=\"830\">Warum die Kirby G6 Grundlage w\u00e4hlen?<\/h2>\n<p data-start=\"832\" data-end=\"1318\">Da jede Kirby G6\u00a0sorgf\u00e4ltig in unserer <a class=\"decorated-link cursor-pointer\" target=\"_new\" rel=\"noopener\" data-start=\"885\" data-end=\"944\">Veltec Kirby-Spezialistenwerkstatt<\/a> werkstatt\u00fcberholt wird, erhalten Sie immer ein Ger\u00e4t, das technisch und optisch gr\u00fcndlich aufbereitet wurde. W\u00e4hrend verschlissene Teile ersetzt werden, wird das gesamte Geh\u00e4use poliert, sodass Ihr Staubsauger nahezu wie neu aussieht. Dar\u00fcber hinaus profitieren Sie von einer l\u00e4ngeren Lebensdauer und h\u00f6herer Zuverl\u00e4ssigkeit als bei vielen Standard-Haushaltsstaubsaugern.<\/p>\n<p data-start=\"1320\" data-end=\"1709\">Da die G6 zwischen 2000 und 2003 produziert wurde und f\u00fcr ihre robuste Bauweise bekannt ist, erleben Sie einen Staubsauger mit bemerkenswerter Leistung. Au\u00dferdem bietet der Motor eine Saugleistung, die eine Tiefenreinigung von Teppichen und Hartb\u00f6den erm\u00f6glicht. Unsere Werkstattprozesse stellen zudem sicher, dass jedes Ger\u00e4t den originalen Kirby-Spezifikationen vollst\u00e4ndig entspricht.<\/p>\n<p data-start=\"1711\" data-end=\"1774\"><a href=\"https:\/\/www.veltec.eu\/de\/kirby-werkstattueberholt\/\" target=\"_blank\" rel=\"noopener\">Hier finden Sie alle Kirby Staubsauger Werkstatt\u00fcberholt<\/a><\/p>\n<h2 data-start=\"1781\" data-end=\"1843\">Gr\u00fcndliche Qualit\u00e4tskontrolle und Technischer Service\u00a0 \u00a0 \u00a0 \u00a0 <img decoding=\"async\" class=\"alignright wp-image-85974 \" src=\"https:\/\/www.veltec.eu\/wp-content\/uploads\/2018\/09\/Kirby-refurbished-1-180x180.png\" alt=\"Kirby G6 Grundlage\" width=\"235\" height=\"235\" srcset=\"https:\/\/www.veltec.eu\/wp-content\/uploads\/2018\/09\/Kirby-refurbished-1-180x180.png 180w, https:\/\/www.veltec.eu\/wp-content\/uploads\/2018\/09\/Kirby-refurbished-1-300x300.png 300w, https:\/\/www.veltec.eu\/wp-content\/uploads\/2018\/09\/Kirby-refurbished-1-80x80.png 80w, https:\/\/www.veltec.eu\/wp-content\/uploads\/2018\/09\/Kirby-refurbished-1-36x36.png 36w, https:\/\/www.veltec.eu\/wp-content\/uploads\/2018\/09\/Kirby-refurbished-1-120x120.png 120w, https:\/\/www.veltec.eu\/wp-content\/uploads\/2018\/09\/Kirby-refurbished-1-450x450.png 450w, https:\/\/www.veltec.eu\/wp-content\/uploads\/2018\/09\/Kirby-refurbished-1-600x600.png 600w, https:\/\/www.veltec.eu\/wp-content\/uploads\/2018\/09\/Kirby-refurbished-1-100x100.png 100w, https:\/\/www.veltec.eu\/wp-content\/uploads\/2018\/09\/Kirby-refurbished-1.png 626w\" sizes=\"(max-width: 235px) 100vw, 235px\" \/><\/h2>\n<h3 data-start=\"1845\" data-end=\"1893\">Kirby G6 Grundlage mit Mehrfachpr\u00fcfung<\/h3>\n<p data-start=\"1894\" data-end=\"2330\">Da Veltec jedes Modell einer umfassenden Inspektion unterzieht, k\u00f6nnen Sie sicher sein, dass Ihre Kirby G6 Grundlage optimal funktioniert. Obwohl das Ger\u00e4t nicht mehr in der Originalverpackung geliefert wird, erleben Sie die gleiche leistungsstarke Reinigung wie bei einem Neuger\u00e4t. Zudem erhalten Sie einen Staubsauger, der von spezialisierten Technikern vollst\u00e4ndig instandgesetzt wurde und sofort zuverl\u00e4ssig einsatzbereit ist.<\/p>\n<h3 data-start=\"2332\" data-end=\"2382\">Werkstatt\u00fcberholte Qualit\u00e4t mit Garantie<\/h3>\n<p data-start=\"2383\" data-end=\"2676\">W\u00e4hrend alle verschlissenen Teile ersetzt werden, wird jeder Motor getestet, neu eingestellt und auf Luftstrom gepr\u00fcft. Dadurch arbeitet Ihre Kirby kraftvoll, effizient und leise. Zus\u00e4tzlich erhalten Sie 12 Monate Garantie, sodass Sie sorgenfrei von einer langfristigen Leistung profitieren.<\/p>\n<h2 data-start=\"2683\" data-end=\"2728\">Hauptvorteile der Kirby G6 Grundlage<\/h2>\n<ul data-start=\"2730\" data-end=\"3083\">\n<li data-start=\"2730\" data-end=\"2810\">Tiefenreinigung: Entfernt Staub und Schmutz von Teppichen und Hartb\u00f6den.<\/li>\n<li data-start=\"2811\" data-end=\"2885\">Langlebig und zuverl\u00e4ssig: Robuste Bauweise und lange Lebensdauer.<\/li>\n<li data-start=\"2886\" data-end=\"2947\">Werkstatt\u00fcberholt: Funktioniert nach Service wie neu.<\/li>\n<li data-start=\"2948\" data-end=\"3013\">Umweltbewusst: Wiederverwendung hochwertiger Komponenten.<\/li>\n<li data-start=\"3014\" data-end=\"3083\">Erschwinglich: Sparen Sie bis zu 80 % gegen\u00fcber dem Neupreis.<\/li>\n<\/ul>\n<h2>Bestellen Sie Ihre Kirby G6 Grundlage noch heute<\/h2>\n<p>Bestellen Sie einen general\u00fcberholten Kirby G6 mit 12 Monaten Vollgarantie.<\/p>\n<p>Alle Kirby G6 Staubsauger werden mit einer 16-teiligen Aufbewahrungsbox, einer breiten Klopfd\u00fcse und dem patentierten Kirby Au\u00dfenbeutel mit langem Stiel geliefert. M\u00f6chten Sie Ihr Ger\u00e4t erweitern? In <a href=\"https:\/\/www.veltec.eu\/de\/kirby-laden\/\" target=\"_blank\" rel=\"noopener\">unserem Shop<\/a> sind <a href=\"https:\/\/www.kirby-staubsauger-service.de\/kirby-zubehor\/\" target=\"_blank\" rel=\"noopener\">verschiedene Zubeh\u00f6rteile<\/a> erh\u00e4ltlich, um Ihr Reinigungserlebnis noch weiter zu verbessern.<\/p>\n<p>Erleben Sie selbst, warum der Staubsauger Kirby G6 Grundlage eine clevere, leistungsstarke und umweltfreundliche Wahl f\u00fcr jeden Haushalt ist. Machen Sie Ihre Reinigungsroutine effizienter, flexibler und leistungsst\u00e4rker als je zuvor!<\/p>\n<p>Hier finden Sie weitere Informationen zu allem, was Sie \u00fcber den <a href=\"https:\/\/www.kirby-staubsauger-service.de\/kirby-staubsauger-kaufen\/\" target=\"_blank\" rel=\"noopener\">Kauf eines Kirby-Staubsaugers wissen m\u00fcssen<\/a><\/p>\n<p>Die 16-teilige Aufbewahrungsbox;<\/p>\n<div id=\"attachment_5503\" style=\"width: 582px\" class=\"wp-caption alignnone\"><img decoding=\"async\" aria-describedby=\"caption-attachment-5503\" class=\"wp-image-5503 size-full\" src=\"https:\/\/www.veltec.eu\/wp-content\/uploads\/2018\/10\/kit_2.jpg\" alt=\"Kirby G6\" width=\"572\" height=\"406\" srcset=\"https:\/\/www.veltec.eu\/wp-content\/uploads\/2018\/10\/kit_2.jpg 572w, https:\/\/www.veltec.eu\/wp-content\/uploads\/2018\/10\/kit_2-300x213.jpg 300w, https:\/\/www.veltec.eu\/wp-content\/uploads\/2018\/10\/kit_2-260x185.jpg 260w\" sizes=\"(max-width: 572px) 100vw, 572px\" \/><p id=\"caption-attachment-5503\" class=\"wp-caption-text\">Kirby G6 Grundlage<\/p><\/div>\n<p>*Der Kirby-Staubsauger wird mit einem europ\u00e4ischen Stecker geliefert. F\u00fcr die Verwendung in Gro\u00dfbritannien ben\u00f6tigen Sie einen Adapter oder einen neuen Stecker.<\/p>\n<p>Die Kirby-Staubsauger werden zu Ihnen nach Hause geliefert. <a href=\"https:\/\/www.veltec.eu\/de\/kirby-g6-kaufen\/\" target=\"_blank\" rel=\"noopener\">Klicken Sie hier f\u00fcr weitere Informationen zum Kirby G6.<\/a><\/p>\n","protected":false},"excerpt":{"rendered":"<p>Die Kirby G6 Grundlage ist werkstatt\u00fcberholt bei Veltec und bietet leistungsstarke Reinigung f\u00fcr Teppiche, Hartb\u00f6den und M\u00f6bel. Nachhaltig, erschwinglich und sofort einsatzbereit.<\/p>\n[trustindex data-widget-id=31675542425128034566e10b5fb]\n<h3><span style=\"color: #008000;\"><br \/>\nVorr\u00e4tig<\/span><\/h3>\n[av_font_icon icon='ue812' font='entypo-fontello' style='' caption='' size='25px' position='left' color='#43ad66' link='' linktarget='' title_attr='' sonar_effect_effect='' sonar_effect_color='' sonar_effect_duration='1' sonar_effect_scale='' sonar_effect_opac='0.5' animation='' id='' custom_class='' template_class='' av_uid='' sc_version='1.0' admin_preview_bg=''][\/av_font_icon]\n<p><span style=\"color: #008000;\">Die Lieferzeit betr\u00e4gt zwischen 5-10 Arbeitstagen.<\/span><\/p>\n<p>&nbsp;<\/p>\n","protected":false},"featured_media":85990,"comment_status":"open","ping_status":"closed","template":"","meta":[],"product_brand":[],"product_cat":[410],"product_tag":[],"class_list":{"0":"post-12184","1":"product","2":"type-product","3":"status-publish","4":"has-post-thumbnail","6":"product_cat-kirby-staubsauger-uberholt","7":"product_shipping_class-groot-de","9":"first","10":"instock","11":"sale","12":"taxable","13":"shipping-taxable","14":"purchasable","15":"product-type-simple"},"yoast_head":"<!-- This site is optimized with the Yoast SEO Premium plugin v27.1 (Yoast SEO v27.2) - https:\/\/yoast.com\/product\/yoast-seo-premium-wordpress\/ -->\n<title>Kirby G6 Grundlage \u2013 Werkstatt\u00fcberholt &amp; Leistungsstark<\/title>\n<meta name=\"description\" content=\"Erleben Sie die Kirby G6 Grundlage: werkstatt\u00fcberholt, kraftvoll und langlebig. Sparen Sie bis zu 80 % und genie\u00dfen Sie Top-Leistung &amp; Garantie.\" \/>\n<meta name=\"robots\" content=\"index, follow, max-snippet:-1, max-image-preview:large, max-video-preview:-1\" \/>\n<link rel=\"canonical\" href=\"https:\/\/www.veltec.eu\/de\/product\/kirby-g6-grundlage-nl3148\/\" \/>\n<meta property=\"og:locale\" content=\"de_DE\" \/>\n<meta property=\"og:type\" content=\"article\" \/>\n<meta property=\"og:title\" content=\"Kirby G6 Grundlage\" \/>\n<meta property=\"og:description\" content=\"Die Kirby G6 Grundlage ist werkstatt\u00fcberholt bei Veltec und bietet leistungsstarke Reinigung f\u00fcr Teppiche, Hartb\u00f6den und M\u00f6bel. Nachhaltig, erschwinglich und sofort einsatzbereit.    Vorr\u00e4tig   Die Lieferzeit betr\u00e4gt zwischen 5-10 Arbeitstagen.  &nbsp;\" \/>\n<meta property=\"og:url\" content=\"https:\/\/www.veltec.eu\/de\/product\/kirby-g6-grundlage-nl3148\/\" \/>\n<meta property=\"og:site_name\" content=\"Veltec Kirby specialist\" \/>\n<meta property=\"article:publisher\" content=\"https:\/\/www.facebook.com\/Veltec-Kirby-Specialist-236746293374877\/\" \/>\n<meta property=\"article:modified_time\" content=\"2026-02-10T06:12:46+00:00\" \/>\n<meta property=\"og:image\" content=\"https:\/\/www.veltec.eu\/wp-content\/uploads\/2018\/10\/kirby_g6-2-1-1.png\" \/>\n\t<meta property=\"og:image:width\" content=\"360\" \/>\n\t<meta property=\"og:image:height\" content=\"360\" \/>\n\t<meta property=\"og:image:type\" content=\"image\/png\" \/>\n<meta name=\"twitter:card\" content=\"summary_large_image\" \/>\n<meta name=\"twitter:label1\" content=\"Gesch\u00e4tzte Lesezeit\" \/>\n\t<meta name=\"twitter:data1\" content=\"3\u00a0Minuten\" \/>\n<script type=\"application\/ld+json\" class=\"yoast-schema-graph\">{\"@context\":\"https:\/\/schema.org\",\"@graph\":[{\"@type\":\"WebPage\",\"@id\":\"https:\/\/www.veltec.eu\/de\/product\/kirby-g6-grundlage-nl3148\/\",\"url\":\"https:\/\/www.veltec.eu\/de\/product\/kirby-g6-grundlage-nl3148\/\",\"name\":\"Kirby G6 Grundlage \u2013 Werkstatt\u00fcberholt & Leistungsstark\",\"isPartOf\":{\"@id\":\"https:\/\/www.veltec.eu\/en\/#website\"},\"primaryImageOfPage\":{\"@id\":\"https:\/\/www.veltec.eu\/de\/product\/kirby-g6-grundlage-nl3148\/#primaryimage\"},\"image\":{\"@id\":\"https:\/\/www.veltec.eu\/de\/product\/kirby-g6-grundlage-nl3148\/#primaryimage\"},\"thumbnailUrl\":\"https:\/\/www.veltec.eu\/wp-content\/uploads\/2018\/10\/kirby_g6-2-1-1.png\",\"datePublished\":\"2018-10-15T14:16:00+00:00\",\"dateModified\":\"2026-02-10T06:12:46+00:00\",\"description\":\"Erleben Sie die Kirby G6 Grundlage: werkstatt\u00fcberholt, kraftvoll und langlebig. Sparen Sie bis zu 80 % und genie\u00dfen Sie Top-Leistung & Garantie.\",\"breadcrumb\":{\"@id\":\"https:\/\/www.veltec.eu\/de\/product\/kirby-g6-grundlage-nl3148\/#breadcrumb\"},\"inLanguage\":\"de\",\"potentialAction\":[{\"@type\":\"ReadAction\",\"target\":[\"https:\/\/www.veltec.eu\/de\/product\/kirby-g6-grundlage-nl3148\/\"]}]},{\"@type\":\"ImageObject\",\"inLanguage\":\"de\",\"@id\":\"https:\/\/www.veltec.eu\/de\/product\/kirby-g6-grundlage-nl3148\/#primaryimage\",\"url\":\"https:\/\/www.veltec.eu\/wp-content\/uploads\/2018\/10\/kirby_g6-2-1-1.png\",\"contentUrl\":\"https:\/\/www.veltec.eu\/wp-content\/uploads\/2018\/10\/kirby_g6-2-1-1.png\",\"width\":360,\"height\":360},{\"@type\":\"BreadcrumbList\",\"@id\":\"https:\/\/www.veltec.eu\/de\/product\/kirby-g6-grundlage-nl3148\/#breadcrumb\",\"itemListElement\":[{\"@type\":\"ListItem\",\"position\":1,\"name\":\"Home\",\"item\":\"https:\/\/www.veltec.eu\/de\/\"},{\"@type\":\"ListItem\",\"position\":2,\"name\":\"Produits\",\"item\":\"https:\/\/www.veltec.eu\/fr\/shop\/\"},{\"@type\":\"ListItem\",\"position\":3,\"name\":\"Kirby G6 Grundlage\"}]},{\"@type\":\"WebSite\",\"@id\":\"https:\/\/www.veltec.eu\/en\/#website\",\"url\":\"https:\/\/www.veltec.eu\/en\/\",\"name\":\"Veltec Kirby specialist\",\"description\":\"Kirby stofzuiger producten\",\"publisher\":{\"@id\":\"https:\/\/www.veltec.eu\/en\/#organization\"},\"potentialAction\":[{\"@type\":\"SearchAction\",\"target\":{\"@type\":\"EntryPoint\",\"urlTemplate\":\"https:\/\/www.veltec.eu\/en\/?s={search_term_string}\"},\"query-input\":{\"@type\":\"PropertyValueSpecification\",\"valueRequired\":true,\"valueName\":\"search_term_string\"}}],\"inLanguage\":\"de\"},{\"@type\":\"Organization\",\"@id\":\"https:\/\/www.veltec.eu\/en\/#organization\",\"name\":\"Veltec Kirby Specialist\",\"url\":\"https:\/\/www.veltec.eu\/en\/\",\"logo\":{\"@type\":\"ImageObject\",\"inLanguage\":\"de\",\"@id\":\"https:\/\/www.veltec.eu\/en\/#\/schema\/logo\/image\/\",\"url\":\"https:\/\/www.veltec.eu\/wp-content\/uploads\/2021\/12\/Veltec-log-groot-e1537260889125.png\",\"contentUrl\":\"https:\/\/www.veltec.eu\/wp-content\/uploads\/2021\/12\/Veltec-log-groot-e1537260889125.png\",\"width\":200,\"height\":60,\"caption\":\"Veltec Kirby Specialist\"},\"image\":{\"@id\":\"https:\/\/www.veltec.eu\/en\/#\/schema\/logo\/image\/\"},\"sameAs\":[\"https:\/\/www.facebook.com\/Veltec-Kirby-Specialist-236746293374877\/\",\"https:\/\/www.youtube.com\/user\/VeltecService\"]}]}<\/script>\n<!-- \/ Yoast SEO Premium plugin. -->","yoast_head_json":{"title":"Kirby G6 Grundlage \u2013 Werkstatt\u00fcberholt & Leistungsstark","description":"Erleben Sie die Kirby G6 Grundlage: werkstatt\u00fcberholt, kraftvoll und langlebig. Sparen Sie bis zu 80 % und genie\u00dfen Sie Top-Leistung & Garantie.","robots":{"index":"index","follow":"follow","max-snippet":"max-snippet:-1","max-image-preview":"max-image-preview:large","max-video-preview":"max-video-preview:-1"},"canonical":"https:\/\/www.veltec.eu\/de\/product\/kirby-g6-grundlage-nl3148\/","og_locale":"de_DE","og_type":"article","og_title":"Kirby G6 Grundlage","og_description":"Die Kirby G6 Grundlage ist werkstatt\u00fcberholt bei Veltec und bietet leistungsstarke Reinigung f\u00fcr Teppiche, Hartb\u00f6den und M\u00f6bel. Nachhaltig, erschwinglich und sofort einsatzbereit.    Vorr\u00e4tig   Die Lieferzeit betr\u00e4gt zwischen 5-10 Arbeitstagen.  &nbsp;","og_url":"https:\/\/www.veltec.eu\/de\/product\/kirby-g6-grundlage-nl3148\/","og_site_name":"Veltec Kirby specialist","article_publisher":"https:\/\/www.facebook.com\/Veltec-Kirby-Specialist-236746293374877\/","article_modified_time":"2026-02-10T06:12:46+00:00","og_image":[{"width":360,"height":360,"url":"https:\/\/www.veltec.eu\/wp-content\/uploads\/2018\/10\/kirby_g6-2-1-1.png","type":"image\/png"}],"twitter_card":"summary_large_image","twitter_misc":{"Gesch\u00e4tzte Lesezeit":"3\u00a0Minuten"},"schema":{"@context":"https:\/\/schema.org","@graph":[{"@type":"WebPage","@id":"https:\/\/www.veltec.eu\/de\/product\/kirby-g6-grundlage-nl3148\/","url":"https:\/\/www.veltec.eu\/de\/product\/kirby-g6-grundlage-nl3148\/","name":"Kirby G6 Grundlage \u2013 Werkstatt\u00fcberholt & Leistungsstark","isPartOf":{"@id":"https:\/\/www.veltec.eu\/en\/#website"},"primaryImageOfPage":{"@id":"https:\/\/www.veltec.eu\/de\/product\/kirby-g6-grundlage-nl3148\/#primaryimage"},"image":{"@id":"https:\/\/www.veltec.eu\/de\/product\/kirby-g6-grundlage-nl3148\/#primaryimage"},"thumbnailUrl":"https:\/\/www.veltec.eu\/wp-content\/uploads\/2018\/10\/kirby_g6-2-1-1.png","datePublished":"2018-10-15T14:16:00+00:00","dateModified":"2026-02-10T06:12:46+00:00","description":"Erleben Sie die Kirby G6 Grundlage: werkstatt\u00fcberholt, kraftvoll und langlebig. Sparen Sie bis zu 80 % und genie\u00dfen Sie Top-Leistung & Garantie.","breadcrumb":{"@id":"https:\/\/www.veltec.eu\/de\/product\/kirby-g6-grundlage-nl3148\/#breadcrumb"},"inLanguage":"de","potentialAction":[{"@type":"ReadAction","target":["https:\/\/www.veltec.eu\/de\/product\/kirby-g6-grundlage-nl3148\/"]}]},{"@type":"ImageObject","inLanguage":"de","@id":"https:\/\/www.veltec.eu\/de\/product\/kirby-g6-grundlage-nl3148\/#primaryimage","url":"https:\/\/www.veltec.eu\/wp-content\/uploads\/2018\/10\/kirby_g6-2-1-1.png","contentUrl":"https:\/\/www.veltec.eu\/wp-content\/uploads\/2018\/10\/kirby_g6-2-1-1.png","width":360,"height":360},{"@type":"BreadcrumbList","@id":"https:\/\/www.veltec.eu\/de\/product\/kirby-g6-grundlage-nl3148\/#breadcrumb","itemListElement":[{"@type":"ListItem","position":1,"name":"Home","item":"https:\/\/www.veltec.eu\/de\/"},{"@type":"ListItem","position":2,"name":"Produits","item":"https:\/\/www.veltec.eu\/fr\/shop\/"},{"@type":"ListItem","position":3,"name":"Kirby G6 Grundlage"}]},{"@type":"WebSite","@id":"https:\/\/www.veltec.eu\/en\/#website","url":"https:\/\/www.veltec.eu\/en\/","name":"Veltec Kirby specialist","description":"Kirby stofzuiger producten","publisher":{"@id":"https:\/\/www.veltec.eu\/en\/#organization"},"potentialAction":[{"@type":"SearchAction","target":{"@type":"EntryPoint","urlTemplate":"https:\/\/www.veltec.eu\/en\/?s={search_term_string}"},"query-input":{"@type":"PropertyValueSpecification","valueRequired":true,"valueName":"search_term_string"}}],"inLanguage":"de"},{"@type":"Organization","@id":"https:\/\/www.veltec.eu\/en\/#organization","name":"Veltec Kirby Specialist","url":"https:\/\/www.veltec.eu\/en\/","logo":{"@type":"ImageObject","inLanguage":"de","@id":"https:\/\/www.veltec.eu\/en\/#\/schema\/logo\/image\/","url":"https:\/\/www.veltec.eu\/wp-content\/uploads\/2021\/12\/Veltec-log-groot-e1537260889125.png","contentUrl":"https:\/\/www.veltec.eu\/wp-content\/uploads\/2021\/12\/Veltec-log-groot-e1537260889125.png","width":200,"height":60,"caption":"Veltec Kirby Specialist"},"image":{"@id":"https:\/\/www.veltec.eu\/en\/#\/schema\/logo\/image\/"},"sameAs":["https:\/\/www.facebook.com\/Veltec-Kirby-Specialist-236746293374877\/","https:\/\/www.youtube.com\/user\/VeltecService"]}]}},"_links":{"self":[{"href":"https:\/\/www.veltec.eu\/de\/wp-json\/wp\/v2\/product\/12184","targetHints":{"allow":["GET"]}}],"collection":[{"href":"https:\/\/www.veltec.eu\/de\/wp-json\/wp\/v2\/product"}],"about":[{"href":"https:\/\/www.veltec.eu\/de\/wp-json\/wp\/v2\/types\/product"}],"replies":[{"embeddable":true,"href":"https:\/\/www.veltec.eu\/de\/wp-json\/wp\/v2\/comments?post=12184"}],"wp:featuredmedia":[{"embeddable":true,"href":"https:\/\/www.veltec.eu\/de\/wp-json\/wp\/v2\/media\/85990"}],"wp:attachment":[{"href":"https:\/\/www.veltec.eu\/de\/wp-json\/wp\/v2\/media?parent=12184"}],"wp:term":[{"taxonomy":"product_brand","embeddable":true,"href":"https:\/\/www.veltec.eu\/de\/wp-json\/wp\/v2\/product_brand?post=12184"},{"taxonomy":"product_cat","embeddable":true,"href":"https:\/\/www.veltec.eu\/de\/wp-json\/wp\/v2\/product_cat?post=12184"},{"taxonomy":"product_tag","embeddable":true,"href":"https:\/\/www.veltec.eu\/de\/wp-json\/wp\/v2\/product_tag?post=12184"}],"curies":[{"name":"wp","href":"https:\/\/api.w.org\/{rel}","templated":true}]}}