{"id":12162,"date":"2018-10-16T11:07:38","date_gmt":"2018-10-16T09:07:38","guid":{"rendered":"https:\/\/www.veltec.eu\/kirby-webshop\/kirby-avalir\/"},"modified":"2026-05-06T11:03:25","modified_gmt":"2026-05-06T09:03:25","slug":"kirby-avalir-1-grundlage-nl565785","status":"publish","type":"product","link":"https:\/\/www.veltec.eu\/de\/product\/kirby-avalir-1-grundlage-nl565785\/","title":{"rendered":"Kirby Avalir 1 Grundlage"},"content":{"rendered":"<h1 data-start=\"345\" data-end=\"423\">Kirby Avalir 1 Grundlage \u2013 Werkstatt\u00fcberholt, Preiswert und Mit Garantie<\/h1>\n<p data-start=\"425\" data-end=\"1008\">Suchst du einen langlebigen, vielseitigen und leistungsstarken Staubsauger, ohne den hohen Preis eines Neuger\u00e4ts zu bezahlen? Dann ist der Kirby Avalir 1 Grundlage Werkstatt\u00fcberholt genau das Richtige f\u00fcr dich. Bei Veltec, deinem Kirby-Spezialisten, wird jedes Avalir-1-Ger\u00e4t vollst\u00e4ndig in unserer eigenen Fachwerkstatt \u00fcberholt. Dadurch erh\u00e4ltst du ein technisch einwandfreies Ger\u00e4t \u2013 professionell gereinigt, gewartet und mit 12 Monaten Garantie. Mit einem Kirby Avalir 1 Grundlage Werkstatt\u00fcberholt sparst du bis zu 60 % im Vergleich zum urspr\u00fcnglichen Verkaufspreis.<\/p>\n<h2 data-start=\"1015\" data-end=\"1084\">Warum einen Kirby Avalir 1 Grundlage Werkstatt\u00fcberholt w\u00e4hlen?<\/h2>\n<p data-start=\"1086\" data-end=\"1486\">Der Kirby Avalir 1\u00a0wurde zwischen 2014 und 2018 produziert und ist bis heute f\u00fcr seine beeindruckende Tiefenreinigungskraft bekannt. Durch unseren gr\u00fcndlichen \u00dcberholungsprozess wird jedes Ger\u00e4t komplett gepr\u00fcft, gereinigt und bei Bedarf mit neuen Teilen versehen.<\/p>\n<h2 data-start=\"1493\" data-end=\"1564\">Was erh\u00e4ltst du beim Kirby Avalir 1 Grundlage Werkstatt\u00fcberholt?<\/h2>\n<p data-start=\"1566\" data-end=\"1729\">Beim Kauf eines Kirby Avalir 1 Grundlage Werkstatt\u00fcberholt erh\u00e4ltst du ein vollst\u00e4ndig gereinigtes, gepr\u00fcftes und technisch \u00fcberholtes Ger\u00e4t inklusive Zubeh\u00f6r:<\/p>\n<ul data-start=\"1731\" data-end=\"1899\">\n<li data-start=\"1731\" data-end=\"1788\">16-teiliges Kirby-Zubeh\u00f6rset mit 2-Meter-Saugschlauch<\/li>\n<li data-start=\"1789\" data-end=\"1842\">Breiter Klopfsaugkopf mit leistungsstarker B\u00fcrste<\/li>\n<li data-start=\"1843\" data-end=\"1899\">Patentierter Kirby-Au\u00dfenstaubbeutel mit langem Griff<\/li>\n<\/ul>\n<p data-start=\"1901\" data-end=\"2161\">Diese Maschine ist entwickelt f\u00fcr alle Reinigungsaufgaben im Haushalt. Ob Teppich, Hartboden, Matratzenauffrischung oder Bodenpolitur \u2013 der Kirby Avalir 1 Grundlage Werkstatt\u00fcberholt bietet eine Vielseitigkeit, die in dieser Preisklasse kaum zu finden ist.<\/p>\n<p><img decoding=\"async\" class=\"alignnone wp-image-82953 size-portfolio\" src=\"https:\/\/www.veltec.eu\/wp-content\/uploads\/2018\/10\/Kirby-Avalir-box-1-1-495x400.jpg\" alt=\"Kirby Avalir 1 gereviseerd\" width=\"495\" height=\"400\" \/><\/p>\n<h2><\/h2>\n<h2 data-start=\"2220\" data-end=\"2282\">Was bedeutet ein werkstatt\u00fcberholter Kirby-Staubsauger?<\/h2>\n<p><img decoding=\"async\" class=\"alignright wp-image-85974 size-medium\" src=\"https:\/\/www.veltec.eu\/wp-content\/uploads\/2018\/09\/Kirby-refurbished-1-300x300.png\" alt=\"Kirby Avalir 1 Grundlage \u2013 Werkstatt\u00fcberholt\" width=\"300\" height=\"300\" srcset=\"https:\/\/www.veltec.eu\/wp-content\/uploads\/2018\/09\/Kirby-refurbished-1-300x300.png 300w, https:\/\/www.veltec.eu\/wp-content\/uploads\/2018\/09\/Kirby-refurbished-1-80x80.png 80w, https:\/\/www.veltec.eu\/wp-content\/uploads\/2018\/09\/Kirby-refurbished-1-36x36.png 36w, https:\/\/www.veltec.eu\/wp-content\/uploads\/2018\/09\/Kirby-refurbished-1-180x180.png 180w, https:\/\/www.veltec.eu\/wp-content\/uploads\/2018\/09\/Kirby-refurbished-1-120x120.png 120w, https:\/\/www.veltec.eu\/wp-content\/uploads\/2018\/09\/Kirby-refurbished-1-450x450.png 450w, https:\/\/www.veltec.eu\/wp-content\/uploads\/2018\/09\/Kirby-refurbished-1-600x600.png 600w, https:\/\/www.veltec.eu\/wp-content\/uploads\/2018\/09\/Kirby-refurbished-1-100x100.png 100w, https:\/\/www.veltec.eu\/wp-content\/uploads\/2018\/09\/Kirby-refurbished-1.png 626w\" sizes=\"(max-width: 300px) 100vw, 300px\" \/><\/p>\n<p data-start=\"2284\" data-end=\"2656\">Fragst du dich, was ein Werkstatt\u00fcberholt Kirby Avalir 1 Grundlage eigentlich ist? Die Antwort f\u00e4llt \u00fcberraschend positiv aus: Es handelt sich um einen bereits benutzten Kirby-Staubsauger, der in unserer Veltec-Fachwerkstatt komplett neu aufgebaut wird. Das Ger\u00e4t wird nicht nur gr\u00fcndlich gereinigt und poliert, sondern auch technisch vollst\u00e4ndig gepr\u00fcft und \u00fcberholt.<\/p>\n<h3 data-start=\"2663\" data-end=\"2715\">Wird der Staubsauger wirklich wieder wie neu?<\/h3>\n<p data-start=\"2717\" data-end=\"3137\">Ja, absolut! W\u00e4hrend des Werkstatt\u00fcberholungsprozesses durchl\u00e4uft der Kirby eine umfassende Inspektion. Alle Teile, die Verschlei\u00dferscheinungen zeigen \u2013 wie z. B. Motorbauteile, Kohleb\u00fcrsten oder Kugellager \u2013 werden ersetzt. Anschlie\u00dfend wird das Ger\u00e4t ausf\u00fchrlich getestet, damit es wieder den hohen Kirby-Qualit\u00e4tsstandards entspricht. Das Ergebnis: ein Staubsauger, der optisch und technisch nahezu neuwertig ist.<\/p>\n<h3 data-start=\"3144\" data-end=\"3186\">Warum ein \u00fcberholtes Modell w\u00e4hlen?<\/h3>\n<p data-start=\"3188\" data-end=\"3685\">Der gr\u00f6\u00dfte Vorteil des Kirby Avalir 1 Werkstatt\u00fcberholt ist das hervorragende Preis-Leistungs-Verh\u00e4ltnis. Du erh\u00e4ltst ein nahezu neuwertiges Ger\u00e4t mit der zuverl\u00e4ssigen Kirby-Qualit\u00e4t, aber zu einem deutlich niedrigeren Preis als ein Neumodell. Zus\u00e4tzlich wird jedes \u00fcberholte Ger\u00e4t mit 12 Monaten Garantie geliefert \u2013 inklusive Abdeckung wichtiger Motor- und Technikkomponenten. So bekommst du ein langlebiges und kraftvolles Ger\u00e4t, auf das du dich langfristig verlassen kannst.<\/p>\n<p data-start=\"3188\" data-end=\"3685\"><a href=\"https:\/\/www.veltec.eu\/de\/staubsauger-und-beutel\/kirby-werkstattueberholt\/\" target=\"_blank\" rel=\"noopener\">Hier finden Sie alle neuen und werkstatt\u00fcberholten Kirby-Staubsauger.\u00a0<\/a><\/p>\n<h2 data-start=\"3692\" data-end=\"3735\">Gesunde Luft und einfache Handhabung<\/h2>\n<p data-start=\"3737\" data-end=\"4192\">Der Kirby Avalir 1 Werkstatt\u00fcberholt ist mit einem fortschrittlichen HEPA-Filtersystem ausgestattet, das 99,97 % aller Staubpartikel und Allergene zur\u00fcckh\u00e4lt. Dadurch wird das Reinigen nicht nur effizienter, sondern auch ges\u00fcnder f\u00fcr dich, deine Familie und Haustiere. Die Bedienung ist intuitiv, der Wartungsaufwand gering, und Zubeh\u00f6rteile wie Spezialb\u00fcrsten sorgen daf\u00fcr, dass du selbst schwer erreichbare Stellen m\u00fchelos reinigen kannst.<\/p>\n<p>Auf unserer Website finden Sie eine \u00dcbersicht \u00fcber <a href=\"https:\/\/www.kirby-staubsauger-service.de\/kirby-ersatzteile\/\" target=\"_blank\" rel=\"noopener\">Original-Kirby-Ersatzteile<\/a>, mit denen Sie Ihr Kirby-System noch leistungsf\u00e4higer machen k\u00f6nnen.<\/p>\n<h2 data-start=\"4199\" data-end=\"4262\">Jetzt bestellen und professionell reinigen wie nie zuvor<\/h2>\n<p data-start=\"4264\" data-end=\"4648\">M\u00f6chtest du einen leistungsstarken, vielseitigen und zuverl\u00e4ssigen Staubsauger, ohne daf\u00fcr den Neupreis zu zahlen? Bestelle jetzt deinen Kirby Avalir 1 Grundlage Werkstatt\u00fcberholt und erlebe professionelle Reinigungsleistung in deinem Zuhause. Entdecke au\u00dferdem unser komplettes Sortiment an originalen Kirby-Ersatzteilen und Zubeh\u00f6r f\u00fcr zus\u00e4tzliche Erweiterungsm\u00f6glichkeiten.<\/p>\n","protected":false},"excerpt":{"rendered":"<p data-start=\"535\" data-end=\"762\">Der Kirby Avalir 1 Grundlage Werkstatt\u00fcberholt wird vollst\u00e4ndig in der Veltec-Kirby-Werkstatt \u00fcberholt, technisch gepr\u00fcft und professionell gereinigt. Ein leistungsstarker, zuverl\u00e4ssiger Staubsauger mit 12 Monaten Garantie.<\/p>\n[trustindex data-widget-id=31675542425128034566e10b5fb]\n<h3><span style=\"color: #008000;\"><br \/>\nVorr\u00e4tig<\/span><\/h3>\n[av_font_icon icon='ue812' font='entypo-fontello' style='' caption='' size='25px' position='left' color='#43ad66' link='' linktarget='' title_attr='' sonar_effect_effect='' sonar_effect_color='' sonar_effect_duration='1' sonar_effect_scale='' sonar_effect_opac='0.5' animation='' id='' custom_class='' template_class='' av_uid='' sc_version='1.0' admin_preview_bg=''][\/av_font_icon]\n<p><span style=\"color: #008000;\">Die Lieferzeit betr\u00e4gt zwischen 5-10 Arbeitstagen.<\/span><\/p>\n<p>&nbsp;<\/p>\n","protected":false},"featured_media":86038,"comment_status":"open","ping_status":"closed","template":"","meta":{"_acf_changed":false},"product_brand":[],"product_cat":[313,410],"product_tag":[],"class_list":{"0":"post-12162","1":"product","2":"type-product","3":"status-publish","4":"has-post-thumbnail","6":"product_cat-angebote","7":"product_cat-kirby-werkstattueberholt","8":"product_shipping_class-groot-de","10":"first","11":"instock","12":"sale","13":"taxable","14":"shipping-taxable","15":"purchasable","16":"product-type-simple"},"acf":[],"yoast_head":"<!-- This site is optimized with the Yoast SEO Premium plugin v27.1 (Yoast SEO v27.5) - https:\/\/yoast.com\/product\/yoast-seo-premium-wordpress\/ -->\n<title>Kirby Avalir 1 Grundlage Werkstatt\u00fcberholt mit Garantie<\/title>\n<meta name=\"description\" content=\"Kirby Avalir 1 Grundlage Werkstatt\u00fcberholt: gr\u00fcndlich \u00fcberholt in der Veltec-Werkstatt, leistungsstark, zuverl\u00e4ssig und mit 12 Monaten Garantie.\" \/>\n<meta name=\"robots\" content=\"index, follow, max-snippet:-1, max-image-preview:large, max-video-preview:-1\" \/>\n<link rel=\"canonical\" href=\"https:\/\/www.veltec.eu\/de\/product\/kirby-avalir-1-grundlage-nl565785\/\" \/>\n<meta property=\"og:locale\" content=\"de_DE\" \/>\n<meta property=\"og:type\" content=\"article\" \/>\n<meta property=\"og:title\" content=\"Kirby Avalir 1 Grundlage\" \/>\n<meta property=\"og:description\" content=\"Der Kirby Avalir 1 Grundlage Werkstatt\u00fcberholt wird vollst\u00e4ndig in der Veltec-Kirby-Werkstatt \u00fcberholt, technisch gepr\u00fcft und professionell gereinigt. Ein leistungsstarker, zuverl\u00e4ssiger Staubsauger mit 12 Monaten Garantie.   Vorr\u00e4tig   Die Lieferzeit betr\u00e4gt zwischen 5-10 Arbeitstagen.  &nbsp;\" \/>\n<meta property=\"og:url\" content=\"https:\/\/www.veltec.eu\/de\/product\/kirby-avalir-1-grundlage-nl565785\/\" \/>\n<meta property=\"og:site_name\" content=\"Veltec Kirby specialist\" \/>\n<meta property=\"article:publisher\" content=\"https:\/\/www.facebook.com\/Veltec-Kirby-Specialist-236746293374877\/\" \/>\n<meta property=\"article:modified_time\" content=\"2026-05-06T09:03:25+00:00\" \/>\n<meta property=\"og:image\" content=\"https:\/\/www.veltec.eu\/wp-content\/uploads\/2018\/10\/portfolio-avalir-1.png\" \/>\n\t<meta property=\"og:image:width\" content=\"620\" \/>\n\t<meta property=\"og:image:height\" content=\"620\" \/>\n\t<meta property=\"og:image:type\" content=\"image\/png\" \/>\n<meta name=\"twitter:card\" content=\"summary_large_image\" \/>\n<meta name=\"twitter:label1\" content=\"Gesch\u00e4tzte Lesezeit\" \/>\n\t<meta name=\"twitter:data1\" content=\"3\u00a0Minuten\" \/>\n<script type=\"application\/ld+json\" class=\"yoast-schema-graph\">{\"@context\":\"https:\\\/\\\/schema.org\",\"@graph\":[{\"@type\":\"WebPage\",\"@id\":\"https:\\\/\\\/www.veltec.eu\\\/de\\\/product\\\/kirby-avalir-1-grundlage-nl565785\\\/\",\"url\":\"https:\\\/\\\/www.veltec.eu\\\/de\\\/product\\\/kirby-avalir-1-grundlage-nl565785\\\/\",\"name\":\"Kirby Avalir 1 Grundlage Werkstatt\u00fcberholt mit Garantie\",\"isPartOf\":{\"@id\":\"https:\\\/\\\/www.veltec.eu\\\/en\\\/#website\"},\"primaryImageOfPage\":{\"@id\":\"https:\\\/\\\/www.veltec.eu\\\/de\\\/product\\\/kirby-avalir-1-grundlage-nl565785\\\/#primaryimage\"},\"image\":{\"@id\":\"https:\\\/\\\/www.veltec.eu\\\/de\\\/product\\\/kirby-avalir-1-grundlage-nl565785\\\/#primaryimage\"},\"thumbnailUrl\":\"https:\\\/\\\/www.veltec.eu\\\/wp-content\\\/uploads\\\/2018\\\/10\\\/portfolio-avalir-1.png\",\"datePublished\":\"2018-10-16T09:07:38+00:00\",\"dateModified\":\"2026-05-06T09:03:25+00:00\",\"description\":\"Kirby Avalir 1 Grundlage Werkstatt\u00fcberholt: gr\u00fcndlich \u00fcberholt in der Veltec-Werkstatt, leistungsstark, zuverl\u00e4ssig und mit 12 Monaten Garantie.\",\"breadcrumb\":{\"@id\":\"https:\\\/\\\/www.veltec.eu\\\/de\\\/product\\\/kirby-avalir-1-grundlage-nl565785\\\/#breadcrumb\"},\"inLanguage\":\"de\",\"potentialAction\":[{\"@type\":\"ReadAction\",\"target\":[\"https:\\\/\\\/www.veltec.eu\\\/de\\\/product\\\/kirby-avalir-1-grundlage-nl565785\\\/\"]}]},{\"@type\":\"ImageObject\",\"inLanguage\":\"de\",\"@id\":\"https:\\\/\\\/www.veltec.eu\\\/de\\\/product\\\/kirby-avalir-1-grundlage-nl565785\\\/#primaryimage\",\"url\":\"https:\\\/\\\/www.veltec.eu\\\/wp-content\\\/uploads\\\/2018\\\/10\\\/portfolio-avalir-1.png\",\"contentUrl\":\"https:\\\/\\\/www.veltec.eu\\\/wp-content\\\/uploads\\\/2018\\\/10\\\/portfolio-avalir-1.png\",\"width\":620,\"height\":620},{\"@type\":\"BreadcrumbList\",\"@id\":\"https:\\\/\\\/www.veltec.eu\\\/de\\\/product\\\/kirby-avalir-1-grundlage-nl565785\\\/#breadcrumb\",\"itemListElement\":[{\"@type\":\"ListItem\",\"position\":1,\"name\":\"Home\",\"item\":\"https:\\\/\\\/www.veltec.eu\\\/de\\\/startseite\\\/\"},{\"@type\":\"ListItem\",\"position\":2,\"name\":\"Kirby Laden\",\"item\":\"https:\\\/\\\/www.veltec.eu\\\/de\\\/kirby-laden\\\/\"},{\"@type\":\"ListItem\",\"position\":3,\"name\":\"Kirby Avalir 1 Grundlage\"}]},{\"@type\":\"WebSite\",\"@id\":\"https:\\\/\\\/www.veltec.eu\\\/en\\\/#website\",\"url\":\"https:\\\/\\\/www.veltec.eu\\\/en\\\/\",\"name\":\"Veltec Kirby specialist\",\"description\":\"Kirby stofzuiger producten\",\"publisher\":{\"@id\":\"https:\\\/\\\/www.veltec.eu\\\/en\\\/#organization\"},\"potentialAction\":[{\"@type\":\"SearchAction\",\"target\":{\"@type\":\"EntryPoint\",\"urlTemplate\":\"https:\\\/\\\/www.veltec.eu\\\/en\\\/?s={search_term_string}\"},\"query-input\":{\"@type\":\"PropertyValueSpecification\",\"valueRequired\":true,\"valueName\":\"search_term_string\"}}],\"inLanguage\":\"de\"},{\"@type\":\"Organization\",\"@id\":\"https:\\\/\\\/www.veltec.eu\\\/en\\\/#organization\",\"name\":\"Veltec Kirby Specialist\",\"url\":\"https:\\\/\\\/www.veltec.eu\\\/en\\\/\",\"logo\":{\"@type\":\"ImageObject\",\"inLanguage\":\"de\",\"@id\":\"https:\\\/\\\/www.veltec.eu\\\/en\\\/#\\\/schema\\\/logo\\\/image\\\/\",\"url\":\"https:\\\/\\\/www.veltec.eu\\\/wp-content\\\/uploads\\\/2021\\\/12\\\/Veltec-log-groot-e1537260889125.png\",\"contentUrl\":\"https:\\\/\\\/www.veltec.eu\\\/wp-content\\\/uploads\\\/2021\\\/12\\\/Veltec-log-groot-e1537260889125.png\",\"width\":200,\"height\":60,\"caption\":\"Veltec Kirby Specialist\"},\"image\":{\"@id\":\"https:\\\/\\\/www.veltec.eu\\\/en\\\/#\\\/schema\\\/logo\\\/image\\\/\"},\"sameAs\":[\"https:\\\/\\\/www.facebook.com\\\/Veltec-Kirby-Specialist-236746293374877\\\/\",\"https:\\\/\\\/www.youtube.com\\\/user\\\/VeltecService\"]}]}<\/script>\n<!-- \/ Yoast SEO Premium plugin. -->","yoast_head_json":{"title":"Kirby Avalir 1 Grundlage Werkstatt\u00fcberholt mit Garantie","description":"Kirby Avalir 1 Grundlage Werkstatt\u00fcberholt: gr\u00fcndlich \u00fcberholt in der Veltec-Werkstatt, leistungsstark, zuverl\u00e4ssig und mit 12 Monaten Garantie.","robots":{"index":"index","follow":"follow","max-snippet":"max-snippet:-1","max-image-preview":"max-image-preview:large","max-video-preview":"max-video-preview:-1"},"canonical":"https:\/\/www.veltec.eu\/de\/product\/kirby-avalir-1-grundlage-nl565785\/","og_locale":"de_DE","og_type":"article","og_title":"Kirby Avalir 1 Grundlage","og_description":"Der Kirby Avalir 1 Grundlage Werkstatt\u00fcberholt wird vollst\u00e4ndig in der Veltec-Kirby-Werkstatt \u00fcberholt, technisch gepr\u00fcft und professionell gereinigt. Ein leistungsstarker, zuverl\u00e4ssiger Staubsauger mit 12 Monaten Garantie.   Vorr\u00e4tig   Die Lieferzeit betr\u00e4gt zwischen 5-10 Arbeitstagen.  &nbsp;","og_url":"https:\/\/www.veltec.eu\/de\/product\/kirby-avalir-1-grundlage-nl565785\/","og_site_name":"Veltec Kirby specialist","article_publisher":"https:\/\/www.facebook.com\/Veltec-Kirby-Specialist-236746293374877\/","article_modified_time":"2026-05-06T09:03:25+00:00","og_image":[{"width":620,"height":620,"url":"https:\/\/www.veltec.eu\/wp-content\/uploads\/2018\/10\/portfolio-avalir-1.png","type":"image\/png"}],"twitter_card":"summary_large_image","twitter_misc":{"Gesch\u00e4tzte Lesezeit":"3\u00a0Minuten"},"schema":{"@context":"https:\/\/schema.org","@graph":[{"@type":"WebPage","@id":"https:\/\/www.veltec.eu\/de\/product\/kirby-avalir-1-grundlage-nl565785\/","url":"https:\/\/www.veltec.eu\/de\/product\/kirby-avalir-1-grundlage-nl565785\/","name":"Kirby Avalir 1 Grundlage Werkstatt\u00fcberholt mit Garantie","isPartOf":{"@id":"https:\/\/www.veltec.eu\/en\/#website"},"primaryImageOfPage":{"@id":"https:\/\/www.veltec.eu\/de\/product\/kirby-avalir-1-grundlage-nl565785\/#primaryimage"},"image":{"@id":"https:\/\/www.veltec.eu\/de\/product\/kirby-avalir-1-grundlage-nl565785\/#primaryimage"},"thumbnailUrl":"https:\/\/www.veltec.eu\/wp-content\/uploads\/2018\/10\/portfolio-avalir-1.png","datePublished":"2018-10-16T09:07:38+00:00","dateModified":"2026-05-06T09:03:25+00:00","description":"Kirby Avalir 1 Grundlage Werkstatt\u00fcberholt: gr\u00fcndlich \u00fcberholt in der Veltec-Werkstatt, leistungsstark, zuverl\u00e4ssig und mit 12 Monaten Garantie.","breadcrumb":{"@id":"https:\/\/www.veltec.eu\/de\/product\/kirby-avalir-1-grundlage-nl565785\/#breadcrumb"},"inLanguage":"de","potentialAction":[{"@type":"ReadAction","target":["https:\/\/www.veltec.eu\/de\/product\/kirby-avalir-1-grundlage-nl565785\/"]}]},{"@type":"ImageObject","inLanguage":"de","@id":"https:\/\/www.veltec.eu\/de\/product\/kirby-avalir-1-grundlage-nl565785\/#primaryimage","url":"https:\/\/www.veltec.eu\/wp-content\/uploads\/2018\/10\/portfolio-avalir-1.png","contentUrl":"https:\/\/www.veltec.eu\/wp-content\/uploads\/2018\/10\/portfolio-avalir-1.png","width":620,"height":620},{"@type":"BreadcrumbList","@id":"https:\/\/www.veltec.eu\/de\/product\/kirby-avalir-1-grundlage-nl565785\/#breadcrumb","itemListElement":[{"@type":"ListItem","position":1,"name":"Home","item":"https:\/\/www.veltec.eu\/de\/startseite\/"},{"@type":"ListItem","position":2,"name":"Kirby Laden","item":"https:\/\/www.veltec.eu\/de\/kirby-laden\/"},{"@type":"ListItem","position":3,"name":"Kirby Avalir 1 Grundlage"}]},{"@type":"WebSite","@id":"https:\/\/www.veltec.eu\/en\/#website","url":"https:\/\/www.veltec.eu\/en\/","name":"Veltec Kirby specialist","description":"Kirby stofzuiger producten","publisher":{"@id":"https:\/\/www.veltec.eu\/en\/#organization"},"potentialAction":[{"@type":"SearchAction","target":{"@type":"EntryPoint","urlTemplate":"https:\/\/www.veltec.eu\/en\/?s={search_term_string}"},"query-input":{"@type":"PropertyValueSpecification","valueRequired":true,"valueName":"search_term_string"}}],"inLanguage":"de"},{"@type":"Organization","@id":"https:\/\/www.veltec.eu\/en\/#organization","name":"Veltec Kirby Specialist","url":"https:\/\/www.veltec.eu\/en\/","logo":{"@type":"ImageObject","inLanguage":"de","@id":"https:\/\/www.veltec.eu\/en\/#\/schema\/logo\/image\/","url":"https:\/\/www.veltec.eu\/wp-content\/uploads\/2021\/12\/Veltec-log-groot-e1537260889125.png","contentUrl":"https:\/\/www.veltec.eu\/wp-content\/uploads\/2021\/12\/Veltec-log-groot-e1537260889125.png","width":200,"height":60,"caption":"Veltec Kirby Specialist"},"image":{"@id":"https:\/\/www.veltec.eu\/en\/#\/schema\/logo\/image\/"},"sameAs":["https:\/\/www.facebook.com\/Veltec-Kirby-Specialist-236746293374877\/","https:\/\/www.youtube.com\/user\/VeltecService"]}]}},"_links":{"self":[{"href":"https:\/\/www.veltec.eu\/de\/wp-json\/wp\/v2\/product\/12162","targetHints":{"allow":["GET"]}}],"collection":[{"href":"https:\/\/www.veltec.eu\/de\/wp-json\/wp\/v2\/product"}],"about":[{"href":"https:\/\/www.veltec.eu\/de\/wp-json\/wp\/v2\/types\/product"}],"replies":[{"embeddable":true,"href":"https:\/\/www.veltec.eu\/de\/wp-json\/wp\/v2\/comments?post=12162"}],"wp:featuredmedia":[{"embeddable":true,"href":"https:\/\/www.veltec.eu\/de\/wp-json\/wp\/v2\/media\/86038"}],"wp:attachment":[{"href":"https:\/\/www.veltec.eu\/de\/wp-json\/wp\/v2\/media?parent=12162"}],"wp:term":[{"taxonomy":"product_brand","embeddable":true,"href":"https:\/\/www.veltec.eu\/de\/wp-json\/wp\/v2\/product_brand?post=12162"},{"taxonomy":"product_cat","embeddable":true,"href":"https:\/\/www.veltec.eu\/de\/wp-json\/wp\/v2\/product_cat?post=12162"},{"taxonomy":"product_tag","embeddable":true,"href":"https:\/\/www.veltec.eu\/de\/wp-json\/wp\/v2\/product_tag?post=12162"}],"curies":[{"name":"wp","href":"https:\/\/api.w.org\/{rel}","templated":true}]}}