{"id":12142,"date":"2018-10-16T12:50:31","date_gmt":"2018-10-16T10:50:31","guid":{"rendered":"https:\/\/www.veltec.eu\/kirby-webshop\/kirby-verbindung-fullschlauch-nl3007\/"},"modified":"2025-01-20T16:15:11","modified_gmt":"2025-01-20T14:15:11","slug":"kirby-verbindung-fullschlauch-nl3007","status":"publish","type":"product","link":"https:\/\/www.veltec.eu\/de\/product\/kirby-verbindung-fullschlauch-nl3007\/","title":{"rendered":"Kirby Verbindung F\u00fcllschlauch"},"content":{"rendered":"<h1>Kirby Verbindung F\u00fcllschlauch<\/h1>\n<p>Kirby Verbindung F\u00fcllschlauch f\u00fcr den Kirby Staubsaugerbeutel.<\/p>\n<p><strong>Dieser Anschluss ist f\u00fcr jeden Kirby Staubsauger geeignet;<\/strong><\/p>\n<ul>\n<li>Avalir Platinum<\/li>\n<li>Avalir 2<\/li>\n<li>Avalir 1<\/li>\n<li>Sentria 2 (G10D)<\/li>\n<li>Sentria 1 (G10)<\/li>\n<li>Ultimate G Diamond Ed.(G7D or DE)<\/li>\n<li>Ultimate G (G7 or UG)<\/li>\n<li>Generation 6 (G6)<\/li>\n<li>Generation 5 (G5)<\/li>\n<li>Generation 4 (G4)<\/li>\n<li>Generation 3 (G3)<\/li>\n<\/ul>\n<div class=\"flex max-w-full flex-col flex-grow\">\n<div class=\"min-h-8 text-message flex w-full flex-col items-end gap-2 whitespace-normal break-words text-start [.text-message+&amp;]:mt-5\" dir=\"auto\" data-message-author-role=\"assistant\" data-message-id=\"0e8de7e0-26f4-48d9-8b87-63a7b4c35d81\" data-message-model-slug=\"gpt-4o\">\n<div class=\"flex w-full flex-col gap-1 empty:hidden first:pt-[3px]\">\n<div class=\"markdown prose w-full break-words dark:prose-invert light\">\n<h2>Kirby Verbindung F\u00fcllschlauch &#8211; Geeignet f\u00fcr Staubsaugerbeutel mit Drehverschluss<\/h2>\n<p>Der Kirby Verbindung F\u00fcllschlauch ist ein unverzichtbares Zubeh\u00f6r f\u00fcr Benutzer von Kirby-Staubsaugern. Diese D\u00fcse erleichtert das korrekte Anschlie\u00dfen von Staubsaugerbeuteln, so dass Sie sich stets einer optimalen Leistung sicher sein k\u00f6nnen. Dank seiner Kompatibilit\u00e4t mit alten und neuen Anschl\u00fcssen ist dieses Verbindungsst\u00fcck ein Muss f\u00fcr jeden, der effizient staubsaugen m\u00f6chte.<\/p>\n<p><a href=\"https:\/\/www.veltec.eu\/de\/kirby-aussenbeutel-und-zubehoer\/\">Hier finden Sie alles f\u00fcr den Kirby Outdoor-Beutel und Zubeh\u00f6r<\/a><\/p>\n<h3>Was ist der Kirby Connection-F\u00fcllschlauch?<\/h3>\n<p>Der Kirby Verbindung F\u00fcllschlauch ist das Verbindungsst\u00fcck, das Sie ben\u00f6tigen, um Ihre Kirby Staubsaugerbeutel korrekt zu installieren. Dieses neue Modell wurde speziell f\u00fcr die Twist-Saugerbeutel entwickelt, funktioniert aber auch problemlos mit fr\u00fcheren Modellen. Das innovative Verbindungsst\u00fcck sorgt daf\u00fcr, dass Sie sich keine Gedanken \u00fcber Kompatibilit\u00e4tsprobleme machen m\u00fcssen.<\/p>\n<p><strong>Hauptmerkmale dieses Produkts:<\/strong><\/p>\n<ul>\n<li>Geeignet f\u00fcr alle Kirby Staubsaugerbeutel.<\/li>\n<li>Einfache Installation und Verwendung.<\/li>\n<li>Aus strapazierf\u00e4higen Materialien f\u00fcr eine lange Lebensdauer.<\/li>\n<\/ul>\n<h3>Warum die neue Verbindung w\u00e4hlen?<\/h3>\n<p>Mit der Einf\u00fchrung der Twist-Style-Beutel hat Kirby f\u00fcr eine verbesserte Funktionalit\u00e4t und Benutzerfreundlichkeit gesorgt. Das bedeutet, dass die Kirby Connection perfekt mit der neuesten Generation von Staubsaugerbeuteln zusammenpasst. Dank seines universellen Designs funktioniert der Anschluss jedoch auch mit \u00e4lteren Beuteln. Das macht das Produkt zu einer zukunftssicheren Wahl f\u00fcr jeden Benutzer.<\/p>\n<p><strong>Die Vorteile des neuen Anschlusses:<\/strong><\/p>\n<ul>\n<li>Nahtlose Kompatibilit\u00e4t sowohl mit alten als auch mit neuen Beuteln.<\/li>\n<li>Geringeres Risiko von Leckagen oder falschem Anschluss.<\/li>\n<li>Geeignet f\u00fcr alle Kirby-Modelle.<\/li>\n<li>Universelle Kompatibilit\u00e4t<\/li>\n<\/ul>\n<p>Einer der gr\u00f6\u00dften Vorteile dieses Anschlusses ist, dass es keine Rolle mehr spielt, welche Art von Beutel Sie verwenden. Alle Staubsaugerbeutel von Kirby sind heute so konzipiert, dass sie sowohl mit alten als auch mit neuen Anschl\u00fcssen funktionieren. Das spart Ihnen Zeit und M\u00fche bei der Auswahl der richtigen Beutel.<\/p>\n<h3>Bestellen Sie noch heute!<\/h3>\n<p>Mit der Kirby Connection erhalten Sie ein zuverl\u00e4ssiges und einfach zu verwendendes Produkt. Egal, ob Sie auf die neuen Twist-Style-Beutel umsteigen oder noch \u00e4ltere Modelle verwenden, diese Verbindung bietet die perfekte L\u00f6sung. Warten Sie nicht l\u00e4nger und stellen Sie sicher, dass Ihr Kirby Staubsauger immer optimal funktioniert!<\/p>\n<p>Geben Sie Ihrem Staubsauger das Upgrade, das er verdient, und bestellen Sie den Kirby Verbindung F\u00fcllschlauch noch heute. Profitieren Sie von einer nahtlosen Verbindung, einfacher Verwendung und universeller Kompatibilit\u00e4t &#8211; alles verpackt in einem langlebigen und zuverl\u00e4ssigen Design.<\/p>\n<\/div>\n<\/div>\n<\/div>\n<\/div>\n","protected":false},"excerpt":{"rendered":"<p>Verbindungsst\u00fcck, um den Staubsaugerbeutel auf dem F\u00fcllschlauch zu befestigen.<\/p>\n[trustindex data-widget-id=31675542425128034566e10b5fb]\n<h3><span style=\"color: #008000;\"><br \/>\nVorr\u00e4tig<\/span><\/h3>\n[av_font_icon icon='ue812' font='entypo-fontello' style='' caption='' size='25px' position='left' color='#43ad66' link='' linktarget='' title_attr='' sonar_effect_effect='' sonar_effect_color='' sonar_effect_duration='1' sonar_effect_scale='' sonar_effect_opac='0.5' animation='' id='' custom_class='' template_class='' av_uid='' sc_version='1.0' admin_preview_bg=''][\/av_font_icon]\n<p><span style=\"color: #008000;\">Vor 23:59 uhr bestellt, morgen versendet<\/span><\/p>\n<p>&nbsp;<\/p>\n","protected":false},"featured_media":5923,"comment_status":"open","ping_status":"closed","template":"","meta":{"_acf_changed":false},"product_brand":[],"product_cat":[368],"product_tag":[],"class_list":{"0":"post-12142","1":"product","2":"type-product","3":"status-publish","4":"has-post-thumbnail","6":"product_cat-kirby-ausenbeutel-und-zubehor","7":"product_shipping_class-klein-de","9":"first","10":"instock","11":"taxable","12":"shipping-taxable","13":"purchasable","14":"product-type-simple"},"acf":[],"yoast_head":"<!-- This site is optimized with the Yoast SEO Premium plugin v27.1 (Yoast SEO v27.4) - https:\/\/yoast.com\/product\/yoast-seo-premium-wordpress\/ -->\n<title>Kirby Verbindung F\u00fcllschlauch - Veltec Kirby specialist<\/title>\n<meta name=\"description\" content=\"Kirby Verbindung F\u00fcllschlauch - Veltec ist seit \u00fcber 25 Jahren der Lieferant von Kirby Staubsaugern. Und ist Ihr vertrauensw\u00fcrdiger Kirby\" \/>\n<meta name=\"robots\" content=\"index, follow, max-snippet:-1, max-image-preview:large, max-video-preview:-1\" \/>\n<link rel=\"canonical\" href=\"https:\/\/www.veltec.eu\/de\/product\/kirby-verbindung-fullschlauch-nl3007\/\" \/>\n<meta property=\"og:locale\" content=\"de_DE\" \/>\n<meta property=\"og:type\" content=\"article\" \/>\n<meta property=\"og:title\" content=\"Kirby Verbindung F\u00fcllschlauch\" \/>\n<meta property=\"og:description\" content=\"Verbindungsst\u00fcck, um den Staubsaugerbeutel auf dem F\u00fcllschlauch zu befestigen.    Vorr\u00e4tig   Vor 23:59 uhr bestellt, morgen versendet  &nbsp;\" \/>\n<meta property=\"og:url\" content=\"https:\/\/www.veltec.eu\/de\/product\/kirby-verbindung-fullschlauch-nl3007\/\" \/>\n<meta property=\"og:site_name\" content=\"Veltec Kirby specialist\" \/>\n<meta property=\"article:publisher\" content=\"https:\/\/www.facebook.com\/Veltec-Kirby-Specialist-236746293374877\/\" \/>\n<meta property=\"article:modified_time\" content=\"2025-01-20T14:15:11+00:00\" \/>\n<meta property=\"og:image\" content=\"https:\/\/www.veltec.eu\/wp-content\/uploads\/2018\/10\/kirby_aansluiting_vulslang.jpg\" \/>\n\t<meta property=\"og:image:width\" content=\"300\" \/>\n\t<meta property=\"og:image:height\" content=\"300\" \/>\n\t<meta property=\"og:image:type\" content=\"image\/jpeg\" \/>\n<meta name=\"twitter:card\" content=\"summary_large_image\" \/>\n<meta name=\"twitter:label1\" content=\"Gesch\u00e4tzte Lesezeit\" \/>\n\t<meta name=\"twitter:data1\" content=\"3\u00a0Minuten\" \/>\n<script type=\"application\/ld+json\" class=\"yoast-schema-graph\">{\"@context\":\"https:\\\/\\\/schema.org\",\"@graph\":[{\"@type\":\"WebPage\",\"@id\":\"https:\\\/\\\/www.veltec.eu\\\/de\\\/product\\\/kirby-verbindung-fullschlauch-nl3007\\\/\",\"url\":\"https:\\\/\\\/www.veltec.eu\\\/de\\\/product\\\/kirby-verbindung-fullschlauch-nl3007\\\/\",\"name\":\"Kirby Verbindung F\u00fcllschlauch - Veltec Kirby specialist\",\"isPartOf\":{\"@id\":\"https:\\\/\\\/www.veltec.eu\\\/en\\\/#website\"},\"primaryImageOfPage\":{\"@id\":\"https:\\\/\\\/www.veltec.eu\\\/de\\\/product\\\/kirby-verbindung-fullschlauch-nl3007\\\/#primaryimage\"},\"image\":{\"@id\":\"https:\\\/\\\/www.veltec.eu\\\/de\\\/product\\\/kirby-verbindung-fullschlauch-nl3007\\\/#primaryimage\"},\"thumbnailUrl\":\"https:\\\/\\\/www.veltec.eu\\\/wp-content\\\/uploads\\\/2018\\\/10\\\/kirby_aansluiting_vulslang.jpg\",\"datePublished\":\"2018-10-16T10:50:31+00:00\",\"dateModified\":\"2025-01-20T14:15:11+00:00\",\"description\":\"Kirby Verbindung F\u00fcllschlauch - Veltec ist seit \u00fcber 25 Jahren der Lieferant von Kirby Staubsaugern. Und ist Ihr vertrauensw\u00fcrdiger Kirby\",\"breadcrumb\":{\"@id\":\"https:\\\/\\\/www.veltec.eu\\\/de\\\/product\\\/kirby-verbindung-fullschlauch-nl3007\\\/#breadcrumb\"},\"inLanguage\":\"de\",\"potentialAction\":[{\"@type\":\"ReadAction\",\"target\":[\"https:\\\/\\\/www.veltec.eu\\\/de\\\/product\\\/kirby-verbindung-fullschlauch-nl3007\\\/\"]}]},{\"@type\":\"ImageObject\",\"inLanguage\":\"de\",\"@id\":\"https:\\\/\\\/www.veltec.eu\\\/de\\\/product\\\/kirby-verbindung-fullschlauch-nl3007\\\/#primaryimage\",\"url\":\"https:\\\/\\\/www.veltec.eu\\\/wp-content\\\/uploads\\\/2018\\\/10\\\/kirby_aansluiting_vulslang.jpg\",\"contentUrl\":\"https:\\\/\\\/www.veltec.eu\\\/wp-content\\\/uploads\\\/2018\\\/10\\\/kirby_aansluiting_vulslang.jpg\",\"width\":300,\"height\":300,\"caption\":\"Kirby Verbindung F\u00fcllschlauch\"},{\"@type\":\"BreadcrumbList\",\"@id\":\"https:\\\/\\\/www.veltec.eu\\\/de\\\/product\\\/kirby-verbindung-fullschlauch-nl3007\\\/#breadcrumb\",\"itemListElement\":[{\"@type\":\"ListItem\",\"position\":1,\"name\":\"Home\",\"item\":\"https:\\\/\\\/www.veltec.eu\\\/de\\\/\"},{\"@type\":\"ListItem\",\"position\":2,\"name\":\"Kirby Shop\",\"item\":\"https:\\\/\\\/www.veltec.eu\\\/nl\\\/shop-page\\\/\"},{\"@type\":\"ListItem\",\"position\":3,\"name\":\"Kirby Verbindung F\u00fcllschlauch\"}]},{\"@type\":\"WebSite\",\"@id\":\"https:\\\/\\\/www.veltec.eu\\\/en\\\/#website\",\"url\":\"https:\\\/\\\/www.veltec.eu\\\/en\\\/\",\"name\":\"Veltec Kirby specialist\",\"description\":\"Kirby stofzuiger producten\",\"publisher\":{\"@id\":\"https:\\\/\\\/www.veltec.eu\\\/en\\\/#organization\"},\"potentialAction\":[{\"@type\":\"SearchAction\",\"target\":{\"@type\":\"EntryPoint\",\"urlTemplate\":\"https:\\\/\\\/www.veltec.eu\\\/en\\\/?s={search_term_string}\"},\"query-input\":{\"@type\":\"PropertyValueSpecification\",\"valueRequired\":true,\"valueName\":\"search_term_string\"}}],\"inLanguage\":\"de\"},{\"@type\":\"Organization\",\"@id\":\"https:\\\/\\\/www.veltec.eu\\\/en\\\/#organization\",\"name\":\"Veltec Kirby Specialist\",\"url\":\"https:\\\/\\\/www.veltec.eu\\\/en\\\/\",\"logo\":{\"@type\":\"ImageObject\",\"inLanguage\":\"de\",\"@id\":\"https:\\\/\\\/www.veltec.eu\\\/en\\\/#\\\/schema\\\/logo\\\/image\\\/\",\"url\":\"https:\\\/\\\/www.veltec.eu\\\/wp-content\\\/uploads\\\/2021\\\/12\\\/Veltec-log-groot-e1537260889125.png\",\"contentUrl\":\"https:\\\/\\\/www.veltec.eu\\\/wp-content\\\/uploads\\\/2021\\\/12\\\/Veltec-log-groot-e1537260889125.png\",\"width\":200,\"height\":60,\"caption\":\"Veltec Kirby Specialist\"},\"image\":{\"@id\":\"https:\\\/\\\/www.veltec.eu\\\/en\\\/#\\\/schema\\\/logo\\\/image\\\/\"},\"sameAs\":[\"https:\\\/\\\/www.facebook.com\\\/Veltec-Kirby-Specialist-236746293374877\\\/\",\"https:\\\/\\\/www.youtube.com\\\/user\\\/VeltecService\"]}]}<\/script>\n<!-- \/ Yoast SEO Premium plugin. -->","yoast_head_json":{"title":"Kirby Verbindung F\u00fcllschlauch - Veltec Kirby specialist","description":"Kirby Verbindung F\u00fcllschlauch - Veltec ist seit \u00fcber 25 Jahren der Lieferant von Kirby Staubsaugern. Und ist Ihr vertrauensw\u00fcrdiger Kirby","robots":{"index":"index","follow":"follow","max-snippet":"max-snippet:-1","max-image-preview":"max-image-preview:large","max-video-preview":"max-video-preview:-1"},"canonical":"https:\/\/www.veltec.eu\/de\/product\/kirby-verbindung-fullschlauch-nl3007\/","og_locale":"de_DE","og_type":"article","og_title":"Kirby Verbindung F\u00fcllschlauch","og_description":"Verbindungsst\u00fcck, um den Staubsaugerbeutel auf dem F\u00fcllschlauch zu befestigen.    Vorr\u00e4tig   Vor 23:59 uhr bestellt, morgen versendet  &nbsp;","og_url":"https:\/\/www.veltec.eu\/de\/product\/kirby-verbindung-fullschlauch-nl3007\/","og_site_name":"Veltec Kirby specialist","article_publisher":"https:\/\/www.facebook.com\/Veltec-Kirby-Specialist-236746293374877\/","article_modified_time":"2025-01-20T14:15:11+00:00","og_image":[{"width":300,"height":300,"url":"https:\/\/www.veltec.eu\/wp-content\/uploads\/2018\/10\/kirby_aansluiting_vulslang.jpg","type":"image\/jpeg"}],"twitter_card":"summary_large_image","twitter_misc":{"Gesch\u00e4tzte Lesezeit":"3\u00a0Minuten"},"schema":{"@context":"https:\/\/schema.org","@graph":[{"@type":"WebPage","@id":"https:\/\/www.veltec.eu\/de\/product\/kirby-verbindung-fullschlauch-nl3007\/","url":"https:\/\/www.veltec.eu\/de\/product\/kirby-verbindung-fullschlauch-nl3007\/","name":"Kirby Verbindung F\u00fcllschlauch - Veltec Kirby specialist","isPartOf":{"@id":"https:\/\/www.veltec.eu\/en\/#website"},"primaryImageOfPage":{"@id":"https:\/\/www.veltec.eu\/de\/product\/kirby-verbindung-fullschlauch-nl3007\/#primaryimage"},"image":{"@id":"https:\/\/www.veltec.eu\/de\/product\/kirby-verbindung-fullschlauch-nl3007\/#primaryimage"},"thumbnailUrl":"https:\/\/www.veltec.eu\/wp-content\/uploads\/2018\/10\/kirby_aansluiting_vulslang.jpg","datePublished":"2018-10-16T10:50:31+00:00","dateModified":"2025-01-20T14:15:11+00:00","description":"Kirby Verbindung F\u00fcllschlauch - Veltec ist seit \u00fcber 25 Jahren der Lieferant von Kirby Staubsaugern. Und ist Ihr vertrauensw\u00fcrdiger Kirby","breadcrumb":{"@id":"https:\/\/www.veltec.eu\/de\/product\/kirby-verbindung-fullschlauch-nl3007\/#breadcrumb"},"inLanguage":"de","potentialAction":[{"@type":"ReadAction","target":["https:\/\/www.veltec.eu\/de\/product\/kirby-verbindung-fullschlauch-nl3007\/"]}]},{"@type":"ImageObject","inLanguage":"de","@id":"https:\/\/www.veltec.eu\/de\/product\/kirby-verbindung-fullschlauch-nl3007\/#primaryimage","url":"https:\/\/www.veltec.eu\/wp-content\/uploads\/2018\/10\/kirby_aansluiting_vulslang.jpg","contentUrl":"https:\/\/www.veltec.eu\/wp-content\/uploads\/2018\/10\/kirby_aansluiting_vulslang.jpg","width":300,"height":300,"caption":"Kirby Verbindung F\u00fcllschlauch"},{"@type":"BreadcrumbList","@id":"https:\/\/www.veltec.eu\/de\/product\/kirby-verbindung-fullschlauch-nl3007\/#breadcrumb","itemListElement":[{"@type":"ListItem","position":1,"name":"Home","item":"https:\/\/www.veltec.eu\/de\/"},{"@type":"ListItem","position":2,"name":"Kirby Shop","item":"https:\/\/www.veltec.eu\/nl\/shop-page\/"},{"@type":"ListItem","position":3,"name":"Kirby Verbindung F\u00fcllschlauch"}]},{"@type":"WebSite","@id":"https:\/\/www.veltec.eu\/en\/#website","url":"https:\/\/www.veltec.eu\/en\/","name":"Veltec Kirby specialist","description":"Kirby stofzuiger producten","publisher":{"@id":"https:\/\/www.veltec.eu\/en\/#organization"},"potentialAction":[{"@type":"SearchAction","target":{"@type":"EntryPoint","urlTemplate":"https:\/\/www.veltec.eu\/en\/?s={search_term_string}"},"query-input":{"@type":"PropertyValueSpecification","valueRequired":true,"valueName":"search_term_string"}}],"inLanguage":"de"},{"@type":"Organization","@id":"https:\/\/www.veltec.eu\/en\/#organization","name":"Veltec Kirby Specialist","url":"https:\/\/www.veltec.eu\/en\/","logo":{"@type":"ImageObject","inLanguage":"de","@id":"https:\/\/www.veltec.eu\/en\/#\/schema\/logo\/image\/","url":"https:\/\/www.veltec.eu\/wp-content\/uploads\/2021\/12\/Veltec-log-groot-e1537260889125.png","contentUrl":"https:\/\/www.veltec.eu\/wp-content\/uploads\/2021\/12\/Veltec-log-groot-e1537260889125.png","width":200,"height":60,"caption":"Veltec Kirby Specialist"},"image":{"@id":"https:\/\/www.veltec.eu\/en\/#\/schema\/logo\/image\/"},"sameAs":["https:\/\/www.facebook.com\/Veltec-Kirby-Specialist-236746293374877\/","https:\/\/www.youtube.com\/user\/VeltecService"]}]}},"_links":{"self":[{"href":"https:\/\/www.veltec.eu\/de\/wp-json\/wp\/v2\/product\/12142","targetHints":{"allow":["GET"]}}],"collection":[{"href":"https:\/\/www.veltec.eu\/de\/wp-json\/wp\/v2\/product"}],"about":[{"href":"https:\/\/www.veltec.eu\/de\/wp-json\/wp\/v2\/types\/product"}],"replies":[{"embeddable":true,"href":"https:\/\/www.veltec.eu\/de\/wp-json\/wp\/v2\/comments?post=12142"}],"wp:featuredmedia":[{"embeddable":true,"href":"https:\/\/www.veltec.eu\/de\/wp-json\/wp\/v2\/media\/5923"}],"wp:attachment":[{"href":"https:\/\/www.veltec.eu\/de\/wp-json\/wp\/v2\/media?parent=12142"}],"wp:term":[{"taxonomy":"product_brand","embeddable":true,"href":"https:\/\/www.veltec.eu\/de\/wp-json\/wp\/v2\/product_brand?post=12142"},{"taxonomy":"product_cat","embeddable":true,"href":"https:\/\/www.veltec.eu\/de\/wp-json\/wp\/v2\/product_cat?post=12142"},{"taxonomy":"product_tag","embeddable":true,"href":"https:\/\/www.veltec.eu\/de\/wp-json\/wp\/v2\/product_tag?post=12142"}],"curies":[{"name":"wp","href":"https:\/\/api.w.org\/{rel}","templated":true}]}}