{"id":12082,"date":"2018-10-16T14:07:32","date_gmt":"2018-10-16T12:07:32","guid":{"rendered":"https:\/\/www.veltec.eu\/kirby-webshop\/buitenzak-voor-kirby-avalir\/"},"modified":"2024-12-23T14:46:49","modified_gmt":"2024-12-23T12:46:49","slug":"buitenzak-voor-kirby-avalir","status":"publish","type":"product","link":"https:\/\/www.veltec.eu\/de\/product\/buitenzak-voor-kirby-avalir\/","title":{"rendered":"Kirby Au\u00dfenbeutel Avalir"},"content":{"rendered":"<h1>Kirby Au\u00dfenbeutel Avalir<\/h1>\n<p>Kirby Au\u00dfenbeutel Avalir 1.<\/p>\n<p><strong>Diese Kirby Au\u00dfentasche ist f\u00fcr den untenstehenden Kirby Staubsauger geeignet;<\/strong><\/p>\n<ul>\n<li>Kirby Avalir 1<\/li>\n<\/ul>\n<h2>Original Kirby Au\u00dfenbeutel Avalir &#8211; Universell und stilvoll f\u00fcr jeden Kirby Staubsauger<\/h2>\n<p>Sind Sie auf der Suche nach einer hochwertigen Umh\u00e4ngetasche f\u00fcr Ihren Kirby Staubsauger? Die Avalir-Au\u00dfentasche wurde nicht nur speziell f\u00fcr den Kirby Avalir 1 entwickelt, sondern ist universell f\u00fcr alle Arten von Kirby Staubsaugern geeignet. Das bedeutet, dass Sie von der ultimativen Vielseitigkeit profitieren, unabh\u00e4ngig davon, welches Kirby-Modell Sie verwenden. Entdecken Sie weiter unten, warum diese Umh\u00e4ngetasche eine ausgezeichnete Wahl ist.<\/p>\n<p><a href=\"https:\/\/www.veltec.eu\/de\/kirby-aussenbeutel-und-zubehoer\/\">Hier finden Sie alles zum Kirby Au\u00dfenbeutel und Zubeh\u00f6r<\/a><\/p>\n<h3>Geeignet f\u00fcr alle Kirby Staubsauger<\/h3>\n<p>Die Avalir Outdoor Bag ist universell einsetzbar. Das bedeutet, dass Sie sich keine Gedanken \u00fcber die Kompatibilit\u00e4t mit Ihrem aktuellen Kirby-Modell machen m\u00fcssen. Egal, ob Sie den Kirby Avalir 1, Avalir 2 oder ein \u00e4lteres Modell verwenden, diese Au\u00dfentasche wird immer perfekt passen.<\/p>\n<ul>\n<li>Vielseitigkeit: Geeignet f\u00fcr jeden Kirby Staubsaugertyp.<\/li>\n<li>Einfacher Einbau: Innerhalb von Minuten ohne Werkzeug austauschbar.<\/li>\n<li>Langfristige Haltbarkeit: Original Kirby Qualit\u00e4t garantiert eine lange Lebensdauer.<\/li>\n<li>Original Kirby-Design<\/li>\n<\/ul>\n<p>Mit dem Outdoor-Beutel Avalir entscheiden Sie sich f\u00fcr ein Originalprodukt, das speziell entwickelt wurde, um sich nahtlos in die hohen Standards der Kirby Staubsauger einzuf\u00fcgen. So ist sichergestellt, dass Sie weiterhin optimale Leistung genie\u00dfen k\u00f6nnen.<\/p>\n<h3>Vorteile von Original Kirby-Zubeh\u00f6r:<\/h3>\n<ul>\n<li>Hochwertige Materialien: Widerstandsf\u00e4hig gegen Verschlei\u00df und intensive Nutzung.<\/li>\n<li>Perfekte Passform: Keine Undichtigkeiten oder Saugkraftverluste.<\/li>\n<li>Einzigartiges Design: Verleiht Ihrem Staubsauger ein modernes und stilvolles Aussehen.<\/li>\n<li>Einzigartiges Design f\u00fcr eine pers\u00f6nliche Note<\/li>\n<\/ul>\n<p>Der einzige Unterschied zwischen den verschiedenen Au\u00dfenbeuteln von Kirby ist das Design. Der Avalir Outdoor Bag zeichnet sich durch sein elegantes und modernes Aussehen aus und verleiht Ihrem Staubsauger ein sofortiges Upgrade. Egal, ob Sie einen zeitlosen Look oder einen moderneren Stil bevorzugen, diese Au\u00dfentasche passt perfekt zu Ihren Bed\u00fcrfnissen.<\/p>\n<p>Zeitgem\u00e4\u00dfer Look: F\u00fcr ein frisches und modernes Interieur.<br \/>\nStilvoll und funktionell: wertet den Look Ihres Staubsaugers auf, ohne die Leistung zu beeintr\u00e4chtigen.<\/p>\n<h3>Warum sollten Sie sich f\u00fcr die Kirby Au\u00dfenbeutel Avalir entscheiden?<\/h3>\n<p>Mit der Avalir-Au\u00dfentasche investieren Sie in Qualit\u00e4t, Funktionalit\u00e4t und Stil. Dieses Originalprodukt bietet das perfekte Gleichgewicht zwischen Haltbarkeit und attraktivem Design. Dank seiner universellen Passform ist es eine problemlose Wahl f\u00fcr alle Kirby-Staubsauger.<\/p>\n<h3>Zusammenfassung:<\/h3>\n<p>Universell und einfach zu montieren.<br \/>\nHergestellt aus hochwertigen, strapazierf\u00e4higen Materialien.<br \/>\nVersch\u00f6nert Ihren Staubsauger mit einem einzigartigen Design.<\/p>\n<p>Steigen Sie noch heute auf den Au\u00dfenbeutel Avalir um und erleben Sie den Unterschied, den ein Originalprodukt von Kirby ausmachen kann. Ihr Staubsauger und Ihr Reinigungserlebnis haben nichts anderes verdient!<\/p>\n","protected":false},"excerpt":{"rendered":"<p>Kirby Au\u00dfenbeutel Avalir.<\/p>\n[trustindex data-widget-id=31675542425128034566e10b5fb]\n<h3><span style=\"color: #008000;\"><br \/>\nVorr\u00e4tig<\/span><\/h3>\n[av_font_icon icon='ue812' font='entypo-fontello' style='' caption='' size='25px' position='left' color='#43ad66' link='' linktarget='' title_attr='' sonar_effect_effect='' sonar_effect_color='' sonar_effect_duration='1' sonar_effect_scale='' sonar_effect_opac='0.5' animation='' id='' custom_class='' template_class='' av_uid='' sc_version='1.0' admin_preview_bg=''][\/av_font_icon]\n<p><span style=\"color: #008000;\">Vor 23:59 uhr bestellt, morgen versendet<\/span><\/p>\n<p>&nbsp;<\/p>\n","protected":false},"featured_media":34419,"comment_status":"open","ping_status":"closed","template":"","meta":{"_acf_changed":false},"product_brand":[],"product_cat":[368],"product_tag":[],"class_list":{"0":"post-12082","1":"product","2":"type-product","3":"status-publish","4":"has-post-thumbnail","6":"product_cat-kirby-ausenbeutel-und-zubehor","8":"first","9":"instock","10":"sale","11":"taxable","12":"shipping-taxable","13":"purchasable","14":"product-type-simple"},"acf":[],"yoast_head":"<!-- This site is optimized with the Yoast SEO Premium plugin v27.1 (Yoast SEO v27.4) - https:\/\/yoast.com\/product\/yoast-seo-premium-wordpress\/ -->\n<title>Kirby Au\u00dfenbeutel Avalir - Veltec Kirby specialist<\/title>\n<meta name=\"description\" content=\"Kirby Au\u00dfenbeutel Avalir - Veltec ist seit \u00fcber 25 Jahren der Lieferant von Kirby Staubsaugern. Und ist Ihr vertrauensw\u00fcrdiger Kirby-Service\" \/>\n<meta name=\"robots\" content=\"index, follow, max-snippet:-1, max-image-preview:large, max-video-preview:-1\" \/>\n<link rel=\"canonical\" href=\"https:\/\/www.veltec.eu\/de\/product\/buitenzak-voor-kirby-avalir\/\" \/>\n<meta property=\"og:locale\" content=\"de_DE\" \/>\n<meta property=\"og:type\" content=\"article\" \/>\n<meta property=\"og:title\" content=\"Kirby Au\u00dfenbeutel Avalir\" \/>\n<meta property=\"og:description\" content=\"Kirby Au\u00dfenbeutel Avalir.    Vorr\u00e4tig   Vor 23:59 uhr bestellt, morgen versendet  &nbsp;\" \/>\n<meta property=\"og:url\" content=\"https:\/\/www.veltec.eu\/de\/product\/buitenzak-voor-kirby-avalir\/\" \/>\n<meta property=\"og:site_name\" content=\"Veltec Kirby specialist\" \/>\n<meta property=\"article:publisher\" content=\"https:\/\/www.facebook.com\/Veltec-Kirby-Specialist-236746293374877\/\" \/>\n<meta property=\"article:modified_time\" content=\"2024-12-23T12:46:49+00:00\" \/>\n<meta property=\"og:image\" content=\"https:\/\/www.veltec.eu\/wp-content\/uploads\/2018\/10\/Kirby-bag-Avalir.jpg\" \/>\n\t<meta property=\"og:image:width\" content=\"400\" \/>\n\t<meta property=\"og:image:height\" content=\"386\" \/>\n\t<meta property=\"og:image:type\" content=\"image\/jpeg\" \/>\n<meta name=\"twitter:card\" content=\"summary_large_image\" \/>\n<meta name=\"twitter:label1\" content=\"Gesch\u00e4tzte Lesezeit\" \/>\n\t<meta name=\"twitter:data1\" content=\"3\u00a0Minuten\" \/>\n<script type=\"application\/ld+json\" class=\"yoast-schema-graph\">{\"@context\":\"https:\\\/\\\/schema.org\",\"@graph\":[{\"@type\":\"WebPage\",\"@id\":\"https:\\\/\\\/www.veltec.eu\\\/de\\\/product\\\/buitenzak-voor-kirby-avalir\\\/\",\"url\":\"https:\\\/\\\/www.veltec.eu\\\/de\\\/product\\\/buitenzak-voor-kirby-avalir\\\/\",\"name\":\"Kirby Au\u00dfenbeutel Avalir - Veltec Kirby specialist\",\"isPartOf\":{\"@id\":\"https:\\\/\\\/www.veltec.eu\\\/en\\\/#website\"},\"primaryImageOfPage\":{\"@id\":\"https:\\\/\\\/www.veltec.eu\\\/de\\\/product\\\/buitenzak-voor-kirby-avalir\\\/#primaryimage\"},\"image\":{\"@id\":\"https:\\\/\\\/www.veltec.eu\\\/de\\\/product\\\/buitenzak-voor-kirby-avalir\\\/#primaryimage\"},\"thumbnailUrl\":\"https:\\\/\\\/www.veltec.eu\\\/wp-content\\\/uploads\\\/2018\\\/10\\\/Kirby-bag-Avalir.jpg\",\"datePublished\":\"2018-10-16T12:07:32+00:00\",\"dateModified\":\"2024-12-23T12:46:49+00:00\",\"description\":\"Kirby Au\u00dfenbeutel Avalir - Veltec ist seit \u00fcber 25 Jahren der Lieferant von Kirby Staubsaugern. Und ist Ihr vertrauensw\u00fcrdiger Kirby-Service\",\"breadcrumb\":{\"@id\":\"https:\\\/\\\/www.veltec.eu\\\/de\\\/product\\\/buitenzak-voor-kirby-avalir\\\/#breadcrumb\"},\"inLanguage\":\"de\",\"potentialAction\":[{\"@type\":\"ReadAction\",\"target\":[\"https:\\\/\\\/www.veltec.eu\\\/de\\\/product\\\/buitenzak-voor-kirby-avalir\\\/\"]}]},{\"@type\":\"ImageObject\",\"inLanguage\":\"de\",\"@id\":\"https:\\\/\\\/www.veltec.eu\\\/de\\\/product\\\/buitenzak-voor-kirby-avalir\\\/#primaryimage\",\"url\":\"https:\\\/\\\/www.veltec.eu\\\/wp-content\\\/uploads\\\/2018\\\/10\\\/Kirby-bag-Avalir.jpg\",\"contentUrl\":\"https:\\\/\\\/www.veltec.eu\\\/wp-content\\\/uploads\\\/2018\\\/10\\\/Kirby-bag-Avalir.jpg\",\"width\":400,\"height\":386},{\"@type\":\"BreadcrumbList\",\"@id\":\"https:\\\/\\\/www.veltec.eu\\\/de\\\/product\\\/buitenzak-voor-kirby-avalir\\\/#breadcrumb\",\"itemListElement\":[{\"@type\":\"ListItem\",\"position\":1,\"name\":\"Home\",\"item\":\"https:\\\/\\\/www.veltec.eu\\\/de\\\/\"},{\"@type\":\"ListItem\",\"position\":2,\"name\":\"Kirby Laden\",\"item\":\"https:\\\/\\\/www.veltec.eu\\\/de\\\/kirby-laden\\\/\"},{\"@type\":\"ListItem\",\"position\":3,\"name\":\"Kirby Au\u00dfenbeutel Avalir\"}]},{\"@type\":\"WebSite\",\"@id\":\"https:\\\/\\\/www.veltec.eu\\\/en\\\/#website\",\"url\":\"https:\\\/\\\/www.veltec.eu\\\/en\\\/\",\"name\":\"Veltec Kirby specialist\",\"description\":\"Kirby stofzuiger producten\",\"publisher\":{\"@id\":\"https:\\\/\\\/www.veltec.eu\\\/en\\\/#organization\"},\"potentialAction\":[{\"@type\":\"SearchAction\",\"target\":{\"@type\":\"EntryPoint\",\"urlTemplate\":\"https:\\\/\\\/www.veltec.eu\\\/en\\\/?s={search_term_string}\"},\"query-input\":{\"@type\":\"PropertyValueSpecification\",\"valueRequired\":true,\"valueName\":\"search_term_string\"}}],\"inLanguage\":\"de\"},{\"@type\":\"Organization\",\"@id\":\"https:\\\/\\\/www.veltec.eu\\\/en\\\/#organization\",\"name\":\"Veltec Kirby Specialist\",\"url\":\"https:\\\/\\\/www.veltec.eu\\\/en\\\/\",\"logo\":{\"@type\":\"ImageObject\",\"inLanguage\":\"de\",\"@id\":\"https:\\\/\\\/www.veltec.eu\\\/en\\\/#\\\/schema\\\/logo\\\/image\\\/\",\"url\":\"https:\\\/\\\/www.veltec.eu\\\/wp-content\\\/uploads\\\/2021\\\/12\\\/Veltec-log-groot-e1537260889125.png\",\"contentUrl\":\"https:\\\/\\\/www.veltec.eu\\\/wp-content\\\/uploads\\\/2021\\\/12\\\/Veltec-log-groot-e1537260889125.png\",\"width\":200,\"height\":60,\"caption\":\"Veltec Kirby Specialist\"},\"image\":{\"@id\":\"https:\\\/\\\/www.veltec.eu\\\/en\\\/#\\\/schema\\\/logo\\\/image\\\/\"},\"sameAs\":[\"https:\\\/\\\/www.facebook.com\\\/Veltec-Kirby-Specialist-236746293374877\\\/\",\"https:\\\/\\\/www.youtube.com\\\/user\\\/VeltecService\"]}]}<\/script>\n<!-- \/ Yoast SEO Premium plugin. -->","yoast_head_json":{"title":"Kirby Au\u00dfenbeutel Avalir - Veltec Kirby specialist","description":"Kirby Au\u00dfenbeutel Avalir - Veltec ist seit \u00fcber 25 Jahren der Lieferant von Kirby Staubsaugern. Und ist Ihr vertrauensw\u00fcrdiger Kirby-Service","robots":{"index":"index","follow":"follow","max-snippet":"max-snippet:-1","max-image-preview":"max-image-preview:large","max-video-preview":"max-video-preview:-1"},"canonical":"https:\/\/www.veltec.eu\/de\/product\/buitenzak-voor-kirby-avalir\/","og_locale":"de_DE","og_type":"article","og_title":"Kirby Au\u00dfenbeutel Avalir","og_description":"Kirby Au\u00dfenbeutel Avalir.    Vorr\u00e4tig   Vor 23:59 uhr bestellt, morgen versendet  &nbsp;","og_url":"https:\/\/www.veltec.eu\/de\/product\/buitenzak-voor-kirby-avalir\/","og_site_name":"Veltec Kirby specialist","article_publisher":"https:\/\/www.facebook.com\/Veltec-Kirby-Specialist-236746293374877\/","article_modified_time":"2024-12-23T12:46:49+00:00","og_image":[{"width":400,"height":386,"url":"https:\/\/www.veltec.eu\/wp-content\/uploads\/2018\/10\/Kirby-bag-Avalir.jpg","type":"image\/jpeg"}],"twitter_card":"summary_large_image","twitter_misc":{"Gesch\u00e4tzte Lesezeit":"3\u00a0Minuten"},"schema":{"@context":"https:\/\/schema.org","@graph":[{"@type":"WebPage","@id":"https:\/\/www.veltec.eu\/de\/product\/buitenzak-voor-kirby-avalir\/","url":"https:\/\/www.veltec.eu\/de\/product\/buitenzak-voor-kirby-avalir\/","name":"Kirby Au\u00dfenbeutel Avalir - Veltec Kirby specialist","isPartOf":{"@id":"https:\/\/www.veltec.eu\/en\/#website"},"primaryImageOfPage":{"@id":"https:\/\/www.veltec.eu\/de\/product\/buitenzak-voor-kirby-avalir\/#primaryimage"},"image":{"@id":"https:\/\/www.veltec.eu\/de\/product\/buitenzak-voor-kirby-avalir\/#primaryimage"},"thumbnailUrl":"https:\/\/www.veltec.eu\/wp-content\/uploads\/2018\/10\/Kirby-bag-Avalir.jpg","datePublished":"2018-10-16T12:07:32+00:00","dateModified":"2024-12-23T12:46:49+00:00","description":"Kirby Au\u00dfenbeutel Avalir - Veltec ist seit \u00fcber 25 Jahren der Lieferant von Kirby Staubsaugern. Und ist Ihr vertrauensw\u00fcrdiger Kirby-Service","breadcrumb":{"@id":"https:\/\/www.veltec.eu\/de\/product\/buitenzak-voor-kirby-avalir\/#breadcrumb"},"inLanguage":"de","potentialAction":[{"@type":"ReadAction","target":["https:\/\/www.veltec.eu\/de\/product\/buitenzak-voor-kirby-avalir\/"]}]},{"@type":"ImageObject","inLanguage":"de","@id":"https:\/\/www.veltec.eu\/de\/product\/buitenzak-voor-kirby-avalir\/#primaryimage","url":"https:\/\/www.veltec.eu\/wp-content\/uploads\/2018\/10\/Kirby-bag-Avalir.jpg","contentUrl":"https:\/\/www.veltec.eu\/wp-content\/uploads\/2018\/10\/Kirby-bag-Avalir.jpg","width":400,"height":386},{"@type":"BreadcrumbList","@id":"https:\/\/www.veltec.eu\/de\/product\/buitenzak-voor-kirby-avalir\/#breadcrumb","itemListElement":[{"@type":"ListItem","position":1,"name":"Home","item":"https:\/\/www.veltec.eu\/de\/"},{"@type":"ListItem","position":2,"name":"Kirby Laden","item":"https:\/\/www.veltec.eu\/de\/kirby-laden\/"},{"@type":"ListItem","position":3,"name":"Kirby Au\u00dfenbeutel Avalir"}]},{"@type":"WebSite","@id":"https:\/\/www.veltec.eu\/en\/#website","url":"https:\/\/www.veltec.eu\/en\/","name":"Veltec Kirby specialist","description":"Kirby stofzuiger producten","publisher":{"@id":"https:\/\/www.veltec.eu\/en\/#organization"},"potentialAction":[{"@type":"SearchAction","target":{"@type":"EntryPoint","urlTemplate":"https:\/\/www.veltec.eu\/en\/?s={search_term_string}"},"query-input":{"@type":"PropertyValueSpecification","valueRequired":true,"valueName":"search_term_string"}}],"inLanguage":"de"},{"@type":"Organization","@id":"https:\/\/www.veltec.eu\/en\/#organization","name":"Veltec Kirby Specialist","url":"https:\/\/www.veltec.eu\/en\/","logo":{"@type":"ImageObject","inLanguage":"de","@id":"https:\/\/www.veltec.eu\/en\/#\/schema\/logo\/image\/","url":"https:\/\/www.veltec.eu\/wp-content\/uploads\/2021\/12\/Veltec-log-groot-e1537260889125.png","contentUrl":"https:\/\/www.veltec.eu\/wp-content\/uploads\/2021\/12\/Veltec-log-groot-e1537260889125.png","width":200,"height":60,"caption":"Veltec Kirby Specialist"},"image":{"@id":"https:\/\/www.veltec.eu\/en\/#\/schema\/logo\/image\/"},"sameAs":["https:\/\/www.facebook.com\/Veltec-Kirby-Specialist-236746293374877\/","https:\/\/www.youtube.com\/user\/VeltecService"]}]}},"_links":{"self":[{"href":"https:\/\/www.veltec.eu\/de\/wp-json\/wp\/v2\/product\/12082","targetHints":{"allow":["GET"]}}],"collection":[{"href":"https:\/\/www.veltec.eu\/de\/wp-json\/wp\/v2\/product"}],"about":[{"href":"https:\/\/www.veltec.eu\/de\/wp-json\/wp\/v2\/types\/product"}],"replies":[{"embeddable":true,"href":"https:\/\/www.veltec.eu\/de\/wp-json\/wp\/v2\/comments?post=12082"}],"wp:featuredmedia":[{"embeddable":true,"href":"https:\/\/www.veltec.eu\/de\/wp-json\/wp\/v2\/media\/34419"}],"wp:attachment":[{"href":"https:\/\/www.veltec.eu\/de\/wp-json\/wp\/v2\/media?parent=12082"}],"wp:term":[{"taxonomy":"product_brand","embeddable":true,"href":"https:\/\/www.veltec.eu\/de\/wp-json\/wp\/v2\/product_brand?post=12082"},{"taxonomy":"product_cat","embeddable":true,"href":"https:\/\/www.veltec.eu\/de\/wp-json\/wp\/v2\/product_cat?post=12082"},{"taxonomy":"product_tag","embeddable":true,"href":"https:\/\/www.veltec.eu\/de\/wp-json\/wp\/v2\/product_tag?post=12082"}],"curies":[{"name":"wp","href":"https:\/\/api.w.org\/{rel}","templated":true}]}}