{"id":12072,"date":"2018-10-16T14:23:13","date_gmt":"2018-10-16T12:23:13","guid":{"rendered":"https:\/\/www.veltec.eu\/kirby-webshop\/kirby-buitenzak-compleet-gereconditioneerd-nl203304\/"},"modified":"2026-05-11T13:46:01","modified_gmt":"2026-05-11T11:46:01","slug":"kirby-ausenbeutel-komplett-uberholt-nl203304","status":"publish","type":"product","link":"https:\/\/www.veltec.eu\/de\/product\/kirby-ausenbeutel-komplett-uberholt-nl203304\/","title":{"rendered":"Kirby Au\u00dfenbeutel komplett \u00fcberholt"},"content":{"rendered":"<h1>Kirby Au\u00dfenbeutel komplett \u00fcberholt<\/h1>\n<p>Ein Kirby Au\u00dfenbeutel komplett \u00fcberholt ist ein kompletter Au\u00dfenbeutel f\u00fcr den Kirby Staubsauger mit Kirby mini Emptor und F\u00fcllschlauch<br \/>\n(Twist-Style Anschluss)<br \/>\nBitte beachten Sie, dass es sich hierbei nicht um ein neues Produkt handelt, sondern dass es zu 100% in Ordnung ist und mit einem Rabatt von 122,95 \u20ac im Vergleich zu einem neuen Kirby Staubsaugerbeutel.<\/p>\n<p><strong>Dieser Kirby Au\u00dfenbeutel ist f\u00fcr jeden Kirby Staubsauger geeignet;<\/strong><\/p>\n<ul>\n<li>Avalir Platinum<\/li>\n<li>Avalir 2<\/li>\n<li>Avalir 1<\/li>\n<li>Sentria 2 (G10D)<\/li>\n<li>Sentria 1 (G10)<\/li>\n<li>Ultimate G Diamond Ed.(G7D or DE)<\/li>\n<li>Ultimate G (G7 or UG)<\/li>\n<li>Generation 6 (G6)<\/li>\n<li>Generation 5 (G5)<\/li>\n<li>Generation 4 (G4)<\/li>\n<li>Generation 3 (G3)<\/li>\n<\/ul>\n<h2>Kirby Au\u00dfenbeutel komplett \u00fcberholt &#8211; Spitzenqualit\u00e4t f\u00fcr Ihren Kirby Staubsauger<\/h2>\n<p>Der Kirby Outdoor Bag Complete Reconditioned ist die perfekte Wahl f\u00fcr alle, die das Beste aus ihrem Kirby Staubsauger herausholen wollen. Dieser Original-Au\u00dfenbeutel von Kirby wurde sorgf\u00e4ltig \u00fcberholt, d.h. er wurde gr\u00fcndlich gepr\u00fcft, gereinigt und ist voll einsatzbereit. Ganz gleich, ob Sie Ihre aktuelle Au\u00dfentasche ersetzen m\u00f6chten oder eine zus\u00e4tzliche Tasche ben\u00f6tigen, diese \u00fcberholte Au\u00dfentasche ist eine dauerhafte und zuverl\u00e4ssige L\u00f6sung.<\/p>\n<p><a href=\"https:\/\/www.veltec.eu\/de\/staubsauger-und-beutel\/kirby-ausenbeutel-und-zubehor\/\">Hier finden Sie die Kategorie Kirby Outdoor-Taschen und Zubeh\u00f6r<\/a><\/p>\n<h3>Was macht diese Kirby-Au\u00dfentasche so einzigartig?<\/h3>\n<p>Die Kirby-Au\u00dfentasche Complete Reconditioned wurde speziell daf\u00fcr entwickelt, perfekt auf alle Staubsaugermodelle von Kirby zu passen. Dank seines Originaldesigns und seiner hochwertigen Verarbeitung k\u00f6nnen Sie sich auf eine optimale Staubaufnahme und einen optimalen Luftstrom verlassen, was f\u00fcr ein effizientes Staubsaugergebnis entscheidend ist.<\/p>\n<h3>Vorteile eines Kirby Au\u00dfenbeutel komplett \u00fcberholt<\/h3>\n<ul>\n<li>Originalteil von Kirby: Sie haben die Gewissheit, dass der Au\u00dfenbeutel perfekt zu Ihrem Staubsauger passt.<\/li>\n<li>Gr\u00fcndlich \u00fcberholt: Dieser Au\u00dfenbeutel wurde professionell gereinigt, getestet und auf eventuelle M\u00e4ngel \u00fcberpr\u00fcft. Dadurch funktioniert er wie neu.<\/li>\n<li>Kostensparend und nachhaltig: Mit der Wahl eines wiederaufbereiteten Produkts leisten Sie einen Beitrag zur Nachhaltigkeit und sparen Kosten im Vergleich zu einem neuen Staubsaugerbeutel.<\/li>\n<li>100% funktionsf\u00e4hig: Dieser Au\u00dfenbeutel funktioniert so, wie Sie es von einem Originalprodukt von Kirby erwarten.<\/li>\n<\/ul>\n<h3>Passend f\u00fcr alle Kirby Staubsaugermodelle<\/h3>\n<p>Einer der gr\u00f6\u00dften Vorteile dieses Au\u00dfenbeutels ist, dass er f\u00fcr alle Kirby Staubsaugermodelle geeignet ist. Ganz gleich, ob Sie einen \u00e4lteren Staubsauger der Kirby G-Serie oder ein neueres Modell verwenden, Sie k\u00f6nnen sicher sein, dass dieser Au\u00dfenbeutel nahtlos passt. Dieses universelle Design macht den Austausch Ihres Au\u00dfenbeutels einfach und problemlos.<\/p>\n<h3>Warum sollten Sie sich f\u00fcr einen originalen Kirby Au\u00dfenbeutel komplett \u00fcberholt entscheiden?<\/h3>\n<p>Mit einem Original-Au\u00dfensack von Kirby haben Sie die Gewissheit, dass Sie h\u00f6chste Qualit\u00e4t erhalten. Gef\u00e4lschte Teile sehen zwar auf den ersten Blick attraktiv aus, bieten aber oft eine minderwertige Leistung und haben eine k\u00fcrzere Lebensdauer. Diese \u00fcberholte Outdoor-Tasche bietet das perfekte Gleichgewicht zwischen Qualit\u00e4t und Preis, ohne Kompromisse bei der Leistung einzugehen.<\/p>\n<h3>Sorglos saugen mit Kirby<\/h3>\n<p>Mit dem Kirby-Au\u00dfenbeutel Complete k\u00f6nnen Sie Ihre Staubsaugeraufgaben in aller Ruhe erledigen. Egal, ob Sie eine Wohnung mit Teppichboden oder Hartb\u00f6den haben, die regelm\u00e4\u00dfig gesaugt werden m\u00fcssen, dieser Au\u00dfenbeutel sorgt daf\u00fcr, dass Ihr Kirby Staubsauger immer mit voller Kraft arbeitet.<\/p>\n<h3>Bestellen Sie Ihren Kirby Au\u00dfenbeutel komplett \u00fcberholt noch heute!<\/h3>\n<p>Warten Sie nicht l\u00e4nger und geben Sie Ihrem Kirby Staubsauger das Upgrade, das er verdient. Mit dem Kirby Outdoor Bag Complete genie\u00dfen Sie die Qualit\u00e4t und Zuverl\u00e4ssigkeit, die Sie von Kirby gewohnt sind, ohne die hohen Kosten f\u00fcr ein neues Teil. Bestellen Sie jetzt und machen Sie Ihren Staubsauger wieder wie neu!<\/p>\n<p>Dieser Au\u00dfenbeutel ist eine kluge Wahl f\u00fcr alle, die Wert auf Qualit\u00e4t, Langlebigkeit und eine perfekte Passform legen. Legen Sie ihn noch heute in Ihren Einkaufswagen und \u00fcberzeugen Sie sich selbst von dem Unterschied.<\/p>\n","protected":false},"excerpt":{"rendered":"<p>Kirby Au\u00dfenbeutel komplett \u00fcberholt.<\/p>\n[trustindex data-widget-id=31675542425128034566e10b5fb]\n<h3><b><br \/>\n<\/b><span style=\"color: #008000;\"><br \/>\nVorr\u00e4tig<\/span><\/h3>\n[av_font_icon icon='ue812' font='entypo-fontello' style='' caption='' size='25px' position='left' color='#43ad66' link='' linktarget='' title_attr='' sonar_effect_effect='' sonar_effect_color='' sonar_effect_duration='1' sonar_effect_scale='' sonar_effect_opac='0.5' animation='' id='' custom_class='' template_class='' av_uid='' sc_version='1.0' admin_preview_bg=''][\/av_font_icon]\n<p><span style=\"color: #008000;\">Vor 23:59 uhr bestellt, morgen versendet<\/span><\/p>\n<p>&nbsp;<\/p>\n","protected":false},"featured_media":44595,"comment_status":"open","ping_status":"closed","template":"","meta":{"_acf_changed":false},"product_brand":[],"product_cat":[368],"product_tag":[],"class_list":{"0":"post-12072","1":"product","2":"type-product","3":"status-publish","4":"has-post-thumbnail","6":"product_cat-kirby-ausenbeutel-und-zubehor","7":"product_shipping_class-klein-de","9":"first","10":"outofstock","11":"sale","12":"taxable","13":"shipping-taxable","14":"purchasable","15":"product-type-simple"},"acf":[],"yoast_head":"<!-- This site is optimized with the Yoast SEO Premium plugin v27.1 (Yoast SEO v27.5) - https:\/\/yoast.com\/product\/yoast-seo-premium-wordpress\/ -->\n<title>Kirby Au\u00dfenbeutel komplett \u00fcberholt - Veltec Kirby specialist<\/title>\n<meta name=\"description\" content=\"Kirby Au\u00dfenbeutel komplett \u00fcberholt - Veltec ist seit \u00fcber 25 Jahren der Lieferant von Kirby Staubsaugern. Und ist Ihr vertrauensw\u00fcrdiger\" \/>\n<meta name=\"robots\" content=\"index, follow, max-snippet:-1, max-image-preview:large, max-video-preview:-1\" \/>\n<link rel=\"canonical\" href=\"https:\/\/www.veltec.eu\/de\/product\/kirby-ausenbeutel-komplett-uberholt-nl203304\/\" \/>\n<meta property=\"og:locale\" content=\"de_DE\" \/>\n<meta property=\"og:type\" content=\"article\" \/>\n<meta property=\"og:title\" content=\"Kirby Au\u00dfenbeutel komplett \u00fcberholt\" \/>\n<meta property=\"og:description\" content=\"Kirby Au\u00dfenbeutel komplett \u00fcberholt.     Vorr\u00e4tig   Vor 23:59 uhr bestellt, morgen versendet  &nbsp;\" \/>\n<meta property=\"og:url\" content=\"https:\/\/www.veltec.eu\/de\/product\/kirby-ausenbeutel-komplett-uberholt-nl203304\/\" \/>\n<meta property=\"og:site_name\" content=\"Veltec Kirby specialist\" \/>\n<meta property=\"article:publisher\" content=\"https:\/\/www.facebook.com\/Veltec-Kirby-Specialist-236746293374877\/\" \/>\n<meta property=\"article:modified_time\" content=\"2026-05-11T11:46:01+00:00\" \/>\n<meta property=\"og:image\" content=\"https:\/\/www.veltec.eu\/wp-content\/uploads\/2018\/10\/buitenzak-geb.jpg\" \/>\n\t<meta property=\"og:image:width\" content=\"500\" \/>\n\t<meta property=\"og:image:height\" content=\"500\" \/>\n\t<meta property=\"og:image:type\" content=\"image\/jpeg\" \/>\n<meta name=\"twitter:card\" content=\"summary_large_image\" \/>\n<meta name=\"twitter:label1\" content=\"Gesch\u00e4tzte Lesezeit\" \/>\n\t<meta name=\"twitter:data1\" content=\"3\u00a0Minuten\" \/>\n<script type=\"application\/ld+json\" class=\"yoast-schema-graph\">{\"@context\":\"https:\\\/\\\/schema.org\",\"@graph\":[{\"@type\":\"WebPage\",\"@id\":\"https:\\\/\\\/www.veltec.eu\\\/de\\\/product\\\/kirby-ausenbeutel-komplett-uberholt-nl203304\\\/\",\"url\":\"https:\\\/\\\/www.veltec.eu\\\/de\\\/product\\\/kirby-ausenbeutel-komplett-uberholt-nl203304\\\/\",\"name\":\"Kirby Au\u00dfenbeutel komplett \u00fcberholt - Veltec Kirby specialist\",\"isPartOf\":{\"@id\":\"https:\\\/\\\/www.veltec.eu\\\/en\\\/#website\"},\"primaryImageOfPage\":{\"@id\":\"https:\\\/\\\/www.veltec.eu\\\/de\\\/product\\\/kirby-ausenbeutel-komplett-uberholt-nl203304\\\/#primaryimage\"},\"image\":{\"@id\":\"https:\\\/\\\/www.veltec.eu\\\/de\\\/product\\\/kirby-ausenbeutel-komplett-uberholt-nl203304\\\/#primaryimage\"},\"thumbnailUrl\":\"https:\\\/\\\/www.veltec.eu\\\/wp-content\\\/uploads\\\/2018\\\/10\\\/buitenzak-geb.jpg\",\"datePublished\":\"2018-10-16T12:23:13+00:00\",\"dateModified\":\"2026-05-11T11:46:01+00:00\",\"description\":\"Kirby Au\u00dfenbeutel komplett \u00fcberholt - Veltec ist seit \u00fcber 25 Jahren der Lieferant von Kirby Staubsaugern. Und ist Ihr vertrauensw\u00fcrdiger\",\"breadcrumb\":{\"@id\":\"https:\\\/\\\/www.veltec.eu\\\/de\\\/product\\\/kirby-ausenbeutel-komplett-uberholt-nl203304\\\/#breadcrumb\"},\"inLanguage\":\"de\",\"potentialAction\":[{\"@type\":\"ReadAction\",\"target\":[\"https:\\\/\\\/www.veltec.eu\\\/de\\\/product\\\/kirby-ausenbeutel-komplett-uberholt-nl203304\\\/\"]}]},{\"@type\":\"ImageObject\",\"inLanguage\":\"de\",\"@id\":\"https:\\\/\\\/www.veltec.eu\\\/de\\\/product\\\/kirby-ausenbeutel-komplett-uberholt-nl203304\\\/#primaryimage\",\"url\":\"https:\\\/\\\/www.veltec.eu\\\/wp-content\\\/uploads\\\/2018\\\/10\\\/buitenzak-geb.jpg\",\"contentUrl\":\"https:\\\/\\\/www.veltec.eu\\\/wp-content\\\/uploads\\\/2018\\\/10\\\/buitenzak-geb.jpg\",\"width\":500,\"height\":500,\"caption\":\"Kirby Au\u00dfenbeutel komplett \u00fcberholt\"},{\"@type\":\"BreadcrumbList\",\"@id\":\"https:\\\/\\\/www.veltec.eu\\\/de\\\/product\\\/kirby-ausenbeutel-komplett-uberholt-nl203304\\\/#breadcrumb\",\"itemListElement\":[{\"@type\":\"ListItem\",\"position\":1,\"name\":\"Home\",\"item\":\"https:\\\/\\\/www.veltec.eu\\\/de\\\/startseite\\\/\"},{\"@type\":\"ListItem\",\"position\":2,\"name\":\"Kirby Laden\",\"item\":\"https:\\\/\\\/www.veltec.eu\\\/de\\\/kirby-laden\\\/\"},{\"@type\":\"ListItem\",\"position\":3,\"name\":\"Kirby Au\u00dfenbeutel komplett \u00fcberholt\"}]},{\"@type\":\"WebSite\",\"@id\":\"https:\\\/\\\/www.veltec.eu\\\/en\\\/#website\",\"url\":\"https:\\\/\\\/www.veltec.eu\\\/en\\\/\",\"name\":\"Veltec Kirby specialist\",\"description\":\"Kirby stofzuiger producten\",\"publisher\":{\"@id\":\"https:\\\/\\\/www.veltec.eu\\\/en\\\/#organization\"},\"potentialAction\":[{\"@type\":\"SearchAction\",\"target\":{\"@type\":\"EntryPoint\",\"urlTemplate\":\"https:\\\/\\\/www.veltec.eu\\\/en\\\/?s={search_term_string}\"},\"query-input\":{\"@type\":\"PropertyValueSpecification\",\"valueRequired\":true,\"valueName\":\"search_term_string\"}}],\"inLanguage\":\"de\"},{\"@type\":\"Organization\",\"@id\":\"https:\\\/\\\/www.veltec.eu\\\/en\\\/#organization\",\"name\":\"Veltec Kirby Specialist\",\"url\":\"https:\\\/\\\/www.veltec.eu\\\/en\\\/\",\"logo\":{\"@type\":\"ImageObject\",\"inLanguage\":\"de\",\"@id\":\"https:\\\/\\\/www.veltec.eu\\\/en\\\/#\\\/schema\\\/logo\\\/image\\\/\",\"url\":\"https:\\\/\\\/www.veltec.eu\\\/wp-content\\\/uploads\\\/2021\\\/12\\\/Veltec-log-groot-e1537260889125.png\",\"contentUrl\":\"https:\\\/\\\/www.veltec.eu\\\/wp-content\\\/uploads\\\/2021\\\/12\\\/Veltec-log-groot-e1537260889125.png\",\"width\":200,\"height\":60,\"caption\":\"Veltec Kirby Specialist\"},\"image\":{\"@id\":\"https:\\\/\\\/www.veltec.eu\\\/en\\\/#\\\/schema\\\/logo\\\/image\\\/\"},\"sameAs\":[\"https:\\\/\\\/www.facebook.com\\\/Veltec-Kirby-Specialist-236746293374877\\\/\",\"https:\\\/\\\/www.youtube.com\\\/user\\\/VeltecService\"]}]}<\/script>\n<!-- \/ Yoast SEO Premium plugin. -->","yoast_head_json":{"title":"Kirby Au\u00dfenbeutel komplett \u00fcberholt - Veltec Kirby specialist","description":"Kirby Au\u00dfenbeutel komplett \u00fcberholt - Veltec ist seit \u00fcber 25 Jahren der Lieferant von Kirby Staubsaugern. Und ist Ihr vertrauensw\u00fcrdiger","robots":{"index":"index","follow":"follow","max-snippet":"max-snippet:-1","max-image-preview":"max-image-preview:large","max-video-preview":"max-video-preview:-1"},"canonical":"https:\/\/www.veltec.eu\/de\/product\/kirby-ausenbeutel-komplett-uberholt-nl203304\/","og_locale":"de_DE","og_type":"article","og_title":"Kirby Au\u00dfenbeutel komplett \u00fcberholt","og_description":"Kirby Au\u00dfenbeutel komplett \u00fcberholt.     Vorr\u00e4tig   Vor 23:59 uhr bestellt, morgen versendet  &nbsp;","og_url":"https:\/\/www.veltec.eu\/de\/product\/kirby-ausenbeutel-komplett-uberholt-nl203304\/","og_site_name":"Veltec Kirby specialist","article_publisher":"https:\/\/www.facebook.com\/Veltec-Kirby-Specialist-236746293374877\/","article_modified_time":"2026-05-11T11:46:01+00:00","og_image":[{"width":500,"height":500,"url":"https:\/\/www.veltec.eu\/wp-content\/uploads\/2018\/10\/buitenzak-geb.jpg","type":"image\/jpeg"}],"twitter_card":"summary_large_image","twitter_misc":{"Gesch\u00e4tzte Lesezeit":"3\u00a0Minuten"},"schema":{"@context":"https:\/\/schema.org","@graph":[{"@type":"WebPage","@id":"https:\/\/www.veltec.eu\/de\/product\/kirby-ausenbeutel-komplett-uberholt-nl203304\/","url":"https:\/\/www.veltec.eu\/de\/product\/kirby-ausenbeutel-komplett-uberholt-nl203304\/","name":"Kirby Au\u00dfenbeutel komplett \u00fcberholt - Veltec Kirby specialist","isPartOf":{"@id":"https:\/\/www.veltec.eu\/en\/#website"},"primaryImageOfPage":{"@id":"https:\/\/www.veltec.eu\/de\/product\/kirby-ausenbeutel-komplett-uberholt-nl203304\/#primaryimage"},"image":{"@id":"https:\/\/www.veltec.eu\/de\/product\/kirby-ausenbeutel-komplett-uberholt-nl203304\/#primaryimage"},"thumbnailUrl":"https:\/\/www.veltec.eu\/wp-content\/uploads\/2018\/10\/buitenzak-geb.jpg","datePublished":"2018-10-16T12:23:13+00:00","dateModified":"2026-05-11T11:46:01+00:00","description":"Kirby Au\u00dfenbeutel komplett \u00fcberholt - Veltec ist seit \u00fcber 25 Jahren der Lieferant von Kirby Staubsaugern. Und ist Ihr vertrauensw\u00fcrdiger","breadcrumb":{"@id":"https:\/\/www.veltec.eu\/de\/product\/kirby-ausenbeutel-komplett-uberholt-nl203304\/#breadcrumb"},"inLanguage":"de","potentialAction":[{"@type":"ReadAction","target":["https:\/\/www.veltec.eu\/de\/product\/kirby-ausenbeutel-komplett-uberholt-nl203304\/"]}]},{"@type":"ImageObject","inLanguage":"de","@id":"https:\/\/www.veltec.eu\/de\/product\/kirby-ausenbeutel-komplett-uberholt-nl203304\/#primaryimage","url":"https:\/\/www.veltec.eu\/wp-content\/uploads\/2018\/10\/buitenzak-geb.jpg","contentUrl":"https:\/\/www.veltec.eu\/wp-content\/uploads\/2018\/10\/buitenzak-geb.jpg","width":500,"height":500,"caption":"Kirby Au\u00dfenbeutel komplett \u00fcberholt"},{"@type":"BreadcrumbList","@id":"https:\/\/www.veltec.eu\/de\/product\/kirby-ausenbeutel-komplett-uberholt-nl203304\/#breadcrumb","itemListElement":[{"@type":"ListItem","position":1,"name":"Home","item":"https:\/\/www.veltec.eu\/de\/startseite\/"},{"@type":"ListItem","position":2,"name":"Kirby Laden","item":"https:\/\/www.veltec.eu\/de\/kirby-laden\/"},{"@type":"ListItem","position":3,"name":"Kirby Au\u00dfenbeutel komplett \u00fcberholt"}]},{"@type":"WebSite","@id":"https:\/\/www.veltec.eu\/en\/#website","url":"https:\/\/www.veltec.eu\/en\/","name":"Veltec Kirby specialist","description":"Kirby stofzuiger producten","publisher":{"@id":"https:\/\/www.veltec.eu\/en\/#organization"},"potentialAction":[{"@type":"SearchAction","target":{"@type":"EntryPoint","urlTemplate":"https:\/\/www.veltec.eu\/en\/?s={search_term_string}"},"query-input":{"@type":"PropertyValueSpecification","valueRequired":true,"valueName":"search_term_string"}}],"inLanguage":"de"},{"@type":"Organization","@id":"https:\/\/www.veltec.eu\/en\/#organization","name":"Veltec Kirby Specialist","url":"https:\/\/www.veltec.eu\/en\/","logo":{"@type":"ImageObject","inLanguage":"de","@id":"https:\/\/www.veltec.eu\/en\/#\/schema\/logo\/image\/","url":"https:\/\/www.veltec.eu\/wp-content\/uploads\/2021\/12\/Veltec-log-groot-e1537260889125.png","contentUrl":"https:\/\/www.veltec.eu\/wp-content\/uploads\/2021\/12\/Veltec-log-groot-e1537260889125.png","width":200,"height":60,"caption":"Veltec Kirby Specialist"},"image":{"@id":"https:\/\/www.veltec.eu\/en\/#\/schema\/logo\/image\/"},"sameAs":["https:\/\/www.facebook.com\/Veltec-Kirby-Specialist-236746293374877\/","https:\/\/www.youtube.com\/user\/VeltecService"]}]}},"_links":{"self":[{"href":"https:\/\/www.veltec.eu\/de\/wp-json\/wp\/v2\/product\/12072","targetHints":{"allow":["GET"]}}],"collection":[{"href":"https:\/\/www.veltec.eu\/de\/wp-json\/wp\/v2\/product"}],"about":[{"href":"https:\/\/www.veltec.eu\/de\/wp-json\/wp\/v2\/types\/product"}],"replies":[{"embeddable":true,"href":"https:\/\/www.veltec.eu\/de\/wp-json\/wp\/v2\/comments?post=12072"}],"wp:featuredmedia":[{"embeddable":true,"href":"https:\/\/www.veltec.eu\/de\/wp-json\/wp\/v2\/media\/44595"}],"wp:attachment":[{"href":"https:\/\/www.veltec.eu\/de\/wp-json\/wp\/v2\/media?parent=12072"}],"wp:term":[{"taxonomy":"product_brand","embeddable":true,"href":"https:\/\/www.veltec.eu\/de\/wp-json\/wp\/v2\/product_brand?post=12072"},{"taxonomy":"product_cat","embeddable":true,"href":"https:\/\/www.veltec.eu\/de\/wp-json\/wp\/v2\/product_cat?post=12072"},{"taxonomy":"product_tag","embeddable":true,"href":"https:\/\/www.veltec.eu\/de\/wp-json\/wp\/v2\/product_tag?post=12072"}],"curies":[{"name":"wp","href":"https:\/\/api.w.org\/{rel}","templated":true}]}}