{"id":12001,"date":"2018-10-16T15:32:18","date_gmt":"2018-10-16T13:32:18","guid":{"rendered":"https:\/\/www.veltec.eu\/kirby-webshop\/kirby-scheuerleiste-nl3118\/"},"modified":"2025-04-10T14:30:00","modified_gmt":"2025-04-10T12:30:00","slug":"kirby-scheuerleiste-nl3118","status":"publish","type":"product","link":"https:\/\/www.veltec.eu\/de\/product\/kirby-scheuerleiste-nl3118\/","title":{"rendered":"Kirby Scheuerleiste"},"content":{"rendered":"<h2>Kirby Scheuerleiste &#8211; Optimaler Schutz f\u00fcr Ihr Interieur<\/h2>\n<h3>Sch\u00fctzen Sie Ihre W\u00e4nde und Sockelleisten mit der original Kirby Scheuerleiste<\/h3>\n<p>Haben Sie einen Kirby Staubsauger mit breiter Schlagd\u00fcse? Dann wissen Sie, dass dieses Kraftpaket mit allem fertig wird &#8211; von hartn\u00e4ckigem Schmutz bis hin zu Tierhaaren. Aber wussten Sie, dass Ihre W\u00e4nde und Fu\u00dfleisten ohne den richtigen Schutzrand Gefahr laufen, besch\u00e4digt zu werden? Der Kirby Scheuerleiste wurde speziell entwickelt, um dies zu verhindern. Dieses intelligente Zubeh\u00f6rteil wirkt wie ein weicher Sto\u00dff\u00e4nger, so dass Sie m\u00fchelos und sicher reinigen k\u00f6nnen.<\/p>\n<p>Dank der Verwendung langlebiger Materialien h\u00e4lt dieser Sto\u00dff\u00e4nger auch intensiver Nutzung stand. Sie m\u00fcssen sich also keine Sorgen um eine schnelle Abnutzung machen. Au\u00dferdem passt der Sto\u00dff\u00e4nger nahtlos zur breiten Klopfd\u00fcse Ihres Kirby. So bleibt das Design schlank, ohne die Saugkraft oder die Wendigkeit Ihres Ger\u00e4ts zu beeintr\u00e4chtigen.<\/p>\n<p><strong>Dieser Sto\u00dff\u00e4nger ist f\u00fcr jeden Kirby Staubsauger geeignet;<\/strong><\/p>\n<ul>\n<li>Avalir Platinum<\/li>\n<li>Avalir 2<\/li>\n<li>Avalir 1<\/li>\n<li>Sentria 2 (G10D)<\/li>\n<li>Sentria 1 (G10)<\/li>\n<li>Ultimate G Diamond Ed.(G7D or DE)<\/li>\n<li>Ultimate G (G7 or UG)<\/li>\n<li>Generation 6 (G6)<\/li>\n<li>Generation 5 (G5)<\/li>\n<li>Generation 4 (G4)<\/li>\n<li>Generation 3 (G3)<\/li>\n<\/ul>\n<div>Hier finden Sie alle <a href=\"https:\/\/www.veltec.eu\/de\/kirby-breite-klopfsaugduese\/\">Kirby Breitstrahld\u00fcsen<\/a><\/div>\n<div><\/div>\n<div>\n<h3>Warum die Kirby Scheuerleiste?<\/h3>\n<p>Ein Unfall liegt in einer kleinen Ecke &#8211; besonders bei leistungsstarken Staubsaugern. Zum Gl\u00fcck bietet die Kirby-Scheuerleiste eine einfache und effektive L\u00f6sung. Hier sind ihre wichtigsten Vorteile:<\/p>\n<ul>\n<li>Verhindert Sch\u00e4den an W\u00e4nden, M\u00f6beln und Fu\u00dfleisten<\/li>\n<li>Einfaches Anbringen an der breiten Staubsaugerd\u00fcse Ihres Kirby<\/li>\n<li>Original Kirby Teil &#8211; garantierte Kompatibilit\u00e4t und Qualit\u00e4t<\/li>\n<li>Verschlei\u00dffeste Materialien f\u00fcr eine lange Lebensdauer<\/li>\n<li>F\u00f6rdert die Man\u00f6vrierf\u00e4higkeit, ohne die Leistung zu beeintr\u00e4chtigen<\/li>\n<\/ul>\n<p>Dar\u00fcber hinaus tr\u00e4gt diese Schutzleiste nicht nur zum Schutz Ihres Innenraums bei, sondern verl\u00e4ngert auch die Lebensdauer Ihrer Staubsaugerd\u00fcse. Eine Investition in diesen Sto\u00dff\u00e4nger ist also eine Investition in Haltbarkeit und Komfort.<\/p>\n<h2>Einfache Installation und garantierte Passform<\/h2>\n<h3>Schnelle Installation, sofortiges Ergebnis<\/h3>\n<p>Die Sto\u00dfstange wurde im Hinblick auf eine einfache Anwendung entwickelt. Dank der perfekten Passform ist die Installation ein Kinderspiel &#8211; Sie klicken den Sto\u00dff\u00e4nger einfach auf die D\u00fcse, ohne Werkzeug oder technische Kenntnisse. Innerhalb von Sekunden sind Sie bereit zum Staubsaugen, mit der Gewissheit, dass Ihr Innenraum gesch\u00fctzt ist.<\/p>\n<p>Au\u00dferdem ist die Sto\u00dfstange leicht zu reinigen. Ein feuchtes Tuch gen\u00fcgt, um das Material wieder wie neu aussehen zu lassen. Dies tr\u00e4gt zu einem gepflegten Aussehen Ihres Staubsaugers und Ihres Hauses bei.<\/p>\n<p>Sie suchen nach einer zuverl\u00e4ssigen L\u00f6sung, um Sch\u00e4den bei der Reinigung zu vermeiden? Dann ist der Bumper genau das Richtige f\u00fcr Sie.<\/p>\n<h2>Bestellen Sie Ihre Kirby Scheuerleiste noch heute<\/h2>\n<p>Lassen Sie Sch\u00e4den an Ihren W\u00e4nden oder Fu\u00dfleisten keine Chance. Mit der Kirby Scheuerleiste entscheiden Sie sich f\u00fcr Sicherheit, Qualit\u00e4t und Langlebigkeit. Warten Sie nicht, bis der erste Kratzer sichtbar wird &#8211; verhindern Sie Sch\u00e4den, bevor sie entstehen.<\/p>\n<p>Bestellen Sie jetzt und erleben Sie den Unterschied bei Ihrer n\u00e4chsten Reinigung!<\/p>\n<\/div>\n","protected":false},"excerpt":{"rendered":"<p>Scheuerleiste f\u00fcr die breite Klopfsaugd\u00fcse.<\/p>\n[trustindex data-widget-id=31675542425128034566e10b5fb]\n<h3><b><br \/>\n<\/b><span style=\"color: #008000;\"><br \/>\nVorr\u00e4tig<\/span><\/h3>\n[av_font_icon icon='ue812' font='entypo-fontello' style='' caption='' size='25px' position='left' color='#43ad66' link='' linktarget='' title_attr='' sonar_effect_effect='' sonar_effect_color='' sonar_effect_duration='1' sonar_effect_scale='' sonar_effect_opac='0.5' animation='' id='' custom_class='' template_class='' av_uid='' sc_version='1.0' admin_preview_bg=''][\/av_font_icon]\n<p><span style=\"color: #008000;\">Vor 23:59 uhr bestellt, morgen versendet<\/span><\/p>\n<p>&nbsp;<\/p>\n","protected":false},"featured_media":90380,"comment_status":"open","ping_status":"closed","template":"","meta":[],"product_brand":[],"product_cat":[345],"product_tag":[],"class_list":{"0":"post-12001","1":"product","2":"type-product","3":"status-publish","4":"has-post-thumbnail","6":"product_cat-kirby-breite-klopfsaugduse","7":"product_shipping_class-klein-de","9":"first","10":"instock","11":"taxable","12":"shipping-taxable","13":"purchasable","14":"product-type-simple"},"yoast_head":"<!-- This site is optimized with the Yoast SEO Premium plugin v27.1 (Yoast SEO v27.4) - https:\/\/yoast.com\/product\/yoast-seo-premium-wordpress\/ -->\n<title>Kirby Scheuerleiste - Veltec Kirby specialist<\/title>\n<meta name=\"description\" content=\"Kirby Scheuerleiste - Veltec ist seit \u00fcber 25 Jahren der Lieferant von Kirby Staubsaugern. Und ist Ihr vertrauensw\u00fcrdiger Kirby-Service\" \/>\n<meta name=\"robots\" content=\"index, follow, max-snippet:-1, max-image-preview:large, max-video-preview:-1\" \/>\n<link rel=\"canonical\" href=\"https:\/\/www.veltec.eu\/nl\/product\/kirby-stootrand-nl3118\/\" \/>\n<meta property=\"og:locale\" content=\"de_DE\" \/>\n<meta property=\"og:type\" content=\"article\" \/>\n<meta property=\"og:title\" content=\"Kirby Scheuerleiste\" \/>\n<meta property=\"og:description\" content=\"Scheuerleiste f\u00fcr die breite Klopfsaugd\u00fcse.     Vorr\u00e4tig   Vor 23:59 uhr bestellt, morgen versendet  &nbsp;\" \/>\n<meta property=\"og:url\" content=\"https:\/\/www.veltec.eu\/nl\/product\/kirby-stootrand-nl3118\/\" \/>\n<meta property=\"og:site_name\" content=\"Veltec Kirby specialist\" \/>\n<meta property=\"article:publisher\" content=\"https:\/\/www.facebook.com\/Veltec-Kirby-Specialist-236746293374877\/\" \/>\n<meta property=\"article:modified_time\" content=\"2025-04-10T12:30:00+00:00\" \/>\n<meta property=\"og:image\" content=\"https:\/\/www.veltec.eu\/wp-content\/uploads\/2018\/10\/kirby_stootrand.jpg\" \/>\n\t<meta property=\"og:image:width\" content=\"300\" \/>\n\t<meta property=\"og:image:height\" content=\"300\" \/>\n\t<meta property=\"og:image:type\" content=\"image\/jpeg\" \/>\n<meta name=\"twitter:card\" content=\"summary_large_image\" \/>\n<meta name=\"twitter:label1\" content=\"Gesch\u00e4tzte Lesezeit\" \/>\n\t<meta name=\"twitter:data1\" content=\"3\u00a0Minuten\" \/>\n<script type=\"application\/ld+json\" class=\"yoast-schema-graph\">{\"@context\":\"https:\\\/\\\/schema.org\",\"@graph\":[{\"@type\":\"WebPage\",\"@id\":\"https:\\\/\\\/www.veltec.eu\\\/nl\\\/product\\\/kirby-stootrand-nl3118\\\/\",\"url\":\"https:\\\/\\\/www.veltec.eu\\\/nl\\\/product\\\/kirby-stootrand-nl3118\\\/\",\"name\":\"Kirby Scheuerleiste - Veltec Kirby specialist\",\"isPartOf\":{\"@id\":\"https:\\\/\\\/www.veltec.eu\\\/en\\\/#website\"},\"primaryImageOfPage\":{\"@id\":\"https:\\\/\\\/www.veltec.eu\\\/nl\\\/product\\\/kirby-stootrand-nl3118\\\/#primaryimage\"},\"image\":{\"@id\":\"https:\\\/\\\/www.veltec.eu\\\/nl\\\/product\\\/kirby-stootrand-nl3118\\\/#primaryimage\"},\"thumbnailUrl\":\"https:\\\/\\\/www.veltec.eu\\\/wp-content\\\/uploads\\\/2018\\\/10\\\/Kirby-bumper.jpg\",\"datePublished\":\"2018-10-16T13:32:18+00:00\",\"dateModified\":\"2025-04-10T12:30:00+00:00\",\"description\":\"Kirby Scheuerleiste - Veltec ist seit \u00fcber 25 Jahren der Lieferant von Kirby Staubsaugern. Und ist Ihr vertrauensw\u00fcrdiger Kirby-Service\",\"breadcrumb\":{\"@id\":\"https:\\\/\\\/www.veltec.eu\\\/nl\\\/product\\\/kirby-stootrand-nl3118\\\/#breadcrumb\"},\"inLanguage\":\"de\",\"potentialAction\":[{\"@type\":\"ReadAction\",\"target\":[\"https:\\\/\\\/www.veltec.eu\\\/nl\\\/product\\\/kirby-stootrand-nl3118\\\/\"]}]},{\"@type\":\"ImageObject\",\"inLanguage\":\"de\",\"@id\":\"https:\\\/\\\/www.veltec.eu\\\/nl\\\/product\\\/kirby-stootrand-nl3118\\\/#primaryimage\",\"url\":\"https:\\\/\\\/www.veltec.eu\\\/wp-content\\\/uploads\\\/2018\\\/10\\\/Kirby-bumper.jpg\",\"contentUrl\":\"https:\\\/\\\/www.veltec.eu\\\/wp-content\\\/uploads\\\/2018\\\/10\\\/Kirby-bumper.jpg\",\"width\":1518,\"height\":1518},{\"@type\":\"BreadcrumbList\",\"@id\":\"https:\\\/\\\/www.veltec.eu\\\/nl\\\/product\\\/kirby-stootrand-nl3118\\\/#breadcrumb\",\"itemListElement\":[{\"@type\":\"ListItem\",\"position\":1,\"name\":\"Home\",\"item\":\"https:\\\/\\\/www.veltec.eu\\\/de\\\/\"},{\"@type\":\"ListItem\",\"position\":2,\"name\":\"Produits\",\"item\":\"https:\\\/\\\/www.veltec.eu\\\/fr\\\/shop\\\/\"},{\"@type\":\"ListItem\",\"position\":3,\"name\":\"Kirby Scheuerleiste\"}]},{\"@type\":\"WebSite\",\"@id\":\"https:\\\/\\\/www.veltec.eu\\\/en\\\/#website\",\"url\":\"https:\\\/\\\/www.veltec.eu\\\/en\\\/\",\"name\":\"Veltec Kirby specialist\",\"description\":\"Kirby stofzuiger producten\",\"publisher\":{\"@id\":\"https:\\\/\\\/www.veltec.eu\\\/en\\\/#organization\"},\"potentialAction\":[{\"@type\":\"SearchAction\",\"target\":{\"@type\":\"EntryPoint\",\"urlTemplate\":\"https:\\\/\\\/www.veltec.eu\\\/en\\\/?s={search_term_string}\"},\"query-input\":{\"@type\":\"PropertyValueSpecification\",\"valueRequired\":true,\"valueName\":\"search_term_string\"}}],\"inLanguage\":\"de\"},{\"@type\":\"Organization\",\"@id\":\"https:\\\/\\\/www.veltec.eu\\\/en\\\/#organization\",\"name\":\"Veltec Kirby Specialist\",\"url\":\"https:\\\/\\\/www.veltec.eu\\\/en\\\/\",\"logo\":{\"@type\":\"ImageObject\",\"inLanguage\":\"de\",\"@id\":\"https:\\\/\\\/www.veltec.eu\\\/en\\\/#\\\/schema\\\/logo\\\/image\\\/\",\"url\":\"https:\\\/\\\/www.veltec.eu\\\/wp-content\\\/uploads\\\/2021\\\/12\\\/Veltec-log-groot-e1537260889125.png\",\"contentUrl\":\"https:\\\/\\\/www.veltec.eu\\\/wp-content\\\/uploads\\\/2021\\\/12\\\/Veltec-log-groot-e1537260889125.png\",\"width\":200,\"height\":60,\"caption\":\"Veltec Kirby Specialist\"},\"image\":{\"@id\":\"https:\\\/\\\/www.veltec.eu\\\/en\\\/#\\\/schema\\\/logo\\\/image\\\/\"},\"sameAs\":[\"https:\\\/\\\/www.facebook.com\\\/Veltec-Kirby-Specialist-236746293374877\\\/\",\"https:\\\/\\\/www.youtube.com\\\/user\\\/VeltecService\"]}]}<\/script>\n<!-- \/ Yoast SEO Premium plugin. -->","yoast_head_json":{"title":"Kirby Scheuerleiste - Veltec Kirby specialist","description":"Kirby Scheuerleiste - Veltec ist seit \u00fcber 25 Jahren der Lieferant von Kirby Staubsaugern. Und ist Ihr vertrauensw\u00fcrdiger Kirby-Service","robots":{"index":"index","follow":"follow","max-snippet":"max-snippet:-1","max-image-preview":"max-image-preview:large","max-video-preview":"max-video-preview:-1"},"canonical":"https:\/\/www.veltec.eu\/nl\/product\/kirby-stootrand-nl3118\/","og_locale":"de_DE","og_type":"article","og_title":"Kirby Scheuerleiste","og_description":"Scheuerleiste f\u00fcr die breite Klopfsaugd\u00fcse.     Vorr\u00e4tig   Vor 23:59 uhr bestellt, morgen versendet  &nbsp;","og_url":"https:\/\/www.veltec.eu\/nl\/product\/kirby-stootrand-nl3118\/","og_site_name":"Veltec Kirby specialist","article_publisher":"https:\/\/www.facebook.com\/Veltec-Kirby-Specialist-236746293374877\/","article_modified_time":"2025-04-10T12:30:00+00:00","og_image":[{"width":300,"height":300,"url":"https:\/\/www.veltec.eu\/wp-content\/uploads\/2018\/10\/kirby_stootrand.jpg","type":"image\/jpeg"}],"twitter_card":"summary_large_image","twitter_misc":{"Gesch\u00e4tzte Lesezeit":"3\u00a0Minuten"},"schema":{"@context":"https:\/\/schema.org","@graph":[{"@type":"WebPage","@id":"https:\/\/www.veltec.eu\/nl\/product\/kirby-stootrand-nl3118\/","url":"https:\/\/www.veltec.eu\/nl\/product\/kirby-stootrand-nl3118\/","name":"Kirby Scheuerleiste - Veltec Kirby specialist","isPartOf":{"@id":"https:\/\/www.veltec.eu\/en\/#website"},"primaryImageOfPage":{"@id":"https:\/\/www.veltec.eu\/nl\/product\/kirby-stootrand-nl3118\/#primaryimage"},"image":{"@id":"https:\/\/www.veltec.eu\/nl\/product\/kirby-stootrand-nl3118\/#primaryimage"},"thumbnailUrl":"https:\/\/www.veltec.eu\/wp-content\/uploads\/2018\/10\/Kirby-bumper.jpg","datePublished":"2018-10-16T13:32:18+00:00","dateModified":"2025-04-10T12:30:00+00:00","description":"Kirby Scheuerleiste - Veltec ist seit \u00fcber 25 Jahren der Lieferant von Kirby Staubsaugern. Und ist Ihr vertrauensw\u00fcrdiger Kirby-Service","breadcrumb":{"@id":"https:\/\/www.veltec.eu\/nl\/product\/kirby-stootrand-nl3118\/#breadcrumb"},"inLanguage":"de","potentialAction":[{"@type":"ReadAction","target":["https:\/\/www.veltec.eu\/nl\/product\/kirby-stootrand-nl3118\/"]}]},{"@type":"ImageObject","inLanguage":"de","@id":"https:\/\/www.veltec.eu\/nl\/product\/kirby-stootrand-nl3118\/#primaryimage","url":"https:\/\/www.veltec.eu\/wp-content\/uploads\/2018\/10\/Kirby-bumper.jpg","contentUrl":"https:\/\/www.veltec.eu\/wp-content\/uploads\/2018\/10\/Kirby-bumper.jpg","width":1518,"height":1518},{"@type":"BreadcrumbList","@id":"https:\/\/www.veltec.eu\/nl\/product\/kirby-stootrand-nl3118\/#breadcrumb","itemListElement":[{"@type":"ListItem","position":1,"name":"Home","item":"https:\/\/www.veltec.eu\/de\/"},{"@type":"ListItem","position":2,"name":"Produits","item":"https:\/\/www.veltec.eu\/fr\/shop\/"},{"@type":"ListItem","position":3,"name":"Kirby Scheuerleiste"}]},{"@type":"WebSite","@id":"https:\/\/www.veltec.eu\/en\/#website","url":"https:\/\/www.veltec.eu\/en\/","name":"Veltec Kirby specialist","description":"Kirby stofzuiger producten","publisher":{"@id":"https:\/\/www.veltec.eu\/en\/#organization"},"potentialAction":[{"@type":"SearchAction","target":{"@type":"EntryPoint","urlTemplate":"https:\/\/www.veltec.eu\/en\/?s={search_term_string}"},"query-input":{"@type":"PropertyValueSpecification","valueRequired":true,"valueName":"search_term_string"}}],"inLanguage":"de"},{"@type":"Organization","@id":"https:\/\/www.veltec.eu\/en\/#organization","name":"Veltec Kirby Specialist","url":"https:\/\/www.veltec.eu\/en\/","logo":{"@type":"ImageObject","inLanguage":"de","@id":"https:\/\/www.veltec.eu\/en\/#\/schema\/logo\/image\/","url":"https:\/\/www.veltec.eu\/wp-content\/uploads\/2021\/12\/Veltec-log-groot-e1537260889125.png","contentUrl":"https:\/\/www.veltec.eu\/wp-content\/uploads\/2021\/12\/Veltec-log-groot-e1537260889125.png","width":200,"height":60,"caption":"Veltec Kirby Specialist"},"image":{"@id":"https:\/\/www.veltec.eu\/en\/#\/schema\/logo\/image\/"},"sameAs":["https:\/\/www.facebook.com\/Veltec-Kirby-Specialist-236746293374877\/","https:\/\/www.youtube.com\/user\/VeltecService"]}]}},"_links":{"self":[{"href":"https:\/\/www.veltec.eu\/de\/wp-json\/wp\/v2\/product\/12001","targetHints":{"allow":["GET"]}}],"collection":[{"href":"https:\/\/www.veltec.eu\/de\/wp-json\/wp\/v2\/product"}],"about":[{"href":"https:\/\/www.veltec.eu\/de\/wp-json\/wp\/v2\/types\/product"}],"replies":[{"embeddable":true,"href":"https:\/\/www.veltec.eu\/de\/wp-json\/wp\/v2\/comments?post=12001"}],"wp:featuredmedia":[{"embeddable":true,"href":"https:\/\/www.veltec.eu\/de\/wp-json\/wp\/v2\/media\/90380"}],"wp:attachment":[{"href":"https:\/\/www.veltec.eu\/de\/wp-json\/wp\/v2\/media?parent=12001"}],"wp:term":[{"taxonomy":"product_brand","embeddable":true,"href":"https:\/\/www.veltec.eu\/de\/wp-json\/wp\/v2\/product_brand?post=12001"},{"taxonomy":"product_cat","embeddable":true,"href":"https:\/\/www.veltec.eu\/de\/wp-json\/wp\/v2\/product_cat?post=12001"},{"taxonomy":"product_tag","embeddable":true,"href":"https:\/\/www.veltec.eu\/de\/wp-json\/wp\/v2\/product_tag?post=12001"}],"curies":[{"name":"wp","href":"https:\/\/api.w.org\/{rel}","templated":true}]}}