{"id":11996,"date":"2018-10-16T15:47:47","date_gmt":"2018-10-16T13:47:47","guid":{"rendered":"https:\/\/www.veltec.eu\/kirby-webshop\/kirby-breite-klopfsaugduse-g-nl3158\/"},"modified":"2025-04-10T12:09:27","modified_gmt":"2025-04-10T10:09:27","slug":"kirby-breite-klopfsaugduese-generation-g6-g7-nl3158","status":"publish","type":"product","link":"https:\/\/www.veltec.eu\/de\/product\/kirby-breite-klopfsaugduese-generation-g6-g7-nl3158\/","title":{"rendered":"Kirby Breite Klopfsaugd\u00fcse Generation G6\/G7"},"content":{"rendered":"<h2>Kirby Breite Klopfsaugd\u00fcse Generation G6\/G7 &#8211; Kraftvolle Reinigung f\u00fcr Teppiche, Teppichb\u00f6den und Matratzen<\/h2>\n<p>Wenn Sie eine gr\u00fcndliche und tiefgehende Reinigung Ihrer Teppiche, Teppichb\u00f6den oder Matratzen w\u00fcnschen, dann ist die Kirby Breite Klopfsaugd\u00fcse Generation G6\/G7 die L\u00f6sung. Entwickelt als Kirbys leistungsst\u00e4rkstes Patent, liefert diese Breitd\u00fcse un\u00fcbertroffene Tiefenreinigungsergebnisse. Ohne eine Kehrb\u00fcrste zu verwenden, entfernt diese D\u00fcse m\u00fchelos Schmutz, Staub und Allergene.<\/p>\n<p><strong>Diese Kehrb\u00fcrste ist nur f\u00fcr die unten aufgef\u00fchrten Kirby Staubsauger geeignet;<\/strong><\/p>\n<ul>\n<li>Ultimate G Diamond Ed.(G7D or DE)<\/li>\n<li>Ultimate G (G7 or UG)<\/li>\n<li>Generation 6 (G6)<\/li>\n<\/ul>\n<p>Sie k\u00f6nnen diese hier bestellen <a href=\"https:\/\/www.veltec.eu\/de\/kirby-breite-klopfsaugduese\/\">Kirby Kehrb\u00fcrste G5 zu Avalir<\/a><\/p>\n<h3>Warum der Kirby Breite Klopfsaugd\u00fcse Generation G6\/G7?<\/h3>\n<p>Der Kirby Breitwischer der Generation G6\/G7 wurde speziell f\u00fcr die kraftvolle Reinigung von weichen Oberfl\u00e4chen wie Teppichen und L\u00e4ufern entwickelt. Dank der intelligenten Technologie und der breiten Oberfl\u00e4che sparen Sie bei der Reinigung Zeit, w\u00e4hrend das Ergebnis gr\u00fcndlicher ist. Dank des perfekten Luftstroms und der starken Absaugung werden Schmutzpartikel auch aus den tiefsten Fasern herausgeholt.<\/p>\n<ul>\n<li>Effiziente Nutzung: Dank des breiten Formats k\u00f6nnen Sie gr\u00f6\u00dfere Fl\u00e4chen schneller reinigen.<\/li>\n<li>Gr\u00fcndliche Reinigung: Ideal f\u00fcr Haushalte mit Haustieren oder Allergikern.<\/li>\n<li>Ohne Schlagb\u00fcrste: Weniger L\u00e4rm, weniger Verschlei\u00df und trotzdem hervorragende Leistung.<\/li>\n<\/ul>\n<h3>Tiefenreinigung ohne Kompromisse<\/h3>\n<p>Das Besondere an diesem Kirby Saugwischer ist die Tatsache, dass Sie f\u00fcr die Tiefenreinigung keine Schlagb\u00fcrste ben\u00f6tigen. Viele Benutzer denken, dass eine B\u00fcrste zum L\u00f6sen von Schmutz unerl\u00e4sslich ist, aber das ist beim Kirby Wide Nozzle Generation G6\/G7 nicht der Fall. Durch die starke Saugkraft werden Staub- und Schmutzpartikel f\u00f6rmlich aus dem Teppich herausgezogen. Das macht diesen Aufsatz auch besonders geeignet f\u00fcr Menschen mit Allergien oder Atemwegsproblemen.<\/p>\n<h3>Perfekt f\u00fcr die Entfernung von Hausstaubmilben auf Matratzen<\/h3>\n<p>Nicht nur Teppiche profitieren von dieser leistungsstarken D\u00fcse: Auch Matratzen k\u00f6nnen effektiv gereinigt werden. Hausstaubmilben und andere mikroskopisch kleine Verunreinigungen sammeln sich oft in Matratzen an. Wenn Sie diese D\u00fcse regelm\u00e4\u00dfig verwenden, verringern Sie das Risiko allergischer Reaktionen und erh\u00f6hen die Hygiene in Ihrer Wohnung. Die D\u00fcse passt perfekt auf die Modelle Kirby Generation G6 und G7 und l\u00e4sst sich einfach und ohne zus\u00e4tzliches Zubeh\u00f6r anschlie\u00dfen.<\/p>\n<h2>Die Vorteile auf einen Blick<\/h2>\n<ul>\n<li>Speziell f\u00fcr Kirby Generation G6 und G7<\/li>\n<li>Keine Kehrb\u00fcrste f\u00fcr die Tiefenreinigung erforderlich<\/li>\n<li>Breiter Abzieher f\u00fcr eine effiziente Reinigung<\/li>\n<li>Ideal f\u00fcr Teppiche, Teppichb\u00f6den und Matratzen<\/li>\n<li>Sehr gut geeignet f\u00fcr Allergiker und Haustiere<\/li>\n<\/ul>\n<p>Sind Sie bereit f\u00fcr ein saubereres, frischeres und ges\u00fcnderes Zuhause? Dann ist der Kirby Breitwischer Generation G6\/G7 die ideale Wahl f\u00fcr Sie. Bestellen Sie noch heute und \u00fcberzeugen Sie sich selbst von der Leistungsf\u00e4higkeit von Kirbys durchdachtem Design.<\/p>\n","protected":false},"excerpt":{"rendered":"<p>Breite Klopfsaugd\u00fcse f\u00fcr die Tiefenreinigung von L\u00e4ufern und Teppichen. Auch f\u00fcr die Entfernung von Hausstaubmilben aus Matratzen geeignet.<\/p>\n<p>Ohne Kirby-Schlagb\u00fcrste.<\/p>\n[trustindex data-widget-id=31675542425128034566e10b5fb]\n<h3><b><br \/>\n<\/b><span style=\"color: #008000;\"><br \/>\nVorr\u00e4tig<\/span><\/h3>\n[av_font_icon icon='ue812' font='entypo-fontello' style='' caption='' size='25px' position='left' color='#43ad66' link='' linktarget='' title_attr='' sonar_effect_effect='' sonar_effect_color='' sonar_effect_duration='1' sonar_effect_scale='' sonar_effect_opac='0.5' animation='' id='' custom_class='' template_class='' av_uid='' sc_version='1.0' admin_preview_bg=''][\/av_font_icon]\n<p><span style=\"color: #008000;\">Vor 23:59 uhr bestellt, morgen versendet<\/span><\/p>\n<p>&nbsp;<\/p>\n","protected":false},"featured_media":6160,"comment_status":"open","ping_status":"closed","template":"","meta":[],"product_brand":[],"product_cat":[345],"product_tag":[],"class_list":{"0":"post-11996","1":"product","2":"type-product","3":"status-publish","4":"has-post-thumbnail","6":"product_cat-kirby-breite-klopfsaugduse","7":"product_shipping_class-klein-de","9":"first","10":"instock","11":"sale","12":"taxable","13":"shipping-taxable","14":"purchasable","15":"product-type-simple"},"yoast_head":"<!-- This site is optimized with the Yoast SEO Premium plugin v27.1 (Yoast SEO v27.4) - https:\/\/yoast.com\/product\/yoast-seo-premium-wordpress\/ -->\n<title>Kirby Breite Klopfsaugd\u00fcse Generation G6\/G7 - Veltec Kirby specialist<\/title>\n<meta name=\"description\" content=\"Kirby Breite Klopfsaugd\u00fcse Generation G6\/G7 - Veltec ist seit \u00fcber 20 Jahren der Lieferant von Kirby Staubsaugern. F\u00fcr Reparaturen\" \/>\n<meta name=\"robots\" content=\"index, follow, max-snippet:-1, max-image-preview:large, max-video-preview:-1\" \/>\n<link rel=\"canonical\" href=\"https:\/\/www.veltec.eu\/nl\/product\/kirby-brede-zuigmond-generation-g6-g7-nl3158\/\" \/>\n<meta property=\"og:locale\" content=\"de_DE\" \/>\n<meta property=\"og:type\" content=\"article\" \/>\n<meta property=\"og:title\" content=\"Kirby Breite Klopfsaugd\u00fcse Generation G6\/G7\" \/>\n<meta property=\"og:description\" content=\"Breite Klopfsaugd\u00fcse f\u00fcr die Tiefenreinigung von L\u00e4ufern und Teppichen. Auch f\u00fcr die Entfernung von Hausstaubmilben aus Matratzen geeignet.  Ohne Kirby-Schlagb\u00fcrste.     Vorr\u00e4tig   Vor 23:59 uhr bestellt, morgen versendet  &nbsp;\" \/>\n<meta property=\"og:url\" content=\"https:\/\/www.veltec.eu\/nl\/product\/kirby-brede-zuigmond-generation-g6-g7-nl3158\/\" \/>\n<meta property=\"og:site_name\" content=\"Veltec Kirby specialist\" \/>\n<meta property=\"article:publisher\" content=\"https:\/\/www.facebook.com\/Veltec-Kirby-Specialist-236746293374877\/\" \/>\n<meta property=\"article:modified_time\" content=\"2025-04-10T10:09:27+00:00\" \/>\n<meta property=\"og:image\" content=\"https:\/\/www.veltec.eu\/wp-content\/uploads\/2018\/10\/Kirby-klopbzuigmond-86-t_m-g8.jpg\" \/>\n\t<meta property=\"og:image:width\" content=\"300\" \/>\n\t<meta property=\"og:image:height\" content=\"300\" \/>\n\t<meta property=\"og:image:type\" content=\"image\/jpeg\" \/>\n<meta name=\"twitter:card\" content=\"summary_large_image\" \/>\n<meta name=\"twitter:label1\" content=\"Gesch\u00e4tzte Lesezeit\" \/>\n\t<meta name=\"twitter:data1\" content=\"3\u00a0Minuten\" \/>\n<script type=\"application\/ld+json\" class=\"yoast-schema-graph\">{\"@context\":\"https:\\\/\\\/schema.org\",\"@graph\":[{\"@type\":\"WebPage\",\"@id\":\"https:\\\/\\\/www.veltec.eu\\\/nl\\\/product\\\/kirby-brede-zuigmond-generation-g6-g7-nl3158\\\/\",\"url\":\"https:\\\/\\\/www.veltec.eu\\\/nl\\\/product\\\/kirby-brede-zuigmond-generation-g6-g7-nl3158\\\/\",\"name\":\"Kirby Breite Klopfsaugd\u00fcse Generation G6\\\/G7 - Veltec Kirby specialist\",\"isPartOf\":{\"@id\":\"https:\\\/\\\/www.veltec.eu\\\/en\\\/#website\"},\"primaryImageOfPage\":{\"@id\":\"https:\\\/\\\/www.veltec.eu\\\/nl\\\/product\\\/kirby-brede-zuigmond-generation-g6-g7-nl3158\\\/#primaryimage\"},\"image\":{\"@id\":\"https:\\\/\\\/www.veltec.eu\\\/nl\\\/product\\\/kirby-brede-zuigmond-generation-g6-g7-nl3158\\\/#primaryimage\"},\"thumbnailUrl\":\"https:\\\/\\\/www.veltec.eu\\\/wp-content\\\/uploads\\\/2018\\\/10\\\/Kirby-klopbzuigmond-86-t_m-g8.jpg\",\"datePublished\":\"2018-10-16T13:47:47+00:00\",\"dateModified\":\"2025-04-10T10:09:27+00:00\",\"description\":\"Kirby Breite Klopfsaugd\u00fcse Generation G6\\\/G7 - Veltec ist seit \u00fcber 20 Jahren der Lieferant von Kirby Staubsaugern. F\u00fcr Reparaturen\",\"breadcrumb\":{\"@id\":\"https:\\\/\\\/www.veltec.eu\\\/nl\\\/product\\\/kirby-brede-zuigmond-generation-g6-g7-nl3158\\\/#breadcrumb\"},\"inLanguage\":\"de\",\"potentialAction\":[{\"@type\":\"ReadAction\",\"target\":[\"https:\\\/\\\/www.veltec.eu\\\/nl\\\/product\\\/kirby-brede-zuigmond-generation-g6-g7-nl3158\\\/\"]}]},{\"@type\":\"ImageObject\",\"inLanguage\":\"de\",\"@id\":\"https:\\\/\\\/www.veltec.eu\\\/nl\\\/product\\\/kirby-brede-zuigmond-generation-g6-g7-nl3158\\\/#primaryimage\",\"url\":\"https:\\\/\\\/www.veltec.eu\\\/wp-content\\\/uploads\\\/2018\\\/10\\\/Kirby-klopbzuigmond-86-t_m-g8.jpg\",\"contentUrl\":\"https:\\\/\\\/www.veltec.eu\\\/wp-content\\\/uploads\\\/2018\\\/10\\\/Kirby-klopbzuigmond-86-t_m-g8.jpg\",\"width\":300,\"height\":300,\"caption\":\"Kirby klopzuigmond\"},{\"@type\":\"BreadcrumbList\",\"@id\":\"https:\\\/\\\/www.veltec.eu\\\/nl\\\/product\\\/kirby-brede-zuigmond-generation-g6-g7-nl3158\\\/#breadcrumb\",\"itemListElement\":[{\"@type\":\"ListItem\",\"position\":1,\"name\":\"Home\",\"item\":\"https:\\\/\\\/www.veltec.eu\\\/de\\\/\"},{\"@type\":\"ListItem\",\"position\":2,\"name\":\"Produits\",\"item\":\"https:\\\/\\\/www.veltec.eu\\\/fr\\\/shop\\\/\"},{\"@type\":\"ListItem\",\"position\":3,\"name\":\"Kirby Breite Klopfsaugd\u00fcse Generation G6\\\/G7\"}]},{\"@type\":\"WebSite\",\"@id\":\"https:\\\/\\\/www.veltec.eu\\\/en\\\/#website\",\"url\":\"https:\\\/\\\/www.veltec.eu\\\/en\\\/\",\"name\":\"Veltec Kirby specialist\",\"description\":\"Kirby stofzuiger producten\",\"publisher\":{\"@id\":\"https:\\\/\\\/www.veltec.eu\\\/en\\\/#organization\"},\"potentialAction\":[{\"@type\":\"SearchAction\",\"target\":{\"@type\":\"EntryPoint\",\"urlTemplate\":\"https:\\\/\\\/www.veltec.eu\\\/en\\\/?s={search_term_string}\"},\"query-input\":{\"@type\":\"PropertyValueSpecification\",\"valueRequired\":true,\"valueName\":\"search_term_string\"}}],\"inLanguage\":\"de\"},{\"@type\":\"Organization\",\"@id\":\"https:\\\/\\\/www.veltec.eu\\\/en\\\/#organization\",\"name\":\"Veltec Kirby Specialist\",\"url\":\"https:\\\/\\\/www.veltec.eu\\\/en\\\/\",\"logo\":{\"@type\":\"ImageObject\",\"inLanguage\":\"de\",\"@id\":\"https:\\\/\\\/www.veltec.eu\\\/en\\\/#\\\/schema\\\/logo\\\/image\\\/\",\"url\":\"https:\\\/\\\/www.veltec.eu\\\/wp-content\\\/uploads\\\/2021\\\/12\\\/Veltec-log-groot-e1537260889125.png\",\"contentUrl\":\"https:\\\/\\\/www.veltec.eu\\\/wp-content\\\/uploads\\\/2021\\\/12\\\/Veltec-log-groot-e1537260889125.png\",\"width\":200,\"height\":60,\"caption\":\"Veltec Kirby Specialist\"},\"image\":{\"@id\":\"https:\\\/\\\/www.veltec.eu\\\/en\\\/#\\\/schema\\\/logo\\\/image\\\/\"},\"sameAs\":[\"https:\\\/\\\/www.facebook.com\\\/Veltec-Kirby-Specialist-236746293374877\\\/\",\"https:\\\/\\\/www.youtube.com\\\/user\\\/VeltecService\"]}]}<\/script>\n<!-- \/ Yoast SEO Premium plugin. -->","yoast_head_json":{"title":"Kirby Breite Klopfsaugd\u00fcse Generation G6\/G7 - Veltec Kirby specialist","description":"Kirby Breite Klopfsaugd\u00fcse Generation G6\/G7 - Veltec ist seit \u00fcber 20 Jahren der Lieferant von Kirby Staubsaugern. F\u00fcr Reparaturen","robots":{"index":"index","follow":"follow","max-snippet":"max-snippet:-1","max-image-preview":"max-image-preview:large","max-video-preview":"max-video-preview:-1"},"canonical":"https:\/\/www.veltec.eu\/nl\/product\/kirby-brede-zuigmond-generation-g6-g7-nl3158\/","og_locale":"de_DE","og_type":"article","og_title":"Kirby Breite Klopfsaugd\u00fcse Generation G6\/G7","og_description":"Breite Klopfsaugd\u00fcse f\u00fcr die Tiefenreinigung von L\u00e4ufern und Teppichen. Auch f\u00fcr die Entfernung von Hausstaubmilben aus Matratzen geeignet.  Ohne Kirby-Schlagb\u00fcrste.     Vorr\u00e4tig   Vor 23:59 uhr bestellt, morgen versendet  &nbsp;","og_url":"https:\/\/www.veltec.eu\/nl\/product\/kirby-brede-zuigmond-generation-g6-g7-nl3158\/","og_site_name":"Veltec Kirby specialist","article_publisher":"https:\/\/www.facebook.com\/Veltec-Kirby-Specialist-236746293374877\/","article_modified_time":"2025-04-10T10:09:27+00:00","og_image":[{"width":300,"height":300,"url":"https:\/\/www.veltec.eu\/wp-content\/uploads\/2018\/10\/Kirby-klopbzuigmond-86-t_m-g8.jpg","type":"image\/jpeg"}],"twitter_card":"summary_large_image","twitter_misc":{"Gesch\u00e4tzte Lesezeit":"3\u00a0Minuten"},"schema":{"@context":"https:\/\/schema.org","@graph":[{"@type":"WebPage","@id":"https:\/\/www.veltec.eu\/nl\/product\/kirby-brede-zuigmond-generation-g6-g7-nl3158\/","url":"https:\/\/www.veltec.eu\/nl\/product\/kirby-brede-zuigmond-generation-g6-g7-nl3158\/","name":"Kirby Breite Klopfsaugd\u00fcse Generation G6\/G7 - Veltec Kirby specialist","isPartOf":{"@id":"https:\/\/www.veltec.eu\/en\/#website"},"primaryImageOfPage":{"@id":"https:\/\/www.veltec.eu\/nl\/product\/kirby-brede-zuigmond-generation-g6-g7-nl3158\/#primaryimage"},"image":{"@id":"https:\/\/www.veltec.eu\/nl\/product\/kirby-brede-zuigmond-generation-g6-g7-nl3158\/#primaryimage"},"thumbnailUrl":"https:\/\/www.veltec.eu\/wp-content\/uploads\/2018\/10\/Kirby-klopbzuigmond-86-t_m-g8.jpg","datePublished":"2018-10-16T13:47:47+00:00","dateModified":"2025-04-10T10:09:27+00:00","description":"Kirby Breite Klopfsaugd\u00fcse Generation G6\/G7 - Veltec ist seit \u00fcber 20 Jahren der Lieferant von Kirby Staubsaugern. F\u00fcr Reparaturen","breadcrumb":{"@id":"https:\/\/www.veltec.eu\/nl\/product\/kirby-brede-zuigmond-generation-g6-g7-nl3158\/#breadcrumb"},"inLanguage":"de","potentialAction":[{"@type":"ReadAction","target":["https:\/\/www.veltec.eu\/nl\/product\/kirby-brede-zuigmond-generation-g6-g7-nl3158\/"]}]},{"@type":"ImageObject","inLanguage":"de","@id":"https:\/\/www.veltec.eu\/nl\/product\/kirby-brede-zuigmond-generation-g6-g7-nl3158\/#primaryimage","url":"https:\/\/www.veltec.eu\/wp-content\/uploads\/2018\/10\/Kirby-klopbzuigmond-86-t_m-g8.jpg","contentUrl":"https:\/\/www.veltec.eu\/wp-content\/uploads\/2018\/10\/Kirby-klopbzuigmond-86-t_m-g8.jpg","width":300,"height":300,"caption":"Kirby klopzuigmond"},{"@type":"BreadcrumbList","@id":"https:\/\/www.veltec.eu\/nl\/product\/kirby-brede-zuigmond-generation-g6-g7-nl3158\/#breadcrumb","itemListElement":[{"@type":"ListItem","position":1,"name":"Home","item":"https:\/\/www.veltec.eu\/de\/"},{"@type":"ListItem","position":2,"name":"Produits","item":"https:\/\/www.veltec.eu\/fr\/shop\/"},{"@type":"ListItem","position":3,"name":"Kirby Breite Klopfsaugd\u00fcse Generation G6\/G7"}]},{"@type":"WebSite","@id":"https:\/\/www.veltec.eu\/en\/#website","url":"https:\/\/www.veltec.eu\/en\/","name":"Veltec Kirby specialist","description":"Kirby stofzuiger producten","publisher":{"@id":"https:\/\/www.veltec.eu\/en\/#organization"},"potentialAction":[{"@type":"SearchAction","target":{"@type":"EntryPoint","urlTemplate":"https:\/\/www.veltec.eu\/en\/?s={search_term_string}"},"query-input":{"@type":"PropertyValueSpecification","valueRequired":true,"valueName":"search_term_string"}}],"inLanguage":"de"},{"@type":"Organization","@id":"https:\/\/www.veltec.eu\/en\/#organization","name":"Veltec Kirby Specialist","url":"https:\/\/www.veltec.eu\/en\/","logo":{"@type":"ImageObject","inLanguage":"de","@id":"https:\/\/www.veltec.eu\/en\/#\/schema\/logo\/image\/","url":"https:\/\/www.veltec.eu\/wp-content\/uploads\/2021\/12\/Veltec-log-groot-e1537260889125.png","contentUrl":"https:\/\/www.veltec.eu\/wp-content\/uploads\/2021\/12\/Veltec-log-groot-e1537260889125.png","width":200,"height":60,"caption":"Veltec Kirby Specialist"},"image":{"@id":"https:\/\/www.veltec.eu\/en\/#\/schema\/logo\/image\/"},"sameAs":["https:\/\/www.facebook.com\/Veltec-Kirby-Specialist-236746293374877\/","https:\/\/www.youtube.com\/user\/VeltecService"]}]}},"_links":{"self":[{"href":"https:\/\/www.veltec.eu\/de\/wp-json\/wp\/v2\/product\/11996","targetHints":{"allow":["GET"]}}],"collection":[{"href":"https:\/\/www.veltec.eu\/de\/wp-json\/wp\/v2\/product"}],"about":[{"href":"https:\/\/www.veltec.eu\/de\/wp-json\/wp\/v2\/types\/product"}],"replies":[{"embeddable":true,"href":"https:\/\/www.veltec.eu\/de\/wp-json\/wp\/v2\/comments?post=11996"}],"wp:featuredmedia":[{"embeddable":true,"href":"https:\/\/www.veltec.eu\/de\/wp-json\/wp\/v2\/media\/6160"}],"wp:attachment":[{"href":"https:\/\/www.veltec.eu\/de\/wp-json\/wp\/v2\/media?parent=11996"}],"wp:term":[{"taxonomy":"product_brand","embeddable":true,"href":"https:\/\/www.veltec.eu\/de\/wp-json\/wp\/v2\/product_brand?post=11996"},{"taxonomy":"product_cat","embeddable":true,"href":"https:\/\/www.veltec.eu\/de\/wp-json\/wp\/v2\/product_cat?post=11996"},{"taxonomy":"product_tag","embeddable":true,"href":"https:\/\/www.veltec.eu\/de\/wp-json\/wp\/v2\/product_tag?post=11996"}],"curies":[{"name":"wp","href":"https:\/\/api.w.org\/{rel}","templated":true}]}}