{"id":11956,"date":"2018-10-17T14:58:10","date_gmt":"2018-10-17T12:58:10","guid":{"rendered":"https:\/\/www.veltec.eu\/kirby-webshop\/kirby-shampoo-vorbehandlung-650-ml-nl3101\/"},"modified":"2025-11-04T15:44:28","modified_gmt":"2025-11-04T13:44:28","slug":"kirby-shampoo-vorbehandlung-650-ml","status":"publish","type":"product","link":"https:\/\/www.veltec.eu\/de\/product\/kirby-shampoo-vorbehandlung-650-ml\/","title":{"rendered":"Kirby Shampoo-Vorbehandlung 650 ml"},"content":{"rendered":"<h1 data-start=\"121\" data-end=\"157\">Kirby Shampoo-Vorbehandlung 650 ml<\/h1>\n<p data-start=\"159\" data-end=\"378\">Kirby Shampoo-Vorbehandlung 650 ml entfernt m\u00fchelos hartn\u00e4ckige \u00d6l- und Fettflecken und bereitet Teppiche optimal auf eine gr\u00fcndliche Reinigung mit Teppichshampoo vor \u2013 f\u00fcr ein frisches und professionelles Ergebnis.<\/p>\n<h2 data-start=\"380\" data-end=\"421\">Was ist Kirby Shampoo-Vorbehandlung?<\/h2>\n<p data-start=\"422\" data-end=\"937\">Kirby Shampoo-Vorbehandlung 650 ml ist ein kraftvoller Fleckenentferner, der speziell entwickelt wurde, um \u00d6l- und Fettflecken auf Teppichen vorzubehandeln, bevor das Teppichshampoo angewendet wird. Dieses Produkt l\u00f6st hartn\u00e4ckige Verschmutzungen effektiv, sodass Ihr Teppich wieder wie neu aussieht. Die praktische 650-ml-Spr\u00fchflasche erm\u00f6glicht eine einfache Anwendung ohne Verschwendung. Entdecken Sie alle <a href=\"https:\/\/www.veltec.eu\/de\/kirby-reinigungsprodukte\/\" target=\"_blank\" rel=\"noopener\">Kirby Reinigungsprodukte<\/a> und verbessern Sie Ihr Reinigungsergebnis mit professioneller Qualit\u00e4t.<\/p>\n<h2 data-start=\"939\" data-end=\"984\">Wof\u00fcr dient Kirby Shampoo-Vorbehandlung?<\/h2>\n<p data-start=\"985\" data-end=\"1108\">Haben Sie hartn\u00e4ckige Flecken in Ihrem Teppich? Kirby Shampoo-Vorbehandlung 650 ml bietet die L\u00f6sung. Dieses Produkt:<\/p>\n<ul data-start=\"1110\" data-end=\"1408\">\n<li data-start=\"1110\" data-end=\"1174\">Entfernt effektiv \u00d6l-, Fett- und andere hartn\u00e4ckige Flecken.<\/li>\n<li data-start=\"1175\" data-end=\"1265\">Bereitet den Teppich f\u00fcr eine gr\u00fcndlichere Reinigung mit Kirby Teppichshampoo vor.<\/li>\n<li data-start=\"1266\" data-end=\"1326\">Steigert die Reinigungseffizienz, indem es Flecken l\u00f6st.<\/li>\n<li data-start=\"1327\" data-end=\"1408\">Hinterl\u00e4sst keine klebrigen R\u00fcckst\u00e4nde und erh\u00e4lt die Frische Ihres Teppichs.<\/li>\n<\/ul>\n<p data-start=\"1410\" data-end=\"1726\">M\u00f6chten Sie wissen, wie Sie hartn\u00e4ckige Flecken einfach entfernen k\u00f6nnen? Diese Vorbehandlung sorgt daf\u00fcr, dass Ihr Teppich gr\u00fcndlich und sorgenfrei sauber wird. Lesen Sie mehr auf unserer <a class=\"decorated-link cursor-pointer\" target=\"_new\" rel=\"noopener\" data-start=\"1599\" data-end=\"1723\">Blogseite: <\/a><a href=\"https:\/\/www.kirby-staubsauger-service.de\/kirby-reinigungsmittel\/\" target=\"_blank\" rel=\"noopener\">Alles \u00fcber Kirby-Reinigungsprodukte: Der komplette Leitfaden f\u00fcr effektives Reinigen.<\/a><\/p>\n<h2 data-start=\"1728\" data-end=\"1774\">Anwendung der Vorbehandlung<\/h2>\n<p data-start=\"1775\" data-end=\"1879\">Um das beste Ergebnis mit Kirby Shampoo-Vorbehandlung\u00a0zu erzielen, gehen Sie wie folgt vor:<\/p>\n<ol data-start=\"1881\" data-end=\"2330\">\n<li data-start=\"1881\" data-end=\"1929\">Sch\u00fctteln Sie die Flasche vor Gebrauch gut.<\/li>\n<li data-start=\"1930\" data-end=\"2030\">Spr\u00fchen Sie die Vorbehandlung direkt auf den Fleck und lassen Sie sie einige Minuten einwirken.<\/li>\n<li data-start=\"2031\" data-end=\"2136\">Reiben Sie das Produkt leicht mit einer weichen B\u00fcrste oder einem Tuch ein, um den Schmutz zu l\u00f6sen.<\/li>\n<li data-start=\"2137\" data-end=\"2249\">Reinigen Sie den Teppich anschlie\u00dfend mit Kirby Teppichshampoo, um alle Reste und Flecken zu entfernen.<\/li>\n<li data-start=\"2250\" data-end=\"2330\">Lassen Sie den Teppich vollst\u00e4ndig trocknen, bevor Sie ihn wieder betreten.<\/li>\n<\/ol>\n<p data-start=\"2332\" data-end=\"2445\">Mit dieser Methode werden selbst hartn\u00e4ckige Flecken entfernt und Ihr Teppich sieht wieder frisch und sauber aus.<\/p>\n<h2 data-start=\"2447\" data-end=\"2502\">Technische Aspekte von Kirby Shampoo-Vorbehandlung<\/h2>\n<p data-start=\"2503\" data-end=\"2665\">Kirby Shampoo-Vorbehandlung\u00a0ist f\u00fcr verschiedene Teppiche und Teppichb\u00f6den geeignet, sowohl f\u00fcr synthetische als auch nat\u00fcrliche Fasern. Das Produkt:<\/p>\n<ul data-start=\"2667\" data-end=\"2944\">\n<li data-start=\"2667\" data-end=\"2727\">Wird in einer praktischen 650-ml-Spr\u00fchflasche geliefert.<\/li>\n<li data-start=\"2728\" data-end=\"2792\">Enth\u00e4lt eine spezielle Formel, die \u00d6l- und Fettflecken l\u00f6st.<\/li>\n<li data-start=\"2793\" data-end=\"2859\">Ist sicher f\u00fcr Teppichfasern und hinterl\u00e4sst keine R\u00fcckst\u00e4nde.<\/li>\n<li data-start=\"2860\" data-end=\"2944\">Verbessert die Penetration von Teppichshampoo f\u00fcr optimale Reinigungsergebnisse.<\/li>\n<\/ul>\n<h2 data-start=\"2946\" data-end=\"2967\">Pflege und Tipps<\/h2>\n<p data-start=\"2968\" data-end=\"3291\">M\u00f6chten Sie Ihren Teppich langfristig sauber halten? Verwenden Sie Kirby Shampoo-Vorbehandlung 650 ml regelm\u00e4\u00dfig bei neuen Flecken und kombinieren Sie es mit Kirby Teppichshampoo f\u00fcr das beste Ergebnis. Achten Sie darauf, die Spr\u00fchflasche fest zu verschlie\u00dfen und au\u00dferhalb der Reichweite von Kindern aufzubewahren.<\/p>\n<p data-start=\"3293\" data-end=\"3438\">Bestellen Sie noch heute die Kirby Shampoo-Vorbehandlung 650 ml und genie\u00dfen Sie einen strahlend sauberen Teppich ohne hartn\u00e4ckige Flecken.<\/p>\n","protected":false},"excerpt":{"rendered":"<p>Die Kirby Shampoo-Vorbehandlung 650 ml entfernt effektiv hartn\u00e4ckige \u00d6l- und Fettflecken und bereitet Teppiche optimal auf eine gr\u00fcndliche Reinigung mit Teppichshampoo vor \u2013 f\u00fcr ein frisches und professionelles Ergebnis.<\/p>\n[trustindex data-widget-id=31675542425128034566e10b5fb]\n<h3><b><br \/>\n<\/b><span style=\"color: #008000;\"><br \/>\nVorr\u00e4tig<\/span><\/h3>\n[av_font_icon icon='ue812' font='entypo-fontello' style='' caption='' size='25px' position='left' color='#43ad66' link='' linktarget='' title_attr='' sonar_effect_effect='' sonar_effect_color='' sonar_effect_duration='1' sonar_effect_scale='' sonar_effect_opac='0.5' animation='' id='' custom_class='' template_class='' av_uid='' sc_version='1.0' admin_preview_bg=''][\/av_font_icon]\n<p><span style=\"color: #008000;\">Vor 23:59 uhr bestellt, morgen versendet<\/span><\/p>\n<p>&nbsp;<\/p>\n","protected":false},"featured_media":41223,"comment_status":"open","ping_status":"closed","template":"","meta":[],"product_brand":[],"product_cat":[372],"product_tag":[],"class_list":{"0":"post-11956","1":"product","2":"type-product","3":"status-publish","4":"has-post-thumbnail","6":"product_cat-kirby-reinigungsprodukte","7":"product_shipping_class-klein-de","9":"first","10":"instock","11":"taxable","12":"shipping-taxable","13":"purchasable","14":"product-type-simple"},"yoast_head":"<!-- This site is optimized with the Yoast SEO Premium plugin v27.1 (Yoast SEO v27.4) - https:\/\/yoast.com\/product\/yoast-seo-premium-wordpress\/ -->\n<title>Kirby Shampoo-Vorbehandlung 650 ml \u2013 Fleckenentferner<\/title>\n<meta name=\"description\" content=\"Entfernt hartn\u00e4ckige \u00d6l- und Fettflecken: Kirby Shampoo-Vorbehandlung 650 ml bereitet Teppiche optimal f\u00fcr eine gr\u00fcndliche Reinigung vor.\" \/>\n<meta name=\"robots\" content=\"index, follow, max-snippet:-1, max-image-preview:large, max-video-preview:-1\" \/>\n<link rel=\"canonical\" href=\"https:\/\/www.veltec.eu\/de\/product\/kirby-shampoo-vorbehandlung-650-ml\/\" \/>\n<meta property=\"og:locale\" content=\"de_DE\" \/>\n<meta property=\"og:type\" content=\"article\" \/>\n<meta property=\"og:title\" content=\"Kirby Shampoo-Vorbehandlung 650 ml\" \/>\n<meta property=\"og:description\" content=\"Die Kirby Shampoo-Vorbehandlung 650 ml entfernt effektiv hartn\u00e4ckige \u00d6l- und Fettflecken und bereitet Teppiche optimal auf eine gr\u00fcndliche Reinigung mit Teppichshampoo vor \u2013 f\u00fcr ein frisches und professionelles Ergebnis.     Vorr\u00e4tig   Vor 23:59 uhr bestellt, morgen versendet  &nbsp;\" \/>\n<meta property=\"og:url\" content=\"https:\/\/www.veltec.eu\/de\/product\/kirby-shampoo-vorbehandlung-650-ml\/\" \/>\n<meta property=\"og:site_name\" content=\"Veltec Kirby specialist\" \/>\n<meta property=\"article:publisher\" content=\"https:\/\/www.facebook.com\/Veltec-Kirby-Specialist-236746293374877\/\" \/>\n<meta property=\"article:modified_time\" content=\"2025-11-04T13:44:28+00:00\" \/>\n<meta property=\"og:image\" content=\"https:\/\/www.veltec.eu\/wp-content\/uploads\/2018\/10\/s-l1600-1.jpg\" \/>\n\t<meta property=\"og:image:width\" content=\"600\" \/>\n\t<meta property=\"og:image:height\" content=\"600\" \/>\n\t<meta property=\"og:image:type\" content=\"image\/jpeg\" \/>\n<meta name=\"twitter:card\" content=\"summary_large_image\" \/>\n<meta name=\"twitter:label1\" content=\"Gesch\u00e4tzte Lesezeit\" \/>\n\t<meta name=\"twitter:data1\" content=\"3\u00a0Minuten\" \/>\n<script type=\"application\/ld+json\" class=\"yoast-schema-graph\">{\"@context\":\"https:\\\/\\\/schema.org\",\"@graph\":[{\"@type\":\"WebPage\",\"@id\":\"https:\\\/\\\/www.veltec.eu\\\/de\\\/product\\\/kirby-shampoo-vorbehandlung-650-ml\\\/\",\"url\":\"https:\\\/\\\/www.veltec.eu\\\/de\\\/product\\\/kirby-shampoo-vorbehandlung-650-ml\\\/\",\"name\":\"Kirby Shampoo-Vorbehandlung 650 ml \u2013 Fleckenentferner\",\"isPartOf\":{\"@id\":\"https:\\\/\\\/www.veltec.eu\\\/en\\\/#website\"},\"primaryImageOfPage\":{\"@id\":\"https:\\\/\\\/www.veltec.eu\\\/de\\\/product\\\/kirby-shampoo-vorbehandlung-650-ml\\\/#primaryimage\"},\"image\":{\"@id\":\"https:\\\/\\\/www.veltec.eu\\\/de\\\/product\\\/kirby-shampoo-vorbehandlung-650-ml\\\/#primaryimage\"},\"thumbnailUrl\":\"https:\\\/\\\/www.veltec.eu\\\/wp-content\\\/uploads\\\/2018\\\/10\\\/s-l1600-1.jpg\",\"datePublished\":\"2018-10-17T12:58:10+00:00\",\"dateModified\":\"2025-11-04T13:44:28+00:00\",\"description\":\"Entfernt hartn\u00e4ckige \u00d6l- und Fettflecken: Kirby Shampoo-Vorbehandlung 650 ml bereitet Teppiche optimal f\u00fcr eine gr\u00fcndliche Reinigung vor.\",\"breadcrumb\":{\"@id\":\"https:\\\/\\\/www.veltec.eu\\\/de\\\/product\\\/kirby-shampoo-vorbehandlung-650-ml\\\/#breadcrumb\"},\"inLanguage\":\"de\",\"potentialAction\":[{\"@type\":\"ReadAction\",\"target\":[\"https:\\\/\\\/www.veltec.eu\\\/de\\\/product\\\/kirby-shampoo-vorbehandlung-650-ml\\\/\"]}]},{\"@type\":\"ImageObject\",\"inLanguage\":\"de\",\"@id\":\"https:\\\/\\\/www.veltec.eu\\\/de\\\/product\\\/kirby-shampoo-vorbehandlung-650-ml\\\/#primaryimage\",\"url\":\"https:\\\/\\\/www.veltec.eu\\\/wp-content\\\/uploads\\\/2018\\\/10\\\/s-l1600-1.jpg\",\"contentUrl\":\"https:\\\/\\\/www.veltec.eu\\\/wp-content\\\/uploads\\\/2018\\\/10\\\/s-l1600-1.jpg\",\"width\":600,\"height\":600},{\"@type\":\"BreadcrumbList\",\"@id\":\"https:\\\/\\\/www.veltec.eu\\\/de\\\/product\\\/kirby-shampoo-vorbehandlung-650-ml\\\/#breadcrumb\",\"itemListElement\":[{\"@type\":\"ListItem\",\"position\":1,\"name\":\"Home\",\"item\":\"https:\\\/\\\/www.veltec.eu\\\/de\\\/\"},{\"@type\":\"ListItem\",\"position\":2,\"name\":\"Produits\",\"item\":\"https:\\\/\\\/www.veltec.eu\\\/fr\\\/shop\\\/\"},{\"@type\":\"ListItem\",\"position\":3,\"name\":\"Kirby Shampoo-Vorbehandlung 650 ml\"}]},{\"@type\":\"WebSite\",\"@id\":\"https:\\\/\\\/www.veltec.eu\\\/en\\\/#website\",\"url\":\"https:\\\/\\\/www.veltec.eu\\\/en\\\/\",\"name\":\"Veltec Kirby specialist\",\"description\":\"Kirby stofzuiger producten\",\"publisher\":{\"@id\":\"https:\\\/\\\/www.veltec.eu\\\/en\\\/#organization\"},\"potentialAction\":[{\"@type\":\"SearchAction\",\"target\":{\"@type\":\"EntryPoint\",\"urlTemplate\":\"https:\\\/\\\/www.veltec.eu\\\/en\\\/?s={search_term_string}\"},\"query-input\":{\"@type\":\"PropertyValueSpecification\",\"valueRequired\":true,\"valueName\":\"search_term_string\"}}],\"inLanguage\":\"de\"},{\"@type\":\"Organization\",\"@id\":\"https:\\\/\\\/www.veltec.eu\\\/en\\\/#organization\",\"name\":\"Veltec Kirby Specialist\",\"url\":\"https:\\\/\\\/www.veltec.eu\\\/en\\\/\",\"logo\":{\"@type\":\"ImageObject\",\"inLanguage\":\"de\",\"@id\":\"https:\\\/\\\/www.veltec.eu\\\/en\\\/#\\\/schema\\\/logo\\\/image\\\/\",\"url\":\"https:\\\/\\\/www.veltec.eu\\\/wp-content\\\/uploads\\\/2021\\\/12\\\/Veltec-log-groot-e1537260889125.png\",\"contentUrl\":\"https:\\\/\\\/www.veltec.eu\\\/wp-content\\\/uploads\\\/2021\\\/12\\\/Veltec-log-groot-e1537260889125.png\",\"width\":200,\"height\":60,\"caption\":\"Veltec Kirby Specialist\"},\"image\":{\"@id\":\"https:\\\/\\\/www.veltec.eu\\\/en\\\/#\\\/schema\\\/logo\\\/image\\\/\"},\"sameAs\":[\"https:\\\/\\\/www.facebook.com\\\/Veltec-Kirby-Specialist-236746293374877\\\/\",\"https:\\\/\\\/www.youtube.com\\\/user\\\/VeltecService\"]}]}<\/script>\n<!-- \/ Yoast SEO Premium plugin. -->","yoast_head_json":{"title":"Kirby Shampoo-Vorbehandlung 650 ml \u2013 Fleckenentferner","description":"Entfernt hartn\u00e4ckige \u00d6l- und Fettflecken: Kirby Shampoo-Vorbehandlung 650 ml bereitet Teppiche optimal f\u00fcr eine gr\u00fcndliche Reinigung vor.","robots":{"index":"index","follow":"follow","max-snippet":"max-snippet:-1","max-image-preview":"max-image-preview:large","max-video-preview":"max-video-preview:-1"},"canonical":"https:\/\/www.veltec.eu\/de\/product\/kirby-shampoo-vorbehandlung-650-ml\/","og_locale":"de_DE","og_type":"article","og_title":"Kirby Shampoo-Vorbehandlung 650 ml","og_description":"Die Kirby Shampoo-Vorbehandlung 650 ml entfernt effektiv hartn\u00e4ckige \u00d6l- und Fettflecken und bereitet Teppiche optimal auf eine gr\u00fcndliche Reinigung mit Teppichshampoo vor \u2013 f\u00fcr ein frisches und professionelles Ergebnis.     Vorr\u00e4tig   Vor 23:59 uhr bestellt, morgen versendet  &nbsp;","og_url":"https:\/\/www.veltec.eu\/de\/product\/kirby-shampoo-vorbehandlung-650-ml\/","og_site_name":"Veltec Kirby specialist","article_publisher":"https:\/\/www.facebook.com\/Veltec-Kirby-Specialist-236746293374877\/","article_modified_time":"2025-11-04T13:44:28+00:00","og_image":[{"width":600,"height":600,"url":"https:\/\/www.veltec.eu\/wp-content\/uploads\/2018\/10\/s-l1600-1.jpg","type":"image\/jpeg"}],"twitter_card":"summary_large_image","twitter_misc":{"Gesch\u00e4tzte Lesezeit":"3\u00a0Minuten"},"schema":{"@context":"https:\/\/schema.org","@graph":[{"@type":"WebPage","@id":"https:\/\/www.veltec.eu\/de\/product\/kirby-shampoo-vorbehandlung-650-ml\/","url":"https:\/\/www.veltec.eu\/de\/product\/kirby-shampoo-vorbehandlung-650-ml\/","name":"Kirby Shampoo-Vorbehandlung 650 ml \u2013 Fleckenentferner","isPartOf":{"@id":"https:\/\/www.veltec.eu\/en\/#website"},"primaryImageOfPage":{"@id":"https:\/\/www.veltec.eu\/de\/product\/kirby-shampoo-vorbehandlung-650-ml\/#primaryimage"},"image":{"@id":"https:\/\/www.veltec.eu\/de\/product\/kirby-shampoo-vorbehandlung-650-ml\/#primaryimage"},"thumbnailUrl":"https:\/\/www.veltec.eu\/wp-content\/uploads\/2018\/10\/s-l1600-1.jpg","datePublished":"2018-10-17T12:58:10+00:00","dateModified":"2025-11-04T13:44:28+00:00","description":"Entfernt hartn\u00e4ckige \u00d6l- und Fettflecken: Kirby Shampoo-Vorbehandlung 650 ml bereitet Teppiche optimal f\u00fcr eine gr\u00fcndliche Reinigung vor.","breadcrumb":{"@id":"https:\/\/www.veltec.eu\/de\/product\/kirby-shampoo-vorbehandlung-650-ml\/#breadcrumb"},"inLanguage":"de","potentialAction":[{"@type":"ReadAction","target":["https:\/\/www.veltec.eu\/de\/product\/kirby-shampoo-vorbehandlung-650-ml\/"]}]},{"@type":"ImageObject","inLanguage":"de","@id":"https:\/\/www.veltec.eu\/de\/product\/kirby-shampoo-vorbehandlung-650-ml\/#primaryimage","url":"https:\/\/www.veltec.eu\/wp-content\/uploads\/2018\/10\/s-l1600-1.jpg","contentUrl":"https:\/\/www.veltec.eu\/wp-content\/uploads\/2018\/10\/s-l1600-1.jpg","width":600,"height":600},{"@type":"BreadcrumbList","@id":"https:\/\/www.veltec.eu\/de\/product\/kirby-shampoo-vorbehandlung-650-ml\/#breadcrumb","itemListElement":[{"@type":"ListItem","position":1,"name":"Home","item":"https:\/\/www.veltec.eu\/de\/"},{"@type":"ListItem","position":2,"name":"Produits","item":"https:\/\/www.veltec.eu\/fr\/shop\/"},{"@type":"ListItem","position":3,"name":"Kirby Shampoo-Vorbehandlung 650 ml"}]},{"@type":"WebSite","@id":"https:\/\/www.veltec.eu\/en\/#website","url":"https:\/\/www.veltec.eu\/en\/","name":"Veltec Kirby specialist","description":"Kirby stofzuiger producten","publisher":{"@id":"https:\/\/www.veltec.eu\/en\/#organization"},"potentialAction":[{"@type":"SearchAction","target":{"@type":"EntryPoint","urlTemplate":"https:\/\/www.veltec.eu\/en\/?s={search_term_string}"},"query-input":{"@type":"PropertyValueSpecification","valueRequired":true,"valueName":"search_term_string"}}],"inLanguage":"de"},{"@type":"Organization","@id":"https:\/\/www.veltec.eu\/en\/#organization","name":"Veltec Kirby Specialist","url":"https:\/\/www.veltec.eu\/en\/","logo":{"@type":"ImageObject","inLanguage":"de","@id":"https:\/\/www.veltec.eu\/en\/#\/schema\/logo\/image\/","url":"https:\/\/www.veltec.eu\/wp-content\/uploads\/2021\/12\/Veltec-log-groot-e1537260889125.png","contentUrl":"https:\/\/www.veltec.eu\/wp-content\/uploads\/2021\/12\/Veltec-log-groot-e1537260889125.png","width":200,"height":60,"caption":"Veltec Kirby Specialist"},"image":{"@id":"https:\/\/www.veltec.eu\/en\/#\/schema\/logo\/image\/"},"sameAs":["https:\/\/www.facebook.com\/Veltec-Kirby-Specialist-236746293374877\/","https:\/\/www.youtube.com\/user\/VeltecService"]}]}},"_links":{"self":[{"href":"https:\/\/www.veltec.eu\/de\/wp-json\/wp\/v2\/product\/11956","targetHints":{"allow":["GET"]}}],"collection":[{"href":"https:\/\/www.veltec.eu\/de\/wp-json\/wp\/v2\/product"}],"about":[{"href":"https:\/\/www.veltec.eu\/de\/wp-json\/wp\/v2\/types\/product"}],"replies":[{"embeddable":true,"href":"https:\/\/www.veltec.eu\/de\/wp-json\/wp\/v2\/comments?post=11956"}],"wp:featuredmedia":[{"embeddable":true,"href":"https:\/\/www.veltec.eu\/de\/wp-json\/wp\/v2\/media\/41223"}],"wp:attachment":[{"href":"https:\/\/www.veltec.eu\/de\/wp-json\/wp\/v2\/media?parent=11956"}],"wp:term":[{"taxonomy":"product_brand","embeddable":true,"href":"https:\/\/www.veltec.eu\/de\/wp-json\/wp\/v2\/product_brand?post=11956"},{"taxonomy":"product_cat","embeddable":true,"href":"https:\/\/www.veltec.eu\/de\/wp-json\/wp\/v2\/product_cat?post=11956"},{"taxonomy":"product_tag","embeddable":true,"href":"https:\/\/www.veltec.eu\/de\/wp-json\/wp\/v2\/product_tag?post=11956"}],"curies":[{"name":"wp","href":"https:\/\/api.w.org\/{rel}","templated":true}]}}