{"id":11640,"date":"2018-10-18T16:25:04","date_gmt":"2018-10-18T14:25:04","guid":{"rendered":"https:\/\/www.veltec.eu\/kirby-webshop\/boutje-en-moertje-kirby-motor-voorplaat-4x-nl6666879\/"},"modified":"2024-12-10T10:35:09","modified_gmt":"2024-12-10T08:35:09","slug":"bolzen-und-mutter-kirby-vorderplatte-motor-4x-nl6666879","status":"publish","type":"product","link":"https:\/\/www.veltec.eu\/de\/product\/bolzen-und-mutter-kirby-vorderplatte-motor-4x-nl6666879\/","title":{"rendered":"Bolzen und Mutter Kirby Vorderplatte Motor 4x"},"content":{"rendered":"<h1>Bolzen und Mutter Kirby Vorderplatte Motor 4x<\/h1>\n<p>Bolzen und Mutter Kirby Vorderplatte Motor (4x)<\/p>\n<p><strong>Dieses Produkt eignet sich f\u00fcr die Typen:<\/strong><\/p>\n<ul>\n<li>Avalir Platinum<\/li>\n<li>Avalir 2<\/li>\n<li>Avalir 1<\/li>\n<li>Sentria 2 (G10D)<\/li>\n<li>Sentria 1 (G10)<\/li>\n<li>Ultimate G Diamond Ed.(G7D or DE)<\/li>\n<li>Ultimate G (G7 or UG)<\/li>\n<li>Generation 6 (G6)<\/li>\n<li>Generation 5 (G5)<\/li>\n<li>Generation 4 (G4)<\/li>\n<li>Generation 3 (G3)<\/li>\n<\/ul>\n<h2>Bolzen und Mutter Kirby Vorderplatte Motor 4x &#8211; f\u00fcr eine solide Befestigung<\/h2>\n<p>Haben Sie lose oder fehlende Befestigungsteile an Ihrem Kirby Staubsauger? Dieses Set aus <strong>4 Schrauben und passenden Muttern<\/strong> ist genau das, was Sie brauchen, um die Motorfrontplatte fest mit dem Motorgeh\u00e4use Ihres Kirby Staubsaugers zu verbinden. Dieses Produkt ist f\u00fcr <strong>alle Kirby Staubsaugertypen<\/strong> geeignet und sorgt daf\u00fcr, dass Ihr Ger\u00e4t wieder optimal funktioniert.<\/p>\n<p>Alle <a href=\"https:\/\/www.veltec.eu\/de\/kirby-motorenteile\/\">Kirby Motorenteile<\/a> finden Sie hier<\/p>\n<h3>Warum sollten Sie diese Bolzen und Mutter Kirby Vorderplatte Motor w\u00e4hlen?<\/h3>\n<p>Es ist wichtig, dass die Motorfrontplatte Ihres Kirby Staubsaugers fest sitzt, um den effizienten Betrieb Ihres Staubsaugers zu gew\u00e4hrleisten. Dieses <strong>hochwertige Befestigungsset<\/strong> ist speziell f\u00fcr diesen Zweck entwickelt worden:<\/p>\n<ul>\n<li><strong>Perfekte Passform:<\/strong> Diese Schrauben und Muttern passen nahtlos auf alle Modelle von Kirby Staubsaugern.<\/li>\n<li><strong>Langlebige Materialien:<\/strong> Hergestellt aus robusten und korrosionsbest\u00e4ndigen Materialien f\u00fcr eine lange Lebensdauer.<\/li>\n<li><strong>Einfacher Einbau:<\/strong> Diese Teile sind auch ohne technische Kenntnisse leicht zu montieren.<\/li>\n<\/ul>\n<p>Mit diesem Kit m\u00fcssen Sie sich nie wieder Sorgen um eine lose Motorfrontplatte machen.<\/p>\n<h3>Vorteile einer regelm\u00e4\u00dfigen Wartung<\/h3>\n<p>Der Austausch verschlissener oder fehlender Teile wie Schrauben und Muttern ist eine einfache, aber wirksame Methode, um die Lebensdauer Ihres Kirby Staubsaugers zu verl\u00e4ngern. Indem Sie die <strong>Motorfrontplatte fest<\/strong> anbringen, verhindern Sie Vibrationen und L\u00e4rmbel\u00e4stigung, und Ihr Staubsauger beh\u00e4lt seine Leistung und Effizienz.<\/p>\n<h4>Geeignet f\u00fcr jedes Kirby-Modell<\/h4>\n<p>Egal, ob Sie einen \u00e4lteren oder neueren Kirby Staubsauger haben, dieser Satz Schrauben und Muttern ist universell kompatibel. Das bedeutet, dass Sie keine Zeit mit der Suche nach bestimmten Teilen verschwenden m\u00fcssen.<\/p>\n<h3>Bestellen Sie noch heute!<\/h3>\n<p>Mit den <strong>Schrauben und Muttern<\/strong> bringen Sie Ihren Kirby Staubsauger schnell wieder in Top-Zustand. Bestellen Sie noch heute und profitieren Sie von einer <strong>problemlosen Installation und einem optimalen Betrieb<\/strong> Ihres Ger\u00e4ts. Ihr Kirby Staubsauger hat es verdient!<\/p>\n","protected":false},"excerpt":{"rendered":"<p>Bolzen und Mutter Kirby Vorderplatte Motor (4x).<\/p>\n[trustindex data-widget-id=31675542425128034566e10b5fb]\n<h3><span style=\"color: #008000;\"><br \/>\nVorr\u00e4tig<\/span><\/h3>\n[av_font_icon icon='ue812' font='entypo-fontello' style='' caption='' size='25px' position='left' color='#43ad66' link='' linktarget='' title_attr='' sonar_effect_effect='' sonar_effect_color='' sonar_effect_duration='1' sonar_effect_scale='' sonar_effect_opac='0.5' animation='' id='' custom_class='' template_class='' av_uid='' sc_version='1.0' admin_preview_bg=''][\/av_font_icon]\n<p><span style=\"color: #008000;\">Vor 23:59 uhr bestellt, morgen versendet<\/span><\/p>\n<p>&nbsp;<\/p>\n","protected":false},"featured_media":70457,"comment_status":"open","ping_status":"closed","template":"","meta":[],"product_brand":[],"product_cat":[360],"product_tag":[],"class_list":{"0":"post-11640","1":"product","2":"type-product","3":"status-publish","4":"has-post-thumbnail","6":"product_cat-kirby-motorenteile","7":"product_shipping_class-klein-de","9":"first","10":"instock","11":"taxable","12":"shipping-taxable","13":"purchasable","14":"product-type-simple"},"yoast_head":"<!-- This site is optimized with the Yoast SEO Premium plugin v27.1 (Yoast SEO v27.4) - https:\/\/yoast.com\/product\/yoast-seo-premium-wordpress\/ -->\n<title>Bolzen und Mutter Kirby Vorderplatte Motor 4x - Veltec Kirby specialist<\/title>\n<meta name=\"description\" content=\"Bolzen und Mutter Kirby Vorderplatte Motor 4x Veltec ist seit \u00fcber 25 Jahren der Lieferant von Kirby Staubsaugern. Veltec Kirby Spezialist.\" \/>\n<meta name=\"robots\" content=\"index, follow, max-snippet:-1, max-image-preview:large, max-video-preview:-1\" \/>\n<link rel=\"canonical\" href=\"https:\/\/www.veltec.eu\/nl\/product\/boutje-en-moertje-kirby-motor-voorplaat-4x-nl6666879\/\" \/>\n<meta property=\"og:locale\" content=\"de_DE\" \/>\n<meta property=\"og:type\" content=\"article\" \/>\n<meta property=\"og:title\" content=\"Bolzen und Mutter Kirby Vorderplatte Motor 4x\" \/>\n<meta property=\"og:description\" content=\"Bolzen und Mutter Kirby Vorderplatte Motor (4x).    Vorr\u00e4tig   Vor 23:59 uhr bestellt, morgen versendet  &nbsp;\" \/>\n<meta property=\"og:url\" content=\"https:\/\/www.veltec.eu\/nl\/product\/boutje-en-moertje-kirby-motor-voorplaat-4x-nl6666879\/\" \/>\n<meta property=\"og:site_name\" content=\"Veltec Kirby specialist\" \/>\n<meta property=\"article:publisher\" content=\"https:\/\/www.facebook.com\/Veltec-Kirby-Specialist-236746293374877\/\" \/>\n<meta property=\"article:modified_time\" content=\"2024-12-10T08:35:09+00:00\" \/>\n<meta property=\"og:image\" content=\"https:\/\/www.veltec.eu\/wp-content\/uploads\/2018\/10\/Kirby-voorplaat-schroeven.jpg\" \/>\n\t<meta property=\"og:image:width\" content=\"600\" \/>\n\t<meta property=\"og:image:height\" content=\"600\" \/>\n\t<meta property=\"og:image:type\" content=\"image\/jpeg\" \/>\n<meta name=\"twitter:card\" content=\"summary_large_image\" \/>\n<meta name=\"twitter:label1\" content=\"Gesch\u00e4tzte Lesezeit\" \/>\n\t<meta name=\"twitter:data1\" content=\"2\u00a0Minuten\" \/>\n<script type=\"application\/ld+json\" class=\"yoast-schema-graph\">{\"@context\":\"https:\\\/\\\/schema.org\",\"@graph\":[{\"@type\":\"WebPage\",\"@id\":\"https:\\\/\\\/www.veltec.eu\\\/nl\\\/product\\\/boutje-en-moertje-kirby-motor-voorplaat-4x-nl6666879\\\/\",\"url\":\"https:\\\/\\\/www.veltec.eu\\\/nl\\\/product\\\/boutje-en-moertje-kirby-motor-voorplaat-4x-nl6666879\\\/\",\"name\":\"Bolzen und Mutter Kirby Vorderplatte Motor 4x - Veltec Kirby specialist\",\"isPartOf\":{\"@id\":\"https:\\\/\\\/www.veltec.eu\\\/en\\\/#website\"},\"primaryImageOfPage\":{\"@id\":\"https:\\\/\\\/www.veltec.eu\\\/nl\\\/product\\\/boutje-en-moertje-kirby-motor-voorplaat-4x-nl6666879\\\/#primaryimage\"},\"image\":{\"@id\":\"https:\\\/\\\/www.veltec.eu\\\/nl\\\/product\\\/boutje-en-moertje-kirby-motor-voorplaat-4x-nl6666879\\\/#primaryimage\"},\"thumbnailUrl\":\"https:\\\/\\\/www.veltec.eu\\\/wp-content\\\/uploads\\\/2018\\\/10\\\/Kirby-voorplaat-schroeven.jpg\",\"datePublished\":\"2018-10-18T14:25:04+00:00\",\"dateModified\":\"2024-12-10T08:35:09+00:00\",\"description\":\"Bolzen und Mutter Kirby Vorderplatte Motor 4x Veltec ist seit \u00fcber 25 Jahren der Lieferant von Kirby Staubsaugern. Veltec Kirby Spezialist.\",\"breadcrumb\":{\"@id\":\"https:\\\/\\\/www.veltec.eu\\\/nl\\\/product\\\/boutje-en-moertje-kirby-motor-voorplaat-4x-nl6666879\\\/#breadcrumb\"},\"inLanguage\":\"de\",\"potentialAction\":[{\"@type\":\"ReadAction\",\"target\":[\"https:\\\/\\\/www.veltec.eu\\\/nl\\\/product\\\/boutje-en-moertje-kirby-motor-voorplaat-4x-nl6666879\\\/\"]}]},{\"@type\":\"ImageObject\",\"inLanguage\":\"de\",\"@id\":\"https:\\\/\\\/www.veltec.eu\\\/nl\\\/product\\\/boutje-en-moertje-kirby-motor-voorplaat-4x-nl6666879\\\/#primaryimage\",\"url\":\"https:\\\/\\\/www.veltec.eu\\\/wp-content\\\/uploads\\\/2018\\\/10\\\/Kirby-voorplaat-schroeven.jpg\",\"contentUrl\":\"https:\\\/\\\/www.veltec.eu\\\/wp-content\\\/uploads\\\/2018\\\/10\\\/Kirby-voorplaat-schroeven.jpg\",\"width\":600,\"height\":600},{\"@type\":\"BreadcrumbList\",\"@id\":\"https:\\\/\\\/www.veltec.eu\\\/nl\\\/product\\\/boutje-en-moertje-kirby-motor-voorplaat-4x-nl6666879\\\/#breadcrumb\",\"itemListElement\":[{\"@type\":\"ListItem\",\"position\":1,\"name\":\"Home\",\"item\":\"https:\\\/\\\/www.veltec.eu\\\/de\\\/\"},{\"@type\":\"ListItem\",\"position\":2,\"name\":\"Produits\",\"item\":\"https:\\\/\\\/www.veltec.eu\\\/fr\\\/shop\\\/\"},{\"@type\":\"ListItem\",\"position\":3,\"name\":\"Bolzen und Mutter Kirby Vorderplatte Motor 4x\"}]},{\"@type\":\"WebSite\",\"@id\":\"https:\\\/\\\/www.veltec.eu\\\/en\\\/#website\",\"url\":\"https:\\\/\\\/www.veltec.eu\\\/en\\\/\",\"name\":\"Veltec Kirby specialist\",\"description\":\"Kirby stofzuiger producten\",\"publisher\":{\"@id\":\"https:\\\/\\\/www.veltec.eu\\\/en\\\/#organization\"},\"potentialAction\":[{\"@type\":\"SearchAction\",\"target\":{\"@type\":\"EntryPoint\",\"urlTemplate\":\"https:\\\/\\\/www.veltec.eu\\\/en\\\/?s={search_term_string}\"},\"query-input\":{\"@type\":\"PropertyValueSpecification\",\"valueRequired\":true,\"valueName\":\"search_term_string\"}}],\"inLanguage\":\"de\"},{\"@type\":\"Organization\",\"@id\":\"https:\\\/\\\/www.veltec.eu\\\/en\\\/#organization\",\"name\":\"Veltec Kirby Specialist\",\"url\":\"https:\\\/\\\/www.veltec.eu\\\/en\\\/\",\"logo\":{\"@type\":\"ImageObject\",\"inLanguage\":\"de\",\"@id\":\"https:\\\/\\\/www.veltec.eu\\\/en\\\/#\\\/schema\\\/logo\\\/image\\\/\",\"url\":\"https:\\\/\\\/www.veltec.eu\\\/wp-content\\\/uploads\\\/2021\\\/12\\\/Veltec-log-groot-e1537260889125.png\",\"contentUrl\":\"https:\\\/\\\/www.veltec.eu\\\/wp-content\\\/uploads\\\/2021\\\/12\\\/Veltec-log-groot-e1537260889125.png\",\"width\":200,\"height\":60,\"caption\":\"Veltec Kirby Specialist\"},\"image\":{\"@id\":\"https:\\\/\\\/www.veltec.eu\\\/en\\\/#\\\/schema\\\/logo\\\/image\\\/\"},\"sameAs\":[\"https:\\\/\\\/www.facebook.com\\\/Veltec-Kirby-Specialist-236746293374877\\\/\",\"https:\\\/\\\/www.youtube.com\\\/user\\\/VeltecService\"]}]}<\/script>\n<!-- \/ Yoast SEO Premium plugin. -->","yoast_head_json":{"title":"Bolzen und Mutter Kirby Vorderplatte Motor 4x - Veltec Kirby specialist","description":"Bolzen und Mutter Kirby Vorderplatte Motor 4x Veltec ist seit \u00fcber 25 Jahren der Lieferant von Kirby Staubsaugern. Veltec Kirby Spezialist.","robots":{"index":"index","follow":"follow","max-snippet":"max-snippet:-1","max-image-preview":"max-image-preview:large","max-video-preview":"max-video-preview:-1"},"canonical":"https:\/\/www.veltec.eu\/nl\/product\/boutje-en-moertje-kirby-motor-voorplaat-4x-nl6666879\/","og_locale":"de_DE","og_type":"article","og_title":"Bolzen und Mutter Kirby Vorderplatte Motor 4x","og_description":"Bolzen und Mutter Kirby Vorderplatte Motor (4x).    Vorr\u00e4tig   Vor 23:59 uhr bestellt, morgen versendet  &nbsp;","og_url":"https:\/\/www.veltec.eu\/nl\/product\/boutje-en-moertje-kirby-motor-voorplaat-4x-nl6666879\/","og_site_name":"Veltec Kirby specialist","article_publisher":"https:\/\/www.facebook.com\/Veltec-Kirby-Specialist-236746293374877\/","article_modified_time":"2024-12-10T08:35:09+00:00","og_image":[{"width":600,"height":600,"url":"https:\/\/www.veltec.eu\/wp-content\/uploads\/2018\/10\/Kirby-voorplaat-schroeven.jpg","type":"image\/jpeg"}],"twitter_card":"summary_large_image","twitter_misc":{"Gesch\u00e4tzte Lesezeit":"2\u00a0Minuten"},"schema":{"@context":"https:\/\/schema.org","@graph":[{"@type":"WebPage","@id":"https:\/\/www.veltec.eu\/nl\/product\/boutje-en-moertje-kirby-motor-voorplaat-4x-nl6666879\/","url":"https:\/\/www.veltec.eu\/nl\/product\/boutje-en-moertje-kirby-motor-voorplaat-4x-nl6666879\/","name":"Bolzen und Mutter Kirby Vorderplatte Motor 4x - Veltec Kirby specialist","isPartOf":{"@id":"https:\/\/www.veltec.eu\/en\/#website"},"primaryImageOfPage":{"@id":"https:\/\/www.veltec.eu\/nl\/product\/boutje-en-moertje-kirby-motor-voorplaat-4x-nl6666879\/#primaryimage"},"image":{"@id":"https:\/\/www.veltec.eu\/nl\/product\/boutje-en-moertje-kirby-motor-voorplaat-4x-nl6666879\/#primaryimage"},"thumbnailUrl":"https:\/\/www.veltec.eu\/wp-content\/uploads\/2018\/10\/Kirby-voorplaat-schroeven.jpg","datePublished":"2018-10-18T14:25:04+00:00","dateModified":"2024-12-10T08:35:09+00:00","description":"Bolzen und Mutter Kirby Vorderplatte Motor 4x Veltec ist seit \u00fcber 25 Jahren der Lieferant von Kirby Staubsaugern. Veltec Kirby Spezialist.","breadcrumb":{"@id":"https:\/\/www.veltec.eu\/nl\/product\/boutje-en-moertje-kirby-motor-voorplaat-4x-nl6666879\/#breadcrumb"},"inLanguage":"de","potentialAction":[{"@type":"ReadAction","target":["https:\/\/www.veltec.eu\/nl\/product\/boutje-en-moertje-kirby-motor-voorplaat-4x-nl6666879\/"]}]},{"@type":"ImageObject","inLanguage":"de","@id":"https:\/\/www.veltec.eu\/nl\/product\/boutje-en-moertje-kirby-motor-voorplaat-4x-nl6666879\/#primaryimage","url":"https:\/\/www.veltec.eu\/wp-content\/uploads\/2018\/10\/Kirby-voorplaat-schroeven.jpg","contentUrl":"https:\/\/www.veltec.eu\/wp-content\/uploads\/2018\/10\/Kirby-voorplaat-schroeven.jpg","width":600,"height":600},{"@type":"BreadcrumbList","@id":"https:\/\/www.veltec.eu\/nl\/product\/boutje-en-moertje-kirby-motor-voorplaat-4x-nl6666879\/#breadcrumb","itemListElement":[{"@type":"ListItem","position":1,"name":"Home","item":"https:\/\/www.veltec.eu\/de\/"},{"@type":"ListItem","position":2,"name":"Produits","item":"https:\/\/www.veltec.eu\/fr\/shop\/"},{"@type":"ListItem","position":3,"name":"Bolzen und Mutter Kirby Vorderplatte Motor 4x"}]},{"@type":"WebSite","@id":"https:\/\/www.veltec.eu\/en\/#website","url":"https:\/\/www.veltec.eu\/en\/","name":"Veltec Kirby specialist","description":"Kirby stofzuiger producten","publisher":{"@id":"https:\/\/www.veltec.eu\/en\/#organization"},"potentialAction":[{"@type":"SearchAction","target":{"@type":"EntryPoint","urlTemplate":"https:\/\/www.veltec.eu\/en\/?s={search_term_string}"},"query-input":{"@type":"PropertyValueSpecification","valueRequired":true,"valueName":"search_term_string"}}],"inLanguage":"de"},{"@type":"Organization","@id":"https:\/\/www.veltec.eu\/en\/#organization","name":"Veltec Kirby Specialist","url":"https:\/\/www.veltec.eu\/en\/","logo":{"@type":"ImageObject","inLanguage":"de","@id":"https:\/\/www.veltec.eu\/en\/#\/schema\/logo\/image\/","url":"https:\/\/www.veltec.eu\/wp-content\/uploads\/2021\/12\/Veltec-log-groot-e1537260889125.png","contentUrl":"https:\/\/www.veltec.eu\/wp-content\/uploads\/2021\/12\/Veltec-log-groot-e1537260889125.png","width":200,"height":60,"caption":"Veltec Kirby Specialist"},"image":{"@id":"https:\/\/www.veltec.eu\/en\/#\/schema\/logo\/image\/"},"sameAs":["https:\/\/www.facebook.com\/Veltec-Kirby-Specialist-236746293374877\/","https:\/\/www.youtube.com\/user\/VeltecService"]}]}},"_links":{"self":[{"href":"https:\/\/www.veltec.eu\/de\/wp-json\/wp\/v2\/product\/11640","targetHints":{"allow":["GET"]}}],"collection":[{"href":"https:\/\/www.veltec.eu\/de\/wp-json\/wp\/v2\/product"}],"about":[{"href":"https:\/\/www.veltec.eu\/de\/wp-json\/wp\/v2\/types\/product"}],"replies":[{"embeddable":true,"href":"https:\/\/www.veltec.eu\/de\/wp-json\/wp\/v2\/comments?post=11640"}],"wp:featuredmedia":[{"embeddable":true,"href":"https:\/\/www.veltec.eu\/de\/wp-json\/wp\/v2\/media\/70457"}],"wp:attachment":[{"href":"https:\/\/www.veltec.eu\/de\/wp-json\/wp\/v2\/media?parent=11640"}],"wp:term":[{"taxonomy":"product_brand","embeddable":true,"href":"https:\/\/www.veltec.eu\/de\/wp-json\/wp\/v2\/product_brand?post=11640"},{"taxonomy":"product_cat","embeddable":true,"href":"https:\/\/www.veltec.eu\/de\/wp-json\/wp\/v2\/product_cat?post=11640"},{"taxonomy":"product_tag","embeddable":true,"href":"https:\/\/www.veltec.eu\/de\/wp-json\/wp\/v2\/product_tag?post=11640"}],"curies":[{"name":"wp","href":"https:\/\/api.w.org\/{rel}","templated":true}]}}