{"id":11116,"date":"2018-10-19T10:51:11","date_gmt":"2018-10-19T08:51:11","guid":{"rendered":"https:\/\/www.veltec.eu\/kirby-webshop\/kirby-abstaubburste-nl3021\/"},"modified":"2026-05-04T11:40:40","modified_gmt":"2026-05-04T09:40:40","slug":"kirby-abstaubburste-nl3021","status":"publish","type":"product","link":"https:\/\/www.veltec.eu\/de\/product\/kirby-abstaubburste-nl3021\/","title":{"rendered":"Kirby Abstaubb\u00fcrste"},"content":{"rendered":"<h1 data-start=\"48\" data-end=\"113\">Kirby Abstaubb\u00fcrste \u2013 Staubfrei Abstauben mit Ihrem Staubsauger<\/h1>\n<p data-start=\"114\" data-end=\"398\">Die Kirby Abstaubb\u00fcrste\u00a0ist ein universelles Zubeh\u00f6rteil, das Staub einfach und schnell entfernt, w\u00e4hrend gleichzeitig empfindliche Oberfl\u00e4chen gesch\u00fctzt werden. Dank des hochwertigen Pferdehaars beseitigen Sie Staub mit einer einzigen Bewegung, ohne den Schmutz nur zu verschieben.<\/p>\n<h2 data-start=\"400\" data-end=\"440\">Warum die Kirby Abstaubb\u00fcrste w\u00e4hlen?<\/h2>\n<p data-start=\"441\" data-end=\"775\">Die Kirby Staubpinsel verbindet sanfte Pflege mit kraftvoller Reinigung, sodass Staub wirklich entfernt wird. Dar\u00fcber hinaus ist diese B\u00fcrste f\u00fcr die Verwendung mit Ihrem Kirby Staubsauger konzipiert, sodass Sie jederzeit direkt Saugkraft einsetzen k\u00f6nnen. Dadurch ist das Abstauben nicht nur schneller, sondern auch hygienischer.<\/p>\n<h3 data-start=\"777\" data-end=\"838\">Hochwertiges Pferdehaar f\u00fcr sanfte, effektive Reinigung<\/h3>\n<p data-start=\"839\" data-end=\"1069\">Die Borsten bestehen aus hochwertigem Pferdehaar, wodurch Staub und feiner Schmutz aufgenommen werden, ohne Kratzer zu verursachen. Au\u00dferdem ist das Material langlebig, sodass die B\u00fcrste \u00fcber einen langen Zeitraum effektiv bleibt.<\/p>\n<h3 data-start=\"1071\" data-end=\"1125\">Einfach in der Anwendung und schnell zu wechseln<\/h3>\n<p data-start=\"1126\" data-end=\"1360\">Die Staubpinsel l\u00e4sst sich einfach an Ihrem Kirby Staubsauger befestigen, sodass Sie sofort mit dem Abstauben beginnen k\u00f6nnen. Dank des ergonomischen Designs liegt die B\u00fcrste auch bei l\u00e4ngeren Reinigungsvorg\u00e4ngen angenehm in der Hand.<\/p>\n<h2 data-start=\"1362\" data-end=\"1415\">Kompatibilit\u00e4t \u2013 Geeignet f\u00fcr alle Kirby Modelle<\/h2>\n<p data-start=\"1416\" data-end=\"1499\">Diese Staubpinsel ist universell und passend f\u00fcr jeden Kirby Staubsauger, darunter:<\/p>\n<ul data-start=\"1501\" data-end=\"1780\">\n<li data-start=\"1501\" data-end=\"1524\">Avalir Platinum<\/li>\n<li data-start=\"1525\" data-end=\"1552\">Avalir 2 \/ Avalir 1<\/li>\n<li data-start=\"1553\" data-end=\"1595\">Sentria 2 (G10D) \/ Sentria 1 (G10)<\/li>\n<li data-start=\"1596\" data-end=\"1644\">Ultimate G Diamond Edition (G7D oder DE)<\/li>\n<li data-start=\"1645\" data-end=\"1676\">Ultimate G (G7 oder UG)<\/li>\n<li data-start=\"1677\" data-end=\"1702\">Generation 6 (G6)<\/li>\n<li data-start=\"1703\" data-end=\"1728\">Generation 5 (G5)<\/li>\n<li data-start=\"1729\" data-end=\"1754\">Generation 4 (G4)<\/li>\n<li data-start=\"1755\" data-end=\"1780\">Generation 3 (G3)<\/li>\n<\/ul>\n<p data-start=\"1782\" data-end=\"1887\">Dadurch ist die Kirby Abstaubb\u00fcrste\u00a0eine perfekte Wahl f\u00fcr jeden Kirby-Besitzer, unabh\u00e4ngig vom Modell.<\/p>\n<h2 data-start=\"1889\" data-end=\"1942\">Benutzerfreundlichkeit, Langlebigkeit und Pflege<\/h2>\n<p data-start=\"1943\" data-end=\"2290\">Die Staubpinsel ist nicht nur effektiv, sondern auch leicht zu pflegen. Nach der Verwendung klopfen Sie die Borsten aus oder sp\u00fclen sie vorsichtig unter dem Wasserhahn ab, sodass die B\u00fcrste schnell wieder einsatzbereit ist. Dar\u00fcber hinaus bleibt die Staubpinsel dank der langlebigen Materialien jahrelang nutzbar, ohne dass die Qualit\u00e4t nachl\u00e4sst.<\/p>\n<h2 data-start=\"2292\" data-end=\"2336\">Vielseitige Anwendung in jedem Haushalt<\/h2>\n<p data-start=\"2337\" data-end=\"2585\">Ob M\u00f6bel, B\u00fccherregale, Lampen, Elektronik oder sogar das Autoinnenraum \u2013 die Kirby Abstaubb\u00fcrste\u00a0bietet eine sichere L\u00f6sung. Daher ist sie ein unverzichtbares Hilfsmittel f\u00fcr jeden Haushalt, der eine staubfreie und frische Wohnumgebung anstrebt.<\/p>\n<h3 data-start=\"2587\" data-end=\"2641\">Sehen Sie sich auch andere Kirby Zubeh\u00f6rteile an<\/h3>\n<p data-start=\"2642\" data-end=\"2889\">F\u00fcr zus\u00e4tzlichen Komfort und eine vollst\u00e4ndige Reinigung finden Sie auch unsere anderen Zubeh\u00f6rteile, wie <a href=\"https:\/\/www.veltec.eu\/de\/staubsauger-und-beutel\/kirby-staubsaugerbeutel\/\">Kirby Staubsaugerbeutel<\/a> und <a href=\"https:\/\/www.veltec.eu\/de\/buersten-und-mundstuecke\/kirby-bursten-und-zubehor\/\" target=\"_blank\" rel=\"noopener\">Kirby B\u00fcrsten<\/a>. Au\u00dferdem finden Sie alle Kirby Zubeh\u00f6rteile auf unserer Seite <a href=\"https:\/\/www.veltec.eu\/de\/zubehoer-und-schlaeuche\/kirby-zubehor\/\">Kirby Zubeh\u00f6rteile<\/a>.<\/p>\n<h3 data-start=\"2891\" data-end=\"2933\">Mehr lesen \u00fcber Abstauben mit Kirby?<\/h3>\n<p data-start=\"2934\" data-end=\"3113\">Entdecken Sie die Kraft der Kirby Staubpinsel in diesem Blogartikel: <a href=\"https:\/\/www.kirby-staubsauger-service.de\/kirby-staubburste\/\"><em>\u201eEntdecken Sie die Kraft der Kirby-Staubb\u00fcrste \u2013 Staub nicht mehr verteilen, sondern wirklich entfernen!<\/em><\/a><\/p>\n","protected":false},"excerpt":{"rendered":"<p>Die Kirby Staubpinsel entfernt Staub zuverl\u00e4ssig \u00fcber den Staubsauger und ist dank hochwertigem Pferdehaar schonend zu Oberfl\u00e4chen. Universell passend f\u00fcr alle Kirby Modelle.<\/p>\n[trustindex data-widget-id=31675542425128034566e10b5fb]\n<h3><span style=\"color: #008000;\"><br \/>\nVorr\u00e4tig<\/span><\/h3>\n[av_font_icon icon='ue812' font='entypo-fontello' style='' caption='' size='25px' position='left' color='#43ad66' link='' linktarget='' title_attr='' sonar_effect_effect='' sonar_effect_color='' sonar_effect_duration='1' sonar_effect_scale='' sonar_effect_opac='0.5' animation='' id='' custom_class='' template_class='' av_uid='' sc_version='1.0' admin_preview_bg=''][\/av_font_icon]\n<p><span style=\"color: #008000;\">Vor 23:59 uhr bestellt, morgen versendet<\/span><\/p>\n<p>&nbsp;<\/p>\n","protected":false},"featured_media":21037,"comment_status":"open","ping_status":"closed","template":"","meta":{"_acf_changed":false},"product_brand":[],"product_cat":[355],"product_tag":[],"class_list":{"0":"post-11116","1":"product","2":"type-product","3":"status-publish","4":"has-post-thumbnail","6":"product_cat-kirby-zubehor","7":"product_shipping_class-klein-de","9":"first","10":"instock","11":"sale","12":"taxable","13":"shipping-taxable","14":"purchasable","15":"product-type-simple"},"acf":[],"yoast_head":"<!-- This site is optimized with the Yoast SEO Premium plugin v27.1 (Yoast SEO v27.5) - https:\/\/yoast.com\/product\/yoast-seo-premium-wordpress\/ -->\n<title>Kirby Abstaubb\u00fcrste \u2013 Universell &amp; Pferdehaar<\/title>\n<meta name=\"description\" content=\"Kirby Abstaubb\u00fcrste mit hochwertigem Pferdehaar f\u00fcr staubfreies Abstauben \u00fcber den Staubsauger. Passend f\u00fcr alle Kirby Modelle, schonend &amp; effektiv.\" \/>\n<meta name=\"robots\" content=\"index, follow, max-snippet:-1, max-image-preview:large, max-video-preview:-1\" \/>\n<link rel=\"canonical\" href=\"https:\/\/www.veltec.eu\/de\/product\/kirby-abstaubburste-nl3021\/\" \/>\n<meta property=\"og:locale\" content=\"de_DE\" \/>\n<meta property=\"og:type\" content=\"article\" \/>\n<meta property=\"og:title\" content=\"Kirby Abstaubb\u00fcrste\" \/>\n<meta property=\"og:description\" content=\"Die Kirby Staubpinsel entfernt Staub zuverl\u00e4ssig \u00fcber den Staubsauger und ist dank hochwertigem Pferdehaar schonend zu Oberfl\u00e4chen. Universell passend f\u00fcr alle Kirby Modelle.    Vorr\u00e4tig   Vor 23:59 uhr bestellt, morgen versendet  &nbsp;\" \/>\n<meta property=\"og:url\" content=\"https:\/\/www.veltec.eu\/de\/product\/kirby-abstaubburste-nl3021\/\" \/>\n<meta property=\"og:site_name\" content=\"Veltec Kirby specialist\" \/>\n<meta property=\"article:publisher\" content=\"https:\/\/www.facebook.com\/Veltec-Kirby-Specialist-236746293374877\/\" \/>\n<meta property=\"article:modified_time\" content=\"2026-05-04T09:40:40+00:00\" \/>\n<meta property=\"og:image\" content=\"https:\/\/www.veltec.eu\/wp-content\/uploads\/2018\/10\/9200000113169269-1.jpg\" \/>\n\t<meta property=\"og:image:width\" content=\"531\" \/>\n\t<meta property=\"og:image:height\" content=\"531\" \/>\n\t<meta property=\"og:image:type\" content=\"image\/jpeg\" \/>\n<meta name=\"twitter:card\" content=\"summary_large_image\" \/>\n<meta name=\"twitter:label1\" content=\"Gesch\u00e4tzte Lesezeit\" \/>\n\t<meta name=\"twitter:data1\" content=\"2\u00a0Minuten\" \/>\n<script type=\"application\/ld+json\" class=\"yoast-schema-graph\">{\"@context\":\"https:\\\/\\\/schema.org\",\"@graph\":[{\"@type\":\"WebPage\",\"@id\":\"https:\\\/\\\/www.veltec.eu\\\/de\\\/product\\\/kirby-abstaubburste-nl3021\\\/\",\"url\":\"https:\\\/\\\/www.veltec.eu\\\/de\\\/product\\\/kirby-abstaubburste-nl3021\\\/\",\"name\":\"Kirby Abstaubb\u00fcrste \u2013 Universell & Pferdehaar\",\"isPartOf\":{\"@id\":\"https:\\\/\\\/www.veltec.eu\\\/en\\\/#website\"},\"primaryImageOfPage\":{\"@id\":\"https:\\\/\\\/www.veltec.eu\\\/de\\\/product\\\/kirby-abstaubburste-nl3021\\\/#primaryimage\"},\"image\":{\"@id\":\"https:\\\/\\\/www.veltec.eu\\\/de\\\/product\\\/kirby-abstaubburste-nl3021\\\/#primaryimage\"},\"thumbnailUrl\":\"https:\\\/\\\/www.veltec.eu\\\/wp-content\\\/uploads\\\/2018\\\/10\\\/9200000113169269-1.jpg\",\"datePublished\":\"2018-10-19T08:51:11+00:00\",\"dateModified\":\"2026-05-04T09:40:40+00:00\",\"description\":\"Kirby Abstaubb\u00fcrste mit hochwertigem Pferdehaar f\u00fcr staubfreies Abstauben \u00fcber den Staubsauger. Passend f\u00fcr alle Kirby Modelle, schonend & effektiv.\",\"breadcrumb\":{\"@id\":\"https:\\\/\\\/www.veltec.eu\\\/de\\\/product\\\/kirby-abstaubburste-nl3021\\\/#breadcrumb\"},\"inLanguage\":\"de\",\"potentialAction\":[{\"@type\":\"ReadAction\",\"target\":[\"https:\\\/\\\/www.veltec.eu\\\/de\\\/product\\\/kirby-abstaubburste-nl3021\\\/\"]}]},{\"@type\":\"ImageObject\",\"inLanguage\":\"de\",\"@id\":\"https:\\\/\\\/www.veltec.eu\\\/de\\\/product\\\/kirby-abstaubburste-nl3021\\\/#primaryimage\",\"url\":\"https:\\\/\\\/www.veltec.eu\\\/wp-content\\\/uploads\\\/2018\\\/10\\\/9200000113169269-1.jpg\",\"contentUrl\":\"https:\\\/\\\/www.veltec.eu\\\/wp-content\\\/uploads\\\/2018\\\/10\\\/9200000113169269-1.jpg\",\"width\":531,\"height\":531},{\"@type\":\"BreadcrumbList\",\"@id\":\"https:\\\/\\\/www.veltec.eu\\\/de\\\/product\\\/kirby-abstaubburste-nl3021\\\/#breadcrumb\",\"itemListElement\":[{\"@type\":\"ListItem\",\"position\":1,\"name\":\"Home\",\"item\":\"https:\\\/\\\/www.veltec.eu\\\/de\\\/startseite\\\/\"},{\"@type\":\"ListItem\",\"position\":2,\"name\":\"Kirby Laden\",\"item\":\"https:\\\/\\\/www.veltec.eu\\\/de\\\/kirby-laden\\\/\"},{\"@type\":\"ListItem\",\"position\":3,\"name\":\"Kirby Abstaubb\u00fcrste\"}]},{\"@type\":\"WebSite\",\"@id\":\"https:\\\/\\\/www.veltec.eu\\\/en\\\/#website\",\"url\":\"https:\\\/\\\/www.veltec.eu\\\/en\\\/\",\"name\":\"Veltec Kirby specialist\",\"description\":\"Kirby stofzuiger producten\",\"publisher\":{\"@id\":\"https:\\\/\\\/www.veltec.eu\\\/en\\\/#organization\"},\"potentialAction\":[{\"@type\":\"SearchAction\",\"target\":{\"@type\":\"EntryPoint\",\"urlTemplate\":\"https:\\\/\\\/www.veltec.eu\\\/en\\\/?s={search_term_string}\"},\"query-input\":{\"@type\":\"PropertyValueSpecification\",\"valueRequired\":true,\"valueName\":\"search_term_string\"}}],\"inLanguage\":\"de\"},{\"@type\":\"Organization\",\"@id\":\"https:\\\/\\\/www.veltec.eu\\\/en\\\/#organization\",\"name\":\"Veltec Kirby Specialist\",\"url\":\"https:\\\/\\\/www.veltec.eu\\\/en\\\/\",\"logo\":{\"@type\":\"ImageObject\",\"inLanguage\":\"de\",\"@id\":\"https:\\\/\\\/www.veltec.eu\\\/en\\\/#\\\/schema\\\/logo\\\/image\\\/\",\"url\":\"https:\\\/\\\/www.veltec.eu\\\/wp-content\\\/uploads\\\/2021\\\/12\\\/Veltec-log-groot-e1537260889125.png\",\"contentUrl\":\"https:\\\/\\\/www.veltec.eu\\\/wp-content\\\/uploads\\\/2021\\\/12\\\/Veltec-log-groot-e1537260889125.png\",\"width\":200,\"height\":60,\"caption\":\"Veltec Kirby Specialist\"},\"image\":{\"@id\":\"https:\\\/\\\/www.veltec.eu\\\/en\\\/#\\\/schema\\\/logo\\\/image\\\/\"},\"sameAs\":[\"https:\\\/\\\/www.facebook.com\\\/Veltec-Kirby-Specialist-236746293374877\\\/\",\"https:\\\/\\\/www.youtube.com\\\/user\\\/VeltecService\"]}]}<\/script>\n<!-- \/ Yoast SEO Premium plugin. -->","yoast_head_json":{"title":"Kirby Abstaubb\u00fcrste \u2013 Universell & Pferdehaar","description":"Kirby Abstaubb\u00fcrste mit hochwertigem Pferdehaar f\u00fcr staubfreies Abstauben \u00fcber den Staubsauger. Passend f\u00fcr alle Kirby Modelle, schonend & effektiv.","robots":{"index":"index","follow":"follow","max-snippet":"max-snippet:-1","max-image-preview":"max-image-preview:large","max-video-preview":"max-video-preview:-1"},"canonical":"https:\/\/www.veltec.eu\/de\/product\/kirby-abstaubburste-nl3021\/","og_locale":"de_DE","og_type":"article","og_title":"Kirby Abstaubb\u00fcrste","og_description":"Die Kirby Staubpinsel entfernt Staub zuverl\u00e4ssig \u00fcber den Staubsauger und ist dank hochwertigem Pferdehaar schonend zu Oberfl\u00e4chen. Universell passend f\u00fcr alle Kirby Modelle.    Vorr\u00e4tig   Vor 23:59 uhr bestellt, morgen versendet  &nbsp;","og_url":"https:\/\/www.veltec.eu\/de\/product\/kirby-abstaubburste-nl3021\/","og_site_name":"Veltec Kirby specialist","article_publisher":"https:\/\/www.facebook.com\/Veltec-Kirby-Specialist-236746293374877\/","article_modified_time":"2026-05-04T09:40:40+00:00","og_image":[{"width":531,"height":531,"url":"https:\/\/www.veltec.eu\/wp-content\/uploads\/2018\/10\/9200000113169269-1.jpg","type":"image\/jpeg"}],"twitter_card":"summary_large_image","twitter_misc":{"Gesch\u00e4tzte Lesezeit":"2\u00a0Minuten"},"schema":{"@context":"https:\/\/schema.org","@graph":[{"@type":"WebPage","@id":"https:\/\/www.veltec.eu\/de\/product\/kirby-abstaubburste-nl3021\/","url":"https:\/\/www.veltec.eu\/de\/product\/kirby-abstaubburste-nl3021\/","name":"Kirby Abstaubb\u00fcrste \u2013 Universell & Pferdehaar","isPartOf":{"@id":"https:\/\/www.veltec.eu\/en\/#website"},"primaryImageOfPage":{"@id":"https:\/\/www.veltec.eu\/de\/product\/kirby-abstaubburste-nl3021\/#primaryimage"},"image":{"@id":"https:\/\/www.veltec.eu\/de\/product\/kirby-abstaubburste-nl3021\/#primaryimage"},"thumbnailUrl":"https:\/\/www.veltec.eu\/wp-content\/uploads\/2018\/10\/9200000113169269-1.jpg","datePublished":"2018-10-19T08:51:11+00:00","dateModified":"2026-05-04T09:40:40+00:00","description":"Kirby Abstaubb\u00fcrste mit hochwertigem Pferdehaar f\u00fcr staubfreies Abstauben \u00fcber den Staubsauger. Passend f\u00fcr alle Kirby Modelle, schonend & effektiv.","breadcrumb":{"@id":"https:\/\/www.veltec.eu\/de\/product\/kirby-abstaubburste-nl3021\/#breadcrumb"},"inLanguage":"de","potentialAction":[{"@type":"ReadAction","target":["https:\/\/www.veltec.eu\/de\/product\/kirby-abstaubburste-nl3021\/"]}]},{"@type":"ImageObject","inLanguage":"de","@id":"https:\/\/www.veltec.eu\/de\/product\/kirby-abstaubburste-nl3021\/#primaryimage","url":"https:\/\/www.veltec.eu\/wp-content\/uploads\/2018\/10\/9200000113169269-1.jpg","contentUrl":"https:\/\/www.veltec.eu\/wp-content\/uploads\/2018\/10\/9200000113169269-1.jpg","width":531,"height":531},{"@type":"BreadcrumbList","@id":"https:\/\/www.veltec.eu\/de\/product\/kirby-abstaubburste-nl3021\/#breadcrumb","itemListElement":[{"@type":"ListItem","position":1,"name":"Home","item":"https:\/\/www.veltec.eu\/de\/startseite\/"},{"@type":"ListItem","position":2,"name":"Kirby Laden","item":"https:\/\/www.veltec.eu\/de\/kirby-laden\/"},{"@type":"ListItem","position":3,"name":"Kirby Abstaubb\u00fcrste"}]},{"@type":"WebSite","@id":"https:\/\/www.veltec.eu\/en\/#website","url":"https:\/\/www.veltec.eu\/en\/","name":"Veltec Kirby specialist","description":"Kirby stofzuiger producten","publisher":{"@id":"https:\/\/www.veltec.eu\/en\/#organization"},"potentialAction":[{"@type":"SearchAction","target":{"@type":"EntryPoint","urlTemplate":"https:\/\/www.veltec.eu\/en\/?s={search_term_string}"},"query-input":{"@type":"PropertyValueSpecification","valueRequired":true,"valueName":"search_term_string"}}],"inLanguage":"de"},{"@type":"Organization","@id":"https:\/\/www.veltec.eu\/en\/#organization","name":"Veltec Kirby Specialist","url":"https:\/\/www.veltec.eu\/en\/","logo":{"@type":"ImageObject","inLanguage":"de","@id":"https:\/\/www.veltec.eu\/en\/#\/schema\/logo\/image\/","url":"https:\/\/www.veltec.eu\/wp-content\/uploads\/2021\/12\/Veltec-log-groot-e1537260889125.png","contentUrl":"https:\/\/www.veltec.eu\/wp-content\/uploads\/2021\/12\/Veltec-log-groot-e1537260889125.png","width":200,"height":60,"caption":"Veltec Kirby Specialist"},"image":{"@id":"https:\/\/www.veltec.eu\/en\/#\/schema\/logo\/image\/"},"sameAs":["https:\/\/www.facebook.com\/Veltec-Kirby-Specialist-236746293374877\/","https:\/\/www.youtube.com\/user\/VeltecService"]}]}},"_links":{"self":[{"href":"https:\/\/www.veltec.eu\/de\/wp-json\/wp\/v2\/product\/11116","targetHints":{"allow":["GET"]}}],"collection":[{"href":"https:\/\/www.veltec.eu\/de\/wp-json\/wp\/v2\/product"}],"about":[{"href":"https:\/\/www.veltec.eu\/de\/wp-json\/wp\/v2\/types\/product"}],"replies":[{"embeddable":true,"href":"https:\/\/www.veltec.eu\/de\/wp-json\/wp\/v2\/comments?post=11116"}],"wp:featuredmedia":[{"embeddable":true,"href":"https:\/\/www.veltec.eu\/de\/wp-json\/wp\/v2\/media\/21037"}],"wp:attachment":[{"href":"https:\/\/www.veltec.eu\/de\/wp-json\/wp\/v2\/media?parent=11116"}],"wp:term":[{"taxonomy":"product_brand","embeddable":true,"href":"https:\/\/www.veltec.eu\/de\/wp-json\/wp\/v2\/product_brand?post=11116"},{"taxonomy":"product_cat","embeddable":true,"href":"https:\/\/www.veltec.eu\/de\/wp-json\/wp\/v2\/product_cat?post=11116"},{"taxonomy":"product_tag","embeddable":true,"href":"https:\/\/www.veltec.eu\/de\/wp-json\/wp\/v2\/product_tag?post=11116"}],"curies":[{"name":"wp","href":"https:\/\/api.w.org\/{rel}","templated":true}]}}