{"id":11066,"date":"2018-10-19T15:42:30","date_gmt":"2018-10-19T13:42:30","guid":{"rendered":"https:\/\/www.veltec.eu\/kirby-webshop\/kirby-mobelduse-nl3075\/"},"modified":"2026-02-24T13:28:10","modified_gmt":"2026-02-24T11:28:10","slug":"kirby-mobelduse-nl3075","status":"publish","type":"product","link":"https:\/\/www.veltec.eu\/de\/product\/kirby-mobelduse-nl3075\/","title":{"rendered":"Kirby M\u00f6beld\u00fcse"},"content":{"rendered":"<h1 data-start=\"0\" data-end=\"22\">Kirby M\u00f6beld\u00fcse<\/h1>\n<p data-start=\"24\" data-end=\"252\">Die Kirby-M\u00f6beld\u00fcse ist ein praktisches Zubeh\u00f6rteil f\u00fcr die gr\u00fcndliche Reinigung von Stoffbez\u00fcgen. Damit entfernen Sie m\u00fchelos Schmutz, Staub und Allergene von M\u00f6beln, Treppenbel\u00e4gen und Autopolstern.<\/p>\n<h2 data-start=\"227\" data-end=\"273\">Kirby M\u00f6belaufsatz f\u00fcr Stoffbez\u00fcge<\/h2>\n<p data-start=\"275\" data-end=\"562\">Die Kirby-M\u00f6beld\u00fcse wurde speziell f\u00fcr die Reinigung aller Arten von Stoffoberfl\u00e4chen entwickelt. Damit reinigen Sie Sofas, St\u00fchle, Vorh\u00e4nge und Treppenbez\u00fcge schnell und effizient. Au\u00dferdem gleitet die D\u00fcse geschmeidig \u00fcber den Bezug, sodass Schmutz gezielt aufgesaugt wird.<\/p>\n<p data-start=\"564\" data-end=\"818\">Dieses M\u00f6belaufsatz ist universell einsetzbar und daher f\u00fcr fast jeden Kirby-Staubsauger geeignet. So m\u00fcssen Sie sich keine Gedanken \u00fcber die Kompatibilit\u00e4t machen. Sehen Sie sich auch unsere <a href=\"https:\/\/www.veltec.eu\/de\/?page_id=59280\" target=\"_blank\" rel=\"noopener\">Kirby-Zubeh\u00f6rteile<\/a> f\u00fcr weiteres Zubeh\u00f6r an.<\/p>\n<h3 data-start=\"820\" data-end=\"868\">Kompatibilit\u00e4t der M\u00f6beld\u00fcse<\/h3>\n<p data-start=\"870\" data-end=\"924\">Die M\u00f6beld\u00fcse passt auf folgende Modelle:<\/p>\n<ul data-start=\"926\" data-end=\"1165\">\n<li data-start=\"926\" data-end=\"945\">Avalir Platinum<\/li>\n<li data-start=\"946\" data-end=\"958\">Avalir 2<\/li>\n<li data-start=\"959\" data-end=\"971\">Avalir 1<\/li>\n<li data-start=\"972\" data-end=\"992\">Sentria 2 (G10D)<\/li>\n<li data-start=\"993\" data-end=\"1012\">Sentria 1 (G10)<\/li>\n<li data-start=\"1013\" data-end=\"1054\">Ultimate G Diamond Edition (G7D \/ DE)<\/li>\n<li data-start=\"1055\" data-end=\"1079\">Ultimate G (G7 \/ UG)<\/li>\n<li data-start=\"1080\" data-end=\"1101\">Generation 6 (G6)<\/li>\n<li data-start=\"1102\" data-end=\"1123\">Generation 5 (G5)<\/li>\n<li data-start=\"1124\" data-end=\"1145\">Generation 4 (G4)<\/li>\n<li data-start=\"1146\" data-end=\"1165\">Generation 3 (G3)<\/li>\n<\/ul>\n<p data-start=\"1167\" data-end=\"1253\">Dadurch ist dieses Kirby-Aufsatzteil eine sichere Wahl f\u00fcr nahezu jeden Kirby-Benutzer.<\/p>\n<h2 data-start=\"1255\" data-end=\"1305\">Effizientes Reinigen mit der Kirby-M\u00f6beld\u00fcse<\/h2>\n<p data-start=\"1307\" data-end=\"1530\">Haben Sie Probleme mit hartn\u00e4ckigen Verschmutzungen in Ihren Polstern? Dann bietet die M\u00f6beld\u00fcse eine effektive L\u00f6sung. Dank ihres kompakten Designs erreichen Sie m\u00fchelos N\u00e4hte, Ecken und andere schwer zug\u00e4ngliche Stellen.<\/p>\n<p data-start=\"1532\" data-end=\"1753\">Dar\u00fcber hinaus sorgt die starke Saugkraft daf\u00fcr, dass tiefsitzender Schmutz und Hausstaubmilben effektiv entfernt werden. Dadurch eignet sich dieses Kirby-M\u00f6belaufsatz besonders f\u00fcr Haushalte mit Haustieren oder Allergikern.<\/p>\n<p data-start=\"1755\" data-end=\"1877\">Regelm\u00e4\u00dfige Anwendung hilft au\u00dferdem, Schmutzansammlungen zu vermeiden. So bleiben Ihre Polster l\u00e4nger frisch und sauber.<\/p>\n<h2 data-start=\"1879\" data-end=\"1929\">Vielseitige Verwendung der M\u00f6beld\u00fcse<\/h2>\n<p data-start=\"1931\" data-end=\"2050\">Die Kirby-M\u00f6beld\u00fcse ist nicht nur f\u00fcr M\u00f6bel gedacht. Dieses praktische Kirby-Zubeh\u00f6rteil k\u00f6nnen Sie auch f\u00fcr folgende Zwecke verwenden:<\/p>\n<ul data-start=\"2052\" data-end=\"2163\">\n<li data-start=\"2052\" data-end=\"2074\">Vorh\u00e4nge reinigen<\/li>\n<li data-start=\"2052\" data-end=\"2074\">Treppenbel\u00e4ge reinigen<\/li>\n<li data-start=\"2052\" data-end=\"2074\">Autositze staubsaugen<\/li>\n<li data-start=\"2052\" data-end=\"2074\">Kleine Teppichst\u00fccke reinigen<\/li>\n<\/ul>\n<p data-start=\"2165\" data-end=\"2308\">Dadurch haben Sie mit einem einzigen Zubeh\u00f6rteil mehrere Reinigungsm\u00f6glichkeiten. Dar\u00fcber hinaus erm\u00f6glicht die kompakte Form ein komfortables und kontrolliertes Arbeiten.<\/p>\n<p data-start=\"2310\" data-end=\"2475\">M\u00f6chten Sie mehr \u00fcber Wartung und professionellen Gebrauch erfahren? Dann lesen Sie auch unseren externen Blog: <a href=\"https:\/\/www.kirby-staubsauger-service.de\/der-blog\/\" target=\"_blank\" rel=\"noopener\">Kirby Staubsauger service<\/a><\/p>\n<h2 data-start=\"2477\" data-end=\"2523\">Warum sollten Sie sich f\u00fcr die Kirby-M\u00f6beld\u00fcse entscheiden?<\/h2>\n<p data-start=\"2525\" data-end=\"2704\">Die M\u00f6beld\u00fcse zeichnet sich durch die Kombination von Funktionalit\u00e4t und Langlebigkeit aus. So profitieren Sie von einem zuverl\u00e4ssigen und effektiven Reinigungsergebnis.<\/p>\n<h3 data-start=\"2706\" data-end=\"2734\">Wichtigste Vorteile:<\/h3>\n<ul data-start=\"2736\" data-end=\"2914\">\n<li data-start=\"2736\" data-end=\"2769\">Leistungsstarke und gezielte Saugkraft<\/li>\n<li data-start=\"2736\" data-end=\"2769\">Kompaktes und wendiges Design<\/li>\n<li data-start=\"2736\" data-end=\"2769\">Universelle Kirby-D\u00fcse<\/li>\n<li data-start=\"2736\" data-end=\"2769\">Geeignet f\u00fcr verschiedene Oberfl\u00e4chen<\/li>\n<li data-start=\"2736\" data-end=\"2769\">Langlebige und robuste Konstruktion<\/li>\n<\/ul>\n<p data-start=\"2916\" data-end=\"2998\">Dadurch ist diese Kirby-M\u00f6beld\u00fcse eine clevere Erg\u00e4nzung zu Ihrem Kirby-Staubsauger.<\/p>\n","protected":false},"excerpt":{"rendered":"<p>Universelle Kirby-M\u00f6beld\u00fcse zum effektiven Reinigen von Stoffbez\u00fcgen, M\u00f6beln und Autositzen. Kompakt, leistungsstark und passend f\u00fcr fast jeden Kirby-Staubsauger.<\/p>\n[trustindex data-widget-id=31675542425128034566e10b5fb]\n<h3><span style=\"color: #008000;\"><br \/>\nVorr\u00e4tig<\/span><\/h3>\n[av_font_icon icon='ue812' font='entypo-fontello' style='' caption='' size='25px' position='left' color='#43ad66' link='' linktarget='' title_attr='' sonar_effect_effect='' sonar_effect_color='' sonar_effect_duration='1' sonar_effect_scale='' sonar_effect_opac='0.5' animation='' id='' custom_class='' template_class='' av_uid='' sc_version='1.0' admin_preview_bg=''][\/av_font_icon]\n<p><span style=\"color: #008000;\">Vor 23:59 uhr bestellt, morgen versendet<\/span><\/p>\n<p>&nbsp;<\/p>\n","protected":false},"featured_media":88250,"comment_status":"open","ping_status":"closed","template":"","meta":{"_acf_changed":false},"product_brand":[],"product_cat":[355],"product_tag":[],"class_list":{"0":"post-11066","1":"product","2":"type-product","3":"status-publish","4":"has-post-thumbnail","6":"product_cat-kirby-zubehor","7":"product_shipping_class-klein-de","9":"first","10":"instock","11":"taxable","12":"shipping-taxable","13":"purchasable","14":"product-type-simple"},"acf":[],"yoast_head":"<!-- This site is optimized with the Yoast SEO Premium plugin v27.1 (Yoast SEO v27.5) - https:\/\/yoast.com\/product\/yoast-seo-premium-wordpress\/ -->\n<title>Kirby M\u00f6beld\u00fcse \u2013 Universelle Polsterd\u00fcse<\/title>\n<meta name=\"description\" content=\"Universelle Kirby-M\u00f6beld\u00fcse f\u00fcr Sofas, St\u00fchle und Autopolster. Leistungsstarke Reinigung und f\u00fcr alle Kirby-Modelle geeignet.\" \/>\n<meta name=\"robots\" content=\"index, follow, max-snippet:-1, max-image-preview:large, max-video-preview:-1\" \/>\n<link rel=\"canonical\" href=\"https:\/\/www.veltec.eu\/de\/product\/kirby-mobelduse-nl3075\/\" \/>\n<meta property=\"og:locale\" content=\"de_DE\" \/>\n<meta property=\"og:type\" content=\"article\" \/>\n<meta property=\"og:title\" content=\"Kirby M\u00f6beld\u00fcse\" \/>\n<meta property=\"og:description\" content=\"Universelle Kirby-M\u00f6beld\u00fcse zum effektiven Reinigen von Stoffbez\u00fcgen, M\u00f6beln und Autositzen. Kompakt, leistungsstark und passend f\u00fcr fast jeden Kirby-Staubsauger.    Vorr\u00e4tig   Vor 23:59 uhr bestellt, morgen versendet  &nbsp;\" \/>\n<meta property=\"og:url\" content=\"https:\/\/www.veltec.eu\/de\/product\/kirby-mobelduse-nl3075\/\" \/>\n<meta property=\"og:site_name\" content=\"Veltec Kirby specialist\" \/>\n<meta property=\"article:publisher\" content=\"https:\/\/www.facebook.com\/Veltec-Kirby-Specialist-236746293374877\/\" \/>\n<meta property=\"article:modified_time\" content=\"2026-02-24T11:28:10+00:00\" \/>\n<meta property=\"og:image\" content=\"https:\/\/www.veltec.eu\/wp-content\/uploads\/2018\/10\/Kirby-meubel-1.jpg\" \/>\n\t<meta property=\"og:image:width\" content=\"400\" \/>\n\t<meta property=\"og:image:height\" content=\"400\" \/>\n\t<meta property=\"og:image:type\" content=\"image\/jpeg\" \/>\n<meta name=\"twitter:card\" content=\"summary_large_image\" \/>\n<meta name=\"twitter:label1\" content=\"Gesch\u00e4tzte Lesezeit\" \/>\n\t<meta name=\"twitter:data1\" content=\"2\u00a0Minuten\" \/>\n<script type=\"application\/ld+json\" class=\"yoast-schema-graph\">{\"@context\":\"https:\\\/\\\/schema.org\",\"@graph\":[{\"@type\":\"WebPage\",\"@id\":\"https:\\\/\\\/www.veltec.eu\\\/de\\\/product\\\/kirby-mobelduse-nl3075\\\/\",\"url\":\"https:\\\/\\\/www.veltec.eu\\\/de\\\/product\\\/kirby-mobelduse-nl3075\\\/\",\"name\":\"Kirby M\u00f6beld\u00fcse \u2013 Universelle Polsterd\u00fcse\",\"isPartOf\":{\"@id\":\"https:\\\/\\\/www.veltec.eu\\\/en\\\/#website\"},\"primaryImageOfPage\":{\"@id\":\"https:\\\/\\\/www.veltec.eu\\\/de\\\/product\\\/kirby-mobelduse-nl3075\\\/#primaryimage\"},\"image\":{\"@id\":\"https:\\\/\\\/www.veltec.eu\\\/de\\\/product\\\/kirby-mobelduse-nl3075\\\/#primaryimage\"},\"thumbnailUrl\":\"https:\\\/\\\/www.veltec.eu\\\/wp-content\\\/uploads\\\/2018\\\/10\\\/Kirby-meubel-1.jpg\",\"datePublished\":\"2018-10-19T13:42:30+00:00\",\"dateModified\":\"2026-02-24T11:28:10+00:00\",\"description\":\"Universelle Kirby-M\u00f6beld\u00fcse f\u00fcr Sofas, St\u00fchle und Autopolster. Leistungsstarke Reinigung und f\u00fcr alle Kirby-Modelle geeignet.\",\"breadcrumb\":{\"@id\":\"https:\\\/\\\/www.veltec.eu\\\/de\\\/product\\\/kirby-mobelduse-nl3075\\\/#breadcrumb\"},\"inLanguage\":\"de\",\"potentialAction\":[{\"@type\":\"ReadAction\",\"target\":[\"https:\\\/\\\/www.veltec.eu\\\/de\\\/product\\\/kirby-mobelduse-nl3075\\\/\"]}]},{\"@type\":\"ImageObject\",\"inLanguage\":\"de\",\"@id\":\"https:\\\/\\\/www.veltec.eu\\\/de\\\/product\\\/kirby-mobelduse-nl3075\\\/#primaryimage\",\"url\":\"https:\\\/\\\/www.veltec.eu\\\/wp-content\\\/uploads\\\/2018\\\/10\\\/Kirby-meubel-1.jpg\",\"contentUrl\":\"https:\\\/\\\/www.veltec.eu\\\/wp-content\\\/uploads\\\/2018\\\/10\\\/Kirby-meubel-1.jpg\",\"width\":400,\"height\":400},{\"@type\":\"BreadcrumbList\",\"@id\":\"https:\\\/\\\/www.veltec.eu\\\/de\\\/product\\\/kirby-mobelduse-nl3075\\\/#breadcrumb\",\"itemListElement\":[{\"@type\":\"ListItem\",\"position\":1,\"name\":\"Home\",\"item\":\"https:\\\/\\\/www.veltec.eu\\\/de\\\/startseite\\\/\"},{\"@type\":\"ListItem\",\"position\":2,\"name\":\"Kirby Laden\",\"item\":\"https:\\\/\\\/www.veltec.eu\\\/de\\\/kirby-laden\\\/\"},{\"@type\":\"ListItem\",\"position\":3,\"name\":\"Kirby M\u00f6beld\u00fcse\"}]},{\"@type\":\"WebSite\",\"@id\":\"https:\\\/\\\/www.veltec.eu\\\/en\\\/#website\",\"url\":\"https:\\\/\\\/www.veltec.eu\\\/en\\\/\",\"name\":\"Veltec Kirby specialist\",\"description\":\"Kirby stofzuiger producten\",\"publisher\":{\"@id\":\"https:\\\/\\\/www.veltec.eu\\\/en\\\/#organization\"},\"potentialAction\":[{\"@type\":\"SearchAction\",\"target\":{\"@type\":\"EntryPoint\",\"urlTemplate\":\"https:\\\/\\\/www.veltec.eu\\\/en\\\/?s={search_term_string}\"},\"query-input\":{\"@type\":\"PropertyValueSpecification\",\"valueRequired\":true,\"valueName\":\"search_term_string\"}}],\"inLanguage\":\"de\"},{\"@type\":\"Organization\",\"@id\":\"https:\\\/\\\/www.veltec.eu\\\/en\\\/#organization\",\"name\":\"Veltec Kirby Specialist\",\"url\":\"https:\\\/\\\/www.veltec.eu\\\/en\\\/\",\"logo\":{\"@type\":\"ImageObject\",\"inLanguage\":\"de\",\"@id\":\"https:\\\/\\\/www.veltec.eu\\\/en\\\/#\\\/schema\\\/logo\\\/image\\\/\",\"url\":\"https:\\\/\\\/www.veltec.eu\\\/wp-content\\\/uploads\\\/2021\\\/12\\\/Veltec-log-groot-e1537260889125.png\",\"contentUrl\":\"https:\\\/\\\/www.veltec.eu\\\/wp-content\\\/uploads\\\/2021\\\/12\\\/Veltec-log-groot-e1537260889125.png\",\"width\":200,\"height\":60,\"caption\":\"Veltec Kirby Specialist\"},\"image\":{\"@id\":\"https:\\\/\\\/www.veltec.eu\\\/en\\\/#\\\/schema\\\/logo\\\/image\\\/\"},\"sameAs\":[\"https:\\\/\\\/www.facebook.com\\\/Veltec-Kirby-Specialist-236746293374877\\\/\",\"https:\\\/\\\/www.youtube.com\\\/user\\\/VeltecService\"]}]}<\/script>\n<!-- \/ Yoast SEO Premium plugin. -->","yoast_head_json":{"title":"Kirby M\u00f6beld\u00fcse \u2013 Universelle Polsterd\u00fcse","description":"Universelle Kirby-M\u00f6beld\u00fcse f\u00fcr Sofas, St\u00fchle und Autopolster. Leistungsstarke Reinigung und f\u00fcr alle Kirby-Modelle geeignet.","robots":{"index":"index","follow":"follow","max-snippet":"max-snippet:-1","max-image-preview":"max-image-preview:large","max-video-preview":"max-video-preview:-1"},"canonical":"https:\/\/www.veltec.eu\/de\/product\/kirby-mobelduse-nl3075\/","og_locale":"de_DE","og_type":"article","og_title":"Kirby M\u00f6beld\u00fcse","og_description":"Universelle Kirby-M\u00f6beld\u00fcse zum effektiven Reinigen von Stoffbez\u00fcgen, M\u00f6beln und Autositzen. Kompakt, leistungsstark und passend f\u00fcr fast jeden Kirby-Staubsauger.    Vorr\u00e4tig   Vor 23:59 uhr bestellt, morgen versendet  &nbsp;","og_url":"https:\/\/www.veltec.eu\/de\/product\/kirby-mobelduse-nl3075\/","og_site_name":"Veltec Kirby specialist","article_publisher":"https:\/\/www.facebook.com\/Veltec-Kirby-Specialist-236746293374877\/","article_modified_time":"2026-02-24T11:28:10+00:00","og_image":[{"width":400,"height":400,"url":"https:\/\/www.veltec.eu\/wp-content\/uploads\/2018\/10\/Kirby-meubel-1.jpg","type":"image\/jpeg"}],"twitter_card":"summary_large_image","twitter_misc":{"Gesch\u00e4tzte Lesezeit":"2\u00a0Minuten"},"schema":{"@context":"https:\/\/schema.org","@graph":[{"@type":"WebPage","@id":"https:\/\/www.veltec.eu\/de\/product\/kirby-mobelduse-nl3075\/","url":"https:\/\/www.veltec.eu\/de\/product\/kirby-mobelduse-nl3075\/","name":"Kirby M\u00f6beld\u00fcse \u2013 Universelle Polsterd\u00fcse","isPartOf":{"@id":"https:\/\/www.veltec.eu\/en\/#website"},"primaryImageOfPage":{"@id":"https:\/\/www.veltec.eu\/de\/product\/kirby-mobelduse-nl3075\/#primaryimage"},"image":{"@id":"https:\/\/www.veltec.eu\/de\/product\/kirby-mobelduse-nl3075\/#primaryimage"},"thumbnailUrl":"https:\/\/www.veltec.eu\/wp-content\/uploads\/2018\/10\/Kirby-meubel-1.jpg","datePublished":"2018-10-19T13:42:30+00:00","dateModified":"2026-02-24T11:28:10+00:00","description":"Universelle Kirby-M\u00f6beld\u00fcse f\u00fcr Sofas, St\u00fchle und Autopolster. Leistungsstarke Reinigung und f\u00fcr alle Kirby-Modelle geeignet.","breadcrumb":{"@id":"https:\/\/www.veltec.eu\/de\/product\/kirby-mobelduse-nl3075\/#breadcrumb"},"inLanguage":"de","potentialAction":[{"@type":"ReadAction","target":["https:\/\/www.veltec.eu\/de\/product\/kirby-mobelduse-nl3075\/"]}]},{"@type":"ImageObject","inLanguage":"de","@id":"https:\/\/www.veltec.eu\/de\/product\/kirby-mobelduse-nl3075\/#primaryimage","url":"https:\/\/www.veltec.eu\/wp-content\/uploads\/2018\/10\/Kirby-meubel-1.jpg","contentUrl":"https:\/\/www.veltec.eu\/wp-content\/uploads\/2018\/10\/Kirby-meubel-1.jpg","width":400,"height":400},{"@type":"BreadcrumbList","@id":"https:\/\/www.veltec.eu\/de\/product\/kirby-mobelduse-nl3075\/#breadcrumb","itemListElement":[{"@type":"ListItem","position":1,"name":"Home","item":"https:\/\/www.veltec.eu\/de\/startseite\/"},{"@type":"ListItem","position":2,"name":"Kirby Laden","item":"https:\/\/www.veltec.eu\/de\/kirby-laden\/"},{"@type":"ListItem","position":3,"name":"Kirby M\u00f6beld\u00fcse"}]},{"@type":"WebSite","@id":"https:\/\/www.veltec.eu\/en\/#website","url":"https:\/\/www.veltec.eu\/en\/","name":"Veltec Kirby specialist","description":"Kirby stofzuiger producten","publisher":{"@id":"https:\/\/www.veltec.eu\/en\/#organization"},"potentialAction":[{"@type":"SearchAction","target":{"@type":"EntryPoint","urlTemplate":"https:\/\/www.veltec.eu\/en\/?s={search_term_string}"},"query-input":{"@type":"PropertyValueSpecification","valueRequired":true,"valueName":"search_term_string"}}],"inLanguage":"de"},{"@type":"Organization","@id":"https:\/\/www.veltec.eu\/en\/#organization","name":"Veltec Kirby Specialist","url":"https:\/\/www.veltec.eu\/en\/","logo":{"@type":"ImageObject","inLanguage":"de","@id":"https:\/\/www.veltec.eu\/en\/#\/schema\/logo\/image\/","url":"https:\/\/www.veltec.eu\/wp-content\/uploads\/2021\/12\/Veltec-log-groot-e1537260889125.png","contentUrl":"https:\/\/www.veltec.eu\/wp-content\/uploads\/2021\/12\/Veltec-log-groot-e1537260889125.png","width":200,"height":60,"caption":"Veltec Kirby Specialist"},"image":{"@id":"https:\/\/www.veltec.eu\/en\/#\/schema\/logo\/image\/"},"sameAs":["https:\/\/www.facebook.com\/Veltec-Kirby-Specialist-236746293374877\/","https:\/\/www.youtube.com\/user\/VeltecService"]}]}},"_links":{"self":[{"href":"https:\/\/www.veltec.eu\/de\/wp-json\/wp\/v2\/product\/11066","targetHints":{"allow":["GET"]}}],"collection":[{"href":"https:\/\/www.veltec.eu\/de\/wp-json\/wp\/v2\/product"}],"about":[{"href":"https:\/\/www.veltec.eu\/de\/wp-json\/wp\/v2\/types\/product"}],"replies":[{"embeddable":true,"href":"https:\/\/www.veltec.eu\/de\/wp-json\/wp\/v2\/comments?post=11066"}],"wp:featuredmedia":[{"embeddable":true,"href":"https:\/\/www.veltec.eu\/de\/wp-json\/wp\/v2\/media\/88250"}],"wp:attachment":[{"href":"https:\/\/www.veltec.eu\/de\/wp-json\/wp\/v2\/media?parent=11066"}],"wp:term":[{"taxonomy":"product_brand","embeddable":true,"href":"https:\/\/www.veltec.eu\/de\/wp-json\/wp\/v2\/product_brand?post=11066"},{"taxonomy":"product_cat","embeddable":true,"href":"https:\/\/www.veltec.eu\/de\/wp-json\/wp\/v2\/product_cat?post=11066"},{"taxonomy":"product_tag","embeddable":true,"href":"https:\/\/www.veltec.eu\/de\/wp-json\/wp\/v2\/product_tag?post=11066"}],"curies":[{"name":"wp","href":"https:\/\/api.w.org\/{rel}","templated":true}]}}