{"id":11056,"date":"2018-10-19T15:50:32","date_gmt":"2018-10-19T13:50:32","guid":{"rendered":"https:\/\/www.veltec.eu\/kirby-webshop\/kirby-handgriff-nl3056\/"},"modified":"2026-02-20T08:49:53","modified_gmt":"2026-02-20T06:49:53","slug":"kirby-handgriff-nl3056","status":"publish","type":"product","link":"https:\/\/www.veltec.eu\/de\/product\/kirby-handgriff-nl3056\/","title":{"rendered":"Kirby Handgriff"},"content":{"rendered":"<h1 data-start=\"128\" data-end=\"210\">Kirby Handgriff \u2013 Verbessern Sie Ihre Kontrolle und den Komfort beim Staubsaugen<\/h1>\n<p data-start=\"212\" data-end=\"654\">Suchen Sie nach einem praktischen und universellen Handgriff f\u00fcr Ihren Kirby Staubsauger? Der Kirby Handgriff ersetzt das Rohr und macht Ihre Maschine kompakter. Au\u00dferdem wird der Staubbeutel einfach hinten im Handgriff platziert, sodass Sie effizienter und komfortabler reinigen k\u00f6nnen. Dieser Handgriff ist f\u00fcr nahezu alle Kirby-Modelle geeignet, einschlie\u00dflich Avalir Platinum, Sentria 2, Ultimate G Diamond Edition und Generation 6.<\/p>\n<h2 data-start=\"661\" data-end=\"692\">Was ist ein Kirby Handgriff?<\/h2>\n<p data-start=\"694\" data-end=\"1102\">Ein Handgriff ist ein unverzichtbares Zubeh\u00f6r, das optimale Kontrolle und Komfort beim Staubsaugen bietet. Das ergonomische Design des\u00a0Handgriffs reduziert die Belastung von Hand und Handgelenk, sodass l\u00e4ngere Reinigungsvorg\u00e4nge leichter von der Hand gehen. Dank der universellen Kompatibilit\u00e4t passt dieser Handgriff auf verschiedene Kirby-Modelle, sodass Sie stets eine perfekte Passform haben.<\/p>\n<p data-start=\"1104\" data-end=\"1207\">Sehen Sie sich auch unsere <a class=\"decorated-link\" href=\"https:\/\/www.veltec.eu\/de\/kirby-zubehor-kaufen\/\" target=\"_blank\" rel=\"noopener\" data-start=\"1131\" data-end=\"1154\">Kirby Zubeh\u00f6rteile<\/a> an, um Ihr Reinigungserlebnis zu vervollst\u00e4ndigen.<\/p>\n<h2 data-start=\"1214\" data-end=\"1249\">Wichtige Merkmale des Handgriffs<\/h2>\n<h3 data-start=\"1251\" data-end=\"1282\">Ergonomisch und komfortabel<\/h3>\n<p data-start=\"1283\" data-end=\"1487\">Der Handgriff wurde entwickelt, um den Druck auf Ihr Handgelenk zu reduzieren und gleichzeitig einen sicheren Griff zu gew\u00e4hrleisten. Dadurch bleibt die Reinigung selbst bei intensiver Nutzung angenehm.<\/p>\n<h3 data-start=\"1489\" data-end=\"1518\">Langlebig und zuverl\u00e4ssig<\/h3>\n<p data-start=\"1519\" data-end=\"1724\">Hergestellt aus robusten Materialien, ist dieser Handgriff f\u00fcr den t\u00e4glichen Gebrauch und Verschlei\u00df ausgelegt. Kirby ist bekannt f\u00fcr zuverl\u00e4ssige Komponenten, und dieser Handgriff bildet keine Ausnahme.<\/p>\n<h3 data-start=\"1726\" data-end=\"1756\">Universelle Kompatibilit\u00e4t<\/h3>\n<p data-start=\"1757\" data-end=\"1810\">Der Handgriff passt auf verschiedene Kirby-Modelle:<\/p>\n<ul data-start=\"1811\" data-end=\"1980\">\n<li data-start=\"1811\" data-end=\"1850\">Avalir Platinum, Avalir 1, Avalir 2<\/li>\n<li data-start=\"1851\" data-end=\"1888\">Sentria 1 (G10), Sentria 2 (G10D)<\/li>\n<li data-start=\"1889\" data-end=\"1954\">Ultimate G (G7 oder UG), Ultimate G Diamond Ed. (G7D oder DE)<\/li>\n<li data-start=\"1955\" data-end=\"1980\">Generation 3, 4, 5, 6<\/li>\n<\/ul>\n<h2 data-start=\"1987\" data-end=\"2021\">Einfache Installation und Tipps<\/h2>\n<p data-start=\"2023\" data-end=\"2213\">Dank des benutzerfreundlichen Designs l\u00e4sst sich der Handgriff schnell und unkompliziert anbringen, ohne komplizierte Schritte. Innerhalb weniger Minuten ist Ihr Staubsauger einsatzbereit.<\/p>\n<p data-start=\"2215\" data-end=\"2535\">F\u00fcr eine schnelle und reibungslose Installation folgen Sie einfach der beiliegenden Anleitung. F\u00fcr weitere Inspiration und Tipps zur Anpassung Ihres Kirby Staubsaugers besuchen Sie unseren Blog: <a href=\"https:\/\/www.kirby-staubsauger-service.de\/wiederaufbau-des-kirby-staubsaugers-teil-1\/\" target=\"_blank\" rel=\"noopener\">Wiederaufbau des Kirby Staubsaugers Teil 1<\/a><\/p>\n<h2 data-start=\"2542\" data-end=\"2603\">Warum Sie sich f\u00fcr den Kirby Handgriff entscheiden sollten<\/h2>\n<h3 data-start=\"2605\" data-end=\"2642\">Verbesserte Kontrolle und Komfort<\/h3>\n<p data-start=\"2643\" data-end=\"2845\">Mit diesem Handgriff erleben Sie sp\u00fcrbar bessere Handhabung und Pr\u00e4zision beim Staubsaugen. Das ergonomische Design reduziert M\u00fcdigkeit und Unbehagen, w\u00e4hrend Sie effizient durch Ihr Zuhause reinigen.<\/p>\n<h3 data-start=\"2847\" data-end=\"2880\">Langlebigkeit f\u00fcr die Zukunft<\/h3>\n<p data-start=\"2881\" data-end=\"3052\">Das hochwertige Material garantiert eine lange Lebensdauer. Sie investieren in einen Handgriff, der zuverl\u00e4ssig funktioniert und intensivem t\u00e4glichen Gebrauch standh\u00e4lt.<\/p>\n<h3 data-start=\"3054\" data-end=\"3073\">Einfache Pflege<\/h3>\n<p data-start=\"3074\" data-end=\"3296\">Der Handgriff ist leicht zu reinigen. Regelm\u00e4\u00dfiges Abwischen mit einem feuchten Tuch verhindert Schmutzablagerungen und bewahrt das neuwertige Aussehen. Eine gute Pflege verl\u00e4ngert zudem die Lebensdauer Ihres Handgriffs.<\/p>\n<p data-start=\"3303\" data-end=\"3502\">Der Kirby Handgriff ist unverzichtbar f\u00fcr alle, die Kontrolle, Komfort und Langlebigkeit beim Staubsaugen sch\u00e4tzen. R\u00fcsten Sie Ihren Kirby noch heute auf und erleben Sie selbst den Unterschied!<\/p>\n","protected":false},"excerpt":{"rendered":"<p data-start=\"384\" data-end=\"598\">Der Kirby Handgriff ersetzt das Rohr und bietet besseren Komfort und Kontrolle beim Staubsaugen. Passend f\u00fcr nahezu alle Kirby Modelle, schnell und einfach montierbar.<\/p>\n[trustindex data-widget-id=31675542425128034566e10b5fb]\n<h3><span style=\"color: #008000;\"><br \/>\nVorr\u00e4tig<\/span><\/h3>\n[av_font_icon icon='ue812' font='entypo-fontello' style='' caption='' size='25px' position='left' color='#43ad66' link='' linktarget='' title_attr='' sonar_effect_effect='' sonar_effect_color='' sonar_effect_duration='1' sonar_effect_scale='' sonar_effect_opac='0.5' animation='' id='' custom_class='' template_class='' av_uid='' sc_version='1.0' admin_preview_bg=''][\/av_font_icon]\n<p><span style=\"color: #008000;\">Vor 23:59 uhr bestellt, morgen versendet<\/span><\/p>\n<p>&nbsp;<\/p>\n","protected":false},"featured_media":88257,"comment_status":"open","ping_status":"closed","template":"","meta":{"_acf_changed":false},"product_brand":[],"product_cat":[355],"product_tag":[],"class_list":{"0":"post-11056","1":"product","2":"type-product","3":"status-publish","4":"has-post-thumbnail","6":"product_cat-kirby-zubehor","7":"product_shipping_class-klein-de","9":"first","10":"instock","11":"taxable","12":"shipping-taxable","13":"purchasable","14":"product-type-simple"},"acf":[],"yoast_head":"<!-- This site is optimized with the Yoast SEO Premium plugin v27.1 (Yoast SEO v27.4) - https:\/\/yoast.com\/product\/yoast-seo-premium-wordpress\/ -->\n<title>Kirby Handgriff \u2013 Komfort &amp; Kontrolle f\u00fcr alle Modelle<\/title>\n<meta name=\"description\" content=\"Verbessern Sie Ihre Reinigung mit dem Kirby Handgriff. Ergonomisch, langlebig und universell f\u00fcr alle g\u00e4ngigen Kirby Staubsauger geeignet.\" \/>\n<meta name=\"robots\" content=\"index, follow, max-snippet:-1, max-image-preview:large, max-video-preview:-1\" \/>\n<link rel=\"canonical\" href=\"https:\/\/www.veltec.eu\/de\/product\/kirby-handgriff-nl3056\/\" \/>\n<meta property=\"og:locale\" content=\"de_DE\" \/>\n<meta property=\"og:type\" content=\"article\" \/>\n<meta property=\"og:title\" content=\"Kirby Handgriff\" \/>\n<meta property=\"og:description\" content=\"Der Kirby Handgriff ersetzt das Rohr und bietet besseren Komfort und Kontrolle beim Staubsaugen. Passend f\u00fcr nahezu alle Kirby Modelle, schnell und einfach montierbar.   Vorr\u00e4tig   Vor 23:59 uhr bestellt, morgen versendet  &nbsp;\" \/>\n<meta property=\"og:url\" content=\"https:\/\/www.veltec.eu\/de\/product\/kirby-handgriff-nl3056\/\" \/>\n<meta property=\"og:site_name\" content=\"Veltec Kirby specialist\" \/>\n<meta property=\"article:publisher\" content=\"https:\/\/www.facebook.com\/Veltec-Kirby-Specialist-236746293374877\/\" \/>\n<meta property=\"article:modified_time\" content=\"2026-02-20T06:49:53+00:00\" \/>\n<meta property=\"og:image\" content=\"https:\/\/www.veltec.eu\/wp-content\/uploads\/2018\/10\/Kirby-handvat-1-1.jpg\" \/>\n\t<meta property=\"og:image:width\" content=\"725\" \/>\n\t<meta property=\"og:image:height\" content=\"725\" \/>\n\t<meta property=\"og:image:type\" content=\"image\/jpeg\" \/>\n<meta name=\"twitter:card\" content=\"summary_large_image\" \/>\n<meta name=\"twitter:label1\" content=\"Gesch\u00e4tzte Lesezeit\" \/>\n\t<meta name=\"twitter:data1\" content=\"3\u00a0Minuten\" \/>\n<script type=\"application\/ld+json\" class=\"yoast-schema-graph\">{\"@context\":\"https:\\\/\\\/schema.org\",\"@graph\":[{\"@type\":\"WebPage\",\"@id\":\"https:\\\/\\\/www.veltec.eu\\\/de\\\/product\\\/kirby-handgriff-nl3056\\\/\",\"url\":\"https:\\\/\\\/www.veltec.eu\\\/de\\\/product\\\/kirby-handgriff-nl3056\\\/\",\"name\":\"Kirby Handgriff \u2013 Komfort & Kontrolle f\u00fcr alle Modelle\",\"isPartOf\":{\"@id\":\"https:\\\/\\\/www.veltec.eu\\\/en\\\/#website\"},\"primaryImageOfPage\":{\"@id\":\"https:\\\/\\\/www.veltec.eu\\\/de\\\/product\\\/kirby-handgriff-nl3056\\\/#primaryimage\"},\"image\":{\"@id\":\"https:\\\/\\\/www.veltec.eu\\\/de\\\/product\\\/kirby-handgriff-nl3056\\\/#primaryimage\"},\"thumbnailUrl\":\"https:\\\/\\\/www.veltec.eu\\\/wp-content\\\/uploads\\\/2018\\\/10\\\/Kirby-handvat-1-1.jpg\",\"datePublished\":\"2018-10-19T13:50:32+00:00\",\"dateModified\":\"2026-02-20T06:49:53+00:00\",\"description\":\"Verbessern Sie Ihre Reinigung mit dem Kirby Handgriff. Ergonomisch, langlebig und universell f\u00fcr alle g\u00e4ngigen Kirby Staubsauger geeignet.\",\"breadcrumb\":{\"@id\":\"https:\\\/\\\/www.veltec.eu\\\/de\\\/product\\\/kirby-handgriff-nl3056\\\/#breadcrumb\"},\"inLanguage\":\"de\",\"potentialAction\":[{\"@type\":\"ReadAction\",\"target\":[\"https:\\\/\\\/www.veltec.eu\\\/de\\\/product\\\/kirby-handgriff-nl3056\\\/\"]}]},{\"@type\":\"ImageObject\",\"inLanguage\":\"de\",\"@id\":\"https:\\\/\\\/www.veltec.eu\\\/de\\\/product\\\/kirby-handgriff-nl3056\\\/#primaryimage\",\"url\":\"https:\\\/\\\/www.veltec.eu\\\/wp-content\\\/uploads\\\/2018\\\/10\\\/Kirby-handvat-1-1.jpg\",\"contentUrl\":\"https:\\\/\\\/www.veltec.eu\\\/wp-content\\\/uploads\\\/2018\\\/10\\\/Kirby-handvat-1-1.jpg\",\"width\":725,\"height\":725},{\"@type\":\"BreadcrumbList\",\"@id\":\"https:\\\/\\\/www.veltec.eu\\\/de\\\/product\\\/kirby-handgriff-nl3056\\\/#breadcrumb\",\"itemListElement\":[{\"@type\":\"ListItem\",\"position\":1,\"name\":\"Home\",\"item\":\"https:\\\/\\\/www.veltec.eu\\\/de\\\/\"},{\"@type\":\"ListItem\",\"position\":2,\"name\":\"Kirby Laden\",\"item\":\"https:\\\/\\\/www.veltec.eu\\\/de\\\/kirby-laden\\\/\"},{\"@type\":\"ListItem\",\"position\":3,\"name\":\"Kirby Handgriff\"}]},{\"@type\":\"WebSite\",\"@id\":\"https:\\\/\\\/www.veltec.eu\\\/en\\\/#website\",\"url\":\"https:\\\/\\\/www.veltec.eu\\\/en\\\/\",\"name\":\"Veltec Kirby specialist\",\"description\":\"Kirby stofzuiger producten\",\"publisher\":{\"@id\":\"https:\\\/\\\/www.veltec.eu\\\/en\\\/#organization\"},\"potentialAction\":[{\"@type\":\"SearchAction\",\"target\":{\"@type\":\"EntryPoint\",\"urlTemplate\":\"https:\\\/\\\/www.veltec.eu\\\/en\\\/?s={search_term_string}\"},\"query-input\":{\"@type\":\"PropertyValueSpecification\",\"valueRequired\":true,\"valueName\":\"search_term_string\"}}],\"inLanguage\":\"de\"},{\"@type\":\"Organization\",\"@id\":\"https:\\\/\\\/www.veltec.eu\\\/en\\\/#organization\",\"name\":\"Veltec Kirby Specialist\",\"url\":\"https:\\\/\\\/www.veltec.eu\\\/en\\\/\",\"logo\":{\"@type\":\"ImageObject\",\"inLanguage\":\"de\",\"@id\":\"https:\\\/\\\/www.veltec.eu\\\/en\\\/#\\\/schema\\\/logo\\\/image\\\/\",\"url\":\"https:\\\/\\\/www.veltec.eu\\\/wp-content\\\/uploads\\\/2021\\\/12\\\/Veltec-log-groot-e1537260889125.png\",\"contentUrl\":\"https:\\\/\\\/www.veltec.eu\\\/wp-content\\\/uploads\\\/2021\\\/12\\\/Veltec-log-groot-e1537260889125.png\",\"width\":200,\"height\":60,\"caption\":\"Veltec Kirby Specialist\"},\"image\":{\"@id\":\"https:\\\/\\\/www.veltec.eu\\\/en\\\/#\\\/schema\\\/logo\\\/image\\\/\"},\"sameAs\":[\"https:\\\/\\\/www.facebook.com\\\/Veltec-Kirby-Specialist-236746293374877\\\/\",\"https:\\\/\\\/www.youtube.com\\\/user\\\/VeltecService\"]}]}<\/script>\n<!-- \/ Yoast SEO Premium plugin. -->","yoast_head_json":{"title":"Kirby Handgriff \u2013 Komfort & Kontrolle f\u00fcr alle Modelle","description":"Verbessern Sie Ihre Reinigung mit dem Kirby Handgriff. Ergonomisch, langlebig und universell f\u00fcr alle g\u00e4ngigen Kirby Staubsauger geeignet.","robots":{"index":"index","follow":"follow","max-snippet":"max-snippet:-1","max-image-preview":"max-image-preview:large","max-video-preview":"max-video-preview:-1"},"canonical":"https:\/\/www.veltec.eu\/de\/product\/kirby-handgriff-nl3056\/","og_locale":"de_DE","og_type":"article","og_title":"Kirby Handgriff","og_description":"Der Kirby Handgriff ersetzt das Rohr und bietet besseren Komfort und Kontrolle beim Staubsaugen. Passend f\u00fcr nahezu alle Kirby Modelle, schnell und einfach montierbar.   Vorr\u00e4tig   Vor 23:59 uhr bestellt, morgen versendet  &nbsp;","og_url":"https:\/\/www.veltec.eu\/de\/product\/kirby-handgriff-nl3056\/","og_site_name":"Veltec Kirby specialist","article_publisher":"https:\/\/www.facebook.com\/Veltec-Kirby-Specialist-236746293374877\/","article_modified_time":"2026-02-20T06:49:53+00:00","og_image":[{"width":725,"height":725,"url":"https:\/\/www.veltec.eu\/wp-content\/uploads\/2018\/10\/Kirby-handvat-1-1.jpg","type":"image\/jpeg"}],"twitter_card":"summary_large_image","twitter_misc":{"Gesch\u00e4tzte Lesezeit":"3\u00a0Minuten"},"schema":{"@context":"https:\/\/schema.org","@graph":[{"@type":"WebPage","@id":"https:\/\/www.veltec.eu\/de\/product\/kirby-handgriff-nl3056\/","url":"https:\/\/www.veltec.eu\/de\/product\/kirby-handgriff-nl3056\/","name":"Kirby Handgriff \u2013 Komfort & Kontrolle f\u00fcr alle Modelle","isPartOf":{"@id":"https:\/\/www.veltec.eu\/en\/#website"},"primaryImageOfPage":{"@id":"https:\/\/www.veltec.eu\/de\/product\/kirby-handgriff-nl3056\/#primaryimage"},"image":{"@id":"https:\/\/www.veltec.eu\/de\/product\/kirby-handgriff-nl3056\/#primaryimage"},"thumbnailUrl":"https:\/\/www.veltec.eu\/wp-content\/uploads\/2018\/10\/Kirby-handvat-1-1.jpg","datePublished":"2018-10-19T13:50:32+00:00","dateModified":"2026-02-20T06:49:53+00:00","description":"Verbessern Sie Ihre Reinigung mit dem Kirby Handgriff. Ergonomisch, langlebig und universell f\u00fcr alle g\u00e4ngigen Kirby Staubsauger geeignet.","breadcrumb":{"@id":"https:\/\/www.veltec.eu\/de\/product\/kirby-handgriff-nl3056\/#breadcrumb"},"inLanguage":"de","potentialAction":[{"@type":"ReadAction","target":["https:\/\/www.veltec.eu\/de\/product\/kirby-handgriff-nl3056\/"]}]},{"@type":"ImageObject","inLanguage":"de","@id":"https:\/\/www.veltec.eu\/de\/product\/kirby-handgriff-nl3056\/#primaryimage","url":"https:\/\/www.veltec.eu\/wp-content\/uploads\/2018\/10\/Kirby-handvat-1-1.jpg","contentUrl":"https:\/\/www.veltec.eu\/wp-content\/uploads\/2018\/10\/Kirby-handvat-1-1.jpg","width":725,"height":725},{"@type":"BreadcrumbList","@id":"https:\/\/www.veltec.eu\/de\/product\/kirby-handgriff-nl3056\/#breadcrumb","itemListElement":[{"@type":"ListItem","position":1,"name":"Home","item":"https:\/\/www.veltec.eu\/de\/"},{"@type":"ListItem","position":2,"name":"Kirby Laden","item":"https:\/\/www.veltec.eu\/de\/kirby-laden\/"},{"@type":"ListItem","position":3,"name":"Kirby Handgriff"}]},{"@type":"WebSite","@id":"https:\/\/www.veltec.eu\/en\/#website","url":"https:\/\/www.veltec.eu\/en\/","name":"Veltec Kirby specialist","description":"Kirby stofzuiger producten","publisher":{"@id":"https:\/\/www.veltec.eu\/en\/#organization"},"potentialAction":[{"@type":"SearchAction","target":{"@type":"EntryPoint","urlTemplate":"https:\/\/www.veltec.eu\/en\/?s={search_term_string}"},"query-input":{"@type":"PropertyValueSpecification","valueRequired":true,"valueName":"search_term_string"}}],"inLanguage":"de"},{"@type":"Organization","@id":"https:\/\/www.veltec.eu\/en\/#organization","name":"Veltec Kirby Specialist","url":"https:\/\/www.veltec.eu\/en\/","logo":{"@type":"ImageObject","inLanguage":"de","@id":"https:\/\/www.veltec.eu\/en\/#\/schema\/logo\/image\/","url":"https:\/\/www.veltec.eu\/wp-content\/uploads\/2021\/12\/Veltec-log-groot-e1537260889125.png","contentUrl":"https:\/\/www.veltec.eu\/wp-content\/uploads\/2021\/12\/Veltec-log-groot-e1537260889125.png","width":200,"height":60,"caption":"Veltec Kirby Specialist"},"image":{"@id":"https:\/\/www.veltec.eu\/en\/#\/schema\/logo\/image\/"},"sameAs":["https:\/\/www.facebook.com\/Veltec-Kirby-Specialist-236746293374877\/","https:\/\/www.youtube.com\/user\/VeltecService"]}]}},"_links":{"self":[{"href":"https:\/\/www.veltec.eu\/de\/wp-json\/wp\/v2\/product\/11056","targetHints":{"allow":["GET"]}}],"collection":[{"href":"https:\/\/www.veltec.eu\/de\/wp-json\/wp\/v2\/product"}],"about":[{"href":"https:\/\/www.veltec.eu\/de\/wp-json\/wp\/v2\/types\/product"}],"replies":[{"embeddable":true,"href":"https:\/\/www.veltec.eu\/de\/wp-json\/wp\/v2\/comments?post=11056"}],"wp:featuredmedia":[{"embeddable":true,"href":"https:\/\/www.veltec.eu\/de\/wp-json\/wp\/v2\/media\/88257"}],"wp:attachment":[{"href":"https:\/\/www.veltec.eu\/de\/wp-json\/wp\/v2\/media?parent=11056"}],"wp:term":[{"taxonomy":"product_brand","embeddable":true,"href":"https:\/\/www.veltec.eu\/de\/wp-json\/wp\/v2\/product_brand?post=11056"},{"taxonomy":"product_cat","embeddable":true,"href":"https:\/\/www.veltec.eu\/de\/wp-json\/wp\/v2\/product_cat?post=11056"},{"taxonomy":"product_tag","embeddable":true,"href":"https:\/\/www.veltec.eu\/de\/wp-json\/wp\/v2\/product_tag?post=11056"}],"curies":[{"name":"wp","href":"https:\/\/api.w.org\/{rel}","templated":true}]}}