{"id":11051,"date":"2018-10-19T15:56:10","date_gmt":"2018-10-19T13:56:10","guid":{"rendered":"https:\/\/www.veltec.eu\/kirby-webshop\/kirby-aufsatz-fur-shampoopistole-nl3085\/"},"modified":"2026-02-12T07:49:12","modified_gmt":"2026-02-12T05:49:12","slug":"kirby-aufsatz-fur-shampoopistole-nl3085","status":"publish","type":"product","link":"https:\/\/www.veltec.eu\/de\/product\/kirby-aufsatz-fur-shampoopistole-nl3085\/","title":{"rendered":"Kirby Aufsatz F\u00fcr Shampoopistole"},"content":{"rendered":"<h1 data-start=\"0\" data-end=\"36\">Kirby Aufsatz F\u00fcr Shampoopistole<\/h1>\n<p data-start=\"38\" data-end=\"322\">Der Kirby Aufsatz F\u00fcr Shampoopistole ist ein funktionales Zubeh\u00f6rteil, das w\u00e4hrend der Reinigung f\u00fcr eine gleichm\u00e4\u00dfige Schaumverteilung sorgt. Dadurch wird das Shampoo effizient in eine aktive Schaumschicht umgewandelt, sodass Teppiche und Polsterm\u00f6bel gr\u00fcndlich behandelt werden.<\/p>\n<h2 data-start=\"324\" data-end=\"373\">Was ist der Kirby Aufsatz F\u00fcr Shampoopistole?<\/h2>\n<p data-start=\"375\" data-end=\"701\">Der\u00a0Aufsatz F\u00fcr Shampoopistole ist ein speziell entwickeltes Siebelement, das Reinigungsshampoo in eine gleichm\u00e4\u00dfige Schaumstruktur verteilt. Dadurch wird das Reinigungsmittel optimal genutzt und die Oberfl\u00e4che gleichm\u00e4\u00dfig behandelt. Zudem tr\u00e4gt die kontrollierte Schaumbildung zu einer tieferen Fasernreinigung bei.<\/p>\n<p data-start=\"703\" data-end=\"1069\">Dank des kompakten Designs passt der Kirby Aufsatz F\u00fcr Shampoopistole nahtlos auf die originale <a href=\"https:\/\/www.veltec.eu\/de\/product\/kirby-shampoopistole-nl3102\/\" target=\"_blank\" rel=\"noopener\">Kirby Shampoopistole<\/a>. Somit bleibt die Systemfunktion vollst\u00e4ndig erhalten und die Reinigungsleistung wird verbessert. Dar\u00fcber hinaus unterst\u00fctzt das Zubeh\u00f6r die effiziente Anwendung von <a href=\"https:\/\/www.veltec.eu\/de\/?page_id=59738\" target=\"_blank\" rel=\"noopener\">Kirby Reinigungsprodukten<\/a>, wie zum Beispiel dem <a href=\"https:\/\/www.veltec.eu\/de\/product\/kirby-teppichshampoo-allergen-946-ml-nl3122\/\" target=\"_blank\" rel=\"noopener\">Kirby Teppichreinigungsshampoo.<\/a><\/p>\n<p data-start=\"1071\" data-end=\"1170\">Weitere Hinweise zur Anwendung finden Sie im Blogartikel: <a href=\"https:\/\/www.kirby-staubsauger-service.de\/verwendung-der-kirby-shampoo-pistole\/\" target=\"_blank\" rel=\"noopener\">\u201eDas Kirby Shampoopistole benutzen\u201c<\/a><\/p>\n<h2 data-start=\"1172\" data-end=\"1227\">Kompatibilit\u00e4t des Aufsatz F\u00fcr Shampoopistole<\/h2>\n<p data-start=\"1229\" data-end=\"1314\">Der Aufsatz F\u00fcr Shampoopistole ist mit folgenden Kirby Modellen kompatibel:<\/p>\n<ul data-start=\"1316\" data-end=\"1557\">\n<li data-start=\"1316\" data-end=\"1335\">Avalir Platinum<\/li>\n<li data-start=\"1336\" data-end=\"1348\">Avalir 2<\/li>\n<li data-start=\"1349\" data-end=\"1361\">Avalir 1<\/li>\n<li data-start=\"1362\" data-end=\"1382\">Sentria 2 (G10D)<\/li>\n<li data-start=\"1383\" data-end=\"1402\">Sentria 1 (G10)<\/li>\n<li data-start=\"1403\" data-end=\"1444\">Ultimate G Diamond Edition (G7D \/ DE)<\/li>\n<li data-start=\"1445\" data-end=\"1469\">Ultimate G (G7 \/ UG)<\/li>\n<li data-start=\"1470\" data-end=\"1491\">Generation 6 (G6)<\/li>\n<li data-start=\"1492\" data-end=\"1513\">Generation 5 (G5)<\/li>\n<li data-start=\"1514\" data-end=\"1535\">Generation 4 (G4)<\/li>\n<li data-start=\"1536\" data-end=\"1557\">Generation 3 (G3)<\/li>\n<\/ul>\n<p data-start=\"1559\" data-end=\"1753\">Dadurch ist das Zubeh\u00f6r innerhalb des gesamten Kirby Sortiments vielseitig einsetzbar. Au\u00dferdem entspricht der Anschluss dem Originaldesign, sodass die Montage schnell und unkompliziert erfolgt.<\/p>\n<h2 data-start=\"1755\" data-end=\"1804\">Vorteile des Kirby Aufsatz F\u00fcr Shampoopistole<\/h2>\n<h3 data-start=\"1806\" data-end=\"1836\">Optimale Schaumverteilung<\/h3>\n<p data-start=\"1838\" data-end=\"2128\">Dank der integrierten Siebstruktur wird fl\u00fcssiges Shampoo unmittelbar in aktiven Reinigungsschaum umgewandelt. Dadurch dringt der Schaum tiefer in Teppichfasern und Polsterstoffe ein. Anschlie\u00dfend wird gel\u00f6ster Schmutz effektiv durch die starke Saugkraft des Kirby Staubsaugers aufgenommen.<\/p>\n<h3 data-start=\"2130\" data-end=\"2175\">Effiziente Funktion und einfache Montage<\/h3>\n<p data-start=\"2177\" data-end=\"2452\">Der Aufsatz F\u00fcr Shampoopistole wird direkt auf die Shampoopistole aufgesetzt, wodurch das System sofort einsatzbereit ist. Somit verl\u00e4uft der Reinigungsvorgang ohne Unterbrechung. Gleichzeitig bleibt die Shampoomenge kontrolliert, was unn\u00f6tigen Verbrauch reduziert.<\/p>\n<h3 data-start=\"2454\" data-end=\"2502\">Nachhaltige Erg\u00e4nzung f\u00fcr Ihr Kirby Zubeh\u00f6r<\/h3>\n<p data-start=\"2504\" data-end=\"2848\">Da der Aufsatz F\u00fcr Shampoopistole eine gleichm\u00e4\u00dfige Verteilung des Reinigungsmittels unterst\u00fctzt, wird eine \u00dcberbeanspruchung der Fasern vermieden. Dadurch bleiben Teppiche l\u00e4nger gepflegt und optisch ansprechend. In Kombination mit originalen <a href=\"https:\/\/www.veltec.eu\/de\/?page_id=59280\" target=\"_blank\" rel=\"noopener\">Kirby Zubeh\u00f6rteilen<\/a> entsteht ein vollst\u00e4ndiges Reinigungssystem f\u00fcr intensive Anwendungen.<\/p>\n<h2>Funktionsweise des Kirby Schaumaufsatzes<\/h2>\n<p data-start=\"2896\" data-end=\"3190\">Sobald das Shampoo \u00fcber den Beh\u00e4lter zugef\u00fchrt wird, verteilt der Aufsatz F\u00fcr Shampoopistole die Fl\u00fcssigkeit in eine gleichm\u00e4\u00dfige Schaumschicht. Anschlie\u00dfend wird der Schaum gleichm\u00e4\u00dfig auf der Oberfl\u00e4che verteilt, sodass sich Schmutzpartikel l\u00f6sen k\u00f6nnen, bevor sie abgesaugt werden.<\/p>\n<p data-start=\"3192\" data-end=\"3469\">Nach der Einwirkzeit wird die behandelte Fl\u00e4che mit dem Kirby Staubsauger abgesaugt. Dadurch entsteht ein gr\u00fcndlich gereinigtes Ergebnis mit minimaler Restfeuchtigkeit. Zus\u00e4tzlich erm\u00f6glicht diese Methode eine effektive Tiefenreinigung von Teppichen, L\u00e4ufern und Polsterm\u00f6beln.<\/p>\n<p data-start=\"3471\" data-end=\"3579\" data-is-last-node=\"\" data-is-only-node=\"\">Der Kirby Aufsatz F\u00fcr Shampoopistole ist somit ein wesentlicher Bestandteil des Kirby Reinigungssystems.<\/p>\n","protected":false},"excerpt":{"rendered":"<div class=\"text-base my-auto mx-auto [--thread-content-margin:--spacing(4)] @w-sm\/main:[--thread-content-margin:--spacing(6)] @w-lg\/main:[--thread-content-margin:--spacing(16)] px-(--thread-content-margin)\">\n<div class=\"[--thread-content-max-width:40rem] @w-lg\/main:[--thread-content-max-width:48rem] mx-auto max-w-(--thread-content-max-width) flex-1 group\/turn-messages focus-visible:outline-hidden relative flex w-full min-w-0 flex-col agent-turn\" tabindex=\"-1\">\n<div class=\"flex max-w-full flex-col grow\">\n<div class=\"min-h-8 text-message relative flex w-full flex-col items-end gap-2 text-start break-words whitespace-normal [.text-message+&amp;]:mt-1\" dir=\"auto\" data-message-author-role=\"assistant\" data-message-id=\"dee70616-e48e-4e0b-a813-8e53ab67ac31\" data-message-model-slug=\"gpt-5-2\">\n<div class=\"flex w-full flex-col gap-1 empty:hidden first:pt-[1px]\">\n<div class=\"markdown prose dark:prose-invert w-full wrap-break-word light markdown-new-styling\">\n<p data-start=\"252\" data-end=\"466\" data-is-last-node=\"\" data-is-only-node=\"\">Der Kirby Aufsatz F\u00fcr Shampoopistole sorgt f\u00fcr eine optimale Schaumbildung bei der Teppich- und Polsterreinigung. Kompatibel mit allen g\u00e4ngigen Kirby Staubsaugermodellen.<\/p>\n<\/div>\n<\/div>\n<\/div>\n<\/div>\n<\/div>\n<\/div>\n[trustindex data-widget-id=31675542425128034566e10b5fb]\n<h3><span style=\"color: #008000;\"><br \/>\nVorr\u00e4tig<\/span><\/h3>\n[av_font_icon icon='ue812' font='entypo-fontello' style='' caption='' size='25px' position='left' color='#43ad66' link='' linktarget='' title_attr='' sonar_effect_effect='' sonar_effect_color='' sonar_effect_duration='1' sonar_effect_scale='' sonar_effect_opac='0.5' animation='' id='' custom_class='' template_class='' av_uid='' sc_version='1.0' admin_preview_bg=''][\/av_font_icon]\n<p><span style=\"color: #008000;\">Vor 23:59 uhr bestellt, morgen versendet<\/span><\/p>\n<p>&nbsp;<\/p>\n","protected":false},"featured_media":88188,"comment_status":"open","ping_status":"closed","template":"","meta":{"_acf_changed":false},"product_brand":[],"product_cat":[355],"product_tag":[],"class_list":{"0":"post-11051","1":"product","2":"type-product","3":"status-publish","4":"has-post-thumbnail","6":"product_cat-kirby-zubehor","7":"product_shipping_class-klein-de","9":"first","10":"instock","11":"taxable","12":"shipping-taxable","13":"purchasable","14":"product-type-simple"},"acf":[],"yoast_head":"<!-- This site is optimized with the Yoast SEO Premium plugin v27.1 (Yoast SEO v27.4) - https:\/\/yoast.com\/product\/yoast-seo-premium-wordpress\/ -->\n<title>Kirby Aufsatz F\u00fcr Shampoopistole Original<\/title>\n<meta name=\"description\" content=\"Kirby Aufsatz F\u00fcr Shampoopistole f\u00fcr gleichm\u00e4\u00dfige Schaumverteilung und gr\u00fcndliche Teppichreinigung. Passend f\u00fcr alle Kirby Modelle.\" \/>\n<meta name=\"robots\" content=\"index, follow, max-snippet:-1, max-image-preview:large, max-video-preview:-1\" \/>\n<link rel=\"canonical\" href=\"https:\/\/www.veltec.eu\/de\/product\/kirby-aufsatz-fur-shampoopistole-nl3085\/\" \/>\n<meta property=\"og:locale\" content=\"de_DE\" \/>\n<meta property=\"og:type\" content=\"article\" \/>\n<meta property=\"og:title\" content=\"Kirby Aufsatz F\u00fcr Shampoopistole\" \/>\n<meta property=\"og:description\" content=\"Der Kirby Aufsatz F\u00fcr Shampoopistole sorgt f\u00fcr eine optimale Schaumbildung bei der Teppich- und Polsterreinigung. Kompatibel mit allen g\u00e4ngigen Kirby Staubsaugermodellen.          Vorr\u00e4tig   Vor 23:59 uhr bestellt, morgen versendet  &nbsp;\" \/>\n<meta property=\"og:url\" content=\"https:\/\/www.veltec.eu\/de\/product\/kirby-aufsatz-fur-shampoopistole-nl3085\/\" \/>\n<meta property=\"og:site_name\" content=\"Veltec Kirby specialist\" \/>\n<meta property=\"article:publisher\" content=\"https:\/\/www.facebook.com\/Veltec-Kirby-Specialist-236746293374877\/\" \/>\n<meta property=\"article:modified_time\" content=\"2026-02-12T05:49:12+00:00\" \/>\n<meta property=\"og:image\" content=\"https:\/\/www.veltec.eu\/wp-content\/uploads\/2018\/10\/Kirby-shampoozeef.jpg\" \/>\n\t<meta property=\"og:image:width\" content=\"800\" \/>\n\t<meta property=\"og:image:height\" content=\"800\" \/>\n\t<meta property=\"og:image:type\" content=\"image\/jpeg\" \/>\n<meta name=\"twitter:card\" content=\"summary_large_image\" \/>\n<meta name=\"twitter:label1\" content=\"Gesch\u00e4tzte Lesezeit\" \/>\n\t<meta name=\"twitter:data1\" content=\"3\u00a0Minuten\" \/>\n<script type=\"application\/ld+json\" class=\"yoast-schema-graph\">{\"@context\":\"https:\\\/\\\/schema.org\",\"@graph\":[{\"@type\":\"WebPage\",\"@id\":\"https:\\\/\\\/www.veltec.eu\\\/de\\\/product\\\/kirby-aufsatz-fur-shampoopistole-nl3085\\\/\",\"url\":\"https:\\\/\\\/www.veltec.eu\\\/de\\\/product\\\/kirby-aufsatz-fur-shampoopistole-nl3085\\\/\",\"name\":\"Kirby Aufsatz F\u00fcr Shampoopistole Original\",\"isPartOf\":{\"@id\":\"https:\\\/\\\/www.veltec.eu\\\/en\\\/#website\"},\"primaryImageOfPage\":{\"@id\":\"https:\\\/\\\/www.veltec.eu\\\/de\\\/product\\\/kirby-aufsatz-fur-shampoopistole-nl3085\\\/#primaryimage\"},\"image\":{\"@id\":\"https:\\\/\\\/www.veltec.eu\\\/de\\\/product\\\/kirby-aufsatz-fur-shampoopistole-nl3085\\\/#primaryimage\"},\"thumbnailUrl\":\"https:\\\/\\\/www.veltec.eu\\\/wp-content\\\/uploads\\\/2018\\\/10\\\/Kirby-shampoozeef.jpg\",\"datePublished\":\"2018-10-19T13:56:10+00:00\",\"dateModified\":\"2026-02-12T05:49:12+00:00\",\"description\":\"Kirby Aufsatz F\u00fcr Shampoopistole f\u00fcr gleichm\u00e4\u00dfige Schaumverteilung und gr\u00fcndliche Teppichreinigung. Passend f\u00fcr alle Kirby Modelle.\",\"breadcrumb\":{\"@id\":\"https:\\\/\\\/www.veltec.eu\\\/de\\\/product\\\/kirby-aufsatz-fur-shampoopistole-nl3085\\\/#breadcrumb\"},\"inLanguage\":\"de\",\"potentialAction\":[{\"@type\":\"ReadAction\",\"target\":[\"https:\\\/\\\/www.veltec.eu\\\/de\\\/product\\\/kirby-aufsatz-fur-shampoopistole-nl3085\\\/\"]}]},{\"@type\":\"ImageObject\",\"inLanguage\":\"de\",\"@id\":\"https:\\\/\\\/www.veltec.eu\\\/de\\\/product\\\/kirby-aufsatz-fur-shampoopistole-nl3085\\\/#primaryimage\",\"url\":\"https:\\\/\\\/www.veltec.eu\\\/wp-content\\\/uploads\\\/2018\\\/10\\\/Kirby-shampoozeef.jpg\",\"contentUrl\":\"https:\\\/\\\/www.veltec.eu\\\/wp-content\\\/uploads\\\/2018\\\/10\\\/Kirby-shampoozeef.jpg\",\"width\":800,\"height\":800},{\"@type\":\"BreadcrumbList\",\"@id\":\"https:\\\/\\\/www.veltec.eu\\\/de\\\/product\\\/kirby-aufsatz-fur-shampoopistole-nl3085\\\/#breadcrumb\",\"itemListElement\":[{\"@type\":\"ListItem\",\"position\":1,\"name\":\"Home\",\"item\":\"https:\\\/\\\/www.veltec.eu\\\/de\\\/startseite\\\/\"},{\"@type\":\"ListItem\",\"position\":2,\"name\":\"Kirby Laden\",\"item\":\"https:\\\/\\\/www.veltec.eu\\\/de\\\/kirby-laden\\\/\"},{\"@type\":\"ListItem\",\"position\":3,\"name\":\"Kirby Aufsatz F\u00fcr Shampoopistole\"}]},{\"@type\":\"WebSite\",\"@id\":\"https:\\\/\\\/www.veltec.eu\\\/en\\\/#website\",\"url\":\"https:\\\/\\\/www.veltec.eu\\\/en\\\/\",\"name\":\"Veltec Kirby specialist\",\"description\":\"Kirby stofzuiger producten\",\"publisher\":{\"@id\":\"https:\\\/\\\/www.veltec.eu\\\/en\\\/#organization\"},\"potentialAction\":[{\"@type\":\"SearchAction\",\"target\":{\"@type\":\"EntryPoint\",\"urlTemplate\":\"https:\\\/\\\/www.veltec.eu\\\/en\\\/?s={search_term_string}\"},\"query-input\":{\"@type\":\"PropertyValueSpecification\",\"valueRequired\":true,\"valueName\":\"search_term_string\"}}],\"inLanguage\":\"de\"},{\"@type\":\"Organization\",\"@id\":\"https:\\\/\\\/www.veltec.eu\\\/en\\\/#organization\",\"name\":\"Veltec Kirby Specialist\",\"url\":\"https:\\\/\\\/www.veltec.eu\\\/en\\\/\",\"logo\":{\"@type\":\"ImageObject\",\"inLanguage\":\"de\",\"@id\":\"https:\\\/\\\/www.veltec.eu\\\/en\\\/#\\\/schema\\\/logo\\\/image\\\/\",\"url\":\"https:\\\/\\\/www.veltec.eu\\\/wp-content\\\/uploads\\\/2021\\\/12\\\/Veltec-log-groot-e1537260889125.png\",\"contentUrl\":\"https:\\\/\\\/www.veltec.eu\\\/wp-content\\\/uploads\\\/2021\\\/12\\\/Veltec-log-groot-e1537260889125.png\",\"width\":200,\"height\":60,\"caption\":\"Veltec Kirby Specialist\"},\"image\":{\"@id\":\"https:\\\/\\\/www.veltec.eu\\\/en\\\/#\\\/schema\\\/logo\\\/image\\\/\"},\"sameAs\":[\"https:\\\/\\\/www.facebook.com\\\/Veltec-Kirby-Specialist-236746293374877\\\/\",\"https:\\\/\\\/www.youtube.com\\\/user\\\/VeltecService\"]}]}<\/script>\n<!-- \/ Yoast SEO Premium plugin. -->","yoast_head_json":{"title":"Kirby Aufsatz F\u00fcr Shampoopistole Original","description":"Kirby Aufsatz F\u00fcr Shampoopistole f\u00fcr gleichm\u00e4\u00dfige Schaumverteilung und gr\u00fcndliche Teppichreinigung. Passend f\u00fcr alle Kirby Modelle.","robots":{"index":"index","follow":"follow","max-snippet":"max-snippet:-1","max-image-preview":"max-image-preview:large","max-video-preview":"max-video-preview:-1"},"canonical":"https:\/\/www.veltec.eu\/de\/product\/kirby-aufsatz-fur-shampoopistole-nl3085\/","og_locale":"de_DE","og_type":"article","og_title":"Kirby Aufsatz F\u00fcr Shampoopistole","og_description":"Der Kirby Aufsatz F\u00fcr Shampoopistole sorgt f\u00fcr eine optimale Schaumbildung bei der Teppich- und Polsterreinigung. Kompatibel mit allen g\u00e4ngigen Kirby Staubsaugermodellen.          Vorr\u00e4tig   Vor 23:59 uhr bestellt, morgen versendet  &nbsp;","og_url":"https:\/\/www.veltec.eu\/de\/product\/kirby-aufsatz-fur-shampoopistole-nl3085\/","og_site_name":"Veltec Kirby specialist","article_publisher":"https:\/\/www.facebook.com\/Veltec-Kirby-Specialist-236746293374877\/","article_modified_time":"2026-02-12T05:49:12+00:00","og_image":[{"width":800,"height":800,"url":"https:\/\/www.veltec.eu\/wp-content\/uploads\/2018\/10\/Kirby-shampoozeef.jpg","type":"image\/jpeg"}],"twitter_card":"summary_large_image","twitter_misc":{"Gesch\u00e4tzte Lesezeit":"3\u00a0Minuten"},"schema":{"@context":"https:\/\/schema.org","@graph":[{"@type":"WebPage","@id":"https:\/\/www.veltec.eu\/de\/product\/kirby-aufsatz-fur-shampoopistole-nl3085\/","url":"https:\/\/www.veltec.eu\/de\/product\/kirby-aufsatz-fur-shampoopistole-nl3085\/","name":"Kirby Aufsatz F\u00fcr Shampoopistole Original","isPartOf":{"@id":"https:\/\/www.veltec.eu\/en\/#website"},"primaryImageOfPage":{"@id":"https:\/\/www.veltec.eu\/de\/product\/kirby-aufsatz-fur-shampoopistole-nl3085\/#primaryimage"},"image":{"@id":"https:\/\/www.veltec.eu\/de\/product\/kirby-aufsatz-fur-shampoopistole-nl3085\/#primaryimage"},"thumbnailUrl":"https:\/\/www.veltec.eu\/wp-content\/uploads\/2018\/10\/Kirby-shampoozeef.jpg","datePublished":"2018-10-19T13:56:10+00:00","dateModified":"2026-02-12T05:49:12+00:00","description":"Kirby Aufsatz F\u00fcr Shampoopistole f\u00fcr gleichm\u00e4\u00dfige Schaumverteilung und gr\u00fcndliche Teppichreinigung. Passend f\u00fcr alle Kirby Modelle.","breadcrumb":{"@id":"https:\/\/www.veltec.eu\/de\/product\/kirby-aufsatz-fur-shampoopistole-nl3085\/#breadcrumb"},"inLanguage":"de","potentialAction":[{"@type":"ReadAction","target":["https:\/\/www.veltec.eu\/de\/product\/kirby-aufsatz-fur-shampoopistole-nl3085\/"]}]},{"@type":"ImageObject","inLanguage":"de","@id":"https:\/\/www.veltec.eu\/de\/product\/kirby-aufsatz-fur-shampoopistole-nl3085\/#primaryimage","url":"https:\/\/www.veltec.eu\/wp-content\/uploads\/2018\/10\/Kirby-shampoozeef.jpg","contentUrl":"https:\/\/www.veltec.eu\/wp-content\/uploads\/2018\/10\/Kirby-shampoozeef.jpg","width":800,"height":800},{"@type":"BreadcrumbList","@id":"https:\/\/www.veltec.eu\/de\/product\/kirby-aufsatz-fur-shampoopistole-nl3085\/#breadcrumb","itemListElement":[{"@type":"ListItem","position":1,"name":"Home","item":"https:\/\/www.veltec.eu\/de\/startseite\/"},{"@type":"ListItem","position":2,"name":"Kirby Laden","item":"https:\/\/www.veltec.eu\/de\/kirby-laden\/"},{"@type":"ListItem","position":3,"name":"Kirby Aufsatz F\u00fcr Shampoopistole"}]},{"@type":"WebSite","@id":"https:\/\/www.veltec.eu\/en\/#website","url":"https:\/\/www.veltec.eu\/en\/","name":"Veltec Kirby specialist","description":"Kirby stofzuiger producten","publisher":{"@id":"https:\/\/www.veltec.eu\/en\/#organization"},"potentialAction":[{"@type":"SearchAction","target":{"@type":"EntryPoint","urlTemplate":"https:\/\/www.veltec.eu\/en\/?s={search_term_string}"},"query-input":{"@type":"PropertyValueSpecification","valueRequired":true,"valueName":"search_term_string"}}],"inLanguage":"de"},{"@type":"Organization","@id":"https:\/\/www.veltec.eu\/en\/#organization","name":"Veltec Kirby Specialist","url":"https:\/\/www.veltec.eu\/en\/","logo":{"@type":"ImageObject","inLanguage":"de","@id":"https:\/\/www.veltec.eu\/en\/#\/schema\/logo\/image\/","url":"https:\/\/www.veltec.eu\/wp-content\/uploads\/2021\/12\/Veltec-log-groot-e1537260889125.png","contentUrl":"https:\/\/www.veltec.eu\/wp-content\/uploads\/2021\/12\/Veltec-log-groot-e1537260889125.png","width":200,"height":60,"caption":"Veltec Kirby Specialist"},"image":{"@id":"https:\/\/www.veltec.eu\/en\/#\/schema\/logo\/image\/"},"sameAs":["https:\/\/www.facebook.com\/Veltec-Kirby-Specialist-236746293374877\/","https:\/\/www.youtube.com\/user\/VeltecService"]}]}},"_links":{"self":[{"href":"https:\/\/www.veltec.eu\/de\/wp-json\/wp\/v2\/product\/11051","targetHints":{"allow":["GET"]}}],"collection":[{"href":"https:\/\/www.veltec.eu\/de\/wp-json\/wp\/v2\/product"}],"about":[{"href":"https:\/\/www.veltec.eu\/de\/wp-json\/wp\/v2\/types\/product"}],"replies":[{"embeddable":true,"href":"https:\/\/www.veltec.eu\/de\/wp-json\/wp\/v2\/comments?post=11051"}],"wp:featuredmedia":[{"embeddable":true,"href":"https:\/\/www.veltec.eu\/de\/wp-json\/wp\/v2\/media\/88188"}],"wp:attachment":[{"href":"https:\/\/www.veltec.eu\/de\/wp-json\/wp\/v2\/media?parent=11051"}],"wp:term":[{"taxonomy":"product_brand","embeddable":true,"href":"https:\/\/www.veltec.eu\/de\/wp-json\/wp\/v2\/product_brand?post=11051"},{"taxonomy":"product_cat","embeddable":true,"href":"https:\/\/www.veltec.eu\/de\/wp-json\/wp\/v2\/product_cat?post=11051"},{"taxonomy":"product_tag","embeddable":true,"href":"https:\/\/www.veltec.eu\/de\/wp-json\/wp\/v2\/product_tag?post=11051"}],"curies":[{"name":"wp","href":"https:\/\/api.w.org\/{rel}","templated":true}]}}