{"id":11001,"date":"2018-10-22T11:26:53","date_gmt":"2018-10-22T09:26:53","guid":{"rendered":"https:\/\/www.veltec.eu\/kirby-webshop\/kirby-elektrokabel-nl3050\/"},"modified":"2026-03-06T11:23:35","modified_gmt":"2026-03-06T09:23:35","slug":"kirby-elektrokabel-10m-generation","status":"publish","type":"product","link":"https:\/\/www.veltec.eu\/de\/product\/kirby-elektrokabel-10m-generation\/","title":{"rendered":"Kirby Elektrokabel 10m Generation"},"content":{"rendered":"<article class=\"text-token-text-primary w-full focus:outline-none [--shadow-height:45px] has-data-writing-block:pointer-events-none has-data-writing-block:-mt-(--shadow-height) has-data-writing-block:pt-(--shadow-height) [&amp;:has([data-writing-block])&gt;*]:pointer-events-auto scroll-mt-[calc(var(--header-height)+min(200px,max(70px,20svh)))]\" dir=\"auto\" tabindex=\"-1\" data-turn-id=\"request-WEB:c36f092b-45d7-4af1-a46f-7e87f42bc303-2\" data-testid=\"conversation-turn-2\" data-scroll-anchor=\"false\" data-turn=\"assistant\">\n<div class=\"text-base my-auto mx-auto [--thread-content-margin:--spacing(4)] @w-sm\/main:[--thread-content-margin:--spacing(6)] @w-lg\/main:[--thread-content-margin:--spacing(16)] px-(--thread-content-margin)\">\n<div class=\"[--thread-content-max-width:40rem] @w-lg\/main:[--thread-content-max-width:48rem] mx-auto max-w-(--thread-content-max-width) flex-1 group\/turn-messages focus-visible:outline-hidden relative flex w-full min-w-0 flex-col agent-turn\" tabindex=\"-1\">\n<div class=\"flex max-w-full flex-col grow\">\n<div class=\"min-h-8 text-message relative flex w-full flex-col items-end gap-2 text-start break-words whitespace-normal [.text-message+&amp;]:mt-1\" dir=\"auto\" data-message-author-role=\"assistant\" data-message-id=\"0b979437-4a6b-4bf3-a94a-19607acade5a\" data-message-model-slug=\"gpt-5-3\">\n<div class=\"flex w-full flex-col gap-1 empty:hidden first:pt-[1px]\">\n<div class=\"markdown prose dark:prose-invert w-full wrap-break-word light markdown-new-styling\">\n<h1 data-start=\"0\" data-end=\"35\">Kirby Elektrokabel 10m Generation<\/h1>\n<p data-start=\"37\" data-end=\"481\">Das Kirby Elektrokabel 10m Generation ist ein leistungsstarkes und langlebiges Ersatzteil f\u00fcr verschiedene Kirby-Staubsauger der Generation-Serie. Dank der zus\u00e4tzlichen L\u00e4nge von 10 Metern k\u00f6nnen Sie deutlich flexibler arbeiten, w\u00e4hrend die robuste Gummikabelummantelung zudem f\u00fcr eine zuverl\u00e4ssige und sichere Stromversorgung w\u00e4hrend des Staubsaugens sorgt. Damit eignet sich dieses Kirby-Netzkabel ideal f\u00fcr gr\u00f6\u00dfere R\u00e4ume, in denen die Steckdosen weiter voneinander entfernt sind.<\/p>\n<h2 data-start=\"488\" data-end=\"556\">Elektrisches Kabel Kirby 10 m Generation f\u00fcr maximale Bewegungsfreiheit<\/h2>\n<p data-start=\"558\" data-end=\"894\">Das Kirby-Netzkabel Generation bietet eine deutlich gr\u00f6\u00dfere Reichweite als herk\u00f6mmliche Netzkabel. So k\u00f6nnen Sie gro\u00dfe Fl\u00e4chen staubsaugen, ohne st\u00e4ndig die Steckdose wechseln zu m\u00fcssen. Dar\u00fcber hinaus sorgt die L\u00e4nge von zehn Metern daf\u00fcr, dass Sie effizienter arbeiten und weniger Unterbrechungen beim Reinigen haben.<\/p>\n<p data-start=\"896\" data-end=\"1214\">Dar\u00fcber hinaus besteht das Kabel aus robustem Gummikabel, wodurch es f\u00fcr den t\u00e4glichen Gebrauch bestens geeignet ist. Dadurch bleibt das Kabel flexibel, w\u00e4hrend Verschlei\u00df oder Besch\u00e4digungen erheblich reduziert werden. Dies macht das Kirby-Stromkabel besonders f\u00fcr den intensiven Hausgebrauch geeignet.<\/p>\n<h2 data-start=\"1221\" data-end=\"1281\">Kompatibilit\u00e4t des 10 m langen Stromkabels Generation<\/h2>\n<p data-start=\"1283\" data-end=\"1504\">Das Kirby-Netzkabel 10 m Generation wurde speziell f\u00fcr verschiedene Kirby-Staubsaugermodelle der Generation-Serie entwickelt. Dadurch passt das Kabel perfekt zum internen Stromanschluss dieser Modelle.<\/p>\n<p data-start=\"1506\" data-end=\"1550\">Geeignet f\u00fcr folgende Kirby-Staubsauger:<\/p>\n<ul data-start=\"1552\" data-end=\"1740\">\n<li data-start=\"1552\" data-end=\"1599\">Kirby Ultimate G Diamond Edition (G7D \/ DE)<\/li>\n<li data-start=\"1600\" data-end=\"1630\">Kirby Ultimate G (G7 \/ UG)<\/li>\n<li data-start=\"1631\" data-end=\"1658\">Kirby Generation 6 (G6)<\/li>\n<li data-start=\"1659\" data-end=\"1686\">Kirby Generation 5 (G5)<\/li>\n<li data-start=\"1687\" data-end=\"1714\">Kirby Generation 4 (G4)<\/li>\n<li data-start=\"1715\" data-end=\"1740\">Kirby Generation 3 (G3)<\/li>\n<\/ul>\n<p data-start=\"1742\" data-end=\"1893\">ACHTUNG: Dieses Kabel ist nicht f\u00fcr die Modelle Kirby Sentria und Kirby Avalir geeignet. F\u00fcr diese Staubsauger wird ein anderes Netzkabel ben\u00f6tigt.<\/p>\n<p data-start=\"1742\" data-end=\"1893\"><a href=\"https:\/\/www.veltec.eu\/de\/product\/kirby-elektrisches-kabel-10m-sentria-avalir\/\" target=\"_blank\" rel=\"noopener\">Klicken Sie hier, wenn Sie einen Kirby Sentria oder Kirby Avalir besitzen.<\/a><\/p>\n<h2 data-start=\"1900\" data-end=\"1956\">Die Installation des Elektrokabel Generation<\/h2>\n<p data-start=\"1958\" data-end=\"2221\">Das Kirby-Netzkabel l\u00e4sst sich leicht installieren. Der Ger\u00e4testecker befindet sich unter der Schutzkappe auf der rechten Seite des Kirby-Staubsaugers. Diese Kappe k\u00f6nnen Sie mit einem Torx-Schraubendreher entfernen.<\/p>\n<p data-start=\"2223\" data-end=\"2468\">Anschlie\u00dfend wird das alte Kabel abgezogen, woraufhin das neue Kirby-Stromkabel einfach angeschlossen werden kann. Dank der aufgespritzten Zugentlastungen bleibt das Kabel fest verbunden, wodurch Besch\u00e4digungen durch Ziehen oder Verbiegen verhindert werden.<\/p>\n<p>M\u00f6chten Sie dar\u00fcber hinaus weitere Informationen \u00fcber die Funktionsweise und den Austausch des Kirby-Netzkabels erhalten? Dann lesen Sie auch den ausf\u00fchrlichen Artikel in unserem Blog: <a href=\"https:\/\/www.kirby-staubsauger-service.de\/kirby-elektra-kabel\/\" target=\"_blank\" rel=\"noopener\">Alles \u00fcber das Kirby-Elektrokabel.<\/a><\/p>\n<h3 data-start=\"2475\" data-end=\"2545\">Technische Eigenschaften des Stromkabels Generation<\/h3>\n<p data-start=\"2547\" data-end=\"2723\">Das Stromkabel Generation ist mit hochwertigen Anschl\u00fcssen und langlebigen Komponenten ausgestattet. Dadurch bietet das Kabel eine stabile und sichere Stromverbindung.<\/p>\n<p data-start=\"2725\" data-end=\"2747\">Wichtige Merkmale:<\/p>\n<ul data-start=\"2749\" data-end=\"2986\">\n<li data-start=\"2749\" data-end=\"2769\">L\u00e4nge: 10 Meter<\/li>\n<li data-start=\"2749\" data-end=\"2769\">Material: robuste Gummikabel<\/li>\n<li data-start=\"2749\" data-end=\"2769\">1x angespritzter gerader Konturstecker<\/li>\n<li data-start=\"2749\" data-end=\"2769\">1x angespritzter rechtwinkliger Ger\u00e4testecker (Buchse)<\/li>\n<li data-start=\"2749\" data-end=\"2769\">1x integrierte Zugentlastung<\/li>\n<li data-start=\"2749\" data-end=\"2769\">Entwickelt f\u00fcr den langfristigen und intensiven Gebrauch<\/li>\n<\/ul>\n<p data-start=\"2988\" data-end=\"3143\">Dankzij deze eigenschappen combineert het snoer betrouwbaarheid met gebruiksgemak, terwijl de prestaties van uw Kirby stofzuiger optimaal behouden blijven.<\/p>\n<h2 data-start=\"3150\" data-end=\"3221\">Bestellen Sie ein 10 m langes Elektrokabel der Generation f\u00fcr Ihren Kirby-Staubsauger<\/h2>\n<p data-start=\"3223\" data-end=\"3506\">Wenn Sie sich f\u00fcr das Kirby Elektrokabel 10m Generation entscheiden, profitieren Sie sofort von mehr Bewegungsfreiheit, einer zuverl\u00e4ssigen Stromversorgung und einer l\u00e4ngeren Lebensdauer Ihrer Ger\u00e4te. Dar\u00fcber hinaus sorgt die hochwertige Konstruktion daf\u00fcr, dass das Kabel auch intensiver Beanspruchung standh\u00e4lt.<\/p>\n<\/div>\n<\/div>\n<\/div>\n<\/div>\n<\/div>\n<\/div>\n<\/article>\n","protected":false},"excerpt":{"rendered":"<p>Das Kirby-Netzkabel 10 m Generation ist ein strapazierf\u00e4higes Ersatz-Netzkabel mit Gummikabel und robusten Anschl\u00fcssen. Geeignet f\u00fcr Kirby G3 bis Diamond und ideal f\u00fcr zus\u00e4tzliche Reichweite beim Staubsaugen.<\/p>\n[trustindex data-widget-id=31675542425128034566e10b5fb]\n<h3><span style=\"color: #008000;\"><br \/>\nVorr\u00e4tig<\/span><\/h3>\n[av_font_icon icon='ue812' font='entypo-fontello' style='' caption='' size='25px' position='left' color='#43ad66' link='' linktarget='' title_attr='' sonar_effect_effect='' sonar_effect_color='' sonar_effect_duration='1' sonar_effect_scale='' sonar_effect_opac='0.5' animation='' id='' custom_class='' template_class='' av_uid='' sc_version='1.0' admin_preview_bg=''][\/av_font_icon]\n<p><span style=\"color: #008000;\">Vor 23:59 uhr bestellt, morgen versendet<\/span><\/p>\n<p>&nbsp;<\/p>\n","protected":false},"featured_media":31274,"comment_status":"open","ping_status":"closed","template":"","meta":[],"product_brand":[],"product_cat":[388],"product_tag":[],"class_list":{"0":"post-11001","1":"product","2":"type-product","3":"status-publish","4":"has-post-thumbnail","6":"product_cat-kirby-elektrokabel-und-zubehor","7":"product_shipping_class-klein-de","9":"first","10":"instock","11":"sale","12":"taxable","13":"shipping-taxable","14":"purchasable","15":"product-type-simple"},"yoast_head":"<!-- This site is optimized with the Yoast SEO Premium plugin v27.1 (Yoast SEO v27.4) - https:\/\/yoast.com\/product\/yoast-seo-premium-wordpress\/ -->\n<title>Kirby Elektrokabel 10m Generation G3 bis Diamond<\/title>\n<meta name=\"description\" content=\"Kirby Elektrokabel 10m Generation f\u00fcr G3 bis Diamond. Langlebiges Netzkabel mit Gummikabel und robusten Steckern f\u00fcr maximale Bewegungsfreiheit.\" \/>\n<meta name=\"robots\" content=\"index, follow, max-snippet:-1, max-image-preview:large, max-video-preview:-1\" \/>\n<link rel=\"canonical\" href=\"https:\/\/www.veltec.eu\/nl\/product\/kirby-elektrasnoer-10m-generation\/\" \/>\n<meta property=\"og:locale\" content=\"de_DE\" \/>\n<meta property=\"og:type\" content=\"article\" \/>\n<meta property=\"og:title\" content=\"Kirby Elektrokabel 10m Generation\" \/>\n<meta property=\"og:description\" content=\"Das Kirby-Netzkabel 10 m Generation ist ein strapazierf\u00e4higes Ersatz-Netzkabel mit Gummikabel und robusten Anschl\u00fcssen. Geeignet f\u00fcr Kirby G3 bis Diamond und ideal f\u00fcr zus\u00e4tzliche Reichweite beim Staubsaugen.    Vorr\u00e4tig   Vor 23:59 uhr bestellt, morgen versendet  &nbsp;\" \/>\n<meta property=\"og:url\" content=\"https:\/\/www.veltec.eu\/nl\/product\/kirby-elektrasnoer-10m-generation\/\" \/>\n<meta property=\"og:site_name\" content=\"Veltec Kirby specialist\" \/>\n<meta property=\"article:publisher\" content=\"https:\/\/www.facebook.com\/Veltec-Kirby-Specialist-236746293374877\/\" \/>\n<meta property=\"article:modified_time\" content=\"2026-03-06T09:23:35+00:00\" \/>\n<meta property=\"og:image\" content=\"https:\/\/www.veltec.eu\/wp-content\/uploads\/2018\/10\/gew-snoer.jpg\" \/>\n\t<meta property=\"og:image:width\" content=\"500\" \/>\n\t<meta property=\"og:image:height\" content=\"500\" \/>\n\t<meta property=\"og:image:type\" content=\"image\/jpeg\" \/>\n<meta name=\"twitter:card\" content=\"summary_large_image\" \/>\n<meta name=\"twitter:label1\" content=\"Gesch\u00e4tzte Lesezeit\" \/>\n\t<meta name=\"twitter:data1\" content=\"3\u00a0Minuten\" \/>\n<script type=\"application\/ld+json\" class=\"yoast-schema-graph\">{\"@context\":\"https:\\\/\\\/schema.org\",\"@graph\":[{\"@type\":\"WebPage\",\"@id\":\"https:\\\/\\\/www.veltec.eu\\\/nl\\\/product\\\/kirby-elektrasnoer-10m-generation\\\/\",\"url\":\"https:\\\/\\\/www.veltec.eu\\\/nl\\\/product\\\/kirby-elektrasnoer-10m-generation\\\/\",\"name\":\"Kirby Elektrokabel 10m Generation G3 bis Diamond\",\"isPartOf\":{\"@id\":\"https:\\\/\\\/www.veltec.eu\\\/en\\\/#website\"},\"primaryImageOfPage\":{\"@id\":\"https:\\\/\\\/www.veltec.eu\\\/nl\\\/product\\\/kirby-elektrasnoer-10m-generation\\\/#primaryimage\"},\"image\":{\"@id\":\"https:\\\/\\\/www.veltec.eu\\\/nl\\\/product\\\/kirby-elektrasnoer-10m-generation\\\/#primaryimage\"},\"thumbnailUrl\":\"https:\\\/\\\/www.veltec.eu\\\/wp-content\\\/uploads\\\/2018\\\/10\\\/gew-snoer.jpg\",\"datePublished\":\"2018-10-22T09:26:53+00:00\",\"dateModified\":\"2026-03-06T09:23:35+00:00\",\"description\":\"Kirby Elektrokabel 10m Generation f\u00fcr G3 bis Diamond. Langlebiges Netzkabel mit Gummikabel und robusten Steckern f\u00fcr maximale Bewegungsfreiheit.\",\"breadcrumb\":{\"@id\":\"https:\\\/\\\/www.veltec.eu\\\/nl\\\/product\\\/kirby-elektrasnoer-10m-generation\\\/#breadcrumb\"},\"inLanguage\":\"de\",\"potentialAction\":[{\"@type\":\"ReadAction\",\"target\":[\"https:\\\/\\\/www.veltec.eu\\\/nl\\\/product\\\/kirby-elektrasnoer-10m-generation\\\/\"]}]},{\"@type\":\"ImageObject\",\"inLanguage\":\"de\",\"@id\":\"https:\\\/\\\/www.veltec.eu\\\/nl\\\/product\\\/kirby-elektrasnoer-10m-generation\\\/#primaryimage\",\"url\":\"https:\\\/\\\/www.veltec.eu\\\/wp-content\\\/uploads\\\/2018\\\/10\\\/gew-snoer.jpg\",\"contentUrl\":\"https:\\\/\\\/www.veltec.eu\\\/wp-content\\\/uploads\\\/2018\\\/10\\\/gew-snoer.jpg\",\"width\":500,\"height\":500},{\"@type\":\"BreadcrumbList\",\"@id\":\"https:\\\/\\\/www.veltec.eu\\\/nl\\\/product\\\/kirby-elektrasnoer-10m-generation\\\/#breadcrumb\",\"itemListElement\":[{\"@type\":\"ListItem\",\"position\":1,\"name\":\"Home\",\"item\":\"https:\\\/\\\/www.veltec.eu\\\/de\\\/\"},{\"@type\":\"ListItem\",\"position\":2,\"name\":\"Produits\",\"item\":\"https:\\\/\\\/www.veltec.eu\\\/fr\\\/shop\\\/\"},{\"@type\":\"ListItem\",\"position\":3,\"name\":\"Kirby Elektrokabel 10m Generation\"}]},{\"@type\":\"WebSite\",\"@id\":\"https:\\\/\\\/www.veltec.eu\\\/en\\\/#website\",\"url\":\"https:\\\/\\\/www.veltec.eu\\\/en\\\/\",\"name\":\"Veltec Kirby specialist\",\"description\":\"Kirby stofzuiger producten\",\"publisher\":{\"@id\":\"https:\\\/\\\/www.veltec.eu\\\/en\\\/#organization\"},\"potentialAction\":[{\"@type\":\"SearchAction\",\"target\":{\"@type\":\"EntryPoint\",\"urlTemplate\":\"https:\\\/\\\/www.veltec.eu\\\/en\\\/?s={search_term_string}\"},\"query-input\":{\"@type\":\"PropertyValueSpecification\",\"valueRequired\":true,\"valueName\":\"search_term_string\"}}],\"inLanguage\":\"de\"},{\"@type\":\"Organization\",\"@id\":\"https:\\\/\\\/www.veltec.eu\\\/en\\\/#organization\",\"name\":\"Veltec Kirby Specialist\",\"url\":\"https:\\\/\\\/www.veltec.eu\\\/en\\\/\",\"logo\":{\"@type\":\"ImageObject\",\"inLanguage\":\"de\",\"@id\":\"https:\\\/\\\/www.veltec.eu\\\/en\\\/#\\\/schema\\\/logo\\\/image\\\/\",\"url\":\"https:\\\/\\\/www.veltec.eu\\\/wp-content\\\/uploads\\\/2021\\\/12\\\/Veltec-log-groot-e1537260889125.png\",\"contentUrl\":\"https:\\\/\\\/www.veltec.eu\\\/wp-content\\\/uploads\\\/2021\\\/12\\\/Veltec-log-groot-e1537260889125.png\",\"width\":200,\"height\":60,\"caption\":\"Veltec Kirby Specialist\"},\"image\":{\"@id\":\"https:\\\/\\\/www.veltec.eu\\\/en\\\/#\\\/schema\\\/logo\\\/image\\\/\"},\"sameAs\":[\"https:\\\/\\\/www.facebook.com\\\/Veltec-Kirby-Specialist-236746293374877\\\/\",\"https:\\\/\\\/www.youtube.com\\\/user\\\/VeltecService\"]}]}<\/script>\n<!-- \/ Yoast SEO Premium plugin. -->","yoast_head_json":{"title":"Kirby Elektrokabel 10m Generation G3 bis Diamond","description":"Kirby Elektrokabel 10m Generation f\u00fcr G3 bis Diamond. Langlebiges Netzkabel mit Gummikabel und robusten Steckern f\u00fcr maximale Bewegungsfreiheit.","robots":{"index":"index","follow":"follow","max-snippet":"max-snippet:-1","max-image-preview":"max-image-preview:large","max-video-preview":"max-video-preview:-1"},"canonical":"https:\/\/www.veltec.eu\/nl\/product\/kirby-elektrasnoer-10m-generation\/","og_locale":"de_DE","og_type":"article","og_title":"Kirby Elektrokabel 10m Generation","og_description":"Das Kirby-Netzkabel 10 m Generation ist ein strapazierf\u00e4higes Ersatz-Netzkabel mit Gummikabel und robusten Anschl\u00fcssen. Geeignet f\u00fcr Kirby G3 bis Diamond und ideal f\u00fcr zus\u00e4tzliche Reichweite beim Staubsaugen.    Vorr\u00e4tig   Vor 23:59 uhr bestellt, morgen versendet  &nbsp;","og_url":"https:\/\/www.veltec.eu\/nl\/product\/kirby-elektrasnoer-10m-generation\/","og_site_name":"Veltec Kirby specialist","article_publisher":"https:\/\/www.facebook.com\/Veltec-Kirby-Specialist-236746293374877\/","article_modified_time":"2026-03-06T09:23:35+00:00","og_image":[{"width":500,"height":500,"url":"https:\/\/www.veltec.eu\/wp-content\/uploads\/2018\/10\/gew-snoer.jpg","type":"image\/jpeg"}],"twitter_card":"summary_large_image","twitter_misc":{"Gesch\u00e4tzte Lesezeit":"3\u00a0Minuten"},"schema":{"@context":"https:\/\/schema.org","@graph":[{"@type":"WebPage","@id":"https:\/\/www.veltec.eu\/nl\/product\/kirby-elektrasnoer-10m-generation\/","url":"https:\/\/www.veltec.eu\/nl\/product\/kirby-elektrasnoer-10m-generation\/","name":"Kirby Elektrokabel 10m Generation G3 bis Diamond","isPartOf":{"@id":"https:\/\/www.veltec.eu\/en\/#website"},"primaryImageOfPage":{"@id":"https:\/\/www.veltec.eu\/nl\/product\/kirby-elektrasnoer-10m-generation\/#primaryimage"},"image":{"@id":"https:\/\/www.veltec.eu\/nl\/product\/kirby-elektrasnoer-10m-generation\/#primaryimage"},"thumbnailUrl":"https:\/\/www.veltec.eu\/wp-content\/uploads\/2018\/10\/gew-snoer.jpg","datePublished":"2018-10-22T09:26:53+00:00","dateModified":"2026-03-06T09:23:35+00:00","description":"Kirby Elektrokabel 10m Generation f\u00fcr G3 bis Diamond. Langlebiges Netzkabel mit Gummikabel und robusten Steckern f\u00fcr maximale Bewegungsfreiheit.","breadcrumb":{"@id":"https:\/\/www.veltec.eu\/nl\/product\/kirby-elektrasnoer-10m-generation\/#breadcrumb"},"inLanguage":"de","potentialAction":[{"@type":"ReadAction","target":["https:\/\/www.veltec.eu\/nl\/product\/kirby-elektrasnoer-10m-generation\/"]}]},{"@type":"ImageObject","inLanguage":"de","@id":"https:\/\/www.veltec.eu\/nl\/product\/kirby-elektrasnoer-10m-generation\/#primaryimage","url":"https:\/\/www.veltec.eu\/wp-content\/uploads\/2018\/10\/gew-snoer.jpg","contentUrl":"https:\/\/www.veltec.eu\/wp-content\/uploads\/2018\/10\/gew-snoer.jpg","width":500,"height":500},{"@type":"BreadcrumbList","@id":"https:\/\/www.veltec.eu\/nl\/product\/kirby-elektrasnoer-10m-generation\/#breadcrumb","itemListElement":[{"@type":"ListItem","position":1,"name":"Home","item":"https:\/\/www.veltec.eu\/de\/"},{"@type":"ListItem","position":2,"name":"Produits","item":"https:\/\/www.veltec.eu\/fr\/shop\/"},{"@type":"ListItem","position":3,"name":"Kirby Elektrokabel 10m Generation"}]},{"@type":"WebSite","@id":"https:\/\/www.veltec.eu\/en\/#website","url":"https:\/\/www.veltec.eu\/en\/","name":"Veltec Kirby specialist","description":"Kirby stofzuiger producten","publisher":{"@id":"https:\/\/www.veltec.eu\/en\/#organization"},"potentialAction":[{"@type":"SearchAction","target":{"@type":"EntryPoint","urlTemplate":"https:\/\/www.veltec.eu\/en\/?s={search_term_string}"},"query-input":{"@type":"PropertyValueSpecification","valueRequired":true,"valueName":"search_term_string"}}],"inLanguage":"de"},{"@type":"Organization","@id":"https:\/\/www.veltec.eu\/en\/#organization","name":"Veltec Kirby Specialist","url":"https:\/\/www.veltec.eu\/en\/","logo":{"@type":"ImageObject","inLanguage":"de","@id":"https:\/\/www.veltec.eu\/en\/#\/schema\/logo\/image\/","url":"https:\/\/www.veltec.eu\/wp-content\/uploads\/2021\/12\/Veltec-log-groot-e1537260889125.png","contentUrl":"https:\/\/www.veltec.eu\/wp-content\/uploads\/2021\/12\/Veltec-log-groot-e1537260889125.png","width":200,"height":60,"caption":"Veltec Kirby Specialist"},"image":{"@id":"https:\/\/www.veltec.eu\/en\/#\/schema\/logo\/image\/"},"sameAs":["https:\/\/www.facebook.com\/Veltec-Kirby-Specialist-236746293374877\/","https:\/\/www.youtube.com\/user\/VeltecService"]}]}},"_links":{"self":[{"href":"https:\/\/www.veltec.eu\/de\/wp-json\/wp\/v2\/product\/11001","targetHints":{"allow":["GET"]}}],"collection":[{"href":"https:\/\/www.veltec.eu\/de\/wp-json\/wp\/v2\/product"}],"about":[{"href":"https:\/\/www.veltec.eu\/de\/wp-json\/wp\/v2\/types\/product"}],"replies":[{"embeddable":true,"href":"https:\/\/www.veltec.eu\/de\/wp-json\/wp\/v2\/comments?post=11001"}],"wp:featuredmedia":[{"embeddable":true,"href":"https:\/\/www.veltec.eu\/de\/wp-json\/wp\/v2\/media\/31274"}],"wp:attachment":[{"href":"https:\/\/www.veltec.eu\/de\/wp-json\/wp\/v2\/media?parent=11001"}],"wp:term":[{"taxonomy":"product_brand","embeddable":true,"href":"https:\/\/www.veltec.eu\/de\/wp-json\/wp\/v2\/product_brand?post=11001"},{"taxonomy":"product_cat","embeddable":true,"href":"https:\/\/www.veltec.eu\/de\/wp-json\/wp\/v2\/product_cat?post=11001"},{"taxonomy":"product_tag","embeddable":true,"href":"https:\/\/www.veltec.eu\/de\/wp-json\/wp\/v2\/product_tag?post=11001"}],"curies":[{"name":"wp","href":"https:\/\/api.w.org\/{rel}","templated":true}]}}