{"id":10901,"date":"2018-10-22T13:46:26","date_gmt":"2018-10-22T11:46:26","guid":{"rendered":"https:\/\/www.veltec.eu\/kirby-webshop\/kirby-turboburste-nl3127\/"},"modified":"2025-11-24T12:39:20","modified_gmt":"2025-11-24T10:39:20","slug":"kirby-turboburste-nl3127","status":"publish","type":"product","link":"https:\/\/www.veltec.eu\/de\/product\/kirby-turboburste-nl3127\/","title":{"rendered":"Kirby Turbob\u00fcrste \u00fcberholt"},"content":{"rendered":"<h1>Kirby Turbob\u00fcrste \u00fcberholt: F\u00fcr die Tiefenreinigung von Polsterm\u00f6beln aus Stoff<\/h1>\n<h3>Was macht die Kirby Turbob\u00fcrste so einzigartig?<\/h3>\n<p>Die Kirby Turbob\u00fcrste \u00fcberholt ist eine ausgezeichnete Wahl f\u00fcr die Tiefenreinigung von Stoffpolstern wie St\u00fchlen, Sofas, Treppen und Autopolstern. Dank ihres eingebauten Rotors bietet diese Turbob\u00fcrste eine starke Leistung, die Schmutz und Staub tief aus den Fasern entfernt. Damit ist sie ideal f\u00fcr alle, die Wert auf ein sauberes und frisches Wohnumfeld legen.<\/p>\n<p>Diese \u00fcberholte B\u00fcrste wurde vollst\u00e4ndig gereinigt und restauriert, damit sie wie neu funktioniert. Dank der langlebigen und hochwertigen Konstruktion k\u00f6nnen Sie sicher sein, dass Sie ein Produkt erhalten, das lange h\u00e4lt, ohne Kompromisse bei der Leistung einzugehen.<\/p>\n<p><a href=\"https:\/\/www.veltec.eu\/de\/kirby-turbobuerste\/\">Nachfolgend finden Sie alle Ersatzteile f\u00fcr die Kirby Turbo B\u00fcrste<\/a><\/p>\n<p><strong>Diese Kirby Turbob\u00fcrste ist universell und f\u00fcr jeden Kirby Staubsauger geeignet;<\/strong><\/p>\n<ul>\n<li>Avalir Platinum<\/li>\n<li>Avalir 2<\/li>\n<li>Avalir 1<\/li>\n<li>Sentria 2 (G10D)<\/li>\n<li>Sentria 1 (G10)<\/li>\n<li>Ultimate G Diamond Ed.(G7D or DE)<\/li>\n<li>Ultimate G (G7 or UG)<\/li>\n<li>Generation 6 (G6)<\/li>\n<li>Generation 5 (G5)<\/li>\n<li>Generation 4 (G4)<\/li>\n<li>Generation 3 (G3)<\/li>\n<\/ul>\n<h3>Die wichtigsten Vorteile der Turbob\u00fcrste<\/h3>\n<p><strong>Tiefenreinigungseffekt<\/strong><br \/>\nDer Rotor in der B\u00fcrste sorgt f\u00fcr eine intensive Reinigung, auch von hartn\u00e4ckigem Schmutz. Ob Tierhaare oder hartn\u00e4ckiger Staub, diese Turbob\u00fcrste macht Ihre Polster wieder sauber und frisch.<br \/>\n<strong>Kompatibilit\u00e4t<\/strong><br \/>\nDie Kirby Turbob\u00fcrste funktioniert nicht nur mit Kirby Staubsaugern, sondern auch mit Staubsaugern anderer Marken, sofern diese einen ausreichenden Luftstrom erzeugen. Das macht sie zu einer vielseitigen Wahl f\u00fcr jeden Haushalt.<br \/>\n<strong>Umweltfreundlich wiederaufbereitet<\/strong><br \/>\nWenn Sie sich f\u00fcr eine wiederaufbereitete B\u00fcrste entscheiden, leisten Sie einen Beitrag zu einer nachhaltigeren Welt. Das Produkt wurde gr\u00fcndlich gereinigt, so dass es wie neu funktioniert, ohne dass neue Materialien verwendet werden m\u00fcssen.<\/p>\n<h3>Warnung: Verwenden Sie das Produkt sicher<\/h3>\n<p>Bei der Verwendung der Kirby Turbo-B\u00fcrste ist es wichtig, dass Sie vorsichtig mit Feuchtigkeit umgehen. Verwenden Sie diese B\u00fcrste niemals in Kombination mit dem Kirby Shampoo, da der Kirby Staubsauger nicht f\u00fcr den Nassgebrauch geeignet ist. Feuchtigkeit kann zu Schmutzablagerungen im Schlauch, in der Gebl\u00e4sekammer und im Staubsaugerbeutel f\u00fchren, was mit der Zeit Schimmel und Geruch verursacht.<\/p>\n<p>Wenn Sie diese Richtlinien befolgen, stellen Sie sicher, dass die Kirby Turbob\u00fcrste lange h\u00e4lt und ihre starke Leistung beibeh\u00e4lt.<\/p>\n<h3>Warum sollten Sie sich f\u00fcr eine wiederaufbereitete Kirby Turbob\u00fcrste \u00fcberholt entscheiden?<\/h3>\n<p>Mit der Kirby Turbob\u00fcrste Reconditioned erhalten Sie ein hochwertiges Produkt, das effizient, langlebig und vielseitig ist. Egal, ob Sie Haustiere haben oder einfach nur eine saubere Umgebung anstreben, diese B\u00fcrste ist ein unverzichtbarer Helfer in Ihrer Reinigungsroutine. Investieren Sie in Qualit\u00e4t und genie\u00dfen Sie ein frisches und komfortables Zuhause!<\/p>\n","protected":false},"excerpt":{"rendered":"<p>Kirby Turbob\u00fcrste \u00fcberholt mit Rotor f\u00fcr die Tiefenreinigung von kleinen Teppichen und Stoffbez\u00fcgen, beispielsweise bei St\u00fchlen, Sofas, Treppen und Autositzen.<\/p>\n[trustindex data-widget-id=31675542425128034566e10b5fb]\n<h3><span style=\"color: #008000;\"><br \/>\nVorr\u00e4tig<\/span><\/h3>\n[av_font_icon icon='ue812' font='entypo-fontello' style='' caption='' size='25px' position='left' color='#43ad66' link='' linktarget='' title_attr='' sonar_effect_effect='' sonar_effect_color='' sonar_effect_duration='1' sonar_effect_scale='' sonar_effect_opac='0.5' animation='' id='' custom_class='' template_class='' av_uid='' sc_version='1.0' admin_preview_bg=''][\/av_font_icon]\n<p><span style=\"color: #008000;\">Vor 23:59 uhr bestellt, morgen versendet<\/span><\/p>\n<p>&nbsp;<\/p>\n","protected":false},"featured_media":86456,"comment_status":"open","ping_status":"closed","template":"","meta":{"_acf_changed":false},"product_brand":[],"product_cat":[378],"product_tag":[],"class_list":{"0":"post-10901","1":"product","2":"type-product","3":"status-publish","4":"has-post-thumbnail","6":"product_cat-kirby-turboburste","7":"product_shipping_class-klein-de","9":"first","10":"instock","11":"sale","12":"taxable","13":"shipping-taxable","14":"purchasable","15":"product-type-simple"},"acf":[],"yoast_head":"<!-- This site is optimized with the Yoast SEO Premium plugin v27.1 (Yoast SEO v27.4) - https:\/\/yoast.com\/product\/yoast-seo-premium-wordpress\/ -->\n<title>Kirby Turbob\u00fcrste \u00fcberholt - Veltec Kirby specialist<\/title>\n<meta name=\"description\" content=\"Kirby Turbob\u00fcrste \u00fcberholt Veltec is al ruim 25 jaar leverancier van Kirby stofzuigers. En is uw vertrouwde Kirby service specialist.\" \/>\n<meta name=\"robots\" content=\"index, follow, max-snippet:-1, max-image-preview:large, max-video-preview:-1\" \/>\n<link rel=\"canonical\" href=\"https:\/\/www.veltec.eu\/de\/product\/kirby-turboburste-nl3127\/\" \/>\n<meta property=\"og:locale\" content=\"de_DE\" \/>\n<meta property=\"og:type\" content=\"article\" \/>\n<meta property=\"og:title\" content=\"Kirby Turbob\u00fcrste \u00fcberholt\" \/>\n<meta property=\"og:description\" content=\"Kirby Turbob\u00fcrste \u00fcberholt mit Rotor f\u00fcr die Tiefenreinigung von kleinen Teppichen und Stoffbez\u00fcgen, beispielsweise bei St\u00fchlen, Sofas, Treppen und Autositzen.    Vorr\u00e4tig   Vor 23:59 uhr bestellt, morgen versendet  &nbsp;\" \/>\n<meta property=\"og:url\" content=\"https:\/\/www.veltec.eu\/de\/product\/kirby-turboburste-nl3127\/\" \/>\n<meta property=\"og:site_name\" content=\"Veltec Kirby specialist\" \/>\n<meta property=\"article:publisher\" content=\"https:\/\/www.facebook.com\/Veltec-Kirby-Specialist-236746293374877\/\" \/>\n<meta property=\"article:modified_time\" content=\"2025-11-24T10:39:20+00:00\" \/>\n<meta property=\"og:image\" content=\"https:\/\/www.veltec.eu\/wp-content\/uploads\/2018\/10\/Kirby-turbobrush567.png\" \/>\n\t<meta property=\"og:image:width\" content=\"300\" \/>\n\t<meta property=\"og:image:height\" content=\"300\" \/>\n\t<meta property=\"og:image:type\" content=\"image\/png\" \/>\n<meta name=\"twitter:card\" content=\"summary_large_image\" \/>\n<meta name=\"twitter:label1\" content=\"Gesch\u00e4tzte Lesezeit\" \/>\n\t<meta name=\"twitter:data1\" content=\"3\u00a0Minuten\" \/>\n<script type=\"application\/ld+json\" class=\"yoast-schema-graph\">{\"@context\":\"https:\\\/\\\/schema.org\",\"@graph\":[{\"@type\":\"WebPage\",\"@id\":\"https:\\\/\\\/www.veltec.eu\\\/de\\\/product\\\/kirby-turboburste-nl3127\\\/\",\"url\":\"https:\\\/\\\/www.veltec.eu\\\/de\\\/product\\\/kirby-turboburste-nl3127\\\/\",\"name\":\"Kirby Turbob\u00fcrste \u00fcberholt - Veltec Kirby specialist\",\"isPartOf\":{\"@id\":\"https:\\\/\\\/www.veltec.eu\\\/en\\\/#website\"},\"primaryImageOfPage\":{\"@id\":\"https:\\\/\\\/www.veltec.eu\\\/de\\\/product\\\/kirby-turboburste-nl3127\\\/#primaryimage\"},\"image\":{\"@id\":\"https:\\\/\\\/www.veltec.eu\\\/de\\\/product\\\/kirby-turboburste-nl3127\\\/#primaryimage\"},\"thumbnailUrl\":\"https:\\\/\\\/www.veltec.eu\\\/wp-content\\\/uploads\\\/2018\\\/10\\\/Kirby-turbobrush567.png\",\"datePublished\":\"2018-10-22T11:46:26+00:00\",\"dateModified\":\"2025-11-24T10:39:20+00:00\",\"description\":\"Kirby Turbob\u00fcrste \u00fcberholt Veltec is al ruim 25 jaar leverancier van Kirby stofzuigers. En is uw vertrouwde Kirby service specialist.\",\"breadcrumb\":{\"@id\":\"https:\\\/\\\/www.veltec.eu\\\/de\\\/product\\\/kirby-turboburste-nl3127\\\/#breadcrumb\"},\"inLanguage\":\"de\",\"potentialAction\":[{\"@type\":\"ReadAction\",\"target\":[\"https:\\\/\\\/www.veltec.eu\\\/de\\\/product\\\/kirby-turboburste-nl3127\\\/\"]}]},{\"@type\":\"ImageObject\",\"inLanguage\":\"de\",\"@id\":\"https:\\\/\\\/www.veltec.eu\\\/de\\\/product\\\/kirby-turboburste-nl3127\\\/#primaryimage\",\"url\":\"https:\\\/\\\/www.veltec.eu\\\/wp-content\\\/uploads\\\/2018\\\/10\\\/Kirby-turbobrush567.png\",\"contentUrl\":\"https:\\\/\\\/www.veltec.eu\\\/wp-content\\\/uploads\\\/2018\\\/10\\\/Kirby-turbobrush567.png\",\"width\":300,\"height\":300},{\"@type\":\"BreadcrumbList\",\"@id\":\"https:\\\/\\\/www.veltec.eu\\\/de\\\/product\\\/kirby-turboburste-nl3127\\\/#breadcrumb\",\"itemListElement\":[{\"@type\":\"ListItem\",\"position\":1,\"name\":\"Home\",\"item\":\"https:\\\/\\\/www.veltec.eu\\\/de\\\/\"},{\"@type\":\"ListItem\",\"position\":2,\"name\":\"Kirby Laden\",\"item\":\"https:\\\/\\\/www.veltec.eu\\\/de\\\/kirby-laden\\\/\"},{\"@type\":\"ListItem\",\"position\":3,\"name\":\"Kirby Turbob\u00fcrste \u00fcberholt\"}]},{\"@type\":\"WebSite\",\"@id\":\"https:\\\/\\\/www.veltec.eu\\\/en\\\/#website\",\"url\":\"https:\\\/\\\/www.veltec.eu\\\/en\\\/\",\"name\":\"Veltec Kirby specialist\",\"description\":\"Kirby stofzuiger producten\",\"publisher\":{\"@id\":\"https:\\\/\\\/www.veltec.eu\\\/en\\\/#organization\"},\"potentialAction\":[{\"@type\":\"SearchAction\",\"target\":{\"@type\":\"EntryPoint\",\"urlTemplate\":\"https:\\\/\\\/www.veltec.eu\\\/en\\\/?s={search_term_string}\"},\"query-input\":{\"@type\":\"PropertyValueSpecification\",\"valueRequired\":true,\"valueName\":\"search_term_string\"}}],\"inLanguage\":\"de\"},{\"@type\":\"Organization\",\"@id\":\"https:\\\/\\\/www.veltec.eu\\\/en\\\/#organization\",\"name\":\"Veltec Kirby Specialist\",\"url\":\"https:\\\/\\\/www.veltec.eu\\\/en\\\/\",\"logo\":{\"@type\":\"ImageObject\",\"inLanguage\":\"de\",\"@id\":\"https:\\\/\\\/www.veltec.eu\\\/en\\\/#\\\/schema\\\/logo\\\/image\\\/\",\"url\":\"https:\\\/\\\/www.veltec.eu\\\/wp-content\\\/uploads\\\/2021\\\/12\\\/Veltec-log-groot-e1537260889125.png\",\"contentUrl\":\"https:\\\/\\\/www.veltec.eu\\\/wp-content\\\/uploads\\\/2021\\\/12\\\/Veltec-log-groot-e1537260889125.png\",\"width\":200,\"height\":60,\"caption\":\"Veltec Kirby Specialist\"},\"image\":{\"@id\":\"https:\\\/\\\/www.veltec.eu\\\/en\\\/#\\\/schema\\\/logo\\\/image\\\/\"},\"sameAs\":[\"https:\\\/\\\/www.facebook.com\\\/Veltec-Kirby-Specialist-236746293374877\\\/\",\"https:\\\/\\\/www.youtube.com\\\/user\\\/VeltecService\"]}]}<\/script>\n<!-- \/ Yoast SEO Premium plugin. -->","yoast_head_json":{"title":"Kirby Turbob\u00fcrste \u00fcberholt - Veltec Kirby specialist","description":"Kirby Turbob\u00fcrste \u00fcberholt Veltec is al ruim 25 jaar leverancier van Kirby stofzuigers. En is uw vertrouwde Kirby service specialist.","robots":{"index":"index","follow":"follow","max-snippet":"max-snippet:-1","max-image-preview":"max-image-preview:large","max-video-preview":"max-video-preview:-1"},"canonical":"https:\/\/www.veltec.eu\/de\/product\/kirby-turboburste-nl3127\/","og_locale":"de_DE","og_type":"article","og_title":"Kirby Turbob\u00fcrste \u00fcberholt","og_description":"Kirby Turbob\u00fcrste \u00fcberholt mit Rotor f\u00fcr die Tiefenreinigung von kleinen Teppichen und Stoffbez\u00fcgen, beispielsweise bei St\u00fchlen, Sofas, Treppen und Autositzen.    Vorr\u00e4tig   Vor 23:59 uhr bestellt, morgen versendet  &nbsp;","og_url":"https:\/\/www.veltec.eu\/de\/product\/kirby-turboburste-nl3127\/","og_site_name":"Veltec Kirby specialist","article_publisher":"https:\/\/www.facebook.com\/Veltec-Kirby-Specialist-236746293374877\/","article_modified_time":"2025-11-24T10:39:20+00:00","og_image":[{"width":300,"height":300,"url":"https:\/\/www.veltec.eu\/wp-content\/uploads\/2018\/10\/Kirby-turbobrush567.png","type":"image\/png"}],"twitter_card":"summary_large_image","twitter_misc":{"Gesch\u00e4tzte Lesezeit":"3\u00a0Minuten"},"schema":{"@context":"https:\/\/schema.org","@graph":[{"@type":"WebPage","@id":"https:\/\/www.veltec.eu\/de\/product\/kirby-turboburste-nl3127\/","url":"https:\/\/www.veltec.eu\/de\/product\/kirby-turboburste-nl3127\/","name":"Kirby Turbob\u00fcrste \u00fcberholt - Veltec Kirby specialist","isPartOf":{"@id":"https:\/\/www.veltec.eu\/en\/#website"},"primaryImageOfPage":{"@id":"https:\/\/www.veltec.eu\/de\/product\/kirby-turboburste-nl3127\/#primaryimage"},"image":{"@id":"https:\/\/www.veltec.eu\/de\/product\/kirby-turboburste-nl3127\/#primaryimage"},"thumbnailUrl":"https:\/\/www.veltec.eu\/wp-content\/uploads\/2018\/10\/Kirby-turbobrush567.png","datePublished":"2018-10-22T11:46:26+00:00","dateModified":"2025-11-24T10:39:20+00:00","description":"Kirby Turbob\u00fcrste \u00fcberholt Veltec is al ruim 25 jaar leverancier van Kirby stofzuigers. En is uw vertrouwde Kirby service specialist.","breadcrumb":{"@id":"https:\/\/www.veltec.eu\/de\/product\/kirby-turboburste-nl3127\/#breadcrumb"},"inLanguage":"de","potentialAction":[{"@type":"ReadAction","target":["https:\/\/www.veltec.eu\/de\/product\/kirby-turboburste-nl3127\/"]}]},{"@type":"ImageObject","inLanguage":"de","@id":"https:\/\/www.veltec.eu\/de\/product\/kirby-turboburste-nl3127\/#primaryimage","url":"https:\/\/www.veltec.eu\/wp-content\/uploads\/2018\/10\/Kirby-turbobrush567.png","contentUrl":"https:\/\/www.veltec.eu\/wp-content\/uploads\/2018\/10\/Kirby-turbobrush567.png","width":300,"height":300},{"@type":"BreadcrumbList","@id":"https:\/\/www.veltec.eu\/de\/product\/kirby-turboburste-nl3127\/#breadcrumb","itemListElement":[{"@type":"ListItem","position":1,"name":"Home","item":"https:\/\/www.veltec.eu\/de\/"},{"@type":"ListItem","position":2,"name":"Kirby Laden","item":"https:\/\/www.veltec.eu\/de\/kirby-laden\/"},{"@type":"ListItem","position":3,"name":"Kirby Turbob\u00fcrste \u00fcberholt"}]},{"@type":"WebSite","@id":"https:\/\/www.veltec.eu\/en\/#website","url":"https:\/\/www.veltec.eu\/en\/","name":"Veltec Kirby specialist","description":"Kirby stofzuiger producten","publisher":{"@id":"https:\/\/www.veltec.eu\/en\/#organization"},"potentialAction":[{"@type":"SearchAction","target":{"@type":"EntryPoint","urlTemplate":"https:\/\/www.veltec.eu\/en\/?s={search_term_string}"},"query-input":{"@type":"PropertyValueSpecification","valueRequired":true,"valueName":"search_term_string"}}],"inLanguage":"de"},{"@type":"Organization","@id":"https:\/\/www.veltec.eu\/en\/#organization","name":"Veltec Kirby Specialist","url":"https:\/\/www.veltec.eu\/en\/","logo":{"@type":"ImageObject","inLanguage":"de","@id":"https:\/\/www.veltec.eu\/en\/#\/schema\/logo\/image\/","url":"https:\/\/www.veltec.eu\/wp-content\/uploads\/2021\/12\/Veltec-log-groot-e1537260889125.png","contentUrl":"https:\/\/www.veltec.eu\/wp-content\/uploads\/2021\/12\/Veltec-log-groot-e1537260889125.png","width":200,"height":60,"caption":"Veltec Kirby Specialist"},"image":{"@id":"https:\/\/www.veltec.eu\/en\/#\/schema\/logo\/image\/"},"sameAs":["https:\/\/www.facebook.com\/Veltec-Kirby-Specialist-236746293374877\/","https:\/\/www.youtube.com\/user\/VeltecService"]}]}},"_links":{"self":[{"href":"https:\/\/www.veltec.eu\/de\/wp-json\/wp\/v2\/product\/10901","targetHints":{"allow":["GET"]}}],"collection":[{"href":"https:\/\/www.veltec.eu\/de\/wp-json\/wp\/v2\/product"}],"about":[{"href":"https:\/\/www.veltec.eu\/de\/wp-json\/wp\/v2\/types\/product"}],"replies":[{"embeddable":true,"href":"https:\/\/www.veltec.eu\/de\/wp-json\/wp\/v2\/comments?post=10901"}],"wp:featuredmedia":[{"embeddable":true,"href":"https:\/\/www.veltec.eu\/de\/wp-json\/wp\/v2\/media\/86456"}],"wp:attachment":[{"href":"https:\/\/www.veltec.eu\/de\/wp-json\/wp\/v2\/media?parent=10901"}],"wp:term":[{"taxonomy":"product_brand","embeddable":true,"href":"https:\/\/www.veltec.eu\/de\/wp-json\/wp\/v2\/product_brand?post=10901"},{"taxonomy":"product_cat","embeddable":true,"href":"https:\/\/www.veltec.eu\/de\/wp-json\/wp\/v2\/product_cat?post=10901"},{"taxonomy":"product_tag","embeddable":true,"href":"https:\/\/www.veltec.eu\/de\/wp-json\/wp\/v2\/product_tag?post=10901"}],"curies":[{"name":"wp","href":"https:\/\/api.w.org\/{rel}","templated":true}]}}